{"id":4349,"date":"2020-09-14T15:08:14","date_gmt":"2020-09-14T07:08:14","guid":{"rendered":"http:\/\/miisoo.com\/?page_id=4349"},"modified":"2023-12-22T20:05:14","modified_gmt":"2023-12-22T12:05:14","slug":"shipping-guide","status":"publish","type":"page","link":"https:\/\/www.miisoo.com\/lv\/shipping-guide\/","title":{"rendered":"Pieg\u0101des rokasgr\u0101mata"},"content":{"rendered":"<div data-elementor-type=\"wp-post\" data-elementor-id=\"4349\" class=\"elementor elementor-4349\" data-elementor-post-type=\"page\">\n\t\t\t\t\t\t<section class=\"elementor-section elementor-top-section elementor-element elementor-element-499101e2 elementor-section-full_width elementor-section-stretched elementor-section-height-default elementor-section-height-default\" data-id=\"499101e2\" data-element_type=\"section\" data-settings=\"{&quot;stretch_section&quot;:&quot;section-stretched&quot;}\">\n\t\t\t\t\t\t<div class=\"elementor-container elementor-column-gap-no\">\n\t\t\t\t\t<div class=\"elementor-column elementor-col-100 elementor-top-column elementor-element elementor-element-3ca9cf60\" data-id=\"3ca9cf60\" data-element_type=\"column\">\n\t\t\t<div class=\"elementor-widget-wrap elementor-element-populated\">\n\t\t\t\t\t\t<div class=\"elementor-element elementor-element-54251667 elementor-widget elementor-widget-image\" data-id=\"54251667\" data-element_type=\"widget\" data-widget_type=\"image.default\">\n\t\t\t\t<div class=\"elementor-widget-container\">\n\t\t\t\t\t\t\t\t\t\t\t\t\t\t\t<img fetchpriority=\"high\" decoding=\"async\" width=\"1536\" height=\"480\" src=\"https:\/\/www.miisoo.com\/wp-content\/uploads\/2020\/12\/banner-sex-doll-1.jpg\" class=\"attachment-full size-full wp-image-7398\" alt=\"\" srcset=\"https:\/\/www.miisoo.com\/wp-content\/uploads\/2020\/12\/banner-sex-doll-1.jpg 1536w, https:\/\/www.miisoo.com\/wp-content\/uploads\/2020\/12\/banner-sex-doll-1-300x94.jpg 300w, https:\/\/www.miisoo.com\/wp-content\/uploads\/2020\/12\/banner-sex-doll-1-1024x320.jpg 1024w, https:\/\/www.miisoo.com\/wp-content\/uploads\/2020\/12\/banner-sex-doll-1-768x240.jpg 768w, https:\/\/www.miisoo.com\/wp-content\/uploads\/2020\/12\/banner-sex-doll-1-370x116.jpg 370w, https:\/\/www.miisoo.com\/wp-content\/uploads\/2020\/12\/banner-sex-doll-1-600x188.jpg 600w\" sizes=\"(max-width: 1536px) 100vw, 1536px\" \/>\t\t\t\t\t\t\t\t\t\t\t\t\t\t\t<\/div>\n\t\t\t\t<\/div>\n\t\t\t\t<div class=\"elementor-element elementor-element-a61e060 elementor-widget elementor-widget-spacer\" data-id=\"a61e060\" data-element_type=\"widget\" data-widget_type=\"spacer.default\">\n\t\t\t\t<div class=\"elementor-widget-container\">\n\t\t\t\t\t\t\t<div class=\"elementor-spacer\">\n\t\t\t<div class=\"elementor-spacer-inner\"><\/div>\n\t\t<\/div>\n\t\t\t\t\t\t<\/div>\n\t\t\t\t<\/div>\n\t\t\t\t\t<\/div>\n\t\t<\/div>\n\t\t\t\t\t<\/div>\n\t\t<\/section>\n\t\t\t\t<section class=\"elementor-section elementor-top-section elementor-element elementor-element-3ff6745a elementor-section-boxed elementor-section-height-default elementor-section-height-default\" data-id=\"3ff6745a\" data-element_type=\"section\">\n\t\t\t\t\t\t<div class=\"elementor-container elementor-column-gap-extended\">\n\t\t\t\t\t<div class=\"elementor-column elementor-col-33 elementor-top-column elementor-element elementor-element-5847672a\" data-id=\"5847672a\" data-element_type=\"column\">\n\t\t\t<div class=\"elementor-widget-wrap\">\n\t\t\t\t\t\t\t<\/div>\n\t\t<\/div>\n\t\t\t\t<div class=\"elementor-column elementor-col-33 elementor-top-column elementor-element elementor-element-31cd9c6a\" data-id=\"31cd9c6a\" data-element_type=\"column\">\n\t\t\t<div class=\"elementor-widget-wrap elementor-element-populated\">\n\t\t\t\t\t\t<div class=\"elementor-element elementor-element-4596bb93 elementor-widget elementor-widget-heading\" data-id=\"4596bb93\" data-element_type=\"widget\" data-widget_type=\"heading.default\">\n\t\t\t\t<div class=\"elementor-widget-container\">\n\t\t\t\t\t<h1 class=\"elementor-heading-title elementor-size-default\">Pieg\u0101des rokasgr\u0101mata<\/h1>\t\t\t\t<\/div>\n\t\t\t\t<\/div>\n\t\t\t\t<div class=\"elementor-element elementor-element-24950485 elementor-widget elementor-widget-spacer\" data-id=\"24950485\" data-element_type=\"widget\" data-widget_type=\"spacer.default\">\n\t\t\t\t<div class=\"elementor-widget-container\">\n\t\t\t\t\t\t\t<div class=\"elementor-spacer\">\n\t\t\t<div class=\"elementor-spacer-inner\"><\/div>\n\t\t<\/div>\n\t\t\t\t\t\t<\/div>\n\t\t\t\t<\/div>\n\t\t\t\t<div class=\"elementor-element elementor-element-d352fa4 elementor-widget elementor-widget-text-editor\" data-id=\"d352fa4\" data-element_type=\"widget\" data-widget_type=\"text-editor.default\">\n\t\t\t\t<div class=\"elementor-widget-container\">\n\t\t\t\t\t\t\t\t\t<p><strong>Pieg\u0101des laiks<\/strong><\/p>\n<p>M\u0113s pieg\u0101d\u0101sim j\u016bsu lelli l\u012bdz j\u016bsu durv\u012bm 5-12 darba dienu laik\u0101:<\/p>\n<p>\u2013 Ra\u017eo\u0161ana pras\u012bs 1\u20133 darba dienas<\/p>\n<p>- Pieg\u0101de pras\u012bs 5-12 dienas (atkar\u012bb\u0101 no j\u016bsu atra\u0161an\u0101s vietas)<\/p>\n<p>Piez\u012bme: da\u017e\u0101m lell\u0113m var paiet l\u012bdz 3 ned\u0113\u013c\u0101m (2 ned\u0113\u013cas ra\u017eo\u0161anas laiks un 5-12 dienas pieg\u0101dei). Lai ieg\u016btu vair\u0101k inform\u0101cijas, l\u016bdzu, sazinieties ar mums pa e-pastu uz service@miisoo.com<\/p>\n<p>Tikl\u012bdz prece b\u016bs gatava nos\u016bt\u012b\u0161anai, tiks nodro\u0161in\u0101ts izseko\u0161anas numurs. J\u016bs var\u0113siet izsekot savam produktam katr\u0101 tranz\u012bta posm\u0101.<\/p>\t\t\t\t\t\t\t\t<\/div>\n\t\t\t\t<\/div>\n\t\t\t\t<div class=\"elementor-element elementor-element-70a5110 elementor-widget elementor-widget-text-editor\" data-id=\"70a5110\" data-element_type=\"widget\" data-widget_type=\"text-editor.default\">\n\t\t\t\t<div class=\"elementor-widget-container\">\n\t\t\t\t\t\t\t\t\t<p><strong>pieg\u0101des metode<\/strong><\/p><p>M\u0113s nos\u016bt\u012bsim jums izseko\u0161anas numuru uz j\u016bsu e-pasta kast\u012bti, kad j\u016bsu lelle tiks nos\u016bt\u012bta, un m\u0113s izmantojam FedEx\/UPS un DHL, lai pa\u0101trin\u0101tu pieg\u0101di un garant\u0113tu dro\u0161u pieg\u0101di. Uz kastes nav eti\u0137etes, kas var\u0113tu atkl\u0101t saturu, un, ja v\u0113laties, m\u0113s varam nos\u016bt\u012bt uz FedEx\/UPS veikalu, nevis j\u016bsu adresi, lai j\u016bs var\u0113tu pa\u0146emt savu m\u012blas lelli jums \u0113rt\u0101 laik\u0101.<\/p>\t\t\t\t\t\t\t\t<\/div>\n\t\t\t\t<\/div>\n\t\t\t\t<div class=\"elementor-element elementor-element-7539c4d elementor-widget elementor-widget-text-editor\" data-id=\"7539c4d\" data-element_type=\"widget\" data-widget_type=\"text-editor.default\">\n\t\t\t\t<div class=\"elementor-widget-container\">\n\t\t\t\t\t\t\t\t\t<p>T\u0101 k\u0101 seksa le\u013c\u013cu izstr\u0101d\u0101jumi ir \u012bpa\u0161i un ietver sare\u017e\u0123\u012btas darba proced\u016bras, un lelles izgatavo\u0161ana prasa 2-3 darba dienas. Jums tiks pazi\u0146ots, kad j\u016bsu paka tiks nos\u016bt\u012bta.<\/p><p>Seksa lelles tiks nos\u016bt\u012btas diskr\u0113t\u0101 un neskart\u0101 iepakojum\u0101 (nav eti\u0137e\u0161u, mar\u0137\u0113jumu vai logotipu) un garant\u0113ta produkta kvalit\u0101te, l\u016bdzu, neuztraucieties.<\/p>\t\t\t\t\t\t\t\t<\/div>\n\t\t\t\t<\/div>\n\t\t\t\t<div class=\"elementor-element elementor-element-0708a5d elementor-widget elementor-widget-text-editor\" data-id=\"0708a5d\" data-element_type=\"widget\" data-widget_type=\"text-editor.default\">\n\t\t\t\t<div class=\"elementor-widget-container\">\n\t\t\t\t\t\t\t\t\t<p><strong>Kur miisoo.com pieg\u0101d\u0101<\/strong><\/p><p><strong>Visas seksa lelles FedEx\/UPS\/DHL pieg\u0101d\u0101 BEZMAKSAS. Bezmaksas pieg\u0101de vis\u0101 pasaul\u0113!<\/strong><\/p>\t\t\t\t\t\t\t\t<\/div>\n\t\t\t\t<\/div>\n\t\t\t\t<div class=\"elementor-element elementor-element-ae7dca5 elementor-widget elementor-widget-text-editor\" data-id=\"ae7dca5\" data-element_type=\"widget\" data-widget_type=\"text-editor.default\">\n\t\t\t\t<div class=\"elementor-widget-container\">\n\t\t\t\t\t\t\t\t\t<p><strong>Muitas nodevas un nodok\u013ci<\/strong><\/p><p>Da\u017e\u0101m valst\u012bm, \u012bpa\u0161i ASV, Eirop\u0101, m\u0113s pied\u0101v\u0101jam PVN un importa nodok\u013cu priek\u0161apmaksas pakalpojumu, t\u0101p\u0113c jums nav j\u0101risina muitas jaut\u0101jumi. T\u0101das valstis k\u0101 Kan\u0101da, Jap\u0101na vai Austr\u0101lija, Jaunz\u0113lande var tikt piepras\u012bti importa nodok\u013ci pieg\u0101des laik\u0101, un parasti ir j\u0101iesniedz maks\u0101juma apliecin\u0101jums vai r\u0113\u0137ins. Varat iesniegt apstiprin\u0101juma e-pastu vai Paypal r\u0113\u0137inu vai sazin\u0101ties ar mums, un m\u0113s jums pal\u012bdz\u0113sim.<\/p>\t\t\t\t\t\t\t\t<\/div>\n\t\t\t\t<\/div>\n\t\t\t\t<div class=\"elementor-element elementor-element-763e8ff elementor-widget elementor-widget-text-editor\" data-id=\"763e8ff\" data-element_type=\"widget\" data-widget_type=\"text-editor.default\">\n\t\t\t\t<div class=\"elementor-widget-container\">\n\t\t\t\t\t\t\t\t\t<p><strong>Ko dar\u012bt, ja esat \u0101rpus m\u0101jas, kad tiek sa\u0146emts pas\u016bt\u012bjums?<\/strong><\/p><p>Ja paci\u0146as pieg\u0101des br\u012bd\u012b esat \u0101rpus m\u0101jas, j\u016bsu pasta persona vai kurjers atst\u0101s karti, iepl\u0101nojot v\u0113l vienu pieg\u0101des m\u0113\u0123in\u0101jumu vai nor\u0101dot, kur iz\u0146emt savu diskr\u0113ti iesai\u0146oto pas\u016bt\u012bjumu.<\/p><p>Ja j\u016bsu s\u016bt\u012bjums tiek nog\u0101d\u0101ts tuv\u0101kaj\u0101 kurjera dienesta viet\u0101, varat to iz\u0146emt vai vienoties par atk\u0101rtotu pieg\u0101di.<\/p>\t\t\t\t\t\t\t\t<\/div>\n\t\t\t\t<\/div>\n\t\t\t\t<div class=\"elementor-element elementor-element-0950927 elementor-widget elementor-widget-text-editor\" data-id=\"0950927\" data-element_type=\"widget\" data-widget_type=\"text-editor.default\">\n\t\t\t\t<div class=\"elementor-widget-container\">\n\t\t\t\t\t\t\t\t\t<p><strong>Ko dar\u012bt, ja pas\u016bt\u012bjums netiek sa\u0146emts paredz\u0113taj\u0101 laik\u0101?<\/strong><\/p><p>Saska\u0146\u0101 ar m\u016bsu ilggad\u0113jo p\u0101rdo\u0161anas pieredzi, ja paka ir neparasti p\u0101rs\u016bt\u012bta un pieg\u0101des laiks p\u0101rsniedz 12 darba dienas (iz\u0146emot muito\u0161anas laiku), l\u016bdzu, sazinieties ar mums, lai noskaidrotu situ\u0101ciju<\/p>\t\t\t\t\t\t\t\t<\/div>\n\t\t\t\t<\/div>\n\t\t\t\t<div class=\"elementor-element elementor-element-2abe7c0 elementor-widget elementor-widget-text-editor\" data-id=\"2abe7c0\" data-element_type=\"widget\" data-widget_type=\"text-editor.default\">\n\t\t\t\t<div class=\"elementor-widget-container\">\n\t\t\t\t\t\t\t\t\t<p><strong>Izsekojiet savam pas\u016bt\u012bjumam \u0161\u0101di:<\/strong><\/p><p>FedEx: <a href=\"https:\/\/www.fedex.com\/\" target=\"_blank\" rel=\"nofollow noopener\">http:\/\/www.fedex.com<\/a><\/p><p>UPS: <a href=\"http:\/\/www.ups.com\/\" target=\"_blank\" rel=\"nofollow noopener\">http:\/\/www.ups.com<\/a><\/p><p>DHL: <a href=\"http:\/\/www.dhl.com\/\" target=\"_blank\" rel=\"nofollow noopener\">http:\/\/www.dhl.com<\/a><\/p><p>T\u0101 k\u0101 m\u016bsu m\u0113r\u0137is ir nodro\u0161in\u0101t visefekt\u012bv\u0101ko risin\u0101jumu, ja jums ir k\u0101das probl\u0113mas, l\u016bdzu, rakstiet mums uz service@miisoo.com<\/p>\t\t\t\t\t\t\t\t<\/div>\n\t\t\t\t<\/div>\n\t\t\t\t<div class=\"elementor-element elementor-element-5873c051 elementor-widget elementor-widget-spacer\" data-id=\"5873c051\" data-element_type=\"widget\" data-widget_type=\"spacer.default\">\n\t\t\t\t<div class=\"elementor-widget-container\">\n\t\t\t\t\t\t\t<div class=\"elementor-spacer\">\n\t\t\t<div class=\"elementor-spacer-inner\"><\/div>\n\t\t<\/div>\n\t\t\t\t\t\t<\/div>\n\t\t\t\t<\/div>\n\t\t\t\t\t<\/div>\n\t\t<\/div>\n\t\t\t\t<div class=\"elementor-column elementor-col-33 elementor-top-column elementor-element elementor-element-5e91253d\" data-id=\"5e91253d\" data-element_type=\"column\">\n\t\t\t<div class=\"elementor-widget-wrap\">\n\t\t\t\t\t\t\t<\/div>\n\t\t<\/div>\n\t\t\t\t\t<\/div>\n\t\t<\/section>\n\t\t\t\t<section class=\"elementor-section elementor-top-section elementor-element elementor-element-16c58fea elementor-section-boxed elementor-section-height-default elementor-section-height-default\" data-id=\"16c58fea\" data-element_type=\"section\">\n\t\t\t\t\t\t<div class=\"elementor-container elementor-column-gap-default\">\n\t\t\t\t\t<div class=\"elementor-column elementor-col-100 elementor-top-column elementor-element elementor-element-74ba8617\" data-id=\"74ba8617\" data-element_type=\"column\">\n\t\t\t<div class=\"elementor-widget-wrap elementor-element-populated\">\n\t\t\t\t\t\t<div class=\"elementor-element elementor-element-312fc24e elementor-widget elementor-widget-spacer\" data-id=\"312fc24e\" data-element_type=\"widget\" data-widget_type=\"spacer.default\">\n\t\t\t\t<div class=\"elementor-widget-container\">\n\t\t\t\t\t\t\t<div class=\"elementor-spacer\">\n\t\t\t<div class=\"elementor-spacer-inner\"><\/div>\n\t\t<\/div>\n\t\t\t\t\t\t<\/div>\n\t\t\t\t<\/div>\n\t\t\t\t\t<\/div>\n\t\t<\/div>\n\t\t\t\t\t<\/div>\n\t\t<\/section>\n\t\t\t\t<\/div>","protected":false},"excerpt":{"rendered":"<p>Shipping Guide Shipping Time Frame We will deliver your doll to your doorstep within 5-12 business days: &#8211;&nbsp; &nbsp;Manufacturing will take 1~3 business days &#8211;&nbsp; &nbsp;Shipping will take 5-12 days (depending on your location) Note: Some dolls may take up to 3 weeks (2 weeks manufacturing time and 5-12 days for shipping). For more information,&hellip;<\/p>","protected":false},"author":455,"featured_media":0,"parent":0,"menu_order":0,"comment_status":"closed","ping_status":"closed","template":"template-full-width.php","meta":{"footnotes":""},"class_list":["post-4349","page","type-page","status-publish","hentry"],"yoast_head":"<!-- This site is optimized with the Yoast SEO Premium plugin v22.6 (Yoast SEO v22.9) - https:\/\/yoast.com\/wordpress\/plugins\/seo\/ -->\n<title>MiisooDoll Shipping Guide | Seamless Delivery | MiisooDoll<\/title>\n<meta name=\"description\" content=\"Navigate hassle-free with MiisooDoll&#039;s Shipping Guide. Enjoy seamless delivery, ensuring your satisfaction. Shop confidently with MiisooDoll today!\" \/>\n<meta name=\"robots\" content=\"index, follow, max-snippet:-1, max-image-preview:large, max-video-preview:-1\" \/>\n<link rel=\"canonical\" href=\"https:\/\/www.miisoo.com\/lv\/shipping-guide\/\" \/>\n<meta property=\"og:locale\" content=\"lv_LV\" \/>\n<meta property=\"og:type\" content=\"article\" \/>\n<meta property=\"og:title\" content=\"Shipping Guide\" \/>\n<meta property=\"og:description\" content=\"Navigate hassle-free with MiisooDoll&#039;s Shipping Guide. Enjoy seamless delivery, ensuring your satisfaction. Shop confidently with MiisooDoll today!\" \/>\n<meta property=\"og:url\" content=\"https:\/\/www.miisoo.com\/lv\/shipping-guide\/\" \/>\n<meta property=\"og:site_name\" content=\"MiisooDoll\" \/>\n<meta property=\"article:publisher\" content=\"https:\/\/www.facebook.com\/miisoodoll\" \/>\n<meta property=\"article:modified_time\" content=\"2023-12-22T12:05:14+00:00\" \/>\n<meta property=\"og:image\" content=\"https:\/\/www.miisoo.com\/wp-content\/uploads\/2020\/12\/banner-sex-doll-1.jpg\" \/>\n<meta name=\"twitter:card\" content=\"summary_large_image\" \/>\n<meta name=\"twitter:site\" content=\"@MiisooSexDolls\" \/>\n<meta name=\"twitter:label1\" content=\"Est. reading time\" \/>\n\t<meta name=\"twitter:data1\" content=\"3 min\u016btes\" \/>\n<!-- \/ Yoast SEO Premium plugin. -->","yoast_head_json":{"title":"MiisooDoll Shipping Guide | Seamless Delivery | MiisooDoll","description":"Navigate hassle-free with MiisooDoll's Shipping Guide. Enjoy seamless delivery, ensuring your satisfaction. Shop confidently with MiisooDoll today!","robots":{"index":"index","follow":"follow","max-snippet":"max-snippet:-1","max-image-preview":"max-image-preview:large","max-video-preview":"max-video-preview:-1"},"canonical":"https:\/\/www.miisoo.com\/lv\/shipping-guide\/","og_locale":"lv_LV","og_type":"article","og_title":"Shipping Guide","og_description":"Navigate hassle-free with MiisooDoll's Shipping Guide. Enjoy seamless delivery, ensuring your satisfaction. Shop confidently with MiisooDoll today!","og_url":"https:\/\/www.miisoo.com\/lv\/shipping-guide\/","og_site_name":"MiisooDoll","article_publisher":"https:\/\/www.facebook.com\/miisoodoll","article_modified_time":"2023-12-22T12:05:14+00:00","og_image":[{"url":"https:\/\/www.miisoo.com\/wp-content\/uploads\/2020\/12\/banner-sex-doll-1.jpg"}],"twitter_card":"summary_large_image","twitter_site":"@MiisooSexDolls","twitter_misc":{"Est. reading time":"3 min\u016btes"},"schema":{"@context":"https:\/\/schema.org","@graph":[{"@type":"WebPage","@id":"https:\/\/www.miisoo.com\/shipping-guide\/","url":"https:\/\/www.miisoo.com\/shipping-guide\/","name":"MiisooDoll Shipping Guide | Seamless Delivery | MiisooDoll","isPartOf":{"@id":"https:\/\/www.miisoo.com\/#website"},"primaryImageOfPage":{"@id":"https:\/\/www.miisoo.com\/shipping-guide\/#primaryimage"},"image":{"@id":"https:\/\/www.miisoo.com\/shipping-guide\/#primaryimage"},"thumbnailUrl":"https:\/\/www.miisoo.com\/wp-content\/uploads\/2020\/12\/banner-sex-doll-1.jpg","datePublished":"2020-09-14T07:08:14+00:00","dateModified":"2023-12-22T12:05:14+00:00","description":"Navigate hassle-free with MiisooDoll's Shipping Guide. Enjoy seamless delivery, ensuring your satisfaction. Shop confidently with MiisooDoll today!","breadcrumb":{"@id":"https:\/\/www.miisoo.com\/shipping-guide\/#breadcrumb"},"inLanguage":"lv-LV","potentialAction":[{"@type":"ReadAction","target":["https:\/\/www.miisoo.com\/shipping-guide\/"]}]},{"@type":"ImageObject","inLanguage":"lv-LV","@id":"https:\/\/www.miisoo.com\/shipping-guide\/#primaryimage","url":"https:\/\/www.miisoo.com\/wp-content\/uploads\/2020\/12\/banner-sex-doll-1.jpg","contentUrl":"https:\/\/www.miisoo.com\/wp-content\/uploads\/2020\/12\/banner-sex-doll-1.jpg"},{"@type":"BreadcrumbList","@id":"https:\/\/www.miisoo.com\/shipping-guide\/#breadcrumb","itemListElement":[{"@type":"ListItem","position":1,"name":"Home","item":"https:\/\/www.miisoo.com\/"},{"@type":"ListItem","position":2,"name":"Shipping Guide"}]},{"@type":"WebSite","@id":"https:\/\/www.miisoo.com\/#website","url":"https:\/\/www.miisoo.com\/","name":"MiisooDoll","description":"Sexual Doll, Real Sex Dolls, Love Doll, Best Sex Dolls","publisher":{"@id":"https:\/\/www.miisoo.com\/#organization"},"potentialAction":[{"@type":"SearchAction","target":{"@type":"EntryPoint","urlTemplate":"https:\/\/www.miisoo.com\/?s={search_term_string}"},"query-input":"required name=search_term_string"}],"inLanguage":"lv-LV"},{"@type":"Organization","@id":"https:\/\/www.miisoo.com\/#organization","name":"MiisooDoll","url":"https:\/\/www.miisoo.com\/","logo":{"@type":"ImageObject","inLanguage":"lv-LV","@id":"https:\/\/www.miisoo.com\/#\/schema\/logo\/image\/","url":"https:\/\/www.miisoo.com\/wp-content\/uploads\/2020\/09\/logo-botton.png","contentUrl":"https:\/\/www.miisoo.com\/wp-content\/uploads\/2020\/09\/logo-botton.png","width":181,"height":42,"caption":"MiisooDoll"},"image":{"@id":"https:\/\/www.miisoo.com\/#\/schema\/logo\/image\/"},"sameAs":["https:\/\/www.facebook.com\/miisoodoll","https:\/\/x.com\/MiisooSexDolls"]}]}},"_links":{"self":[{"href":"https:\/\/www.miisoo.com\/lv\/wp-json\/wp\/v2\/pages\/4349","targetHints":{"allow":["GET"]}}],"collection":[{"href":"https:\/\/www.miisoo.com\/lv\/wp-json\/wp\/v2\/pages"}],"about":[{"href":"https:\/\/www.miisoo.com\/lv\/wp-json\/wp\/v2\/types\/page"}],"author":[{"embeddable":true,"href":"https:\/\/www.miisoo.com\/lv\/wp-json\/wp\/v2\/users\/455"}],"replies":[{"embeddable":true,"href":"https:\/\/www.miisoo.com\/lv\/wp-json\/wp\/v2\/comments?post=4349"}],"version-history":[{"count":1,"href":"https:\/\/www.miisoo.com\/lv\/wp-json\/wp\/v2\/pages\/4349\/revisions"}],"predecessor-version":[{"id":34669,"href":"https:\/\/www.miisoo.com\/lv\/wp-json\/wp\/v2\/pages\/4349\/revisions\/34669"}],"wp:attachment":[{"href":"https:\/\/www.miisoo.com\/lv\/wp-json\/wp\/v2\/media?parent=4349"}],"curies":[{"name":"wp","href":"https:\/\/api.w.org\/{rel}","templated":true}]}}