{"id":21906,"date":"2022-01-25T17:17:49","date_gmt":"2022-01-25T09:17:49","guid":{"rendered":"https:\/\/www.miisoo.com\/?page_id=21906"},"modified":"2024-08-17T12:51:08","modified_gmt":"2024-08-17T04:51:08","slug":"more-sex-sites","status":"publish","type":"page","link":"https:\/\/www.miisoo.com\/lv\/more-sex-sites\/","title":{"rendered":"Vair\u0101k seksa viet\u0146u"},"content":{"rendered":"<div data-elementor-type=\"page\" data-elementor-id=\"21903\" class=\"elementor elementor-21903\" data-elementor-post-type=\"elementor_library\">\n\t\t\t\t\t\t<section class=\"elementor-section elementor-top-section elementor-element elementor-element-50a3008b elementor-section-boxed elementor-section-height-default elementor-section-height-default\" data-id=\"50a3008b\" data-element_type=\"section\">\n\t\t\t\t\t\t<div class=\"elementor-container elementor-column-gap-default\">\n\t\t\t\t\t<div class=\"elementor-column elementor-col-100 elementor-top-column elementor-element elementor-element-68e2b07\" data-id=\"68e2b07\" data-element_type=\"column\">\n\t\t\t<div class=\"elementor-widget-wrap elementor-element-populated\">\n\t\t\t\t\t\t<div class=\"elementor-element elementor-element-1efbc1b2 elementor-widget elementor-widget-text-editor\" data-id=\"1efbc1b2\" data-element_type=\"widget\" data-widget_type=\"text-editor.default\">\n\t\t\t\t<div class=\"elementor-widget-container\">\n\t\t\t\t\t\t\t\t\t<p>Ja m\u016bsu lelles jums nav piem\u0113rotas, varat atrast vair\u0101k le\u013c\u013cu da\u017e\u0101s seksa le\u013c\u013cu vietn\u0113s. Vi\u0146i saskait\u012bs popul\u0101r\u0101kos seksa rota\u013clietu centrus internet\u0101 un veidos reitingus, pamatojoties uz lietot\u0101ju atsauksm\u0113m un cenu faktoriem. Jums nav j\u0101t\u0113r\u0113 vair\u0101k ener\u0123ijas, lai atrastu \u0161\u012bs vietnes, m\u0113s pied\u0101v\u0101jam \u0161\u0101das seksa le\u013c\u013cu vietnes.<\/p>\t\t\t\t\t\t\t\t<\/div>\n\t\t\t\t<\/div>\n\t\t\t\t<div class=\"elementor-element elementor-element-40b4b24f elementor-widget elementor-widget-text-editor\" data-id=\"40b4b24f\" data-element_type=\"widget\" data-widget_type=\"text-editor.default\">\n\t\t\t\t<div class=\"elementor-widget-container\">\n\t\t\t\t\t\t\t\t\t<ul><li><span style=\"color: red;\"><a href=\"https:\/\/sexdollxxx.com\/\">Mini seksa lelle<\/a>:<\/span> Seksa lelle lieliski izgatavota no TPE un silikona materi\u0101la. M\u0113s esam uzticam\u0101k\u0101 seksa le\u013c\u013cu komp\u0101nija, jo saviem klientiem pied\u0101v\u0101jam augstas kvalit\u0101tes m\u012bkstas un dro\u0161as m\u012blas lelles un super TPE seksa lelles. Garant\u0113ta pieg\u0101de un bezmaksas pieg\u0101de!<\/li><li><a href=\"https:\/\/pornsites.xxx\/\" target=\"_blank\" rel=\"noopener\"><span style=\"color: red;\">Porno viet\u0146u apskati:<\/span><\/a> Porn Sites ir vienk\u0101r\u0161i lab\u0101ko pornogr\u0101fijas viet\u0146u un seksa rota\u013clietu viet\u0146u saraksts. Atrodiet XXX\u00a0p\u0101rskatus un god\u012bgu reitingu par popul\u0101r\u0101kaj\u0101m seksa kamer\u0101m, kamer\u0101m, VR un daudz\u0101m bezmaksas vietn\u0113m!<\/li><li><a href=\"https:\/\/utengrense.com\/\" target=\"_blank\" rel=\"noopener\"><span style=\"color: red;\">Utengrense.com:<\/span><\/a> Mums ir m\u016bsu seksa veikals tie\u0161saist\u0113 Norv\u0113\u0123ij\u0101, un m\u0113s esam ieinteres\u0113ti saviem klientiem p\u0101rdot tikai augstas kvalit\u0101tes preces par labu cenu, piem\u0113ram, seksa rota\u013clietas un seks\u012bgu apak\u0161ve\u013cu.<\/li><li><a href=\"https:\/\/www.pincelebs.net\/\" target=\"_blank\" rel=\"noopener\"><span style=\"color: red;\">Piespraust slaven\u012bbas:<\/span><\/a> Kails, kails, bez aug\u0161puses, seks\u012bgs un skatieties slaven\u012bbu aktri\u0161u, dzied\u0101t\u0101ju, mode\u013cu un TV person\u012bbu att\u0113lus<\/li><li><a href=\"https:\/\/www.youpornlist.com\/\" target=\"_blank\" rel=\"noopener\"><span style=\"color: red;\">Youpornlist.com: <\/span><\/a>YouPornList ir lab\u0101ko pornogr\u0101fisko viet\u0146u izlase p\u0113c kategorij\u0101m. Katra vieta ir izv\u0113l\u0113ta p\u0113c ilgsto\u0161as un stingras m\u016bsu roku darba ekspertu anal\u012bzes.<\/li><li><a href=\"https:\/\/www.porninspector.com\/\" target=\"_blank\" rel=\"noopener\"><span style=\"color: red;\">Porninspector.com:<\/span><\/a> Porn Inspector ir daudz pornogr\u0101fijas p\u0101rskatu par da\u017e\u0101m no daudzsolo\u0161\u0101kaj\u0101m pieaugu\u0161o vietn\u0113m. M\u0113s vienm\u0113r sniedzam savu god\u012bg\u0101ko un objekt\u012bv\u0101ko viedokli. Katr\u0101 ierakst\u0101 b\u016bs iek\u013cauti daudzi att\u0113li un video paraugi, kas \u0146emti tie\u0161i no vietnes dal\u012bbnieka apgabala, sniedzot jums iesp\u0113ju redz\u0113t tie\u0161i to, kas tiek pied\u0101v\u0101ts, pirms izlemjat ieg\u0101d\u0101ties!<\/li><li><a href=\"http:\/\/hentai-gamer.com\/\" target=\"_blank\" rel=\"noopener\"><span style=\"color: red;\">Hentai-Gamer:<\/span><\/a> Hentai-Gamer.com ir lab\u0101k\u0101 vietne 100% bezmaksas Hentai sp\u0113l\u0113m. T\u0101p\u0113c turpiniet un sp\u0113l\u0113jiet hentai flash sp\u0113les t\u016bl\u012bt!<\/li><li><a href=\"https:\/\/sexdollpornhd.com\/\" target=\"_blank\" rel=\"noopener\"><span style=\"color: red;\">Seksa le\u013c\u013cu porno HD: <\/span><\/a>P\u0101rbaudiet seksa le\u013c\u013cu porno video vietn\u0113 SexDollPornHD.com, lai j\u016bs var\u0113tu redz\u0113t savu m\u012blas lelli darb\u012bb\u0101, pirms to ieg\u0101d\u0101jaties!<\/li><li><a href=\"https:\/\/www.thesafeporn.com\/\" target=\"_blank\" rel=\"noopener\"><span style=\"color: red;\">Dro\u0161a pornogr\u0101fija: <\/span><\/a>Vietn\u0113 thesafeporn.com j\u016bs atrad\u012bsiet t\u016bksto\u0161iem pornogr\u0101fisko viet\u0146u, kas atlas\u012btas to kvalit\u0101tes un dro\u0161\u012bbas d\u0113\u013c, un katrai vietnei ir sniegts p\u0101rskats, kas jums pal\u012bdz\u0113s izdar\u012bt izv\u0113li.<\/li><li><a href=\"https:\/\/allpornsites.net\/\" target=\"_blank\" rel=\"noopener\"><span style=\"color: red;\">Allpornsites.net:<\/span><\/a> Par Vis\u0101m Porn Sites, J\u016bs atrad\u012bsiet Liel\u0101ko Porn Sites Izv\u0113li Visum\u0101 Ka Gets Regul\u0101ri Atjaunin\u0101ts Gandr\u012bz Katru Dienu Ar Jaunas Porn Sites No Jebkuras Ni\u0161as.<\/li><li><a href=\"https:\/\/www.sexdollslove.com\/\" target=\"_blank\" rel=\"noopener\"><span style=\"color: red;\">SexDollsLove.com: <\/span><\/a>Lab\u0101ko seksa le\u013c\u013cu un m\u012blest\u012bbas rumpju saraksti. Atrodiet popul\u0101r\u0101ko m\u012blas le\u013c\u013cu ce\u013cve\u017eus un god\u012bgus reitingus jau \u0161odien!<\/li><li><a href=\"https:\/\/hotpornbible.com\/\" target=\"_blank\" rel=\"noopener\"><span style=\"color: red;\">Popul\u0101ro porno viet\u0146u saraksts:<\/span><\/a>Hot Porn Bible ir hotties porno vietnes pasaul\u0113! Mums ir visaugst\u0101k nov\u0113rt\u0113t\u0101s bezmaksas un augst\u0101k\u0101s kvalit\u0101tes vietnes pieaugu\u0161ajiem katr\u0101 kategorij\u0101.<\/li><li><a href=\"https:\/\/www.mrpinks.com\/\" target=\"_blank\" rel=\"noopener\"><span style=\"color: red;\">Porno atsauksmes:<\/span><\/a> Mr. Pink&#039;s Porn Reviews ir j\u016bsu uzticam\u0101 pornogr\u0101fijas apskatu vietne, kur\u0101 varat ieg\u016bt god\u012bgus pieaugu\u0161o viet\u0146u p\u0101rskatus, pornogr\u0101fijas vietnes ar atlaid\u0113m un lab\u0101k\u0101s pornogr\u0101fijas vietnes.<\/li><li><a href=\"https:\/\/richobo.com\/\" target=\"_blank\" rel=\"noopener\"><span style=\"color: red;\">Sludin\u0101jumi un eskorta ce\u013cvedis | Ri\u010dobo: <\/span><\/a>Izklaides zi\u0146u saraksts ar starptautiskiem pieaugu\u0161ajiem paredz\u0113tiem sludin\u0101jumiem Richobo \/ eskorti \/ pas\u0101kumi \/ stript\u012bzdejot\u0101jas \/ pieaugu\u0161o pakalpojumi \/ xguide \/ mode\u013ci \/ mas\u0101\u017eas \/ luksusa automa\u0161\u012bnas<\/li><li><a href=\"https:\/\/uncams.com\/\" target=\"_blank\" rel=\"noopener\"><span style=\"color: red;\">ANO kameras:<\/span><\/a> Skatieties tie\u0161raides kameras t\u016bl\u012bt! Re\u0123istr\u0101cija nav nepiecie\u0161ama\u00a0\u2014 100% bezmaksas necenz\u0113ta pieaugu\u0161o t\u0113rz\u0113\u0161ana. S\u0101ciet t\u0113rz\u0113t ar amatieriem, ekshibicionistiem, porno zvaigzn\u0113m ar HD video un audio.<\/li><li><a href=\"https:\/\/jerkdude.com\"><span style=\"color: #ff0000;\">Eskortzivs <\/span><\/a>- Apmekl\u0113jiet jerkdude un atrodiet visaugst\u0101k nov\u0113rt\u0113t\u0101s porno vietnes.<\/li><\/ul>\t\t\t\t\t\t\t\t<\/div>\n\t\t\t\t<\/div>\n\t\t\t\t\t<\/div>\n\t\t<\/div>\n\t\t\t\t\t<\/div>\n\t\t<\/section>\n\t\t\t\t<section class=\"elementor-section elementor-top-section elementor-element elementor-element-9bead22 elementor-section-boxed elementor-section-height-default elementor-section-height-default\" data-id=\"9bead22\" data-element_type=\"section\">\n\t\t\t\t\t\t<div class=\"elementor-container elementor-column-gap-default\">\n\t\t\t\t\t<div class=\"elementor-column elementor-col-100 elementor-top-column elementor-element elementor-element-335e664e\" data-id=\"335e664e\" data-element_type=\"column\">\n\t\t\t<div class=\"elementor-widget-wrap elementor-element-populated\">\n\t\t\t\t\t\t<div class=\"elementor-element elementor-element-156cce51 elementor-widget elementor-widget-spacer\" data-id=\"156cce51\" data-element_type=\"widget\" data-widget_type=\"spacer.default\">\n\t\t\t\t<div class=\"elementor-widget-container\">\n\t\t\t\t\t\t\t<div class=\"elementor-spacer\">\n\t\t\t<div class=\"elementor-spacer-inner\"><\/div>\n\t\t<\/div>\n\t\t\t\t\t\t<\/div>\n\t\t\t\t<\/div>\n\t\t\t\t\t<\/div>\n\t\t<\/div>\n\t\t\t\t\t<\/div>\n\t\t<\/section>\n\t\t\t\t<\/div>","protected":false},"excerpt":{"rendered":"","protected":false},"author":455,"featured_media":0,"parent":0,"menu_order":0,"comment_status":"closed","ping_status":"closed","template":"","meta":{"footnotes":""},"class_list":["post-21906","page","type-page","status-publish","hentry"],"yoast_head":"<!-- This site is optimized with the Yoast SEO Premium plugin v22.6 (Yoast SEO v22.9) - https:\/\/yoast.com\/wordpress\/plugins\/seo\/ -->\n<title>Explore More Product | Miisoo Sex Sites | Miisoodoll<\/title>\n<meta name=\"description\" content=\"Dive into an expansive selection at Miisoo Sex Sites. Explore diverse products for a heightened intimate experience. Your satisfaction, our priority at MiisooDoll.\" \/>\n<meta name=\"robots\" content=\"index, follow, max-snippet:-1, max-image-preview:large, max-video-preview:-1\" \/>\n<link rel=\"canonical\" href=\"https:\/\/www.miisoo.com\/lv\/more-sex-sites\/\" \/>\n<meta property=\"og:locale\" content=\"lv_LV\" \/>\n<meta property=\"og:type\" content=\"article\" \/>\n<meta property=\"og:title\" content=\"More Sex Sites\" \/>\n<meta property=\"og:description\" content=\"Dive into an expansive selection at Miisoo Sex Sites. Explore diverse products for a heightened intimate experience. Your satisfaction, our priority at MiisooDoll.\" \/>\n<meta property=\"og:url\" content=\"https:\/\/www.miisoo.com\/lv\/more-sex-sites\/\" \/>\n<meta property=\"og:site_name\" content=\"MiisooDoll\" \/>\n<meta property=\"article:publisher\" content=\"https:\/\/www.facebook.com\/miisoodoll\" \/>\n<meta property=\"article:modified_time\" content=\"2024-08-17T04:51:08+00:00\" \/>\n<meta name=\"twitter:card\" content=\"summary_large_image\" \/>\n<meta name=\"twitter:site\" content=\"@MiisooSexDolls\" \/>\n<meta name=\"twitter:label1\" content=\"Est. reading time\" \/>\n\t<meta name=\"twitter:data1\" content=\"1 min\u016bte\" \/>\n<!-- \/ Yoast SEO Premium plugin. -->","yoast_head_json":{"title":"Explore More Product | Miisoo Sex Sites | Miisoodoll","description":"Dive into an expansive selection at Miisoo Sex Sites. Explore diverse products for a heightened intimate experience. Your satisfaction, our priority at MiisooDoll.","robots":{"index":"index","follow":"follow","max-snippet":"max-snippet:-1","max-image-preview":"max-image-preview:large","max-video-preview":"max-video-preview:-1"},"canonical":"https:\/\/www.miisoo.com\/lv\/more-sex-sites\/","og_locale":"lv_LV","og_type":"article","og_title":"More Sex Sites","og_description":"Dive into an expansive selection at Miisoo Sex Sites. Explore diverse products for a heightened intimate experience. Your satisfaction, our priority at MiisooDoll.","og_url":"https:\/\/www.miisoo.com\/lv\/more-sex-sites\/","og_site_name":"MiisooDoll","article_publisher":"https:\/\/www.facebook.com\/miisoodoll","article_modified_time":"2024-08-17T04:51:08+00:00","twitter_card":"summary_large_image","twitter_site":"@MiisooSexDolls","twitter_misc":{"Est. reading time":"1 min\u016bte"},"schema":{"@context":"https:\/\/schema.org","@graph":[{"@type":"WebPage","@id":"https:\/\/www.miisoo.com\/more-sex-sites\/","url":"https:\/\/www.miisoo.com\/more-sex-sites\/","name":"Explore More Product | Miisoo Sex Sites | Miisoodoll","isPartOf":{"@id":"https:\/\/www.miisoo.com\/#website"},"datePublished":"2022-01-25T09:17:49+00:00","dateModified":"2024-08-17T04:51:08+00:00","description":"Dive into an expansive selection at Miisoo Sex Sites. Explore diverse products for a heightened intimate experience. Your satisfaction, our priority at MiisooDoll.","breadcrumb":{"@id":"https:\/\/www.miisoo.com\/more-sex-sites\/#breadcrumb"},"inLanguage":"lv-LV","potentialAction":[{"@type":"ReadAction","target":["https:\/\/www.miisoo.com\/more-sex-sites\/"]}]},{"@type":"BreadcrumbList","@id":"https:\/\/www.miisoo.com\/more-sex-sites\/#breadcrumb","itemListElement":[{"@type":"ListItem","position":1,"name":"Home","item":"https:\/\/www.miisoo.com\/"},{"@type":"ListItem","position":2,"name":"More Sex Sites"}]},{"@type":"WebSite","@id":"https:\/\/www.miisoo.com\/#website","url":"https:\/\/www.miisoo.com\/","name":"MiisooDoll","description":"Sexual Doll, Real Sex Dolls, Love Doll, Best Sex Dolls","publisher":{"@id":"https:\/\/www.miisoo.com\/#organization"},"potentialAction":[{"@type":"SearchAction","target":{"@type":"EntryPoint","urlTemplate":"https:\/\/www.miisoo.com\/?s={search_term_string}"},"query-input":"required name=search_term_string"}],"inLanguage":"lv-LV"},{"@type":"Organization","@id":"https:\/\/www.miisoo.com\/#organization","name":"MiisooDoll","url":"https:\/\/www.miisoo.com\/","logo":{"@type":"ImageObject","inLanguage":"lv-LV","@id":"https:\/\/www.miisoo.com\/#\/schema\/logo\/image\/","url":"https:\/\/www.miisoo.com\/wp-content\/uploads\/2020\/09\/logo-botton.png","contentUrl":"https:\/\/www.miisoo.com\/wp-content\/uploads\/2020\/09\/logo-botton.png","width":181,"height":42,"caption":"MiisooDoll"},"image":{"@id":"https:\/\/www.miisoo.com\/#\/schema\/logo\/image\/"},"sameAs":["https:\/\/www.facebook.com\/miisoodoll","https:\/\/x.com\/MiisooSexDolls"]}]}},"_links":{"self":[{"href":"https:\/\/www.miisoo.com\/lv\/wp-json\/wp\/v2\/pages\/21906","targetHints":{"allow":["GET"]}}],"collection":[{"href":"https:\/\/www.miisoo.com\/lv\/wp-json\/wp\/v2\/pages"}],"about":[{"href":"https:\/\/www.miisoo.com\/lv\/wp-json\/wp\/v2\/types\/page"}],"author":[{"embeddable":true,"href":"https:\/\/www.miisoo.com\/lv\/wp-json\/wp\/v2\/users\/455"}],"replies":[{"embeddable":true,"href":"https:\/\/www.miisoo.com\/lv\/wp-json\/wp\/v2\/comments?post=21906"}],"version-history":[{"count":1,"href":"https:\/\/www.miisoo.com\/lv\/wp-json\/wp\/v2\/pages\/21906\/revisions"}],"predecessor-version":[{"id":21908,"href":"https:\/\/www.miisoo.com\/lv\/wp-json\/wp\/v2\/pages\/21906\/revisions\/21908"}],"wp:attachment":[{"href":"https:\/\/www.miisoo.com\/lv\/wp-json\/wp\/v2\/media?parent=21906"}],"curies":[{"name":"wp","href":"https:\/\/api.w.org\/{rel}","templated":true}]}}