{"id":129,"date":"2017-11-28T08:26:45","date_gmt":"2017-11-28T08:26:45","guid":{"rendered":"http:\/\/demo2.drfuri.com\/martfury13\/?page_id=129"},"modified":"2023-12-22T19:57:32","modified_gmt":"2023-12-22T11:57:32","slug":"about-miisoo-sex-dolls-online","status":"publish","type":"page","link":"https:\/\/www.miisoo.com\/lv\/about-miisoo-sex-dolls-online\/","title":{"rendered":"Par mums"},"content":{"rendered":"<div data-elementor-type=\"wp-post\" data-elementor-id=\"129\" class=\"elementor elementor-129\" data-elementor-post-type=\"page\">\n\t\t\t\t\t\t<section class=\"elementor-section elementor-top-section elementor-element elementor-element-499101e2 elementor-section-full_width elementor-section-stretched elementor-section-height-default elementor-section-height-default\" data-id=\"499101e2\" data-element_type=\"section\" data-settings=\"{&quot;stretch_section&quot;:&quot;section-stretched&quot;}\">\n\t\t\t\t\t\t<div class=\"elementor-container elementor-column-gap-no\">\n\t\t\t\t\t<div class=\"elementor-column elementor-col-100 elementor-top-column elementor-element elementor-element-3ca9cf60\" data-id=\"3ca9cf60\" data-element_type=\"column\">\n\t\t\t<div class=\"elementor-widget-wrap elementor-element-populated\">\n\t\t\t\t\t\t<div class=\"elementor-element elementor-element-54251667 elementor-widget elementor-widget-image\" data-id=\"54251667\" data-element_type=\"widget\" data-widget_type=\"image.default\">\n\t\t\t\t<div class=\"elementor-widget-container\">\n\t\t\t\t\t\t\t\t\t\t\t\t\t\t\t<img fetchpriority=\"high\" decoding=\"async\" width=\"1536\" height=\"480\" src=\"https:\/\/www.miisoo.com\/wp-content\/uploads\/2020\/12\/banner-sex-doll-1.jpg\" class=\"attachment-full size-full wp-image-7398\" alt=\"\" srcset=\"https:\/\/www.miisoo.com\/wp-content\/uploads\/2020\/12\/banner-sex-doll-1.jpg 1536w, https:\/\/www.miisoo.com\/wp-content\/uploads\/2020\/12\/banner-sex-doll-1-300x94.jpg 300w, https:\/\/www.miisoo.com\/wp-content\/uploads\/2020\/12\/banner-sex-doll-1-1024x320.jpg 1024w, https:\/\/www.miisoo.com\/wp-content\/uploads\/2020\/12\/banner-sex-doll-1-768x240.jpg 768w, https:\/\/www.miisoo.com\/wp-content\/uploads\/2020\/12\/banner-sex-doll-1-370x116.jpg 370w, https:\/\/www.miisoo.com\/wp-content\/uploads\/2020\/12\/banner-sex-doll-1-600x188.jpg 600w\" sizes=\"(max-width: 1536px) 100vw, 1536px\" \/>\t\t\t\t\t\t\t\t\t\t\t\t\t\t\t<\/div>\n\t\t\t\t<\/div>\n\t\t\t\t<div class=\"elementor-element elementor-element-a61e060 elementor-widget elementor-widget-spacer\" data-id=\"a61e060\" data-element_type=\"widget\" data-widget_type=\"spacer.default\">\n\t\t\t\t<div class=\"elementor-widget-container\">\n\t\t\t\t\t\t\t<div class=\"elementor-spacer\">\n\t\t\t<div class=\"elementor-spacer-inner\"><\/div>\n\t\t<\/div>\n\t\t\t\t\t\t<\/div>\n\t\t\t\t<\/div>\n\t\t\t\t\t<\/div>\n\t\t<\/div>\n\t\t\t\t\t<\/div>\n\t\t<\/section>\n\t\t\t\t<section class=\"elementor-section elementor-top-section elementor-element elementor-element-3ff6745a elementor-section-boxed elementor-section-height-default elementor-section-height-default\" data-id=\"3ff6745a\" data-element_type=\"section\">\n\t\t\t\t\t\t<div class=\"elementor-container elementor-column-gap-extended\">\n\t\t\t\t\t<div class=\"elementor-column elementor-col-16 elementor-top-column elementor-element elementor-element-5847672a\" data-id=\"5847672a\" data-element_type=\"column\">\n\t\t\t<div class=\"elementor-widget-wrap\">\n\t\t\t\t\t\t\t<\/div>\n\t\t<\/div>\n\t\t\t\t<div class=\"elementor-column elementor-col-66 elementor-top-column elementor-element elementor-element-31cd9c6a\" data-id=\"31cd9c6a\" data-element_type=\"column\">\n\t\t\t<div class=\"elementor-widget-wrap elementor-element-populated\">\n\t\t\t\t\t\t<div class=\"elementor-element elementor-element-4596bb93 elementor-widget elementor-widget-heading\" data-id=\"4596bb93\" data-element_type=\"widget\" data-widget_type=\"heading.default\">\n\t\t\t\t<div class=\"elementor-widget-container\">\n\t\t\t\t\t<h1 class=\"elementor-heading-title elementor-size-default\">Par MiisooDoll<\/h1>\t\t\t\t<\/div>\n\t\t\t\t<\/div>\n\t\t\t\t<div class=\"elementor-element elementor-element-24950485 elementor-widget elementor-widget-spacer\" data-id=\"24950485\" data-element_type=\"widget\" data-widget_type=\"spacer.default\">\n\t\t\t\t<div class=\"elementor-widget-container\">\n\t\t\t\t\t\t\t<div class=\"elementor-spacer\">\n\t\t\t<div class=\"elementor-spacer-inner\"><\/div>\n\t\t<\/div>\n\t\t\t\t\t\t<\/div>\n\t\t\t\t<\/div>\n\t\t\t\t<div class=\"elementor-element elementor-element-ac8375b elementor-widget elementor-widget-heading\" data-id=\"ac8375b\" data-element_type=\"widget\" data-widget_type=\"heading.default\">\n\t\t\t\t<div class=\"elementor-widget-container\">\n\t\t\t\t\t<h2 class=\"elementor-heading-title elementor-size-default\"><a href=\"http:\/\/www.miisoo.com\/lv\/\">Seksa le\u013c\u013cu tie\u0161saistes veikals, laipni l\u016bdzam vietn\u0113 miisoo.com, m\u0113s esam viens no lab\u0101kajiem re\u0101listisku seksa le\u013c\u013cu ra\u017eot\u0101jiem un p\u0101rdev\u0113jiem \u0161aj\u0101 nozar\u0113.<\/a><\/h2>\t\t\t\t<\/div>\n\t\t\t\t<\/div>\n\t\t\t\t<div class=\"elementor-element elementor-element-2362e4d6 elementor-widget elementor-widget-spacer\" data-id=\"2362e4d6\" data-element_type=\"widget\" data-widget_type=\"spacer.default\">\n\t\t\t\t<div class=\"elementor-widget-container\">\n\t\t\t\t\t\t\t<div class=\"elementor-spacer\">\n\t\t\t<div class=\"elementor-spacer-inner\"><\/div>\n\t\t<\/div>\n\t\t\t\t\t\t<\/div>\n\t\t\t\t<\/div>\n\t\t\t\t<div class=\"elementor-element elementor-element-d352fa4 elementor-widget elementor-widget-text-editor\" data-id=\"d352fa4\" data-element_type=\"widget\" data-widget_type=\"text-editor.default\">\n\t\t\t\t<div class=\"elementor-widget-container\">\n\t\t\t\t\t\t\t\t\t<p>MIISOO tika dibin\u0101ts 2016.\u00a0gad\u0101, un mums ir sava le\u013c\u013cu ra\u017eo\u0161anas r\u016bpn\u012bca. T\u0101tad m\u0113s varam sasniegt patiesu kvalit\u0101tes un deta\u013cu kontroli. Katru m\u016bsu lelli ar rok\u0101m izgrebj meistars ar 20 gadu pieredzi. \u0160aj\u0101 proces\u0101 m\u0113s izmantojam progres\u012bvas zin\u0101tnisk\u0101s p\u0113tniec\u012bbas metodes un perfektus procesus. M\u016bsu filozofija ir izstr\u0101d\u0101t un ra\u017eot re\u0101listisk\u0101k\u0101s lelles. Sniedziet klientiem vislab\u0101ko pieredzi.<\/p>\t\t\t\t\t\t\t\t<\/div>\n\t\t\t\t<\/div>\n\t\t\t\t<div class=\"elementor-element elementor-element-d8451a0 elementor-widget elementor-widget-heading\" data-id=\"d8451a0\" data-element_type=\"widget\" data-widget_type=\"heading.default\">\n\t\t\t\t<div class=\"elementor-widget-container\">\n\t\t\t\t\t<h2 class=\"elementor-heading-title elementor-size-default\">Darbs ar slaveno z\u012bmolu<\/h2>\t\t\t\t<\/div>\n\t\t\t\t<\/div>\n\t\t\t\t<div class=\"elementor-element elementor-element-2b352d0 elementor-widget elementor-widget-spacer\" data-id=\"2b352d0\" data-element_type=\"widget\" data-widget_type=\"spacer.default\">\n\t\t\t\t<div class=\"elementor-widget-container\">\n\t\t\t\t\t\t\t<div class=\"elementor-spacer\">\n\t\t\t<div class=\"elementor-spacer-inner\"><\/div>\n\t\t<\/div>\n\t\t\t\t\t\t<\/div>\n\t\t\t\t<\/div>\n\t\t\t\t<div class=\"elementor-element elementor-element-1634f43 elementor-widget elementor-widget-text-editor\" data-id=\"1634f43\" data-element_type=\"widget\" data-widget_type=\"text-editor.default\">\n\t\t\t\t<div class=\"elementor-widget-container\">\n\t\t\t\t\t\t\t\t\t<p><span style=\"color: var( --e-global-color-text ); font-family: inherit; font-weight: var( --e-global-typography-text-font-weight );\">Tikm\u0113r m\u0113s str\u0101d\u0101jam ar\u012b ar labi paz\u012bstamiem z\u012bmoliem nozar\u0113, piem\u0113ram: WM, Dollhouse 168 un t\u0101 t\u0101l\u0101k. To vienbals\u012bgi atzinusi nozare. \u0160obr\u012bd MIISOO seksa le\u013c\u013cu interneta veikals ir aptuveni sadal\u012bts pieejam\u0101s TPE lelles un augstas kvalit\u0101tes silikona lelles. M\u016bsu veikal\u0101 varat atrast popul\u0101ras Eiropas stila d\u0101mas, maigas \u0100zijas meitenes, v\u012brie\u0161u lelles, anime lelles un pasaku lelles. Protams, m\u0113s pie\u0146emam ar\u012b piel\u0101gotas lelles. Vienk\u0101r\u0161i past\u0101stiet mums inform\u0101ciju par saviem sap\u0146iem. un m\u0113s noteikti varam apmierin\u0101t j\u016bsu vajadz\u012bbas.<\/span><\/p><p>Pa\u0161laik Run\u0101jo\u0161\u0101s viedlelles un t\u012bra silikona lelles ir m\u016bsu veikala specializ\u0113tie produkti. Tie piesaista daudzu klientu uzman\u012bbu un sniedz vi\u0146iem nebiju\u0161u pieredzi. Izklaid\u0113jies.<\/p>\t\t\t\t\t\t\t\t<\/div>\n\t\t\t\t<\/div>\n\t\t\t\t<div class=\"elementor-element elementor-element-5873c051 elementor-widget elementor-widget-spacer\" data-id=\"5873c051\" data-element_type=\"widget\" data-widget_type=\"spacer.default\">\n\t\t\t\t<div class=\"elementor-widget-container\">\n\t\t\t\t\t\t\t<div class=\"elementor-spacer\">\n\t\t\t<div class=\"elementor-spacer-inner\"><\/div>\n\t\t<\/div>\n\t\t\t\t\t\t<\/div>\n\t\t\t\t<\/div>\n\t\t\t\t\t<\/div>\n\t\t<\/div>\n\t\t\t\t<div class=\"elementor-column elementor-col-16 elementor-top-column elementor-element elementor-element-5e91253d\" data-id=\"5e91253d\" data-element_type=\"column\">\n\t\t\t<div class=\"elementor-widget-wrap\">\n\t\t\t\t\t\t\t<\/div>\n\t\t<\/div>\n\t\t\t\t\t<\/div>\n\t\t<\/section>\n\t\t\t\t<section class=\"elementor-section elementor-top-section elementor-element elementor-element-524da24c elementor-section-boxed elementor-section-height-default elementor-section-height-default\" data-id=\"524da24c\" data-element_type=\"section\" data-settings=\"{&quot;background_background&quot;:&quot;classic&quot;}\">\n\t\t\t\t\t\t<div class=\"elementor-container elementor-column-gap-extended\">\n\t\t\t\t\t<div class=\"elementor-column elementor-col-100 elementor-top-column elementor-element elementor-element-3b0f7e92\" data-id=\"3b0f7e92\" data-element_type=\"column\">\n\t\t\t<div class=\"elementor-widget-wrap elementor-element-populated\">\n\t\t\t\t\t\t<section class=\"elementor-section elementor-inner-section elementor-element elementor-element-3b546ae0 elementor-section-boxed elementor-section-height-default elementor-section-height-default\" data-id=\"3b546ae0\" data-element_type=\"section\">\n\t\t\t\t\t\t<div class=\"elementor-container elementor-column-gap-extended\">\n\t\t\t\t\t<div class=\"elementor-column elementor-col-33 elementor-inner-column elementor-element elementor-element-183a324a\" data-id=\"183a324a\" data-element_type=\"column\">\n\t\t\t<div class=\"elementor-widget-wrap\">\n\t\t\t\t\t\t\t<\/div>\n\t\t<\/div>\n\t\t\t\t<div class=\"elementor-column elementor-col-33 elementor-inner-column elementor-element elementor-element-59275da8\" data-id=\"59275da8\" data-element_type=\"column\">\n\t\t\t<div class=\"elementor-widget-wrap elementor-element-populated\">\n\t\t\t\t\t\t<div class=\"elementor-element elementor-element-2080949 elementor-widget elementor-widget-spacer\" data-id=\"2080949\" data-element_type=\"widget\" data-widget_type=\"spacer.default\">\n\t\t\t\t<div class=\"elementor-widget-container\">\n\t\t\t\t\t\t\t<div class=\"elementor-spacer\">\n\t\t\t<div class=\"elementor-spacer-inner\"><\/div>\n\t\t<\/div>\n\t\t\t\t\t\t<\/div>\n\t\t\t\t<\/div>\n\t\t\t\t<div class=\"elementor-element elementor-element-2987dd14 elementor-widget elementor-widget-heading\" data-id=\"2987dd14\" data-element_type=\"widget\" data-widget_type=\"heading.default\">\n\t\t\t\t<div class=\"elementor-widget-container\">\n\t\t\t\t\t<h2 class=\"elementor-heading-title elementor-size-default\"><strong>K\u0100P\u0112C IEPIRKTIES PIE MUMS?<\/strong><\/h2>\t\t\t\t<\/div>\n\t\t\t\t<\/div>\n\t\t\t\t<div class=\"elementor-element elementor-element-47090e99 elementor-widget elementor-widget-spacer\" data-id=\"47090e99\" data-element_type=\"widget\" data-widget_type=\"spacer.default\">\n\t\t\t\t<div class=\"elementor-widget-container\">\n\t\t\t\t\t\t\t<div class=\"elementor-spacer\">\n\t\t\t<div class=\"elementor-spacer-inner\"><\/div>\n\t\t<\/div>\n\t\t\t\t\t\t<\/div>\n\t\t\t\t<\/div>\n\t\t\t\t<div class=\"elementor-element elementor-element-7ff0e7fb elementor-widget elementor-widget-text-editor\" data-id=\"7ff0e7fb\" data-element_type=\"widget\" data-widget_type=\"text-editor.default\">\n\t\t\t\t<div class=\"elementor-widget-container\">\n\t\t\t\t\t\t\t\t\t<p>Nu daudzu iemeslu d\u0113\u013c:<\/p><p><strong>Pirmk\u0101rt<\/strong>, MIISOO z\u012bmols vienk\u0101r\u0161i ir viens no lab\u0101kajiem m\u016bsdienu seksa le\u013c\u013cu pasaul\u0113. Augst\u0101k\u0101s kvalit\u0101tes TPE seksa lelles, kas izstr\u0101d\u0101tas ar zin\u0101\u0161an\u0101m, veidotas un veidotas l\u012bdz nep\u0101rsp\u0113jami smalk\u0101m deta\u013c\u0101m, izmantojot luksusa materi\u0101lu TPE, \u0161obr\u012bd ir \u013coti popul\u0101ras starp tiem, kam pat\u012bk \u012bstas lelles.<\/p><p>Tas, kas MIISOO DOLL z\u012bmolu at\u0161\u0137ir no konkurentiem, neap\u0161aub\u0101mi ir seksu\u0101lo atveru (maksts, t\u016bp\u013ca) form\u0113\u0161anas smalk\u0101s deta\u013cas. Vi\u0146u izskats glu\u017ei vienk\u0101r\u0161i ir ide\u0101ls realit\u0101tes atveidojums. Un j\u016bsu baudas saj\u016btas var tikai vairoties.<\/p><p><strong>Otrk\u0101rt,\u00a0<\/strong>m\u0113s esam diskr\u0113ti attiec\u012bb\u0101 uz pieg\u0101di un apstr\u0101di. nor\u0113\u0137inu izraksti par\u0101d\u012bsies ar\u012b ar nesaist\u012btu nosaukumu, lai neviens cits, iz\u0146emot j\u016bs un uz\u0146\u0113mumu, zin\u0101tu, k\u0101dus aizraujo\u0161us produktus ieg\u0101d\u0101j\u0101ties.<\/p><p><strong>Tre\u0161ais<\/strong>, augstas kvalit\u0101tes Zemas cenas ir MIISOO lelles v\u012bzijas, biznesa idejas un koncepcijas st\u016brakmens. Visu MIISOO seksa le\u013c\u013cu pamatdoma ir t\u0101da, ka zemas cenas padara labi izstr\u0101d\u0101tas, funkcion\u0101las seksa lelles pieejamas ikvienam. Galu gal\u0101 m\u016bsu v\u012bzija ir rad\u012bt lab\u0101ku seksu\u0101lo dz\u012bvi daudziem cilv\u0113kiem.<\/p><p>T\u0101 viet\u0101, lai ieg\u0101d\u0101tos seksa lelles no vairumtirgot\u0101jiem un starpniekiem, m\u0113s ra\u017eojam \u0161\u012bs seksa lelles tie\u0161i no m\u016bsu r\u016bpn\u012bcas. Bet galu gal\u0101 tas ir t\u0101 v\u0113rts, jo tas \u013cauj mums pied\u0101v\u0101t jums augst\u0101k\u0101s kvalit\u0101tes seksa lelles par zem\u0101kaj\u0101m iesp\u0113jam\u0101m cen\u0101m.<\/p><p>M\u0113s past\u0101v\u012bgi cen\u0161amies visu izdar\u012bt nedaudz lab\u0101k, nedaudz vienk\u0101r\u0161\u0101k, efekt\u012bv\u0101k un vienm\u0113r izdev\u012bg\u0101k. Visiem MIISOO darbiniekiem ir svar\u012bga loma m\u016bsu zemo cenu veido\u0161an\u0101, kuras m\u0113s varam pied\u0101v\u0101t.<\/p><p><strong>Beidzot<\/strong>, lab\u0101kais klientu serviss. M\u016bsu klientu apkalpo\u0161anas dienests cen\u0161as b\u016bt p\u0113c iesp\u0113jas izpal\u012bdz\u012bg\u0101ks, sp\u0113jot rea\u0123\u0113t un draudz\u012bgi risin\u0101t gandr\u012bz jebkuru situ\u0101ciju. Tie ir pieejami 24 stundas diennakt\u012b un 365 dienas gad\u0101, lai pal\u012bdz\u0113tu atbild\u0113t uz visiem j\u016bsu jaut\u0101jumiem vai ba\u017e\u0101m. Apskatiet m\u016bsu izv\u0113li un izv\u0113lieties sev piem\u0113rot\u0101ko lelli, j\u016bs neb\u016bsiet v\u012blu\u0161ies!\u00a0<\/p><p>Ar <strong>vair\u0101k nek\u0101 2000 uzticamu atsauksmju<\/strong>\u00a0uz m\u016bsu lell\u0113m. M\u0113s lepojamies ar to, ka m\u016bsu klienti ir 100% apmierin\u0101ti ar m\u016bsu produktiem, nodro\u0161inot tikai vislab\u0101k\u0101s kvalit\u0101tes materi\u0101lus, \u0101tr\u0101ko pieg\u0101di, pieejam\u0101k\u0101s cenas, augst\u0101k\u0101s kvalit\u0101tes klientu apkalpo\u0161anu un nodro\u0161inot j\u016bsu priv\u0101tumu.<\/p><p>M\u0113s nekad nevienam nedal\u0101mies ar j\u016bsu inform\u0101ciju! J\u016bsu paka tiks sa\u0146emta 100% diskr\u0113t\u0101 iepakojum\u0101, kas izskat\u0101s k\u0101 jebkura cita paka, ko j\u016bs parasti sa\u0146emtu. Neviens, iz\u0146emot j\u016bs un m\u016bs, neuzzin\u0101s, ka pas\u016bt\u012bj\u0101t m\u012blas lelli<\/p>\t\t\t\t\t\t\t\t<\/div>\n\t\t\t\t<\/div>\n\t\t\t\t<div class=\"elementor-element elementor-element-3590d165 elementor-widget elementor-widget-spacer\" data-id=\"3590d165\" data-element_type=\"widget\" data-widget_type=\"spacer.default\">\n\t\t\t\t<div class=\"elementor-widget-container\">\n\t\t\t\t\t\t\t<div class=\"elementor-spacer\">\n\t\t\t<div class=\"elementor-spacer-inner\"><\/div>\n\t\t<\/div>\n\t\t\t\t\t\t<\/div>\n\t\t\t\t<\/div>\n\t\t\t\t\t<\/div>\n\t\t<\/div>\n\t\t\t\t<div class=\"elementor-column elementor-col-33 elementor-inner-column elementor-element elementor-element-ffc00e2\" data-id=\"ffc00e2\" data-element_type=\"column\">\n\t\t\t<div class=\"elementor-widget-wrap\">\n\t\t\t\t\t\t\t<\/div>\n\t\t<\/div>\n\t\t\t\t\t<\/div>\n\t\t<\/section>\n\t\t\t\t<section class=\"elementor-section elementor-inner-section elementor-element elementor-element-2e8b9d4b elementor-section-boxed elementor-section-height-default elementor-section-height-default\" data-id=\"2e8b9d4b\" data-element_type=\"section\">\n\t\t\t\t\t\t<div class=\"elementor-container elementor-column-gap-extended\">\n\t\t\t\t\t<div class=\"elementor-column elementor-col-100 elementor-inner-column elementor-element elementor-element-36ed4d7e\" data-id=\"36ed4d7e\" data-element_type=\"column\">\n\t\t\t<div class=\"elementor-widget-wrap elementor-element-populated\">\n\t\t\t\t\t\t<div class=\"elementor-element elementor-element-4d3ab6d1 columns--mobile3 columns--tablet3 columns-5 elementor-widget elementor-widget-martfury-images-grid\" data-id=\"4d3ab6d1\" data-element_type=\"widget\" data-widget_type=\"martfury-images-grid.default\">\n\t\t\t\t<div class=\"elementor-widget-container\">\n\t\t\t\t\t<div class=\"mf-images-gallery mf-images-gallery--grid\"><div class=\"images-list\"><div class=\"image-item\"><div class=\"image-item__wrapper\"><a href=\"#\" target=\"_blank\" rel=\"nofollow\" class=\"img-link\"><img decoding=\"async\" width=\"140\" height=\"46\" src=\"https:\/\/www.miisoo.com\/wp-content\/uploads\/2019\/05\/partner-1.png\" class=\"attachment-full size-full wp-image-2782\" alt=\"\" \/><\/a><\/div><\/div><div class=\"image-item\"><div class=\"image-item__wrapper\"><a href=\"#\" target=\"_blank\" rel=\"nofollow\" class=\"img-link\"><img decoding=\"async\" width=\"150\" height=\"28\" src=\"https:\/\/www.miisoo.com\/wp-content\/uploads\/2020\/06\/partner-2.png\" class=\"attachment-full size-full wp-image-4100\" alt=\"\" \/><\/a><\/div><\/div><div class=\"image-item\"><div class=\"image-item__wrapper\"><a href=\"#\" target=\"_blank\" rel=\"nofollow\" class=\"img-link\"><img decoding=\"async\" src=\"https:\/\/drfuri-demo-images.s3-us-west-1.amazonaws.com\/martfury\/electronic\/images\/partner-3.png\" title=\"\" alt=\"\" loading=\"lazy\" \/><\/a><\/div><\/div><div class=\"image-item\"><div class=\"image-item__wrapper\"><a href=\"#\" target=\"_blank\" rel=\"nofollow\" class=\"img-link\"><img loading=\"lazy\" decoding=\"async\" width=\"128\" height=\"48\" src=\"https:\/\/www.miisoo.com\/wp-content\/uploads\/2020\/06\/partner-5.png\" class=\"attachment-full size-full wp-image-4103\" alt=\"\" \/><\/a><\/div><\/div><div class=\"image-item\"><div class=\"image-item__wrapper\"><a href=\"#\" target=\"_blank\" rel=\"nofollow\" class=\"img-link\"><img loading=\"lazy\" decoding=\"async\" width=\"95\" height=\"54\" src=\"https:\/\/www.miisoo.com\/wp-content\/uploads\/2020\/06\/partner-4.png\" class=\"attachment-full size-full wp-image-4102\" alt=\"\" \/><\/a><\/div><\/div><\/div><\/div>\t\t\t\t<\/div>\n\t\t\t\t<\/div>\n\t\t\t\t<div class=\"elementor-element elementor-element-2bd84a02 elementor-widget elementor-widget-spacer\" data-id=\"2bd84a02\" data-element_type=\"widget\" data-widget_type=\"spacer.default\">\n\t\t\t\t<div class=\"elementor-widget-container\">\n\t\t\t\t\t\t\t<div class=\"elementor-spacer\">\n\t\t\t<div class=\"elementor-spacer-inner\"><\/div>\n\t\t<\/div>\n\t\t\t\t\t\t<\/div>\n\t\t\t\t<\/div>\n\t\t\t\t\t<\/div>\n\t\t<\/div>\n\t\t\t\t\t<\/div>\n\t\t<\/section>\n\t\t\t\t\t<\/div>\n\t\t<\/div>\n\t\t\t\t\t<\/div>\n\t\t<\/section>\n\t\t\t\t<\/div>","protected":false},"excerpt":{"rendered":"<p>About MiisooDoll Sex Doll Online Store, Welcome to miisoo.com, we are one of the top Realistic sex dolls manufacturer and seller in the industry. MIISOO was founded in 2016 and we have our own doll manufacturing factory. So we can achieve true quality and detail control. Each of our dolls is hand-carved by a master&hellip;<\/p>","protected":false},"author":455,"featured_media":0,"parent":0,"menu_order":0,"comment_status":"closed","ping_status":"closed","template":"template-full-width.php","meta":{"footnotes":""},"class_list":["post-129","page","type-page","status-publish","hentry"],"yoast_head":"<!-- This site is optimized with the Yoast SEO Premium plugin v22.6 (Yoast SEO v22.9) - https:\/\/yoast.com\/wordpress\/plugins\/seo\/ -->\n<title>About Miisoo | Your Trusted Sex Doll Source | MiisooDoll<\/title>\n<meta name=\"description\" content=\"Discover the essence of Miisoo at the forefront of the sex doll industry. Your trusted source for lifelike companions. Explore the story behind MiisooDoll.\" \/>\n<meta name=\"robots\" content=\"index, follow, max-snippet:-1, max-image-preview:large, max-video-preview:-1\" \/>\n<link rel=\"canonical\" href=\"https:\/\/www.miisoo.com\/lv\/about-miisoo-sex-dolls-online\/\" \/>\n<meta property=\"og:locale\" content=\"lv_LV\" \/>\n<meta property=\"og:type\" content=\"article\" \/>\n<meta property=\"og:title\" content=\"About Us\" \/>\n<meta property=\"og:description\" content=\"Discover the essence of Miisoo at the forefront of the sex doll industry. Your trusted source for lifelike companions. Explore the story behind MiisooDoll.\" \/>\n<meta property=\"og:url\" content=\"https:\/\/www.miisoo.com\/lv\/about-miisoo-sex-dolls-online\/\" \/>\n<meta property=\"og:site_name\" content=\"MiisooDoll\" \/>\n<meta property=\"article:publisher\" content=\"https:\/\/www.facebook.com\/miisoodoll\" \/>\n<meta property=\"article:modified_time\" content=\"2023-12-22T11:57:32+00:00\" \/>\n<meta property=\"og:image\" content=\"https:\/\/www.miisoo.com\/wp-content\/uploads\/2020\/12\/banner-sex-doll-1.jpg\" \/>\n<meta name=\"twitter:card\" content=\"summary_large_image\" \/>\n<meta name=\"twitter:site\" content=\"@MiisooSexDolls\" \/>\n<meta name=\"twitter:label1\" content=\"Est. reading time\" \/>\n\t<meta name=\"twitter:data1\" content=\"4 min\u016btes\" \/>\n<!-- \/ Yoast SEO Premium plugin. -->","yoast_head_json":{"title":"About Miisoo | Your Trusted Sex Doll Source | MiisooDoll","description":"Discover the essence of Miisoo at the forefront of the sex doll industry. Your trusted source for lifelike companions. Explore the story behind MiisooDoll.","robots":{"index":"index","follow":"follow","max-snippet":"max-snippet:-1","max-image-preview":"max-image-preview:large","max-video-preview":"max-video-preview:-1"},"canonical":"https:\/\/www.miisoo.com\/lv\/about-miisoo-sex-dolls-online\/","og_locale":"lv_LV","og_type":"article","og_title":"About Us","og_description":"Discover the essence of Miisoo at the forefront of the sex doll industry. Your trusted source for lifelike companions. Explore the story behind MiisooDoll.","og_url":"https:\/\/www.miisoo.com\/lv\/about-miisoo-sex-dolls-online\/","og_site_name":"MiisooDoll","article_publisher":"https:\/\/www.facebook.com\/miisoodoll","article_modified_time":"2023-12-22T11:57:32+00:00","og_image":[{"url":"https:\/\/www.miisoo.com\/wp-content\/uploads\/2020\/12\/banner-sex-doll-1.jpg"}],"twitter_card":"summary_large_image","twitter_site":"@MiisooSexDolls","twitter_misc":{"Est. reading time":"4 min\u016btes"},"schema":{"@context":"https:\/\/schema.org","@graph":[{"@type":"WebPage","@id":"https:\/\/www.miisoo.com\/about-miisoo-sex-dolls-online\/","url":"https:\/\/www.miisoo.com\/about-miisoo-sex-dolls-online\/","name":"About Miisoo | Your Trusted Sex Doll Source | MiisooDoll","isPartOf":{"@id":"https:\/\/www.miisoo.com\/#website"},"primaryImageOfPage":{"@id":"https:\/\/www.miisoo.com\/about-miisoo-sex-dolls-online\/#primaryimage"},"image":{"@id":"https:\/\/www.miisoo.com\/about-miisoo-sex-dolls-online\/#primaryimage"},"thumbnailUrl":"https:\/\/www.miisoo.com\/wp-content\/uploads\/2020\/12\/banner-sex-doll-1.jpg","datePublished":"2017-11-28T08:26:45+00:00","dateModified":"2023-12-22T11:57:32+00:00","description":"Discover the essence of Miisoo at the forefront of the sex doll industry. Your trusted source for lifelike companions. Explore the story behind MiisooDoll.","breadcrumb":{"@id":"https:\/\/www.miisoo.com\/about-miisoo-sex-dolls-online\/#breadcrumb"},"inLanguage":"lv-LV","potentialAction":[{"@type":"ReadAction","target":["https:\/\/www.miisoo.com\/about-miisoo-sex-dolls-online\/"]}]},{"@type":"ImageObject","inLanguage":"lv-LV","@id":"https:\/\/www.miisoo.com\/about-miisoo-sex-dolls-online\/#primaryimage","url":"https:\/\/www.miisoo.com\/wp-content\/uploads\/2020\/12\/banner-sex-doll-1.jpg","contentUrl":"https:\/\/www.miisoo.com\/wp-content\/uploads\/2020\/12\/banner-sex-doll-1.jpg"},{"@type":"BreadcrumbList","@id":"https:\/\/www.miisoo.com\/about-miisoo-sex-dolls-online\/#breadcrumb","itemListElement":[{"@type":"ListItem","position":1,"name":"Home","item":"https:\/\/www.miisoo.com\/"},{"@type":"ListItem","position":2,"name":"About Us"}]},{"@type":"WebSite","@id":"https:\/\/www.miisoo.com\/#website","url":"https:\/\/www.miisoo.com\/","name":"MiisooDoll","description":"Sexual Doll, Real Sex Dolls, Love Doll, Best Sex Dolls","publisher":{"@id":"https:\/\/www.miisoo.com\/#organization"},"potentialAction":[{"@type":"SearchAction","target":{"@type":"EntryPoint","urlTemplate":"https:\/\/www.miisoo.com\/?s={search_term_string}"},"query-input":"required name=search_term_string"}],"inLanguage":"lv-LV"},{"@type":"Organization","@id":"https:\/\/www.miisoo.com\/#organization","name":"MiisooDoll","url":"https:\/\/www.miisoo.com\/","logo":{"@type":"ImageObject","inLanguage":"lv-LV","@id":"https:\/\/www.miisoo.com\/#\/schema\/logo\/image\/","url":"https:\/\/www.miisoo.com\/wp-content\/uploads\/2020\/09\/logo-botton.png","contentUrl":"https:\/\/www.miisoo.com\/wp-content\/uploads\/2020\/09\/logo-botton.png","width":181,"height":42,"caption":"MiisooDoll"},"image":{"@id":"https:\/\/www.miisoo.com\/#\/schema\/logo\/image\/"},"sameAs":["https:\/\/www.facebook.com\/miisoodoll","https:\/\/x.com\/MiisooSexDolls"]}]}},"_links":{"self":[{"href":"https:\/\/www.miisoo.com\/lv\/wp-json\/wp\/v2\/pages\/129","targetHints":{"allow":["GET"]}}],"collection":[{"href":"https:\/\/www.miisoo.com\/lv\/wp-json\/wp\/v2\/pages"}],"about":[{"href":"https:\/\/www.miisoo.com\/lv\/wp-json\/wp\/v2\/types\/page"}],"author":[{"embeddable":true,"href":"https:\/\/www.miisoo.com\/lv\/wp-json\/wp\/v2\/users\/455"}],"replies":[{"embeddable":true,"href":"https:\/\/www.miisoo.com\/lv\/wp-json\/wp\/v2\/comments?post=129"}],"version-history":[{"count":1,"href":"https:\/\/www.miisoo.com\/lv\/wp-json\/wp\/v2\/pages\/129\/revisions"}],"predecessor-version":[{"id":34666,"href":"https:\/\/www.miisoo.com\/lv\/wp-json\/wp\/v2\/pages\/129\/revisions\/34666"}],"wp:attachment":[{"href":"https:\/\/www.miisoo.com\/lv\/wp-json\/wp\/v2\/media?parent=129"}],"curies":[{"name":"wp","href":"https:\/\/api.w.org\/{rel}","templated":true}]}}