{"id":21210,"date":"2022-01-05T20:52:41","date_gmt":"2022-01-05T12:52:41","guid":{"rendered":"https:\/\/www.miisoo.com\/?post_type=product&#038;p=21210"},"modified":"2022-01-07T14:49:48","modified_gmt":"2022-01-07T06:49:48","slug":"nude-male-life-size-man-doll-for-women","status":"publish","type":"product","link":"https:\/\/www.miisoo.com\/lt\/product\/nude-male-life-size-man-doll-for-women\/","title":{"rendered":"Bretonas \u2013 167 cm nuogas vyri\u0161kas nat\u016bralaus dyd\u017eio vyri\u0161kas l\u0117l\u0117 moteriai"},"content":{"rendered":"<p>\u0160i seksuali jauna, nat\u016bralaus dyd\u017eio vyri\u0161ka l\u0117l\u0117 m\u0117gsta leisti laik\u0105 sporto sal\u0117je arba \u017eaisti krep\u0161in\u012f su draugais. I\u0161 jo atleti\u0161ko k\u016bno galite suprasti, kad jis sunkiai dirba, kad atrodyt\u0173 gerai. Jis yra viena i\u0161 giliojo tinklo \u017emoni\u0173 l\u0117li\u0173, kurios puikiai tinka \u017eaisti vaidmenimis. Jei kada nors svajojote myl\u0117tis su daug jaunesniu vyru, \u010dia yra j\u016bs\u0173 auksin\u0117 galimyb\u0117.<\/p>\n<p>\u0160i tikrovi\u0161ka vyri\u0161ka l\u0117l\u0117 yra auk\u0161ta ir fizi\u0161kai tinkama, tobulas derinys ver\u017eliam jaunuoliui. D\u0117l \u0161velnios bly\u0161kios odos ir i\u0161linkim\u0173 \u0161i sekso l\u0117l\u0117 moterims idealiai tinka <a href=\"https:\/\/www.womenshealthmag.com\/uk\/health\/sexual-health\/g702490\/20-of-the-best-sex-positions-to-try-this-valentines-day\/\">skirtingos seksualin\u0117s pozos<\/a>.<\/p>\n<p>Jei mat\u0117te erotikos <a href=\"https:\/\/www.miisoo.com\/lt\/produktas\/hot-full-size-gay-male-love-doll\/\">vyro sekso l\u0117l\u0117<\/a>\u00a0pornografijos, j\u016bs suprasite, kaip lengva i\u0161gyventi savo seksualines fantazijas su nuoga vyri\u0161ka l\u0117le. Leiskite \u0161iai jaunai silikoninei l\u0117lytei parodyti, koks jausmas kiekvien\u0105 vakar\u0105 \u0161alia sav\u0119s tur\u0117ti stipr\u0173 jaunuol\u012f.<\/p>\n<p><span style=\"color: #000000; font-size: 16px; font-weight: 600;\">Nat\u016bralaus dyd\u017eio vyri\u0161kos l\u0117l\u0117s i\u0161matavimai<\/span><\/p>\n<table style=\"border-collapse: collapse; width: 304.52pt;\" border=\"0\" width=\"406\" cellspacing=\"0\" cellpadding=\"0\">\n<tbody>\n<tr style=\"height: 28.00pt;\">\n<td class=\"et2\" style=\"height: 28.00pt; width: 124.50pt;\" width=\"166\" height=\"37\">Prekinis \u017eenklas:<\/td>\n<td class=\"et2\" style=\"width: 180.00pt;\" width=\"240\">HR l\u0117l\u0117<\/td>\n<\/tr>\n<tr style=\"height: 28.00pt;\">\n<td class=\"et2\" style=\"height: 28.00pt;\" height=\"37\">Auk\u0161tis:<\/td>\n<td class=\"et2\">167 cm TPE vyri\u0161ka tikra l\u0117l\u0117<\/td>\n<\/tr>\n<tr style=\"height: 28.00pt;\">\n<td class=\"et2\" style=\"height: 28.00pt;\" height=\"37\">Biustas:<\/td>\n<td class=\"et2\">79 cm<\/td>\n<\/tr>\n<tr style=\"height: 28.00pt;\">\n<td class=\"et2\" style=\"height: 28.00pt;\" height=\"37\">Juosmuo:<\/td>\n<td class=\"et2\">68 cm<\/td>\n<\/tr>\n<tr style=\"height: 28.00pt;\">\n<td class=\"et2\" style=\"height: 28.00pt;\" height=\"37\">Klubai:<\/td>\n<td class=\"et2\">92 cm<\/td>\n<\/tr>\n<tr style=\"height: 28.00pt;\">\n<td class=\"et2\" style=\"height: 28.00pt;\" height=\"37\">Kaklas:<\/td>\n<td class=\"et2\">27 cm<\/td>\n<\/tr>\n<tr style=\"height: 28.00pt;\">\n<td class=\"et2\" style=\"height: 28.00pt;\" height=\"37\">P\u0117dos ilgis:<\/td>\n<td class=\"et2\">26 cm<\/td>\n<\/tr>\n<tr style=\"height: 28.00pt;\">\n<td class=\"et2\" style=\"height: 28.00pt;\" height=\"37\">Pe\u010di\u0173 plotis:<\/td>\n<td class=\"et2\">39 cm<\/td>\n<\/tr>\n<tr style=\"height: 28.00pt;\">\n<td class=\"et2\" style=\"height: 28.00pt;\" height=\"37\">Svoris:<\/td>\n<td class=\"et2\">47 kg<\/td>\n<\/tr>\n<tr style=\"height: 28.00pt;\">\n<td class=\"et2\" style=\"height: 28.00pt;\" height=\"37\">Penio ilgis:<\/td>\n<td class=\"et2\">22 cm<\/td>\n<\/tr>\n<tr style=\"height: 28.00pt;\">\n<td class=\"et2\" style=\"height: 28.00pt;\" height=\"37\">Varpos skersmuo:<\/td>\n<td class=\"et2\">3,5 cm<\/td>\n<\/tr>\n<tr style=\"height: 28.00pt;\">\n<td class=\"et2\" style=\"height: 28.00pt;\" height=\"37\">Burnos gylis:<\/td>\n<td class=\"et2\">13 cm<\/td>\n<\/tr>\n<tr style=\"height: 28.00pt;\">\n<td class=\"et2\" style=\"height: 28.00pt;\" height=\"37\">Analinis gylis:<\/td>\n<td class=\"et2\">17 cm<\/td>\n<\/tr>\n<tr style=\"height: 28.00pt;\">\n<td class=\"et2\" style=\"height: 28.00pt;\" height=\"37\">Pakuot\u0117s dydis:<\/td>\n<td class=\"et2\">154x42x34 cm<\/td>\n<\/tr>\n<\/tbody>\n<\/table>\n<p>&nbsp;<\/p>\n<p><img fetchpriority=\"high\" decoding=\"async\" class=\"alignnone wp-image-21293 size-full\" src=\"https:\/\/www.miisoo.com\/wp-content\/uploads\/2022\/01\/nude-male-doll-228.jpg\" alt=\"Life Size Man Doll\" width=\"600\" height=\"900\" srcset=\"https:\/\/www.miisoo.com\/wp-content\/uploads\/2022\/01\/nude-male-doll-228.jpg 600w, https:\/\/www.miisoo.com\/wp-content\/uploads\/2022\/01\/nude-male-doll-228-200x300.jpg 200w, https:\/\/www.miisoo.com\/wp-content\/uploads\/2022\/01\/nude-male-doll-228-370x555.jpg 370w, https:\/\/www.miisoo.com\/wp-content\/uploads\/2022\/01\/nude-male-doll-228-300x450.jpg 300w\" sizes=\"(max-width: 600px) 100vw, 600px\" \/><\/p>","protected":false},"excerpt":{"rendered":"<div data-elementor-type=\"section\" data-elementor-id=\"10450\" class=\"elementor elementor-10450\" data-elementor-post-type=\"elementor_library\">\n<section class=\"elementor-section elementor-top-section elementor-element elementor-element-1ac4967 elementor-section-boxed elementor-section-height-default elementor-section-height-default\" data-id=\"1ac4967\" data-element_type=\"section\">\n<div class=\"elementor-container elementor-column-gap-default\">\n<div class=\"elementor-column elementor-col-100 elementor-top-column elementor-element elementor-element-bfbdbdf\" data-id=\"bfbdbdf\" data-element_type=\"column\">\n<div class=\"elementor-widget-wrap elementor-element-populated\">\n<div class=\"elementor-element elementor-element-e4dbd68 elementor-widget elementor-widget-text-editor\" data-id=\"e4dbd68\" data-element_type=\"widget\" data-widget_type=\"text-editor.default\">\n<div class=\"elementor-widget-container\">\n<ul>\n<li>Nemokamas pristatymas visame pasaulyje, diskreti\u0161kas pristatymas.<\/li>\n<li>100% Toks pat kaip nuotraukose, nebent pritaikytas.<\/li>\n<li>Kainos nurodytos. PVM ir muitin\u0117s mokes\u010diai<\/li>\n<li>Nemokamas pristatymas, greito pristatymo parinktys \u201eCheckout\u201c puslapyje<\/li>\n<\/ul><\/div>\n<\/p><\/div>\n<\/p><\/div>\n<\/p><\/div>\n<\/p><\/div>\n<\/section><\/div>\n<div data-elementor-type=\"section\" data-elementor-id=\"10473\" class=\"elementor elementor-10473\" data-elementor-post-type=\"elementor_library\">\n<section class=\"elementor-section elementor-top-section elementor-element elementor-element-03d9b2a elementor-section-boxed elementor-section-height-default elementor-section-height-default\" data-id=\"03d9b2a\" data-element_type=\"section\">\n<div class=\"elementor-container elementor-column-gap-default\">\n<div class=\"elementor-column elementor-col-100 elementor-top-column elementor-element elementor-element-5081c52\" data-id=\"5081c52\" data-element_type=\"column\">\n<div class=\"elementor-widget-wrap elementor-element-populated\">\n<div class=\"elementor-element elementor-element-d2c17df elementor-widget elementor-widget-martfury-banner-small\" data-id=\"d2c17df\" data-element_type=\"widget\" data-widget_type=\"martfury-banner-small.default\">\n<div class=\"elementor-widget-container\">\n<div class=\"mf-elementor-banner-small\">\n<div class=\"banner-featured-image\"><\/div>\n<p>\t\t\t                <a class=\"link\" href=\"https:\/\/mso.aidoll-japan.com\"><\/a><\/p>\n<div class=\"banner-content\">\n<h2 class=\"banner-title\">1500 mini meil\u0117s l\u0117li\u0173<\/p>\n<p>sexdollxxx. com<\/h2>\n<div class=\"banner-desc\">\n<p>60 cm, 80 cm, 100 cm,<\/p>\n<p>120cm, 130cm, 140cm<\/p>\n<\/div>\n<div class=\"banner-price\"><span\n                                class=\"s-price\">sexdollxxx .com<\/span><\/div>\n<\/p><\/div>\n<\/p><\/div>\n<\/p><\/div>\n<\/p><\/div>\n<\/p><\/div>\n<\/p><\/div>\n<\/p><\/div>\n<\/section><\/div>","protected":false},"featured_media":21285,"comment_status":"open","ping_status":"closed","template":"","meta":[],"product_cat":[114,115,116,81],"product_tag":[],"class_list":{"0":"post-21210","1":"product","2":"type-product","3":"status-publish","4":"has-post-thumbnail","6":"product_cat-1500usd-2000usd-sex-doll","7":"product_cat-161cm-170cm-sex-dolls","8":"product_cat-male-sex-dolls","9":"product_cat-tpe-sex-dolls","10":"tm-no-options","12":"first","13":"instock","14":"sale","15":"shipping-taxable","16":"purchasable","17":"product-type-simple","18":"col-xs-6 col-sm-4","19":"col-md-3 col-lg-3","20":"un-4-cols"},"yoast_head":"<!-- This site is optimized with the Yoast SEO Premium plugin v22.6 (Yoast SEO v22.9) - https:\/\/yoast.com\/wordpress\/plugins\/seo\/ -->\n<title>Life Size Man Doll - Nude Male Sex Doll For Woman<\/title>\n<meta name=\"description\" content=\"This sexy young life size man doll\u00a0loves spending time at the gym or playing basketball. Buy nude male sex doll for woman\" \/>\n<meta name=\"robots\" content=\"index, follow, max-snippet:-1, max-image-preview:large, max-video-preview:-1\" \/>\n<link rel=\"canonical\" href=\"https:\/\/www.miisoo.com\/lt\/produktas\/nude-male-life-size-man-doll-for-women\/\" \/>\n<meta property=\"og:locale\" content=\"lt_LT\" \/>\n<meta property=\"og:type\" content=\"article\" \/>\n<meta property=\"og:title\" content=\"Breton - 167cm Nude Male Life Size Man Doll For Woman\" \/>\n<meta property=\"og:description\" content=\"This sexy young life size man doll\u00a0loves spending time at the gym or playing basketball. Buy nude male sex doll for woman\" \/>\n<meta property=\"og:url\" content=\"https:\/\/www.miisoo.com\/lt\/produktas\/nude-male-life-size-man-doll-for-women\/\" \/>\n<meta property=\"og:site_name\" content=\"MiisooDoll\" \/>\n<meta property=\"article:publisher\" content=\"https:\/\/www.facebook.com\/miisoodoll\" \/>\n<meta property=\"article:modified_time\" content=\"2022-01-07T06:49:48+00:00\" \/>\n<meta property=\"og:image\" content=\"https:\/\/www.miisoo.com\/wp-content\/uploads\/2022\/01\/nude-male-doll-2212.jpg\" \/>\n\t<meta property=\"og:image:width\" content=\"600\" \/>\n\t<meta property=\"og:image:height\" content=\"900\" \/>\n\t<meta property=\"og:image:type\" content=\"image\/jpeg\" \/>\n<meta name=\"twitter:card\" content=\"summary_large_image\" \/>\n<meta name=\"twitter:site\" content=\"@MiisooSexDolls\" \/>\n<meta name=\"twitter:label1\" content=\"Est. reading time\" \/>\n\t<meta name=\"twitter:data1\" content=\"2 minut\u0117s\" \/>\n<!-- \/ Yoast SEO Premium plugin. -->","yoast_head_json":{"title":"Life Size Man Doll - Nude Male Sex Doll For Woman","description":"This sexy young life size man doll\u00a0loves spending time at the gym or playing basketball. Buy nude male sex doll for woman","robots":{"index":"index","follow":"follow","max-snippet":"max-snippet:-1","max-image-preview":"max-image-preview:large","max-video-preview":"max-video-preview:-1"},"canonical":"https:\/\/www.miisoo.com\/lt\/produktas\/nude-male-life-size-man-doll-for-women\/","og_locale":"lt_LT","og_type":"article","og_title":"Breton - 167cm Nude Male Life Size Man Doll For Woman","og_description":"This sexy young life size man doll\u00a0loves spending time at the gym or playing basketball. Buy nude male sex doll for woman","og_url":"https:\/\/www.miisoo.com\/lt\/produktas\/nude-male-life-size-man-doll-for-women\/","og_site_name":"MiisooDoll","article_publisher":"https:\/\/www.facebook.com\/miisoodoll","article_modified_time":"2022-01-07T06:49:48+00:00","og_image":[{"width":600,"height":900,"url":"https:\/\/www.miisoo.com\/wp-content\/uploads\/2022\/01\/nude-male-doll-2212.jpg","type":"image\/jpeg"}],"twitter_card":"summary_large_image","twitter_site":"@MiisooSexDolls","twitter_misc":{"Est. reading time":"2 minut\u0117s"},"schema":{"@context":"https:\/\/schema.org","@graph":[{"@type":"WebPage","@id":"https:\/\/www.miisoo.com\/product\/nude-male-life-size-man-doll-for-women\/","url":"https:\/\/www.miisoo.com\/product\/nude-male-life-size-man-doll-for-women\/","name":"Life Size Man Doll - Nude Male Sex Doll For Woman","isPartOf":{"@id":"https:\/\/www.miisoo.com\/#website"},"primaryImageOfPage":{"@id":"https:\/\/www.miisoo.com\/product\/nude-male-life-size-man-doll-for-women\/#primaryimage"},"image":{"@id":"https:\/\/www.miisoo.com\/product\/nude-male-life-size-man-doll-for-women\/#primaryimage"},"thumbnailUrl":"https:\/\/www.miisoo.com\/wp-content\/uploads\/2022\/01\/nude-male-doll-2212.jpg","datePublished":"2022-01-05T12:52:41+00:00","dateModified":"2022-01-07T06:49:48+00:00","description":"This sexy young life size man doll\u00a0loves spending time at the gym or playing basketball. Buy nude male sex doll for woman","breadcrumb":{"@id":"https:\/\/www.miisoo.com\/product\/nude-male-life-size-man-doll-for-women\/#breadcrumb"},"inLanguage":"lt-LT","potentialAction":[{"@type":"ReadAction","target":["https:\/\/www.miisoo.com\/product\/nude-male-life-size-man-doll-for-women\/"]}]},{"@type":"ImageObject","inLanguage":"lt-LT","@id":"https:\/\/www.miisoo.com\/product\/nude-male-life-size-man-doll-for-women\/#primaryimage","url":"https:\/\/www.miisoo.com\/wp-content\/uploads\/2022\/01\/nude-male-doll-2212.jpg","contentUrl":"https:\/\/www.miisoo.com\/wp-content\/uploads\/2022\/01\/nude-male-doll-2212.jpg","width":600,"height":900,"caption":"Breton \u2013 167cm Nude Male Life Size Man Doll For Woman"},{"@type":"BreadcrumbList","@id":"https:\/\/www.miisoo.com\/product\/nude-male-life-size-man-doll-for-women\/#breadcrumb","itemListElement":[{"@type":"ListItem","position":1,"name":"Home","item":"https:\/\/www.miisoo.com\/"},{"@type":"ListItem","position":2,"name":"Sex Doll Shop","item":"https:\/\/www.miisoo.com\/shop\/"},{"@type":"ListItem","position":3,"name":"Breton &#8211; 167cm Nude Male Life Size Man Doll For Woman"}]},{"@type":"WebSite","@id":"https:\/\/www.miisoo.com\/#website","url":"https:\/\/www.miisoo.com\/","name":"MiisooDoll","description":"Sexual Doll, Real Sex Dolls, Love Doll, Best Sex Dolls","publisher":{"@id":"https:\/\/www.miisoo.com\/#organization"},"potentialAction":[{"@type":"SearchAction","target":{"@type":"EntryPoint","urlTemplate":"https:\/\/www.miisoo.com\/?s={search_term_string}"},"query-input":"required name=search_term_string"}],"inLanguage":"lt-LT"},{"@type":"Organization","@id":"https:\/\/www.miisoo.com\/#organization","name":"MiisooDoll","url":"https:\/\/www.miisoo.com\/","logo":{"@type":"ImageObject","inLanguage":"lt-LT","@id":"https:\/\/www.miisoo.com\/#\/schema\/logo\/image\/","url":"https:\/\/www.miisoo.com\/wp-content\/uploads\/2020\/09\/logo-botton.png","contentUrl":"https:\/\/www.miisoo.com\/wp-content\/uploads\/2020\/09\/logo-botton.png","width":181,"height":42,"caption":"MiisooDoll"},"image":{"@id":"https:\/\/www.miisoo.com\/#\/schema\/logo\/image\/"},"sameAs":["https:\/\/www.facebook.com\/miisoodoll","https:\/\/x.com\/MiisooSexDolls"]}]}},"_links":{"self":[{"href":"https:\/\/www.miisoo.com\/lt\/wp-json\/wp\/v2\/product\/21210","targetHints":{"allow":["GET"]}}],"collection":[{"href":"https:\/\/www.miisoo.com\/lt\/wp-json\/wp\/v2\/product"}],"about":[{"href":"https:\/\/www.miisoo.com\/lt\/wp-json\/wp\/v2\/types\/product"}],"replies":[{"embeddable":true,"href":"https:\/\/www.miisoo.com\/lt\/wp-json\/wp\/v2\/comments?post=21210"}],"version-history":[{"count":5,"href":"https:\/\/www.miisoo.com\/lt\/wp-json\/wp\/v2\/product\/21210\/revisions"}],"predecessor-version":[{"id":21604,"href":"https:\/\/www.miisoo.com\/lt\/wp-json\/wp\/v2\/product\/21210\/revisions\/21604"}],"wp:featuredmedia":[{"embeddable":true,"href":"https:\/\/www.miisoo.com\/lt\/wp-json\/wp\/v2\/media\/21285"}],"wp:attachment":[{"href":"https:\/\/www.miisoo.com\/lt\/wp-json\/wp\/v2\/media?parent=21210"}],"wp:term":[{"taxonomy":"product_cat","embeddable":true,"href":"https:\/\/www.miisoo.com\/lt\/wp-json\/wp\/v2\/product_cat?post=21210"},{"taxonomy":"product_tag","embeddable":true,"href":"https:\/\/www.miisoo.com\/lt\/wp-json\/wp\/v2\/product_tag?post=21210"}],"curies":[{"name":"wp","href":"https:\/\/api.w.org\/{rel}","templated":true}]}}