{"id":4494,"date":"2020-09-16T14:42:35","date_gmt":"2020-09-16T06:42:35","guid":{"rendered":"http:\/\/miisoo.com\/?page_id=4494"},"modified":"2023-12-22T20:07:15","modified_gmt":"2023-12-22T12:07:15","slug":"disclaimer-18","status":"publish","type":"page","link":"https:\/\/www.miisoo.com\/lt\/disclaimer-18\/","title":{"rendered":"Atsisakymas 18+"},"content":{"rendered":"<div data-elementor-type=\"wp-page\" data-elementor-id=\"4494\" class=\"elementor elementor-4494\" data-elementor-post-type=\"page\">\n\t\t\t\t\t\t<section class=\"elementor-section elementor-top-section elementor-element elementor-element-c76458e elementor-section-boxed elementor-section-height-default elementor-section-height-default\" data-id=\"c76458e\" data-element_type=\"section\">\n\t\t\t\t\t\t<div class=\"elementor-container elementor-column-gap-default\">\n\t\t\t\t\t<div class=\"elementor-column elementor-col-25 elementor-top-column elementor-element elementor-element-8b5e8e1\" data-id=\"8b5e8e1\" data-element_type=\"column\">\n\t\t\t<div class=\"elementor-widget-wrap\">\n\t\t\t\t\t\t\t<\/div>\n\t\t<\/div>\n\t\t\t\t<div class=\"elementor-column elementor-col-50 elementor-top-column elementor-element elementor-element-5afa608\" data-id=\"5afa608\" data-element_type=\"column\">\n\t\t\t<div class=\"elementor-widget-wrap elementor-element-populated\">\n\t\t\t\t\t\t<div class=\"elementor-element elementor-element-1111958 elementor-widget elementor-widget-text-editor\" data-id=\"1111958\" data-element_type=\"widget\" data-widget_type=\"text-editor.default\">\n\t\t\t\t<div class=\"elementor-widget-container\">\n\t\t\t\t\t\t\t\t\t<p>Paskutin\u012f kart\u0105 atnaujinta 2017 m. gegu\u017e\u0117s 25 d., 10:23<\/p><p>\u012eSP\u0116JIMAS. \u0160ioje svetain\u0117je yra seksualin\u0117s orientacijos suaugusiems skirtos med\u017eiagos, skirtos 18 met\u0173 ir vyresniems asmenims. Jei jums dar n\u0117ra 18. Per\u017ei\u016br\u0117dami \u0161i\u0105 svetain\u0119 sutinkate, kad suprantate ir toliau nurodytas s\u0105lygas:<\/p><p><strong>18 met\u0173 ir vyresni<\/strong><\/p><p>MIISOO.com negali u\u017edrausti nepilname\u010diams lankytis \u0161ioje svetain\u0117je. T\u0117vai arba glob\u0117jai yra atsakingi u\u017e vaik\u0173 ir paaugli\u0173 prie\u017ei\u016br\u0105, kokia med\u017eiaga jiems tinkama per\u017ei\u016br\u0117ti. MIISOO.com reikalauja, kad visus pirkinius pirkt\u0173 vyresni nei 18 met\u0173 asmenys.<\/p><p><strong>AUTORI\u0172 TEIS\u0116S<\/strong><\/p><p>Jei nenurodyta kitaip, visa \u0161ioje svetain\u0117je esanti med\u017eiaga, \u012fskaitant tekst\u0105, svetain\u0117s dizain\u0105, logotipus, grafik\u0105, piktogramas ir vaizdus, taip pat j\u0173 pasirinkim\u0105, surinkim\u0105 ir i\u0161d\u0117stym\u0105, yra i\u0161imtin\u0117 MIISOO.com nuosavyb\u0117. \u0160ios svetain\u0117s turin\u012f galite naudoti tik apsipirkti \u0161ioje svetain\u0117je arba pateikti u\u017esakym\u0105 \u0161ioje svetain\u0117je ir jokiu kitu tikslu. Jokia \u0161ios svetain\u0117s med\u017eiaga negali b\u016bti kopijuojama, atkuriama, kei\u010diama, perpublikuojama, \u012fkeliama, skelbiama, perduodama ar platinama jokia forma ar bet kokiomis priemon\u0117mis be i\u0161ankstinio ra\u0161ti\u0161ko MIISOO.com leidimo. Visos teis\u0117s, kurios n\u0117ra ai\u0161kiai suteiktos \u010dia, yra saugomos. Bet koks neteis\u0117tas \u0161ioje svetain\u0117je pateiktos med\u017eiagos naudojimas gali pa\u017eeisti autori\u0173 teises, preki\u0173 \u017eenkl\u0173 ir kitus galiojan\u010dius \u012fstatymus ir u\u017etraukti baud\u017eiam\u0105sias arba civilines sankcijas.<\/p><p><strong>ATSISAKYMAS<\/strong><\/p><p>\u0160i svetain\u0117 jums pateikiama tokia, kokia yra, be joki\u0173 ai\u0161ki\u0173 ar numanom\u0173 garantij\u0173. Naudodamiesi svetaine sutinkate prisiimti vis\u0105 rizik\u0105, susijusi\u0105 su \u0161i\u0173 svetaini\u0173 naudojimu, ir sutinkate neleisti MIISOO.com, jos pareig\u016bn\u0173, direktori\u0173, darbuotoj\u0173 ir agent\u0173 nuo vis\u0173 pretenzij\u0173, kylan\u010di\u0173 d\u0117l j\u016bs\u0173 naudojimosi ar negal\u0117jimo naudoti, svetaines, su kuriomis jie yra susieti. Be to, j\u016bs sutinkate, kad MIISOO.com arba svetain\u0117s informacijos teik\u0117jai nebus atsakingi u\u017e joki\u0105 \u017eal\u0105 ar nuostolius, kuriuos suk\u0117l\u0117te ar tariamai padar\u0117te, remdamiesi tokia informacija.<\/p><p>Visi produktai \u0161ioje svetain\u0117je yra skirti tik naujovi\u0161kam naudojimui. MIISOO.com nesuteikia joki\u0173 tiesiogini\u0173 ar numanom\u0173 garantij\u0173, kad i\u0161 MIISOO.com u\u017esakytas produktas yra be \u017ealos, gamintojo defekt\u0173 ir gamintojo klaidingo pateikimo. Pateikdami u\u017esakym\u0105, j\u016bs ai\u0161kiai pripa\u017e\u012fstate ir sutinkate su \u0161iais dalykais: MIISOO.com n\u0117ra atsakinga nei pirk\u0117jui, nei kitiems \u017emon\u0117ms u\u017e bet kokius tiesioginius, netiesioginius, atsitiktinius, specialius ar pasekminius su\u017ealojimus, praradimus ar \u017eal\u0105, nepaisant tvirtinama teis\u0117s teorija, \u012fskaitant aplaidum\u0105 ir (arba) grie\u017et\u0105 atsakomyb\u0119.<\/p><p><strong>GR\u0104\u017dINIMAS<\/strong><\/p><p>Visuose u\u017esakymuose registruojame IP eilutes \u2013 bet kokie u\u017esakymai, gr\u0105\u017einami kaip apmokestinimas d\u0117l nes\u0105\u017einingos veiklos, bus kruop\u0161\u010diai vykdomi j\u016bs\u0173 vietin\u0117je jurisdikcijoje, kad b\u016bt\u0173 patrauktas baud\u017eiamojon atsakomyb\u0117n, laikantis vis\u0173 \u012fstatym\u0173.<\/p><p>Nor\u0117dami pirkti MIISOO.com, sutinkate, kad neteiksite joki\u0173 gin\u010d\u0173 \/ pretenzij\u0173 ar mok\u0117jim\u0173 gr\u0105\u017einimo savo kredito kortel\u0117s \u012fmonei d\u0117l u\u017esakymo, kur\u012f atlikote svetain\u0117je MIISOO.com.<\/p><p>MIISOO.com mano, kad kredito kortel\u0117s gr\u0105\u017einimas yra apgaul\u0117, jei ned\u0117jote pagr\u012fst\u0173 pastang\u0173, kad prane\u0161tum\u0117te mums, kad i\u0161kilo problema, ir suteik\u0117te mums daug laiko i\u0161spr\u0119sti arba i\u0161siai\u0161kinti problem\u0105.<\/p><p>Mes netoleruojame suk\u010diavimo kredito kortel\u0117mis. Nebus gailima i\u0161laid\u0173 ir u\u017e bet kok\u012f suk\u010diavim\u0105 be i\u0161imties bus persekiojama visa \u012fstatym\u0173 nustatyta apimtimi. Be to, mes imsim\u0117s civilini\u0173 ie\u0161kini\u0173, siekdami prarasti su suk\u010diavimu susijusias pajamas, \u012fskaitant verslo, teisini\u0173 mokes\u010di\u0173, tyrim\u0173 i\u0161laidas, darbuotoj\u0173 prastov\u0105 ir pajam\u0173 praradim\u0105.<\/p><p>Visi nemandag\u016bs mok\u0117jim\u0173 gr\u0105\u017einimai ne tik kainuoja m\u016bs\u0173 darbuotojams laiko, kad nedirbtume \u012fprast\u0173 ir \u012fprast\u0173 verslo reikal\u0173, bet ir mums kainuoja pinigus, tod\u0117l:<\/p><p>J\u016bs sutinkate, kad jei nuspr\u0119site pirkti i\u0161 MIISOO.com ir pateiksite gin\u010d\u0105\/pretenzij\u0105 arba mok\u0117jimo gr\u0105\u017einim\u0105 savo kredito kortel\u0117s \u012fmonei d\u0117l situacijos, kuri prie\u0161tarauja m\u016bs\u0173 taisykl\u0117ms ir s\u0105lygoms, su kuriomis sutinkate pateikdami u\u017esakym\u0105 ARBA nepaskyr\u0117te mums pakankamai laikas pripa\u017einti, patvirtinti ir i\u0161tirti situacij\u0105; ir d\u0117l bet kokio rezultato j\u016bs nelaimite mokes\u010di\u0173 gr\u0105\u017einimo argumento ar gin\u010do \/ pretenzijos.<\/p><p>Jei laim\u0117site apmokestinim\u0105 i\u0161 savo kredito kortel\u0117s \u012fmon\u0117s, MIISOO.com bandys susigr\u0105\u017einti nes\u0105\u017einingai u\u017egin\u010dytus mokes\u010dius ir papildomas i\u0161laidas per tre\u010diosios \u0161alies inkaso agent\u016br\u0105. Pateiktoje informacijoje bus nurodytas vardas, pavard\u0117, el. pa\u0161to adresas, u\u017esakymo data, u\u017esakymo suma, IP adresas, visas adresas ir telefono numeris.<\/p>\t\t\t\t\t\t\t\t<\/div>\n\t\t\t\t<\/div>\n\t\t\t\t\t<\/div>\n\t\t<\/div>\n\t\t\t\t<div class=\"elementor-column elementor-col-25 elementor-top-column elementor-element elementor-element-df603f8\" data-id=\"df603f8\" data-element_type=\"column\">\n\t\t\t<div class=\"elementor-widget-wrap\">\n\t\t\t\t\t\t\t<\/div>\n\t\t<\/div>\n\t\t\t\t\t<\/div>\n\t\t<\/section>\n\t\t\t\t<\/div>","protected":false},"excerpt":{"rendered":"<p>Last updated on May 25th, 2017 at 10:23 am WARNING. This site contains sexually oriented adult material intended for individuals 18 years of age or older. If you are not yet 18. By viewing this site you agree that you understand and the below terms: 18 YEARS AND OLDER MIISOO.com cannot prohibit minors from visiting&hellip;<\/p>","protected":false},"author":455,"featured_media":0,"parent":0,"menu_order":0,"comment_status":"closed","ping_status":"open","template":"","meta":{"footnotes":""},"class_list":["post-4494","page","type-page","status-publish","hentry"],"yoast_head":"<!-- This site is optimized with the Yoast SEO Premium plugin v22.6 (Yoast SEO v22.9) - https:\/\/yoast.com\/wordpress\/plugins\/seo\/ -->\n<title>Explore Adult Content| Age 18+ Disclaimer | MiisooDoll<\/title>\n<meta name=\"description\" content=\"Discover adult content responsibly with MiisooDoll&#039;s age 18+ disclaimer. Explore a world of intimate satisfaction while prioritizing legal and ethical guidelines.\" \/>\n<meta name=\"robots\" content=\"index, follow, max-snippet:-1, max-image-preview:large, max-video-preview:-1\" \/>\n<link rel=\"canonical\" href=\"https:\/\/www.miisoo.com\/lt\/disclaimer-18\/\" \/>\n<meta property=\"og:locale\" content=\"lt_LT\" \/>\n<meta property=\"og:type\" content=\"article\" \/>\n<meta property=\"og:title\" content=\"Disclaimer 18+\" \/>\n<meta property=\"og:description\" content=\"Discover adult content responsibly with MiisooDoll&#039;s age 18+ disclaimer. Explore a world of intimate satisfaction while prioritizing legal and ethical guidelines.\" \/>\n<meta property=\"og:url\" content=\"https:\/\/www.miisoo.com\/lt\/disclaimer-18\/\" \/>\n<meta property=\"og:site_name\" content=\"MiisooDoll\" \/>\n<meta property=\"article:publisher\" content=\"https:\/\/www.facebook.com\/miisoodoll\" \/>\n<meta property=\"article:modified_time\" content=\"2023-12-22T12:07:15+00:00\" \/>\n<meta name=\"twitter:card\" content=\"summary_large_image\" \/>\n<meta name=\"twitter:site\" content=\"@MiisooSexDolls\" \/>\n<meta name=\"twitter:label1\" content=\"Est. reading time\" \/>\n\t<meta name=\"twitter:data1\" content=\"4 minut\u0117s\" \/>\n<!-- \/ Yoast SEO Premium plugin. -->","yoast_head_json":{"title":"Explore Adult Content| Age 18+ Disclaimer | MiisooDoll","description":"Discover adult content responsibly with MiisooDoll's age 18+ disclaimer. Explore a world of intimate satisfaction while prioritizing legal and ethical guidelines.","robots":{"index":"index","follow":"follow","max-snippet":"max-snippet:-1","max-image-preview":"max-image-preview:large","max-video-preview":"max-video-preview:-1"},"canonical":"https:\/\/www.miisoo.com\/lt\/disclaimer-18\/","og_locale":"lt_LT","og_type":"article","og_title":"Disclaimer 18+","og_description":"Discover adult content responsibly with MiisooDoll's age 18+ disclaimer. Explore a world of intimate satisfaction while prioritizing legal and ethical guidelines.","og_url":"https:\/\/www.miisoo.com\/lt\/disclaimer-18\/","og_site_name":"MiisooDoll","article_publisher":"https:\/\/www.facebook.com\/miisoodoll","article_modified_time":"2023-12-22T12:07:15+00:00","twitter_card":"summary_large_image","twitter_site":"@MiisooSexDolls","twitter_misc":{"Est. reading time":"4 minut\u0117s"},"schema":{"@context":"https:\/\/schema.org","@graph":[{"@type":"WebPage","@id":"https:\/\/www.miisoo.com\/disclaimer-18\/","url":"https:\/\/www.miisoo.com\/disclaimer-18\/","name":"Explore Adult Content| Age 18+ Disclaimer | MiisooDoll","isPartOf":{"@id":"https:\/\/www.miisoo.com\/#website"},"datePublished":"2020-09-16T06:42:35+00:00","dateModified":"2023-12-22T12:07:15+00:00","description":"Discover adult content responsibly with MiisooDoll's age 18+ disclaimer. Explore a world of intimate satisfaction while prioritizing legal and ethical guidelines.","breadcrumb":{"@id":"https:\/\/www.miisoo.com\/disclaimer-18\/#breadcrumb"},"inLanguage":"lt-LT","potentialAction":[{"@type":"ReadAction","target":["https:\/\/www.miisoo.com\/disclaimer-18\/"]}]},{"@type":"BreadcrumbList","@id":"https:\/\/www.miisoo.com\/disclaimer-18\/#breadcrumb","itemListElement":[{"@type":"ListItem","position":1,"name":"Home","item":"https:\/\/www.miisoo.com\/"},{"@type":"ListItem","position":2,"name":"Disclaimer 18+"}]},{"@type":"WebSite","@id":"https:\/\/www.miisoo.com\/#website","url":"https:\/\/www.miisoo.com\/","name":"MiisooDoll","description":"Sexual Doll, Real Sex Dolls, Love Doll, Best Sex Dolls","publisher":{"@id":"https:\/\/www.miisoo.com\/#organization"},"potentialAction":[{"@type":"SearchAction","target":{"@type":"EntryPoint","urlTemplate":"https:\/\/www.miisoo.com\/?s={search_term_string}"},"query-input":"required name=search_term_string"}],"inLanguage":"lt-LT"},{"@type":"Organization","@id":"https:\/\/www.miisoo.com\/#organization","name":"MiisooDoll","url":"https:\/\/www.miisoo.com\/","logo":{"@type":"ImageObject","inLanguage":"lt-LT","@id":"https:\/\/www.miisoo.com\/#\/schema\/logo\/image\/","url":"https:\/\/www.miisoo.com\/wp-content\/uploads\/2020\/09\/logo-botton.png","contentUrl":"https:\/\/www.miisoo.com\/wp-content\/uploads\/2020\/09\/logo-botton.png","width":181,"height":42,"caption":"MiisooDoll"},"image":{"@id":"https:\/\/www.miisoo.com\/#\/schema\/logo\/image\/"},"sameAs":["https:\/\/www.facebook.com\/miisoodoll","https:\/\/x.com\/MiisooSexDolls"]}]}},"_links":{"self":[{"href":"https:\/\/www.miisoo.com\/lt\/wp-json\/wp\/v2\/pages\/4494","targetHints":{"allow":["GET"]}}],"collection":[{"href":"https:\/\/www.miisoo.com\/lt\/wp-json\/wp\/v2\/pages"}],"about":[{"href":"https:\/\/www.miisoo.com\/lt\/wp-json\/wp\/v2\/types\/page"}],"author":[{"embeddable":true,"href":"https:\/\/www.miisoo.com\/lt\/wp-json\/wp\/v2\/users\/455"}],"replies":[{"embeddable":true,"href":"https:\/\/www.miisoo.com\/lt\/wp-json\/wp\/v2\/comments?post=4494"}],"version-history":[{"count":1,"href":"https:\/\/www.miisoo.com\/lt\/wp-json\/wp\/v2\/pages\/4494\/revisions"}],"predecessor-version":[{"id":34670,"href":"https:\/\/www.miisoo.com\/lt\/wp-json\/wp\/v2\/pages\/4494\/revisions\/34670"}],"wp:attachment":[{"href":"https:\/\/www.miisoo.com\/lt\/wp-json\/wp\/v2\/media?parent=4494"}],"curies":[{"name":"wp","href":"https:\/\/api.w.org\/{rel}","templated":true}]}}