{"id":4487,"date":"2020-09-16T14:30:21","date_gmt":"2020-09-16T06:30:21","guid":{"rendered":"http:\/\/miisoo.com\/?page_id=4487"},"modified":"2021-05-12T10:35:54","modified_gmt":"2021-05-12T02:35:54","slug":"factory-photos","status":"publish","type":"page","link":"https:\/\/www.miisoo.com\/lt\/factory-photos\/","title":{"rendered":"Gamyklos nuotraukos"},"content":{"rendered":"<div data-elementor-type=\"wp-page\" data-elementor-id=\"4487\" class=\"elementor elementor-4487\" data-elementor-post-type=\"page\">\n\t\t\t\t\t\t<section class=\"elementor-section elementor-top-section elementor-element elementor-element-c76458e elementor-section-boxed elementor-section-height-default elementor-section-height-default\" data-id=\"c76458e\" data-element_type=\"section\">\n\t\t\t\t\t\t<div class=\"elementor-container elementor-column-gap-default\">\n\t\t\t\t\t<div class=\"elementor-column elementor-col-25 elementor-top-column elementor-element elementor-element-8b5e8e1\" data-id=\"8b5e8e1\" data-element_type=\"column\">\n\t\t\t<div class=\"elementor-widget-wrap\">\n\t\t\t\t\t\t\t<\/div>\n\t\t<\/div>\n\t\t\t\t<div class=\"elementor-column elementor-col-50 elementor-top-column elementor-element elementor-element-5afa608\" data-id=\"5afa608\" data-element_type=\"column\">\n\t\t\t<div class=\"elementor-widget-wrap elementor-element-populated\">\n\t\t\t\t\t\t<div class=\"elementor-element elementor-element-1111958 elementor-widget elementor-widget-text-editor\" data-id=\"1111958\" data-element_type=\"widget\" data-widget_type=\"text-editor.default\">\n\t\t\t\t<div class=\"elementor-widget-container\">\n\t\t\t\t\t\t\t\t\t<p>Nerekomenduojame atpiginti ar per brangiai \u012fsigyti sekso l\u0117l\u0117s. Sekso l\u0117l\u0117s skirtos ne tik seksui, bet ir meilei, draugystei, glaustymuisi, fotografavimui ir dar daugiau. Norisi ka\u017eko, kas gerai atrodyt\u0173, jaustum\u0117t\u0117s gerai ir tarnaut\u0173 ilgus metus. \u0160tai kod\u0117l svarbu \u012fsigyti autenti\u0161k\u0105 l\u0117l\u0119 i\u0161 gamintoj\u0173 ir dizaineri\u0173.<\/p><p>\u0160is vaizd\u0173 rinkinys rodo mus i\u0161 m\u016bs\u0173 MIISOO gamyklos. Kasdien einame \u012f darb\u0105 ir dirbame sekso l\u0117li\u0173 fabrike. \u0160iose nuotraukose pavaizduoti m\u016bs\u0173 gamybos cechai ir l\u0117li\u0173 nuotraukos, kurios kuria l\u0117les \u012fmonei MIISOO \u2013 \u012fmonei, \u012fsik\u016brusiai Kinijoje.<\/p><p>\u0160ios gamyklin\u0117s nuotraukos yra neredaguotos m\u016bs\u0173 TPE ir silikonini\u0173 tikr\u0173 sekso l\u0117li\u0173 nuotraukos. \u0160ias nuotraukas daro gamyklos darbuotojai su savo mobili\u0173j\u0173 telefon\u0173 kameromis ir jos n\u0117ra redaguojamos kaip studijos fotosesijos, naudojamos sekso l\u0117l\u0117ms reklamuoti ir parduoti. \u0160ios nuotraukos leid\u017eia suprasti, ko tik\u0117tis perkant sekso l\u0117l\u0119, ir \u012fsitikinti, kad gausite b\u016btent tai, ko tikit\u0117s. \u010cia n\u0117ra \u017eaving\u0173 nuotrauk\u0173!<\/p><p>Jei klientas pra\u0161o patikrinti nuotraukas prie\u0161 i\u0161siun\u010diant, \u017einoma, joki\u0173 problem\u0173. Kai j\u016bs\u0173 l\u0117l\u0117 bus pagaminta, gausite el. lai\u0161k\u0105 tiesiai i\u0161 m\u016bs\u0173 klient\u0173 aptarnavimo komandos, kurios temos eilut\u0117je bus u\u017era\u0161as \u201eGamyklin\u0117s nuotraukos\u201c. \u0160iame el. lai\u0161ke bus j\u016bs\u0173 IDENTI\u0160KOS REALI\u0160KOS SEKSO L\u0116L\u0116S nuotraukos, pagamintos pagal tikslias u\u017esakymo specifikacijas.<\/p>\t\t\t\t\t\t\t\t<\/div>\n\t\t\t\t<\/div>\n\t\t\t\t\t<\/div>\n\t\t<\/div>\n\t\t\t\t<div class=\"elementor-column elementor-col-25 elementor-top-column elementor-element elementor-element-df603f8\" data-id=\"df603f8\" data-element_type=\"column\">\n\t\t\t<div class=\"elementor-widget-wrap\">\n\t\t\t\t\t\t\t<\/div>\n\t\t<\/div>\n\t\t\t\t\t<\/div>\n\t\t<\/section>\n\t\t\t\t<section class=\"elementor-section elementor-top-section elementor-element elementor-element-16213e8 elementor-section-boxed elementor-section-height-default elementor-section-height-default\" data-id=\"16213e8\" data-element_type=\"section\">\n\t\t\t\t\t\t<div class=\"elementor-container elementor-column-gap-default\">\n\t\t\t\t\t<div class=\"elementor-column elementor-col-33 elementor-top-column elementor-element elementor-element-0f76d60\" data-id=\"0f76d60\" data-element_type=\"column\">\n\t\t\t<div class=\"elementor-widget-wrap\">\n\t\t\t\t\t\t\t<\/div>\n\t\t<\/div>\n\t\t\t\t<div class=\"elementor-column elementor-col-33 elementor-top-column elementor-element elementor-element-6ba262e\" data-id=\"6ba262e\" data-element_type=\"column\">\n\t\t\t<div class=\"elementor-widget-wrap elementor-element-populated\">\n\t\t\t\t\t\t<section class=\"elementor-section elementor-inner-section elementor-element elementor-element-0125113 elementor-section-boxed elementor-section-height-default elementor-section-height-default\" data-id=\"0125113\" data-element_type=\"section\">\n\t\t\t\t\t\t<div class=\"elementor-container elementor-column-gap-default\">\n\t\t\t\t\t<div class=\"elementor-column elementor-col-33 elementor-inner-column elementor-element elementor-element-df5db31\" data-id=\"df5db31\" data-element_type=\"column\">\n\t\t\t<div class=\"elementor-widget-wrap elementor-element-populated\">\n\t\t\t\t\t\t<div class=\"elementor-element elementor-element-e311697 elementor-widget elementor-widget-image\" data-id=\"e311697\" data-element_type=\"widget\" data-widget_type=\"image.default\">\n\t\t\t\t<div class=\"elementor-widget-container\">\n\t\t\t\t\t\t\t\t\t\t\t\t\t\t\t<img decoding=\"async\" src=\"https:\/\/www.miisoo.com\/wp-content\/uploads\/2020\/12\/MiisooDoll-Factory-Photo-9.jpg\" title=\"MiisooDoll-Factory-Photo-9\" alt=\"MiisooDoll-Factory-Photo-9\" loading=\"lazy\" \/>\t\t\t\t\t\t\t\t\t\t\t\t\t\t\t<\/div>\n\t\t\t\t<\/div>\n\t\t\t\t<div class=\"elementor-element elementor-element-d7521c2 elementor-widget elementor-widget-spacer\" data-id=\"d7521c2\" data-element_type=\"widget\" data-widget_type=\"spacer.default\">\n\t\t\t\t<div class=\"elementor-widget-container\">\n\t\t\t\t\t\t\t<div class=\"elementor-spacer\">\n\t\t\t<div class=\"elementor-spacer-inner\"><\/div>\n\t\t<\/div>\n\t\t\t\t\t\t<\/div>\n\t\t\t\t<\/div>\n\t\t\t\t\t<\/div>\n\t\t<\/div>\n\t\t\t\t<div class=\"elementor-column elementor-col-33 elementor-inner-column elementor-element elementor-element-5535442\" data-id=\"5535442\" data-element_type=\"column\">\n\t\t\t<div class=\"elementor-widget-wrap elementor-element-populated\">\n\t\t\t\t\t\t<div class=\"elementor-element elementor-element-054bb83 elementor-widget elementor-widget-image\" data-id=\"054bb83\" data-element_type=\"widget\" data-widget_type=\"image.default\">\n\t\t\t\t<div class=\"elementor-widget-container\">\n\t\t\t\t\t\t\t\t\t\t\t\t\t\t\t<img decoding=\"async\" src=\"https:\/\/www.miisoo.com\/wp-content\/uploads\/2020\/12\/MiisooDoll-Factory-Photo-10.jpg\" title=\"MiisooDoll-Factory-Photo-10\" alt=\"MiisooDoll-Factory-Photo-10\" loading=\"lazy\" \/>\t\t\t\t\t\t\t\t\t\t\t\t\t\t\t<\/div>\n\t\t\t\t<\/div>\n\t\t\t\t\t<\/div>\n\t\t<\/div>\n\t\t\t\t<div class=\"elementor-column elementor-col-33 elementor-inner-column elementor-element elementor-element-fe49830\" data-id=\"fe49830\" data-element_type=\"column\">\n\t\t\t<div class=\"elementor-widget-wrap elementor-element-populated\">\n\t\t\t\t\t\t<div class=\"elementor-element elementor-element-2b2edbc elementor-widget elementor-widget-image\" data-id=\"2b2edbc\" data-element_type=\"widget\" data-widget_type=\"image.default\">\n\t\t\t\t<div class=\"elementor-widget-container\">\n\t\t\t\t\t\t\t\t\t\t\t\t\t\t\t<img decoding=\"async\" src=\"https:\/\/www.miisoo.com\/wp-content\/uploads\/2020\/12\/MiisooDoll-Factory-Photo-13.jpg\" title=\"MiisooDoll-Factory-Photo-13\" alt=\"MiisooDoll-Factory-Photo-13\" loading=\"lazy\" \/>\t\t\t\t\t\t\t\t\t\t\t\t\t\t\t<\/div>\n\t\t\t\t<\/div>\n\t\t\t\t\t<\/div>\n\t\t<\/div>\n\t\t\t\t\t<\/div>\n\t\t<\/section>\n\t\t\t\t<section class=\"elementor-section elementor-inner-section elementor-element elementor-element-5241307 elementor-section-boxed elementor-section-height-default elementor-section-height-default\" data-id=\"5241307\" data-element_type=\"section\">\n\t\t\t\t\t\t<div class=\"elementor-container elementor-column-gap-default\">\n\t\t\t\t\t<div class=\"elementor-column elementor-col-33 elementor-inner-column elementor-element elementor-element-5650f26\" data-id=\"5650f26\" data-element_type=\"column\">\n\t\t\t<div class=\"elementor-widget-wrap elementor-element-populated\">\n\t\t\t\t\t\t<div class=\"elementor-element elementor-element-0507f80 elementor-widget elementor-widget-image\" data-id=\"0507f80\" data-element_type=\"widget\" data-widget_type=\"image.default\">\n\t\t\t\t<div class=\"elementor-widget-container\">\n\t\t\t\t\t\t\t\t\t\t\t\t\t\t\t<img decoding=\"async\" src=\"https:\/\/www.miisoo.com\/wp-content\/uploads\/2020\/12\/MiisooDoll-Factory-Photo-12.jpg\" title=\"MiisooDoll-Factory-Photo-12\" alt=\"MiisooDoll-Factory-Photo-12\" loading=\"lazy\" \/>\t\t\t\t\t\t\t\t\t\t\t\t\t\t\t<\/div>\n\t\t\t\t<\/div>\n\t\t\t\t\t<\/div>\n\t\t<\/div>\n\t\t\t\t<div class=\"elementor-column elementor-col-33 elementor-inner-column elementor-element elementor-element-90b22a1\" data-id=\"90b22a1\" data-element_type=\"column\">\n\t\t\t<div class=\"elementor-widget-wrap elementor-element-populated\">\n\t\t\t\t\t\t<div class=\"elementor-element elementor-element-7d7d072 elementor-widget elementor-widget-image\" data-id=\"7d7d072\" data-element_type=\"widget\" data-widget_type=\"image.default\">\n\t\t\t\t<div class=\"elementor-widget-container\">\n\t\t\t\t\t\t\t\t\t\t\t\t\t\t\t<img decoding=\"async\" src=\"https:\/\/www.miisoo.com\/wp-content\/uploads\/2020\/12\/MiisooDoll-Factory-Photo-14.jpg\" title=\"MiisooDoll-Factory-Photo-14\" alt=\"MiisooDoll-Factory-Photo-14\" loading=\"lazy\" \/>\t\t\t\t\t\t\t\t\t\t\t\t\t\t\t<\/div>\n\t\t\t\t<\/div>\n\t\t\t\t\t<\/div>\n\t\t<\/div>\n\t\t\t\t<div class=\"elementor-column elementor-col-33 elementor-inner-column elementor-element elementor-element-2210f39\" data-id=\"2210f39\" data-element_type=\"column\">\n\t\t\t<div class=\"elementor-widget-wrap elementor-element-populated\">\n\t\t\t\t\t\t<div class=\"elementor-element elementor-element-5c8cee0 elementor-widget elementor-widget-image\" data-id=\"5c8cee0\" data-element_type=\"widget\" data-widget_type=\"image.default\">\n\t\t\t\t<div class=\"elementor-widget-container\">\n\t\t\t\t\t\t\t\t\t\t\t\t\t\t\t<img decoding=\"async\" src=\"https:\/\/www.miisoo.com\/wp-content\/uploads\/2020\/12\/MiisooDoll-Factory-Photo-11.jpg\" title=\"MiisooDoll-Factory-Photo-11\" alt=\"MiisooDoll-Factory-Photo-11\" loading=\"lazy\" \/>\t\t\t\t\t\t\t\t\t\t\t\t\t\t\t<\/div>\n\t\t\t\t<\/div>\n\t\t\t\t\t<\/div>\n\t\t<\/div>\n\t\t\t\t\t<\/div>\n\t\t<\/section>\n\t\t\t\t<div class=\"elementor-element elementor-element-147281d elementor-widget elementor-widget-spacer\" data-id=\"147281d\" data-element_type=\"widget\" data-widget_type=\"spacer.default\">\n\t\t\t\t<div class=\"elementor-widget-container\">\n\t\t\t\t\t\t\t<div class=\"elementor-spacer\">\n\t\t\t<div class=\"elementor-spacer-inner\"><\/div>\n\t\t<\/div>\n\t\t\t\t\t\t<\/div>\n\t\t\t\t<\/div>\n\t\t\t\t<section class=\"elementor-section elementor-inner-section elementor-element elementor-element-61dee82 elementor-section-boxed elementor-section-height-default elementor-section-height-default\" data-id=\"61dee82\" data-element_type=\"section\">\n\t\t\t\t\t\t<div class=\"elementor-container elementor-column-gap-default\">\n\t\t\t\t\t<div class=\"elementor-column elementor-col-25 elementor-inner-column elementor-element elementor-element-a43f58e\" data-id=\"a43f58e\" data-element_type=\"column\">\n\t\t\t<div class=\"elementor-widget-wrap elementor-element-populated\">\n\t\t\t\t\t\t<div class=\"elementor-element elementor-element-6008e44 elementor-widget elementor-widget-image\" data-id=\"6008e44\" data-element_type=\"widget\" data-widget_type=\"image.default\">\n\t\t\t\t<div class=\"elementor-widget-container\">\n\t\t\t\t\t\t\t\t\t\t\t\t\t\t\t<img decoding=\"async\" src=\"https:\/\/www.miisoo.com\/wp-content\/uploads\/2020\/12\/MiisooDoll-Factory-Photo-4.jpg\" title=\"MiisooDoll-Factory-Photo-4\" alt=\"MiisooDoll-Factory-Photo-4\" loading=\"lazy\" \/>\t\t\t\t\t\t\t\t\t\t\t\t\t\t\t<\/div>\n\t\t\t\t<\/div>\n\t\t\t\t<div class=\"elementor-element elementor-element-afc5383 elementor-widget elementor-widget-spacer\" data-id=\"afc5383\" data-element_type=\"widget\" data-widget_type=\"spacer.default\">\n\t\t\t\t<div class=\"elementor-widget-container\">\n\t\t\t\t\t\t\t<div class=\"elementor-spacer\">\n\t\t\t<div class=\"elementor-spacer-inner\"><\/div>\n\t\t<\/div>\n\t\t\t\t\t\t<\/div>\n\t\t\t\t<\/div>\n\t\t\t\t\t<\/div>\n\t\t<\/div>\n\t\t\t\t<div class=\"elementor-column elementor-col-25 elementor-inner-column elementor-element elementor-element-b0dde2c\" data-id=\"b0dde2c\" data-element_type=\"column\">\n\t\t\t<div class=\"elementor-widget-wrap elementor-element-populated\">\n\t\t\t\t\t\t<div class=\"elementor-element elementor-element-a7cb2ad elementor-widget elementor-widget-image\" data-id=\"a7cb2ad\" data-element_type=\"widget\" data-widget_type=\"image.default\">\n\t\t\t\t<div class=\"elementor-widget-container\">\n\t\t\t\t\t\t\t\t\t\t\t\t\t\t\t<img decoding=\"async\" src=\"https:\/\/www.miisoo.com\/wp-content\/uploads\/2020\/12\/MiisooDoll-Factory-Photo-3.jpg\" title=\"MiisooDoll-Factory-Photo-3\" alt=\"MiisooDoll-Factory-Photo-3\" loading=\"lazy\" \/>\t\t\t\t\t\t\t\t\t\t\t\t\t\t\t<\/div>\n\t\t\t\t<\/div>\n\t\t\t\t\t<\/div>\n\t\t<\/div>\n\t\t\t\t<div class=\"elementor-column elementor-col-25 elementor-inner-column elementor-element elementor-element-a9a3605\" data-id=\"a9a3605\" data-element_type=\"column\">\n\t\t\t<div class=\"elementor-widget-wrap elementor-element-populated\">\n\t\t\t\t\t\t<div class=\"elementor-element elementor-element-2f06d77 elementor-widget elementor-widget-image\" data-id=\"2f06d77\" data-element_type=\"widget\" data-widget_type=\"image.default\">\n\t\t\t\t<div class=\"elementor-widget-container\">\n\t\t\t\t\t\t\t\t\t\t\t\t\t\t\t<img decoding=\"async\" src=\"https:\/\/www.miisoo.com\/wp-content\/uploads\/2020\/12\/MiisooDoll-Factory-Photo-2.jpg\" title=\"MiisooDoll-Factory-Photo-2\" alt=\"MiisooDoll-Factory-Photo-2\" loading=\"lazy\" \/>\t\t\t\t\t\t\t\t\t\t\t\t\t\t\t<\/div>\n\t\t\t\t<\/div>\n\t\t\t\t\t<\/div>\n\t\t<\/div>\n\t\t\t\t<div class=\"elementor-column elementor-col-25 elementor-inner-column elementor-element elementor-element-3bc743a\" data-id=\"3bc743a\" data-element_type=\"column\">\n\t\t\t<div class=\"elementor-widget-wrap elementor-element-populated\">\n\t\t\t\t\t\t<div class=\"elementor-element elementor-element-39599f8 elementor-widget elementor-widget-image\" data-id=\"39599f8\" data-element_type=\"widget\" data-widget_type=\"image.default\">\n\t\t\t\t<div class=\"elementor-widget-container\">\n\t\t\t\t\t\t\t\t\t\t\t\t\t\t\t<img decoding=\"async\" src=\"https:\/\/www.miisoo.com\/wp-content\/uploads\/2020\/12\/MiisooDoll-Factory-Photo-1.jpg\" title=\"MiisooDoll-Factory-Photo-1\" alt=\"MiisooDoll-Factory-Photo-1\" loading=\"lazy\" \/>\t\t\t\t\t\t\t\t\t\t\t\t\t\t\t<\/div>\n\t\t\t\t<\/div>\n\t\t\t\t\t<\/div>\n\t\t<\/div>\n\t\t\t\t\t<\/div>\n\t\t<\/section>\n\t\t\t\t<section class=\"elementor-section elementor-inner-section elementor-element elementor-element-a03570f elementor-section-boxed elementor-section-height-default elementor-section-height-default\" data-id=\"a03570f\" data-element_type=\"section\">\n\t\t\t\t\t\t<div class=\"elementor-container elementor-column-gap-default\">\n\t\t\t\t\t<div class=\"elementor-column elementor-col-25 elementor-inner-column elementor-element elementor-element-6c63208\" data-id=\"6c63208\" data-element_type=\"column\">\n\t\t\t<div class=\"elementor-widget-wrap elementor-element-populated\">\n\t\t\t\t\t\t<div class=\"elementor-element elementor-element-88fdfc8 elementor-widget elementor-widget-image\" data-id=\"88fdfc8\" data-element_type=\"widget\" data-widget_type=\"image.default\">\n\t\t\t\t<div class=\"elementor-widget-container\">\n\t\t\t\t\t\t\t\t\t\t\t\t\t\t\t<img decoding=\"async\" src=\"https:\/\/www.miisoo.com\/wp-content\/uploads\/2020\/12\/MiisooDoll-Factory-Photo-16.jpg\" title=\"MiisooDoll-Factory-Photo-16\" alt=\"MiisooDoll-Factory-Photo-16\" loading=\"lazy\" \/>\t\t\t\t\t\t\t\t\t\t\t\t\t\t\t<\/div>\n\t\t\t\t<\/div>\n\t\t\t\t\t<\/div>\n\t\t<\/div>\n\t\t\t\t<div class=\"elementor-column elementor-col-25 elementor-inner-column elementor-element elementor-element-d0fdf66\" data-id=\"d0fdf66\" data-element_type=\"column\">\n\t\t\t<div class=\"elementor-widget-wrap elementor-element-populated\">\n\t\t\t\t\t\t<div class=\"elementor-element elementor-element-81563fb elementor-widget elementor-widget-image\" data-id=\"81563fb\" data-element_type=\"widget\" data-widget_type=\"image.default\">\n\t\t\t\t<div class=\"elementor-widget-container\">\n\t\t\t\t\t\t\t\t\t\t\t\t\t\t\t<img decoding=\"async\" src=\"https:\/\/www.miisoo.com\/wp-content\/uploads\/2020\/12\/MiisooDoll-Factory-Photo-5.jpg\" title=\"MiisooDoll-Factory-Photo-5\" alt=\"MiisooDoll-Factory-Photo-5\" loading=\"lazy\" \/>\t\t\t\t\t\t\t\t\t\t\t\t\t\t\t<\/div>\n\t\t\t\t<\/div>\n\t\t\t\t\t<\/div>\n\t\t<\/div>\n\t\t\t\t<div class=\"elementor-column elementor-col-25 elementor-inner-column elementor-element elementor-element-757f6c4\" data-id=\"757f6c4\" data-element_type=\"column\">\n\t\t\t<div class=\"elementor-widget-wrap elementor-element-populated\">\n\t\t\t\t\t\t<div class=\"elementor-element elementor-element-90ae2cc elementor-widget elementor-widget-image\" data-id=\"90ae2cc\" data-element_type=\"widget\" data-widget_type=\"image.default\">\n\t\t\t\t<div class=\"elementor-widget-container\">\n\t\t\t\t\t\t\t\t\t\t\t\t\t\t\t<img decoding=\"async\" src=\"https:\/\/www.miisoo.com\/wp-content\/uploads\/2020\/12\/MiisooDoll-Factory-Photo-7.jpg\" title=\"MiisooDoll-Factory-Photo-7\" alt=\"MiisooDoll-Factory-Photo-7\" loading=\"lazy\" \/>\t\t\t\t\t\t\t\t\t\t\t\t\t\t\t<\/div>\n\t\t\t\t<\/div>\n\t\t\t\t\t<\/div>\n\t\t<\/div>\n\t\t\t\t<div class=\"elementor-column elementor-col-25 elementor-inner-column elementor-element elementor-element-a32fec8\" data-id=\"a32fec8\" data-element_type=\"column\">\n\t\t\t<div class=\"elementor-widget-wrap elementor-element-populated\">\n\t\t\t\t\t\t<div class=\"elementor-element elementor-element-4ab314f elementor-widget elementor-widget-image\" data-id=\"4ab314f\" data-element_type=\"widget\" data-widget_type=\"image.default\">\n\t\t\t\t<div class=\"elementor-widget-container\">\n\t\t\t\t\t\t\t\t\t\t\t\t\t\t\t<img decoding=\"async\" src=\"https:\/\/www.miisoo.com\/wp-content\/uploads\/2020\/12\/MiisooDoll-Factory-Photo-6.jpg\" title=\"MiisooDoll-Factory-Photo-6\" alt=\"MiisooDoll-Factory-Photo-6\" loading=\"lazy\" \/>\t\t\t\t\t\t\t\t\t\t\t\t\t\t\t<\/div>\n\t\t\t\t<\/div>\n\t\t\t\t\t<\/div>\n\t\t<\/div>\n\t\t\t\t\t<\/div>\n\t\t<\/section>\n\t\t\t\t\t<\/div>\n\t\t<\/div>\n\t\t\t\t<div class=\"elementor-column elementor-col-33 elementor-top-column elementor-element elementor-element-6070460\" data-id=\"6070460\" data-element_type=\"column\">\n\t\t\t<div class=\"elementor-widget-wrap\">\n\t\t\t\t\t\t\t<\/div>\n\t\t<\/div>\n\t\t\t\t\t<\/div>\n\t\t<\/section>\n\t\t\t\t<section class=\"elementor-section elementor-top-section elementor-element elementor-element-7ac3120 elementor-section-boxed elementor-section-height-default elementor-section-height-default\" data-id=\"7ac3120\" data-element_type=\"section\">\n\t\t\t\t\t\t<div class=\"elementor-container elementor-column-gap-default\">\n\t\t\t\t\t<div class=\"elementor-column elementor-col-100 elementor-top-column elementor-element elementor-element-bef5853\" data-id=\"bef5853\" data-element_type=\"column\">\n\t\t\t<div class=\"elementor-widget-wrap\">\n\t\t\t\t\t\t\t<\/div>\n\t\t<\/div>\n\t\t\t\t\t<\/div>\n\t\t<\/section>\n\t\t\t\t<\/div>","protected":false},"excerpt":{"rendered":"<p>Nerekomenduojame atpiginti ar per brangiai \u012fsigyti sekso l\u0117l\u0117s. Sekso l\u0117l\u0117s skirtos ne tik seksui, bet ir meilei, draugystei, glaustymuisi, fotografavimui ir dar daugiau. Norisi ka\u017eko, kas gerai atrodyt\u0173, jaustum\u0117t\u0117s gerai ir tarnaut\u0173 ilgus metus. \u0160tai kod\u0117l svarbu \u012fsigyti autenti\u0161k\u0105 l\u0117l\u0119 i\u0161\u2026<\/p>","protected":false},"author":455,"featured_media":0,"parent":0,"menu_order":0,"comment_status":"closed","ping_status":"open","template":"","meta":{"footnotes":""},"class_list":["post-4487","page","type-page","status-publish","hentry"],"yoast_head":"<!-- This site is optimized with the Yoast SEO Premium plugin v22.6 (Yoast SEO v22.9) - https:\/\/yoast.com\/wordpress\/plugins\/seo\/ -->\n<title>Sex Doll Factory Photos - MiisooDoll<\/title>\n<meta name=\"description\" content=\"The following images shows us from our MiisooDoll factory. These factory photos show our production workshops and doll photos\" \/>\n<meta name=\"robots\" content=\"index, follow, max-snippet:-1, max-image-preview:large, max-video-preview:-1\" \/>\n<link rel=\"canonical\" href=\"https:\/\/www.miisoo.com\/lt\/factory-photos\/\" \/>\n<meta property=\"og:locale\" content=\"lt_LT\" \/>\n<meta property=\"og:type\" content=\"article\" \/>\n<meta property=\"og:title\" content=\"Factory Photos\" \/>\n<meta property=\"og:description\" content=\"The following images shows us from our MiisooDoll factory. These factory photos show our production workshops and doll photos\" \/>\n<meta property=\"og:url\" content=\"https:\/\/www.miisoo.com\/lt\/factory-photos\/\" \/>\n<meta property=\"og:site_name\" content=\"MiisooDoll\" \/>\n<meta property=\"article:publisher\" content=\"https:\/\/www.facebook.com\/miisoodoll\" \/>\n<meta property=\"article:modified_time\" content=\"2021-05-12T02:35:54+00:00\" \/>\n<meta property=\"og:image\" content=\"https:\/\/www.miisoo.com\/wp-content\/uploads\/2020\/12\/MiisooDoll-Factory-Photo-9.jpg\" \/>\n<meta name=\"twitter:card\" content=\"summary_large_image\" \/>\n<meta name=\"twitter:site\" content=\"@MiisooSexDolls\" \/>\n<meta name=\"twitter:label1\" content=\"Est. reading time\" \/>\n\t<meta name=\"twitter:data1\" content=\"4 minut\u0117s\" \/>\n<!-- \/ Yoast SEO Premium plugin. -->","yoast_head_json":{"title":"Sex Doll Factory Photos - MiisooDoll","description":"The following images shows us from our MiisooDoll factory. These factory photos show our production workshops and doll photos","robots":{"index":"index","follow":"follow","max-snippet":"max-snippet:-1","max-image-preview":"max-image-preview:large","max-video-preview":"max-video-preview:-1"},"canonical":"https:\/\/www.miisoo.com\/lt\/factory-photos\/","og_locale":"lt_LT","og_type":"article","og_title":"Factory Photos","og_description":"The following images shows us from our MiisooDoll factory. These factory photos show our production workshops and doll photos","og_url":"https:\/\/www.miisoo.com\/lt\/factory-photos\/","og_site_name":"MiisooDoll","article_publisher":"https:\/\/www.facebook.com\/miisoodoll","article_modified_time":"2021-05-12T02:35:54+00:00","og_image":[{"url":"https:\/\/www.miisoo.com\/wp-content\/uploads\/2020\/12\/MiisooDoll-Factory-Photo-9.jpg"}],"twitter_card":"summary_large_image","twitter_site":"@MiisooSexDolls","twitter_misc":{"Est. reading time":"4 minut\u0117s"},"schema":{"@context":"https:\/\/schema.org","@graph":[{"@type":"WebPage","@id":"https:\/\/www.miisoo.com\/es\/factory-photos\/","url":"https:\/\/www.miisoo.com\/es\/factory-photos\/","name":"Sex Doll Factory Photos - MiisooDoll","isPartOf":{"@id":"https:\/\/www.miisoo.com\/#website"},"primaryImageOfPage":{"@id":"https:\/\/www.miisoo.com\/es\/factory-photos\/#primaryimage"},"image":{"@id":"https:\/\/www.miisoo.com\/es\/factory-photos\/#primaryimage"},"thumbnailUrl":"https:\/\/www.miisoo.com\/wp-content\/uploads\/2020\/12\/MiisooDoll-Factory-Photo-9.jpg","datePublished":"2020-09-16T06:30:21+00:00","dateModified":"2021-05-12T02:35:54+00:00","description":"The following images shows us from our MiisooDoll factory. These factory photos show our production workshops and doll photos","breadcrumb":{"@id":"https:\/\/www.miisoo.com\/es\/factory-photos\/#breadcrumb"},"inLanguage":"lt-LT","potentialAction":[{"@type":"ReadAction","target":["https:\/\/www.miisoo.com\/es\/factory-photos\/"]}]},{"@type":"ImageObject","inLanguage":"lt-LT","@id":"https:\/\/www.miisoo.com\/es\/factory-photos\/#primaryimage","url":"https:\/\/www.miisoo.com\/wp-content\/uploads\/2020\/12\/MiisooDoll-Factory-Photo-9.jpg","contentUrl":"https:\/\/www.miisoo.com\/wp-content\/uploads\/2020\/12\/MiisooDoll-Factory-Photo-9.jpg"},{"@type":"BreadcrumbList","@id":"https:\/\/www.miisoo.com\/es\/factory-photos\/#breadcrumb","itemListElement":[{"@type":"ListItem","position":1,"name":"Home","item":"https:\/\/www.miisoo.com\/"},{"@type":"ListItem","position":2,"name":"Factory Photos"}]},{"@type":"WebSite","@id":"https:\/\/www.miisoo.com\/#website","url":"https:\/\/www.miisoo.com\/","name":"MiisooDoll","description":"Sexual Doll, Real Sex Dolls, Love Doll, Best Sex Dolls","publisher":{"@id":"https:\/\/www.miisoo.com\/#organization"},"potentialAction":[{"@type":"SearchAction","target":{"@type":"EntryPoint","urlTemplate":"https:\/\/www.miisoo.com\/?s={search_term_string}"},"query-input":"required name=search_term_string"}],"inLanguage":"lt-LT"},{"@type":"Organization","@id":"https:\/\/www.miisoo.com\/#organization","name":"MiisooDoll","url":"https:\/\/www.miisoo.com\/","logo":{"@type":"ImageObject","inLanguage":"lt-LT","@id":"https:\/\/www.miisoo.com\/#\/schema\/logo\/image\/","url":"https:\/\/www.miisoo.com\/wp-content\/uploads\/2020\/09\/logo-botton.png","contentUrl":"https:\/\/www.miisoo.com\/wp-content\/uploads\/2020\/09\/logo-botton.png","width":181,"height":42,"caption":"MiisooDoll"},"image":{"@id":"https:\/\/www.miisoo.com\/#\/schema\/logo\/image\/"},"sameAs":["https:\/\/www.facebook.com\/miisoodoll","https:\/\/x.com\/MiisooSexDolls"]}]}},"_links":{"self":[{"href":"https:\/\/www.miisoo.com\/lt\/wp-json\/wp\/v2\/pages\/4487","targetHints":{"allow":["GET"]}}],"collection":[{"href":"https:\/\/www.miisoo.com\/lt\/wp-json\/wp\/v2\/pages"}],"about":[{"href":"https:\/\/www.miisoo.com\/lt\/wp-json\/wp\/v2\/types\/page"}],"author":[{"embeddable":true,"href":"https:\/\/www.miisoo.com\/lt\/wp-json\/wp\/v2\/users\/455"}],"replies":[{"embeddable":true,"href":"https:\/\/www.miisoo.com\/lt\/wp-json\/wp\/v2\/comments?post=4487"}],"version-history":[{"count":0,"href":"https:\/\/www.miisoo.com\/lt\/wp-json\/wp\/v2\/pages\/4487\/revisions"}],"wp:attachment":[{"href":"https:\/\/www.miisoo.com\/lt\/wp-json\/wp\/v2\/media?parent=4487"}],"curies":[{"name":"wp","href":"https:\/\/api.w.org\/{rel}","templated":true}]}}