{"id":3,"date":"2020-09-05T13:19:56","date_gmt":"2020-09-05T13:19:56","guid":{"rendered":"http:\/\/miisoo.com\/?page_id=3"},"modified":"2023-12-22T20:16:22","modified_gmt":"2023-12-22T12:16:22","slug":"privacy-policy","status":"publish","type":"page","link":"https:\/\/www.miisoo.com\/lt\/privacy-policy\/","title":{"rendered":"Privatumo politika"},"content":{"rendered":"<div data-elementor-type=\"wp-page\" data-elementor-id=\"3\" class=\"elementor elementor-3\" data-elementor-post-type=\"page\">\n\t\t\t\t\t\t<section class=\"elementor-section elementor-top-section elementor-element elementor-element-c76458e elementor-section-boxed elementor-section-height-default elementor-section-height-default\" data-id=\"c76458e\" data-element_type=\"section\">\n\t\t\t\t\t\t<div class=\"elementor-container elementor-column-gap-default\">\n\t\t\t\t\t<div class=\"elementor-column elementor-col-25 elementor-top-column elementor-element elementor-element-8b5e8e1\" data-id=\"8b5e8e1\" data-element_type=\"column\">\n\t\t\t<div class=\"elementor-widget-wrap\">\n\t\t\t\t\t\t\t<\/div>\n\t\t<\/div>\n\t\t\t\t<div class=\"elementor-column elementor-col-50 elementor-top-column elementor-element elementor-element-5afa608\" data-id=\"5afa608\" data-element_type=\"column\">\n\t\t\t<div class=\"elementor-widget-wrap elementor-element-populated\">\n\t\t\t\t\t\t<div class=\"elementor-element elementor-element-1111958 elementor-widget elementor-widget-text-editor\" data-id=\"1111958\" data-element_type=\"widget\" data-widget_type=\"text-editor.default\">\n\t\t\t\t<div class=\"elementor-widget-container\">\n\t\t\t\t\t\t\t\t\t<p>MIISOO yra vienintelis informacijos, kuri\u0105 renkame \u0161ioje svetain\u0117je, savininkas, mes neparduodame, nenuomojame ir nesidaliname \u0161ia informacija su jokia kita \u012fmone rinkodaros tikslais. \u017dinome, kad jums r\u016bpi, kaip j\u016bs\u0173 asmenin\u0117 informacija naudojama ir dalijamasi, ir vertiname j\u016bs\u0173 pasitik\u0117jim\u0105 mumis. J\u016bs\u0173 asmenin\u0119 informacij\u0105 tvarkome laikydamiesi auk\u0161\u010diausi\u0173 saugos, saugumo ir konfidencialumo standart\u0173.<\/p>\n<p><strong>K. A\u0161 nerimauju d\u0117l savo privatumo. Kaip galite apsaugoti mano konfidencialum\u0105?<\/strong><\/p>\n<p>A. Esame labai susir\u016bpin\u0119 d\u0117l elektroninio privatumo, nes esame internetin\u0117 \u012fmon\u0117. U\u017esakymo ir vykdymo procese saugome j\u016bs\u0173 privatum\u0105, konfidencialum\u0105 ir asmenin\u0119 informacij\u0105. Mes nesaugome j\u016bs\u0173 duomen\u0173 kompiuteryje, tod\u0117l tai rei\u0161kia, kad n\u0117ra jokio b\u016bdo panaudoti j\u016bs\u0173 asmenin\u0119 informacij\u0105 prie\u0161 jus arba pavogti j\u0105 tre\u010diosios \u0161alies svetain\u0117je. Taip pat saugome j\u016bs\u0173 privatum\u0105 mokydami savo pardavim\u0173 darbuotojus b\u016bti paslaugiais ir, svarbiausia, diskreti\u0161kus. M\u016bs\u0173 administracijos darbuotojai su niekuo neaptarin\u0117s j\u016bs\u0173 ar j\u016bs\u0173 verslo. Galite b\u016bti tikri, kad mes greitai pamir\u0161tame visk\u0105, k\u0105 sukaup\u0117me ant j\u016bs\u0173. Tokios informacijos nesaugome, tod\u0117l jums nereik\u0117s jaudintis.<\/p>\n<p>Visi m\u016bs\u0173 pardavim\u0173 darbuotojai yra atrinkti rankomis ir apmokyti, kad suprast\u0173, kaip i\u0161laikyti klient\u0173 konfidencialum\u0105. N\u0117 vienam personalo nariui, kuris pa\u017eeid\u017eia \u0161ias konfidencialumo taisykles, neleid\u017eiama pasilikti. M\u016bs\u0173 darbuotojai taip pat tarpusavyje neaptaria klient\u0173 ar j\u0173 pirkini\u0173. Mes mokome juos, kad tokio pob\u016bd\u017eio tu\u0161\u010dios apkalbos tiesiog n\u0117ra naudingos ar naudingos, tod\u0117l geriausias b\u016bdas su jais susidoroti yra tiesiog to nedaryti. Negalite visi\u0161kai m\u0117gautis pirkiniu, jei nerimaujate, kad j\u016bs\u0173 asmeninis verslas bus atskleistas.<\/p>\n<p>J\u016bs\u0173 sekso l\u0117l\u0117s pirkimas i\u0161liks visi\u0161kai slaptas tol, kol tur\u0117sime k\u0105 apie tai pasakyti. I\u0161saugosime j\u016bs\u0173 privatum\u0105 nuo prad\u017eios iki pabaigos ir \u0161iuo klausimu niekada neatsisakysime. Kai \u017einosite, kad j\u016bs\u0173 privatumas yra apsaugotas, galite ramiai s\u0117d\u0117ti, atsipalaiduoti ir m\u0117gautis tuo, k\u0105 nusipirkote. Kuo labiau atsipalaiduosite, tuo smagiau jausit\u0117s ir kuo smagiau, tuo geriau atlikome savo darb\u0105. Mes nenuilsime, kol nesu\u017einosime, kad esate patenkinti. Mums be galo svarbu j\u016bs\u0173 pasitenkinimas ir j\u016bs\u0173 sekso l\u0117l\u0117s patirtis.<\/p>\n<h3>Koki\u0105 informacij\u0105 renkame?<\/h3>\n<p>Mes renkame informacij\u0105 i\u0161 j\u016bs\u0173, kai registruojat\u0117s m\u016bs\u0173 svetain\u0117je, pateikiate u\u017esakym\u0105 arba u\u017esiprenumeruojate m\u016bs\u0173 naujienlai\u0161k\u012f.<\/p>\n<p>U\u017esakant arba registruojantis m\u016bs\u0173 svetain\u0117je, jei reikia, j\u016bs\u0173 gali b\u016bti papra\u0161yta \u012fvesti savo: vard\u0105, el. pa\u0161to adres\u0105, pa\u0161to adres\u0105 arba telefono numer\u012f. Ta\u010diau galite apsilankyti m\u016bs\u0173 svetain\u0117je anonimi\u0161kai.<\/p>\n<h3>Kam naudojame j\u016bs\u0173 informacij\u0105?<\/h3>\n<p>Bet kokia i\u0161 j\u016bs\u0173 surinkta informacija gali b\u016bti naudojama vienu i\u0161 \u0161i\u0173 b\u016bd\u0173:<\/p>\n<p>Nor\u0117dami suasmeninti savo patirt\u012f:<br>(j\u016bs\u0173 informacija padeda mums geriau patenkinti j\u016bs\u0173 individualius poreikius)<\/p>\n<p>Nor\u0117dami apdoroti operacijas:<br>J\u016bs\u0173 informacija, nesvarbu, ar ji b\u016bt\u0173 vie\u0161a, ar privati, be j\u016bs\u0173 sutikimo nebus parduodama, kei\u010diama, perduota ar perduota jokiai kitai \u012fmonei d\u0117l bet kokios prie\u017easties, i\u0161skyrus ai\u0161k\u0173 tiksl\u0105 pristatyti \u012fsigyt\u0105 prek\u0119 ar paslaug\u0105.<\/p>\n<p>Nor\u0117dami periodi\u0161kai si\u0173sti el. lai\u0161kus:<br>El. pa\u0161to adresas, kur\u012f pateikiate u\u017esakymui apdoroti, gali b\u016bti naudojamas siun\u010diant jums informacij\u0105 ir atnaujinimus, susijusius su j\u016bs\u0173 u\u017esakymu. Be to, kad retkar\u010diais gaunate \u012fmon\u0117s naujienas, atnaujinimus, susijusi\u0105 informacij\u0105 apie produktus ar paslaugas ir kt.<br>Pastaba: jei bet kuriuo metu nor\u0117tum\u0117te at\u0161aukti b\u016bsim\u0173 el. lai\u0161k\u0173 prenumerat\u0105, kiekvieno el. lai\u0161ko apa\u010dioje pateikiame i\u0161samias prenumeratos atsisakymo instrukcijas.<\/p>\n<h3 class=\"m_top\">Kaip mes saugome j\u016bs\u0173 informacij\u0105?<\/h3>\n<p class=\"m_bottom\">Mes \u012fgyvendiname \u012fvairias saugos priemones, siekdami u\u017etikrinti j\u016bs\u0173 asmenin\u0117s informacijos saugum\u0105, kai pateikiate u\u017esakym\u0105 arba \u012fvedate, pateikiate ar pasiekiate savo asmenin\u0119 informacij\u0105.<br>Si\u016blome naudotis saugiu serveriu. Visa pateikta neskelbtina informacija \/ kredito informacija perduodama naudojant saugaus lizdo sluoksnio (SSL) technologij\u0105, o po to u\u017e\u0161ifruojama \u012f m\u016bs\u0173 Mok\u0117jimo \u0161liuzo teik\u0117j\u0173 duomen\u0173 baz\u0119, kad j\u0105 gal\u0117t\u0173 pasiekti tik tie, kurie turi specialias prieigos prie toki\u0173 sistem\u0173 teises, ir turi saugoti informacij\u0105 konfidenciali\u0105.<br>Po operacijos j\u016bs\u0173 asmenin\u0117 informacija (kredito kortel\u0117s, socialinio draudimo numeriai, finansiniai duomenys ir kt.) nebus saugoma m\u016bs\u0173 serveriuose.<\/p>\n<h3>Ar naudojame slapukus?<\/h3>\n<p>es. Slapukai yra ma\u017ei failai, kuriuos svetain\u0117 arba jos paslaug\u0173 teik\u0117jas perkelia \u012f j\u016bs\u0173 kompiuterio stand\u0173j\u012f disk\u0105 per j\u016bs\u0173 interneto nar\u0161ykl\u0119 (jei leid\u017eiate), kurie leid\u017eia svetain\u0117ms arba paslaug\u0173 teik\u0117j\u0173 sistemoms atpa\u017einti j\u016bs\u0173 nar\u0161ykl\u0119 ir u\u017efiksuoti bei \u012fsiminti tam tikr\u0105 informacij\u0105. Mes naudojame slapukus, kad pad\u0117t\u0173 mums. prisiminti ir apdoroti pirkini\u0173 krep\u0161elyje esan\u010dias prekes, suprasti ir i\u0161saugoti b\u016bsim\u0173 apsilankym\u0173 nuostatas, sekti skelbimus ir kaupti bendrus duomenis apie svetain\u0117s sraut\u0105 ir s\u0105veik\u0105 su svetaine, kad ateityje gal\u0117tume pasi\u016blyti geresn\u0119 svetain\u0117s patirt\u012f ir \u012frankius.<\/p>\n<h3>Ar atskleid\u017eiame koki\u0105 nors informacij\u0105 i\u0161orin\u0117ms \u0161alims?<\/h3>\n<p>Mes neparduodame, neprekiaujame ar kitaip neperduodame i\u0161orin\u0117ms \u0161alims j\u016bs\u0173 asmen\u012f identifikuojan\u010dios informacijos. Tai neapima patikim\u0173 tre\u010di\u0173j\u0173 \u0161ali\u0173, kurios padeda mums valdyti m\u016bs\u0173 svetain\u0119, vykdyti versl\u0105 ar jus aptarnauti, jei \u0161ios \u0161alys sutinka laikyti \u0161i\u0105 informacij\u0105 konfidencialia. Taip pat galime paskelbti j\u016bs\u0173 informacij\u0105, kai manome, kad tai yra tinkama siekiant laikytis \u012fstatym\u0173, vykdyti m\u016bs\u0173 svetain\u0117s politik\u0105 arba apsaugoti savo ar kit\u0173 teises, nuosavyb\u0119 ar saugum\u0105. Ta\u010diau asmens neidentifikuojanti lankytojo informacija gali b\u016bti teikiama kitoms \u0161alims rinkodaros, reklamos ar kitais tikslais.<\/p>\n<h3>Tre\u010di\u0173j\u0173 \u0161ali\u0173 nuorodos<\/h3>\n<p>Kartais savo nuo\u017ei\u016bra \u012f savo svetain\u0119 galime \u012ftraukti arba pasi\u016blyti tre\u010di\u0173j\u0173 \u0161ali\u0173 produktus ar paslaugas. \u0160ios tre\u010di\u0173j\u0173 \u0161ali\u0173 svetain\u0117s turi atskir\u0105 ir nepriklausom\u0105 privatumo politik\u0105. tod\u0117l mes neprisiimame atsakomyb\u0117s u\u017e \u0161i\u0173 svetaini\u0173 turin\u012f ir veikl\u0105. Nepaisant to, siekiame apsaugoti savo svetain\u0117s vientisum\u0105 ir laukiame bet koki\u0173 atsiliepim\u0173 apie \u0161ias svetaines.<\/p>\n<p class=\"m_bottom\">\n<\/p><h3>Vaik\u0173 privatumo internete apsaugos \u012fstatymo laikymasis<\/h3>\n<p>Mes laikom\u0117s COPPA (Vaik\u0173 privatumo internete apsaugos \u012fstatymo) reikalavim\u0173. Mes nerenkame jokios informacijos i\u0161 jaunesni\u0173 nei 13 met\u0173 asmen\u0173. M\u016bs\u0173 svetain\u0117, produktai ir paslaugos yra skirti \u017emon\u0117ms, kurie yra ne jaunesni kaip 13 met\u0173.<\/p>\n<h3>Tik internetin\u0117 privatumo politika<\/h3>\n<p>\u0160i internetin\u0117 privatumo politika taikoma tik informacijai, surinktai per m\u016bs\u0173 svetain\u0119, o ne informacijai, renkamai neprisijungus.<\/p>\n<h3>Taisykl\u0117s ir s\u0105lygos<\/h3>\n<p>Taip pat apsilankykite m\u016bs\u0173 S\u0105lyg\u0173 skyriuje, kuriame apra\u0161omas naudojimas, atsakomyb\u0117s apribojimai ir atsakomyb\u0117s apribojimai, reglamentuojantys m\u016bs\u0173 svetain\u0117s naudojim\u0105 adresu&nbsp;<a href=\"https:\/\/www.miisoo.com\/lt\/\" target=\"_blank\" style=\"font-family: inherit; font-weight: var( --e-global-typography-text-font-weight ); background-color: rgb(255, 255, 255);\">www.miisoo.com<\/a><\/p>\n<h3>J\u016bs\u0173 sutikimas<\/h3>\n<p>Naudodamiesi m\u016bs\u0173 svetaine, j\u016bs sutinkate su m\u016bs\u0173 svetain\u0117s privatumo politika.<\/p>\n<h3>Privatumo politikos pakeitimai<\/h3>\n<p>Jei nuspr\u0119sime pakeisti savo privatumo politik\u0105, toliau atnaujinsime Privatumo politikos pakeitimo dat\u0105.<br>\u0160i politika paskutin\u012f kart\u0105 buvo pakeista 2018-03-06<\/p>\t\t\t\t\t\t\t\t<\/div>\n\t\t\t\t<\/div>\n\t\t\t\t\t<\/div>\n\t\t<\/div>\n\t\t\t\t<div class=\"elementor-column elementor-col-25 elementor-top-column elementor-element elementor-element-df603f8\" data-id=\"df603f8\" data-element_type=\"column\">\n\t\t\t<div class=\"elementor-widget-wrap\">\n\t\t\t\t\t\t\t<\/div>\n\t\t<\/div>\n\t\t\t\t\t<\/div>\n\t\t<\/section>\n\t\t\t\t<\/div>","protected":false},"excerpt":{"rendered":"<p>MIISOO is the sole owner of the information we collect at this site, we do not sell, rent or share this information with any other company for the purpose of marketing. We know that you care how your personal information is used and shared, and we appreciate your trust in us. We treat your personal&hellip;<\/p>","protected":false},"author":455,"featured_media":0,"parent":0,"menu_order":0,"comment_status":"closed","ping_status":"open","template":"","meta":{"footnotes":""},"class_list":["post-3","page","type-page","status-publish","hentry"],"yoast_head":"<!-- This site is optimized with the Yoast SEO Premium plugin v22.6 (Yoast SEO v22.9) - https:\/\/yoast.com\/wordpress\/plugins\/seo\/ -->\n<title>Privacy Policy | Cheap Real Sex Dolls | MiisooDoll<\/title>\n<meta name=\"description\" content=\"Review MiisooDoll&#039;s privacy policy for transparent handling of data. Shop confidently for cheap real sex dolls. Your privacy, our priority at MiisooDoll.\" \/>\n<meta name=\"robots\" content=\"index, follow, max-snippet:-1, max-image-preview:large, max-video-preview:-1\" \/>\n<link rel=\"canonical\" href=\"https:\/\/www.miisoo.com\/lt\/privacy-policy\/\" \/>\n<meta property=\"og:locale\" content=\"lt_LT\" \/>\n<meta property=\"og:type\" content=\"article\" \/>\n<meta property=\"og:title\" content=\"Privacy Policy\" \/>\n<meta property=\"og:description\" content=\"Review MiisooDoll&#039;s privacy policy for transparent handling of data. Shop confidently for cheap real sex dolls. Your privacy, our priority at MiisooDoll.\" \/>\n<meta property=\"og:url\" content=\"https:\/\/www.miisoo.com\/lt\/privacy-policy\/\" \/>\n<meta property=\"og:site_name\" content=\"MiisooDoll\" \/>\n<meta property=\"article:publisher\" content=\"https:\/\/www.facebook.com\/miisoodoll\" \/>\n<meta property=\"article:modified_time\" content=\"2023-12-22T12:16:22+00:00\" \/>\n<meta name=\"twitter:card\" content=\"summary_large_image\" \/>\n<meta name=\"twitter:site\" content=\"@MiisooSexDolls\" \/>\n<meta name=\"twitter:label1\" content=\"Est. reading time\" \/>\n\t<meta name=\"twitter:data1\" content=\"5 minut\u0117s\" \/>\n<!-- \/ Yoast SEO Premium plugin. -->","yoast_head_json":{"title":"Privacy Policy | Cheap Real Sex Dolls | MiisooDoll","description":"Review MiisooDoll's privacy policy for transparent handling of data. Shop confidently for cheap real sex dolls. Your privacy, our priority at MiisooDoll.","robots":{"index":"index","follow":"follow","max-snippet":"max-snippet:-1","max-image-preview":"max-image-preview:large","max-video-preview":"max-video-preview:-1"},"canonical":"https:\/\/www.miisoo.com\/lt\/privacy-policy\/","og_locale":"lt_LT","og_type":"article","og_title":"Privacy Policy","og_description":"Review MiisooDoll's privacy policy for transparent handling of data. Shop confidently for cheap real sex dolls. Your privacy, our priority at MiisooDoll.","og_url":"https:\/\/www.miisoo.com\/lt\/privacy-policy\/","og_site_name":"MiisooDoll","article_publisher":"https:\/\/www.facebook.com\/miisoodoll","article_modified_time":"2023-12-22T12:16:22+00:00","twitter_card":"summary_large_image","twitter_site":"@MiisooSexDolls","twitter_misc":{"Est. reading time":"5 minut\u0117s"},"schema":{"@context":"https:\/\/schema.org","@graph":[{"@type":"WebPage","@id":"https:\/\/www.miisoo.com\/nl\/privacy-policy\/","url":"https:\/\/www.miisoo.com\/nl\/privacy-policy\/","name":"Privacy Policy | Cheap Real Sex Dolls | MiisooDoll","isPartOf":{"@id":"https:\/\/www.miisoo.com\/#website"},"datePublished":"2020-09-05T13:19:56+00:00","dateModified":"2023-12-22T12:16:22+00:00","description":"Review MiisooDoll's privacy policy for transparent handling of data. Shop confidently for cheap real sex dolls. Your privacy, our priority at MiisooDoll.","breadcrumb":{"@id":"https:\/\/www.miisoo.com\/nl\/privacy-policy\/#breadcrumb"},"inLanguage":"lt-LT","potentialAction":[{"@type":"ReadAction","target":["https:\/\/www.miisoo.com\/nl\/privacy-policy\/"]}]},{"@type":"BreadcrumbList","@id":"https:\/\/www.miisoo.com\/nl\/privacy-policy\/#breadcrumb","itemListElement":[{"@type":"ListItem","position":1,"name":"Home","item":"https:\/\/www.miisoo.com\/"},{"@type":"ListItem","position":2,"name":"Privacy Policy"}]},{"@type":"WebSite","@id":"https:\/\/www.miisoo.com\/#website","url":"https:\/\/www.miisoo.com\/","name":"MiisooDoll","description":"Sexual Doll, Real Sex Dolls, Love Doll, Best Sex Dolls","publisher":{"@id":"https:\/\/www.miisoo.com\/#organization"},"potentialAction":[{"@type":"SearchAction","target":{"@type":"EntryPoint","urlTemplate":"https:\/\/www.miisoo.com\/?s={search_term_string}"},"query-input":"required name=search_term_string"}],"inLanguage":"lt-LT"},{"@type":"Organization","@id":"https:\/\/www.miisoo.com\/#organization","name":"MiisooDoll","url":"https:\/\/www.miisoo.com\/","logo":{"@type":"ImageObject","inLanguage":"lt-LT","@id":"https:\/\/www.miisoo.com\/#\/schema\/logo\/image\/","url":"https:\/\/www.miisoo.com\/wp-content\/uploads\/2020\/09\/logo-botton.png","contentUrl":"https:\/\/www.miisoo.com\/wp-content\/uploads\/2020\/09\/logo-botton.png","width":181,"height":42,"caption":"MiisooDoll"},"image":{"@id":"https:\/\/www.miisoo.com\/#\/schema\/logo\/image\/"},"sameAs":["https:\/\/www.facebook.com\/miisoodoll","https:\/\/x.com\/MiisooSexDolls"]}]}},"_links":{"self":[{"href":"https:\/\/www.miisoo.com\/lt\/wp-json\/wp\/v2\/pages\/3","targetHints":{"allow":["GET"]}}],"collection":[{"href":"https:\/\/www.miisoo.com\/lt\/wp-json\/wp\/v2\/pages"}],"about":[{"href":"https:\/\/www.miisoo.com\/lt\/wp-json\/wp\/v2\/types\/page"}],"author":[{"embeddable":true,"href":"https:\/\/www.miisoo.com\/lt\/wp-json\/wp\/v2\/users\/455"}],"replies":[{"embeddable":true,"href":"https:\/\/www.miisoo.com\/lt\/wp-json\/wp\/v2\/comments?post=3"}],"version-history":[{"count":1,"href":"https:\/\/www.miisoo.com\/lt\/wp-json\/wp\/v2\/pages\/3\/revisions"}],"predecessor-version":[{"id":34673,"href":"https:\/\/www.miisoo.com\/lt\/wp-json\/wp\/v2\/pages\/3\/revisions\/34673"}],"wp:attachment":[{"href":"https:\/\/www.miisoo.com\/lt\/wp-json\/wp\/v2\/media?parent=3"}],"curies":[{"name":"wp","href":"https:\/\/api.w.org\/{rel}","templated":true}]}}