{"id":21906,"date":"2022-01-25T17:17:49","date_gmt":"2022-01-25T09:17:49","guid":{"rendered":"https:\/\/www.miisoo.com\/?page_id=21906"},"modified":"2024-08-17T12:51:08","modified_gmt":"2024-08-17T04:51:08","slug":"more-sex-sites","status":"publish","type":"page","link":"https:\/\/www.miisoo.com\/lt\/more-sex-sites\/","title":{"rendered":"Daugiau sekso svetaini\u0173"},"content":{"rendered":"<div data-elementor-type=\"page\" data-elementor-id=\"21903\" class=\"elementor elementor-21903\" data-elementor-post-type=\"elementor_library\">\n\t\t\t\t\t\t<section class=\"elementor-section elementor-top-section elementor-element elementor-element-50a3008b elementor-section-boxed elementor-section-height-default elementor-section-height-default\" data-id=\"50a3008b\" data-element_type=\"section\">\n\t\t\t\t\t\t<div class=\"elementor-container elementor-column-gap-default\">\n\t\t\t\t\t<div class=\"elementor-column elementor-col-100 elementor-top-column elementor-element elementor-element-68e2b07\" data-id=\"68e2b07\" data-element_type=\"column\">\n\t\t\t<div class=\"elementor-widget-wrap elementor-element-populated\">\n\t\t\t\t\t\t<div class=\"elementor-element elementor-element-1efbc1b2 elementor-widget elementor-widget-text-editor\" data-id=\"1efbc1b2\" data-element_type=\"widget\" data-widget_type=\"text-editor.default\">\n\t\t\t\t<div class=\"elementor-widget-container\">\n\t\t\t\t\t\t\t\t\t<p>Jei m\u016bs\u0173 l\u0117l\u0117s jums netinka, daugiau l\u0117li\u0173 galite rasti kai kuriose sekso l\u0117li\u0173 svetain\u0117se. Jie suskai\u010diuos populiariausius sekso \u017eaisl\u0173 prekybos centrus internete ir sudarys reitingus pagal vartotoj\u0173 atsiliepimus ir kain\u0173 veiksnius. Jums nereikia i\u0161leisti daugiau energijos, kad surastum\u0117te \u0161ias svetaines, mes teikiame \u0161ias sekso l\u0117li\u0173 svetaines.<\/p>\t\t\t\t\t\t\t\t<\/div>\n\t\t\t\t<\/div>\n\t\t\t\t<div class=\"elementor-element elementor-element-40b4b24f elementor-widget elementor-widget-text-editor\" data-id=\"40b4b24f\" data-element_type=\"widget\" data-widget_type=\"text-editor.default\">\n\t\t\t\t<div class=\"elementor-widget-container\">\n\t\t\t\t\t\t\t\t\t<ul><li><span style=\"color: red;\"><a href=\"https:\/\/sexdollxxx.com\/\">Mini sekso l\u0117l\u0117<\/a>:<\/span> Sekso l\u0117l\u0117 puikiai pagaminta i\u0161 TPE ir silikonin\u0117s med\u017eiagos, Esame patikimiausia sekso l\u0117li\u0173 kompanija, nes savo klientams tiekiame auk\u0161tos kokyb\u0117s mink\u0161tas ir saugias meil\u0117s l\u0117les bei super TPE sekso l\u0117les. Garantuotas pristatymas ir nemokamas pristatymas!<\/li><li><a href=\"https:\/\/pornsites.xxx\/\" target=\"_blank\" rel=\"noopener\"><span style=\"color: red;\">Pornografini\u0173 svetaini\u0173 ap\u017evalgos:<\/span><\/a> Pornografijos svetain\u0117s yra tiesiog geriausi\u0173 pornografini\u0173 svetaini\u0173 ir sekso \u017eaisl\u0173 svetaini\u0173 s\u0105ra\u0161as. Raskite XXX ap\u017evalgas ir s\u0105\u017einingus populiariausi\u0173 sekso kamer\u0173, vamzd\u017ei\u0173, VR ir daugyb\u0117s nemokam\u0173 svetaini\u0173 reitingus!<\/li><li><a href=\"https:\/\/utengrense.com\/\" target=\"_blank\" rel=\"noopener\"><span style=\"color: red;\">Utengrense.com:<\/span><\/a> Norvegijoje turime internetin\u0119 sekso preki\u0173 parduotuv\u0119 ir norime parduoti savo klientams tik auk\u0161tos kokyb\u0117s prekes u\u017e ger\u0105 kain\u0105, pavyzd\u017eiui, sekso \u017eaislus ir seksual\u0173 apatin\u012f trikota\u017e\u0105.<\/li><li><a href=\"https:\/\/www.pincelebs.net\/\" target=\"_blank\" rel=\"noopener\"><span style=\"color: red;\">Prisegti \u012f\u017eymybes:<\/span><\/a> Nuogas, nuogas, apsiaustas, seksualus ir per\u017ei\u016br\u0117kite \u012f\u017eymi\u0173 aktori\u0173, daininink\u0173, modeli\u0173 ir televizijos asmenybi\u0173 atvaizdus<\/li><li><a href=\"https:\/\/www.youpornlist.com\/\" target=\"_blank\" rel=\"noopener\"><span style=\"color: red;\">Youpornlist.com: <\/span><\/a>\u201eYouPornList\u201c yra geriausi\u0173 pornografini\u0173 svetaini\u0173 pasirinkimas pagal kategorijas. Kiekviena svetain\u0117 buvo atrinkta po ilgos ir kruop\u0161\u010dios m\u016bs\u0173 rank\u0173 darbo ekspert\u0173 analiz\u0117s.<\/li><li><a href=\"https:\/\/www.porninspector.com\/\" target=\"_blank\" rel=\"noopener\"><span style=\"color: red;\">Porninspector.com:<\/span><\/a> \u201ePorn Inspector\u201c turi daug pornografini\u0173 ap\u017evalg\u0173 apie kai kurias perspektyviausias svetaines suaugusiesiems. Mes visada pateikiame s\u0105\u017einingiausi\u0105 ir ne\u0161ali\u0161kiausi\u0105 nuomon\u0119. Kiekviename \u012fra\u0161e bus daug nuotrauk\u0173 ir vaizdo \u012fra\u0161\u0173 pavyzd\u017ei\u0173, paimt\u0173 tiesiai i\u0161 tos svetain\u0117s nario srities, tod\u0117l gal\u0117site tiksliai pamatyti, kas si\u016bloma prie\u0161 nusprend\u017eiant pirkti!<\/li><li><a href=\"http:\/\/hentai-gamer.com\/\" target=\"_blank\" rel=\"noopener\"><span style=\"color: red;\">Hentai-Gamer:<\/span><\/a> Hentai-Gamer.com yra geriausia 100% nemokam\u0173 Hentai \u017eaidim\u0173 svetain\u0117. Taigi pirmyn ir \u017eaiskite Hentai Flash \u017eaidimus dabar!<\/li><li><a href=\"https:\/\/sexdollpornhd.com\/\" target=\"_blank\" rel=\"noopener\"><span style=\"color: red;\">Sekso l\u0117li\u0173 porno HD: <\/span><\/a>Per\u017ei\u016br\u0117kite sekso l\u0117li\u0173 pornografinius vaizdo \u012fra\u0161us svetain\u0117je SexDollPornHD.com, kad gal\u0117tum\u0117te pamatyti savo meil\u0117s l\u0117l\u0119 prie\u0161 j\u0105 pirkdami!<\/li><li><a href=\"https:\/\/www.thesafeporn.com\/\" target=\"_blank\" rel=\"noopener\"><span style=\"color: red;\">Saugi pornografija: <\/span><\/a>svetain\u0117je thesafeporn.com rasite t\u016bkstan\u010dius pornografini\u0173 svetaini\u0173, atrinkt\u0173 pagal j\u0173 kokyb\u0119 ir saug\u0105, kiekvienoje svetain\u0117je rasite ap\u017evalg\u0105, kuri pad\u0117s jums pasirinkti.<\/li><li><a href=\"https:\/\/allpornsites.net\/\" target=\"_blank\" rel=\"noopener\"><span style=\"color: red;\">Allpornsites.net:<\/span><\/a> Visose Pornografijos Svetain\u0117se, Rasite Did\u017eiausi\u0105 Pornografijos svetaini\u0173 pasirinkim\u0105 Visatoje, Kuris Gets Reguliariai Atnaujinama Beveik Kiekvien\u0105 Dien\u0105 Su Naujomis Pornografijos Svetain\u0117mis I\u0161 Bet kokios Ni\u0161os.<\/li><li><a href=\"https:\/\/www.sexdollslove.com\/\" target=\"_blank\" rel=\"noopener\"><span style=\"color: red;\">SexDollsLove.com: <\/span><\/a>Geriausi\u0173 sekso l\u0117li\u0173 ir meil\u0117s liemeni\u0173 s\u0105ra\u0161ai. Raskite populiariausi\u0173 meil\u0117s l\u0117li\u0173 vadovus ir s\u0105\u017einingus reitingus \u0161iandien!<\/li><li><a href=\"https:\/\/hotpornbible.com\/\" target=\"_blank\" rel=\"noopener\"><span style=\"color: red;\">Populiariausi\u0173 pornografini\u0173 svetaini\u0173 s\u0105ra\u0161as:<\/span><\/a>Hot Porn Bible turi populiariausias pornografines svetaines pasaulyje! Kiekvienoje kategorijoje turime auk\u0161\u010diausios kokyb\u0117s nemokamas ir auk\u0161\u010diausios kokyb\u0117s suaugusi\u0173j\u0173 xxx svetaines.<\/li><li><a href=\"https:\/\/www.mrpinks.com\/\" target=\"_blank\" rel=\"noopener\"><span style=\"color: red;\">Pornografijos ap\u017evalgos:<\/span><\/a> Mr. Pink&#039;s Porn Reviews yra j\u016bs\u0173 patikima pornografijos ap\u017evalg\u0173 svetain\u0117, kurioje rasite s\u0105\u017eining\u0173 suaugusi\u0173j\u0173 svetaini\u0173 ap\u017evalg\u0173, pornografijos su nuolaidomis ir geriausi\u0173 pornografini\u0173 svetaini\u0173.<\/li><li><a href=\"https:\/\/richobo.com\/\" target=\"_blank\" rel=\"noopener\"><span style=\"color: red;\">Skelbimai ir palydos vadovas | Richobo: <\/span><\/a>Pramogini\u0173 naujien\u0173 s\u0105ra\u0161as tarptautini\u0173 suaugusi\u0173j\u0173 skelbim\u0173 Richobo \/ palydos \/ renginiai \/ striptizo \u0161ok\u0117jai \/ suaugusi\u0173j\u0173 paslaugos \/ xguide \/ modeliai \/ masa\u017eai \/ prabang\u016bs automobiliai<\/li><li><a href=\"https:\/\/uncams.com\/\" target=\"_blank\" rel=\"noopener\"><span style=\"color: red;\">JT kameros:<\/span><\/a> \u017di\u016br\u0117kite tiesiogines kameras dabar! Registracija nereikalinga \u2013 100% nemokamas necenz\u016bruotas suaugusi\u0173j\u0173 pokalbis. Prad\u0117kite kalb\u0117tis su m\u0117g\u0117jais, ekshibicionistais, pornografin\u0117mis \u017evaig\u017ed\u0117mis naudodami HD vaizdo \u012fra\u0161\u0105 ir gars\u0105.<\/li><li><a href=\"https:\/\/jerkdude.com\"><span style=\"color: #ff0000;\">Escortfish <\/span><\/a>\u2013 Apsilankykite \u201ejerkdude\u201c ir raskite auk\u0161\u010diausio rango pornografines svetaines.<\/li><\/ul>\t\t\t\t\t\t\t\t<\/div>\n\t\t\t\t<\/div>\n\t\t\t\t\t<\/div>\n\t\t<\/div>\n\t\t\t\t\t<\/div>\n\t\t<\/section>\n\t\t\t\t<section class=\"elementor-section elementor-top-section elementor-element elementor-element-9bead22 elementor-section-boxed elementor-section-height-default elementor-section-height-default\" data-id=\"9bead22\" data-element_type=\"section\">\n\t\t\t\t\t\t<div class=\"elementor-container elementor-column-gap-default\">\n\t\t\t\t\t<div class=\"elementor-column elementor-col-100 elementor-top-column elementor-element elementor-element-335e664e\" data-id=\"335e664e\" data-element_type=\"column\">\n\t\t\t<div class=\"elementor-widget-wrap elementor-element-populated\">\n\t\t\t\t\t\t<div class=\"elementor-element elementor-element-156cce51 elementor-widget elementor-widget-spacer\" data-id=\"156cce51\" data-element_type=\"widget\" data-widget_type=\"spacer.default\">\n\t\t\t\t<div class=\"elementor-widget-container\">\n\t\t\t\t\t\t\t<div class=\"elementor-spacer\">\n\t\t\t<div class=\"elementor-spacer-inner\"><\/div>\n\t\t<\/div>\n\t\t\t\t\t\t<\/div>\n\t\t\t\t<\/div>\n\t\t\t\t\t<\/div>\n\t\t<\/div>\n\t\t\t\t\t<\/div>\n\t\t<\/section>\n\t\t\t\t<\/div>","protected":false},"excerpt":{"rendered":"","protected":false},"author":455,"featured_media":0,"parent":0,"menu_order":0,"comment_status":"closed","ping_status":"closed","template":"","meta":{"footnotes":""},"class_list":["post-21906","page","type-page","status-publish","hentry"],"yoast_head":"<!-- This site is optimized with the Yoast SEO Premium plugin v22.6 (Yoast SEO v22.9) - https:\/\/yoast.com\/wordpress\/plugins\/seo\/ -->\n<title>Explore More Product | Miisoo Sex Sites | Miisoodoll<\/title>\n<meta name=\"description\" content=\"Dive into an expansive selection at Miisoo Sex Sites. Explore diverse products for a heightened intimate experience. Your satisfaction, our priority at MiisooDoll.\" \/>\n<meta name=\"robots\" content=\"index, follow, max-snippet:-1, max-image-preview:large, max-video-preview:-1\" \/>\n<link rel=\"canonical\" href=\"https:\/\/www.miisoo.com\/lt\/more-sex-sites\/\" \/>\n<meta property=\"og:locale\" content=\"lt_LT\" \/>\n<meta property=\"og:type\" content=\"article\" \/>\n<meta property=\"og:title\" content=\"More Sex Sites\" \/>\n<meta property=\"og:description\" content=\"Dive into an expansive selection at Miisoo Sex Sites. Explore diverse products for a heightened intimate experience. Your satisfaction, our priority at MiisooDoll.\" \/>\n<meta property=\"og:url\" content=\"https:\/\/www.miisoo.com\/lt\/more-sex-sites\/\" \/>\n<meta property=\"og:site_name\" content=\"MiisooDoll\" \/>\n<meta property=\"article:publisher\" content=\"https:\/\/www.facebook.com\/miisoodoll\" \/>\n<meta property=\"article:modified_time\" content=\"2024-08-17T04:51:08+00:00\" \/>\n<meta name=\"twitter:card\" content=\"summary_large_image\" \/>\n<meta name=\"twitter:site\" content=\"@MiisooSexDolls\" \/>\n<meta name=\"twitter:label1\" content=\"Est. reading time\" \/>\n\t<meta name=\"twitter:data1\" content=\"1 minut\u0117\" \/>\n<!-- \/ Yoast SEO Premium plugin. -->","yoast_head_json":{"title":"Explore More Product | Miisoo Sex Sites | Miisoodoll","description":"Dive into an expansive selection at Miisoo Sex Sites. Explore diverse products for a heightened intimate experience. Your satisfaction, our priority at MiisooDoll.","robots":{"index":"index","follow":"follow","max-snippet":"max-snippet:-1","max-image-preview":"max-image-preview:large","max-video-preview":"max-video-preview:-1"},"canonical":"https:\/\/www.miisoo.com\/lt\/more-sex-sites\/","og_locale":"lt_LT","og_type":"article","og_title":"More Sex Sites","og_description":"Dive into an expansive selection at Miisoo Sex Sites. Explore diverse products for a heightened intimate experience. Your satisfaction, our priority at MiisooDoll.","og_url":"https:\/\/www.miisoo.com\/lt\/more-sex-sites\/","og_site_name":"MiisooDoll","article_publisher":"https:\/\/www.facebook.com\/miisoodoll","article_modified_time":"2024-08-17T04:51:08+00:00","twitter_card":"summary_large_image","twitter_site":"@MiisooSexDolls","twitter_misc":{"Est. reading time":"1 minut\u0117"},"schema":{"@context":"https:\/\/schema.org","@graph":[{"@type":"WebPage","@id":"https:\/\/www.miisoo.com\/more-sex-sites\/","url":"https:\/\/www.miisoo.com\/more-sex-sites\/","name":"Explore More Product | Miisoo Sex Sites | Miisoodoll","isPartOf":{"@id":"https:\/\/www.miisoo.com\/#website"},"datePublished":"2022-01-25T09:17:49+00:00","dateModified":"2024-08-17T04:51:08+00:00","description":"Dive into an expansive selection at Miisoo Sex Sites. Explore diverse products for a heightened intimate experience. Your satisfaction, our priority at MiisooDoll.","breadcrumb":{"@id":"https:\/\/www.miisoo.com\/more-sex-sites\/#breadcrumb"},"inLanguage":"lt-LT","potentialAction":[{"@type":"ReadAction","target":["https:\/\/www.miisoo.com\/more-sex-sites\/"]}]},{"@type":"BreadcrumbList","@id":"https:\/\/www.miisoo.com\/more-sex-sites\/#breadcrumb","itemListElement":[{"@type":"ListItem","position":1,"name":"Home","item":"https:\/\/www.miisoo.com\/"},{"@type":"ListItem","position":2,"name":"More Sex Sites"}]},{"@type":"WebSite","@id":"https:\/\/www.miisoo.com\/#website","url":"https:\/\/www.miisoo.com\/","name":"MiisooDoll","description":"Sexual Doll, Real Sex Dolls, Love Doll, Best Sex Dolls","publisher":{"@id":"https:\/\/www.miisoo.com\/#organization"},"potentialAction":[{"@type":"SearchAction","target":{"@type":"EntryPoint","urlTemplate":"https:\/\/www.miisoo.com\/?s={search_term_string}"},"query-input":"required name=search_term_string"}],"inLanguage":"lt-LT"},{"@type":"Organization","@id":"https:\/\/www.miisoo.com\/#organization","name":"MiisooDoll","url":"https:\/\/www.miisoo.com\/","logo":{"@type":"ImageObject","inLanguage":"lt-LT","@id":"https:\/\/www.miisoo.com\/#\/schema\/logo\/image\/","url":"https:\/\/www.miisoo.com\/wp-content\/uploads\/2020\/09\/logo-botton.png","contentUrl":"https:\/\/www.miisoo.com\/wp-content\/uploads\/2020\/09\/logo-botton.png","width":181,"height":42,"caption":"MiisooDoll"},"image":{"@id":"https:\/\/www.miisoo.com\/#\/schema\/logo\/image\/"},"sameAs":["https:\/\/www.facebook.com\/miisoodoll","https:\/\/x.com\/MiisooSexDolls"]}]}},"_links":{"self":[{"href":"https:\/\/www.miisoo.com\/lt\/wp-json\/wp\/v2\/pages\/21906","targetHints":{"allow":["GET"]}}],"collection":[{"href":"https:\/\/www.miisoo.com\/lt\/wp-json\/wp\/v2\/pages"}],"about":[{"href":"https:\/\/www.miisoo.com\/lt\/wp-json\/wp\/v2\/types\/page"}],"author":[{"embeddable":true,"href":"https:\/\/www.miisoo.com\/lt\/wp-json\/wp\/v2\/users\/455"}],"replies":[{"embeddable":true,"href":"https:\/\/www.miisoo.com\/lt\/wp-json\/wp\/v2\/comments?post=21906"}],"version-history":[{"count":1,"href":"https:\/\/www.miisoo.com\/lt\/wp-json\/wp\/v2\/pages\/21906\/revisions"}],"predecessor-version":[{"id":21908,"href":"https:\/\/www.miisoo.com\/lt\/wp-json\/wp\/v2\/pages\/21906\/revisions\/21908"}],"wp:attachment":[{"href":"https:\/\/www.miisoo.com\/lt\/wp-json\/wp\/v2\/media?parent=21906"}],"curies":[{"name":"wp","href":"https:\/\/api.w.org\/{rel}","templated":true}]}}