{"id":11281,"date":"2021-03-31T16:21:24","date_gmt":"2021-03-31T08:21:24","guid":{"rendered":"https:\/\/www.miisoo.com\/?post_type=product&#038;p=11281"},"modified":"2024-09-27T21:57:14","modified_gmt":"2024-09-27T13:57:14","slug":"celebrity-realistic-silicon-sex-doll","status":"publish","type":"product","link":"https:\/\/www.miisoo.com\/it\/product\/celebrity-realistic-silicon-sex-doll\/","title":{"rendered":"Beryl \u2013 Bambola del sesso in silicone realistico da 163 cm"},"content":{"rendered":"<p>Con graziosi capelli rossi, Beryl \u00e8 un <em>bambola del sesso in silicone realistico<\/em> questo \u00e8 nell&#039;occhio della fama. Lei possiede <a href=\"https:\/\/www.miisoo.com\/it\/prodotto\/adult-female-real-life-love-dolls\/\">una moda che<\/a> veste le migliori celebrit\u00e0 del mondo. Questa bambola del sesso delle celebrit\u00e0 ha labbra succose, seni morbidi, gambe snelle e un viso enigmatico come quello di Monna Lisa.<\/p>\n<p>\u00c8 in cima alla lista come una delle nostre bambole del sesso in silicone per celebrit\u00e0 preferite con cui gli uomini vogliono passare solo una notte. \u00c8 progettata con i migliori materiali siliconici, che la rendono ipoallergenica, iperrealistica e meno sensibile al calore.<\/p>\n<p>La bambola del sesso a grandezza naturale ha una texture della pelle ultra realistica <a href=\"https:\/\/www.nature.com\/articles\/s41598-020-65358-6\">reale come i lineamenti del viso<\/a> e occhi che si muovono meccanicamente. La sua bocca \u00e8 buona per una gola profonda. I suoi seni sono morbidi e con un bel paio di capezzoli da mordere e leccare. La sua vagina e il suo buco del culo possono eseguire le posizioni sessuali pi\u00f9 calde. \u00c8 senza dubbio la migliore bambola del sesso da acquistare su Miisoo.<\/p>\n<p><span style=\"color: #000000; font-size: 16px; font-weight: 600;\">Misure realistiche della bambola del sesso in silicone<\/span><\/p>\n<table width=\"352\">\n<tbody>\n<tr>\n<td width=\"133\">Altezza<\/td>\n<td width=\"219\">163 cm<\/td>\n<\/tr>\n<tr>\n<td width=\"133\">Peso<\/td>\n<td width=\"219\">34 kg<\/td>\n<\/tr>\n<tr>\n<td width=\"133\">Fallimento<\/td>\n<td width=\"219\">83 cm<\/td>\n<\/tr>\n<tr>\n<td width=\"133\">Vita<\/td>\n<td width=\"219\">53 cm<\/td>\n<\/tr>\n<tr>\n<td width=\"133\">Anca<\/td>\n<td width=\"219\">92 cm<\/td>\n<\/tr>\n<tr>\n<td width=\"133\">Profondit\u00e0 della bocca<\/td>\n<td width=\"219\">13 cm<\/td>\n<\/tr>\n<tr>\n<td width=\"133\">Profondit\u00e0 della vagina<\/td>\n<td width=\"219\">18 cm<\/td>\n<\/tr>\n<tr>\n<td width=\"133\">Profondit\u00e0 dell&#039;ano<\/td>\n<td width=\"219\">15 cm<\/td>\n<\/tr>\n<tr>\n<td width=\"133\">Dimensioni dell&#039;imballaggio<\/td>\n<td width=\"219\">150 cm x 43 cm x 32 cm<\/td>\n<\/tr>\n<\/tbody>\n<\/table>\n\t\t<div data-elementor-type=\"section\" data-elementor-id=\"11437\" class=\"elementor elementor-11437\" data-elementor-post-type=\"elementor_library\">\n\t\t\t\t\t<section class=\"elementor-section elementor-top-section elementor-element elementor-element-615204c elementor-section-boxed elementor-section-height-default elementor-section-height-default\" data-id=\"615204c\" data-element_type=\"section\">\n\t\t\t\t\t\t<div class=\"elementor-container elementor-column-gap-default\">\n\t\t\t\t\t<div class=\"elementor-column elementor-col-100 elementor-top-column elementor-element elementor-element-1471705\" data-id=\"1471705\" data-element_type=\"column\">\n\t\t\t<div class=\"elementor-widget-wrap elementor-element-populated\">\n\t\t\t\t\t\t<div class=\"elementor-element elementor-element-3cf8ca9 elementor-widget elementor-widget-text-editor\" data-id=\"3cf8ca9\" data-element_type=\"widget\" data-widget_type=\"text-editor.default\">\n\t\t\t\t<div class=\"elementor-widget-container\">\n\t\t\t\t\t\t\t\t\t<h4><strong>Disegni avanzati predefiniti:<\/strong><\/h4><p>La bambola verr\u00e0 prodotta esattamente come mostrato nelle foto con tutti i design avanzati predefiniti:<br \/>&#8211; <span style=\"color: #ff9900;\"><strong>Testa e Corpo entrambi con materiale in Silicone<\/strong><\/span><br \/>\u2013 Fisso Vagina con foro interno ultra morbido<br \/>- Pelle strutturata realistica per la sensazione umana.<br \/>\u2013 Aspetto della pelle realistico con vene.<br \/>\u2013 Seni morbidi realistici.<br \/>\u2013 Squisito trucco per il viso.<br \/>\u2013 Occhi mobili meccanicamente.<br \/>- Scheletro flessibile aggiornato, collo, mani e piedi incernierati.<br \/>\u2013 Connettore rapido per la testa.<br \/>\u2013 Alzando le spalle.<br \/>\u2013 Sopracciglia impiantate.<br \/>\u2013 Ciglia inferiori impiantate.<\/p><p><img fetchpriority=\"high\" decoding=\"async\" class=\"alignnone wp-image-11463 size-full\" src=\"https:\/\/www.miisoo.com\/wp-content\/uploads\/2021\/04\/sex-doll-posture-1.jpg\" alt=\"\" width=\"1000\" height=\"752\" srcset=\"https:\/\/www.miisoo.com\/wp-content\/uploads\/2021\/04\/sex-doll-posture-1.jpg 1000w, https:\/\/www.miisoo.com\/wp-content\/uploads\/2021\/04\/sex-doll-posture-1-300x226.jpg 300w, https:\/\/www.miisoo.com\/wp-content\/uploads\/2021\/04\/sex-doll-posture-1-768x578.jpg 768w, https:\/\/www.miisoo.com\/wp-content\/uploads\/2021\/04\/sex-doll-posture-1-370x278.jpg 370w, https:\/\/www.miisoo.com\/wp-content\/uploads\/2021\/04\/sex-doll-posture-1-600x451.jpg 600w\" sizes=\"(max-width: 1000px) 100vw, 1000px\" \/><\/p><h4><strong>Caratteristiche:<\/strong><\/h4><p>- Scheletro in acciaio resistente con articolazioni mobili per molte incredibili posizioni sessuali<br \/>\u2013 Capacit\u00e0 vaginali e anali<br \/>\u2013 Spedizione internazionale gratuita e imballaggio discreto<br \/>\u2013 Una bambola del sesso richiede 1~3 giorni per la produzione + 5~12 giorni per la spedizione<\/p><h4><span style=\"color: #000000; font-size: 18px; font-weight: bold;\">Regali gratuiti<\/span><\/h4><p>Regali gratuiti: biancheria intima sexy x 1, guanti x 1, pettine x 1, riscaldatore vaginale x 1, irrigatore vaginale x 1, coperta x 1.<br \/><img decoding=\"async\" class=\"wp-image-4748 size-large alignnone\" src=\"https:\/\/miisoo.com\/wp-content\/uploads\/2013\/06\/Accessory-1024x155.jpg\" sizes=\"(max-width: 840px) 100vw, 840px\" srcset=\"https:\/\/cdn.miisoo.com\/wp-content\/uploads\/2013\/06\/Accessory-1024x155.jpg 1024w, https:\/\/cdn.miisoo.com\/wp-content\/uploads\/2013\/06\/Accessory-600x91.jpg 600w, https:\/\/cdn.miisoo.com\/wp-content\/uploads\/2013\/06\/Accessory-300x45.jpg 300w, https:\/\/cdn.miisoo.com\/wp-content\/uploads\/2013\/06\/Accessory-768x116.jpg 768w, https:\/\/cdn.miisoo.com\/wp-content\/uploads\/2013\/06\/Accessory-1536x232.jpg 1536w, https:\/\/cdn.miisoo.com\/wp-content\/uploads\/2013\/06\/Accessory-370x56.jpg 370w, https:\/\/cdn.miisoo.com\/wp-content\/uploads\/2013\/06\/Accessory.jpg 1616w\" alt=\"Renee - Bambola del sesso per adolescenti incantevole sottile e magra di 157 cm-MiisooDoll\" width=\"840\" height=\"127\" \/><\/p><p><strong>Garanzia: riceverai 100% proprio come le bambole con immagini.<\/strong><\/p>\t\t\t\t\t\t\t\t<\/div>\n\t\t\t\t<\/div>\n\t\t\t\t\t<\/div>\n\t\t<\/div>\n\t\t\t\t\t<\/div>\n\t\t<\/section>\n\t\t\t\t<\/div>","protected":false},"excerpt":{"rendered":"<div data-elementor-type=\"section\" data-elementor-id=\"11441\" class=\"elementor elementor-11441\" data-elementor-post-type=\"elementor_library\">\n<section class=\"elementor-section elementor-top-section elementor-element elementor-element-46aa207 elementor-section-boxed elementor-section-height-default elementor-section-height-default\" data-id=\"46aa207\" data-element_type=\"section\">\n<div class=\"elementor-container elementor-column-gap-default\">\n<div class=\"elementor-column elementor-col-100 elementor-top-column elementor-element elementor-element-ff0e20b\" data-id=\"ff0e20b\" data-element_type=\"column\">\n<div class=\"elementor-widget-wrap elementor-element-populated\">\n<div class=\"elementor-element elementor-element-573963d elementor-widget elementor-widget-text-editor\" data-id=\"573963d\" data-element_type=\"widget\" data-widget_type=\"text-editor.default\">\n<div class=\"elementor-widget-container\">\n<ul>\n<li><span style=\"color: #ff9900;\"><strong>Testa e Corpo entrambi con materiale in Silicone<\/strong><\/span><\/li>\n<li>Spedizione gratuita in tutto il mondo, spedizione discreta.<\/li>\n<li>100% Identico alle immagini se non personalizzato.<\/li>\n<li>I prezzi includono. IVA e tasse doganali<\/li>\n<li>Consegna a casa tua in 7-15 giorni lavorativi!<\/li>\n<\/ul><\/div>\n<\/p><\/div>\n<\/p><\/div>\n<\/p><\/div>\n<\/p><\/div>\n<\/section><\/div>\n<div data-elementor-type=\"section\" data-elementor-id=\"10473\" class=\"elementor elementor-10473\" data-elementor-post-type=\"elementor_library\">\n<section class=\"elementor-section elementor-top-section elementor-element elementor-element-03d9b2a elementor-section-boxed elementor-section-height-default elementor-section-height-default\" data-id=\"03d9b2a\" data-element_type=\"section\">\n<div class=\"elementor-container elementor-column-gap-default\">\n<div class=\"elementor-column elementor-col-100 elementor-top-column elementor-element elementor-element-5081c52\" data-id=\"5081c52\" data-element_type=\"column\">\n<div class=\"elementor-widget-wrap elementor-element-populated\">\n<div class=\"elementor-element elementor-element-d2c17df elementor-widget elementor-widget-martfury-banner-small\" data-id=\"d2c17df\" data-element_type=\"widget\" data-widget_type=\"martfury-banner-small.default\">\n<div class=\"elementor-widget-container\">\n<div class=\"mf-elementor-banner-small\">\n<div class=\"banner-featured-image\"><\/div>\n<p>\t\t\t                <a class=\"link\" href=\"https:\/\/mso.aidoll-japan.com\"><\/a><\/p>\n<div class=\"banner-content\">\n<h2 class=\"banner-title\">1500 mini bambole dell&#039;amore<\/p>\n<p>sexdollxxx. com<\/h2>\n<div class=\"banner-desc\">\n<p>60 cm, 80 cm, 100 cm,<\/p>\n<p>120 cm, 130 cm, 140 cm<\/p>\n<\/div>\n<div class=\"banner-price\"><span\n                                class=\"s-price\">sexdollxxx.com<\/span><\/div>\n<\/p><\/div>\n<\/p><\/div>\n<\/p><\/div>\n<\/p><\/div>\n<\/p><\/div>\n<\/p><\/div>\n<\/p><\/div>\n<\/section><\/div>","protected":false},"featured_media":11371,"comment_status":"open","ping_status":"closed","template":"","meta":[],"product_cat":[114,115,837,54,84,834,110],"product_tag":[313,806],"class_list":{"0":"post-11281","1":"product","2":"type-product","3":"status-publish","4":"has-post-thumbnail","6":"product_cat-1500usd-2000usd-sex-doll","7":"product_cat-161cm-170cm-sex-dolls","8":"product_cat-c-cup-sex-doll","9":"product_cat-celebrity-sex-dolls","10":"product_cat-petite-sex-dolls","11":"product_cat-medium-breast-sex-doll","12":"product_cat-silicone-sex-dolls","13":"product_tag-silicone-love-doll","14":"product_tag-small-breast-sex-doll","15":"tm-has-options","17":"first","18":"instock","19":"sale","20":"shipping-taxable","21":"purchasable","22":"product-type-simple","23":"col-xs-6 col-sm-4","24":"col-md-3 col-lg-3","25":"un-4-cols"},"yoast_head":"<!-- This site is optimized with the Yoast SEO Premium plugin v22.6 (Yoast SEO v22.9) - https:\/\/yoast.com\/wordpress\/plugins\/seo\/ -->\n<title>Celebrity Realistic Silicon Sex Doll | Real Life Sex Dolls | MiisooDoll<\/title>\n<meta name=\"description\" content=\"Shop 163cm Celebrity Realistic Silicon Sex Doll online at Miisoo. We have big booty sex dolls that are mostly the choice of every person because of their figure.\" \/>\n<meta name=\"robots\" content=\"index, follow, max-snippet:-1, max-image-preview:large, max-video-preview:-1\" \/>\n<link rel=\"canonical\" href=\"https:\/\/www.miisoo.com\/it\/prodotto\/celebrity-realistic-silicon-sex-doll\/\" \/>\n<meta property=\"og:locale\" content=\"it_IT\" \/>\n<meta property=\"og:type\" content=\"article\" \/>\n<meta property=\"og:title\" content=\"Beryl - 163cm Celebrity Realistic Silicon Sex Doll\" \/>\n<meta property=\"og:description\" content=\"Shop 163cm Celebrity Realistic Silicon Sex Doll online at Miisoo. We have big booty sex dolls that are mostly the choice of every person because of their figure.\" \/>\n<meta property=\"og:url\" content=\"https:\/\/www.miisoo.com\/it\/prodotto\/celebrity-realistic-silicon-sex-doll\/\" \/>\n<meta property=\"og:site_name\" content=\"MiisooDoll\" \/>\n<meta property=\"article:publisher\" content=\"https:\/\/www.facebook.com\/miisoodoll\" \/>\n<meta property=\"article:modified_time\" content=\"2024-09-27T13:57:14+00:00\" \/>\n<meta property=\"og:image\" content=\"https:\/\/www.miisoo.com\/wp-content\/uploads\/2021\/03\/Celebrity-Silicon-Sex-Doll-20.jpg\" \/>\n\t<meta property=\"og:image:width\" content=\"960\" \/>\n\t<meta property=\"og:image:height\" content=\"1440\" \/>\n\t<meta property=\"og:image:type\" content=\"image\/jpeg\" \/>\n<meta name=\"twitter:card\" content=\"summary_large_image\" \/>\n<meta name=\"twitter:site\" content=\"@MiisooSexDolls\" \/>\n<meta name=\"twitter:label1\" content=\"Tempo di lettura stimato\" \/>\n\t<meta name=\"twitter:data1\" content=\"2 minuti\" \/>\n<!-- \/ Yoast SEO Premium plugin. -->","yoast_head_json":{"title":"Celebrity Realistic Silicon Sex Doll | Real Life Sex Dolls | MiisooDoll","description":"Shop 163cm Celebrity Realistic Silicon Sex Doll online at Miisoo. We have big booty sex dolls that are mostly the choice of every person because of their figure.","robots":{"index":"index","follow":"follow","max-snippet":"max-snippet:-1","max-image-preview":"max-image-preview:large","max-video-preview":"max-video-preview:-1"},"canonical":"https:\/\/www.miisoo.com\/it\/prodotto\/celebrity-realistic-silicon-sex-doll\/","og_locale":"it_IT","og_type":"article","og_title":"Beryl - 163cm Celebrity Realistic Silicon Sex Doll","og_description":"Shop 163cm Celebrity Realistic Silicon Sex Doll online at Miisoo. We have big booty sex dolls that are mostly the choice of every person because of their figure.","og_url":"https:\/\/www.miisoo.com\/it\/prodotto\/celebrity-realistic-silicon-sex-doll\/","og_site_name":"MiisooDoll","article_publisher":"https:\/\/www.facebook.com\/miisoodoll","article_modified_time":"2024-09-27T13:57:14+00:00","og_image":[{"width":960,"height":1440,"url":"https:\/\/www.miisoo.com\/wp-content\/uploads\/2021\/03\/Celebrity-Silicon-Sex-Doll-20.jpg","type":"image\/jpeg"}],"twitter_card":"summary_large_image","twitter_site":"@MiisooSexDolls","twitter_misc":{"Tempo di lettura stimato":"2 minuti"},"schema":{"@context":"https:\/\/schema.org","@graph":[{"@type":"WebPage","@id":"https:\/\/www.miisoo.com\/product\/celebrity-realistic-silicon-sex-doll\/","url":"https:\/\/www.miisoo.com\/product\/celebrity-realistic-silicon-sex-doll\/","name":"Celebrity Realistic Silicon Sex Doll | Real Life Sex Dolls | MiisooDoll","isPartOf":{"@id":"https:\/\/www.miisoo.com\/#website"},"primaryImageOfPage":{"@id":"https:\/\/www.miisoo.com\/product\/celebrity-realistic-silicon-sex-doll\/#primaryimage"},"image":{"@id":"https:\/\/www.miisoo.com\/product\/celebrity-realistic-silicon-sex-doll\/#primaryimage"},"thumbnailUrl":"https:\/\/www.miisoo.com\/wp-content\/uploads\/2021\/03\/Celebrity-Silicon-Sex-Doll-20.jpg","datePublished":"2021-03-31T08:21:24+00:00","dateModified":"2024-09-27T13:57:14+00:00","description":"Shop 163cm Celebrity Realistic Silicon Sex Doll online at Miisoo. We have big booty sex dolls that are mostly the choice of every person because of their figure.","breadcrumb":{"@id":"https:\/\/www.miisoo.com\/product\/celebrity-realistic-silicon-sex-doll\/#breadcrumb"},"inLanguage":"it-IT","potentialAction":[{"@type":"ReadAction","target":["https:\/\/www.miisoo.com\/product\/celebrity-realistic-silicon-sex-doll\/"]}]},{"@type":"ImageObject","inLanguage":"it-IT","@id":"https:\/\/www.miisoo.com\/product\/celebrity-realistic-silicon-sex-doll\/#primaryimage","url":"https:\/\/www.miisoo.com\/wp-content\/uploads\/2021\/03\/Celebrity-Silicon-Sex-Doll-20.jpg","contentUrl":"https:\/\/www.miisoo.com\/wp-content\/uploads\/2021\/03\/Celebrity-Silicon-Sex-Doll-20.jpg","width":960,"height":1440},{"@type":"BreadcrumbList","@id":"https:\/\/www.miisoo.com\/product\/celebrity-realistic-silicon-sex-doll\/#breadcrumb","itemListElement":[{"@type":"ListItem","position":1,"name":"Home","item":"https:\/\/www.miisoo.com\/"},{"@type":"ListItem","position":2,"name":"Sex Doll Shop","item":"https:\/\/www.miisoo.com\/shop\/"},{"@type":"ListItem","position":3,"name":"Beryl &#8211; 163cm Celebrity Realistic Silicon Sex Doll"}]},{"@type":"WebSite","@id":"https:\/\/www.miisoo.com\/#website","url":"https:\/\/www.miisoo.com\/","name":"MiisooDoll","description":"Sexual Doll, Real Sex Dolls, Love Doll, Best Sex Dolls","publisher":{"@id":"https:\/\/www.miisoo.com\/#organization"},"potentialAction":[{"@type":"SearchAction","target":{"@type":"EntryPoint","urlTemplate":"https:\/\/www.miisoo.com\/?s={search_term_string}"},"query-input":"required name=search_term_string"}],"inLanguage":"it-IT"},{"@type":"Organization","@id":"https:\/\/www.miisoo.com\/#organization","name":"MiisooDoll","url":"https:\/\/www.miisoo.com\/","logo":{"@type":"ImageObject","inLanguage":"it-IT","@id":"https:\/\/www.miisoo.com\/#\/schema\/logo\/image\/","url":"https:\/\/www.miisoo.com\/wp-content\/uploads\/2020\/09\/logo-botton.png","contentUrl":"https:\/\/www.miisoo.com\/wp-content\/uploads\/2020\/09\/logo-botton.png","width":181,"height":42,"caption":"MiisooDoll"},"image":{"@id":"https:\/\/www.miisoo.com\/#\/schema\/logo\/image\/"},"sameAs":["https:\/\/www.facebook.com\/miisoodoll","https:\/\/x.com\/MiisooSexDolls"]}]}},"_links":{"self":[{"href":"https:\/\/www.miisoo.com\/it\/wp-json\/wp\/v2\/product\/11281","targetHints":{"allow":["GET"]}}],"collection":[{"href":"https:\/\/www.miisoo.com\/it\/wp-json\/wp\/v2\/product"}],"about":[{"href":"https:\/\/www.miisoo.com\/it\/wp-json\/wp\/v2\/types\/product"}],"replies":[{"embeddable":true,"href":"https:\/\/www.miisoo.com\/it\/wp-json\/wp\/v2\/comments?post=11281"}],"version-history":[{"count":3,"href":"https:\/\/www.miisoo.com\/it\/wp-json\/wp\/v2\/product\/11281\/revisions"}],"predecessor-version":[{"id":19319,"href":"https:\/\/www.miisoo.com\/it\/wp-json\/wp\/v2\/product\/11281\/revisions\/19319"}],"wp:featuredmedia":[{"embeddable":true,"href":"https:\/\/www.miisoo.com\/it\/wp-json\/wp\/v2\/media\/11371"}],"wp:attachment":[{"href":"https:\/\/www.miisoo.com\/it\/wp-json\/wp\/v2\/media?parent=11281"}],"wp:term":[{"taxonomy":"product_cat","embeddable":true,"href":"https:\/\/www.miisoo.com\/it\/wp-json\/wp\/v2\/product_cat?post=11281"},{"taxonomy":"product_tag","embeddable":true,"href":"https:\/\/www.miisoo.com\/it\/wp-json\/wp\/v2\/product_tag?post=11281"}],"curies":[{"name":"wp","href":"https:\/\/api.w.org\/{rel}","templated":true}]}}