{"id":4358,"date":"2020-09-14T15:34:47","date_gmt":"2020-09-14T07:34:47","guid":{"rendered":"http:\/\/miisoo.com\/?page_id=4358"},"modified":"2023-12-22T20:17:14","modified_gmt":"2023-12-22T12:17:14","slug":"terms-conditions","status":"publish","type":"page","link":"https:\/\/www.miisoo.com\/it\/terms-conditions\/","title":{"rendered":"Termini e Condizioni"},"content":{"rendered":"<div data-elementor-type=\"wp-page\" data-elementor-id=\"4358\" class=\"elementor elementor-4358\" data-elementor-post-type=\"page\">\n\t\t\t\t\t\t<section class=\"elementor-section elementor-top-section elementor-element elementor-element-c76458e elementor-section-boxed elementor-section-height-default elementor-section-height-default\" data-id=\"c76458e\" data-element_type=\"section\">\n\t\t\t\t\t\t<div class=\"elementor-container elementor-column-gap-default\">\n\t\t\t\t\t<div class=\"elementor-column elementor-col-25 elementor-top-column elementor-element elementor-element-8b5e8e1\" data-id=\"8b5e8e1\" data-element_type=\"column\">\n\t\t\t<div class=\"elementor-widget-wrap\">\n\t\t\t\t\t\t\t<\/div>\n\t\t<\/div>\n\t\t\t\t<div class=\"elementor-column elementor-col-50 elementor-top-column elementor-element elementor-element-5afa608\" data-id=\"5afa608\" data-element_type=\"column\">\n\t\t\t<div class=\"elementor-widget-wrap elementor-element-populated\">\n\t\t\t\t\t\t<div class=\"elementor-element elementor-element-1111958 elementor-widget elementor-widget-text-editor\" data-id=\"1111958\" data-element_type=\"widget\" data-widget_type=\"text-editor.default\">\n\t\t\t\t<div class=\"elementor-widget-container\">\n\t\t\t\t\t\t\t\t\t<p>L&#039;accesso, la navigazione o l&#039;utilizzo in altro modo del sito implica l&#039;accettazione di tutti i termini e le condizioni del presente contratto. Si prega di leggere attentamente questo accordo prima di procedere.<\/p><p><strong>Utilizzo del sito:<\/strong><\/p><p>Dichiari e garantisci di avere almeno 18 anni o di visitare il Sito sotto la supervisione di un genitore o tutore. Fatti salvi i termini e le condizioni del presente Accordo, miisoo.com ti concede una licenza limitata, revocabile, non trasferibile e non esclusiva per accedere e utilizzare il Sito visualizzandolo sul tuo browser Internet solo allo scopo di fare acquisti personali articoli venduti sul Sito e non per alcun uso commerciale o per conto di terzi, salvo quanto espressamente consentito in anticipo da miisoo.com. Qualsiasi violazione del presente Accordo comporter\u00e0 l&#039;immediata revoca della licenza concessa in questo paragrafo senza preavviso.<\/p><p>Salvo quanto consentito nel paragrafo precedente, non \u00e8 consentito riprodurre, distribuire, mostrare, vendere, affittare, trasmettere, creare opere derivate, tradurre, modificare, decodificare, disassemblare, decompilare o sfruttare in altro modo questo Sito o parte di esso a meno che espressamente consentito da miisoo.com per iscritto. L&#039;utente non pu\u00f2 fare alcun uso commerciale di nessuna delle informazioni fornite sul Sito o fare alcun uso del Sito a beneficio di un&#039;altra attivit\u00e0, a meno che non sia esplicitamente consentito in anticipo da miisoo.com. miisoo.com si riserva il diritto di rifiutare il servizio, chiudere account e\/o cancellare ordini a sua discrezione, incluso, senza limitazioni, se miisoo.com ritiene che la condotta del cliente violi la legge applicabile o sia dannosa per gli interessi di miisoo.com.<\/p><p>Sarai l&#039;unico responsabile per l&#039;accesso e l&#039;uso di questo sito da parte di chiunque utilizzi la password e l&#039;identificazione originariamente assegnata a te, indipendentemente dal fatto che tale accesso e utilizzo di questo sito sia effettivamente da te autorizzato o meno, comprese, a titolo esemplificativo, tutte le comunicazioni e le trasmissioni e tutti gli obblighi (inclusi, a titolo esemplificativo, gli obblighi finanziari) derivanti da tale accesso o utilizzo. Sei l&#039;unico responsabile della protezione della sicurezza e della riservatezza della password e dell&#039;identificazione a te assegnate. Dovrai immediatamente notificare a miisoo.com qualsiasi uso non autorizzato della tua password o identificazione o qualsiasi altra violazione o minacciata violazione della sicurezza di questo sito.<\/p><p>Salvo quanto diversamente previsto altrove nel presente Accordo o sul sito, tutto ci\u00f2 che invii o pubblichi sul sito e\/o fornisci miisoo.com, inclusi, a titolo esemplificativo, idee, know-how, tecniche, domande, recensioni, commenti e suggerimenti (collettivamente, &quot;Contributi&quot;) sono e saranno trattati come non confidenziali e non proprietari e, inviando o pubblicando, l&#039;utente accetta di concedere in licenza irrevocabile la voce e tutti i diritti di propriet\u00e0 intellettuale ad esso correlati (esclusi i diritti morali come il diritto d&#039;autore) a miisoo.com gratuitamente e miisoo.com avr\u00e0 il diritto esente da royalty, mondiale, perpetuo, irrevocabile e trasferibile di utilizzare, copiare, distribuire, mostrare, pubblicare, eseguire, vendere, affittare, trasmettere, adattare, creare opere derivate da tali Contributi con qualsiasi mezzo e in qualsiasi forma e per tradurre, modificare, decodificare, disassemblare o decompilare tali Contributi. Tutti i Contributi diventeranno automaticamente di propriet\u00e0 unica ed esclusiva di miisoo.com e non verranno restituiti all&#039;utente e l&#039;utente accetta di non sollevare alcuna controversia in relazione a qualsiasi utilizzo della voce da parte di miisoo.com in futuro.<\/p><p>Garantisci che i tuoi Contributi, in tutto o in parte, sono chiari e privi di qualsiasi violazione dei diritti di PI, controversie o reclami di terzi. miisoo.com non si assume alcuna responsabilit\u00e0 per qualsiasi uso improprio del diritto d&#039;autore o di qualsiasi altro diritto di terzi da parte dell&#039;utente. Ti impegni a difendere e indennizzare lo Sponsor da eventuali perdite causate dall&#039;utilizzo delle iscrizioni per qualsiasi scopo.<\/p><p>Oltre ai diritti applicabili a qualsiasi Contributo, quando pubblichi commenti o recensioni sul sito, concedi a miisoo.com anche il diritto di utilizzare il nome che invii con qualsiasi recensione, commento o altro Contenuto, se presente, in connessione con tale recensione, commento o altro contenuto. Dichiari e garantisci di possedere o altrimenti controllare tutti i diritti sulle recensioni, commenti e altri Contenuti che pubblichi su questo sito e che l&#039;uso delle tue recensioni, commenti o altri Contenuti da parte di miisoo.com non violer\u00e0 o violare i diritti di terzi. Non devi utilizzare un indirizzo e-mail falso, fingere di essere qualcuno diverso da te stesso o altrimenti fuorviare miisoo.com o terze parti sull&#039;origine di qualsiasi Contributo o Contenuto. miisoo.com pu\u00f2, ma non \u00e8 obbligato a rimuovere o modificare qualsiasi Contributo (inclusi commenti o recensioni) per qualsiasi motivo.<\/p><p><strong>Diritto d&#039;autore<\/strong><\/p><p>Tutti i testi, la grafica, le fotografie o altre immagini, le icone dei pulsanti, i clip audio, i loghi, gli slogan, i nomi commerciali o il software word e altri contenuti sul sito Web di miisoo.com (collettivamente, &quot;Contenuto&quot;), appartengono esclusivamente a miisoo.com o i suoi fornitori di contenuti appropriati. Non \u00e8 consentito utilizzare, riprodurre, copiare, modificare, trasmettere, visualizzare, pubblicare, vendere, concedere in licenza, eseguire pubblicamente, distribuire o sfruttare commercialmente alcun Contenuto o altrimenti disporre di qualsiasi Contenuto in un modo non consentito da miisoo.com, senza il previo consenso scritto di miisoo.com. L&#039;uso di data mining, robot o strumenti di raccolta ed estrazione di dati simili su miisoo.com, nonch\u00e9 l&#039;uso di marchi o marchi di servizio miisoo.com nei meta-tag \u00e8 severamente proibito. Puoi visualizzare e utilizzare il Contenuto solo per le tue informazioni personali e per gli acquisti e gli ordini sul sito e per nessun altro scopo. Se ti capita di imbatterti in uno qualsiasi dei nostri contenuti ospitati su un sito di terze parti, non esitare a contattarci all&#039;indirizzo: service@miisoo.com. Puoi anche contattarci telefonicamente allo 010-56920098 7:00-16:00 ora locale di Pechino, o per posta a: Diantong Shidai Guangchang Building #2 Suite D, 7 Jiuxianqiao Beilu, Chaoyang District, Pechino, Cina. La raccolta, la disposizione e l&#039;assemblaggio di tutti i contenuti di questo sito (la &quot;Compilazione&quot;) appartengono esclusivamente a miisoo.com. Non puoi utilizzare il Contenuto o la Compilazione di miisoo.com in alcun modo che denigri o screditi miisoo.com o in qualsiasi modo che possa causare confusione o violazione di qualsiasi legge o regolamento applicabile. Tutto il software utilizzato su questo Sito (il &quot;Software&quot;) \u00e8 di propriet\u00e0 di miisoo.com e\/o dei suoi fornitori di Software. Il Contenuto, la Compilazione e il Software sono tutti protetti dalle leggi sul copyright statali, nazionali e internazionali. Tutti i diritti non espressamente concessi sono riservati da miisoo.com. I trasgressori saranno perseguiti a norma di legge.<\/p><p>miisoo.com riconosce e rispetta tutti i diritti d&#039;autore e marchi. In quanto tale, qualsiasi utilizzo di televisione, film, musica, festival cinematografici o altri nomi o titoli non ha alcun collegamento con miisoo.com e sono di propriet\u00e0 esclusiva dei detentori del copyright o del marchio. I nostri abiti sono ispirati allo stile delle celebrit\u00e0 e sono le nostre riproduzioni di capi indossati dalle celebrit\u00e0 nei tuoi programmi televisivi preferiti e sul tappeto rosso, tuttavia non sono autorizzati, approvati o collegati a questi spettacoli in alcun modo e non sono intesi come violazioni di qualsiasi marchio registrato o diritto d&#039;autore.<\/p><p><strong>Politica sulla violazione della propriet\u00e0 intellettuale<\/strong><\/p><p>\u00c8 politica di miisoo.com intraprendere le azioni appropriate ove necessario per sostenere e riconoscere tutte le leggi statali, federali e internazionali pertinenti in relazione a materiale che si sostiene violi qualsiasi marchio, copyright, brevetto e tutte o altre leggi sulla propriet\u00e0 intellettuale . Se sei un titolare di diritti di propriet\u00e0 intellettuale e ritieni che miisoo.com venda, offra in vendita o renda disponibili beni e\/o servizi che violano i tuoi diritti di propriet\u00e0 intellettuale, invia le seguenti informazioni nella loro interezza a service@miisoo.com<br \/><strong>Informazione richiesta<\/strong><br \/>1. Una firma elettronica o fisica della persona autorizzata ad agire per conto del titolare di un&#039;esclusiva presumibilmente violata;<br \/>2. Una descrizione dell&#039;opera o del materiale in presunta violazione;<br \/>3. Una descrizione di dove si trova il materiale in presunta violazione sul sito (URL prodotto\/i);<br \/>4. Informazioni ragionevolmente sufficienti per consentirci di contattarti, come il tuo indirizzo, numero di telefono e indirizzo e-mail;<br \/>5. Una tua dichiarazione in cui ritieni in buona fede che l&#039;uso contestato del materiale non \u00e8 autorizzato dal copyright o da altro proprietario dei diritti di propriet\u00e0, dal suo agente o dalla legge;<br \/>6. Identificazione dei diritti di propriet\u00e0 intellettuale che ritieni siano violati dal sito Web (es. &quot;copyright XYZ&quot;, &quot;marchio ABC, Reg. n. 123456, registrato 1\/1\/04&quot;, ecc.); e<br \/>7. Una tua dichiarazione che le informazioni e la notifica di cui sopra sono accurate e, sotto pena di falsa testimonianza, che sei il proprietario del copyright o autorizzato ad agire per conto del proprietario il cui diritto esclusivo \u00e8 presumibilmente violato.<\/p><p><strong>Cessazione ed effetto della cessazione<\/strong><\/p><p>Oltre a qualsiasi altro rimedio legale o equo, miisoo.com pu\u00f2, senza preavviso, risolvere immediatamente l&#039;Accordo o revocare uno o tutti i tuoi diritti concessi in base al presente Accordo. In caso di risoluzione del presente Accordo, l&#039;utente cesser\u00e0 immediatamente qualsiasi accesso e utilizzo del sito e miisoo.com, oltre a qualsiasi altro rimedio legale o equo, revocher\u00e0 immediatamente tutte le password e l&#039;identificazione dell&#039;account rilasciata all&#039;utente e negare l&#039;accesso e l&#039;utilizzo di questo Sito in tutto o in parte. Qualsiasi risoluzione del presente Accordo non pregiudica i rispettivi diritti e obblighi (inclusi, a titolo esemplificativo, gli obblighi di pagamento) delle parti sorti prima della data di risoluzione.<\/p><p><strong>Esclusione di responsabilit\u00e0 e limitazione di responsabilit\u00e0<\/strong><\/p><p>SALVO QUANTO DIVERSAMENTE PREVISTO NELLE CONDIZIONI STANDARD DI VENDITA CHE REGOLANO OGNI PRODOTTO SU QUESTO SITO, QUESTO SITO, I PRODOTTI OFFERTI IN VENDITA SU DI ESSO E LE TRANSAZIONI EFFETTUATE ATTRAVERSO ESSO SONO FORNITI DA miisoo.com &quot;COS\u00cc COME SONO&quot; . miisoo.com NON FORNISCE ALCUNA PRESENTAZIONE O GARANZIA DI ALCUN TIPO, ESPRESSA O IMPLICITA, RELATIVAMENTE AL FUNZIONAMENTO DEL SITO O ALLE INFORMAZIONI, CONTENUTI, MATERIALI O PRODOTTI INCLUSI IN QUESTO SITO AD ECCEZIONE DI QUANTO QUI FORNITO NELLA MISURA COMPLETA CONSENTITA DALLA LEGGE APPLICABILE, miisoo.com NON RICONOSCE ALCUNA GARANZIA, ESPRESSA O IMPLICITA, COMPRESE, MA NON SOLO, GARANZIE IMPLICITE DI COMMERCIABILIT\u00c0 E IDONEIT\u00c0 PER UNO SCOPO PARTICOLARE, NON VIOLAZIONE, TITOLO, DIVERTIMENTO SILENZIOSO, ACCURATEZZA DEI DATI E INTEGRAZIONE DEL SISTEMA. QUESTO SITO PU\u00d2 CONTENERE IMPRECISIONI, ERRORI O ERRORI TIPOGRAFICI. miisoo.com NON GARANTISCE CHE IL CONTENUTO SAR\u00c0 ERRATO O PRIVO DI ERRORI. NELLA MISURA MASSIMA CONSENTITA DALLA LEGGE, miisoo.com NON SAR\u00c0 RESPONSABILE PER EVENTUALI DANNI DI ALCUN TIPO DERIVANTI DALL&#039;UTILIZZO DI QUESTO SITO, COMPRESI, A TITOLO ESEMPLIFICATIVO, DANNI INDIRETTI ACCIDENTALI, PUNITIVI, ESEMPLARI, SPECIALI O CONSEQUENZIALI. NELLA MISURA MASSIMA CONSENTITA DALLA LEGGE APPLICABILE, LA TOTALE RESPONSABILIT\u00c0 DI miisoo.com NEI CONFRONTI DELL&#039;UTENTE PER EVENTUALI DANNI (INDIPENDENTEMENTE DALLA FONDAZIONE DELL&#039;AZIONE) NON DEVE SUPERARE complessivamente L&#039;IMPORTO DELLE COMMISSIONI EFFETTIVAMENTE PAGATE DALL&#039;UTENTE A miisoo.com DURANTE IL MESE IMMEDIATAMENTE PRECEDENTE L&#039;ATTO CHE PRESENZA DIMOSTRARE LA RESPONSABILIT\u00c0 di miisoo.com.<\/p><p><strong>Accettazione dell&#039;ordine<\/strong><\/p><p>Tieni presente che potrebbero esserci alcuni ordini che non siamo in grado di accettare e dobbiamo annullare. miisoo.com si riserva il diritto, a sola discrezione, di rifiutare o annullare qualsiasi ordine per qualsiasi motivo. Alcune situazioni che potrebbero comportare l&#039;annullamento dell&#039;ordine includono limitazioni alle quantit\u00e0 disponibili per l&#039;acquisto, imprecisioni o errori nelle informazioni sui prodotti o sui prezzi o problemi identificati dal nostro dipartimento per la prevenzione di crediti e frodi. Potremmo anche richiedere ulteriori verifiche o informazioni prima di accettare qualsiasi ordine. Ti contatteremo se tutto o parte del tuo ordine viene annullato o se sono necessarie ulteriori informazioni per accettare il tuo ordine.<\/p><p><strong>Trasferimento del titolo<\/strong><\/p><p>La propriet\u00e0 dei prodotti nel tuo ordine ti sar\u00e0 trasferita quando i prodotti lasceranno il nostro magazzino e saranno consegnati al corriere per la spedizione a un indirizzo da te indicato nell&#039;ordine. Tutte le responsabilit\u00e0 e i rischi relativi ai prodotti verranno trasferiti a te in quel momento. Effettuando un ordine su questo Sito, autorizzi MIISOO LIMITED a impegnare servizi di spedizione di terze parti per tuo conto.<\/p><p><strong>Errori tipografici<\/strong><\/p><p>Sebbene miisoo.com si impegni a fornire informazioni accurate su prodotti e prezzi, potrebbero verificarsi errori di prezzo o tipografici. miisoo.com non pu\u00f2 confermare il prezzo di un articolo fino a dopo l&#039;ordine. Nel caso in cui un articolo sia elencato a un prezzo errato o con informazioni errate a causa di un errore nel prezzo o nelle informazioni sul prodotto, miisoo.com avr\u00e0 il diritto, a nostra esclusiva discrezione, di rifiutare o annullare qualsiasi ordine effettuato per quell&#039;articolo. Nel caso in cui un articolo abbia un prezzo errato, miisoo.com pu\u00f2, a nostra discrezione, contattarti per istruzioni o annullare l&#039;ordine e informarti di tale annullamento.<\/p><p><strong>Prezzi in valute diverse<\/strong><\/p><p>Il prezzo dei prodotti venduti da miisoo.com si basa su cifre calcolate in dollari statunitensi (US$). I prezzi visualizzati in altre valute vengono convertiti da dollari statunitensi in base ai tassi di conversione pi\u00f9 aggiornati. A causa delle fluttuazioni dei valori delle valute, i prezzi visualizzati sul Sito in denominazioni di valuta non statunitensi, ad eccezione della pagina del singolo prodotto, potrebbero non essere i pi\u00f9 aggiornati. Le aree del Sito in cui le denominazioni di valuta non statunitensi potrebbero essere imprecise includono, a titolo esemplificativo, banner promozionali, pagine promozionali e informazioni sulle pagine delle categorie di prodotti. Il prezzo visualizzato sulla pagina di un singolo prodotto, indipendentemente dalla denominazione della valuta, \u00e8 il prezzo corrente che sei tenuto a pagare a miisoo.com, inclusa la spedizione.<\/p><p>Questo sito pu\u00f2 contenere collegamenti ad altri siti su Internet che sono di propriet\u00e0 e gestiti da terzi. Riconosci che miisoo.com non \u00e8 responsabile per il funzionamento o il contenuto che si trova su o attraverso tali siti.<br \/>Rimedi<\/p><p>Accetti che il rimedio legale di miisoo.com per qualsiasi violazione effettiva o minacciata del presente Accordo sarebbe inadeguato e che miisoo.com avr\u00e0 diritto a prestazioni specifiche o provvedimenti ingiuntivi, o entrambi, oltre a eventuali danni che miisoo.com potrebbe essere legalmente autorizzato a recuperare, insieme alle spese ragionevoli di qualsiasi forma di risoluzione delle controversie, comprese, a titolo esemplificativo, le spese legali.<\/p><p>Nessun diritto o rimedio di miisoo.com sar\u00e0 esclusivo di qualsiasi altro, sia per legge che per equit\u00e0, inclusi, a titolo esemplificativo, provvedimenti ingiuntivi per danni, onorari e spese legali.<\/p>\t\t\t\t\t\t\t\t<\/div>\n\t\t\t\t<\/div>\n\t\t\t\t\t<\/div>\n\t\t<\/div>\n\t\t\t\t<div class=\"elementor-column elementor-col-25 elementor-top-column elementor-element elementor-element-df603f8\" data-id=\"df603f8\" data-element_type=\"column\">\n\t\t\t<div class=\"elementor-widget-wrap\">\n\t\t\t\t\t\t\t<\/div>\n\t\t<\/div>\n\t\t\t\t\t<\/div>\n\t\t<\/section>\n\t\t\t\t<\/div>","protected":false},"excerpt":{"rendered":"<p>L&#039;accesso, la navigazione o l&#039;utilizzo in altro modo del sito implica l&#039;accettazione di tutti i termini e le condizioni del presente contratto. Si prega di leggere attentamente questo accordo prima di procedere. Utilizzo del sito: dichiari e garantisci di avere almeno 18 anni o di visitare il sito sotto la supervisione di un genitore o tutore. Soggetto a\u2026<\/p>","protected":false},"author":455,"featured_media":0,"parent":0,"menu_order":0,"comment_status":"closed","ping_status":"open","template":"","meta":{"footnotes":""},"class_list":["post-4358","page","type-page","status-publish","hentry"],"yoast_head":"<!-- This site is optimized with the Yoast SEO Premium plugin v22.6 (Yoast SEO v22.9) - https:\/\/yoast.com\/wordpress\/plugins\/seo\/ -->\n<title>Terms &amp; Conditions |Cheap Real Sex Dolls | Miisoo<\/title>\n<meta name=\"description\" content=\"Review Miisoo&#039;s Transparent Terms &amp; Conditions. Shop Confidently for Cheap Real Sex Dolls. Your Satisfaction, Our Commitment at Miisoo. Check It Online Now\" \/>\n<meta name=\"robots\" content=\"index, follow, max-snippet:-1, max-image-preview:large, max-video-preview:-1\" \/>\n<link rel=\"canonical\" href=\"https:\/\/www.miisoo.com\/it\/terms-conditions\/\" \/>\n<meta property=\"og:locale\" content=\"it_IT\" \/>\n<meta property=\"og:type\" content=\"article\" \/>\n<meta property=\"og:title\" content=\"Terms and Conditions\" \/>\n<meta property=\"og:description\" content=\"Review Miisoo&#039;s Transparent Terms &amp; Conditions. Shop Confidently for Cheap Real Sex Dolls. Your Satisfaction, Our Commitment at Miisoo. Check It Online Now\" \/>\n<meta property=\"og:url\" content=\"https:\/\/www.miisoo.com\/it\/terms-conditions\/\" \/>\n<meta property=\"og:site_name\" content=\"MiisooDoll\" \/>\n<meta property=\"article:publisher\" content=\"https:\/\/www.facebook.com\/miisoodoll\" \/>\n<meta property=\"article:modified_time\" content=\"2023-12-22T12:17:14+00:00\" \/>\n<meta name=\"twitter:card\" content=\"summary_large_image\" \/>\n<meta name=\"twitter:site\" content=\"@MiisooSexDolls\" \/>\n<meta name=\"twitter:label1\" content=\"Tempo di lettura stimato\" \/>\n\t<meta name=\"twitter:data1\" content=\"10 minuti\" \/>\n<!-- \/ Yoast SEO Premium plugin. -->","yoast_head_json":{"title":"Terms & Conditions |Cheap Real Sex Dolls | Miisoo","description":"Review Miisoo's Transparent Terms & Conditions. Shop Confidently for Cheap Real Sex Dolls. Your Satisfaction, Our Commitment at Miisoo. Check It Online Now","robots":{"index":"index","follow":"follow","max-snippet":"max-snippet:-1","max-image-preview":"max-image-preview:large","max-video-preview":"max-video-preview:-1"},"canonical":"https:\/\/www.miisoo.com\/it\/terms-conditions\/","og_locale":"it_IT","og_type":"article","og_title":"Terms and Conditions","og_description":"Review Miisoo's Transparent Terms & Conditions. Shop Confidently for Cheap Real Sex Dolls. Your Satisfaction, Our Commitment at Miisoo. Check It Online Now","og_url":"https:\/\/www.miisoo.com\/it\/terms-conditions\/","og_site_name":"MiisooDoll","article_publisher":"https:\/\/www.facebook.com\/miisoodoll","article_modified_time":"2023-12-22T12:17:14+00:00","twitter_card":"summary_large_image","twitter_site":"@MiisooSexDolls","twitter_misc":{"Tempo di lettura stimato":"10 minuti"},"schema":{"@context":"https:\/\/schema.org","@graph":[{"@type":"WebPage","@id":"https:\/\/www.miisoo.com\/terms-conditions\/","url":"https:\/\/www.miisoo.com\/terms-conditions\/","name":"Terms & Conditions |Cheap Real Sex Dolls | Miisoo","isPartOf":{"@id":"https:\/\/www.miisoo.com\/#website"},"datePublished":"2020-09-14T07:34:47+00:00","dateModified":"2023-12-22T12:17:14+00:00","description":"Review Miisoo's Transparent Terms & Conditions. Shop Confidently for Cheap Real Sex Dolls. Your Satisfaction, Our Commitment at Miisoo. Check It Online Now","breadcrumb":{"@id":"https:\/\/www.miisoo.com\/terms-conditions\/#breadcrumb"},"inLanguage":"it-IT","potentialAction":[{"@type":"ReadAction","target":["https:\/\/www.miisoo.com\/terms-conditions\/"]}]},{"@type":"BreadcrumbList","@id":"https:\/\/www.miisoo.com\/terms-conditions\/#breadcrumb","itemListElement":[{"@type":"ListItem","position":1,"name":"Home","item":"https:\/\/www.miisoo.com\/"},{"@type":"ListItem","position":2,"name":"Terms and Conditions"}]},{"@type":"WebSite","@id":"https:\/\/www.miisoo.com\/#website","url":"https:\/\/www.miisoo.com\/","name":"MiisooDoll","description":"Sexual Doll, Real Sex Dolls, Love Doll, Best Sex Dolls","publisher":{"@id":"https:\/\/www.miisoo.com\/#organization"},"potentialAction":[{"@type":"SearchAction","target":{"@type":"EntryPoint","urlTemplate":"https:\/\/www.miisoo.com\/?s={search_term_string}"},"query-input":"required name=search_term_string"}],"inLanguage":"it-IT"},{"@type":"Organization","@id":"https:\/\/www.miisoo.com\/#organization","name":"MiisooDoll","url":"https:\/\/www.miisoo.com\/","logo":{"@type":"ImageObject","inLanguage":"it-IT","@id":"https:\/\/www.miisoo.com\/#\/schema\/logo\/image\/","url":"https:\/\/www.miisoo.com\/wp-content\/uploads\/2020\/09\/logo-botton.png","contentUrl":"https:\/\/www.miisoo.com\/wp-content\/uploads\/2020\/09\/logo-botton.png","width":181,"height":42,"caption":"MiisooDoll"},"image":{"@id":"https:\/\/www.miisoo.com\/#\/schema\/logo\/image\/"},"sameAs":["https:\/\/www.facebook.com\/miisoodoll","https:\/\/x.com\/MiisooSexDolls"]}]}},"_links":{"self":[{"href":"https:\/\/www.miisoo.com\/it\/wp-json\/wp\/v2\/pages\/4358","targetHints":{"allow":["GET"]}}],"collection":[{"href":"https:\/\/www.miisoo.com\/it\/wp-json\/wp\/v2\/pages"}],"about":[{"href":"https:\/\/www.miisoo.com\/it\/wp-json\/wp\/v2\/types\/page"}],"author":[{"embeddable":true,"href":"https:\/\/www.miisoo.com\/it\/wp-json\/wp\/v2\/users\/455"}],"replies":[{"embeddable":true,"href":"https:\/\/www.miisoo.com\/it\/wp-json\/wp\/v2\/comments?post=4358"}],"version-history":[{"count":4,"href":"https:\/\/www.miisoo.com\/it\/wp-json\/wp\/v2\/pages\/4358\/revisions"}],"predecessor-version":[{"id":34674,"href":"https:\/\/www.miisoo.com\/it\/wp-json\/wp\/v2\/pages\/4358\/revisions\/34674"}],"wp:attachment":[{"href":"https:\/\/www.miisoo.com\/it\/wp-json\/wp\/v2\/media?parent=4358"}],"curies":[{"name":"wp","href":"https:\/\/api.w.org\/{rel}","templated":true}]}}