{"id":3,"date":"2020-09-05T13:19:56","date_gmt":"2020-09-05T13:19:56","guid":{"rendered":"http:\/\/miisoo.com\/?page_id=3"},"modified":"2023-12-22T20:16:22","modified_gmt":"2023-12-22T12:16:22","slug":"privacy-policy","status":"publish","type":"page","link":"https:\/\/www.miisoo.com\/it\/privacy-policy\/","title":{"rendered":"politica sulla riservatezza"},"content":{"rendered":"<div data-elementor-type=\"wp-page\" data-elementor-id=\"3\" class=\"elementor elementor-3\" data-elementor-post-type=\"page\">\n\t\t\t\t\t\t<section class=\"elementor-section elementor-top-section elementor-element elementor-element-c76458e elementor-section-boxed elementor-section-height-default elementor-section-height-default\" data-id=\"c76458e\" data-element_type=\"section\">\n\t\t\t\t\t\t<div class=\"elementor-container elementor-column-gap-default\">\n\t\t\t\t\t<div class=\"elementor-column elementor-col-25 elementor-top-column elementor-element elementor-element-8b5e8e1\" data-id=\"8b5e8e1\" data-element_type=\"column\">\n\t\t\t<div class=\"elementor-widget-wrap\">\n\t\t\t\t\t\t\t<\/div>\n\t\t<\/div>\n\t\t\t\t<div class=\"elementor-column elementor-col-50 elementor-top-column elementor-element elementor-element-5afa608\" data-id=\"5afa608\" data-element_type=\"column\">\n\t\t\t<div class=\"elementor-widget-wrap elementor-element-populated\">\n\t\t\t\t\t\t<div class=\"elementor-element elementor-element-1111958 elementor-widget elementor-widget-text-editor\" data-id=\"1111958\" data-element_type=\"widget\" data-widget_type=\"text-editor.default\">\n\t\t\t\t<div class=\"elementor-widget-container\">\n\t\t\t\t\t\t\t\t\t<p>MIISOO \u00e8 l&#039;unico proprietario delle informazioni che raccogliamo su questo sito, non vendiamo, noleggiamo o condividiamo queste informazioni con nessun&#039;altra societ\u00e0 per scopi di marketing. Sappiamo che ti interessa il modo in cui le tue informazioni personali vengono utilizzate e condivise e apprezziamo la tua fiducia in noi. Trattiamo le tue informazioni personali con i pi\u00f9 alti standard di sicurezza, protezione e riservatezza.<\/p>\n<p><strong>D. Sono preoccupato per la mia privacy. Come puoi proteggere la mia riservatezza?<\/strong><\/p>\n<p>R. Siamo molto preoccupati per la privacy elettronica, dato che siamo un&#039;azienda basata su Internet. Proteggiamo la tua privacy, riservatezza e informazioni personali attraverso il processo di ordinazione e di evasione. Non memorizziamo i tuoi dati su un computer da parte nostra, quindi ci\u00f2 significa che non c&#039;\u00e8 modo di utilizzare le tue informazioni personali contro di te o di farle rubare su un sito di terze parti. Proteggiamo inoltre la tua privacy formando il nostro personale di vendita affinch\u00e9 sia disponibile e, soprattutto, discreto. Il nostro personale amministrativo non discuter\u00e0 di te o della tua attivit\u00e0 con nessuno. Puoi stare certo che dimenticheremo prontamente tutto ci\u00f2 che accumuliamo su di te. Non teniamo informazioni del genere in giro, quindi non devi preoccuparti.<\/p>\n<p>Tutto il nostro personale di vendita viene selezionato e formato a mano per assicurarsi che capiscano come mantenere la riservatezza del cliente. Nessun membro del personale che violi queste regole di riservatezza pu\u00f2 rimanere. Il nostro personale, inoltre, non discute tra di loro i clienti o i loro acquisti. Insegniamo loro che questo tipo di pettegolezzo ozioso semplicemente non \u00e8 qualcosa che \u00e8 utile o utile, quindi il modo migliore per affrontarlo \u00e8 semplicemente non farlo. Non puoi goderti appieno il tuo acquisto se sei preoccupato di esporre la tua attivit\u00e0 personale.<\/p>\n<p>L&#039;acquisto della tua bambola del sesso rimarr\u00e0 completamente segreto finch\u00e9 avremo qualcosa da dire al riguardo. Manterremo la tua privacy dall&#039;inizio alla fine e non rinunceremo mai su questo punto. Una volta che sai che la tua privacy \u00e8 protetta, puoi sederti, rilassarti e goderti ci\u00f2 che hai acquistato. Pi\u00f9 sei rilassato, pi\u00f9 ti divertirai e pi\u00f9 ti divertirai, meglio avremo svolto il nostro lavoro. Non ci fermeremo finch\u00e9 non sapremo che sei soddisfatto. La tua soddisfazione e la tua esperienza con la bambola del sesso sono immensamente importanti per noi.<\/p>\n<h3>Quali informazioni raccogliamo?<\/h3>\n<p>Raccogliamo informazioni da te quando ti registri sul nostro sito, effettui un ordine o ti iscrivi alla nostra newsletter.<\/p>\n<p>Al momento dell&#039;ordine o della registrazione sul nostro sito, a seconda dei casi, potrebbe essere richiesto di inserire: nome, indirizzo e-mail, indirizzo postale o numero di telefono. Si pu\u00f2, comunque, visitare il nostro sito in modo anonimo.<\/p>\n<h3>Per cosa utilizziamo le tue informazioni?<\/h3>\n<p>Qualsiasi informazione che raccogliamo da te pu\u00f2 essere utilizzata in uno dei seguenti modi:<\/p>\n<p>Per personalizzare la tua esperienza:<br>(le tue informazioni ci aiutano a rispondere meglio alle tue esigenze individuali)<\/p>\n<p>Per elaborare le transazioni:<br>Le tue informazioni, pubbliche o private, non saranno vendute, scambiate, trasferite o cedute a nessun&#039;altra societ\u00e0 per alcun motivo, senza il tuo consenso, se non per l&#039;espresso scopo di fornire il prodotto acquistato o il servizio richiesto.<\/p>\n<p>Per inviare e-mail periodiche:<br>L&#039;indirizzo e-mail che fornisci per l&#039;elaborazione dell&#039;ordine pu\u00f2 essere utilizzato per inviarti informazioni e aggiornamenti relativi al tuo ordine. Oltre a ricevere occasionali notizie aziendali, aggiornamenti, informazioni relative a prodotti o servizi, ecc.<br>Nota: se in qualsiasi momento desideri annullare l&#039;iscrizione alla ricezione di e-mail future, includiamo istruzioni dettagliate per l&#039;annullamento dell&#039;iscrizione in fondo a ciascuna e-mail.<\/p>\n<h3 class=\"m_top\">Come proteggiamo i tuoi dati?<\/h3>\n<p class=\"m_bottom\">Implementiamo una serie di misure di sicurezza per mantenere la sicurezza delle tue informazioni personali quando effettui un ordine o inserisci, invii o accedi alle tue informazioni personali.<br>Offriamo l&#039;utilizzo di un server sicuro. Tutte le informazioni sensibili\/di credito fornite vengono trasmesse tramite la tecnologia Secure Socket Layer (SSL) e quindi crittografate nel nostro database dei fornitori di gateway di pagamento per essere accessibili solo da coloro autorizzati con diritti di accesso speciali a tali sistemi e sono tenuti a mantenere riservate le informazioni.<br>Dopo una transazione, le tue informazioni private (carte di credito, numeri di previdenza sociale, dati finanziari, ecc.) non verranno archiviate sui nostri server.<\/p>\n<h3>Utilizziamo i cookie?<\/h3>\n<p>es. I cookie sono piccoli file che un sito o il suo fornitore di servizi trasferisce sul disco rigido del tuo computer tramite il tuo browser Web (se consentito) che consente ai siti o ai sistemi dei fornitori di servizi di riconoscere il tuo browser e acquisire e ricordare determinate informazioni Utilizziamo i cookie per aiutarci ricorda ed elabora gli articoli nel tuo carrello, comprendi e salva le tue preferenze per le visite future, tieni traccia degli annunci pubblicitari e compila dati aggregati sul traffico del sito e sull&#039;interazione del sito in modo da poter offrire migliori esperienze e strumenti del sito in futuro.<\/p>\n<h3>Divulghiamo informazioni a soggetti esterni?<\/h3>\n<p>Non vendiamo, scambiamo o altrimenti trasferiamo a terzi le tue informazioni di identificazione personale. Ci\u00f2 non include terze parti di fiducia che ci assistono nella gestione del nostro sito Web, nella conduzione della nostra attivit\u00e0 o nell&#039;assistenza all&#039;utente, a condizione che tali parti accettino di mantenere riservate queste informazioni. Potremmo anche rilasciare le tue informazioni quando riteniamo che il rilascio sia appropriato per rispettare la legge, far rispettare le nostre politiche del sito o proteggere i nostri o altri diritti, propriet\u00e0 o sicurezza. Tuttavia, le informazioni sui visitatori che non consentono l&#039;identificazione personale possono essere fornite ad altre parti per scopi di marketing, pubblicit\u00e0 o altri usi.<\/p>\n<h3>Collegamenti di terze parti<\/h3>\n<p>Occasionalmente, a nostra discrezione, possiamo includere o offrire prodotti o servizi di terze parti sul nostro sito web. Questi siti di terze parti hanno politiche sulla privacy separate e indipendenti. pertanto, non abbiamo alcuna responsabilit\u00e0 per il contenuto e le attivit\u00e0 di questi siti collegati. Tuttavia, cerchiamo di proteggere l&#039;integrit\u00e0 del nostro sito e accogliamo con favore qualsiasi feedback su questi siti.<\/p>\n<p class=\"m_bottom\">\n<\/p><h3>Conformit\u00e0 alla legge sulla protezione della privacy online dei bambini<\/h3>\n<p>Siamo conformi ai requisiti del COPPA (Children&#039;s Online Privacy Protection Act). Non raccogliamo alcuna informazione da persone di et\u00e0 inferiore a 13 anni. Il nostro sito Web, i prodotti e i servizi sono tutti diretti a persone che abbiano almeno 13 anni o pi\u00f9.<\/p>\n<h3>Solo informativa sulla privacy online<\/h3>\n<p>Questa politica sulla privacy online si applica solo alle informazioni raccolte tramite il nostro sito Web e non alle informazioni raccolte offline.<\/p>\n<h3>Termini e Condizioni<\/h3>\n<p>Si prega di visitare anche la nostra sezione Termini e condizioni che stabilisce l&#039;uso, le esclusioni di responsabilit\u00e0 e le limitazioni di responsabilit\u00e0 che regolano l&#039;uso del nostro sito Web all&#039;indirizzo&nbsp;<a href=\"https:\/\/www.miisoo.com\/it\/\" target=\"_blank\" style=\"font-family: inherit; font-weight: var( --e-global-typography-text-font-weight ); background-color: rgb(255, 255, 255);\">www.miisoo.com<\/a><\/p>\n<h3>Il tuo consenso<\/h3>\n<p>Utilizzando il nostro sito, acconsenti alla politica sulla privacy del nostro sito web.<\/p>\n<h3>Modifiche alla nostra Informativa sulla privacy<\/h3>\n<p>Se decidiamo di modificare la nostra politica sulla privacy, aggiorneremo la data di modifica della politica sulla privacy di seguito.<br>Questa politica \u00e8 stata modificata l&#039;ultima volta il 03\/06\/2018<\/p>\t\t\t\t\t\t\t\t<\/div>\n\t\t\t\t<\/div>\n\t\t\t\t\t<\/div>\n\t\t<\/div>\n\t\t\t\t<div class=\"elementor-column elementor-col-25 elementor-top-column elementor-element elementor-element-df603f8\" data-id=\"df603f8\" data-element_type=\"column\">\n\t\t\t<div class=\"elementor-widget-wrap\">\n\t\t\t\t\t\t\t<\/div>\n\t\t<\/div>\n\t\t\t\t\t<\/div>\n\t\t<\/section>\n\t\t\t\t<\/div>","protected":false},"excerpt":{"rendered":"<p>MIISOO \u00e8 l&#039;unico proprietario delle informazioni che raccogliamo su questo sito, non vendiamo, noleggiamo o condividiamo queste informazioni con nessun&#039;altra societ\u00e0 per scopi di marketing. Sappiamo che ti interessa il modo in cui le tue informazioni personali vengono utilizzate e condivise e apprezziamo la tua fiducia in noi. Trattiamo il tuo personale...<\/p>","protected":false},"author":455,"featured_media":0,"parent":0,"menu_order":0,"comment_status":"closed","ping_status":"open","template":"","meta":{"footnotes":""},"class_list":["post-3","page","type-page","status-publish","hentry"],"yoast_head":"<!-- This site is optimized with the Yoast SEO Premium plugin v22.6 (Yoast SEO v22.9) - https:\/\/yoast.com\/wordpress\/plugins\/seo\/ -->\n<title>Privacy Policy | Cheap Real Sex Dolls | MiisooDoll<\/title>\n<meta name=\"description\" content=\"Review MiisooDoll&#039;s privacy policy for transparent handling of data. Shop confidently for cheap real sex dolls. Your privacy, our priority at MiisooDoll.\" \/>\n<meta name=\"robots\" content=\"index, follow, max-snippet:-1, max-image-preview:large, max-video-preview:-1\" \/>\n<link rel=\"canonical\" href=\"https:\/\/www.miisoo.com\/it\/privacy-policy\/\" \/>\n<meta property=\"og:locale\" content=\"it_IT\" \/>\n<meta property=\"og:type\" content=\"article\" \/>\n<meta property=\"og:title\" content=\"Privacy Policy\" \/>\n<meta property=\"og:description\" content=\"Review MiisooDoll&#039;s privacy policy for transparent handling of data. Shop confidently for cheap real sex dolls. Your privacy, our priority at MiisooDoll.\" \/>\n<meta property=\"og:url\" content=\"https:\/\/www.miisoo.com\/it\/privacy-policy\/\" \/>\n<meta property=\"og:site_name\" content=\"MiisooDoll\" \/>\n<meta property=\"article:publisher\" content=\"https:\/\/www.facebook.com\/miisoodoll\" \/>\n<meta property=\"article:modified_time\" content=\"2023-12-22T12:16:22+00:00\" \/>\n<meta name=\"twitter:card\" content=\"summary_large_image\" \/>\n<meta name=\"twitter:site\" content=\"@MiisooSexDolls\" \/>\n<meta name=\"twitter:label1\" content=\"Tempo di lettura stimato\" \/>\n\t<meta name=\"twitter:data1\" content=\"5 minuti\" \/>\n<!-- \/ Yoast SEO Premium plugin. -->","yoast_head_json":{"title":"Privacy Policy | Cheap Real Sex Dolls | MiisooDoll","description":"Review MiisooDoll's privacy policy for transparent handling of data. Shop confidently for cheap real sex dolls. Your privacy, our priority at MiisooDoll.","robots":{"index":"index","follow":"follow","max-snippet":"max-snippet:-1","max-image-preview":"max-image-preview:large","max-video-preview":"max-video-preview:-1"},"canonical":"https:\/\/www.miisoo.com\/it\/privacy-policy\/","og_locale":"it_IT","og_type":"article","og_title":"Privacy Policy","og_description":"Review MiisooDoll's privacy policy for transparent handling of data. Shop confidently for cheap real sex dolls. Your privacy, our priority at MiisooDoll.","og_url":"https:\/\/www.miisoo.com\/it\/privacy-policy\/","og_site_name":"MiisooDoll","article_publisher":"https:\/\/www.facebook.com\/miisoodoll","article_modified_time":"2023-12-22T12:16:22+00:00","twitter_card":"summary_large_image","twitter_site":"@MiisooSexDolls","twitter_misc":{"Tempo di lettura stimato":"5 minuti"},"schema":{"@context":"https:\/\/schema.org","@graph":[{"@type":"WebPage","@id":"https:\/\/www.miisoo.com\/nl\/privacy-policy\/","url":"https:\/\/www.miisoo.com\/nl\/privacy-policy\/","name":"Privacy Policy | Cheap Real Sex Dolls | MiisooDoll","isPartOf":{"@id":"https:\/\/www.miisoo.com\/#website"},"datePublished":"2020-09-05T13:19:56+00:00","dateModified":"2023-12-22T12:16:22+00:00","description":"Review MiisooDoll's privacy policy for transparent handling of data. Shop confidently for cheap real sex dolls. Your privacy, our priority at MiisooDoll.","breadcrumb":{"@id":"https:\/\/www.miisoo.com\/nl\/privacy-policy\/#breadcrumb"},"inLanguage":"it-IT","potentialAction":[{"@type":"ReadAction","target":["https:\/\/www.miisoo.com\/nl\/privacy-policy\/"]}]},{"@type":"BreadcrumbList","@id":"https:\/\/www.miisoo.com\/nl\/privacy-policy\/#breadcrumb","itemListElement":[{"@type":"ListItem","position":1,"name":"Home","item":"https:\/\/www.miisoo.com\/"},{"@type":"ListItem","position":2,"name":"Privacy Policy"}]},{"@type":"WebSite","@id":"https:\/\/www.miisoo.com\/#website","url":"https:\/\/www.miisoo.com\/","name":"MiisooDoll","description":"Sexual Doll, Real Sex Dolls, Love Doll, Best Sex Dolls","publisher":{"@id":"https:\/\/www.miisoo.com\/#organization"},"potentialAction":[{"@type":"SearchAction","target":{"@type":"EntryPoint","urlTemplate":"https:\/\/www.miisoo.com\/?s={search_term_string}"},"query-input":"required name=search_term_string"}],"inLanguage":"it-IT"},{"@type":"Organization","@id":"https:\/\/www.miisoo.com\/#organization","name":"MiisooDoll","url":"https:\/\/www.miisoo.com\/","logo":{"@type":"ImageObject","inLanguage":"it-IT","@id":"https:\/\/www.miisoo.com\/#\/schema\/logo\/image\/","url":"https:\/\/www.miisoo.com\/wp-content\/uploads\/2020\/09\/logo-botton.png","contentUrl":"https:\/\/www.miisoo.com\/wp-content\/uploads\/2020\/09\/logo-botton.png","width":181,"height":42,"caption":"MiisooDoll"},"image":{"@id":"https:\/\/www.miisoo.com\/#\/schema\/logo\/image\/"},"sameAs":["https:\/\/www.facebook.com\/miisoodoll","https:\/\/x.com\/MiisooSexDolls"]}]}},"_links":{"self":[{"href":"https:\/\/www.miisoo.com\/it\/wp-json\/wp\/v2\/pages\/3","targetHints":{"allow":["GET"]}}],"collection":[{"href":"https:\/\/www.miisoo.com\/it\/wp-json\/wp\/v2\/pages"}],"about":[{"href":"https:\/\/www.miisoo.com\/it\/wp-json\/wp\/v2\/types\/page"}],"author":[{"embeddable":true,"href":"https:\/\/www.miisoo.com\/it\/wp-json\/wp\/v2\/users\/455"}],"replies":[{"embeddable":true,"href":"https:\/\/www.miisoo.com\/it\/wp-json\/wp\/v2\/comments?post=3"}],"version-history":[{"count":1,"href":"https:\/\/www.miisoo.com\/it\/wp-json\/wp\/v2\/pages\/3\/revisions"}],"predecessor-version":[{"id":34673,"href":"https:\/\/www.miisoo.com\/it\/wp-json\/wp\/v2\/pages\/3\/revisions\/34673"}],"wp:attachment":[{"href":"https:\/\/www.miisoo.com\/it\/wp-json\/wp\/v2\/media?parent=3"}],"curies":[{"name":"wp","href":"https:\/\/api.w.org\/{rel}","templated":true}]}}