{"id":6027,"date":"2020-10-15T15:57:55","date_gmt":"2020-10-15T07:57:55","guid":{"rendered":"http:\/\/miisoo.com\/?post_type=product&#038;p=6027"},"modified":"2025-04-08T16:56:37","modified_gmt":"2025-04-08T08:56:37","slug":"suspension-vertical-kits-for-hang-up-sex-doll","status":"publish","type":"product","link":"https:\/\/www.miisoo.com\/hu\/product\/suspension-vertical-kits-for-hang-up-sex-doll\/","title":{"rendered":"F\u00fcgg\u0151leges felf\u00fcggeszt\u0151 k\u00e9szletek akasztani szexbab\u00e1hoz"},"content":{"rendered":"<p>A Miisoo v\u00e1s\u00e1rl\u00f3i ig\u00e9nyeinek kiel\u00e9g\u00edt\u00e9se \u00e9rdek\u00e9ben elind\u00edtottunk egy felf\u00fcggeszt\u0151 (f\u00fcgg\u0151leges) k\u00e9szletet, amellyel felakaszthatjuk bab\u00e1it. A csomag tartalma: ker\u00e1mia alapot a szexbaba fej\u00e9nek elhelyez\u00e9s\u00e9hez \u00e9s menetes kamp\u00f3t a baba test\u00e9hez (Lehet m\u00e1s st\u00edlus\u00fa csavar is a babaiparban, A babam\u00e9rn\u00f6k kialak\u00edt\u00e1sunk egyszer\u0171bb \u00e9s \u201ecsavarmenetet\u201d k\u00e9sz\u00edtenek a horogra ill. k\u00f6zvetlen\u00fcl felakaszthatja a baba test\u00e9t, nagyobb s\u00falyt is elb\u00edr.)<\/p>\n<p><strong>Csomaglista:<\/strong><br \/>\nHorgok * 1; (A KERESZTR\u00daD NEM TARTALMAZZA)<br \/>\nFejtart\u00f3 * 1<\/p>","protected":false},"excerpt":{"rendered":"<ul>\n<li>Ingyenes sz\u00e1ll\u00edt\u00e1s vil\u00e1gszerte, diszkr\u00e9t sz\u00e1ll\u00edt\u00e1s.<\/li>\n<li>100% Ugyanaz, mint a k\u00e9peken, hacsak nincs testreszabva.<\/li>\n<li>Az \u00e1rak tartalmazz\u00e1k. \u00c1FA \u00e9s V\u00e1md\u00edjak<\/li>\n<li>H\u00e1zhozsz\u00e1ll\u00edt\u00e1s 8-12 napon bel\u00fcl!<\/li>\n<\/ul>","protected":false},"featured_media":6028,"comment_status":"open","ping_status":"closed","template":"","meta":[],"product_cat":[120],"product_tag":[],"class_list":{"0":"post-6027","1":"product","2":"type-product","3":"status-publish","4":"has-post-thumbnail","6":"product_cat-sex-doll-accessories","7":"tm-no-options","9":"first","10":"instock","11":"sale","12":"shipping-taxable","13":"purchasable","14":"product-type-simple","15":"col-xs-6 col-sm-4","16":"col-md-3 col-lg-3","17":"un-4-cols"},"yoast_head":"<!-- This site is optimized with the Yoast SEO Premium plugin v22.6 (Yoast SEO v22.9) - https:\/\/yoast.com\/wordpress\/plugins\/seo\/ -->\n<title>Suspension Vertical Kits For Hang Up Sex Doll - MiisooDoll<\/title>\n<meta name=\"description\" content=\"Buy Suspension Vertical Kits for Hang Up Sex Doll online at Miisoodoll. Miisoodoll Doll is a premium online store for BBW love silicone sex dolls.\" \/>\n<meta name=\"robots\" content=\"index, follow, max-snippet:-1, max-image-preview:large, max-video-preview:-1\" \/>\n<link rel=\"canonical\" href=\"https:\/\/www.miisoo.com\/hu\/termek\/suspension-vertical-kits-for-hang-up-sex-doll\/\" \/>\n<meta property=\"og:locale\" content=\"hu_HU\" \/>\n<meta property=\"og:type\" content=\"article\" \/>\n<meta property=\"og:title\" content=\"Suspension Vertical Kits For Hang Up Sex Doll\" \/>\n<meta property=\"og:description\" content=\"Buy Suspension Vertical Kits for Hang Up Sex Doll online at Miisoodoll. Miisoodoll Doll is a premium online store for BBW love silicone sex dolls.\" \/>\n<meta property=\"og:url\" content=\"https:\/\/www.miisoo.com\/hu\/termek\/suspension-vertical-kits-for-hang-up-sex-doll\/\" \/>\n<meta property=\"og:site_name\" content=\"MiisooDoll\" \/>\n<meta property=\"article:publisher\" content=\"https:\/\/www.facebook.com\/miisoodoll\" \/>\n<meta property=\"article:modified_time\" content=\"2025-04-08T08:56:37+00:00\" \/>\n<meta property=\"og:image\" content=\"https:\/\/www.miisoo.com\/wp-content\/uploads\/2020\/10\/hanging-kits-1.jpg\" \/>\n\t<meta property=\"og:image:width\" content=\"600\" \/>\n\t<meta property=\"og:image:height\" content=\"900\" \/>\n\t<meta property=\"og:image:type\" content=\"image\/jpeg\" \/>\n<meta name=\"twitter:card\" content=\"summary_large_image\" \/>\n<meta name=\"twitter:site\" content=\"@MiisooSexDolls\" \/>\n<!-- \/ Yoast SEO Premium plugin. -->","yoast_head_json":{"title":"Suspension Vertical Kits For Hang Up Sex Doll - MiisooDoll","description":"Buy Suspension Vertical Kits for Hang Up Sex Doll online at Miisoodoll. Miisoodoll Doll is a premium online store for BBW love silicone sex dolls.","robots":{"index":"index","follow":"follow","max-snippet":"max-snippet:-1","max-image-preview":"max-image-preview:large","max-video-preview":"max-video-preview:-1"},"canonical":"https:\/\/www.miisoo.com\/hu\/termek\/suspension-vertical-kits-for-hang-up-sex-doll\/","og_locale":"hu_HU","og_type":"article","og_title":"Suspension Vertical Kits For Hang Up Sex Doll","og_description":"Buy Suspension Vertical Kits for Hang Up Sex Doll online at Miisoodoll. Miisoodoll Doll is a premium online store for BBW love silicone sex dolls.","og_url":"https:\/\/www.miisoo.com\/hu\/termek\/suspension-vertical-kits-for-hang-up-sex-doll\/","og_site_name":"MiisooDoll","article_publisher":"https:\/\/www.facebook.com\/miisoodoll","article_modified_time":"2025-04-08T08:56:37+00:00","og_image":[{"width":600,"height":900,"url":"https:\/\/www.miisoo.com\/wp-content\/uploads\/2020\/10\/hanging-kits-1.jpg","type":"image\/jpeg"}],"twitter_card":"summary_large_image","twitter_site":"@MiisooSexDolls","schema":{"@context":"https:\/\/schema.org","@graph":[{"@type":"WebPage","@id":"https:\/\/www.miisoo.com\/product\/suspension-vertical-kits-for-hang-up-sex-doll\/","url":"https:\/\/www.miisoo.com\/product\/suspension-vertical-kits-for-hang-up-sex-doll\/","name":"Suspension Vertical Kits For Hang Up Sex Doll - MiisooDoll","isPartOf":{"@id":"https:\/\/www.miisoo.com\/#website"},"primaryImageOfPage":{"@id":"https:\/\/www.miisoo.com\/product\/suspension-vertical-kits-for-hang-up-sex-doll\/#primaryimage"},"image":{"@id":"https:\/\/www.miisoo.com\/product\/suspension-vertical-kits-for-hang-up-sex-doll\/#primaryimage"},"thumbnailUrl":"https:\/\/www.miisoo.com\/wp-content\/uploads\/2020\/10\/hanging-kits-1.jpg","datePublished":"2020-10-15T07:57:55+00:00","dateModified":"2025-04-08T08:56:37+00:00","description":"Buy Suspension Vertical Kits for Hang Up Sex Doll online at Miisoodoll. Miisoodoll Doll is a premium online store for BBW love silicone sex dolls.","breadcrumb":{"@id":"https:\/\/www.miisoo.com\/product\/suspension-vertical-kits-for-hang-up-sex-doll\/#breadcrumb"},"inLanguage":"hu","potentialAction":[{"@type":"ReadAction","target":["https:\/\/www.miisoo.com\/product\/suspension-vertical-kits-for-hang-up-sex-doll\/"]}]},{"@type":"ImageObject","inLanguage":"hu","@id":"https:\/\/www.miisoo.com\/product\/suspension-vertical-kits-for-hang-up-sex-doll\/#primaryimage","url":"https:\/\/www.miisoo.com\/wp-content\/uploads\/2020\/10\/hanging-kits-1.jpg","contentUrl":"https:\/\/www.miisoo.com\/wp-content\/uploads\/2020\/10\/hanging-kits-1.jpg","width":600,"height":900},{"@type":"BreadcrumbList","@id":"https:\/\/www.miisoo.com\/product\/suspension-vertical-kits-for-hang-up-sex-doll\/#breadcrumb","itemListElement":[{"@type":"ListItem","position":1,"name":"Home","item":"https:\/\/www.miisoo.com\/"},{"@type":"ListItem","position":2,"name":"Sex Doll Shop","item":"https:\/\/www.miisoo.com\/shop\/"},{"@type":"ListItem","position":3,"name":"Suspension Vertical Kits For Hang Up Sex Doll"}]},{"@type":"WebSite","@id":"https:\/\/www.miisoo.com\/#website","url":"https:\/\/www.miisoo.com\/","name":"MiisooDoll","description":"Sexual Doll, Real Sex Dolls, Love Doll, Best Sex Dolls","publisher":{"@id":"https:\/\/www.miisoo.com\/#organization"},"potentialAction":[{"@type":"SearchAction","target":{"@type":"EntryPoint","urlTemplate":"https:\/\/www.miisoo.com\/?s={search_term_string}"},"query-input":"required name=search_term_string"}],"inLanguage":"hu"},{"@type":"Organization","@id":"https:\/\/www.miisoo.com\/#organization","name":"MiisooDoll","url":"https:\/\/www.miisoo.com\/","logo":{"@type":"ImageObject","inLanguage":"hu","@id":"https:\/\/www.miisoo.com\/#\/schema\/logo\/image\/","url":"https:\/\/www.miisoo.com\/wp-content\/uploads\/2020\/09\/logo-botton.png","contentUrl":"https:\/\/www.miisoo.com\/wp-content\/uploads\/2020\/09\/logo-botton.png","width":181,"height":42,"caption":"MiisooDoll"},"image":{"@id":"https:\/\/www.miisoo.com\/#\/schema\/logo\/image\/"},"sameAs":["https:\/\/www.facebook.com\/miisoodoll","https:\/\/x.com\/MiisooSexDolls"]}]}},"_links":{"self":[{"href":"https:\/\/www.miisoo.com\/hu\/wp-json\/wp\/v2\/product\/6027","targetHints":{"allow":["GET"]}}],"collection":[{"href":"https:\/\/www.miisoo.com\/hu\/wp-json\/wp\/v2\/product"}],"about":[{"href":"https:\/\/www.miisoo.com\/hu\/wp-json\/wp\/v2\/types\/product"}],"replies":[{"embeddable":true,"href":"https:\/\/www.miisoo.com\/hu\/wp-json\/wp\/v2\/comments?post=6027"}],"version-history":[{"count":2,"href":"https:\/\/www.miisoo.com\/hu\/wp-json\/wp\/v2\/product\/6027\/revisions"}],"predecessor-version":[{"id":21665,"href":"https:\/\/www.miisoo.com\/hu\/wp-json\/wp\/v2\/product\/6027\/revisions\/21665"}],"wp:featuredmedia":[{"embeddable":true,"href":"https:\/\/www.miisoo.com\/hu\/wp-json\/wp\/v2\/media\/6028"}],"wp:attachment":[{"href":"https:\/\/www.miisoo.com\/hu\/wp-json\/wp\/v2\/media?parent=6027"}],"wp:term":[{"taxonomy":"product_cat","embeddable":true,"href":"https:\/\/www.miisoo.com\/hu\/wp-json\/wp\/v2\/product_cat?post=6027"},{"taxonomy":"product_tag","embeddable":true,"href":"https:\/\/www.miisoo.com\/hu\/wp-json\/wp\/v2\/product_tag?post=6027"}],"curies":[{"name":"wp","href":"https:\/\/api.w.org\/{rel}","templated":true}]}}