{"id":21451,"date":"2022-01-06T14:07:16","date_gmt":"2022-01-06T06:07:16","guid":{"rendered":"https:\/\/www.miisoo.com\/?post_type=product&#038;p=21451"},"modified":"2022-01-07T17:01:25","modified_gmt":"2022-01-07T09:01:25","slug":"buy-cute-best-male-sex-doll-dildo","status":"publish","type":"product","link":"https:\/\/www.miisoo.com\/hu\/product\/buy-cute-best-male-sex-doll-dildo\/","title":{"rendered":"Aiden \u2013 165cm V\u00e1s\u00e1roljon aranyos legjobb f\u00e9rfi szexbaba m\u0171p\u00e9nisz"},"content":{"rendered":"<p>Ez a legjobb f\u00e9rfi szexbaba egy fiatal bank\u00e1r, aki mindig \u00fcnnepel egy hossz\u00fa munkanap ut\u00e1n. Munk\u00e1ja f\u00e1raszt\u00f3 jelleg\u00e9b\u0151l ad\u00f3d\u00f3an nem vesztegeti az idej\u00e9t azzal, hogy minden es\u00e9ly\u00e9t elvesz\u00edtse. Teljes feje <a href=\"https:\/\/www.pinterest.com\/lavishcoils\/blonde-curls\/\">sz\u0151ke g\u00f6nd\u00f6r haj<\/a> \u00fagy t\u0171nik, mindig felfigyelnek r\u00e1 a h\u00f6lgyek, b\u00e1rhol j\u00e1r.<\/p>\n<p>Mondanom sem kell, \u0151 az egyik legjobb f\u00e9rfi szexbaba, akinek \u00fagy t\u0171nik, mindig egy m\u00e1sik h\u00f6lgy van a karj\u00e1n minden h\u00e9tv\u00e9g\u00e9n. \u00c1rtatlan arca ellen\u00e9re ez az aranyos f\u00e9rfi baba j\u00e1t\u00e9kos. B\u00e1rmilyen nyugodt is a viselked\u00e9se, ez a 165 cm-es f\u00e9rfi baba n\u0151knek k\u00e9szen \u00e1ll b\u00e1rmilyen szexu\u00e1lis poz\u00edci\u00f3ra, amely megfelel \u00d6nnek.<\/p>\n<p>A t\u00f6k\u00e9letes f\u00e9rfi baba vibr\u00e1tor, ez a szex baba <a href=\"https:\/\/www.miisoo.com\/hu\/termek\/adult-sexy-japanese-male-sex-doll\/\">nemcsak seg\u00edt<\/a> tetsz\u00e9s szerint maszturb\u00e1l, de nincs korl\u00e1toz\u00e1s arra, hogy h\u00e1nyszor teheti ezt meg. A f\u00e9rfi babak\u00e9sz\u00edt\u0151k egyetlen dologra gondoltak, amikor megalkott\u00e1k ezt az igazi bab\u00e1t, hogy t\u00f6bbsz\u00f6r\u00f6s orgazmust adjanak neked. V\u00e1s\u00e1roljon f\u00e9rfi szexbab\u00e1t m\u00e9g ma<\/p>\n<p><span style=\"color: #000000; font-size: 16px; font-weight: 600;\">M\u00e9r\u00e9sek<\/span><\/p>\n<table style=\"border-collapse: collapse; width: 304.52pt;\" border=\"0\" width=\"406\" cellspacing=\"0\" cellpadding=\"0\">\n<tbody>\n<tr style=\"height: 28.00pt;\">\n<td class=\"et2\" style=\"height: 28.00pt; width: 124.50pt;\" width=\"166\" height=\"37\">M\u00e1rka:<\/td>\n<td class=\"et2\" style=\"width: 180.00pt;\" width=\"240\">QITA baba<\/td>\n<\/tr>\n<tr style=\"height: 28.00pt;\">\n<td class=\"et2\" style=\"height: 28.00pt;\" height=\"37\">Magass\u00e1g:<\/td>\n<td class=\"et2\">165 cm-es TPE f\u00e9rfi baba<\/td>\n<\/tr>\n<tr style=\"height: 28.00pt;\">\n<td class=\"et2\" style=\"height: 28.00pt;\" height=\"37\">Mellb\u0151s\u00e9g:<\/td>\n<td class=\"et2\">78 cm<\/td>\n<\/tr>\n<tr style=\"height: 28.00pt;\">\n<td class=\"et2\" style=\"height: 28.00pt;\" height=\"37\">Der\u00e9k:<\/td>\n<td class=\"et2\">62 cm<\/td>\n<\/tr>\n<tr style=\"height: 28.00pt;\">\n<td class=\"et2\" style=\"height: 28.00pt;\" height=\"37\">Cs\u00edp\u0151:<\/td>\n<td class=\"et2\">90 cm<\/td>\n<\/tr>\n<tr style=\"height: 28.00pt;\">\n<td class=\"et2\" style=\"height: 28.00pt;\" height=\"37\">Kar hossz\u00fas\u00e1g:<\/td>\n<td class=\"et2\">45 cm<\/td>\n<\/tr>\n<tr style=\"height: 28.00pt;\">\n<td class=\"et2\" style=\"height: 28.00pt;\" height=\"37\">L\u00e1bhossz:<\/td>\n<td class=\"et2\">23 cm<\/td>\n<\/tr>\n<tr style=\"height: 28.00pt;\">\n<td class=\"et2\" style=\"height: 28.00pt;\" height=\"37\">V\u00e1llsz\u00e9less\u00e9g:<\/td>\n<td class=\"et2\">37 cm<\/td>\n<\/tr>\n<tr style=\"height: 28.00pt;\">\n<td class=\"et2\" style=\"height: 28.00pt;\" height=\"37\">S\u00faly:<\/td>\n<td class=\"et2\">40 kg<\/td>\n<\/tr>\n<tr style=\"height: 28.00pt;\">\n<td class=\"et2\" style=\"height: 28.00pt;\" height=\"37\">P\u00e9nisz hossza:<\/td>\n<td class=\"et2\">15 cm<\/td>\n<\/tr>\n<tr style=\"height: 28.00pt;\">\n<td class=\"et2\" style=\"height: 28.00pt;\" height=\"37\">Sz\u00e1jm\u00e9lys\u00e9g:<\/td>\n<td class=\"et2\">N\/A<\/td>\n<\/tr>\n<tr style=\"height: 28.00pt;\">\n<td class=\"et2\" style=\"height: 28.00pt;\" height=\"37\">An\u00e1lis m\u00e9lys\u00e9g:<\/td>\n<td class=\"et2\">20 cm<\/td>\n<\/tr>\n<\/tbody>\n<\/table>\n<p>&nbsp;<\/p>","protected":false},"excerpt":{"rendered":"<div data-elementor-type=\"section\" data-elementor-id=\"10450\" class=\"elementor elementor-10450\" data-elementor-post-type=\"elementor_library\">\n<section class=\"elementor-section elementor-top-section elementor-element elementor-element-1ac4967 elementor-section-boxed elementor-section-height-default elementor-section-height-default\" data-id=\"1ac4967\" data-element_type=\"section\">\n<div class=\"elementor-container elementor-column-gap-default\">\n<div class=\"elementor-column elementor-col-100 elementor-top-column elementor-element elementor-element-bfbdbdf\" data-id=\"bfbdbdf\" data-element_type=\"column\">\n<div class=\"elementor-widget-wrap elementor-element-populated\">\n<div class=\"elementor-element elementor-element-e4dbd68 elementor-widget elementor-widget-text-editor\" data-id=\"e4dbd68\" data-element_type=\"widget\" data-widget_type=\"text-editor.default\">\n<div class=\"elementor-widget-container\">\n<ul>\n<li>Ingyenes sz\u00e1ll\u00edt\u00e1s vil\u00e1gszerte, diszkr\u00e9t sz\u00e1ll\u00edt\u00e1s.<\/li>\n<li>100% Ugyanaz, mint a k\u00e9peken, kiv\u00e9ve, ha testreszabott.<\/li>\n<li>Az \u00e1rak tartalmazz\u00e1k. \u00c1FA \u00e9s V\u00e1md\u00edjak<\/li>\n<li>Ingyenes sz\u00e1ll\u00edt\u00e1s, gyors sz\u00e1ll\u00edt\u00e1si lehet\u0151s\u00e9gek a Checkout oldalon<\/li>\n<\/ul><\/div>\n<\/p><\/div>\n<\/p><\/div>\n<\/p><\/div>\n<\/p><\/div>\n<\/section><\/div>\n<div data-elementor-type=\"section\" data-elementor-id=\"10473\" class=\"elementor elementor-10473\" data-elementor-post-type=\"elementor_library\">\n<section class=\"elementor-section elementor-top-section elementor-element elementor-element-03d9b2a elementor-section-boxed elementor-section-height-default elementor-section-height-default\" data-id=\"03d9b2a\" data-element_type=\"section\">\n<div class=\"elementor-container elementor-column-gap-default\">\n<div class=\"elementor-column elementor-col-100 elementor-top-column elementor-element elementor-element-5081c52\" data-id=\"5081c52\" data-element_type=\"column\">\n<div class=\"elementor-widget-wrap elementor-element-populated\">\n<div class=\"elementor-element elementor-element-d2c17df elementor-widget elementor-widget-martfury-banner-small\" data-id=\"d2c17df\" data-element_type=\"widget\" data-widget_type=\"martfury-banner-small.default\">\n<div class=\"elementor-widget-container\">\n<div class=\"mf-elementor-banner-small\">\n<div class=\"banner-featured-image\"><\/div>\n<p>\t\t\t                <a class=\"link\" href=\"https:\/\/mso.aidoll-japan.com\"><\/a><\/p>\n<div class=\"banner-content\">\n<h2 class=\"banner-title\">1500 mini szerelmes baba<\/p>\n<p>sexdollxxx. com<\/h2>\n<div class=\"banner-desc\">\n<p>60 cm, 80 cm, 100 cm,<\/p>\n<p>120 cm, 130 cm, 140 cm<\/p>\n<\/div>\n<div class=\"banner-price\"><span\n                                class=\"s-price\">sexdollxxx .com<\/span><\/div>\n<\/p><\/div>\n<\/p><\/div>\n<\/p><\/div>\n<\/p><\/div>\n<\/p><\/div>\n<\/p><\/div>\n<\/p><\/div>\n<\/section><\/div>","protected":false},"featured_media":21507,"comment_status":"open","ping_status":"closed","template":"","meta":[],"product_cat":[123,115,116,81],"product_tag":[],"class_list":{"0":"post-21451","1":"product","2":"type-product","3":"status-publish","4":"has-post-thumbnail","6":"product_cat-1000usd-1500usd-sex-dolls","7":"product_cat-161cm-170cm-sex-dolls","8":"product_cat-male-sex-dolls","9":"product_cat-tpe-sex-dolls","10":"tm-no-options","12":"first","13":"instock","14":"sale","15":"shipping-taxable","16":"purchasable","17":"product-type-simple","18":"col-xs-6 col-sm-4","19":"col-md-3 col-lg-3","20":"un-4-cols"},"yoast_head":"<!-- This site is optimized with the Yoast SEO Premium plugin v22.6 (Yoast SEO v22.9) - https:\/\/yoast.com\/wordpress\/plugins\/seo\/ -->\n<title>Best Male Sex Doll - Buy Cute Male Doll Dildo For Women<\/title>\n<meta name=\"description\" content=\"This best male\u00a0sex\u00a0doll\u00a0is a young banker who is always celebrating after a long day at work. Buy Cute Male Doll Dildo For Women\" \/>\n<meta name=\"robots\" content=\"index, follow, max-snippet:-1, max-image-preview:large, max-video-preview:-1\" \/>\n<link rel=\"canonical\" href=\"https:\/\/www.miisoo.com\/hu\/termek\/buy-cute-best-male-sex-doll-dildo\/\" \/>\n<meta property=\"og:locale\" content=\"hu_HU\" \/>\n<meta property=\"og:type\" content=\"article\" \/>\n<meta property=\"og:title\" content=\"Aiden - 165cm Buy Cute Best Male Sex Doll Dildo\" \/>\n<meta property=\"og:description\" content=\"This best male\u00a0sex\u00a0doll\u00a0is a young banker who is always celebrating after a long day at work. Buy Cute Male Doll Dildo For Women\" \/>\n<meta property=\"og:url\" content=\"https:\/\/www.miisoo.com\/hu\/termek\/buy-cute-best-male-sex-doll-dildo\/\" \/>\n<meta property=\"og:site_name\" content=\"MiisooDoll\" \/>\n<meta property=\"article:publisher\" content=\"https:\/\/www.facebook.com\/miisoodoll\" \/>\n<meta property=\"article:modified_time\" content=\"2022-01-07T09:01:25+00:00\" \/>\n<meta property=\"og:image\" content=\"https:\/\/www.miisoo.com\/wp-content\/uploads\/2022\/01\/best-male-sex-doll-629.jpg\" \/>\n\t<meta property=\"og:image:width\" content=\"600\" \/>\n\t<meta property=\"og:image:height\" content=\"900\" \/>\n\t<meta property=\"og:image:type\" content=\"image\/jpeg\" \/>\n<meta name=\"twitter:card\" content=\"summary_large_image\" \/>\n<meta name=\"twitter:site\" content=\"@MiisooSexDolls\" \/>\n<meta name=\"twitter:label1\" content=\"Becs\u00fclt olvas\u00e1si id\u0151\" \/>\n\t<meta name=\"twitter:data1\" content=\"1 perc\" \/>\n<!-- \/ Yoast SEO Premium plugin. -->","yoast_head_json":{"title":"Best Male Sex Doll - Buy Cute Male Doll Dildo For Women","description":"This best male\u00a0sex\u00a0doll\u00a0is a young banker who is always celebrating after a long day at work. Buy Cute Male Doll Dildo For Women","robots":{"index":"index","follow":"follow","max-snippet":"max-snippet:-1","max-image-preview":"max-image-preview:large","max-video-preview":"max-video-preview:-1"},"canonical":"https:\/\/www.miisoo.com\/hu\/termek\/buy-cute-best-male-sex-doll-dildo\/","og_locale":"hu_HU","og_type":"article","og_title":"Aiden - 165cm Buy Cute Best Male Sex Doll Dildo","og_description":"This best male\u00a0sex\u00a0doll\u00a0is a young banker who is always celebrating after a long day at work. Buy Cute Male Doll Dildo For Women","og_url":"https:\/\/www.miisoo.com\/hu\/termek\/buy-cute-best-male-sex-doll-dildo\/","og_site_name":"MiisooDoll","article_publisher":"https:\/\/www.facebook.com\/miisoodoll","article_modified_time":"2022-01-07T09:01:25+00:00","og_image":[{"width":600,"height":900,"url":"https:\/\/www.miisoo.com\/wp-content\/uploads\/2022\/01\/best-male-sex-doll-629.jpg","type":"image\/jpeg"}],"twitter_card":"summary_large_image","twitter_site":"@MiisooSexDolls","twitter_misc":{"Becs\u00fclt olvas\u00e1si id\u0151":"1 perc"},"schema":{"@context":"https:\/\/schema.org","@graph":[{"@type":"WebPage","@id":"https:\/\/www.miisoo.com\/product\/buy-cute-best-male-sex-doll-dildo\/","url":"https:\/\/www.miisoo.com\/product\/buy-cute-best-male-sex-doll-dildo\/","name":"Best Male Sex Doll - Buy Cute Male Doll Dildo For Women","isPartOf":{"@id":"https:\/\/www.miisoo.com\/#website"},"primaryImageOfPage":{"@id":"https:\/\/www.miisoo.com\/product\/buy-cute-best-male-sex-doll-dildo\/#primaryimage"},"image":{"@id":"https:\/\/www.miisoo.com\/product\/buy-cute-best-male-sex-doll-dildo\/#primaryimage"},"thumbnailUrl":"https:\/\/www.miisoo.com\/wp-content\/uploads\/2022\/01\/best-male-sex-doll-629.jpg","datePublished":"2022-01-06T06:07:16+00:00","dateModified":"2022-01-07T09:01:25+00:00","description":"This best male\u00a0sex\u00a0doll\u00a0is a young banker who is always celebrating after a long day at work. Buy Cute Male Doll Dildo For Women","breadcrumb":{"@id":"https:\/\/www.miisoo.com\/product\/buy-cute-best-male-sex-doll-dildo\/#breadcrumb"},"inLanguage":"hu","potentialAction":[{"@type":"ReadAction","target":["https:\/\/www.miisoo.com\/product\/buy-cute-best-male-sex-doll-dildo\/"]}]},{"@type":"ImageObject","inLanguage":"hu","@id":"https:\/\/www.miisoo.com\/product\/buy-cute-best-male-sex-doll-dildo\/#primaryimage","url":"https:\/\/www.miisoo.com\/wp-content\/uploads\/2022\/01\/best-male-sex-doll-629.jpg","contentUrl":"https:\/\/www.miisoo.com\/wp-content\/uploads\/2022\/01\/best-male-sex-doll-629.jpg","width":600,"height":900,"caption":"Aiden \u2013 165cm Buy Cute Best Male Sex Doll Dildo"},{"@type":"BreadcrumbList","@id":"https:\/\/www.miisoo.com\/product\/buy-cute-best-male-sex-doll-dildo\/#breadcrumb","itemListElement":[{"@type":"ListItem","position":1,"name":"Home","item":"https:\/\/www.miisoo.com\/"},{"@type":"ListItem","position":2,"name":"Sex Doll Shop","item":"https:\/\/www.miisoo.com\/shop\/"},{"@type":"ListItem","position":3,"name":"Aiden &#8211; 165cm Buy Cute Best Male Sex Doll Dildo"}]},{"@type":"WebSite","@id":"https:\/\/www.miisoo.com\/#website","url":"https:\/\/www.miisoo.com\/","name":"MiisooDoll","description":"Sexual Doll, Real Sex Dolls, Love Doll, Best Sex Dolls","publisher":{"@id":"https:\/\/www.miisoo.com\/#organization"},"potentialAction":[{"@type":"SearchAction","target":{"@type":"EntryPoint","urlTemplate":"https:\/\/www.miisoo.com\/?s={search_term_string}"},"query-input":"required name=search_term_string"}],"inLanguage":"hu"},{"@type":"Organization","@id":"https:\/\/www.miisoo.com\/#organization","name":"MiisooDoll","url":"https:\/\/www.miisoo.com\/","logo":{"@type":"ImageObject","inLanguage":"hu","@id":"https:\/\/www.miisoo.com\/#\/schema\/logo\/image\/","url":"https:\/\/www.miisoo.com\/wp-content\/uploads\/2020\/09\/logo-botton.png","contentUrl":"https:\/\/www.miisoo.com\/wp-content\/uploads\/2020\/09\/logo-botton.png","width":181,"height":42,"caption":"MiisooDoll"},"image":{"@id":"https:\/\/www.miisoo.com\/#\/schema\/logo\/image\/"},"sameAs":["https:\/\/www.facebook.com\/miisoodoll","https:\/\/x.com\/MiisooSexDolls"]}]}},"_links":{"self":[{"href":"https:\/\/www.miisoo.com\/hu\/wp-json\/wp\/v2\/product\/21451","targetHints":{"allow":["GET"]}}],"collection":[{"href":"https:\/\/www.miisoo.com\/hu\/wp-json\/wp\/v2\/product"}],"about":[{"href":"https:\/\/www.miisoo.com\/hu\/wp-json\/wp\/v2\/types\/product"}],"replies":[{"embeddable":true,"href":"https:\/\/www.miisoo.com\/hu\/wp-json\/wp\/v2\/comments?post=21451"}],"version-history":[{"count":3,"href":"https:\/\/www.miisoo.com\/hu\/wp-json\/wp\/v2\/product\/21451\/revisions"}],"predecessor-version":[{"id":21616,"href":"https:\/\/www.miisoo.com\/hu\/wp-json\/wp\/v2\/product\/21451\/revisions\/21616"}],"wp:featuredmedia":[{"embeddable":true,"href":"https:\/\/www.miisoo.com\/hu\/wp-json\/wp\/v2\/media\/21507"}],"wp:attachment":[{"href":"https:\/\/www.miisoo.com\/hu\/wp-json\/wp\/v2\/media?parent=21451"}],"wp:term":[{"taxonomy":"product_cat","embeddable":true,"href":"https:\/\/www.miisoo.com\/hu\/wp-json\/wp\/v2\/product_cat?post=21451"},{"taxonomy":"product_tag","embeddable":true,"href":"https:\/\/www.miisoo.com\/hu\/wp-json\/wp\/v2\/product_tag?post=21451"}],"curies":[{"name":"wp","href":"https:\/\/api.w.org\/{rel}","templated":true}]}}