{"id":21342,"date":"2022-01-06T11:29:47","date_gmt":"2022-01-06T03:29:47","guid":{"rendered":"https:\/\/www.miisoo.com\/?post_type=product&#038;p=21342"},"modified":"2022-01-07T16:44:04","modified_gmt":"2022-01-07T08:44:04","slug":"man-fucking-real-gay-anal-sex-doll","status":"publish","type":"product","link":"https:\/\/www.miisoo.com\/hu\/product\/man-fucking-real-gay-anal-sex-doll\/","title":{"rendered":"Austin \u2013 170 cm-es f\u00e9rfi kibaszott igazi meleg an\u00e1lis szexbaba"},"content":{"rendered":"<p>Austin egy \u00e1zsiai meleg an\u00e1lis szexbaba, aki nem sz\u00e9gyelli kifejezni \u00e9rz\u00e9seit. Az igazi n\u0151i szexbab\u00e1k mindig igyekeznek leny\u0171g\u00f6zni. A vonz\u00f3 f\u00e9rfi bab\u00e1k verseng\u0151 vil\u00e1g\u00e1ban neh\u00e9z megtal\u00e1lni a megfelel\u0151 bab\u00e1t. Ez a f\u00e9rfi felf\u00fajhat\u00f3 baba gondoskodik arr\u00f3l, hogy mindig az a r\u00e9sz\u00e9t viselje <a href=\"https:\/\/alqvimia.com\/en_es\/seductive-man.html\">cs\u00e1b\u00edt\u00f3 f\u00e9rfi<\/a>.<\/p>\n<p>Kedvenc megjelen\u00e9se azok, amelyeket sokan t\u00falz\u00f3nak tartanak. Mivel szerette mutogatni a mellkas\u00e1t, \u00e1ttetsz\u0151 mell\u00e9nyt visel, \u00e9s n\u00e9ha f\u00e9lmeztelen marad. Az \u00e9rdekl\u0151d\u0151, kibaszott f\u00e9rfi szexbab\u00e1nak k\u00e9sz\u00fclt, nem szeretne jobban, mint a szeret\u0151d lenni.<\/p>\n<p>F\u00e9rfi baba jelmeze szexiss\u00e9 teszi <a href=\"https:\/\/www.miisoo.com\/hu\/termek\/full-size-gay-lifelike-male-real-dolls\/\">mint valaha \u00e9s<\/a> \u0151 tudja. Ez a sok f\u00e9rfi \u00e1ltal kedvelt szilikon f\u00e9rfi szerelmi baba szeret minden f\u00e9rfi piszkos v\u00e1gyainak t\u00e1rgya lenni. Az or\u00e1lis \u00e9s an\u00e1lis szex ir\u00e1nti szeretete a legjobbak k\u00f6z\u00e9 teszi, amit csin\u00e1l.<\/p>\n<p><span style=\"color: #000000; font-size: 16px; font-weight: 600;\">Meleg an\u00e1lis szex baba m\u00e9r\u00e9sei<\/span><\/p>\n<table style=\"border-collapse: collapse; width: 304.52pt;\" border=\"0\" width=\"406\" cellspacing=\"0\" cellpadding=\"0\">\n<tbody>\n<tr style=\"height: 28.00pt;\">\n<td class=\"et2\" style=\"height: 28.00pt; width: 124.50pt;\" width=\"166\" height=\"37\">M\u00e1rka:<\/td>\n<td class=\"et2\" style=\"width: 180.00pt;\" width=\"240\">QITA baba<\/td>\n<\/tr>\n<tr style=\"height: 28.00pt;\">\n<td class=\"et2\" style=\"height: 28.00pt;\" height=\"37\">Magass\u00e1g:<\/td>\n<td class=\"et2\">170 cm-es TPE f\u00e9rfi szexbaba<\/td>\n<\/tr>\n<tr style=\"height: 28.00pt;\">\n<td class=\"et2\" style=\"height: 28.00pt;\" height=\"37\">Mellb\u0151s\u00e9g:<\/td>\n<td class=\"et2\">86 cm<\/td>\n<\/tr>\n<tr style=\"height: 28.00pt;\">\n<td class=\"et2\" style=\"height: 28.00pt;\" height=\"37\">Der\u00e9k:<\/td>\n<td class=\"et2\">71 cm<\/td>\n<\/tr>\n<tr style=\"height: 28.00pt;\">\n<td class=\"et2\" style=\"height: 28.00pt;\" height=\"37\">Cs\u00edp\u0151:<\/td>\n<td class=\"et2\">89 cm<\/td>\n<\/tr>\n<tr style=\"height: 28.00pt;\">\n<td class=\"et2\" style=\"height: 28.00pt;\" height=\"37\">Kar hossz\u00fas\u00e1g:<\/td>\n<td class=\"et2\">50 cm<\/td>\n<\/tr>\n<tr style=\"height: 28.00pt;\">\n<td class=\"et2\" style=\"height: 28.00pt;\" height=\"37\">L\u00e1bhossz:<\/td>\n<td class=\"et2\">22 cm<\/td>\n<\/tr>\n<tr style=\"height: 28.00pt;\">\n<td class=\"et2\" style=\"height: 28.00pt;\" height=\"37\">V\u00e1llsz\u00e9less\u00e9g:<\/td>\n<td class=\"et2\">44 cm<\/td>\n<\/tr>\n<tr style=\"height: 28.00pt;\">\n<td class=\"et2\" style=\"height: 28.00pt;\" height=\"37\">S\u00faly:<\/td>\n<td class=\"et2\">53 kg<\/td>\n<\/tr>\n<tr style=\"height: 28.00pt;\">\n<td class=\"et2\" style=\"height: 28.00pt;\" height=\"37\">P\u00e9nisz hossza:<\/td>\n<td class=\"et2\">15 cm<\/td>\n<\/tr>\n<tr style=\"height: 28.00pt;\">\n<td class=\"et2\" style=\"height: 28.00pt;\" height=\"37\">Sz\u00e1jm\u00e9lys\u00e9g:<\/td>\n<td class=\"et2\">N\/A<\/td>\n<\/tr>\n<tr style=\"height: 28.00pt;\">\n<td class=\"et2\" style=\"height: 28.00pt;\" height=\"37\">An\u00e1lis m\u00e9lys\u00e9g:<\/td>\n<td class=\"et2\">20 cm<\/td>\n<\/tr>\n<\/tbody>\n<\/table>","protected":false},"excerpt":{"rendered":"<div data-elementor-type=\"section\" data-elementor-id=\"10450\" class=\"elementor elementor-10450\" data-elementor-post-type=\"elementor_library\">\n<section class=\"elementor-section elementor-top-section elementor-element elementor-element-1ac4967 elementor-section-boxed elementor-section-height-default elementor-section-height-default\" data-id=\"1ac4967\" data-element_type=\"section\">\n<div class=\"elementor-container elementor-column-gap-default\">\n<div class=\"elementor-column elementor-col-100 elementor-top-column elementor-element elementor-element-bfbdbdf\" data-id=\"bfbdbdf\" data-element_type=\"column\">\n<div class=\"elementor-widget-wrap elementor-element-populated\">\n<div class=\"elementor-element elementor-element-e4dbd68 elementor-widget elementor-widget-text-editor\" data-id=\"e4dbd68\" data-element_type=\"widget\" data-widget_type=\"text-editor.default\">\n<div class=\"elementor-widget-container\">\n<ul>\n<li>Ingyenes sz\u00e1ll\u00edt\u00e1s vil\u00e1gszerte, diszkr\u00e9t sz\u00e1ll\u00edt\u00e1s.<\/li>\n<li>100% Ugyanaz, mint a k\u00e9peken, kiv\u00e9ve, ha testreszabott.<\/li>\n<li>Az \u00e1rak tartalmazz\u00e1k. \u00c1FA \u00e9s V\u00e1md\u00edjak<\/li>\n<li>Ingyenes sz\u00e1ll\u00edt\u00e1s, gyors sz\u00e1ll\u00edt\u00e1si lehet\u0151s\u00e9gek a Checkout oldalon<\/li>\n<\/ul><\/div>\n<\/p><\/div>\n<\/p><\/div>\n<\/p><\/div>\n<\/p><\/div>\n<\/section><\/div>\n<div data-elementor-type=\"section\" data-elementor-id=\"10473\" class=\"elementor elementor-10473\" data-elementor-post-type=\"elementor_library\">\n<section class=\"elementor-section elementor-top-section elementor-element elementor-element-03d9b2a elementor-section-boxed elementor-section-height-default elementor-section-height-default\" data-id=\"03d9b2a\" data-element_type=\"section\">\n<div class=\"elementor-container elementor-column-gap-default\">\n<div class=\"elementor-column elementor-col-100 elementor-top-column elementor-element elementor-element-5081c52\" data-id=\"5081c52\" data-element_type=\"column\">\n<div class=\"elementor-widget-wrap elementor-element-populated\">\n<div class=\"elementor-element elementor-element-d2c17df elementor-widget elementor-widget-martfury-banner-small\" data-id=\"d2c17df\" data-element_type=\"widget\" data-widget_type=\"martfury-banner-small.default\">\n<div class=\"elementor-widget-container\">\n<div class=\"mf-elementor-banner-small\">\n<div class=\"banner-featured-image\"><\/div>\n<p>\t\t\t                <a class=\"link\" href=\"https:\/\/mso.aidoll-japan.com\"><\/a><\/p>\n<div class=\"banner-content\">\n<h2 class=\"banner-title\">1500 mini szerelmes baba<\/p>\n<p>sexdollxxx. com<\/h2>\n<div class=\"banner-desc\">\n<p>60 cm, 80 cm, 100 cm,<\/p>\n<p>120 cm, 130 cm, 140 cm<\/p>\n<\/div>\n<div class=\"banner-price\"><span\n                                class=\"s-price\">sexdollxxx .com<\/span><\/div>\n<\/p><\/div>\n<\/p><\/div>\n<\/p><\/div>\n<\/p><\/div>\n<\/p><\/div>\n<\/p><\/div>\n<\/p><\/div>\n<\/section><\/div>","protected":false},"featured_media":21380,"comment_status":"open","ping_status":"closed","template":"","meta":[],"product_cat":[114,115,116,81],"product_tag":[],"class_list":{"0":"post-21342","1":"product","2":"type-product","3":"status-publish","4":"has-post-thumbnail","6":"product_cat-1500usd-2000usd-sex-doll","7":"product_cat-161cm-170cm-sex-dolls","8":"product_cat-male-sex-dolls","9":"product_cat-tpe-sex-dolls","10":"tm-no-options","12":"first","13":"instock","14":"sale","15":"shipping-taxable","16":"purchasable","17":"product-type-simple","18":"col-xs-6 col-sm-4","19":"col-md-3 col-lg-3","20":"un-4-cols"},"yoast_head":"<!-- This site is optimized with the Yoast SEO Premium plugin v22.6 (Yoast SEO v22.9) - https:\/\/yoast.com\/wordpress\/plugins\/seo\/ -->\n<title>Gay Anal Sex Doll - Man Fucking Male Sex Doll - MiisooDoll<\/title>\n<meta name=\"description\" content=\"Austin is an Asian gay anal sex doll that is not shy to express his feelings. The real sex dolls for women always strive to impress.\" \/>\n<meta name=\"robots\" content=\"index, follow, max-snippet:-1, max-image-preview:large, max-video-preview:-1\" \/>\n<link rel=\"canonical\" href=\"https:\/\/www.miisoo.com\/hu\/termek\/man-fucking-real-gay-anal-sex-doll\/\" \/>\n<meta property=\"og:locale\" content=\"hu_HU\" \/>\n<meta property=\"og:type\" content=\"article\" \/>\n<meta property=\"og:title\" content=\"Austin - 170cm Man Fucking Real Gay Anal Sex Doll\" \/>\n<meta property=\"og:description\" content=\"Austin is an Asian gay anal sex doll that is not shy to express his feelings. The real sex dolls for women always strive to impress.\" \/>\n<meta property=\"og:url\" content=\"https:\/\/www.miisoo.com\/hu\/termek\/man-fucking-real-gay-anal-sex-doll\/\" \/>\n<meta property=\"og:site_name\" content=\"MiisooDoll\" \/>\n<meta property=\"article:publisher\" content=\"https:\/\/www.facebook.com\/miisoodoll\" \/>\n<meta property=\"article:modified_time\" content=\"2022-01-07T08:44:04+00:00\" \/>\n<meta property=\"og:image\" content=\"https:\/\/www.miisoo.com\/wp-content\/uploads\/2022\/01\/gay-anal-sex-doll-2630.jpg\" \/>\n\t<meta property=\"og:image:width\" content=\"600\" \/>\n\t<meta property=\"og:image:height\" content=\"900\" \/>\n\t<meta property=\"og:image:type\" content=\"image\/jpeg\" \/>\n<meta name=\"twitter:card\" content=\"summary_large_image\" \/>\n<meta name=\"twitter:site\" content=\"@MiisooSexDolls\" \/>\n<meta name=\"twitter:label1\" content=\"Becs\u00fclt olvas\u00e1si id\u0151\" \/>\n\t<meta name=\"twitter:data1\" content=\"1 perc\" \/>\n<!-- \/ Yoast SEO Premium plugin. -->","yoast_head_json":{"title":"Gay Anal Sex Doll - Man Fucking Male Sex Doll - MiisooDoll","description":"Austin is an Asian gay anal sex doll that is not shy to express his feelings. The real sex dolls for women always strive to impress.","robots":{"index":"index","follow":"follow","max-snippet":"max-snippet:-1","max-image-preview":"max-image-preview:large","max-video-preview":"max-video-preview:-1"},"canonical":"https:\/\/www.miisoo.com\/hu\/termek\/man-fucking-real-gay-anal-sex-doll\/","og_locale":"hu_HU","og_type":"article","og_title":"Austin - 170cm Man Fucking Real Gay Anal Sex Doll","og_description":"Austin is an Asian gay anal sex doll that is not shy to express his feelings. The real sex dolls for women always strive to impress.","og_url":"https:\/\/www.miisoo.com\/hu\/termek\/man-fucking-real-gay-anal-sex-doll\/","og_site_name":"MiisooDoll","article_publisher":"https:\/\/www.facebook.com\/miisoodoll","article_modified_time":"2022-01-07T08:44:04+00:00","og_image":[{"width":600,"height":900,"url":"https:\/\/www.miisoo.com\/wp-content\/uploads\/2022\/01\/gay-anal-sex-doll-2630.jpg","type":"image\/jpeg"}],"twitter_card":"summary_large_image","twitter_site":"@MiisooSexDolls","twitter_misc":{"Becs\u00fclt olvas\u00e1si id\u0151":"1 perc"},"schema":{"@context":"https:\/\/schema.org","@graph":[{"@type":"WebPage","@id":"https:\/\/www.miisoo.com\/de\/produkt\/man-fucking-real-gay-anal-sex-doll\/","url":"https:\/\/www.miisoo.com\/de\/produkt\/man-fucking-real-gay-anal-sex-doll\/","name":"Gay Anal Sex Doll - Man Fucking Male Sex Doll - MiisooDoll","isPartOf":{"@id":"https:\/\/www.miisoo.com\/#website"},"primaryImageOfPage":{"@id":"https:\/\/www.miisoo.com\/de\/produkt\/man-fucking-real-gay-anal-sex-doll\/#primaryimage"},"image":{"@id":"https:\/\/www.miisoo.com\/de\/produkt\/man-fucking-real-gay-anal-sex-doll\/#primaryimage"},"thumbnailUrl":"https:\/\/www.miisoo.com\/wp-content\/uploads\/2022\/01\/gay-anal-sex-doll-2630.jpg","datePublished":"2022-01-06T03:29:47+00:00","dateModified":"2022-01-07T08:44:04+00:00","description":"Austin is an Asian gay anal sex doll that is not shy to express his feelings. The real sex dolls for women always strive to impress.","breadcrumb":{"@id":"https:\/\/www.miisoo.com\/de\/produkt\/man-fucking-real-gay-anal-sex-doll\/#breadcrumb"},"inLanguage":"hu","potentialAction":[{"@type":"ReadAction","target":["https:\/\/www.miisoo.com\/de\/produkt\/man-fucking-real-gay-anal-sex-doll\/"]}]},{"@type":"ImageObject","inLanguage":"hu","@id":"https:\/\/www.miisoo.com\/de\/produkt\/man-fucking-real-gay-anal-sex-doll\/#primaryimage","url":"https:\/\/www.miisoo.com\/wp-content\/uploads\/2022\/01\/gay-anal-sex-doll-2630.jpg","contentUrl":"https:\/\/www.miisoo.com\/wp-content\/uploads\/2022\/01\/gay-anal-sex-doll-2630.jpg","width":600,"height":900,"caption":"Austin \u2013 170cm Man Fucking Real Gay Anal Sex Doll"},{"@type":"BreadcrumbList","@id":"https:\/\/www.miisoo.com\/de\/produkt\/man-fucking-real-gay-anal-sex-doll\/#breadcrumb","itemListElement":[{"@type":"ListItem","position":1,"name":"Home","item":"https:\/\/www.miisoo.com\/"},{"@type":"ListItem","position":2,"name":"Sex Doll Shop","item":"https:\/\/www.miisoo.com\/shop\/"},{"@type":"ListItem","position":3,"name":"Austin &#8211; 170cm Man Fucking Real Gay Anal Sex Doll"}]},{"@type":"WebSite","@id":"https:\/\/www.miisoo.com\/#website","url":"https:\/\/www.miisoo.com\/","name":"MiisooDoll","description":"Sexual Doll, Real Sex Dolls, Love Doll, Best Sex Dolls","publisher":{"@id":"https:\/\/www.miisoo.com\/#organization"},"potentialAction":[{"@type":"SearchAction","target":{"@type":"EntryPoint","urlTemplate":"https:\/\/www.miisoo.com\/?s={search_term_string}"},"query-input":"required name=search_term_string"}],"inLanguage":"hu"},{"@type":"Organization","@id":"https:\/\/www.miisoo.com\/#organization","name":"MiisooDoll","url":"https:\/\/www.miisoo.com\/","logo":{"@type":"ImageObject","inLanguage":"hu","@id":"https:\/\/www.miisoo.com\/#\/schema\/logo\/image\/","url":"https:\/\/www.miisoo.com\/wp-content\/uploads\/2020\/09\/logo-botton.png","contentUrl":"https:\/\/www.miisoo.com\/wp-content\/uploads\/2020\/09\/logo-botton.png","width":181,"height":42,"caption":"MiisooDoll"},"image":{"@id":"https:\/\/www.miisoo.com\/#\/schema\/logo\/image\/"},"sameAs":["https:\/\/www.facebook.com\/miisoodoll","https:\/\/x.com\/MiisooSexDolls"]}]}},"_links":{"self":[{"href":"https:\/\/www.miisoo.com\/hu\/wp-json\/wp\/v2\/product\/21342","targetHints":{"allow":["GET"]}}],"collection":[{"href":"https:\/\/www.miisoo.com\/hu\/wp-json\/wp\/v2\/product"}],"about":[{"href":"https:\/\/www.miisoo.com\/hu\/wp-json\/wp\/v2\/types\/product"}],"replies":[{"embeddable":true,"href":"https:\/\/www.miisoo.com\/hu\/wp-json\/wp\/v2\/comments?post=21342"}],"version-history":[{"count":3,"href":"https:\/\/www.miisoo.com\/hu\/wp-json\/wp\/v2\/product\/21342\/revisions"}],"predecessor-version":[{"id":21614,"href":"https:\/\/www.miisoo.com\/hu\/wp-json\/wp\/v2\/product\/21342\/revisions\/21614"}],"wp:featuredmedia":[{"embeddable":true,"href":"https:\/\/www.miisoo.com\/hu\/wp-json\/wp\/v2\/media\/21380"}],"wp:attachment":[{"href":"https:\/\/www.miisoo.com\/hu\/wp-json\/wp\/v2\/media?parent=21342"}],"wp:term":[{"taxonomy":"product_cat","embeddable":true,"href":"https:\/\/www.miisoo.com\/hu\/wp-json\/wp\/v2\/product_cat?post=21342"},{"taxonomy":"product_tag","embeddable":true,"href":"https:\/\/www.miisoo.com\/hu\/wp-json\/wp\/v2\/product_tag?post=21342"}],"curies":[{"name":"wp","href":"https:\/\/api.w.org\/{rel}","templated":true}]}}