{"id":21207,"date":"2022-01-05T20:52:31","date_gmt":"2022-01-05T12:52:31","guid":{"rendered":"https:\/\/www.miisoo.com\/?post_type=product&#038;p=21207"},"modified":"2022-01-07T15:21:11","modified_gmt":"2022-01-07T07:21:11","slug":"muscle-real-man-sex-doll-for-gay-men","status":"publish","type":"product","link":"https:\/\/www.miisoo.com\/hu\/product\/muscle-real-man-sex-doll-for-gay-men\/","title":{"rendered":"Gable \u2013 175 cm-es izomzat\u00fa igazi f\u00e9rfi szexbaba meleg f\u00e9rfiaknak"},"content":{"rendered":"<p>Ez az igazi f\u00e9rfi szexbaba \u00e9jszaka playboy nyuszi, nappal pedig \u00e9rt\u00e9kes\u00edt\u00e9si k\u00e9pvisel\u0151. Akkor fedezte fel, hogy keresi az \u00e1ll\u00e1st, amikor viccb\u0151l jelentkezett egy magazinhirdet\u00e9sb\u0151l. Az\u00f3ta ez az izomember baba szereti, amit csin\u00e1l. Munk\u00e1ja mag\u00e1ban foglalja a f\u00e9rfiak \u00e9s n\u0151k sz\u00f3rakoztat\u00e1s\u00e1t <a href=\"https:\/\/www.workitfit.com\/private_parties\/\">z\u00e1rtk\u00f6r\u0171 bulik t\u00e1nccal<\/a> \u00e9s csupasz\u00edt\u00e1s.<\/p>\n<p>A n\u0151knek sz\u00e1nt szilikon szexbab\u00e1k, mint p\u00e9ld\u00e1ul ez a szexi mellkassz\u0151r\u0171, n\u00e9pszer\u0171ek azon n\u0151k \u00e9s f\u00e9rfiak k\u00f6r\u00e9ben, akik f\u00e9rfias t\u00e1rsra v\u00e1gynak. A nagyon vonz\u00f3 meleg f\u00e9rfiak szexbab\u00e1i k\u00f6z\u00e9 tartozik. Csillog\u00f3 karamell puha b\u0151re el\u00e9g ahhoz, hogy v\u00e1gy\u00f3dj az \u00e9rint\u00e9s\u00e9re.<\/p>\n<p>Annak ellen\u00e9re, hogy nem egy n\u0151i szexbaba, ez neh\u00e9z<a href=\"https:\/\/www.miisoo.com\/hu\/termek\/hot-full-size-gay-male-love-doll\/\"> a h\u00f6lgyeknek<\/a> hogy ellen\u00e1lljon a mosolynak a bajusza alatt. Ez az igazi izomember baba \u00fagy n\u00e9z ki, mint aki eg\u00e9sz \u00e9let\u00e9ben arra pr\u00f3b\u00e1lt, hogy m\u00e9lt\u00f3 szexj\u00e1t\u00e9k legyen.<\/p>\n<p><span style=\"color: #000000; font-size: 16px; font-weight: 600;\">Val\u00f3di f\u00e9rfi szexbaba m\u00e9r\u00e9sek<\/span><\/p>\n<table style=\"border-collapse: collapse; width: 261.77pt;\" border=\"0\" width=\"349\" cellspacing=\"0\" cellpadding=\"0\">\n<tbody>\n<tr style=\"height: 20.00pt;\">\n<td class=\"et3\" style=\"height: 20.00pt; width: 125.25pt;\" width=\"167\" height=\"26\">M\u00e1rka<\/td>\n<td class=\"et3\" style=\"width: 136.50pt;\" width=\"182\">Iron Tech Doll<\/td>\n<\/tr>\n<tr style=\"height: 20.00pt;\">\n<td class=\"et4\" style=\"height: 20.00pt; width: 125.25pt;\" width=\"167\" height=\"26\">Magass\u00e1g<\/td>\n<td class=\"et2\">175 cm<\/td>\n<\/tr>\n<tr style=\"height: 20.00pt;\">\n<td class=\"et4\" style=\"height: 20.00pt; width: 125.25pt;\" width=\"167\" height=\"26\">Mellvonal<\/td>\n<td class=\"et2\">90 cm<\/td>\n<\/tr>\n<tr style=\"height: 20.00pt;\">\n<td class=\"et4\" style=\"height: 20.00pt; width: 125.25pt;\" width=\"167\" height=\"26\">Der\u00e9kvonal<\/td>\n<td class=\"et2\">76 cm<\/td>\n<\/tr>\n<tr style=\"height: 20.00pt;\">\n<td class=\"et4\" style=\"height: 20.00pt; width: 125.25pt;\" width=\"167\" height=\"26\">Cs\u00edp\u0151vonal<\/td>\n<td class=\"et2\">99 cm<\/td>\n<\/tr>\n<tr style=\"height: 20.00pt;\">\n<td class=\"et4\" style=\"height: 20.00pt; width: 125.25pt;\" width=\"167\" height=\"26\">V\u00e1llsz\u00e9less\u00e9g<\/td>\n<td class=\"et2\">43 cm<\/td>\n<\/tr>\n<tr style=\"height: 20.00pt;\">\n<td class=\"et4\" style=\"height: 20.00pt; width: 125.25pt;\" width=\"167\" height=\"26\">Comb vonal<\/td>\n<td class=\"et2\">54 cm<\/td>\n<\/tr>\n<tr style=\"height: 20.00pt;\">\n<td class=\"et4\" style=\"height: 20.00pt; width: 125.25pt;\" width=\"167\" height=\"26\">Calfline<\/td>\n<td class=\"et2\">46 cm<\/td>\n<\/tr>\n<tr style=\"height: 20.00pt;\">\n<td class=\"et4\" style=\"height: 20.00pt; width: 125.25pt;\" width=\"167\" height=\"26\">L\u00e1bm\u00e9ret<\/td>\n<td class=\"et2\">25 cm<\/td>\n<\/tr>\n<tr style=\"height: 20.00pt;\">\n<td class=\"et4\" style=\"height: 20.00pt; width: 125.25pt;\" width=\"167\" height=\"26\">S\u00faly<\/td>\n<td class=\"et2\">50 kg<\/td>\n<\/tr>\n<tr style=\"height: 20.00pt;\">\n<td class=\"et2\" style=\"height: 20.00pt;\" height=\"26\">H\u00edmvessz\u0151<\/td>\n<td class=\"et2\">18 cm vagy 27 cm<\/td>\n<\/tr>\n<\/tbody>\n<\/table>\n<p>&nbsp;<\/p>","protected":false},"excerpt":{"rendered":"<div data-elementor-type=\"section\" data-elementor-id=\"10450\" class=\"elementor elementor-10450\" data-elementor-post-type=\"elementor_library\">\n<section class=\"elementor-section elementor-top-section elementor-element elementor-element-1ac4967 elementor-section-boxed elementor-section-height-default elementor-section-height-default\" data-id=\"1ac4967\" data-element_type=\"section\">\n<div class=\"elementor-container elementor-column-gap-default\">\n<div class=\"elementor-column elementor-col-100 elementor-top-column elementor-element elementor-element-bfbdbdf\" data-id=\"bfbdbdf\" data-element_type=\"column\">\n<div class=\"elementor-widget-wrap elementor-element-populated\">\n<div class=\"elementor-element elementor-element-e4dbd68 elementor-widget elementor-widget-text-editor\" data-id=\"e4dbd68\" data-element_type=\"widget\" data-widget_type=\"text-editor.default\">\n<div class=\"elementor-widget-container\">\n<ul>\n<li>Ingyenes sz\u00e1ll\u00edt\u00e1s vil\u00e1gszerte, diszkr\u00e9t sz\u00e1ll\u00edt\u00e1s.<\/li>\n<li>100% Ugyanaz, mint a k\u00e9peken, kiv\u00e9ve, ha testreszabott.<\/li>\n<li>Az \u00e1rak tartalmazz\u00e1k. \u00c1FA \u00e9s V\u00e1md\u00edjak<\/li>\n<li>Ingyenes sz\u00e1ll\u00edt\u00e1s, gyors sz\u00e1ll\u00edt\u00e1si lehet\u0151s\u00e9gek a Checkout oldalon<\/li>\n<\/ul><\/div>\n<\/p><\/div>\n<\/p><\/div>\n<\/p><\/div>\n<\/p><\/div>\n<\/section><\/div>\n<div data-elementor-type=\"section\" data-elementor-id=\"10473\" class=\"elementor elementor-10473\" data-elementor-post-type=\"elementor_library\">\n<section class=\"elementor-section elementor-top-section elementor-element elementor-element-03d9b2a elementor-section-boxed elementor-section-height-default elementor-section-height-default\" data-id=\"03d9b2a\" data-element_type=\"section\">\n<div class=\"elementor-container elementor-column-gap-default\">\n<div class=\"elementor-column elementor-col-100 elementor-top-column elementor-element elementor-element-5081c52\" data-id=\"5081c52\" data-element_type=\"column\">\n<div class=\"elementor-widget-wrap elementor-element-populated\">\n<div class=\"elementor-element elementor-element-d2c17df elementor-widget elementor-widget-martfury-banner-small\" data-id=\"d2c17df\" data-element_type=\"widget\" data-widget_type=\"martfury-banner-small.default\">\n<div class=\"elementor-widget-container\">\n<div class=\"mf-elementor-banner-small\">\n<div class=\"banner-featured-image\"><\/div>\n<p>\t\t\t                <a class=\"link\" href=\"https:\/\/mso.aidoll-japan.com\"><\/a><\/p>\n<div class=\"banner-content\">\n<h2 class=\"banner-title\">1500 mini szerelmes baba<\/p>\n<p>sexdollxxx. com<\/h2>\n<div class=\"banner-desc\">\n<p>60 cm, 80 cm, 100 cm,<\/p>\n<p>120 cm, 130 cm, 140 cm<\/p>\n<\/div>\n<div class=\"banner-price\"><span\n                                class=\"s-price\">sexdollxxx .com<\/span><\/div>\n<\/p><\/div>\n<\/p><\/div>\n<\/p><\/div>\n<\/p><\/div>\n<\/p><\/div>\n<\/p><\/div>\n<\/p><\/div>\n<\/section><\/div>","protected":false},"featured_media":21318,"comment_status":"open","ping_status":"closed","template":"","meta":[],"product_cat":[114,115,116,81],"product_tag":[],"class_list":{"0":"post-21207","1":"product","2":"type-product","3":"status-publish","4":"has-post-thumbnail","6":"product_cat-1500usd-2000usd-sex-doll","7":"product_cat-161cm-170cm-sex-dolls","8":"product_cat-male-sex-dolls","9":"product_cat-tpe-sex-dolls","10":"tm-no-options","12":"first","13":"instock","14":"sale","15":"shipping-taxable","16":"purchasable","17":"product-type-simple","18":"col-xs-6 col-sm-4","19":"col-md-3 col-lg-3","20":"un-4-cols"},"yoast_head":"<!-- This site is optimized with the Yoast SEO Premium plugin v22.6 (Yoast SEO v22.9) - https:\/\/yoast.com\/wordpress\/plugins\/seo\/ -->\n<title>Real Man Sex Doll - Muscle Man Sex Doll For Gay Men Fucking<\/title>\n<meta name=\"description\" content=\"This real man sex doll\u00a0is a playboy bunny and a sales representative by day. this muscle man sex doll\u00a0for gay men loves what he does\" \/>\n<meta name=\"robots\" content=\"index, follow, max-snippet:-1, max-image-preview:large, max-video-preview:-1\" \/>\n<link rel=\"canonical\" href=\"https:\/\/www.miisoo.com\/hu\/termek\/muscle-real-man-sex-doll-for-gay-men\/\" \/>\n<meta property=\"og:locale\" content=\"hu_HU\" \/>\n<meta property=\"og:type\" content=\"article\" \/>\n<meta property=\"og:title\" content=\"Gable - 175cm Muscle Real Man Sex Doll For Gay Men\" \/>\n<meta property=\"og:description\" content=\"This real man sex doll\u00a0is a playboy bunny and a sales representative by day. this muscle man sex doll\u00a0for gay men loves what he does\" \/>\n<meta property=\"og:url\" content=\"https:\/\/www.miisoo.com\/hu\/termek\/muscle-real-man-sex-doll-for-gay-men\/\" \/>\n<meta property=\"og:site_name\" content=\"MiisooDoll\" \/>\n<meta property=\"article:publisher\" content=\"https:\/\/www.facebook.com\/miisoodoll\" \/>\n<meta property=\"article:modified_time\" content=\"2022-01-07T07:21:11+00:00\" \/>\n<meta property=\"og:image\" content=\"https:\/\/www.miisoo.com\/wp-content\/uploads\/2022\/01\/real-man-sex-doll-224.jpg\" \/>\n\t<meta property=\"og:image:width\" content=\"600\" \/>\n\t<meta property=\"og:image:height\" content=\"900\" \/>\n\t<meta property=\"og:image:type\" content=\"image\/jpeg\" \/>\n<meta name=\"twitter:card\" content=\"summary_large_image\" \/>\n<meta name=\"twitter:site\" content=\"@MiisooSexDolls\" \/>\n<meta name=\"twitter:label1\" content=\"Becs\u00fclt olvas\u00e1si id\u0151\" \/>\n\t<meta name=\"twitter:data1\" content=\"1 perc\" \/>\n<!-- \/ Yoast SEO Premium plugin. -->","yoast_head_json":{"title":"Real Man Sex Doll - Muscle Man Sex Doll For Gay Men Fucking","description":"This real man sex doll\u00a0is a playboy bunny and a sales representative by day. this muscle man sex doll\u00a0for gay men loves what he does","robots":{"index":"index","follow":"follow","max-snippet":"max-snippet:-1","max-image-preview":"max-image-preview:large","max-video-preview":"max-video-preview:-1"},"canonical":"https:\/\/www.miisoo.com\/hu\/termek\/muscle-real-man-sex-doll-for-gay-men\/","og_locale":"hu_HU","og_type":"article","og_title":"Gable - 175cm Muscle Real Man Sex Doll For Gay Men","og_description":"This real man sex doll\u00a0is a playboy bunny and a sales representative by day. this muscle man sex doll\u00a0for gay men loves what he does","og_url":"https:\/\/www.miisoo.com\/hu\/termek\/muscle-real-man-sex-doll-for-gay-men\/","og_site_name":"MiisooDoll","article_publisher":"https:\/\/www.facebook.com\/miisoodoll","article_modified_time":"2022-01-07T07:21:11+00:00","og_image":[{"width":600,"height":900,"url":"https:\/\/www.miisoo.com\/wp-content\/uploads\/2022\/01\/real-man-sex-doll-224.jpg","type":"image\/jpeg"}],"twitter_card":"summary_large_image","twitter_site":"@MiisooSexDolls","twitter_misc":{"Becs\u00fclt olvas\u00e1si id\u0151":"1 perc"},"schema":{"@context":"https:\/\/schema.org","@graph":[{"@type":"WebPage","@id":"https:\/\/www.miisoo.com\/es\/producto\/muscle-real-man-sex-doll-for-gay-men\/","url":"https:\/\/www.miisoo.com\/es\/producto\/muscle-real-man-sex-doll-for-gay-men\/","name":"Real Man Sex Doll - Muscle Man Sex Doll For Gay Men Fucking","isPartOf":{"@id":"https:\/\/www.miisoo.com\/#website"},"primaryImageOfPage":{"@id":"https:\/\/www.miisoo.com\/es\/producto\/muscle-real-man-sex-doll-for-gay-men\/#primaryimage"},"image":{"@id":"https:\/\/www.miisoo.com\/es\/producto\/muscle-real-man-sex-doll-for-gay-men\/#primaryimage"},"thumbnailUrl":"https:\/\/www.miisoo.com\/wp-content\/uploads\/2022\/01\/real-man-sex-doll-224.jpg","datePublished":"2022-01-05T12:52:31+00:00","dateModified":"2022-01-07T07:21:11+00:00","description":"This real man sex doll\u00a0is a playboy bunny and a sales representative by day. this muscle man sex doll\u00a0for gay men loves what he does","breadcrumb":{"@id":"https:\/\/www.miisoo.com\/es\/producto\/muscle-real-man-sex-doll-for-gay-men\/#breadcrumb"},"inLanguage":"hu","potentialAction":[{"@type":"ReadAction","target":["https:\/\/www.miisoo.com\/es\/producto\/muscle-real-man-sex-doll-for-gay-men\/"]}]},{"@type":"ImageObject","inLanguage":"hu","@id":"https:\/\/www.miisoo.com\/es\/producto\/muscle-real-man-sex-doll-for-gay-men\/#primaryimage","url":"https:\/\/www.miisoo.com\/wp-content\/uploads\/2022\/01\/real-man-sex-doll-224.jpg","contentUrl":"https:\/\/www.miisoo.com\/wp-content\/uploads\/2022\/01\/real-man-sex-doll-224.jpg","width":600,"height":900,"caption":"Gable \u2013 175cm Muscle Real Man Sex Doll For Gay Men"},{"@type":"BreadcrumbList","@id":"https:\/\/www.miisoo.com\/es\/producto\/muscle-real-man-sex-doll-for-gay-men\/#breadcrumb","itemListElement":[{"@type":"ListItem","position":1,"name":"Home","item":"https:\/\/www.miisoo.com\/"},{"@type":"ListItem","position":2,"name":"Sex Doll Shop","item":"https:\/\/www.miisoo.com\/shop\/"},{"@type":"ListItem","position":3,"name":"Gable &#8211; 175cm Muscle Real Man Sex Doll For Gay Men"}]},{"@type":"WebSite","@id":"https:\/\/www.miisoo.com\/#website","url":"https:\/\/www.miisoo.com\/","name":"MiisooDoll","description":"Sexual Doll, Real Sex Dolls, Love Doll, Best Sex Dolls","publisher":{"@id":"https:\/\/www.miisoo.com\/#organization"},"potentialAction":[{"@type":"SearchAction","target":{"@type":"EntryPoint","urlTemplate":"https:\/\/www.miisoo.com\/?s={search_term_string}"},"query-input":"required name=search_term_string"}],"inLanguage":"hu"},{"@type":"Organization","@id":"https:\/\/www.miisoo.com\/#organization","name":"MiisooDoll","url":"https:\/\/www.miisoo.com\/","logo":{"@type":"ImageObject","inLanguage":"hu","@id":"https:\/\/www.miisoo.com\/#\/schema\/logo\/image\/","url":"https:\/\/www.miisoo.com\/wp-content\/uploads\/2020\/09\/logo-botton.png","contentUrl":"https:\/\/www.miisoo.com\/wp-content\/uploads\/2020\/09\/logo-botton.png","width":181,"height":42,"caption":"MiisooDoll"},"image":{"@id":"https:\/\/www.miisoo.com\/#\/schema\/logo\/image\/"},"sameAs":["https:\/\/www.facebook.com\/miisoodoll","https:\/\/x.com\/MiisooSexDolls"]}]}},"_links":{"self":[{"href":"https:\/\/www.miisoo.com\/hu\/wp-json\/wp\/v2\/product\/21207","targetHints":{"allow":["GET"]}}],"collection":[{"href":"https:\/\/www.miisoo.com\/hu\/wp-json\/wp\/v2\/product"}],"about":[{"href":"https:\/\/www.miisoo.com\/hu\/wp-json\/wp\/v2\/types\/product"}],"replies":[{"embeddable":true,"href":"https:\/\/www.miisoo.com\/hu\/wp-json\/wp\/v2\/comments?post=21207"}],"version-history":[{"count":2,"href":"https:\/\/www.miisoo.com\/hu\/wp-json\/wp\/v2\/product\/21207\/revisions"}],"predecessor-version":[{"id":21607,"href":"https:\/\/www.miisoo.com\/hu\/wp-json\/wp\/v2\/product\/21207\/revisions\/21607"}],"wp:featuredmedia":[{"embeddable":true,"href":"https:\/\/www.miisoo.com\/hu\/wp-json\/wp\/v2\/media\/21318"}],"wp:attachment":[{"href":"https:\/\/www.miisoo.com\/hu\/wp-json\/wp\/v2\/media?parent=21207"}],"wp:term":[{"taxonomy":"product_cat","embeddable":true,"href":"https:\/\/www.miisoo.com\/hu\/wp-json\/wp\/v2\/product_cat?post=21207"},{"taxonomy":"product_tag","embeddable":true,"href":"https:\/\/www.miisoo.com\/hu\/wp-json\/wp\/v2\/product_tag?post=21207"}],"curies":[{"name":"wp","href":"https:\/\/api.w.org\/{rel}","templated":true}]}}