{"id":4494,"date":"2020-09-16T14:42:35","date_gmt":"2020-09-16T06:42:35","guid":{"rendered":"http:\/\/miisoo.com\/?page_id=4494"},"modified":"2023-12-22T20:07:15","modified_gmt":"2023-12-22T12:07:15","slug":"disclaimer-18","status":"publish","type":"page","link":"https:\/\/www.miisoo.com\/hu\/disclaimer-18\/","title":{"rendered":"Jogi nyilatkozat 18+"},"content":{"rendered":"<div data-elementor-type=\"wp-page\" data-elementor-id=\"4494\" class=\"elementor elementor-4494\" data-elementor-post-type=\"page\">\n\t\t\t\t\t\t<section class=\"elementor-section elementor-top-section elementor-element elementor-element-c76458e elementor-section-boxed elementor-section-height-default elementor-section-height-default\" data-id=\"c76458e\" data-element_type=\"section\">\n\t\t\t\t\t\t<div class=\"elementor-container elementor-column-gap-default\">\n\t\t\t\t\t<div class=\"elementor-column elementor-col-25 elementor-top-column elementor-element elementor-element-8b5e8e1\" data-id=\"8b5e8e1\" data-element_type=\"column\">\n\t\t\t<div class=\"elementor-widget-wrap\">\n\t\t\t\t\t\t\t<\/div>\n\t\t<\/div>\n\t\t\t\t<div class=\"elementor-column elementor-col-50 elementor-top-column elementor-element elementor-element-5afa608\" data-id=\"5afa608\" data-element_type=\"column\">\n\t\t\t<div class=\"elementor-widget-wrap elementor-element-populated\">\n\t\t\t\t\t\t<div class=\"elementor-element elementor-element-1111958 elementor-widget elementor-widget-text-editor\" data-id=\"1111958\" data-element_type=\"widget\" data-widget_type=\"text-editor.default\">\n\t\t\t\t<div class=\"elementor-widget-container\">\n\t\t\t\t\t\t\t\t\t<p>Utols\u00f3 friss\u00edt\u00e9s: 2017. m\u00e1jus 25., 10:23<\/p><p>FIGYELEM. Ez az oldal szexu\u00e1lis ir\u00e1nyults\u00e1g\u00fa feln\u0151tteknek sz\u00f3l\u00f3 anyagokat tartalmaz, amelyek 18 \u00e9ves vagy ann\u00e1l id\u0151sebb szem\u00e9lyek sz\u00e1m\u00e1ra k\u00e9sz\u00fcltek. Ha m\u00e9g nem vagy 18. Az oldal megtekint\u00e9s\u00e9vel elfogadod, hogy meg\u00e9rted \u00e9s meg\u00e9rted az al\u00e1bbi felt\u00e9teleket:<\/p><p><strong>18 \u00c9VES \u00c9S ID\u0150SEBB<\/strong><\/p><p>A MIISOO.com nem tilthatja meg, hogy kiskor\u00faak l\u00e1togass\u00e1k ezt az oldalt. A sz\u00fcl\u0151k vagy gy\u00e1mok felel\u0151sek az\u00e9rt, hogy fel\u00fcgyelj\u00e9k a gyermekeket \u00e9s a serd\u00fcl\u0151ket, hogy mely anyagok megfelel\u0151ek a megtekint\u00e9s\u00fckre. A MIISOO.com megk\u00f6veteli, hogy minden v\u00e1s\u00e1rl\u00e1st 18 \u00e9ven fel\u00fcli szem\u00e9lyek v\u00e9gezzenek.<\/p><p><strong>SZERZ\u0150I JOG<\/strong><\/p><p>Elt\u00e9r\u0151 rendelkez\u00e9s hi\u00e1ny\u00e1ban az ezen az oldalon megjelen\u0151 \u00f6sszes anyag, bele\u00e9rtve a sz\u00f6veget, a webhely kialak\u00edt\u00e1s\u00e1t, log\u00f3kat, grafik\u00e1kat, ikonokat \u00e9s k\u00e9peket, valamint ezek kiv\u00e1laszt\u00e1sa, \u00f6ssze\u00e1ll\u00edt\u00e1sa \u00e9s elrendez\u00e9se, a MIISOO.com kiz\u00e1r\u00f3lagos tulajdon\u00e1t k\u00e9pezi. Az oldal tartalm\u00e1t kiz\u00e1r\u00f3lag az ezen az oldalon t\u00f6rt\u00e9n\u0151 v\u00e1s\u00e1rl\u00e1s vagy rendel\u00e9s lead\u00e1s\u00e1ra haszn\u00e1lhatja fel, m\u00e1s c\u00e9lra nem. A MIISOO.com el\u0151zetes \u00edr\u00e1sos enged\u00e9lye n\u00e9lk\u00fcl tilos ezen az oldalon tal\u00e1lhat\u00f3 anyagokat m\u00e1solni, reproduk\u00e1lni, m\u00f3dos\u00edtani, \u00fajra k\u00f6zz\u00e9tenni, felt\u00f6lteni, k\u00f6zz\u00e9tenni, tov\u00e1bb\u00edtani vagy terjeszteni semmilyen form\u00e1ban vagy eszk\u00f6zzel. Minden, itt kifejezetten nem biztos\u00edtott jog fenntartva. Az ezen az oldalon megjelen\u0151 anyagok b\u00e1rmilyen jogosulatlan felhaszn\u00e1l\u00e1sa s\u00e9rtheti a szerz\u0151i jogokat, a v\u00e9djegyeket \u00e9s m\u00e1s vonatkoz\u00f3 t\u00f6rv\u00e9nyeket, \u00e9s b\u00fcntet\u0151jogi vagy polg\u00e1ri jogi szankci\u00f3kat vonhat maga ut\u00e1n.<\/p><p><strong>NYILATKOZAT<\/strong><\/p><p>Ezt a webhelyet \u201eahogy van\u201d mindenf\u00e9le kifejezett vagy hallgat\u00f3lagos garancia n\u00e9lk\u00fcl biztos\u00edtjuk \u00d6nnek. A weboldal haszn\u00e1lat\u00e1val \u00d6n v\u00e1llalja, hogy viseli az ezen webhelyek haszn\u00e1lat\u00e1val kapcsolatos minden kock\u00e1zatot, \u00e9s beleegyezik abba, hogy v\u00e9di a MIISOO.com-ot, annak tiszts\u00e9gvisel\u0151it, igazgat\u00f3it, alkalmazottait \u00e9s \u00fcgyn\u00f6keit minden olyan k\u00f6vetel\u00e9st\u0151l, amely az \u00d6n haszn\u00e1lat\u00e1b\u00f3l vagy k\u00e9ptelens\u00e9g\u00e9b\u0151l ered. haszn\u00e1lni, azokat a webhelyeket, amelyekhez kapcsol\u00f3dnak. \u00d6n tov\u00e1bb\u00e1 elfogadja, hogy a MIISOO.com vagy a webhely inform\u00e1ci\u00f3it szolg\u00e1ltat\u00f3i nem v\u00e1llalnak felel\u0151ss\u00e9get semmilyen olyan k\u00e1r\u00e9rt vagy vesztes\u00e9g\u00e9rt, amelyet \u00d6n az ilyen inform\u00e1ci\u00f3kra t\u00e1maszkodva okozott vagy okozott.<\/p><p>A weboldalon tal\u00e1lhat\u00f3 \u00f6sszes term\u00e9k csak \u00fajdons\u00e1gra szolg\u00e1l. A MIISOO.com nem v\u00e1llal semmilyen kifejezett vagy hallgat\u00f3lagos garanci\u00e1t a MIISOO.com webhelyr\u0151l megrendelt term\u00e9kre, amely mentes a s\u00e9r\u00fcl\u00e9sekt\u0151l, a gy\u00e1rt\u00f3i hib\u00e1kt\u00f3l \u00e9s a gy\u00e1rt\u00f3 f\u00e9lrevezet\u00e9s\u00e9t\u0151l. Megrendel\u00e9s\u00e9nek elk\u00fcld\u00e9s\u00e9vel \u00d6n kifejezetten tudom\u00e1sul veszi \u00e9s elfogadja a k\u00f6vetkez\u0151ket: A MIISOO.com nem v\u00e1llal felel\u0151ss\u00e9get a v\u00e1s\u00e1rl\u00f3k vagy m\u00e1s szem\u00e9lyek fel\u00e9 semmilyen s\u00e9r\u00fcl\u00e9s\u00e9rt, vesztes\u00e9g\u00e9rt vagy k\u00e1r\u00e9rt, legyen az ak\u00e1r k\u00f6zvetlen, k\u00f6zvetett, v\u00e9letlen, k\u00fcl\u00f6nleges vagy k\u00f6vetkezm\u00e9nyes. az \u00e1ll\u00edtott jogelm\u00e9let, bele\u00e9rtve a hanyags\u00e1got \u00e9s\/vagy az objekt\u00edv felel\u0151ss\u00e9get.<\/p><p><strong>VISSZAT\u00c9R\u00cdT\u00c9S<\/strong><\/p><p>Minden megrendel\u00e9sn\u00e9l napl\u00f3zzuk az IP-karakterl\u00e1ncokat \u2013 a csal\u00e1rd tev\u00e9kenys\u00e9gek miatt visszaterhel\u00e9sk\u00e9nt vissza\u00e9rkez\u0151 megrendel\u00e9seket a helyi joghat\u00f3s\u00e1gon kereszt\u00fcl szorgalmasan nyomon k\u00f6vetj\u00fck, \u00e9s a t\u00f6rv\u00e9ny legteljesebb k\u00f6r\u00e9t lefolytatjuk.<\/p><p>A MIISOO.com webhelyen t\u00f6rt\u00e9n\u0151 v\u00e1s\u00e1rl\u00e1shoz \u00d6n beleegyezik abba, hogy a MIISOO.com webhelyen leadott megrendel\u00e9seivel kapcsolatban semmilyen vit\u00e1t\/k\u00f6vetel\u00e9st vagy visszaterhel\u00e9st nem ny\u00fajt be hitelk\u00e1rtya-t\u00e1rsas\u00e1g\u00e1nak.<\/p><p>A MIISOO.com a hitelk\u00e1rtya-visszaterhel\u00e9st csal\u00e1snak tekinti, ha \u00d6n nem tett \u00e9sszer\u0171 er\u0151fesz\u00edt\u00e9st annak \u00e9rdek\u00e9ben, hogy \u00e9rtes\u00edtsen minket a probl\u00e9ma fenn\u00e1ll\u00e1s\u00e1r\u00f3l, \u00e9s jelent\u0151s id\u0151t hagy sz\u00e1munkra a probl\u00e9ma megold\u00e1s\u00e1ra vagy tiszt\u00e1z\u00e1s\u00e1ra.<\/p><p>Nem toler\u00e1ljuk a hitelk\u00e1rtya-csal\u00e1st. Semmilyen k\u00f6lts\u00e9get nem takar\u00edtunk meg, \u00e9s kiv\u00e9tel n\u00e9lk\u00fcl minden csal\u00e1s\u00e9rt a t\u00f6rv\u00e9ny teljes terjedelm\u00e9ben b\u00fcntet\u0151elj\u00e1r\u00e1s indul. Ezen t\u00falmen\u0151en polg\u00e1ri jogi pert ind\u00edtunk a csal\u00e1ssal kapcsolatos bev\u00e9telkies\u00e9s\u00e9rt, bele\u00e9rtve az \u00fczleti k\u00f6lts\u00e9geket, a jogi k\u00f6lts\u00e9geket, a kutat\u00e1si k\u00f6lts\u00e9geket, a munkav\u00e1llal\u00f3i \u00e1ll\u00e1sid\u0151t \u00e9s a bev\u00e9telkies\u00e9st.<\/p><p>Minden komolytalan visszaterhel\u00e9s nemcsak id\u0151t vesz el alkalmazottainknak a szok\u00e1sos \u00e9s szok\u00e1sos \u00fczleti tev\u00e9kenys\u00e9geinkt\u0151l, hanem p\u00e9nzbe is ker\u00fcl, ez\u00e9rt:<\/p><p>\u00d6n elfogadja, hogy ha \u00fagy d\u00f6nt, hogy v\u00e1s\u00e1rol a MIISOO.com webhelyr\u0151l, \u00e9s vit\u00e1t\/k\u00f6vetel\u00e9st vagy visszaterhel\u00e9st ny\u00fajt be hitelk\u00e1rtya-kibocs\u00e1t\u00f3j\u00e1hoz olyan helyzet miatt, amely ellentmond a rendel\u00e9s lead\u00e1sakor elfogadott felt\u00e9teleinknek, VAGY nem biztos\u00edtott sz\u00e1munkra elegend\u0151 mennyis\u00e9get ideje elismerni, meger\u0151s\u00edteni \u00e9s megvizsg\u00e1lni a helyzetet; \u00e9s ennek eredm\u00e9nyek\u00e9nt nem nyeri meg a visszaterhel\u00e9si vit\u00e1t vagy a vit\u00e1t\/k\u00f6vetel\u00e9st.<\/p><p>Abban az esetben, ha a hitelk\u00e1rtya-kibocs\u00e1t\u00f3n\u00e1l visszanyeri a terhel\u00e9st, a MIISOO.com megk\u00eds\u00e9rli behajtani a csal\u00e1rd m\u00f3don vitatott k\u00f6lts\u00e9geket, valamint a tov\u00e1bbi k\u00f6lts\u00e9geket egy harmadik f\u00e9l behajt\u00e1si irod\u00e1n kereszt\u00fcl. A jelentett inform\u00e1ci\u00f3k tartalmazz\u00e1k a teljes nevet, e-mail c\u00edmet, a rendel\u00e9s d\u00e1tum\u00e1t, a rendel\u00e9s \u00f6sszeg\u00e9t, az IP-c\u00edmet, a teljes c\u00edmet \u00e9s a telefonsz\u00e1mot.<\/p>\t\t\t\t\t\t\t\t<\/div>\n\t\t\t\t<\/div>\n\t\t\t\t\t<\/div>\n\t\t<\/div>\n\t\t\t\t<div class=\"elementor-column elementor-col-25 elementor-top-column elementor-element elementor-element-df603f8\" data-id=\"df603f8\" data-element_type=\"column\">\n\t\t\t<div class=\"elementor-widget-wrap\">\n\t\t\t\t\t\t\t<\/div>\n\t\t<\/div>\n\t\t\t\t\t<\/div>\n\t\t<\/section>\n\t\t\t\t<\/div>","protected":false},"excerpt":{"rendered":"<p>Last updated on May 25th, 2017 at 10:23 am WARNING. This site contains sexually oriented adult material intended for individuals 18 years of age or older. If you are not yet 18. By viewing this site you agree that you understand and the below terms: 18 YEARS AND OLDER MIISOO.com cannot prohibit minors from visiting&hellip;<\/p>","protected":false},"author":455,"featured_media":0,"parent":0,"menu_order":0,"comment_status":"closed","ping_status":"open","template":"","meta":{"footnotes":""},"class_list":["post-4494","page","type-page","status-publish","hentry"],"yoast_head":"<!-- This site is optimized with the Yoast SEO Premium plugin v22.6 (Yoast SEO v22.9) - https:\/\/yoast.com\/wordpress\/plugins\/seo\/ -->\n<title>Explore Adult Content| Age 18+ Disclaimer | MiisooDoll<\/title>\n<meta name=\"description\" content=\"Discover adult content responsibly with MiisooDoll&#039;s age 18+ disclaimer. Explore a world of intimate satisfaction while prioritizing legal and ethical guidelines.\" \/>\n<meta name=\"robots\" content=\"index, follow, max-snippet:-1, max-image-preview:large, max-video-preview:-1\" \/>\n<link rel=\"canonical\" href=\"https:\/\/www.miisoo.com\/hu\/disclaimer-18\/\" \/>\n<meta property=\"og:locale\" content=\"hu_HU\" \/>\n<meta property=\"og:type\" content=\"article\" \/>\n<meta property=\"og:title\" content=\"Disclaimer 18+\" \/>\n<meta property=\"og:description\" content=\"Discover adult content responsibly with MiisooDoll&#039;s age 18+ disclaimer. Explore a world of intimate satisfaction while prioritizing legal and ethical guidelines.\" \/>\n<meta property=\"og:url\" content=\"https:\/\/www.miisoo.com\/hu\/disclaimer-18\/\" \/>\n<meta property=\"og:site_name\" content=\"MiisooDoll\" \/>\n<meta property=\"article:publisher\" content=\"https:\/\/www.facebook.com\/miisoodoll\" \/>\n<meta property=\"article:modified_time\" content=\"2023-12-22T12:07:15+00:00\" \/>\n<meta name=\"twitter:card\" content=\"summary_large_image\" \/>\n<meta name=\"twitter:site\" content=\"@MiisooSexDolls\" \/>\n<meta name=\"twitter:label1\" content=\"Becs\u00fclt olvas\u00e1si id\u0151\" \/>\n\t<meta name=\"twitter:data1\" content=\"4 perc\" \/>\n<!-- \/ Yoast SEO Premium plugin. -->","yoast_head_json":{"title":"Explore Adult Content| Age 18+ Disclaimer | MiisooDoll","description":"Discover adult content responsibly with MiisooDoll's age 18+ disclaimer. Explore a world of intimate satisfaction while prioritizing legal and ethical guidelines.","robots":{"index":"index","follow":"follow","max-snippet":"max-snippet:-1","max-image-preview":"max-image-preview:large","max-video-preview":"max-video-preview:-1"},"canonical":"https:\/\/www.miisoo.com\/hu\/disclaimer-18\/","og_locale":"hu_HU","og_type":"article","og_title":"Disclaimer 18+","og_description":"Discover adult content responsibly with MiisooDoll's age 18+ disclaimer. Explore a world of intimate satisfaction while prioritizing legal and ethical guidelines.","og_url":"https:\/\/www.miisoo.com\/hu\/disclaimer-18\/","og_site_name":"MiisooDoll","article_publisher":"https:\/\/www.facebook.com\/miisoodoll","article_modified_time":"2023-12-22T12:07:15+00:00","twitter_card":"summary_large_image","twitter_site":"@MiisooSexDolls","twitter_misc":{"Becs\u00fclt olvas\u00e1si id\u0151":"4 perc"},"schema":{"@context":"https:\/\/schema.org","@graph":[{"@type":"WebPage","@id":"https:\/\/www.miisoo.com\/disclaimer-18\/","url":"https:\/\/www.miisoo.com\/disclaimer-18\/","name":"Explore Adult Content| Age 18+ Disclaimer | MiisooDoll","isPartOf":{"@id":"https:\/\/www.miisoo.com\/#website"},"datePublished":"2020-09-16T06:42:35+00:00","dateModified":"2023-12-22T12:07:15+00:00","description":"Discover adult content responsibly with MiisooDoll's age 18+ disclaimer. Explore a world of intimate satisfaction while prioritizing legal and ethical guidelines.","breadcrumb":{"@id":"https:\/\/www.miisoo.com\/disclaimer-18\/#breadcrumb"},"inLanguage":"hu","potentialAction":[{"@type":"ReadAction","target":["https:\/\/www.miisoo.com\/disclaimer-18\/"]}]},{"@type":"BreadcrumbList","@id":"https:\/\/www.miisoo.com\/disclaimer-18\/#breadcrumb","itemListElement":[{"@type":"ListItem","position":1,"name":"Home","item":"https:\/\/www.miisoo.com\/"},{"@type":"ListItem","position":2,"name":"Disclaimer 18+"}]},{"@type":"WebSite","@id":"https:\/\/www.miisoo.com\/#website","url":"https:\/\/www.miisoo.com\/","name":"MiisooDoll","description":"Sexual Doll, Real Sex Dolls, Love Doll, Best Sex Dolls","publisher":{"@id":"https:\/\/www.miisoo.com\/#organization"},"potentialAction":[{"@type":"SearchAction","target":{"@type":"EntryPoint","urlTemplate":"https:\/\/www.miisoo.com\/?s={search_term_string}"},"query-input":"required name=search_term_string"}],"inLanguage":"hu"},{"@type":"Organization","@id":"https:\/\/www.miisoo.com\/#organization","name":"MiisooDoll","url":"https:\/\/www.miisoo.com\/","logo":{"@type":"ImageObject","inLanguage":"hu","@id":"https:\/\/www.miisoo.com\/#\/schema\/logo\/image\/","url":"https:\/\/www.miisoo.com\/wp-content\/uploads\/2020\/09\/logo-botton.png","contentUrl":"https:\/\/www.miisoo.com\/wp-content\/uploads\/2020\/09\/logo-botton.png","width":181,"height":42,"caption":"MiisooDoll"},"image":{"@id":"https:\/\/www.miisoo.com\/#\/schema\/logo\/image\/"},"sameAs":["https:\/\/www.facebook.com\/miisoodoll","https:\/\/x.com\/MiisooSexDolls"]}]}},"_links":{"self":[{"href":"https:\/\/www.miisoo.com\/hu\/wp-json\/wp\/v2\/pages\/4494","targetHints":{"allow":["GET"]}}],"collection":[{"href":"https:\/\/www.miisoo.com\/hu\/wp-json\/wp\/v2\/pages"}],"about":[{"href":"https:\/\/www.miisoo.com\/hu\/wp-json\/wp\/v2\/types\/page"}],"author":[{"embeddable":true,"href":"https:\/\/www.miisoo.com\/hu\/wp-json\/wp\/v2\/users\/455"}],"replies":[{"embeddable":true,"href":"https:\/\/www.miisoo.com\/hu\/wp-json\/wp\/v2\/comments?post=4494"}],"version-history":[{"count":1,"href":"https:\/\/www.miisoo.com\/hu\/wp-json\/wp\/v2\/pages\/4494\/revisions"}],"predecessor-version":[{"id":34670,"href":"https:\/\/www.miisoo.com\/hu\/wp-json\/wp\/v2\/pages\/4494\/revisions\/34670"}],"wp:attachment":[{"href":"https:\/\/www.miisoo.com\/hu\/wp-json\/wp\/v2\/media?parent=4494"}],"curies":[{"name":"wp","href":"https:\/\/api.w.org\/{rel}","templated":true}]}}