{"id":4487,"date":"2020-09-16T14:30:21","date_gmt":"2020-09-16T06:30:21","guid":{"rendered":"http:\/\/miisoo.com\/?page_id=4487"},"modified":"2021-05-12T10:35:54","modified_gmt":"2021-05-12T02:35:54","slug":"factory-photos","status":"publish","type":"page","link":"https:\/\/www.miisoo.com\/hu\/factory-photos\/","title":{"rendered":"Gy\u00e1ri fot\u00f3k"},"content":{"rendered":"<div data-elementor-type=\"wp-page\" data-elementor-id=\"4487\" class=\"elementor elementor-4487\" data-elementor-post-type=\"page\">\n\t\t\t\t\t\t<section class=\"elementor-section elementor-top-section elementor-element elementor-element-c76458e elementor-section-boxed elementor-section-height-default elementor-section-height-default\" data-id=\"c76458e\" data-element_type=\"section\">\n\t\t\t\t\t\t<div class=\"elementor-container elementor-column-gap-default\">\n\t\t\t\t\t<div class=\"elementor-column elementor-col-25 elementor-top-column elementor-element elementor-element-8b5e8e1\" data-id=\"8b5e8e1\" data-element_type=\"column\">\n\t\t\t<div class=\"elementor-widget-wrap\">\n\t\t\t\t\t\t\t<\/div>\n\t\t<\/div>\n\t\t\t\t<div class=\"elementor-column elementor-col-50 elementor-top-column elementor-element elementor-element-5afa608\" data-id=\"5afa608\" data-element_type=\"column\">\n\t\t\t<div class=\"elementor-widget-wrap elementor-element-populated\">\n\t\t\t\t\t\t<div class=\"elementor-element elementor-element-1111958 elementor-widget elementor-widget-text-editor\" data-id=\"1111958\" data-element_type=\"widget\" data-widget_type=\"text-editor.default\">\n\t\t\t\t<div class=\"elementor-widget-container\">\n\t\t\t\t\t\t\t\t\t<p>Nem javasoljuk olcs\u00f3bb vagy t\u00fal dr\u00e1g\u00e1t, ha szexbab\u00e1r\u00f3l van sz\u00f3. A szexbab\u00e1k nemcsak szexre val\u00f3k, hanem szerelemre, t\u00e1rsas\u00e1gra, \u00f6lelkez\u00e9sre, fot\u00f3z\u00e1sra \u00e9s m\u00e9g sok m\u00e1sra is. Valamit szeretne, ami j\u00f3l n\u00e9z ki, j\u00f3l \u00e9rzi mag\u00e1t \u00e9s \u00e9vekig kitart. Ez\u00e9rt fontos, hogy eredeti bab\u00e1t v\u00e1s\u00e1roljunk a gy\u00e1rt\u00f3kt\u00f3l \u00e9s a tervez\u0151kt\u0151l.<\/p><p>Az al\u00e1bbi k\u00e9psorozat a MIISOO gy\u00e1runkb\u00f3l k\u00e9sz\u00fclt. Minden nap munk\u00e1ba j\u00e1runk, \u00e9s egy szexbabagy\u00e1rban dolgozunk. Ezek a fot\u00f3k a gy\u00e1rt\u00f3m\u0171helyeinket \u00e9s a babafot\u00f3kat mutatj\u00e1k be, akik bab\u00e1kat k\u00e9sz\u00edtenek a MIISOO nev\u0171 c\u00e9gnek, egy k\u00ednai sz\u00e9khely\u0171 c\u00e9gnek.<\/p><p>Ezek a gy\u00e1ri fot\u00f3k TPE \u00e9s szilikon val\u00f3di szexbab\u00e1ink szerkesztetlen fot\u00f3i. Ezeket a k\u00e9peket a gy\u00e1r dolgoz\u00f3i k\u00e9sz\u00edtik mobiltelefonjuk kamer\u00e1j\u00e1val, \u00e9s nem \u00fagy szerkesztik \u0151ket, mint a szexbab\u00e1k rekl\u00e1moz\u00e1s\u00e1ra \u00e9s elad\u00e1s\u00e1ra haszn\u00e1lt st\u00fadi\u00f3fot\u00f3kat. Ezek a fot\u00f3k tudatj\u00e1k, hogy mire sz\u00e1m\u00edthatsz szexbaba v\u00e1s\u00e1rl\u00e1sakor, \u00e9s lehet\u0151v\u00e9 teszik, hogy pontosan azt kapd, amire sz\u00e1m\u00edtasz. Itt nincsenek glamour fot\u00f3k!<\/p><p>Ha az \u00fcgyf\u00e9l k\u00e9ri, hogy a kisz\u00e1ll\u00edt\u00e1s el\u0151tt n\u00e9zz\u00e9k meg a f\u00e9nyk\u00e9peket, term\u00e9szetesen nincs probl\u00e9ma. Miut\u00e1n elk\u00e9sz\u00edtette a bab\u00e1t, k\u00f6zvetlen\u00fcl \u00dcgyf\u00e9lszolg\u00e1latunkt\u00f3l kap egy e-mailt, amelynek t\u00e1rgy\u00e1ban a \u201eGy\u00e1ri f\u00e9nyk\u00e9pek\u201d felirat szerepel. Ez az e-mail fot\u00f3kat fog tartalmazni az \u00d6n AZONOS VAL\u00d3S\u00c1GI SEX BABU-j\u00e1r\u00f3l, amelyeket a rendel\u00e9sben megadott pontos specifik\u00e1ci\u00f3k szerint k\u00e9sz\u00edtenek el.<\/p>\t\t\t\t\t\t\t\t<\/div>\n\t\t\t\t<\/div>\n\t\t\t\t\t<\/div>\n\t\t<\/div>\n\t\t\t\t<div class=\"elementor-column elementor-col-25 elementor-top-column elementor-element elementor-element-df603f8\" data-id=\"df603f8\" data-element_type=\"column\">\n\t\t\t<div class=\"elementor-widget-wrap\">\n\t\t\t\t\t\t\t<\/div>\n\t\t<\/div>\n\t\t\t\t\t<\/div>\n\t\t<\/section>\n\t\t\t\t<section class=\"elementor-section elementor-top-section elementor-element elementor-element-16213e8 elementor-section-boxed elementor-section-height-default elementor-section-height-default\" data-id=\"16213e8\" data-element_type=\"section\">\n\t\t\t\t\t\t<div class=\"elementor-container elementor-column-gap-default\">\n\t\t\t\t\t<div class=\"elementor-column elementor-col-33 elementor-top-column elementor-element elementor-element-0f76d60\" data-id=\"0f76d60\" data-element_type=\"column\">\n\t\t\t<div class=\"elementor-widget-wrap\">\n\t\t\t\t\t\t\t<\/div>\n\t\t<\/div>\n\t\t\t\t<div class=\"elementor-column elementor-col-33 elementor-top-column elementor-element elementor-element-6ba262e\" data-id=\"6ba262e\" data-element_type=\"column\">\n\t\t\t<div class=\"elementor-widget-wrap elementor-element-populated\">\n\t\t\t\t\t\t<section class=\"elementor-section elementor-inner-section elementor-element elementor-element-0125113 elementor-section-boxed elementor-section-height-default elementor-section-height-default\" data-id=\"0125113\" data-element_type=\"section\">\n\t\t\t\t\t\t<div class=\"elementor-container elementor-column-gap-default\">\n\t\t\t\t\t<div class=\"elementor-column elementor-col-33 elementor-inner-column elementor-element elementor-element-df5db31\" data-id=\"df5db31\" data-element_type=\"column\">\n\t\t\t<div class=\"elementor-widget-wrap elementor-element-populated\">\n\t\t\t\t\t\t<div class=\"elementor-element elementor-element-e311697 elementor-widget elementor-widget-image\" data-id=\"e311697\" data-element_type=\"widget\" data-widget_type=\"image.default\">\n\t\t\t\t<div class=\"elementor-widget-container\">\n\t\t\t\t\t\t\t\t\t\t\t\t\t\t\t<img decoding=\"async\" src=\"https:\/\/www.miisoo.com\/wp-content\/uploads\/2020\/12\/MiisooDoll-Factory-Photo-9.jpg\" title=\"MiisooDoll-Factory-Photo-9\" alt=\"MiisooDoll-Factory-Photo-9\" loading=\"lazy\" \/>\t\t\t\t\t\t\t\t\t\t\t\t\t\t\t<\/div>\n\t\t\t\t<\/div>\n\t\t\t\t<div class=\"elementor-element elementor-element-d7521c2 elementor-widget elementor-widget-spacer\" data-id=\"d7521c2\" data-element_type=\"widget\" data-widget_type=\"spacer.default\">\n\t\t\t\t<div class=\"elementor-widget-container\">\n\t\t\t\t\t\t\t<div class=\"elementor-spacer\">\n\t\t\t<div class=\"elementor-spacer-inner\"><\/div>\n\t\t<\/div>\n\t\t\t\t\t\t<\/div>\n\t\t\t\t<\/div>\n\t\t\t\t\t<\/div>\n\t\t<\/div>\n\t\t\t\t<div class=\"elementor-column elementor-col-33 elementor-inner-column elementor-element elementor-element-5535442\" data-id=\"5535442\" data-element_type=\"column\">\n\t\t\t<div class=\"elementor-widget-wrap elementor-element-populated\">\n\t\t\t\t\t\t<div class=\"elementor-element elementor-element-054bb83 elementor-widget elementor-widget-image\" data-id=\"054bb83\" data-element_type=\"widget\" data-widget_type=\"image.default\">\n\t\t\t\t<div class=\"elementor-widget-container\">\n\t\t\t\t\t\t\t\t\t\t\t\t\t\t\t<img decoding=\"async\" src=\"https:\/\/www.miisoo.com\/wp-content\/uploads\/2020\/12\/MiisooDoll-Factory-Photo-10.jpg\" title=\"MiisooDoll-Factory-Photo-10\" alt=\"MiisooDoll-Factory-Photo-10\" loading=\"lazy\" \/>\t\t\t\t\t\t\t\t\t\t\t\t\t\t\t<\/div>\n\t\t\t\t<\/div>\n\t\t\t\t\t<\/div>\n\t\t<\/div>\n\t\t\t\t<div class=\"elementor-column elementor-col-33 elementor-inner-column elementor-element elementor-element-fe49830\" data-id=\"fe49830\" data-element_type=\"column\">\n\t\t\t<div class=\"elementor-widget-wrap elementor-element-populated\">\n\t\t\t\t\t\t<div class=\"elementor-element elementor-element-2b2edbc elementor-widget elementor-widget-image\" data-id=\"2b2edbc\" data-element_type=\"widget\" data-widget_type=\"image.default\">\n\t\t\t\t<div class=\"elementor-widget-container\">\n\t\t\t\t\t\t\t\t\t\t\t\t\t\t\t<img decoding=\"async\" src=\"https:\/\/www.miisoo.com\/wp-content\/uploads\/2020\/12\/MiisooDoll-Factory-Photo-13.jpg\" title=\"MiisooBaba-Gy\u00e1r-Fot\u00f3-13\" alt=\"MiisooBaba-Gy\u00e1r-Fot\u00f3-13\" loading=\"lazy\" \/>\t\t\t\t\t\t\t\t\t\t\t\t\t\t\t<\/div>\n\t\t\t\t<\/div>\n\t\t\t\t\t<\/div>\n\t\t<\/div>\n\t\t\t\t\t<\/div>\n\t\t<\/section>\n\t\t\t\t<section class=\"elementor-section elementor-inner-section elementor-element elementor-element-5241307 elementor-section-boxed elementor-section-height-default elementor-section-height-default\" data-id=\"5241307\" data-element_type=\"section\">\n\t\t\t\t\t\t<div class=\"elementor-container elementor-column-gap-default\">\n\t\t\t\t\t<div class=\"elementor-column elementor-col-33 elementor-inner-column elementor-element elementor-element-5650f26\" data-id=\"5650f26\" data-element_type=\"column\">\n\t\t\t<div class=\"elementor-widget-wrap elementor-element-populated\">\n\t\t\t\t\t\t<div class=\"elementor-element elementor-element-0507f80 elementor-widget elementor-widget-image\" data-id=\"0507f80\" data-element_type=\"widget\" data-widget_type=\"image.default\">\n\t\t\t\t<div class=\"elementor-widget-container\">\n\t\t\t\t\t\t\t\t\t\t\t\t\t\t\t<img decoding=\"async\" src=\"https:\/\/www.miisoo.com\/wp-content\/uploads\/2020\/12\/MiisooDoll-Factory-Photo-12.jpg\" title=\"MiisooBaba-Gy\u00e1r-Fot\u00f3-12\" alt=\"MiisooBaba-Gy\u00e1r-Fot\u00f3-12\" loading=\"lazy\" \/>\t\t\t\t\t\t\t\t\t\t\t\t\t\t\t<\/div>\n\t\t\t\t<\/div>\n\t\t\t\t\t<\/div>\n\t\t<\/div>\n\t\t\t\t<div class=\"elementor-column elementor-col-33 elementor-inner-column elementor-element elementor-element-90b22a1\" data-id=\"90b22a1\" data-element_type=\"column\">\n\t\t\t<div class=\"elementor-widget-wrap elementor-element-populated\">\n\t\t\t\t\t\t<div class=\"elementor-element elementor-element-7d7d072 elementor-widget elementor-widget-image\" data-id=\"7d7d072\" data-element_type=\"widget\" data-widget_type=\"image.default\">\n\t\t\t\t<div class=\"elementor-widget-container\">\n\t\t\t\t\t\t\t\t\t\t\t\t\t\t\t<img decoding=\"async\" src=\"https:\/\/www.miisoo.com\/wp-content\/uploads\/2020\/12\/MiisooDoll-Factory-Photo-14.jpg\" title=\"MiisooBaba-Gy\u00e1r-Fot\u00f3-14\" alt=\"MiisooBaba-Gy\u00e1r-Fot\u00f3-14\" loading=\"lazy\" \/>\t\t\t\t\t\t\t\t\t\t\t\t\t\t\t<\/div>\n\t\t\t\t<\/div>\n\t\t\t\t\t<\/div>\n\t\t<\/div>\n\t\t\t\t<div class=\"elementor-column elementor-col-33 elementor-inner-column elementor-element elementor-element-2210f39\" data-id=\"2210f39\" data-element_type=\"column\">\n\t\t\t<div class=\"elementor-widget-wrap elementor-element-populated\">\n\t\t\t\t\t\t<div class=\"elementor-element elementor-element-5c8cee0 elementor-widget elementor-widget-image\" data-id=\"5c8cee0\" data-element_type=\"widget\" data-widget_type=\"image.default\">\n\t\t\t\t<div class=\"elementor-widget-container\">\n\t\t\t\t\t\t\t\t\t\t\t\t\t\t\t<img decoding=\"async\" src=\"https:\/\/www.miisoo.com\/wp-content\/uploads\/2020\/12\/MiisooDoll-Factory-Photo-11.jpg\" title=\"MiisooDoll-Factory-Fot\u00f3-11\" alt=\"MiisooDoll-Factory-Fot\u00f3-11\" loading=\"lazy\" \/>\t\t\t\t\t\t\t\t\t\t\t\t\t\t\t<\/div>\n\t\t\t\t<\/div>\n\t\t\t\t\t<\/div>\n\t\t<\/div>\n\t\t\t\t\t<\/div>\n\t\t<\/section>\n\t\t\t\t<div class=\"elementor-element elementor-element-147281d elementor-widget elementor-widget-spacer\" data-id=\"147281d\" data-element_type=\"widget\" data-widget_type=\"spacer.default\">\n\t\t\t\t<div class=\"elementor-widget-container\">\n\t\t\t\t\t\t\t<div class=\"elementor-spacer\">\n\t\t\t<div class=\"elementor-spacer-inner\"><\/div>\n\t\t<\/div>\n\t\t\t\t\t\t<\/div>\n\t\t\t\t<\/div>\n\t\t\t\t<section class=\"elementor-section elementor-inner-section elementor-element elementor-element-61dee82 elementor-section-boxed elementor-section-height-default elementor-section-height-default\" data-id=\"61dee82\" data-element_type=\"section\">\n\t\t\t\t\t\t<div class=\"elementor-container elementor-column-gap-default\">\n\t\t\t\t\t<div class=\"elementor-column elementor-col-25 elementor-inner-column elementor-element elementor-element-a43f58e\" data-id=\"a43f58e\" data-element_type=\"column\">\n\t\t\t<div class=\"elementor-widget-wrap elementor-element-populated\">\n\t\t\t\t\t\t<div class=\"elementor-element elementor-element-6008e44 elementor-widget elementor-widget-image\" data-id=\"6008e44\" data-element_type=\"widget\" data-widget_type=\"image.default\">\n\t\t\t\t<div class=\"elementor-widget-container\">\n\t\t\t\t\t\t\t\t\t\t\t\t\t\t\t<img decoding=\"async\" src=\"https:\/\/www.miisoo.com\/wp-content\/uploads\/2020\/12\/MiisooDoll-Factory-Photo-4.jpg\" title=\"MiisooDoll-Factory-Photo-4\" alt=\"MiisooDoll-Factory-Photo-4\" loading=\"lazy\" \/>\t\t\t\t\t\t\t\t\t\t\t\t\t\t\t<\/div>\n\t\t\t\t<\/div>\n\t\t\t\t<div class=\"elementor-element elementor-element-afc5383 elementor-widget elementor-widget-spacer\" data-id=\"afc5383\" data-element_type=\"widget\" data-widget_type=\"spacer.default\">\n\t\t\t\t<div class=\"elementor-widget-container\">\n\t\t\t\t\t\t\t<div class=\"elementor-spacer\">\n\t\t\t<div class=\"elementor-spacer-inner\"><\/div>\n\t\t<\/div>\n\t\t\t\t\t\t<\/div>\n\t\t\t\t<\/div>\n\t\t\t\t\t<\/div>\n\t\t<\/div>\n\t\t\t\t<div class=\"elementor-column elementor-col-25 elementor-inner-column elementor-element elementor-element-b0dde2c\" data-id=\"b0dde2c\" data-element_type=\"column\">\n\t\t\t<div class=\"elementor-widget-wrap elementor-element-populated\">\n\t\t\t\t\t\t<div class=\"elementor-element elementor-element-a7cb2ad elementor-widget elementor-widget-image\" data-id=\"a7cb2ad\" data-element_type=\"widget\" data-widget_type=\"image.default\">\n\t\t\t\t<div class=\"elementor-widget-container\">\n\t\t\t\t\t\t\t\t\t\t\t\t\t\t\t<img decoding=\"async\" src=\"https:\/\/www.miisoo.com\/wp-content\/uploads\/2020\/12\/MiisooDoll-Factory-Photo-3.jpg\" title=\"MiisooBaba-Gy\u00e1r-Fot\u00f3-3\" alt=\"MiisooBaba-Gy\u00e1r-Fot\u00f3-3\" loading=\"lazy\" \/>\t\t\t\t\t\t\t\t\t\t\t\t\t\t\t<\/div>\n\t\t\t\t<\/div>\n\t\t\t\t\t<\/div>\n\t\t<\/div>\n\t\t\t\t<div class=\"elementor-column elementor-col-25 elementor-inner-column elementor-element elementor-element-a9a3605\" data-id=\"a9a3605\" data-element_type=\"column\">\n\t\t\t<div class=\"elementor-widget-wrap elementor-element-populated\">\n\t\t\t\t\t\t<div class=\"elementor-element elementor-element-2f06d77 elementor-widget elementor-widget-image\" data-id=\"2f06d77\" data-element_type=\"widget\" data-widget_type=\"image.default\">\n\t\t\t\t<div class=\"elementor-widget-container\">\n\t\t\t\t\t\t\t\t\t\t\t\t\t\t\t<img decoding=\"async\" src=\"https:\/\/www.miisoo.com\/wp-content\/uploads\/2020\/12\/MiisooDoll-Factory-Photo-2.jpg\" title=\"MiisooBaba-Gy\u00e1r-Fot\u00f3-2\" alt=\"MiisooBaba-Gy\u00e1r-Fot\u00f3-2\" loading=\"lazy\" \/>\t\t\t\t\t\t\t\t\t\t\t\t\t\t\t<\/div>\n\t\t\t\t<\/div>\n\t\t\t\t\t<\/div>\n\t\t<\/div>\n\t\t\t\t<div class=\"elementor-column elementor-col-25 elementor-inner-column elementor-element elementor-element-3bc743a\" data-id=\"3bc743a\" data-element_type=\"column\">\n\t\t\t<div class=\"elementor-widget-wrap elementor-element-populated\">\n\t\t\t\t\t\t<div class=\"elementor-element elementor-element-39599f8 elementor-widget elementor-widget-image\" data-id=\"39599f8\" data-element_type=\"widget\" data-widget_type=\"image.default\">\n\t\t\t\t<div class=\"elementor-widget-container\">\n\t\t\t\t\t\t\t\t\t\t\t\t\t\t\t<img decoding=\"async\" src=\"https:\/\/www.miisoo.com\/wp-content\/uploads\/2020\/12\/MiisooDoll-Factory-Photo-1.jpg\" title=\"MiisooDoll-Factory-Fot\u00f3-1\" alt=\"MiisooDoll-Factory-Fot\u00f3-1\" loading=\"lazy\" \/>\t\t\t\t\t\t\t\t\t\t\t\t\t\t\t<\/div>\n\t\t\t\t<\/div>\n\t\t\t\t\t<\/div>\n\t\t<\/div>\n\t\t\t\t\t<\/div>\n\t\t<\/section>\n\t\t\t\t<section class=\"elementor-section elementor-inner-section elementor-element elementor-element-a03570f elementor-section-boxed elementor-section-height-default elementor-section-height-default\" data-id=\"a03570f\" data-element_type=\"section\">\n\t\t\t\t\t\t<div class=\"elementor-container elementor-column-gap-default\">\n\t\t\t\t\t<div class=\"elementor-column elementor-col-25 elementor-inner-column elementor-element elementor-element-6c63208\" data-id=\"6c63208\" data-element_type=\"column\">\n\t\t\t<div class=\"elementor-widget-wrap elementor-element-populated\">\n\t\t\t\t\t\t<div class=\"elementor-element elementor-element-88fdfc8 elementor-widget elementor-widget-image\" data-id=\"88fdfc8\" data-element_type=\"widget\" data-widget_type=\"image.default\">\n\t\t\t\t<div class=\"elementor-widget-container\">\n\t\t\t\t\t\t\t\t\t\t\t\t\t\t\t<img decoding=\"async\" src=\"https:\/\/www.miisoo.com\/wp-content\/uploads\/2020\/12\/MiisooDoll-Factory-Photo-16.jpg\" title=\"MiisooBaba-Gy\u00e1r-Fot\u00f3-16\" alt=\"MiisooBaba-Gy\u00e1r-Fot\u00f3-16\" loading=\"lazy\" \/>\t\t\t\t\t\t\t\t\t\t\t\t\t\t\t<\/div>\n\t\t\t\t<\/div>\n\t\t\t\t\t<\/div>\n\t\t<\/div>\n\t\t\t\t<div class=\"elementor-column elementor-col-25 elementor-inner-column elementor-element elementor-element-d0fdf66\" data-id=\"d0fdf66\" data-element_type=\"column\">\n\t\t\t<div class=\"elementor-widget-wrap elementor-element-populated\">\n\t\t\t\t\t\t<div class=\"elementor-element elementor-element-81563fb elementor-widget elementor-widget-image\" data-id=\"81563fb\" data-element_type=\"widget\" data-widget_type=\"image.default\">\n\t\t\t\t<div class=\"elementor-widget-container\">\n\t\t\t\t\t\t\t\t\t\t\t\t\t\t\t<img decoding=\"async\" src=\"https:\/\/www.miisoo.com\/wp-content\/uploads\/2020\/12\/MiisooDoll-Factory-Photo-5.jpg\" title=\"MiisooDoll-Factory-Photo-5\" alt=\"MiisooDoll-Factory-Photo-5\" loading=\"lazy\" \/>\t\t\t\t\t\t\t\t\t\t\t\t\t\t\t<\/div>\n\t\t\t\t<\/div>\n\t\t\t\t\t<\/div>\n\t\t<\/div>\n\t\t\t\t<div class=\"elementor-column elementor-col-25 elementor-inner-column elementor-element elementor-element-757f6c4\" data-id=\"757f6c4\" data-element_type=\"column\">\n\t\t\t<div class=\"elementor-widget-wrap elementor-element-populated\">\n\t\t\t\t\t\t<div class=\"elementor-element elementor-element-90ae2cc elementor-widget elementor-widget-image\" data-id=\"90ae2cc\" data-element_type=\"widget\" data-widget_type=\"image.default\">\n\t\t\t\t<div class=\"elementor-widget-container\">\n\t\t\t\t\t\t\t\t\t\t\t\t\t\t\t<img decoding=\"async\" src=\"https:\/\/www.miisoo.com\/wp-content\/uploads\/2020\/12\/MiisooDoll-Factory-Photo-7.jpg\" title=\"MiisooBaba-Gy\u00e1r-Fot\u00f3-7\" alt=\"MiisooBaba-Gy\u00e1r-Fot\u00f3-7\" loading=\"lazy\" \/>\t\t\t\t\t\t\t\t\t\t\t\t\t\t\t<\/div>\n\t\t\t\t<\/div>\n\t\t\t\t\t<\/div>\n\t\t<\/div>\n\t\t\t\t<div class=\"elementor-column elementor-col-25 elementor-inner-column elementor-element elementor-element-a32fec8\" data-id=\"a32fec8\" data-element_type=\"column\">\n\t\t\t<div class=\"elementor-widget-wrap elementor-element-populated\">\n\t\t\t\t\t\t<div class=\"elementor-element elementor-element-4ab314f elementor-widget elementor-widget-image\" data-id=\"4ab314f\" data-element_type=\"widget\" data-widget_type=\"image.default\">\n\t\t\t\t<div class=\"elementor-widget-container\">\n\t\t\t\t\t\t\t\t\t\t\t\t\t\t\t<img decoding=\"async\" src=\"https:\/\/www.miisoo.com\/wp-content\/uploads\/2020\/12\/MiisooDoll-Factory-Photo-6.jpg\" title=\"MiisooDoll-Factory-Photo-6\" alt=\"MiisooDoll-Factory-Photo-6\" loading=\"lazy\" \/>\t\t\t\t\t\t\t\t\t\t\t\t\t\t\t<\/div>\n\t\t\t\t<\/div>\n\t\t\t\t\t<\/div>\n\t\t<\/div>\n\t\t\t\t\t<\/div>\n\t\t<\/section>\n\t\t\t\t\t<\/div>\n\t\t<\/div>\n\t\t\t\t<div class=\"elementor-column elementor-col-33 elementor-top-column elementor-element elementor-element-6070460\" data-id=\"6070460\" data-element_type=\"column\">\n\t\t\t<div class=\"elementor-widget-wrap\">\n\t\t\t\t\t\t\t<\/div>\n\t\t<\/div>\n\t\t\t\t\t<\/div>\n\t\t<\/section>\n\t\t\t\t<section class=\"elementor-section elementor-top-section elementor-element elementor-element-7ac3120 elementor-section-boxed elementor-section-height-default elementor-section-height-default\" data-id=\"7ac3120\" data-element_type=\"section\">\n\t\t\t\t\t\t<div class=\"elementor-container elementor-column-gap-default\">\n\t\t\t\t\t<div class=\"elementor-column elementor-col-100 elementor-top-column elementor-element elementor-element-bef5853\" data-id=\"bef5853\" data-element_type=\"column\">\n\t\t\t<div class=\"elementor-widget-wrap\">\n\t\t\t\t\t\t\t<\/div>\n\t\t<\/div>\n\t\t\t\t\t<\/div>\n\t\t<\/section>\n\t\t\t\t<\/div>","protected":false},"excerpt":{"rendered":"<p>We don\u2019t recommend cheaping out or too expensive when it comes to a sex doll. Sex dolls are not just for sex but also for love, companionship, cuddling, photography, and so much more. You want something that looks good, feels good and lasts for years. That\u2019s why it\u2019s important to buy an authentic doll from&hellip;<\/p>","protected":false},"author":455,"featured_media":0,"parent":0,"menu_order":0,"comment_status":"closed","ping_status":"open","template":"","meta":{"footnotes":""},"class_list":["post-4487","page","type-page","status-publish","hentry"],"yoast_head":"<!-- This site is optimized with the Yoast SEO Premium plugin v22.6 (Yoast SEO v22.9) - https:\/\/yoast.com\/wordpress\/plugins\/seo\/ -->\n<title>Sex Doll Factory Photos - MiisooDoll<\/title>\n<meta name=\"description\" content=\"The following images shows us from our MiisooDoll factory. These factory photos show our production workshops and doll photos\" \/>\n<meta name=\"robots\" content=\"index, follow, max-snippet:-1, max-image-preview:large, max-video-preview:-1\" \/>\n<link rel=\"canonical\" href=\"https:\/\/www.miisoo.com\/hu\/factory-photos\/\" \/>\n<meta property=\"og:locale\" content=\"hu_HU\" \/>\n<meta property=\"og:type\" content=\"article\" \/>\n<meta property=\"og:title\" content=\"Factory Photos\" \/>\n<meta property=\"og:description\" content=\"The following images shows us from our MiisooDoll factory. These factory photos show our production workshops and doll photos\" \/>\n<meta property=\"og:url\" content=\"https:\/\/www.miisoo.com\/hu\/factory-photos\/\" \/>\n<meta property=\"og:site_name\" content=\"MiisooDoll\" \/>\n<meta property=\"article:publisher\" content=\"https:\/\/www.facebook.com\/miisoodoll\" \/>\n<meta property=\"article:modified_time\" content=\"2021-05-12T02:35:54+00:00\" \/>\n<meta property=\"og:image\" content=\"https:\/\/www.miisoo.com\/wp-content\/uploads\/2020\/12\/MiisooDoll-Factory-Photo-9.jpg\" \/>\n<meta name=\"twitter:card\" content=\"summary_large_image\" \/>\n<meta name=\"twitter:site\" content=\"@MiisooSexDolls\" \/>\n<meta name=\"twitter:label1\" content=\"Becs\u00fclt olvas\u00e1si id\u0151\" \/>\n\t<meta name=\"twitter:data1\" content=\"4 perc\" \/>\n<!-- \/ Yoast SEO Premium plugin. -->","yoast_head_json":{"title":"Sex Doll Factory Photos - MiisooDoll","description":"The following images shows us from our MiisooDoll factory. These factory photos show our production workshops and doll photos","robots":{"index":"index","follow":"follow","max-snippet":"max-snippet:-1","max-image-preview":"max-image-preview:large","max-video-preview":"max-video-preview:-1"},"canonical":"https:\/\/www.miisoo.com\/hu\/factory-photos\/","og_locale":"hu_HU","og_type":"article","og_title":"Factory Photos","og_description":"The following images shows us from our MiisooDoll factory. These factory photos show our production workshops and doll photos","og_url":"https:\/\/www.miisoo.com\/hu\/factory-photos\/","og_site_name":"MiisooDoll","article_publisher":"https:\/\/www.facebook.com\/miisoodoll","article_modified_time":"2021-05-12T02:35:54+00:00","og_image":[{"url":"https:\/\/www.miisoo.com\/wp-content\/uploads\/2020\/12\/MiisooDoll-Factory-Photo-9.jpg"}],"twitter_card":"summary_large_image","twitter_site":"@MiisooSexDolls","twitter_misc":{"Becs\u00fclt olvas\u00e1si id\u0151":"4 perc"},"schema":{"@context":"https:\/\/schema.org","@graph":[{"@type":"WebPage","@id":"https:\/\/www.miisoo.com\/es\/factory-photos\/","url":"https:\/\/www.miisoo.com\/es\/factory-photos\/","name":"Sex Doll Factory Photos - MiisooDoll","isPartOf":{"@id":"https:\/\/www.miisoo.com\/#website"},"primaryImageOfPage":{"@id":"https:\/\/www.miisoo.com\/es\/factory-photos\/#primaryimage"},"image":{"@id":"https:\/\/www.miisoo.com\/es\/factory-photos\/#primaryimage"},"thumbnailUrl":"https:\/\/www.miisoo.com\/wp-content\/uploads\/2020\/12\/MiisooDoll-Factory-Photo-9.jpg","datePublished":"2020-09-16T06:30:21+00:00","dateModified":"2021-05-12T02:35:54+00:00","description":"The following images shows us from our MiisooDoll factory. These factory photos show our production workshops and doll photos","breadcrumb":{"@id":"https:\/\/www.miisoo.com\/es\/factory-photos\/#breadcrumb"},"inLanguage":"hu","potentialAction":[{"@type":"ReadAction","target":["https:\/\/www.miisoo.com\/es\/factory-photos\/"]}]},{"@type":"ImageObject","inLanguage":"hu","@id":"https:\/\/www.miisoo.com\/es\/factory-photos\/#primaryimage","url":"https:\/\/www.miisoo.com\/wp-content\/uploads\/2020\/12\/MiisooDoll-Factory-Photo-9.jpg","contentUrl":"https:\/\/www.miisoo.com\/wp-content\/uploads\/2020\/12\/MiisooDoll-Factory-Photo-9.jpg"},{"@type":"BreadcrumbList","@id":"https:\/\/www.miisoo.com\/es\/factory-photos\/#breadcrumb","itemListElement":[{"@type":"ListItem","position":1,"name":"Home","item":"https:\/\/www.miisoo.com\/"},{"@type":"ListItem","position":2,"name":"Factory Photos"}]},{"@type":"WebSite","@id":"https:\/\/www.miisoo.com\/#website","url":"https:\/\/www.miisoo.com\/","name":"MiisooDoll","description":"Sexual Doll, Real Sex Dolls, Love Doll, Best Sex Dolls","publisher":{"@id":"https:\/\/www.miisoo.com\/#organization"},"potentialAction":[{"@type":"SearchAction","target":{"@type":"EntryPoint","urlTemplate":"https:\/\/www.miisoo.com\/?s={search_term_string}"},"query-input":"required name=search_term_string"}],"inLanguage":"hu"},{"@type":"Organization","@id":"https:\/\/www.miisoo.com\/#organization","name":"MiisooDoll","url":"https:\/\/www.miisoo.com\/","logo":{"@type":"ImageObject","inLanguage":"hu","@id":"https:\/\/www.miisoo.com\/#\/schema\/logo\/image\/","url":"https:\/\/www.miisoo.com\/wp-content\/uploads\/2020\/09\/logo-botton.png","contentUrl":"https:\/\/www.miisoo.com\/wp-content\/uploads\/2020\/09\/logo-botton.png","width":181,"height":42,"caption":"MiisooDoll"},"image":{"@id":"https:\/\/www.miisoo.com\/#\/schema\/logo\/image\/"},"sameAs":["https:\/\/www.facebook.com\/miisoodoll","https:\/\/x.com\/MiisooSexDolls"]}]}},"_links":{"self":[{"href":"https:\/\/www.miisoo.com\/hu\/wp-json\/wp\/v2\/pages\/4487","targetHints":{"allow":["GET"]}}],"collection":[{"href":"https:\/\/www.miisoo.com\/hu\/wp-json\/wp\/v2\/pages"}],"about":[{"href":"https:\/\/www.miisoo.com\/hu\/wp-json\/wp\/v2\/types\/page"}],"author":[{"embeddable":true,"href":"https:\/\/www.miisoo.com\/hu\/wp-json\/wp\/v2\/users\/455"}],"replies":[{"embeddable":true,"href":"https:\/\/www.miisoo.com\/hu\/wp-json\/wp\/v2\/comments?post=4487"}],"version-history":[{"count":0,"href":"https:\/\/www.miisoo.com\/hu\/wp-json\/wp\/v2\/pages\/4487\/revisions"}],"wp:attachment":[{"href":"https:\/\/www.miisoo.com\/hu\/wp-json\/wp\/v2\/media?parent=4487"}],"curies":[{"name":"wp","href":"https:\/\/api.w.org\/{rel}","templated":true}]}}