{"id":4354,"date":"2020-09-14T15:26:53","date_gmt":"2020-09-14T07:26:53","guid":{"rendered":"http:\/\/miisoo.com\/?page_id=4354"},"modified":"2023-12-22T20:13:49","modified_gmt":"2023-12-22T12:13:49","slug":"return-policy","status":"publish","type":"page","link":"https:\/\/www.miisoo.com\/hu\/return-policy\/","title":{"rendered":"Visszak\u00fcld\u00e9si szab\u00e1lyzat"},"content":{"rendered":"<div data-elementor-type=\"wp-page\" data-elementor-id=\"4354\" class=\"elementor elementor-4354\" data-elementor-post-type=\"page\">\n\t\t\t\t\t\t<section class=\"elementor-section elementor-top-section elementor-element elementor-element-c76458e elementor-section-boxed elementor-section-height-default elementor-section-height-default\" data-id=\"c76458e\" data-element_type=\"section\">\n\t\t\t\t\t\t<div class=\"elementor-container elementor-column-gap-default\">\n\t\t\t\t\t<div class=\"elementor-column elementor-col-25 elementor-top-column elementor-element elementor-element-8b5e8e1\" data-id=\"8b5e8e1\" data-element_type=\"column\">\n\t\t\t<div class=\"elementor-widget-wrap\">\n\t\t\t\t\t\t\t<\/div>\n\t\t<\/div>\n\t\t\t\t<div class=\"elementor-column elementor-col-50 elementor-top-column elementor-element elementor-element-5afa608\" data-id=\"5afa608\" data-element_type=\"column\">\n\t\t\t<div class=\"elementor-widget-wrap elementor-element-populated\">\n\t\t\t\t\t\t<div class=\"elementor-element elementor-element-1111958 elementor-widget elementor-widget-text-editor\" data-id=\"1111958\" data-element_type=\"widget\" data-widget_type=\"text-editor.default\">\n\t\t\t\t<div class=\"elementor-widget-container\">\n\t\t\t\t\t\t\t\t\t<p><strong>100% El\u00e9gedetts\u00e9gi garancia<\/strong><\/p>\n<p>Garant\u00e1ljuk a legjobb term\u00e9keket a legalacsonyabb \u00e1ron. A szexbaba term\u00e9szete \u00e9s az \u00fcgyf\u00e9l szem\u00e9lyre szabott d\u00f6nt\u00e9sei miatt a MIISOO azt az ir\u00e1nyelvet alkalmazza, hogy a visszak\u00fcld\u00e9st nem fogadj\u00e1k el, kiv\u00e9ve, ha gy\u00e1ri hib\u00e1r\u00f3l van sz\u00f3. Csak abban az esetben \u00e1ll m\u00f3dunkban visszak\u00fcldeni, ha a mi hib\u00e1nkb\u00f3l kifoly\u00f3lag hib\u00e1s term\u00e9ket kapt\u00e1l, vagy ha hib\u00e1s term\u00e9ket kapt\u00e1l. (norm\u00e1l gy\u00e1rt\u00e1si \u00e9s sz\u00e1ll\u00edt\u00e1si id\u0151k \u00e9rv\u00e9nyesek). A szem\u00e9lyre szabott haj, a baba szeme sz\u00edne, vagy b\u00e1rmilyen egy\u00e9b k\u00e9rd\u00e9s eset\u00e9n keressen minket az service@miisoo.com e-mail c\u00edmen.<\/p>\n<p>Az \u00d6n bab\u00e1j\u00e1t egyedileg k\u00e9sz\u00edtj\u00fck gy\u00e1runkban, az \u00d6n \u00e1ltal kiv\u00e1lasztott speci\u00e1lis baba opci\u00f3kkal. Mivel a szexbab\u00e1ja egy egyedi term\u00e9k, amelyet csak az \u00d6n sz\u00e1m\u00e1ra k\u00e9sz\u00edtettek, a baba gy\u00e1rt\u00e1s\u00e1nak megkezd\u00e9se ut\u00e1n a rendel\u00e9st nem lehet t\u00f6r\u00f6lni, kiv\u00e9ve ha fontos ok.<\/p>\n<p>Ha az Elad\u00f3 rendk\u00edv\u00fcli okb\u00f3l az el\u00e1ll\u00e1st a 24 \u00f3r\u00e1s lemond\u00e1si id\u0151 letelte ut\u00e1n elfogadja. Az el\u00e1ll\u00e1s az Elad\u00f3 \u00e1ltal a Term\u00e9krendel\u00e9s \u00e9rt\u00e9k\u00e9nek h\u00fasz sz\u00e1zal\u00e9kos (20.0%) k\u00e9szletfelt\u00f6lt\u00e9si d\u00edjat (\u201eRestocking d\u00edj\u201d) terheli. Az SRSD visszat\u00e9r\u00edti a Vev\u0151nek a befizetett \u00f6sszeget, levonva a k\u00e9szletfelt\u00f6lt\u00e9si d\u00edjat a Vev\u0151 eredeti fizet\u00e9si m\u00f3dj\u00e1ra, \u00e9s egy\u00e9b d\u00edjak is felmer\u00fclhetnek, p\u00e9ld\u00e1ul feldolgoz\u00e1si \u00e9s tranzakci\u00f3s d\u00edjak.<\/p>\n<p><strong>K\u00e9zbes\u00edthetetlen rendel\u00e9sek<\/strong><\/p>\n<p>K\u00e9rj\u00fck, \u00fcgyeljen a sz\u00e1ll\u00edt\u00e1si adatok megad\u00e1s\u00e1ra. Pontosan azt adja meg, hogyan nyomtatj\u00e1k ki a sz\u00e1ll\u00edt\u00e1si c\u00edmk\u00e9t. A k\u00e9zbes\u00edthetetlenk\u00e9nt visszak\u00fcld\u00f6tt megrendel\u00e9sek 20% feldolgoz\u00e1si d\u00edjat vonnak maguk ut\u00e1n, \u00e9s a sz\u00e1ll\u00edt\u00e1si visszat\u00e9r\u00edt\u00e9st nem adjuk ki. Kattintson ide, ha kapcsolatba szeretne l\u00e9pni az \u00dcgyf\u00e9lszolg\u00e1lattal.<\/p>\n<p><strong>FIGYELEM:<\/strong>&nbsp;A szexj\u00e1t\u00e9kokra vonatkoz\u00f3 t\u00f6rv\u00e9nyek el\u0151\u00edrj\u00e1k, hogy nem fogadhatjuk el a haszn\u00e1lt baba visszak\u00fcld\u00e9s\u00e9t. Ez\u00e9rt k\u00e9rj\u00fck, vegye figyelembe, hogy amint szexel a bab\u00e1val, a baba visszak\u00fcld\u00e9se t\u00f6bb\u00e9 nem lehets\u00e9ges. A visszavitt bab\u00e1t sz\u00e1j-, h\u00fcvely- \u00e9s v\u00e9gb\u00e9lvizsg\u00e1latnak vetik al\u00e1, valamint szexu\u00e1lis folyad\u00e9kok vizsg\u00e1lat\u00e1t. Ha olyan bab\u00e1t k\u00fcldt\u00e9l vissza, amelynek szexu\u00e1lis folyad\u00e9kaira pozit\u00edv a teszt, a bab\u00e1t megsemmis\u00edtj\u00fck, \u00e9s NEM kapsz visszat\u00e9r\u00edt\u00e9st.<\/p>\n<p>Sajnos a nem rendeltet\u00e9sszer\u0171 haszn\u00e1lat k\u00f6vetkezt\u00e9ben megs\u00e9r\u00fclt term\u00e9kek nem jogosultak visszak\u00fcld\u00e9sre vagy visszat\u00e9r\u00edt\u00e9sre, f\u00fcggetlen\u00fcl a term\u00e9k haszn\u00e1lat\u00e1nak id\u0151tartam\u00e1t\u00f3l. A szexbab\u00e1k nem elpuszt\u00edthatatlanok. A haszn\u00e1lat \u00e9s a kezel\u00e9s sor\u00e1n k\u00f6r\u00fcltekint\u0151en \u00e9s j\u00f3zan \u00e9szre van sz\u00fcks\u00e9g. A TPE bab\u00e1k gondoz\u00e1s\u00e1val \u00e9s karbantart\u00e1s\u00e1val kapcsolatos tov\u00e1bbi inform\u00e1ci\u00f3k\u00e9rt k\u00e9rj\u00fck, k\u00f6vesse ezt a linket.<\/p>\n<p>Az \u00fcgyfelek el\u00e9gedetts\u00e9ge nagyon fontos sz\u00e1munkra. Ha b\u00e1rmilyen probl\u00e9m\u00e1ja van a rendel\u00e9s\u00e9vel, k\u00e9rj\u00fck, vegye fel vel\u00fcnk a kapcsolatot, \u00e9s mindent megtesz\u00fcnk a probl\u00e9ma azonnali elh\u00e1r\u00edt\u00e1sa \u00e9rdek\u00e9ben.<\/p>\t\t\t\t\t\t\t\t<\/div>\n\t\t\t\t<\/div>\n\t\t\t\t\t<\/div>\n\t\t<\/div>\n\t\t\t\t<div class=\"elementor-column elementor-col-25 elementor-top-column elementor-element elementor-element-df603f8\" data-id=\"df603f8\" data-element_type=\"column\">\n\t\t\t<div class=\"elementor-widget-wrap\">\n\t\t\t\t\t\t\t<\/div>\n\t\t<\/div>\n\t\t\t\t\t<\/div>\n\t\t<\/section>\n\t\t\t\t<\/div>","protected":false},"excerpt":{"rendered":"<p>100% Satisfaction Guarantee We guarantee the best products at the lowest prices. Because of the nature of the sex doll and because of the personalized choices of the client regarding the doll, MIISOO runs the policy that there is no return accepted unless there is a factory defect. Returns are granted only if you have&hellip;<\/p>","protected":false},"author":455,"featured_media":0,"parent":0,"menu_order":0,"comment_status":"closed","ping_status":"open","template":"","meta":{"footnotes":""},"class_list":["post-4354","page","type-page","status-publish","hentry"],"yoast_head":"<!-- This site is optimized with the Yoast SEO Premium plugin v22.6 (Yoast SEO v22.9) - https:\/\/yoast.com\/wordpress\/plugins\/seo\/ -->\n<title>Miisoo Return Policy | Miisoo Sex Dolls | MiisooDoll<\/title>\n<meta name=\"description\" content=\"Explore Miisoo&#039;s transparent return policy for sex dolls. Your satisfaction is our priority. Discover worry-free shopping with MiisooDoll. Shop confidently.\" \/>\n<meta name=\"robots\" content=\"index, follow, max-snippet:-1, max-image-preview:large, max-video-preview:-1\" \/>\n<link rel=\"canonical\" href=\"https:\/\/www.miisoo.com\/hu\/return-policy\/\" \/>\n<meta property=\"og:locale\" content=\"hu_HU\" \/>\n<meta property=\"og:type\" content=\"article\" \/>\n<meta property=\"og:title\" content=\"Return Policy\" \/>\n<meta property=\"og:description\" content=\"Explore Miisoo&#039;s transparent return policy for sex dolls. Your satisfaction is our priority. Discover worry-free shopping with MiisooDoll. Shop confidently.\" \/>\n<meta property=\"og:url\" content=\"https:\/\/www.miisoo.com\/hu\/return-policy\/\" \/>\n<meta property=\"og:site_name\" content=\"MiisooDoll\" \/>\n<meta property=\"article:publisher\" content=\"https:\/\/www.facebook.com\/miisoodoll\" \/>\n<meta property=\"article:modified_time\" content=\"2023-12-22T12:13:49+00:00\" \/>\n<meta name=\"twitter:card\" content=\"summary_large_image\" \/>\n<meta name=\"twitter:site\" content=\"@MiisooSexDolls\" \/>\n<meta name=\"twitter:label1\" content=\"Becs\u00fclt olvas\u00e1si id\u0151\" \/>\n\t<meta name=\"twitter:data1\" content=\"2 perc\" \/>\n<!-- \/ Yoast SEO Premium plugin. -->","yoast_head_json":{"title":"Miisoo Return Policy | Miisoo Sex Dolls | MiisooDoll","description":"Explore Miisoo's transparent return policy for sex dolls. Your satisfaction is our priority. Discover worry-free shopping with MiisooDoll. Shop confidently.","robots":{"index":"index","follow":"follow","max-snippet":"max-snippet:-1","max-image-preview":"max-image-preview:large","max-video-preview":"max-video-preview:-1"},"canonical":"https:\/\/www.miisoo.com\/hu\/return-policy\/","og_locale":"hu_HU","og_type":"article","og_title":"Return Policy","og_description":"Explore Miisoo's transparent return policy for sex dolls. Your satisfaction is our priority. Discover worry-free shopping with MiisooDoll. Shop confidently.","og_url":"https:\/\/www.miisoo.com\/hu\/return-policy\/","og_site_name":"MiisooDoll","article_publisher":"https:\/\/www.facebook.com\/miisoodoll","article_modified_time":"2023-12-22T12:13:49+00:00","twitter_card":"summary_large_image","twitter_site":"@MiisooSexDolls","twitter_misc":{"Becs\u00fclt olvas\u00e1si id\u0151":"2 perc"},"schema":{"@context":"https:\/\/schema.org","@graph":[{"@type":"WebPage","@id":"https:\/\/www.miisoo.com\/return-policy\/","url":"https:\/\/www.miisoo.com\/return-policy\/","name":"Miisoo Return Policy | Miisoo Sex Dolls | MiisooDoll","isPartOf":{"@id":"https:\/\/www.miisoo.com\/#website"},"datePublished":"2020-09-14T07:26:53+00:00","dateModified":"2023-12-22T12:13:49+00:00","description":"Explore Miisoo's transparent return policy for sex dolls. Your satisfaction is our priority. Discover worry-free shopping with MiisooDoll. Shop confidently.","breadcrumb":{"@id":"https:\/\/www.miisoo.com\/return-policy\/#breadcrumb"},"inLanguage":"hu","potentialAction":[{"@type":"ReadAction","target":["https:\/\/www.miisoo.com\/return-policy\/"]}]},{"@type":"BreadcrumbList","@id":"https:\/\/www.miisoo.com\/return-policy\/#breadcrumb","itemListElement":[{"@type":"ListItem","position":1,"name":"Home","item":"https:\/\/www.miisoo.com\/"},{"@type":"ListItem","position":2,"name":"Return Policy"}]},{"@type":"WebSite","@id":"https:\/\/www.miisoo.com\/#website","url":"https:\/\/www.miisoo.com\/","name":"MiisooDoll","description":"Sexual Doll, Real Sex Dolls, Love Doll, Best Sex Dolls","publisher":{"@id":"https:\/\/www.miisoo.com\/#organization"},"potentialAction":[{"@type":"SearchAction","target":{"@type":"EntryPoint","urlTemplate":"https:\/\/www.miisoo.com\/?s={search_term_string}"},"query-input":"required name=search_term_string"}],"inLanguage":"hu"},{"@type":"Organization","@id":"https:\/\/www.miisoo.com\/#organization","name":"MiisooDoll","url":"https:\/\/www.miisoo.com\/","logo":{"@type":"ImageObject","inLanguage":"hu","@id":"https:\/\/www.miisoo.com\/#\/schema\/logo\/image\/","url":"https:\/\/www.miisoo.com\/wp-content\/uploads\/2020\/09\/logo-botton.png","contentUrl":"https:\/\/www.miisoo.com\/wp-content\/uploads\/2020\/09\/logo-botton.png","width":181,"height":42,"caption":"MiisooDoll"},"image":{"@id":"https:\/\/www.miisoo.com\/#\/schema\/logo\/image\/"},"sameAs":["https:\/\/www.facebook.com\/miisoodoll","https:\/\/x.com\/MiisooSexDolls"]}]}},"_links":{"self":[{"href":"https:\/\/www.miisoo.com\/hu\/wp-json\/wp\/v2\/pages\/4354","targetHints":{"allow":["GET"]}}],"collection":[{"href":"https:\/\/www.miisoo.com\/hu\/wp-json\/wp\/v2\/pages"}],"about":[{"href":"https:\/\/www.miisoo.com\/hu\/wp-json\/wp\/v2\/types\/page"}],"author":[{"embeddable":true,"href":"https:\/\/www.miisoo.com\/hu\/wp-json\/wp\/v2\/users\/455"}],"replies":[{"embeddable":true,"href":"https:\/\/www.miisoo.com\/hu\/wp-json\/wp\/v2\/comments?post=4354"}],"version-history":[{"count":1,"href":"https:\/\/www.miisoo.com\/hu\/wp-json\/wp\/v2\/pages\/4354\/revisions"}],"predecessor-version":[{"id":34672,"href":"https:\/\/www.miisoo.com\/hu\/wp-json\/wp\/v2\/pages\/4354\/revisions\/34672"}],"wp:attachment":[{"href":"https:\/\/www.miisoo.com\/hu\/wp-json\/wp\/v2\/media?parent=4354"}],"curies":[{"name":"wp","href":"https:\/\/api.w.org\/{rel}","templated":true}]}}