{"id":4349,"date":"2020-09-14T15:08:14","date_gmt":"2020-09-14T07:08:14","guid":{"rendered":"http:\/\/miisoo.com\/?page_id=4349"},"modified":"2023-12-22T20:05:14","modified_gmt":"2023-12-22T12:05:14","slug":"shipping-guide","status":"publish","type":"page","link":"https:\/\/www.miisoo.com\/hu\/shipping-guide\/","title":{"rendered":"Sz\u00e1ll\u00edt\u00e1si \u00fatmutat\u00f3"},"content":{"rendered":"<div data-elementor-type=\"wp-post\" data-elementor-id=\"4349\" class=\"elementor elementor-4349\" data-elementor-post-type=\"page\">\n\t\t\t\t\t\t<section class=\"elementor-section elementor-top-section elementor-element elementor-element-499101e2 elementor-section-full_width elementor-section-stretched elementor-section-height-default elementor-section-height-default\" data-id=\"499101e2\" data-element_type=\"section\" data-settings=\"{&quot;stretch_section&quot;:&quot;section-stretched&quot;}\">\n\t\t\t\t\t\t<div class=\"elementor-container elementor-column-gap-no\">\n\t\t\t\t\t<div class=\"elementor-column elementor-col-100 elementor-top-column elementor-element elementor-element-3ca9cf60\" data-id=\"3ca9cf60\" data-element_type=\"column\">\n\t\t\t<div class=\"elementor-widget-wrap elementor-element-populated\">\n\t\t\t\t\t\t<div class=\"elementor-element elementor-element-54251667 elementor-widget elementor-widget-image\" data-id=\"54251667\" data-element_type=\"widget\" data-widget_type=\"image.default\">\n\t\t\t\t<div class=\"elementor-widget-container\">\n\t\t\t\t\t\t\t\t\t\t\t\t\t\t\t<img fetchpriority=\"high\" decoding=\"async\" width=\"1536\" height=\"480\" src=\"https:\/\/www.miisoo.com\/wp-content\/uploads\/2020\/12\/banner-sex-doll-1.jpg\" class=\"attachment-full size-full wp-image-7398\" alt=\"\" srcset=\"https:\/\/www.miisoo.com\/wp-content\/uploads\/2020\/12\/banner-sex-doll-1.jpg 1536w, https:\/\/www.miisoo.com\/wp-content\/uploads\/2020\/12\/banner-sex-doll-1-300x94.jpg 300w, https:\/\/www.miisoo.com\/wp-content\/uploads\/2020\/12\/banner-sex-doll-1-1024x320.jpg 1024w, https:\/\/www.miisoo.com\/wp-content\/uploads\/2020\/12\/banner-sex-doll-1-768x240.jpg 768w, https:\/\/www.miisoo.com\/wp-content\/uploads\/2020\/12\/banner-sex-doll-1-370x116.jpg 370w, https:\/\/www.miisoo.com\/wp-content\/uploads\/2020\/12\/banner-sex-doll-1-600x188.jpg 600w\" sizes=\"(max-width: 1536px) 100vw, 1536px\" \/>\t\t\t\t\t\t\t\t\t\t\t\t\t\t\t<\/div>\n\t\t\t\t<\/div>\n\t\t\t\t<div class=\"elementor-element elementor-element-a61e060 elementor-widget elementor-widget-spacer\" data-id=\"a61e060\" data-element_type=\"widget\" data-widget_type=\"spacer.default\">\n\t\t\t\t<div class=\"elementor-widget-container\">\n\t\t\t\t\t\t\t<div class=\"elementor-spacer\">\n\t\t\t<div class=\"elementor-spacer-inner\"><\/div>\n\t\t<\/div>\n\t\t\t\t\t\t<\/div>\n\t\t\t\t<\/div>\n\t\t\t\t\t<\/div>\n\t\t<\/div>\n\t\t\t\t\t<\/div>\n\t\t<\/section>\n\t\t\t\t<section class=\"elementor-section elementor-top-section elementor-element elementor-element-3ff6745a elementor-section-boxed elementor-section-height-default elementor-section-height-default\" data-id=\"3ff6745a\" data-element_type=\"section\">\n\t\t\t\t\t\t<div class=\"elementor-container elementor-column-gap-extended\">\n\t\t\t\t\t<div class=\"elementor-column elementor-col-33 elementor-top-column elementor-element elementor-element-5847672a\" data-id=\"5847672a\" data-element_type=\"column\">\n\t\t\t<div class=\"elementor-widget-wrap\">\n\t\t\t\t\t\t\t<\/div>\n\t\t<\/div>\n\t\t\t\t<div class=\"elementor-column elementor-col-33 elementor-top-column elementor-element elementor-element-31cd9c6a\" data-id=\"31cd9c6a\" data-element_type=\"column\">\n\t\t\t<div class=\"elementor-widget-wrap elementor-element-populated\">\n\t\t\t\t\t\t<div class=\"elementor-element elementor-element-4596bb93 elementor-widget elementor-widget-heading\" data-id=\"4596bb93\" data-element_type=\"widget\" data-widget_type=\"heading.default\">\n\t\t\t\t<div class=\"elementor-widget-container\">\n\t\t\t\t\t<h1 class=\"elementor-heading-title elementor-size-default\">Sz\u00e1ll\u00edt\u00e1si \u00fatmutat\u00f3<\/h1>\t\t\t\t<\/div>\n\t\t\t\t<\/div>\n\t\t\t\t<div class=\"elementor-element elementor-element-24950485 elementor-widget elementor-widget-spacer\" data-id=\"24950485\" data-element_type=\"widget\" data-widget_type=\"spacer.default\">\n\t\t\t\t<div class=\"elementor-widget-container\">\n\t\t\t\t\t\t\t<div class=\"elementor-spacer\">\n\t\t\t<div class=\"elementor-spacer-inner\"><\/div>\n\t\t<\/div>\n\t\t\t\t\t\t<\/div>\n\t\t\t\t<\/div>\n\t\t\t\t<div class=\"elementor-element elementor-element-d352fa4 elementor-widget elementor-widget-text-editor\" data-id=\"d352fa4\" data-element_type=\"widget\" data-widget_type=\"text-editor.default\">\n\t\t\t\t<div class=\"elementor-widget-container\">\n\t\t\t\t\t\t\t\t\t<p><strong>Sz\u00e1ll\u00edt\u00e1si id\u0151keret<\/strong><\/p>\n<p>5-12 munkanapon bel\u00fcl h\u00e1zhoz sz\u00e1ll\u00edtjuk bab\u00e1j\u00e1t:<\/p>\n<p>\u2013 A gy\u00e1rt\u00e1s 1-3 munkanapot vesz ig\u00e9nybe<\/p>\n<p>- A sz\u00e1ll\u00edt\u00e1s 5-12 napot vesz ig\u00e9nybe (helyt\u0151l f\u00fcgg\u0151en)<\/p>\n<p>Megjegyz\u00e9s: Egyes bab\u00e1k eset\u00e9ben ak\u00e1r 3 h\u00e9t is eltarthat (2 h\u00e9t gy\u00e1rt\u00e1si id\u0151 \u00e9s 5-12 nap a sz\u00e1ll\u00edt\u00e1s). Tov\u00e1bbi inform\u00e1ci\u00f3\u00e9rt k\u00e9rj\u00fck, vegye fel vel\u00fcnk a kapcsolatot e-mailben az service@miisoo.com telefonsz\u00e1mon<\/p>\n<p>Nyomk\u00f6vet\u00e9si sz\u00e1mot adunk meg, amint a t\u00e9tel k\u00e9szen \u00e1ll a sz\u00e1ll\u00edt\u00e1sra. A sz\u00e1ll\u00edt\u00e1s sor\u00e1n minden l\u00e9p\u00e9sben nyomon k\u00f6vetheti term\u00e9k\u00e9t.<\/p>\t\t\t\t\t\t\t\t<\/div>\n\t\t\t\t<\/div>\n\t\t\t\t<div class=\"elementor-element elementor-element-70a5110 elementor-widget elementor-widget-text-editor\" data-id=\"70a5110\" data-element_type=\"widget\" data-widget_type=\"text-editor.default\">\n\t\t\t\t<div class=\"elementor-widget-container\">\n\t\t\t\t\t\t\t\t\t<p><strong>Sz\u00e1ll\u00edt\u00e1si M\u00f3d<\/strong><\/p><p>A baba kisz\u00e1ll\u00edt\u00e1s\u00e1t k\u00f6vet\u0151en k\u00fcld\u00fcnk egy nyomk\u00f6vet\u00e9si sz\u00e1mot az e-mail fi\u00f3kj\u00e1ba, a FedEx\/UPS-t \u00e9s a DHL-t pedig a sz\u00e1ll\u00edt\u00e1s felgyors\u00edt\u00e1s\u00e1ra \u00e9s a biztons\u00e1gos sz\u00e1ll\u00edt\u00e1s garant\u00e1l\u00e1s\u00e1ra haszn\u00e1ljuk. A dobozon nincs c\u00edmk\u00e9z\u00e9s, amely felfedhetn\u00e9 a tartalmat, \u00e9s ha \u00fagy szeretn\u00e9, az \u00d6n c\u00edme helyett egy FedEx\/UPS \u00fczletbe sz\u00e1ll\u00edtjuk, \u00edgy a k\u00edv\u00e1nt id\u0151pontban \u00e1tveheti szerelmes bab\u00e1j\u00e1t.<\/p>\t\t\t\t\t\t\t\t<\/div>\n\t\t\t\t<\/div>\n\t\t\t\t<div class=\"elementor-element elementor-element-7539c4d elementor-widget elementor-widget-text-editor\" data-id=\"7539c4d\" data-element_type=\"widget\" data-widget_type=\"text-editor.default\">\n\t\t\t\t<div class=\"elementor-widget-container\">\n\t\t\t\t\t\t\t\t\t<p>Mivel a szexbaba term\u00e9kek k\u00fcl\u00f6nlegesek \u00e9s bonyolult munkafolyamatokat ig\u00e9nyelnek, \u00e9s egy baba elk\u00e9sz\u00edt\u00e9se 2-3 munkanapot vesz ig\u00e9nybe. \u00c9rtes\u00edteni fogod, amikor a csomagod felad\u00e1sra ker\u00fcl.<\/p><p>A szexbab\u00e1kat diszkr\u00e9t \u00e9s s\u00e9rtetlen csomagol\u00e1sban k\u00fcldj\u00fck (nincs c\u00edmk\u00e9k, jel\u00f6l\u00e9sek vagy log\u00f3k), \u00e9s garant\u00e1lt term\u00e9kmin\u0151s\u00e9ggel, k\u00e9rj\u00fck, ne agg\u00f3djon.<\/p>\t\t\t\t\t\t\t\t<\/div>\n\t\t\t\t<\/div>\n\t\t\t\t<div class=\"elementor-element elementor-element-0708a5d elementor-widget elementor-widget-text-editor\" data-id=\"0708a5d\" data-element_type=\"widget\" data-widget_type=\"text-editor.default\">\n\t\t\t\t<div class=\"elementor-widget-container\">\n\t\t\t\t\t\t\t\t\t<p><strong>Ahov\u00e1 a miisoo.com sz\u00e1ll\u00edt<\/strong><\/p><p><strong>Minden szexbab\u00e1t INGYENES sz\u00e1ll\u00edt\u00e1s a FedEx\/UPS\/DHL. Ingyenes sz\u00e1ll\u00edt\u00e1s az eg\u00e9sz vil\u00e1gon!<\/strong><\/p>\t\t\t\t\t\t\t\t<\/div>\n\t\t\t\t<\/div>\n\t\t\t\t<div class=\"elementor-element elementor-element-ae7dca5 elementor-widget elementor-widget-text-editor\" data-id=\"ae7dca5\" data-element_type=\"widget\" data-widget_type=\"text-editor.default\">\n\t\t\t\t<div class=\"elementor-widget-container\">\n\t\t\t\t\t\t\t\t\t<p><strong>V\u00e1mok \u00e9s ad\u00f3k<\/strong><\/p><p>Egyes orsz\u00e1gokban, k\u00fcl\u00f6n\u00f6sen az USA-ban, Eur\u00f3p\u00e1ban, szolg\u00e1ltat\u00e1st k\u00edn\u00e1lunk az \u00e1fa \u00e9s az importad\u00f3k el\u0151re t\u00f6rt\u00e9n\u0151 befizet\u00e9s\u00e9re, \u00edgy nem kell v\u00e1mmal foglalkoznia. Az olyan orsz\u00e1gokban, mint Kanada, Jap\u00e1n vagy Ausztr\u00e1lia, \u00daj-Z\u00e9land importad\u00f3t kell fizetni a sz\u00e1ll\u00edt\u00e1skor, \u00e9s \u00e1ltal\u00e1ban fizet\u00e9si bizonylat vagy sz\u00e1mla beny\u00fajt\u00e1sa sz\u00fcks\u00e9ges. Megadhatja a visszaigazol\u00f3 e-mailt vagy a Paypal sz\u00e1ml\u00e1t, vagy kapcsolatba l\u00e9phet vel\u00fcnk, \u00e9s mi seg\u00edt\u00fcnk ebben.<\/p>\t\t\t\t\t\t\t\t<\/div>\n\t\t\t\t<\/div>\n\t\t\t\t<div class=\"elementor-element elementor-element-763e8ff elementor-widget elementor-widget-text-editor\" data-id=\"763e8ff\" data-element_type=\"widget\" data-widget_type=\"text-editor.default\">\n\t\t\t\t<div class=\"elementor-widget-container\">\n\t\t\t\t\t\t\t\t\t<p><strong>Mi van, ha kint vagy, amikor meg\u00e9rkezik a rendel\u00e9sed?<\/strong><\/p><p>Ha kint van, amikor a csomag k\u00e9zbes\u00edtve van, a post\u00e1z\u00f3 vagy a fut\u00e1r hagy egy k\u00e1rty\u00e1t, amelyen \u00fajabb k\u00e9zbes\u00edt\u00e9si k\u00eds\u00e9rletet \u00fctemez, vagy megmondja, hol veheti \u00e1t a diszkr\u00e9ten becsomagolt rendel\u00e9st.<\/p><p>Ha a csomagot a legk\u00f6zelebbi fut\u00e1rszolg\u00e1latra viszik, \u00e1tveheti vagy megszervezheti az \u00fajrak\u00e9zbes\u00edt\u00e9st.<\/p>\t\t\t\t\t\t\t\t<\/div>\n\t\t\t\t<\/div>\n\t\t\t\t<div class=\"elementor-element elementor-element-0950927 elementor-widget elementor-widget-text-editor\" data-id=\"0950927\" data-element_type=\"widget\" data-widget_type=\"text-editor.default\">\n\t\t\t\t<div class=\"elementor-widget-container\">\n\t\t\t\t\t\t\t\t\t<p><strong>Mi a teend\u0151, ha a rendel\u00e9sed nem \u00e9rkezik meg a v\u00e1rt id\u0151pontban?<\/strong><\/p><p>T\u00f6bb \u00e9ves \u00e9rt\u00e9kes\u00edt\u00e9si tapasztalatunk szerint, ha a csomag abnorm\u00e1lisan ker\u00fcl \u00e1tad\u00e1sra \u00e9s a sz\u00e1ll\u00edt\u00e1si id\u0151 meghaladja a 12 munkanapot (kiv\u00e9ve a v\u00e1mkezel\u00e9si id\u0151t), k\u00e9rj\u00fck, vegye fel vel\u00fcnk a kapcsolatot a helyzet tiszt\u00e1z\u00e1sa \u00e9rdek\u00e9ben<\/p>\t\t\t\t\t\t\t\t<\/div>\n\t\t\t\t<\/div>\n\t\t\t\t<div class=\"elementor-element elementor-element-2abe7c0 elementor-widget elementor-widget-text-editor\" data-id=\"2abe7c0\" data-element_type=\"widget\" data-widget_type=\"text-editor.default\">\n\t\t\t\t<div class=\"elementor-widget-container\">\n\t\t\t\t\t\t\t\t\t<p><strong>K\u00f6vesse nyomon megrendel\u00e9s\u00e9t az al\u00e1bbiak szerint:<\/strong><\/p><p>FedEx: <a href=\"https:\/\/www.fedex.com\/\" target=\"_blank\" rel=\"nofollow noopener\">http:\/\/www.fedex.com<\/a><\/p><p>UPS: <a href=\"http:\/\/www.ups.com\/\" target=\"_blank\" rel=\"nofollow noopener\">http:\/\/www.ups.com<\/a><\/p><p>DHL: <a href=\"http:\/\/www.dhl.com\/\" target=\"_blank\" rel=\"nofollow noopener\">http:\/\/www.dhl.com<\/a><\/p><p>C\u00e9lunk a leghat\u00e9konyabb megold\u00e1s ny\u00fajt\u00e1sa, ha b\u00e1rmilyen probl\u00e9m\u00e1ja van, k\u00e9rj\u00fck, \u00edrjon nek\u00fcnk az service@miisoo.com c\u00edmre<\/p>\t\t\t\t\t\t\t\t<\/div>\n\t\t\t\t<\/div>\n\t\t\t\t<div class=\"elementor-element elementor-element-5873c051 elementor-widget elementor-widget-spacer\" data-id=\"5873c051\" data-element_type=\"widget\" data-widget_type=\"spacer.default\">\n\t\t\t\t<div class=\"elementor-widget-container\">\n\t\t\t\t\t\t\t<div class=\"elementor-spacer\">\n\t\t\t<div class=\"elementor-spacer-inner\"><\/div>\n\t\t<\/div>\n\t\t\t\t\t\t<\/div>\n\t\t\t\t<\/div>\n\t\t\t\t\t<\/div>\n\t\t<\/div>\n\t\t\t\t<div class=\"elementor-column elementor-col-33 elementor-top-column elementor-element elementor-element-5e91253d\" data-id=\"5e91253d\" data-element_type=\"column\">\n\t\t\t<div class=\"elementor-widget-wrap\">\n\t\t\t\t\t\t\t<\/div>\n\t\t<\/div>\n\t\t\t\t\t<\/div>\n\t\t<\/section>\n\t\t\t\t<section class=\"elementor-section elementor-top-section elementor-element elementor-element-16c58fea elementor-section-boxed elementor-section-height-default elementor-section-height-default\" data-id=\"16c58fea\" data-element_type=\"section\">\n\t\t\t\t\t\t<div class=\"elementor-container elementor-column-gap-default\">\n\t\t\t\t\t<div class=\"elementor-column elementor-col-100 elementor-top-column elementor-element elementor-element-74ba8617\" data-id=\"74ba8617\" data-element_type=\"column\">\n\t\t\t<div class=\"elementor-widget-wrap elementor-element-populated\">\n\t\t\t\t\t\t<div class=\"elementor-element elementor-element-312fc24e elementor-widget elementor-widget-spacer\" data-id=\"312fc24e\" data-element_type=\"widget\" data-widget_type=\"spacer.default\">\n\t\t\t\t<div class=\"elementor-widget-container\">\n\t\t\t\t\t\t\t<div class=\"elementor-spacer\">\n\t\t\t<div class=\"elementor-spacer-inner\"><\/div>\n\t\t<\/div>\n\t\t\t\t\t\t<\/div>\n\t\t\t\t<\/div>\n\t\t\t\t\t<\/div>\n\t\t<\/div>\n\t\t\t\t\t<\/div>\n\t\t<\/section>\n\t\t\t\t<\/div>","protected":false},"excerpt":{"rendered":"<p>Shipping Guide Shipping Time Frame We will deliver your doll to your doorstep within 5-12 business days: &#8211;&nbsp; &nbsp;Manufacturing will take 1~3 business days &#8211;&nbsp; &nbsp;Shipping will take 5-12 days (depending on your location) Note: Some dolls may take up to 3 weeks (2 weeks manufacturing time and 5-12 days for shipping). For more information,&hellip;<\/p>","protected":false},"author":455,"featured_media":0,"parent":0,"menu_order":0,"comment_status":"closed","ping_status":"closed","template":"template-full-width.php","meta":{"footnotes":""},"class_list":["post-4349","page","type-page","status-publish","hentry"],"yoast_head":"<!-- This site is optimized with the Yoast SEO Premium plugin v22.6 (Yoast SEO v22.9) - https:\/\/yoast.com\/wordpress\/plugins\/seo\/ -->\n<title>MiisooDoll Shipping Guide | Seamless Delivery | MiisooDoll<\/title>\n<meta name=\"description\" content=\"Navigate hassle-free with MiisooDoll&#039;s Shipping Guide. Enjoy seamless delivery, ensuring your satisfaction. Shop confidently with MiisooDoll today!\" \/>\n<meta name=\"robots\" content=\"index, follow, max-snippet:-1, max-image-preview:large, max-video-preview:-1\" \/>\n<link rel=\"canonical\" href=\"https:\/\/www.miisoo.com\/hu\/shipping-guide\/\" \/>\n<meta property=\"og:locale\" content=\"hu_HU\" \/>\n<meta property=\"og:type\" content=\"article\" \/>\n<meta property=\"og:title\" content=\"Shipping Guide\" \/>\n<meta property=\"og:description\" content=\"Navigate hassle-free with MiisooDoll&#039;s Shipping Guide. Enjoy seamless delivery, ensuring your satisfaction. Shop confidently with MiisooDoll today!\" \/>\n<meta property=\"og:url\" content=\"https:\/\/www.miisoo.com\/hu\/shipping-guide\/\" \/>\n<meta property=\"og:site_name\" content=\"MiisooDoll\" \/>\n<meta property=\"article:publisher\" content=\"https:\/\/www.facebook.com\/miisoodoll\" \/>\n<meta property=\"article:modified_time\" content=\"2023-12-22T12:05:14+00:00\" \/>\n<meta property=\"og:image\" content=\"https:\/\/www.miisoo.com\/wp-content\/uploads\/2020\/12\/banner-sex-doll-1.jpg\" \/>\n<meta name=\"twitter:card\" content=\"summary_large_image\" \/>\n<meta name=\"twitter:site\" content=\"@MiisooSexDolls\" \/>\n<meta name=\"twitter:label1\" content=\"Becs\u00fclt olvas\u00e1si id\u0151\" \/>\n\t<meta name=\"twitter:data1\" content=\"3 perc\" \/>\n<!-- \/ Yoast SEO Premium plugin. -->","yoast_head_json":{"title":"MiisooDoll Shipping Guide | Seamless Delivery | MiisooDoll","description":"Navigate hassle-free with MiisooDoll's Shipping Guide. Enjoy seamless delivery, ensuring your satisfaction. Shop confidently with MiisooDoll today!","robots":{"index":"index","follow":"follow","max-snippet":"max-snippet:-1","max-image-preview":"max-image-preview:large","max-video-preview":"max-video-preview:-1"},"canonical":"https:\/\/www.miisoo.com\/hu\/shipping-guide\/","og_locale":"hu_HU","og_type":"article","og_title":"Shipping Guide","og_description":"Navigate hassle-free with MiisooDoll's Shipping Guide. Enjoy seamless delivery, ensuring your satisfaction. Shop confidently with MiisooDoll today!","og_url":"https:\/\/www.miisoo.com\/hu\/shipping-guide\/","og_site_name":"MiisooDoll","article_publisher":"https:\/\/www.facebook.com\/miisoodoll","article_modified_time":"2023-12-22T12:05:14+00:00","og_image":[{"url":"https:\/\/www.miisoo.com\/wp-content\/uploads\/2020\/12\/banner-sex-doll-1.jpg"}],"twitter_card":"summary_large_image","twitter_site":"@MiisooSexDolls","twitter_misc":{"Becs\u00fclt olvas\u00e1si id\u0151":"3 perc"},"schema":{"@context":"https:\/\/schema.org","@graph":[{"@type":"WebPage","@id":"https:\/\/www.miisoo.com\/shipping-guide\/","url":"https:\/\/www.miisoo.com\/shipping-guide\/","name":"MiisooDoll Shipping Guide | Seamless Delivery | MiisooDoll","isPartOf":{"@id":"https:\/\/www.miisoo.com\/#website"},"primaryImageOfPage":{"@id":"https:\/\/www.miisoo.com\/shipping-guide\/#primaryimage"},"image":{"@id":"https:\/\/www.miisoo.com\/shipping-guide\/#primaryimage"},"thumbnailUrl":"https:\/\/www.miisoo.com\/wp-content\/uploads\/2020\/12\/banner-sex-doll-1.jpg","datePublished":"2020-09-14T07:08:14+00:00","dateModified":"2023-12-22T12:05:14+00:00","description":"Navigate hassle-free with MiisooDoll's Shipping Guide. Enjoy seamless delivery, ensuring your satisfaction. Shop confidently with MiisooDoll today!","breadcrumb":{"@id":"https:\/\/www.miisoo.com\/shipping-guide\/#breadcrumb"},"inLanguage":"hu","potentialAction":[{"@type":"ReadAction","target":["https:\/\/www.miisoo.com\/shipping-guide\/"]}]},{"@type":"ImageObject","inLanguage":"hu","@id":"https:\/\/www.miisoo.com\/shipping-guide\/#primaryimage","url":"https:\/\/www.miisoo.com\/wp-content\/uploads\/2020\/12\/banner-sex-doll-1.jpg","contentUrl":"https:\/\/www.miisoo.com\/wp-content\/uploads\/2020\/12\/banner-sex-doll-1.jpg"},{"@type":"BreadcrumbList","@id":"https:\/\/www.miisoo.com\/shipping-guide\/#breadcrumb","itemListElement":[{"@type":"ListItem","position":1,"name":"Home","item":"https:\/\/www.miisoo.com\/"},{"@type":"ListItem","position":2,"name":"Shipping Guide"}]},{"@type":"WebSite","@id":"https:\/\/www.miisoo.com\/#website","url":"https:\/\/www.miisoo.com\/","name":"MiisooDoll","description":"Sexual Doll, Real Sex Dolls, Love Doll, Best Sex Dolls","publisher":{"@id":"https:\/\/www.miisoo.com\/#organization"},"potentialAction":[{"@type":"SearchAction","target":{"@type":"EntryPoint","urlTemplate":"https:\/\/www.miisoo.com\/?s={search_term_string}"},"query-input":"required name=search_term_string"}],"inLanguage":"hu"},{"@type":"Organization","@id":"https:\/\/www.miisoo.com\/#organization","name":"MiisooDoll","url":"https:\/\/www.miisoo.com\/","logo":{"@type":"ImageObject","inLanguage":"hu","@id":"https:\/\/www.miisoo.com\/#\/schema\/logo\/image\/","url":"https:\/\/www.miisoo.com\/wp-content\/uploads\/2020\/09\/logo-botton.png","contentUrl":"https:\/\/www.miisoo.com\/wp-content\/uploads\/2020\/09\/logo-botton.png","width":181,"height":42,"caption":"MiisooDoll"},"image":{"@id":"https:\/\/www.miisoo.com\/#\/schema\/logo\/image\/"},"sameAs":["https:\/\/www.facebook.com\/miisoodoll","https:\/\/x.com\/MiisooSexDolls"]}]}},"_links":{"self":[{"href":"https:\/\/www.miisoo.com\/hu\/wp-json\/wp\/v2\/pages\/4349","targetHints":{"allow":["GET"]}}],"collection":[{"href":"https:\/\/www.miisoo.com\/hu\/wp-json\/wp\/v2\/pages"}],"about":[{"href":"https:\/\/www.miisoo.com\/hu\/wp-json\/wp\/v2\/types\/page"}],"author":[{"embeddable":true,"href":"https:\/\/www.miisoo.com\/hu\/wp-json\/wp\/v2\/users\/455"}],"replies":[{"embeddable":true,"href":"https:\/\/www.miisoo.com\/hu\/wp-json\/wp\/v2\/comments?post=4349"}],"version-history":[{"count":1,"href":"https:\/\/www.miisoo.com\/hu\/wp-json\/wp\/v2\/pages\/4349\/revisions"}],"predecessor-version":[{"id":34669,"href":"https:\/\/www.miisoo.com\/hu\/wp-json\/wp\/v2\/pages\/4349\/revisions\/34669"}],"wp:attachment":[{"href":"https:\/\/www.miisoo.com\/hu\/wp-json\/wp\/v2\/media?parent=4349"}],"curies":[{"name":"wp","href":"https:\/\/api.w.org\/{rel}","templated":true}]}}