{"id":4339,"date":"2020-09-14T14:46:29","date_gmt":"2020-09-14T06:46:29","guid":{"rendered":"http:\/\/miisoo.com\/?page_id=4339"},"modified":"2023-12-22T20:20:26","modified_gmt":"2023-12-22T12:20:26","slug":"intelligent-pronunciation-heating-system","status":"publish","type":"page","link":"https:\/\/www.miisoo.com\/hu\/intelligent-pronunciation-heating-system\/","title":{"rendered":"Intelligens kiejt\u00e9si f\u0171t\u00e9si rendszer"},"content":{"rendered":"<div data-elementor-type=\"wp-post\" data-elementor-id=\"4339\" class=\"elementor elementor-4339\" data-elementor-post-type=\"page\">\n\t\t\t\t\t\t<section class=\"elementor-section elementor-top-section elementor-element elementor-element-499101e2 elementor-section-full_width elementor-section-stretched elementor-section-height-default elementor-section-height-default\" data-id=\"499101e2\" data-element_type=\"section\" data-settings=\"{&quot;stretch_section&quot;:&quot;section-stretched&quot;}\">\n\t\t\t\t\t\t<div class=\"elementor-container elementor-column-gap-no\">\n\t\t\t\t\t<div class=\"elementor-column elementor-col-100 elementor-top-column elementor-element elementor-element-3ca9cf60\" data-id=\"3ca9cf60\" data-element_type=\"column\">\n\t\t\t<div class=\"elementor-widget-wrap elementor-element-populated\">\n\t\t\t\t\t\t<div class=\"elementor-element elementor-element-54251667 elementor-widget elementor-widget-image\" data-id=\"54251667\" data-element_type=\"widget\" data-widget_type=\"image.default\">\n\t\t\t\t<div class=\"elementor-widget-container\">\n\t\t\t\t\t\t\t\t\t\t\t\t\t\t\t<img fetchpriority=\"high\" decoding=\"async\" width=\"1536\" height=\"480\" src=\"https:\/\/www.miisoo.com\/wp-content\/uploads\/2020\/12\/banner-sex-doll-1.jpg\" class=\"attachment-full size-full wp-image-7398\" alt=\"\" srcset=\"https:\/\/www.miisoo.com\/wp-content\/uploads\/2020\/12\/banner-sex-doll-1.jpg 1536w, https:\/\/www.miisoo.com\/wp-content\/uploads\/2020\/12\/banner-sex-doll-1-300x94.jpg 300w, https:\/\/www.miisoo.com\/wp-content\/uploads\/2020\/12\/banner-sex-doll-1-1024x320.jpg 1024w, https:\/\/www.miisoo.com\/wp-content\/uploads\/2020\/12\/banner-sex-doll-1-768x240.jpg 768w, https:\/\/www.miisoo.com\/wp-content\/uploads\/2020\/12\/banner-sex-doll-1-370x116.jpg 370w, https:\/\/www.miisoo.com\/wp-content\/uploads\/2020\/12\/banner-sex-doll-1-600x188.jpg 600w\" sizes=\"(max-width: 1536px) 100vw, 1536px\" \/>\t\t\t\t\t\t\t\t\t\t\t\t\t\t\t<\/div>\n\t\t\t\t<\/div>\n\t\t\t\t<div class=\"elementor-element elementor-element-a61e060 elementor-widget elementor-widget-spacer\" data-id=\"a61e060\" data-element_type=\"widget\" data-widget_type=\"spacer.default\">\n\t\t\t\t<div class=\"elementor-widget-container\">\n\t\t\t\t\t\t\t<div class=\"elementor-spacer\">\n\t\t\t<div class=\"elementor-spacer-inner\"><\/div>\n\t\t<\/div>\n\t\t\t\t\t\t<\/div>\n\t\t\t\t<\/div>\n\t\t\t\t\t<\/div>\n\t\t<\/div>\n\t\t\t\t\t<\/div>\n\t\t<\/section>\n\t\t\t\t<section class=\"elementor-section elementor-top-section elementor-element elementor-element-3ff6745a elementor-section-boxed elementor-section-height-default elementor-section-height-default\" data-id=\"3ff6745a\" data-element_type=\"section\">\n\t\t\t\t\t\t<div class=\"elementor-container elementor-column-gap-extended\">\n\t\t\t\t\t<div class=\"elementor-column elementor-col-33 elementor-top-column elementor-element elementor-element-5847672a\" data-id=\"5847672a\" data-element_type=\"column\">\n\t\t\t<div class=\"elementor-widget-wrap\">\n\t\t\t\t\t\t\t<\/div>\n\t\t<\/div>\n\t\t\t\t<div class=\"elementor-column elementor-col-33 elementor-top-column elementor-element elementor-element-31cd9c6a\" data-id=\"31cd9c6a\" data-element_type=\"column\">\n\t\t\t<div class=\"elementor-widget-wrap elementor-element-populated\">\n\t\t\t\t\t\t<div class=\"elementor-element elementor-element-4596bb93 elementor-widget elementor-widget-heading\" data-id=\"4596bb93\" data-element_type=\"widget\" data-widget_type=\"heading.default\">\n\t\t\t\t<div class=\"elementor-widget-container\">\n\t\t\t\t\t<h1 class=\"elementor-heading-title elementor-size-large\">Intelligens kiejt\u00e9s \u00e9s f\u0171t\u00e9si rendszer<\/h1>\t\t\t\t<\/div>\n\t\t\t\t<\/div>\n\t\t\t\t<div class=\"elementor-element elementor-element-24950485 elementor-widget elementor-widget-spacer\" data-id=\"24950485\" data-element_type=\"widget\" data-widget_type=\"spacer.default\">\n\t\t\t\t<div class=\"elementor-widget-container\">\n\t\t\t\t\t\t\t<div class=\"elementor-spacer\">\n\t\t\t<div class=\"elementor-spacer-inner\"><\/div>\n\t\t<\/div>\n\t\t\t\t\t\t<\/div>\n\t\t\t\t<\/div>\n\t\t\t\t<div class=\"elementor-element elementor-element-ac8375b elementor-widget elementor-widget-heading\" data-id=\"ac8375b\" data-element_type=\"widget\" data-widget_type=\"heading.default\">\n\t\t\t\t<div class=\"elementor-widget-container\">\n\t\t\t\t\t<h2 class=\"elementor-heading-title elementor-size-default\">Ha m\u00e9g nem \u00e1ll k\u00e9szen egy AI Sex Doll Robotra \u2013 a Smart Doll ide\u00e1lis v\u00e1laszt\u00e1s. (\u00c9rint\u00e9s\u00e9rz\u00e9kel\u0151k, interakt\u00edv hang + testh\u0151m\u00e9rs\u00e9klet-szab\u00e1lyoz\u00e1s) A MIISOO Smart Doll \u00f6sszehasonl\u00edthat\u00f3 b\u00e1rmely kiv\u00e1l\u00f3 min\u0151s\u00e9g\u0171 TPE szexbab\u00e1val (p\u00e9ld\u00e1ul egy WM bab\u00e1val), de olyan funkci\u00f3kkal rendelkezik, amelyekkel m\u00e1s szexbab\u00e1k nem rendelkeznek ugyanazon az \u00e1ron:<\/h2>\t\t\t\t<\/div>\n\t\t\t\t<\/div>\n\t\t\t\t<div class=\"elementor-element elementor-element-2362e4d6 elementor-widget elementor-widget-spacer\" data-id=\"2362e4d6\" data-element_type=\"widget\" data-widget_type=\"spacer.default\">\n\t\t\t\t<div class=\"elementor-widget-container\">\n\t\t\t\t\t\t\t<div class=\"elementor-spacer\">\n\t\t\t<div class=\"elementor-spacer-inner\"><\/div>\n\t\t<\/div>\n\t\t\t\t\t\t<\/div>\n\t\t\t\t<\/div>\n\t\t\t\t<div class=\"elementor-element elementor-element-d352fa4 elementor-widget elementor-widget-text-editor\" data-id=\"d352fa4\" data-element_type=\"widget\" data-widget_type=\"text-editor.default\">\n\t\t\t\t<div class=\"elementor-widget-container\">\n\t\t\t\t\t\t\t\t\t<h3><strong>\u00c9rint\u00e9s\u00e9rz\u00e9kel\u0151k a szexbaba n\u0151i orgazmus hangos\u00edt\u00e1s\u00e1hoz<\/strong><\/h3><p>Intelligens ny\u00f6g\u0151rendszer test\u00e9rz\u00e9kel\u0151kkel, bele\u00e9rtve a\u00a0<em>h\u00fcvelyi \u00e9rz\u00e9kel\u0151<\/em>,<em>\u00a0bal mell \u00e9rz\u00e9kel\u0151, jobb mell \u00e9rz\u00e9kel\u0151<\/em>(vannak benne kiejt\u00e9si chipek),\u00a0<strong>Hogyan kell haszn\u00e1lni:\u00a0<\/strong>K\u00e9rem, kapcsolja be az intelligens ny\u00f6g\u0151rendszert. amely erotikus szexu\u00e1lis ny\u00f6gd\u00e9csel\u00e9ssel reag\u00e1l a h\u00fcvelyi, mell \u00e9rint\u00e9s\u00e9re \u2013 tudni fogod, mikor teszel j\u00f3t neki. Nagyon szexu\u00e1lis \u00e9s intim hangv\u00e1laszai lehet\u0151v\u00e9 teszik, hogy \u00e9lvezze a v\u00e9gs\u0151 orgazmust. Ha nem haszn\u00e1lja, k\u00e9rj\u00fck, kapcsolja ki ezt a gombot.<\/p>\t\t\t\t\t\t\t\t<\/div>\n\t\t\t\t<\/div>\n\t\t\t\t<div class=\"elementor-element elementor-element-7698c75 elementor-widget elementor-widget-text-editor\" data-id=\"7698c75\" data-element_type=\"widget\" data-widget_type=\"text-editor.default\">\n\t\t\t\t<div class=\"elementor-widget-container\">\n\t\t\t\t\t\t\t\t\t<h3><strong>Testh\u0151m\u00e9rs\u00e9klet-szab\u00e1lyoz\u00f3 rendszer n\u0151i szexbab\u00e1k sz\u00e1m\u00e1ra<\/strong><\/h3><p>K\u00e9rj\u00fck, nyomja meg a testh\u0151m\u00e9rs\u00e9klet + vez\u00e9rl\u0151gombot, hogy a k\u00e9sz\u00fcl\u00e9ket 90 fokra n\u00f6velje, a baba megfelel\u0151 fizikai h\u0151m\u00e9rs\u00e9klete el\u00e9rheti a 45,0 C-ot (a baba forr\u00f3 lesz), javasoljuk, hogy a k\u00e9sz\u00fcl\u00e9k h\u0151m\u00e9rs\u00e9klet\u00e9t 75 C-ra emelje, ami megfelel a fizikai h\u0151m\u00e9rs\u00e9kletnek. a baba h\u0151m\u00e9rs\u00e9klete k\u00f6r\u00fclbel\u00fcl 35, ami k\u00f6zel \u00e1ll az emberi test norm\u00e1l h\u0151m\u00e9rs\u00e9klet\u00e9hez, Meleg\u00edtse fel a baba fizikai h\u0151m\u00e9rs\u00e9klet\u00e9t 36,0-40 \u00b0C-os norm\u00e1l testh\u0151m\u00e9rs\u00e9kletre (a k\u00e9sz\u00fcl\u00e9k h\u0151m\u00e9rs\u00e9klete: 75,0-90,0 \u00b0C). A meleg testtel val\u00f3 meghitts\u00e9g a realizmus \u00e9s a k\u00e9nyelem \u00faj szintj\u00e9re emeli az \u00e9lm\u00e9nyt \u2013 ak\u00e1rcsak egy igazi l\u00e1ny mellett.<\/p>\t\t\t\t\t\t\t\t<\/div>\n\t\t\t\t<\/div>\n\t\t\t\t<div class=\"elementor-element elementor-element-4c51eb7 elementor-widget elementor-widget-text-editor\" data-id=\"4c51eb7\" data-element_type=\"widget\" data-widget_type=\"text-editor.default\">\n\t\t\t\t<div class=\"elementor-widget-container\">\n\t\t\t\t\t\t\t\t\t<p>A leggyakoribb megval\u00f3s\u00edt\u00e1s egy elektromos csatlakoz\u00f3, amely a nyak h\u00e1ts\u00f3 r\u00e9sz\u00e9b\u0151l vagy a karjuk alatt ny\u00falik ki. Haszn\u00e1lat el\u0151tt a felhaszn\u00e1l\u00f3 egyszer\u0171en bedugja a szexbab\u00e1j\u00e1t MAX 25 percre, hogy a szexbaba felmelegedjen.<\/p>\n<p>Ezt a funkci\u00f3t t\u00f6bbsz\u00f6r is tesztelj\u00fck a csomag kisz\u00e1ll\u00edt\u00e1sa el\u0151tt. K\u00e9rj\u00fck, ellen\u0151rizze a bels\u0151 h\u0151m\u00e9rs\u00e9klet\u00e9t a behatol\u00e1s el\u0151tt, \u00e9s ne hagyja a bab\u00e1t a falhoz csatlakoztatva tov\u00e1bb, mint az aj\u00e1nlott 25 perc. A babam\u00e9rn\u00f6k\u00fcnk a t\u00falt\u00f6lt\u00e9s funkci\u00f3j\u00e1t tervezte, egy bizonyos h\u0151m\u00e9rs\u00e9klet el\u00e9r\u00e9sekor lekapcsolja az \u00e1ramot.<\/p>\t\t\t\t\t\t\t\t<\/div>\n\t\t\t\t<\/div>\n\t\t\t\t<div class=\"elementor-element elementor-element-147a326 elementor-widget elementor-widget-text-editor\" data-id=\"147a326\" data-element_type=\"widget\" data-widget_type=\"text-editor.default\">\n\t\t\t\t<div class=\"elementor-widget-container\">\n\t\t\t\t\t\t\t\t\t<p><strong>JEGYZET:<\/strong>\u00a0B\u00e1r f\u0171t\u00e9si rendszer\u00fcnk t\u00falt\u00f6lt\u00e9s funkci\u00f3val rendelkezik, k\u00e9rj\u00fck, ne felejtse el kikapcsolni a teljes test f\u0171t\u00e9s\u00e9t a baba haszn\u00e1lata ut\u00e1n. Ha t\u00fal sok\u00e1ig hagyja rajta, k\u00e1ros\u00edthatja a bab\u00e1t. A f\u0171t\u00e9st manu\u00e1lisan kell kikapcsolni.<\/p>\t\t\t\t\t\t\t\t<\/div>\n\t\t\t\t<\/div>\n\t\t\t\t<div class=\"elementor-element elementor-element-5873c051 elementor-widget elementor-widget-spacer\" data-id=\"5873c051\" data-element_type=\"widget\" data-widget_type=\"spacer.default\">\n\t\t\t\t<div class=\"elementor-widget-container\">\n\t\t\t\t\t\t\t<div class=\"elementor-spacer\">\n\t\t\t<div class=\"elementor-spacer-inner\"><\/div>\n\t\t<\/div>\n\t\t\t\t\t\t<\/div>\n\t\t\t\t<\/div>\n\t\t\t\t\t<\/div>\n\t\t<\/div>\n\t\t\t\t<div class=\"elementor-column elementor-col-33 elementor-top-column elementor-element elementor-element-5e91253d\" data-id=\"5e91253d\" data-element_type=\"column\">\n\t\t\t<div class=\"elementor-widget-wrap\">\n\t\t\t\t\t\t\t<\/div>\n\t\t<\/div>\n\t\t\t\t\t<\/div>\n\t\t<\/section>\n\t\t\t\t<section class=\"elementor-section elementor-top-section elementor-element elementor-element-16c58fea elementor-section-boxed elementor-section-height-default elementor-section-height-default\" data-id=\"16c58fea\" data-element_type=\"section\">\n\t\t\t\t\t\t<div class=\"elementor-container elementor-column-gap-default\">\n\t\t\t\t\t<div class=\"elementor-column elementor-col-100 elementor-top-column elementor-element elementor-element-74ba8617\" data-id=\"74ba8617\" data-element_type=\"column\">\n\t\t\t<div class=\"elementor-widget-wrap elementor-element-populated\">\n\t\t\t\t\t\t<div class=\"elementor-element elementor-element-312fc24e elementor-widget elementor-widget-spacer\" data-id=\"312fc24e\" data-element_type=\"widget\" data-widget_type=\"spacer.default\">\n\t\t\t\t<div class=\"elementor-widget-container\">\n\t\t\t\t\t\t\t<div class=\"elementor-spacer\">\n\t\t\t<div class=\"elementor-spacer-inner\"><\/div>\n\t\t<\/div>\n\t\t\t\t\t\t<\/div>\n\t\t\t\t<\/div>\n\t\t\t\t\t<\/div>\n\t\t<\/div>\n\t\t\t\t\t<\/div>\n\t\t<\/section>\n\t\t\t\t<\/div>","protected":false},"excerpt":{"rendered":"<p>Intelligent Pronunciation &amp; Heating System If Not quite ready for an AI Sex Doll Robot \u2013 the Smart Doll is an ideal choice. (Touch sensors Interactive Voice + Body Temperature Control ) MIISOO Smart Doll is comparable to any high-quality TPE Sex Doll (like a WM Doll) but with features that other sex dolls do&hellip;<\/p>","protected":false},"author":455,"featured_media":0,"parent":0,"menu_order":0,"comment_status":"closed","ping_status":"closed","template":"template-full-width.php","meta":{"footnotes":""},"class_list":["post-4339","page","type-page","status-publish","hentry"],"yoast_head":"<!-- This site is optimized with the Yoast SEO Premium plugin v22.6 (Yoast SEO v22.9) - https:\/\/yoast.com\/wordpress\/plugins\/seo\/ -->\n<title>Intelligent Pronunciation Heating System - MiisooDoll<\/title>\n<meta name=\"description\" content=\"Achieve linguistic excellence with MiisooDoll&#039;s Pronunciation Heating System. Precision in every spoken word. Clear, concise, confident speech with MiisooDoll&#039;s\" \/>\n<meta name=\"robots\" content=\"index, follow, max-snippet:-1, max-image-preview:large, max-video-preview:-1\" \/>\n<link rel=\"canonical\" href=\"https:\/\/www.miisoo.com\/hu\/intelligent-pronunciation-heating-system\/\" \/>\n<meta property=\"og:locale\" content=\"hu_HU\" \/>\n<meta property=\"og:type\" content=\"article\" \/>\n<meta property=\"og:title\" content=\"Intelligent Pronunciation Heating System\" \/>\n<meta property=\"og:description\" content=\"Achieve linguistic excellence with MiisooDoll&#039;s Pronunciation Heating System. Precision in every spoken word. Clear, concise, confident speech with MiisooDoll&#039;s\" \/>\n<meta property=\"og:url\" content=\"https:\/\/www.miisoo.com\/hu\/intelligent-pronunciation-heating-system\/\" \/>\n<meta property=\"og:site_name\" content=\"MiisooDoll\" \/>\n<meta property=\"article:publisher\" content=\"https:\/\/www.facebook.com\/miisoodoll\" \/>\n<meta property=\"article:modified_time\" content=\"2023-12-22T12:20:26+00:00\" \/>\n<meta property=\"og:image\" content=\"https:\/\/www.miisoo.com\/wp-content\/uploads\/2020\/12\/banner-sex-doll-1.jpg\" \/>\n<meta name=\"twitter:card\" content=\"summary_large_image\" \/>\n<meta name=\"twitter:site\" content=\"@MiisooSexDolls\" \/>\n<meta name=\"twitter:label1\" content=\"Becs\u00fclt olvas\u00e1si id\u0151\" \/>\n\t<meta name=\"twitter:data1\" content=\"2 perc\" \/>\n<!-- \/ Yoast SEO Premium plugin. -->","yoast_head_json":{"title":"Intelligent Pronunciation Heating System - MiisooDoll","description":"Achieve linguistic excellence with MiisooDoll's Pronunciation Heating System. Precision in every spoken word. Clear, concise, confident speech with MiisooDoll's","robots":{"index":"index","follow":"follow","max-snippet":"max-snippet:-1","max-image-preview":"max-image-preview:large","max-video-preview":"max-video-preview:-1"},"canonical":"https:\/\/www.miisoo.com\/hu\/intelligent-pronunciation-heating-system\/","og_locale":"hu_HU","og_type":"article","og_title":"Intelligent Pronunciation Heating System","og_description":"Achieve linguistic excellence with MiisooDoll's Pronunciation Heating System. Precision in every spoken word. Clear, concise, confident speech with MiisooDoll's","og_url":"https:\/\/www.miisoo.com\/hu\/intelligent-pronunciation-heating-system\/","og_site_name":"MiisooDoll","article_publisher":"https:\/\/www.facebook.com\/miisoodoll","article_modified_time":"2023-12-22T12:20:26+00:00","og_image":[{"url":"https:\/\/www.miisoo.com\/wp-content\/uploads\/2020\/12\/banner-sex-doll-1.jpg"}],"twitter_card":"summary_large_image","twitter_site":"@MiisooSexDolls","twitter_misc":{"Becs\u00fclt olvas\u00e1si id\u0151":"2 perc"},"schema":{"@context":"https:\/\/schema.org","@graph":[{"@type":"WebPage","@id":"https:\/\/www.miisoo.com\/intelligent-pronunciation-heating-system\/","url":"https:\/\/www.miisoo.com\/intelligent-pronunciation-heating-system\/","name":"Intelligent Pronunciation Heating System - MiisooDoll","isPartOf":{"@id":"https:\/\/www.miisoo.com\/#website"},"primaryImageOfPage":{"@id":"https:\/\/www.miisoo.com\/intelligent-pronunciation-heating-system\/#primaryimage"},"image":{"@id":"https:\/\/www.miisoo.com\/intelligent-pronunciation-heating-system\/#primaryimage"},"thumbnailUrl":"https:\/\/www.miisoo.com\/wp-content\/uploads\/2020\/12\/banner-sex-doll-1.jpg","datePublished":"2020-09-14T06:46:29+00:00","dateModified":"2023-12-22T12:20:26+00:00","description":"Achieve linguistic excellence with MiisooDoll's Pronunciation Heating System. Precision in every spoken word. Clear, concise, confident speech with MiisooDoll's","breadcrumb":{"@id":"https:\/\/www.miisoo.com\/intelligent-pronunciation-heating-system\/#breadcrumb"},"inLanguage":"hu","potentialAction":[{"@type":"ReadAction","target":["https:\/\/www.miisoo.com\/intelligent-pronunciation-heating-system\/"]}]},{"@type":"ImageObject","inLanguage":"hu","@id":"https:\/\/www.miisoo.com\/intelligent-pronunciation-heating-system\/#primaryimage","url":"https:\/\/www.miisoo.com\/wp-content\/uploads\/2020\/12\/banner-sex-doll-1.jpg","contentUrl":"https:\/\/www.miisoo.com\/wp-content\/uploads\/2020\/12\/banner-sex-doll-1.jpg"},{"@type":"BreadcrumbList","@id":"https:\/\/www.miisoo.com\/intelligent-pronunciation-heating-system\/#breadcrumb","itemListElement":[{"@type":"ListItem","position":1,"name":"Home","item":"https:\/\/www.miisoo.com\/"},{"@type":"ListItem","position":2,"name":"Intelligent Pronunciation Heating System"}]},{"@type":"WebSite","@id":"https:\/\/www.miisoo.com\/#website","url":"https:\/\/www.miisoo.com\/","name":"MiisooDoll","description":"Sexual Doll, Real Sex Dolls, Love Doll, Best Sex Dolls","publisher":{"@id":"https:\/\/www.miisoo.com\/#organization"},"potentialAction":[{"@type":"SearchAction","target":{"@type":"EntryPoint","urlTemplate":"https:\/\/www.miisoo.com\/?s={search_term_string}"},"query-input":"required name=search_term_string"}],"inLanguage":"hu"},{"@type":"Organization","@id":"https:\/\/www.miisoo.com\/#organization","name":"MiisooDoll","url":"https:\/\/www.miisoo.com\/","logo":{"@type":"ImageObject","inLanguage":"hu","@id":"https:\/\/www.miisoo.com\/#\/schema\/logo\/image\/","url":"https:\/\/www.miisoo.com\/wp-content\/uploads\/2020\/09\/logo-botton.png","contentUrl":"https:\/\/www.miisoo.com\/wp-content\/uploads\/2020\/09\/logo-botton.png","width":181,"height":42,"caption":"MiisooDoll"},"image":{"@id":"https:\/\/www.miisoo.com\/#\/schema\/logo\/image\/"},"sameAs":["https:\/\/www.facebook.com\/miisoodoll","https:\/\/x.com\/MiisooSexDolls"]}]}},"_links":{"self":[{"href":"https:\/\/www.miisoo.com\/hu\/wp-json\/wp\/v2\/pages\/4339","targetHints":{"allow":["GET"]}}],"collection":[{"href":"https:\/\/www.miisoo.com\/hu\/wp-json\/wp\/v2\/pages"}],"about":[{"href":"https:\/\/www.miisoo.com\/hu\/wp-json\/wp\/v2\/types\/page"}],"author":[{"embeddable":true,"href":"https:\/\/www.miisoo.com\/hu\/wp-json\/wp\/v2\/users\/455"}],"replies":[{"embeddable":true,"href":"https:\/\/www.miisoo.com\/hu\/wp-json\/wp\/v2\/comments?post=4339"}],"version-history":[{"count":1,"href":"https:\/\/www.miisoo.com\/hu\/wp-json\/wp\/v2\/pages\/4339\/revisions"}],"predecessor-version":[{"id":34676,"href":"https:\/\/www.miisoo.com\/hu\/wp-json\/wp\/v2\/pages\/4339\/revisions\/34676"}],"wp:attachment":[{"href":"https:\/\/www.miisoo.com\/hu\/wp-json\/wp\/v2\/media?parent=4339"}],"curies":[{"name":"wp","href":"https:\/\/api.w.org\/{rel}","templated":true}]}}