{"id":3,"date":"2020-09-05T13:19:56","date_gmt":"2020-09-05T13:19:56","guid":{"rendered":"http:\/\/miisoo.com\/?page_id=3"},"modified":"2023-12-22T20:16:22","modified_gmt":"2023-12-22T12:16:22","slug":"privacy-policy","status":"publish","type":"page","link":"https:\/\/www.miisoo.com\/hu\/privacy-policy\/","title":{"rendered":"Adatv\u00e9delmi ir\u00e1nyelvek"},"content":{"rendered":"<div data-elementor-type=\"wp-page\" data-elementor-id=\"3\" class=\"elementor elementor-3\" data-elementor-post-type=\"page\">\n\t\t\t\t\t\t<section class=\"elementor-section elementor-top-section elementor-element elementor-element-c76458e elementor-section-boxed elementor-section-height-default elementor-section-height-default\" data-id=\"c76458e\" data-element_type=\"section\">\n\t\t\t\t\t\t<div class=\"elementor-container elementor-column-gap-default\">\n\t\t\t\t\t<div class=\"elementor-column elementor-col-25 elementor-top-column elementor-element elementor-element-8b5e8e1\" data-id=\"8b5e8e1\" data-element_type=\"column\">\n\t\t\t<div class=\"elementor-widget-wrap\">\n\t\t\t\t\t\t\t<\/div>\n\t\t<\/div>\n\t\t\t\t<div class=\"elementor-column elementor-col-50 elementor-top-column elementor-element elementor-element-5afa608\" data-id=\"5afa608\" data-element_type=\"column\">\n\t\t\t<div class=\"elementor-widget-wrap elementor-element-populated\">\n\t\t\t\t\t\t<div class=\"elementor-element elementor-element-1111958 elementor-widget elementor-widget-text-editor\" data-id=\"1111958\" data-element_type=\"widget\" data-widget_type=\"text-editor.default\">\n\t\t\t\t<div class=\"elementor-widget-container\">\n\t\t\t\t\t\t\t\t\t<p>A MIISOO az ezen az oldalon gy\u0171jt\u00f6tt inform\u00e1ci\u00f3k kiz\u00e1r\u00f3lagos tulajdonosa, ezeket az inform\u00e1ci\u00f3kat nem adjuk el, nem adjuk b\u00e9rbe vagy osztjuk meg m\u00e1s c\u00e9ggel marketing c\u00e9lb\u00f3l. Tudjuk, hogy t\u00f6r\u0151dik szem\u00e9lyes adatainak felhaszn\u00e1l\u00e1s\u00e1val \u00e9s megoszt\u00e1s\u00e1val, \u00e9s nagyra \u00e9rt\u00e9kelj\u00fck a bel\u00e9nk vetett bizalm\u00e1t. Szem\u00e9lyes adatait a legmagasabb biztons\u00e1gi, v\u00e9delmi \u00e9s titoktart\u00e1si el\u0151\u00edr\u00e1sok szerint kezelj\u00fck.<\/p>\n<p><strong>K. Agg\u00f3dom a mag\u00e1n\u00e9letem miatt. Hogyan v\u00e9dheti meg a titoktart\u00e1somat?<\/strong><\/p>\n<p>V. Nagyon agg\u00f3dunk az elektronikus adatv\u00e9delem miatt, tekintve, hogy internet-alap\u00fa v\u00e1llalkoz\u00e1s vagyunk. A rendel\u00e9si \u00e9s teljes\u00edt\u00e9si folyamat sor\u00e1n v\u00e9dj\u00fck az \u00d6n mag\u00e1n\u00e9let\u00e9t, bizalmas kezel\u00e9s\u00e9t \u00e9s szem\u00e9lyes adatait. Az \u00d6n adatait nem t\u00e1roljuk sz\u00e1m\u00edt\u00f3g\u00e9pen, \u00edgy ez azt jelenti, hogy nincs m\u00f3d arra, hogy szem\u00e9lyes adatait \u00d6n ellen felhaszn\u00e1lj\u00e1k, vagy harmadik f\u00e9l webhely\u00e9n ellopj\u00e1k azokat. Az\u00e1ltal is v\u00e9dj\u00fck az \u00d6n szem\u00e9lyes adatait, hogy \u00e9rt\u00e9kes\u00edt\u00e9si munkat\u00e1rsainkat seg\u00edt\u0151k\u00e9szre \u00e9s mindenekel\u0151tt diszkr\u00e9tre tan\u00edtjuk. Adminisztrat\u00edv munkat\u00e1rsaink senkivel nem t\u00e1rgyalnak \u00d6nr\u0151l vagy v\u00e1llalkoz\u00e1s\u00e1r\u00f3l. Biztos lehet benne, hogy azonnal elfelejt\u00fcnk mindent, amit felhalmozunk rajtad. Nem t\u00e1rolunk ilyen inform\u00e1ci\u00f3kat, \u00edgy nem kell agg\u00f3dnia.<\/p>\n<p>Valamennyi \u00e9rt\u00e9kes\u00edt\u00e9si munkat\u00e1rsunkat k\u00e9zzel v\u00e1lasztj\u00e1k ki \u00e9s k\u00e9pezik ki, hogy megbizonyosodjanak arr\u00f3l, hogyan kell meg\u0151rizni az \u00fcgyfelek bizalmas kezel\u00e9s\u00e9t. A titoktart\u00e1si szab\u00e1lyokat megszeg\u0151 alkalmazottak nem maradhatnak itt. Munkat\u00e1rsaink sem vitatj\u00e1k meg egym\u00e1s k\u00f6z\u00f6tt az \u00fcgyfeleket vagy v\u00e1s\u00e1rl\u00e1saikat. Megtan\u00edtjuk \u0151ket arra, hogy az ilyen t\u00e9tlen pletyk\u00e1k egyszer\u0171en nem hasznosak vagy hasznosak, ez\u00e9rt a legjobb m\u00f3dja annak, hogy megbirk\u00f3zzunk vele, ha egyszer\u0171en nem csin\u00e1ljuk. Nem \u00e9lvezheti teljes m\u00e9rt\u00e9kben a v\u00e1s\u00e1rl\u00e1st, ha agg\u00f3dik amiatt, hogy szem\u00e9lyes v\u00e1llalkoz\u00e1sa nyilv\u00e1noss\u00e1gra ker\u00fcl.<\/p>\n<p>A szexbab\u00e1k v\u00e1s\u00e1rl\u00e1sa teljesen titokban marad mindaddig, am\u00edg b\u00e1rmit mondunk r\u00f3la. Az elej\u00e9t\u0151l a v\u00e9g\u00e9ig meg\u0151rizz\u00fck mag\u00e1n\u00e9let\u00e9t, \u00e9s soha nem mondunk le err\u0151l a pontr\u00f3l. Miut\u00e1n tudja, hogy mag\u00e1n\u00e9lete v\u00e9dett, h\u00e1trad\u0151lhet, laz\u00edthat, \u00e9s \u00e9lvezheti, amit v\u00e1s\u00e1rolt. Min\u00e9l nyugodtabb, ann\u00e1l jobban fog sz\u00f3rakozni, \u00e9s min\u00e9l jobban sz\u00f3rakozik, ann\u00e1l jobban v\u00e9gezt\u00fck a munk\u00e1nkat. Nem nyugszunk, am\u00edg nem tudjuk, hogy el\u00e9gedett vagy. Az \u00d6n el\u00e9gedetts\u00e9ge \u00e9s a szexbab\u00e1val kapcsolatos \u00e9lm\u00e9nye rendk\u00edv\u00fcl fontos sz\u00e1munkra.<\/p>\n<h3>Milyen inform\u00e1ci\u00f3kat gy\u0171jt\u00fcnk?<\/h3>\n<p>Adatokat gy\u0171jt\u00fcnk \u00d6nt\u0151l, amikor regisztr\u00e1l oldalunkra, megrendeli, vagy feliratkozik h\u00edrlevel\u00fcnkre.<\/p>\n<p>Az oldalunkon t\u00f6rt\u00e9n\u0151 rendel\u00e9skor vagy regisztr\u00e1ci\u00f3kor adott esetben megk\u00e9rhetj\u00fck \u00d6nt: neve, e-mail c\u00edme, levelez\u00e9si c\u00edme vagy telefonsz\u00e1ma. Oldalunkat azonban n\u00e9vtelen\u00fcl is megl\u00e1togathatja.<\/p>\n<h3>Mire haszn\u00e1ljuk az adataidat?<\/h3>\n<p>Az \u00d6nt\u0151l gy\u0171jt\u00f6tt inform\u00e1ci\u00f3k b\u00e1rmelyike felhaszn\u00e1lhat\u00f3 a k\u00f6vetkez\u0151 m\u00f3dok egyik\u00e9n:<\/p>\n<p>Az \u00e9lm\u00e9ny szem\u00e9lyre szab\u00e1s\u00e1hoz:<br>(inform\u00e1ci\u00f3i seg\u00edtenek abban, hogy jobban megfelelj\u00fcnk az \u00d6n egy\u00e9ni ig\u00e9nyeinek)<\/p>\n<p>A tranzakci\u00f3k feldolgoz\u00e1s\u00e1hoz:<br>Az \u00d6n adatai, legyenek ak\u00e1r nyilv\u00e1nosak, ak\u00e1r mag\u00e1njelleg\u0171ek, semmilyen okb\u00f3l nem adj\u00e1k el, cser\u00e9lik ki, nem adj\u00e1k \u00e1t vagy adj\u00e1k \u00e1t m\u00e1s t\u00e1rsas\u00e1gnak semmilyen okb\u00f3l az \u00d6n hozz\u00e1j\u00e1rul\u00e1sa n\u00e9lk\u00fcl, kiv\u00e9ve a v\u00e1s\u00e1rolt term\u00e9k vagy szolg\u00e1ltat\u00e1s sz\u00e1ll\u00edt\u00e1s\u00e1nak kifejezett c\u00e9lj\u00e1t.<\/p>\n<p>Id\u0151szakos e-mailek k\u00fcld\u00e9se:<br>A megrendel\u00e9s feldolgoz\u00e1s\u00e1hoz megadott e-mail c\u00edmet felhaszn\u00e1lhatjuk a megrendel\u00e9s\u00e9vel kapcsolatos inform\u00e1ci\u00f3k \u00e9s friss\u00edt\u00e9sek k\u00fcld\u00e9s\u00e9re. Amellett, hogy alkalmank\u00e9nt kaphat c\u00e9ges h\u00edreket, friss\u00edt\u00e9seket, kapcsol\u00f3d\u00f3 term\u00e9k- vagy szolg\u00e1ltat\u00e1sinform\u00e1ci\u00f3kat stb.<br>Megjegyz\u00e9s: Ha b\u00e1rmikor le szeretne iratkozni a j\u00f6v\u0151beni e-mailekr\u0151l, minden e-mail alj\u00e1n r\u00e9szletes leiratkoz\u00e1si utas\u00edt\u00e1sokat adunk.<\/p>\n<h3 class=\"m_top\">Hogyan v\u00e9dj\u00fck adatait?<\/h3>\n<p class=\"m_bottom\">K\u00fcl\u00f6nf\u00e9le biztons\u00e1gi int\u00e9zked\u00e9seket vezet\u00fcnk be szem\u00e9lyes adatai biztons\u00e1g\u00e1nak meg\u0151rz\u00e9se \u00e9rdek\u00e9ben, amikor megrendel\u00e9st ad le, illetve megadja, elk\u00fcldi vagy hozz\u00e1f\u00e9r szem\u00e9lyes adataihoz.<br>Biztons\u00e1gos szerver haszn\u00e1lat\u00e1t aj\u00e1nljuk. Az \u00f6sszes \u00e1tadott \u00e9rz\u00e9keny\/hitelinform\u00e1ci\u00f3t Secure Socket Layer (SSL) technol\u00f3gi\u00e1n kereszt\u00fcl tov\u00e1bb\u00edtjuk, majd a fizet\u00e9si \u00e1tj\u00e1r\u00f3 szolg\u00e1ltat\u00f3i adatb\u00e1zisunkba titkos\u00edtjuk, hogy csak azok f\u00e9rhessenek hozz\u00e1, akik rendelkeznek speci\u00e1lis hozz\u00e1f\u00e9r\u00e9si jogokkal az ilyen rendszerekhez, \u00e9s k\u00f6telesek az inform\u00e1ci\u00f3kat bizalmasan kezelni.<br>A tranzakci\u00f3t k\u00f6vet\u0151en az \u00d6n szem\u00e9lyes adatai (hitelk\u00e1rty\u00e1k, t\u00e1rsadalombiztos\u00edt\u00e1si sz\u00e1mok, p\u00e9nz\u00fcgyi adatok stb.) nem ker\u00fclnek t\u00e1rol\u00e1sra szervereinken.<\/p>\n<h3>Haszn\u00e1lunk s\u00fctiket?<\/h3>\n<p>es. A cookie-k olyan kis f\u00e1jlok, amelyeket egy webhely vagy szolg\u00e1ltat\u00f3ja az \u00d6n webb\u00f6ng\u00e9sz\u0151j\u00e9n kereszt\u00fcl a sz\u00e1m\u00edt\u00f3g\u00e9p merevlemez\u00e9re helyez \u00e1t (ha enged\u00e9lyezi), amelyek lehet\u0151v\u00e9 teszik, hogy a webhelyek vagy a szolg\u00e1ltat\u00f3 rendszerei felismerj\u00e9k az \u00d6n b\u00f6ng\u00e9sz\u0151j\u00e9t, \u00e9s r\u00f6gz\u00edtsenek \u00e9s megjegyezzenek bizonyos inform\u00e1ci\u00f3kat. Cookie-kat haszn\u00e1lunk, hogy seg\u00edtsenek nek\u00fcnk. eml\u00e9kezzen \u00e9s dolgozzon fel a bev\u00e1s\u00e1rl\u00f3kosar\u00e1ban l\u00e9v\u0151 t\u00e9telekre, meg\u00e9rtse \u00e9s mentse el preferenci\u00e1it a j\u00f6v\u0151beli l\u00e1togat\u00e1sokhoz, k\u00f6vesse nyomon a hirdet\u00e9seket, \u00e9s \u00e1ll\u00edtson \u00f6ssze \u00f6sszes\u00edtett adatokat a webhely forgalm\u00e1r\u00f3l \u00e9s a webhely interakci\u00f3j\u00e1r\u00f3l, hogy a j\u00f6v\u0151ben jobb webhely\u00e9lm\u00e9nyt \u00e9s eszk\u00f6z\u00f6ket k\u00edn\u00e1lhassunk.<\/p>\n<h3>Kiadunk-e b\u00e1rmilyen inform\u00e1ci\u00f3t k\u00fcls\u0151 feleknek?<\/h3>\n<p>Nem adjuk el, nem keresked\u00fcnk vagy m\u00e1s m\u00f3don nem adjuk \u00e1t k\u00fcls\u0151 feleknek az \u00d6n szem\u00e9lyazonos\u00edt\u00e1sra alkalmas adatait. Ez nem vonatkozik a megb\u00edzhat\u00f3 harmadik felekre, akik seg\u00edtenek nek\u00fcnk weboldalunk m\u0171k\u00f6dtet\u00e9s\u00e9ben, \u00fczletvitel\u00fcnkben vagy az \u00d6n kiszolg\u00e1l\u00e1s\u00e1ban, mindaddig, am\u00edg ezek a felek beleegyeznek, hogy ezeket az inform\u00e1ci\u00f3kat bizalmasan kezelik. Akkor is kiadhatjuk az \u00d6n adatait, ha \u00fagy gondoljuk, hogy a kiad\u00e1s megfelel\u0151 a t\u00f6rv\u00e9nynek val\u00f3 megfelel\u00e9s, a webhelyre vonatkoz\u00f3 ir\u00e1nyelveink \u00e9rv\u00e9nyes\u00edt\u00e9se, illetve a mi vagy m\u00e1sok jogainak, tulajdon\u00e1nak vagy biztons\u00e1g\u00e1nak v\u00e9delme \u00e9rdek\u00e9ben. Mindazon\u00e1ltal a l\u00e1togat\u00f3i szem\u00e9lyazonos\u00edt\u00e1sra nem alkalmas adatokat \u00e1tadhatjuk m\u00e1s feleknek marketing, rekl\u00e1moz\u00e1s vagy egy\u00e9b c\u00e9lokra.<\/p>\n<h3>Harmadik f\u00e9lt\u0151l sz\u00e1rmaz\u00f3 linkek<\/h3>\n<p>Alkalmank\u00e9nt saj\u00e1t bel\u00e1t\u00e1sunk szerint harmadik f\u00e9lt\u0151l sz\u00e1rmaz\u00f3 term\u00e9keket vagy szolg\u00e1ltat\u00e1sokat is megjelen\u00edthet\u00fcnk vagy k\u00edn\u00e1lhatunk webhely\u00fcnk\u00f6n. Ezek a harmadik f\u00e9l webhelyei k\u00fcl\u00f6n\u00e1ll\u00f3 \u00e9s f\u00fcggetlen adatv\u00e9delmi szab\u00e1lyzattal rendelkeznek. ez\u00e9rt nem v\u00e1llalunk felel\u0151ss\u00e9get ezen linkelt oldalak tartalm\u00e1\u00e9rt \u00e9s tev\u00e9kenys\u00e9g\u00e9\u00e9rt. Ennek ellen\u00e9re igyeksz\u00fcnk megv\u00e9deni webhely\u00fcnk integrit\u00e1s\u00e1t, \u00e9s sz\u00edvesen fogadunk minden visszajelz\u00e9st ezekkel a webhelyekkel kapcsolatban.<\/p>\n<p class=\"m_bottom\">\n<\/p><h3>A gyermekek online adatv\u00e9delmi v\u00e9delm\u00e9r\u0151l sz\u00f3l\u00f3 t\u00f6rv\u00e9nynek val\u00f3 megfelel\u00e9s<\/h3>\n<p>Megfelel\u00fcnk a COPPA (Children&#039;s Online Privacy Protection Act) k\u00f6vetelm\u00e9nyeinek. 13 \u00e9ven aluliakt\u00f3l nem gy\u0171jt\u00fcnk semmilyen inform\u00e1ci\u00f3t. Weboldalunk, term\u00e9keink \u00e9s szolg\u00e1ltat\u00e1saink legal\u00e1bb 13 \u00e9ves vagy id\u0151sebb szem\u00e9lyeknek sz\u00f3lnak.<\/p>\n<h3>Csak online adatv\u00e9delmi szab\u00e1lyzat<\/h3>\n<p>Ez az online adatv\u00e9delmi szab\u00e1lyzat csak a weboldalunkon kereszt\u00fcl gy\u0171jt\u00f6tt inform\u00e1ci\u00f3kra vonatkozik, az offline gy\u0171jt\u00f6tt inform\u00e1ci\u00f3kra nem.<\/p>\n<h3>Felhaszn\u00e1l\u00e1si felt\u00e9telek<\/h3>\n<p>K\u00e9rj\u00fck, l\u00e1togassa meg az \u00c1ltal\u00e1nos Szerz\u0151d\u00e9si Felt\u00e9telek szakaszt is, amely meghat\u00e1rozza a weboldalunk haszn\u00e1lat\u00e1t, a felel\u0151ss\u00e9gkiz\u00e1r\u00e1sokat \u00e9s a felel\u0151ss\u00e9g korl\u00e1toz\u00e1sait a k\u00f6vetkez\u0151 c\u00edmen:&nbsp;<a href=\"https:\/\/www.miisoo.com\/hu\/\" target=\"_blank\" style=\"font-family: inherit; font-weight: var( --e-global-typography-text-font-weight ); background-color: rgb(255, 255, 255);\">www.miisoo.com<\/a><\/p>\n<h3>Az \u00d6n hozz\u00e1j\u00e1rul\u00e1sa<\/h3>\n<p>Oldalunk haszn\u00e1lat\u00e1val \u00d6n elfogadja weboldalunk adatv\u00e9delmi szab\u00e1lyzat\u00e1t.<\/p>\n<h3>Adatv\u00e9delmi szab\u00e1lyzatunk v\u00e1ltoz\u00e1sai<\/h3>\n<p>Ha \u00fagy d\u00f6nt\u00fcnk, hogy m\u00f3dos\u00edtjuk az adatv\u00e9delmi szab\u00e1lyzatunkat, az al\u00e1bbiakban friss\u00edtj\u00fck az Adatv\u00e9delmi szab\u00e1lyzat m\u00f3dos\u00edt\u00e1s\u00e1nak d\u00e1tum\u00e1t.<br>A szab\u00e1lyzat legut\u00f3bbi m\u00f3dos\u00edt\u00e1s\u00e1nak id\u0151pontja: 2018.03.06<\/p>\t\t\t\t\t\t\t\t<\/div>\n\t\t\t\t<\/div>\n\t\t\t\t\t<\/div>\n\t\t<\/div>\n\t\t\t\t<div class=\"elementor-column elementor-col-25 elementor-top-column elementor-element elementor-element-df603f8\" data-id=\"df603f8\" data-element_type=\"column\">\n\t\t\t<div class=\"elementor-widget-wrap\">\n\t\t\t\t\t\t\t<\/div>\n\t\t<\/div>\n\t\t\t\t\t<\/div>\n\t\t<\/section>\n\t\t\t\t<\/div>","protected":false},"excerpt":{"rendered":"<p>MIISOO is the sole owner of the information we collect at this site, we do not sell, rent or share this information with any other company for the purpose of marketing. We know that you care how your personal information is used and shared, and we appreciate your trust in us. We treat your personal&hellip;<\/p>","protected":false},"author":455,"featured_media":0,"parent":0,"menu_order":0,"comment_status":"closed","ping_status":"open","template":"","meta":{"footnotes":""},"class_list":["post-3","page","type-page","status-publish","hentry"],"yoast_head":"<!-- This site is optimized with the Yoast SEO Premium plugin v22.6 (Yoast SEO v22.9) - https:\/\/yoast.com\/wordpress\/plugins\/seo\/ -->\n<title>Privacy Policy | Cheap Real Sex Dolls | MiisooDoll<\/title>\n<meta name=\"description\" content=\"Review MiisooDoll&#039;s privacy policy for transparent handling of data. Shop confidently for cheap real sex dolls. Your privacy, our priority at MiisooDoll.\" \/>\n<meta name=\"robots\" content=\"index, follow, max-snippet:-1, max-image-preview:large, max-video-preview:-1\" \/>\n<link rel=\"canonical\" href=\"https:\/\/www.miisoo.com\/hu\/privacy-policy\/\" \/>\n<meta property=\"og:locale\" content=\"hu_HU\" \/>\n<meta property=\"og:type\" content=\"article\" \/>\n<meta property=\"og:title\" content=\"Privacy Policy\" \/>\n<meta property=\"og:description\" content=\"Review MiisooDoll&#039;s privacy policy for transparent handling of data. Shop confidently for cheap real sex dolls. Your privacy, our priority at MiisooDoll.\" \/>\n<meta property=\"og:url\" content=\"https:\/\/www.miisoo.com\/hu\/privacy-policy\/\" \/>\n<meta property=\"og:site_name\" content=\"MiisooDoll\" \/>\n<meta property=\"article:publisher\" content=\"https:\/\/www.facebook.com\/miisoodoll\" \/>\n<meta property=\"article:modified_time\" content=\"2023-12-22T12:16:22+00:00\" \/>\n<meta name=\"twitter:card\" content=\"summary_large_image\" \/>\n<meta name=\"twitter:site\" content=\"@MiisooSexDolls\" \/>\n<meta name=\"twitter:label1\" content=\"Becs\u00fclt olvas\u00e1si id\u0151\" \/>\n\t<meta name=\"twitter:data1\" content=\"5 perc\" \/>\n<!-- \/ Yoast SEO Premium plugin. -->","yoast_head_json":{"title":"Privacy Policy | Cheap Real Sex Dolls | MiisooDoll","description":"Review MiisooDoll's privacy policy for transparent handling of data. Shop confidently for cheap real sex dolls. Your privacy, our priority at MiisooDoll.","robots":{"index":"index","follow":"follow","max-snippet":"max-snippet:-1","max-image-preview":"max-image-preview:large","max-video-preview":"max-video-preview:-1"},"canonical":"https:\/\/www.miisoo.com\/hu\/privacy-policy\/","og_locale":"hu_HU","og_type":"article","og_title":"Privacy Policy","og_description":"Review MiisooDoll's privacy policy for transparent handling of data. Shop confidently for cheap real sex dolls. Your privacy, our priority at MiisooDoll.","og_url":"https:\/\/www.miisoo.com\/hu\/privacy-policy\/","og_site_name":"MiisooDoll","article_publisher":"https:\/\/www.facebook.com\/miisoodoll","article_modified_time":"2023-12-22T12:16:22+00:00","twitter_card":"summary_large_image","twitter_site":"@MiisooSexDolls","twitter_misc":{"Becs\u00fclt olvas\u00e1si id\u0151":"5 perc"},"schema":{"@context":"https:\/\/schema.org","@graph":[{"@type":"WebPage","@id":"https:\/\/www.miisoo.com\/nl\/privacy-policy\/","url":"https:\/\/www.miisoo.com\/nl\/privacy-policy\/","name":"Privacy Policy | Cheap Real Sex Dolls | MiisooDoll","isPartOf":{"@id":"https:\/\/www.miisoo.com\/#website"},"datePublished":"2020-09-05T13:19:56+00:00","dateModified":"2023-12-22T12:16:22+00:00","description":"Review MiisooDoll's privacy policy for transparent handling of data. Shop confidently for cheap real sex dolls. Your privacy, our priority at MiisooDoll.","breadcrumb":{"@id":"https:\/\/www.miisoo.com\/nl\/privacy-policy\/#breadcrumb"},"inLanguage":"hu","potentialAction":[{"@type":"ReadAction","target":["https:\/\/www.miisoo.com\/nl\/privacy-policy\/"]}]},{"@type":"BreadcrumbList","@id":"https:\/\/www.miisoo.com\/nl\/privacy-policy\/#breadcrumb","itemListElement":[{"@type":"ListItem","position":1,"name":"Home","item":"https:\/\/www.miisoo.com\/"},{"@type":"ListItem","position":2,"name":"Privacy Policy"}]},{"@type":"WebSite","@id":"https:\/\/www.miisoo.com\/#website","url":"https:\/\/www.miisoo.com\/","name":"MiisooDoll","description":"Sexual Doll, Real Sex Dolls, Love Doll, Best Sex Dolls","publisher":{"@id":"https:\/\/www.miisoo.com\/#organization"},"potentialAction":[{"@type":"SearchAction","target":{"@type":"EntryPoint","urlTemplate":"https:\/\/www.miisoo.com\/?s={search_term_string}"},"query-input":"required name=search_term_string"}],"inLanguage":"hu"},{"@type":"Organization","@id":"https:\/\/www.miisoo.com\/#organization","name":"MiisooDoll","url":"https:\/\/www.miisoo.com\/","logo":{"@type":"ImageObject","inLanguage":"hu","@id":"https:\/\/www.miisoo.com\/#\/schema\/logo\/image\/","url":"https:\/\/www.miisoo.com\/wp-content\/uploads\/2020\/09\/logo-botton.png","contentUrl":"https:\/\/www.miisoo.com\/wp-content\/uploads\/2020\/09\/logo-botton.png","width":181,"height":42,"caption":"MiisooDoll"},"image":{"@id":"https:\/\/www.miisoo.com\/#\/schema\/logo\/image\/"},"sameAs":["https:\/\/www.facebook.com\/miisoodoll","https:\/\/x.com\/MiisooSexDolls"]}]}},"_links":{"self":[{"href":"https:\/\/www.miisoo.com\/hu\/wp-json\/wp\/v2\/pages\/3","targetHints":{"allow":["GET"]}}],"collection":[{"href":"https:\/\/www.miisoo.com\/hu\/wp-json\/wp\/v2\/pages"}],"about":[{"href":"https:\/\/www.miisoo.com\/hu\/wp-json\/wp\/v2\/types\/page"}],"author":[{"embeddable":true,"href":"https:\/\/www.miisoo.com\/hu\/wp-json\/wp\/v2\/users\/455"}],"replies":[{"embeddable":true,"href":"https:\/\/www.miisoo.com\/hu\/wp-json\/wp\/v2\/comments?post=3"}],"version-history":[{"count":1,"href":"https:\/\/www.miisoo.com\/hu\/wp-json\/wp\/v2\/pages\/3\/revisions"}],"predecessor-version":[{"id":34673,"href":"https:\/\/www.miisoo.com\/hu\/wp-json\/wp\/v2\/pages\/3\/revisions\/34673"}],"wp:attachment":[{"href":"https:\/\/www.miisoo.com\/hu\/wp-json\/wp\/v2\/media?parent=3"}],"curies":[{"name":"wp","href":"https:\/\/api.w.org\/{rel}","templated":true}]}}