{"id":1955,"date":"2017-12-18T10:08:41","date_gmt":"2017-12-18T10:08:41","guid":{"rendered":"http:\/\/demo2.drfuri.com\/martfury13\/?page_id=1955"},"modified":"2023-12-22T20:23:27","modified_gmt":"2023-12-22T12:23:27","slug":"payment-methods","status":"publish","type":"page","link":"https:\/\/www.miisoo.com\/hu\/payment-methods\/","title":{"rendered":"fizet\u00e9si m\u00f3dok"},"content":{"rendered":"<div data-elementor-type=\"wp-post\" data-elementor-id=\"1955\" class=\"elementor elementor-1955\" data-elementor-post-type=\"page\">\n\t\t\t\t\t\t<section class=\"elementor-section elementor-top-section elementor-element elementor-element-4e37ace4 elementor-section-boxed elementor-section-height-default elementor-section-height-default\" data-id=\"4e37ace4\" data-element_type=\"section\">\n\t\t\t\t\t\t<div class=\"elementor-container elementor-column-gap-default\">\n\t\t\t\t\t<div class=\"elementor-column elementor-col-100 elementor-top-column elementor-element elementor-element-640451c4\" data-id=\"640451c4\" data-element_type=\"column\">\n\t\t\t<div class=\"elementor-widget-wrap elementor-element-populated\">\n\t\t\t\t\t\t<div class=\"elementor-element elementor-element-18158806 elementor-widget elementor-widget-spacer\" data-id=\"18158806\" data-element_type=\"widget\" data-widget_type=\"spacer.default\">\n\t\t\t\t<div class=\"elementor-widget-container\">\n\t\t\t\t\t\t\t<div class=\"elementor-spacer\">\n\t\t\t<div class=\"elementor-spacer-inner\"><\/div>\n\t\t<\/div>\n\t\t\t\t\t\t<\/div>\n\t\t\t\t<\/div>\n\t\t\t\t<div class=\"elementor-element elementor-element-49224bca elementor-widget elementor-widget-heading\" data-id=\"49224bca\" data-element_type=\"widget\" data-widget_type=\"heading.default\">\n\t\t\t\t<div class=\"elementor-widget-container\">\n\t\t\t\t\t<h3 class=\"elementor-heading-title elementor-size-medium\">Mostant\u00f3l a k\u00f6vetkez\u0151 fizet\u00e9si m\u00f3dokat fogadjuk el, k\u00e9rj\u00fck, tudassa vel\u00fcnk, melyiket r\u00e9szes\u00edti el\u0151nyben, hogy az al\u00e1bbi inform\u00e1ci\u00f3kat k\u00edn\u00e1lhassuk:<\/h3>\t\t\t\t<\/div>\n\t\t\t\t<\/div>\n\t\t\t\t<div class=\"elementor-element elementor-element-7c4a7baf elementor-widget elementor-widget-spacer\" data-id=\"7c4a7baf\" data-element_type=\"widget\" data-widget_type=\"spacer.default\">\n\t\t\t\t<div class=\"elementor-widget-container\">\n\t\t\t\t\t\t\t<div class=\"elementor-spacer\">\n\t\t\t<div class=\"elementor-spacer-inner\"><\/div>\n\t\t<\/div>\n\t\t\t\t\t\t<\/div>\n\t\t\t\t<\/div>\n\t\t\t\t\t<\/div>\n\t\t<\/div>\n\t\t\t\t\t<\/div>\n\t\t<\/section>\n\t\t\t\t<section class=\"elementor-section elementor-top-section elementor-element elementor-element-17b51d32 elementor-section-boxed elementor-section-height-default elementor-section-height-default\" data-id=\"17b51d32\" data-element_type=\"section\">\n\t\t\t\t\t\t<div class=\"elementor-container elementor-column-gap-default\">\n\t\t\t\t\t<div class=\"elementor-column elementor-col-33 elementor-top-column elementor-element elementor-element-7406886e\" data-id=\"7406886e\" data-element_type=\"column\">\n\t\t\t<div class=\"elementor-widget-wrap elementor-element-populated\">\n\t\t\t\t\t\t<div class=\"elementor-element elementor-element-4f2a4ffd elementor-widget elementor-widget-mf-elementor-icon-box\" data-id=\"4f2a4ffd\" data-element_type=\"widget\" data-widget_type=\"mf-elementor-icon-box.default\">\n\t\t\t\t<div class=\"elementor-widget-container\">\n\t\t\t\t\t<div class=\"mf-elementor-icon-box align-icon-center\">\r\n\t\t\t\t<div class=\"mf-icon-area box-img\"><img decoding=\"async\" width=\"142\" height=\"90\" src=\"https:\/\/www.miisoo.com\/wp-content\/uploads\/2019\/05\/icon-box-1.png\" class=\"attachment-full size-full wp-image-2791\" alt=\"\" \/><\/div>\r\n\t\t\t\t<div class=\"box-wrapper\">\r\n\t\t\t\t\t<h3 class=\"box-title\"><span class=\"\" >Biztons\u00e1gos<\/span><\/h3>\r\n\t\t\t\t\t<div class=\"desc\">Amikor sz\u00e1ml\u00e1kat fizet, p\u00e9nzt k\u00fcld vagy v\u00e1s\u00e1rol, kem\u00e9nyen dolgozik, hogy meg\u0151rizze p\u00e9nz\u00fcgyi adatait.<\/div>\r\n\t\t\t\t\t\r\n\t\t\t\t<\/div>\r\n\t\t\t<\/div>\t\t\t\t<\/div>\n\t\t\t\t<\/div>\n\t\t\t\t<div class=\"elementor-element elementor-element-4abcdcc3 elementor-widget elementor-widget-spacer\" data-id=\"4abcdcc3\" data-element_type=\"widget\" data-widget_type=\"spacer.default\">\n\t\t\t\t<div class=\"elementor-widget-container\">\n\t\t\t\t\t\t\t<div class=\"elementor-spacer\">\n\t\t\t<div class=\"elementor-spacer-inner\"><\/div>\n\t\t<\/div>\n\t\t\t\t\t\t<\/div>\n\t\t\t\t<\/div>\n\t\t\t\t\t<\/div>\n\t\t<\/div>\n\t\t\t\t<div class=\"elementor-column elementor-col-33 elementor-top-column elementor-element elementor-element-1732b80d\" data-id=\"1732b80d\" data-element_type=\"column\">\n\t\t\t<div class=\"elementor-widget-wrap elementor-element-populated\">\n\t\t\t\t\t\t<div class=\"elementor-element elementor-element-5e12dcb2 elementor-widget elementor-widget-mf-elementor-icon-box\" data-id=\"5e12dcb2\" data-element_type=\"widget\" data-widget_type=\"mf-elementor-icon-box.default\">\n\t\t\t\t<div class=\"elementor-widget-container\">\n\t\t\t\t\t<div class=\"mf-elementor-icon-box align-icon-center\">\r\n\t\t\t\t<div class=\"mf-icon-area box-img\"><img decoding=\"async\" width=\"142\" height=\"90\" src=\"https:\/\/www.miisoo.com\/wp-content\/uploads\/2019\/05\/icon-box-1.png\" class=\"attachment-full size-full wp-image-2791\" alt=\"\" \/><\/div>\r\n\t\t\t\t<div class=\"box-wrapper\">\r\n\t\t\t\t\t<h3 class=\"box-title\"><span class=\"\" >Gyors<\/span><\/h3>\r\n\t\t\t\t\t<div class=\"desc\">Nem kell minden v\u00e1s\u00e1rl\u00e1skor megadnia minden p\u00e9nz\u00fcgyi adat\u00e1t. Gyors\u00edtsa fel a fizet\u00e9st a PayPal seg\u00edts\u00e9g\u00e9vel.<\/div>\r\n\t\t\t\t\t\r\n\t\t\t\t<\/div>\r\n\t\t\t<\/div>\t\t\t\t<\/div>\n\t\t\t\t<\/div>\n\t\t\t\t<div class=\"elementor-element elementor-element-3ecec980 elementor-widget elementor-widget-spacer\" data-id=\"3ecec980\" data-element_type=\"widget\" data-widget_type=\"spacer.default\">\n\t\t\t\t<div class=\"elementor-widget-container\">\n\t\t\t\t\t\t\t<div class=\"elementor-spacer\">\n\t\t\t<div class=\"elementor-spacer-inner\"><\/div>\n\t\t<\/div>\n\t\t\t\t\t\t<\/div>\n\t\t\t\t<\/div>\n\t\t\t\t\t<\/div>\n\t\t<\/div>\n\t\t\t\t<div class=\"elementor-column elementor-col-33 elementor-top-column elementor-element elementor-element-5d1fa7a8\" data-id=\"5d1fa7a8\" data-element_type=\"column\">\n\t\t\t<div class=\"elementor-widget-wrap elementor-element-populated\">\n\t\t\t\t\t\t<div class=\"elementor-element elementor-element-4773ce6f elementor-widget elementor-widget-mf-elementor-icon-box\" data-id=\"4773ce6f\" data-element_type=\"widget\" data-widget_type=\"mf-elementor-icon-box.default\">\n\t\t\t\t<div class=\"elementor-widget-container\">\n\t\t\t\t\t<div class=\"mf-elementor-icon-box align-icon-center\">\r\n\t\t\t\t<div class=\"mf-icon-area box-img\"><img decoding=\"async\" width=\"142\" height=\"90\" src=\"https:\/\/www.miisoo.com\/wp-content\/uploads\/2019\/05\/icon-box-1.png\" class=\"attachment-full size-full wp-image-2791\" alt=\"\" \/><\/div>\r\n\t\t\t\t<div class=\"box-wrapper\">\r\n\t\t\t\t\t<h3 class=\"box-title\"><span class=\"\" >K\u00f6nnyen<\/span><\/h3>\r\n\t\t\t\t\t<div class=\"desc\">Ingyenes regisztr\u00e1ci\u00f3, v\u00e1s\u00e1rl\u00e1s \u00e9s p\u00e9nzk\u00fcld\u00e9s. egyenleg\u00e9nek vagy banksz\u00e1ml\u00e1j\u00e1nak haszn\u00e1lat\u00e1val, k\u00fcl\u00f6n k\u00f6lts\u00e9g n\u00e9lk\u00fcl.<\/div>\r\n\t\t\t\t\t\r\n\t\t\t\t<\/div>\r\n\t\t\t<\/div>\t\t\t\t<\/div>\n\t\t\t\t<\/div>\n\t\t\t\t<div class=\"elementor-element elementor-element-182e9ec1 elementor-widget elementor-widget-spacer\" data-id=\"182e9ec1\" data-element_type=\"widget\" data-widget_type=\"spacer.default\">\n\t\t\t\t<div class=\"elementor-widget-container\">\n\t\t\t\t\t\t\t<div class=\"elementor-spacer\">\n\t\t\t<div class=\"elementor-spacer-inner\"><\/div>\n\t\t<\/div>\n\t\t\t\t\t\t<\/div>\n\t\t\t\t<\/div>\n\t\t\t\t\t<\/div>\n\t\t<\/div>\n\t\t\t\t\t<\/div>\n\t\t<\/section>\n\t\t\t\t<section class=\"elementor-section elementor-top-section elementor-element elementor-element-350ff3f1 elementor-section-boxed elementor-section-height-default elementor-section-height-default\" data-id=\"350ff3f1\" data-element_type=\"section\">\n\t\t\t\t\t\t<div class=\"elementor-container elementor-column-gap-default\">\n\t\t\t\t\t<div class=\"elementor-column elementor-col-100 elementor-top-column elementor-element elementor-element-6c5c34ea\" data-id=\"6c5c34ea\" data-element_type=\"column\">\n\t\t\t<div class=\"elementor-widget-wrap elementor-element-populated\">\n\t\t\t\t\t\t<div class=\"elementor-element elementor-element-5506959 elementor-widget-divider--view-line elementor-widget elementor-widget-divider\" data-id=\"5506959\" data-element_type=\"widget\" data-widget_type=\"divider.default\">\n\t\t\t\t<div class=\"elementor-widget-container\">\n\t\t\t\t\t\t\t<div class=\"elementor-divider\">\n\t\t\t<span class=\"elementor-divider-separator\">\n\t\t\t\t\t\t<\/span>\n\t\t<\/div>\n\t\t\t\t\t\t<\/div>\n\t\t\t\t<\/div>\n\t\t\t\t<div class=\"elementor-element elementor-element-20909d1 elementor-widget elementor-widget-spacer\" data-id=\"20909d1\" data-element_type=\"widget\" data-widget_type=\"spacer.default\">\n\t\t\t\t<div class=\"elementor-widget-container\">\n\t\t\t\t\t\t\t<div class=\"elementor-spacer\">\n\t\t\t<div class=\"elementor-spacer-inner\"><\/div>\n\t\t<\/div>\n\t\t\t\t\t\t<\/div>\n\t\t\t\t<\/div>\n\t\t\t\t<div class=\"elementor-element elementor-element-e9263ce elementor-widget elementor-widget-text-editor\" data-id=\"e9263ce\" data-element_type=\"widget\" data-widget_type=\"text-editor.default\">\n\t\t\t\t<div class=\"elementor-widget-container\">\n\t\t\t\t\t\t\t\t\t<p><strong>I. m\u00f3dszer<\/strong><\/p><p><strong>Fizessen PayPal vagy Visa &amp; Master vagy m\u00e1s hitelk\u00e1rty\u00e1kkal, bet\u00e9ti k\u00e1rty\u00e1kkal a kos\u00e1r oldal\u00e1r\u00f3l.<\/strong><\/p><p>Nem kell a k\u00f6vetkez\u0151 l\u00e9p\u00e9sre l\u00e9pnie: \u201eTov\u00e1bb a p\u00e9nzt\u00e1rhoz\u201d, kattintson a PAYPAL gombra, vagy v\u00e1lassza a hitelk\u00e1rtya \u00e9s bet\u00e9ti gombot a v\u00e1s\u00e1rl\u00e1si folyamat k\u00f6zvetlen\u00fcl a kos\u00e1r oldalon t\u00f6rt\u00e9n\u0151 befejez\u00e9s\u00e9hez.<\/p><p>1. PayPal fizet\u00e9s: csak kattintson a PayPal gombra a fizet\u00e9shez, a \u201ePayPal checkout\u201d s\u00e1rga gombra.<\/p><p>2. Fizet\u00e9s bankk\u00e1rty\u00e1val vagy hitelk\u00e1rty\u00e1val: k\u00f6zvetlen\u00fcl v\u00e1lassza a Debit vagy a \u201eVisa\u00ae, MasterCard\u00ae, AmericanExpress\u00ae, Discover\u00ae hitelk\u00e1rtya stb.\u201d lehet\u0151s\u00e9get, amelyek k\u00f6z\u00fcl az egyik k\u00f6zvetlen\u00fcl a Bet\u00e9ti vagy Hitelk\u00e1rtya gombbal fizethet\u0151, k\u00f6zvetlen\u00fcl a felugr\u00f3 kattint\u00e1ssal a p\u00e1rbesz\u00e9dablakot. A sz\u00e1ml\u00e1z\u00e1si adatok \u00e9s a sz\u00e1ll\u00edt\u00e1si inform\u00e1ci\u00f3k k\u00f6zvetlen\u00fcl a hitelk\u00e1rtya-fizet\u00e9si \u00e1tj\u00e1r\u00f3ban vannak kit\u00f6ltve, a rendel\u00e9si adatok ezut\u00e1n visszaker\u00fclnek webhely\u00fcnkre. Ne agg\u00f3djon a hi\u00e1nyz\u00f3 rendel\u00e9sek \u00e9s a biztons\u00e1gi probl\u00e9m\u00e1k miatt.<\/p><p>Jellemz\u0151k \u00e9s el\u0151ny\u00f6k<\/p><p>A fizet\u00e9s feldolgoz\u00e1sa Paypal szervereken t\u00f6rt\u00e9nik, \u00edgy nem kell agg\u00f3dnia amiatt, hogy bizalmas fizet\u00e9si inform\u00e1ci\u00f3kat kezel oldalunkon.<br \/>Ez a fizet\u00e9si m\u00f3d kihagyja a fizet\u00e9si folyamatot, \u00e9s az \u00fcgyfelek a Kos\u00e1r oldalr\u00f3l elhagyj\u00e1k a webhelyet, hogy a Paypalon vagy hitelk\u00e1rtya-platformon kereszt\u00fcl befejezz\u00e9k a fizet\u00e9st.<\/p><p>M\u00f3dszer II<\/p><p>Kattintson a \u201eTov\u00e1bb a p\u00e9nzt\u00e1rhoz\u201d gombra, \u00e9s ugorjon a fizet\u00e9si oldalra<\/p><p>2. PayPal vagy hitelk\u00e1rty\u00e1s fizet\u00e9s online (aj\u00e1nlott)<\/p><p>A PayPal fizet\u00e9si rendszeren kereszt\u00fcl hitelk\u00e1rty\u00e1s fizet\u00e9st is elfogadunk. A PayPal fizet\u00e9si rendszer t\u00e1mogatja a VISA, MasterCard, Discover, eCheck \u00e9s PayPal k\u00e1rty\u00e1kat.<\/p><p>A PayPal a legbiztons\u00e1gosabb m\u00f3dja az online fizet\u00e9snek, m\u00e9g ha nem is rendelkezik PayPal-fi\u00f3kkal, akkor is fizethet bet\u00e9ti vagy hitelk\u00e1rty\u00e1val a PayPal-on kereszt\u00fcl.<\/p><p>V\u00e1lassza ki a fizet\u00e9s m\u00f3dj\u00e1t:<\/p><p>PayPal sz\u00e1ml\u00e1val<br \/>1. A fizet\u00e9s sor\u00e1n v\u00e1lassza a PayPal lehet\u0151s\u00e9get<br \/>2. Jelentkezzen be PayPal-fi\u00f3kj\u00e1ba<br \/>3. V\u00e9gezze el a tranzakci\u00f3t<br \/>4. A fizet\u00e9s feldolgoz\u00e1sa \u00e9s be\u00e9rkez\u00e9se ut\u00e1n e-mailt fog kapni.<\/p><p>Bet\u00e9ti vagy hitelk\u00e1rty\u00e1val PayPal-on kereszt\u00fcl<br \/>Nincs sz\u00fcks\u00e9g PayPal fi\u00f3kra!<br \/>1. A fizet\u00e9s sor\u00e1n v\u00e1lassza a PayPal lehet\u0151s\u00e9get<br \/>2. G\u00f6rgessen le a \u201eFizet\u00e9s bankk\u00e1rty\u00e1val vagy hitelk\u00e1rty\u00e1val\u201d lehet\u0151s\u00e9ghez.<br \/>3. V\u00e9gezze el a tranzakci\u00f3t<br \/>4. A fizet\u00e9s feldolgoz\u00e1sa \u00e9s be\u00e9rkez\u00e9se ut\u00e1n e-mailt fog kapni.<\/p><p>3. Fizet\u00e9s Visa, MasterCard k\u00e1rty\u00e1val<\/p><p>A vil\u00e1g legt\u00f6bb hely\u00e9r\u0151l elfogadjuk a Visa, MasterCard k\u00e1rty\u00e1kat. Amikor a hitelk\u00e1rtya-\u00e1tj\u00e1r\u00f3 fizet\u00e9s\u00fcnk azt mutatja, hogy mi nem siker\u00fclt, el\u0151fordulhat, hogy technikai probl\u00e9ma van a hitelk\u00e1rty\u00e1s fizet\u00e9si \u00e1tj\u00e1r\u00f3 limittel kapcsolatban:<br \/>1) Ak\u00e1r a hitelk\u00e1rtya t\u00fall\u00e9pi a maxim\u00e1lis \u00f6sszeget a banki limittel, ak\u00e1r magas kock\u00e1zatot fed fel, k\u00e9rj\u00fck, forduljon a bankhoz a korl\u00e1toz\u00e1sok megsz\u00fcntet\u00e9se \u00e9rdek\u00e9ben.<br \/>2) K\u00e9rj\u00fck, pr\u00f3b\u00e1ljon meg fizetni \u201ePayPal vagy hitelk\u00e1rty\u00e1s fizet\u00e9s online (aj\u00e1nlott)\u201d.<br \/>3) Rendelje meg \u00fajra ezt a megrendel\u00e9st, \u00e9s fizessen hitelk\u00e1rty\u00e1val a kos\u00e1r oldalon (t\u00e1mogat\u00e1s: Visa\u00ae, MasterCard\u00ae, AmericanExpress\u00ae, Discover\u00ae hitelk\u00e1rtya).<br \/>K\u00e9rj\u00fck, pr\u00f3b\u00e1ljon \u00fajra fizetni. Nagyon h\u00e1l\u00e1sak vagyunk \u00e9rte.<\/p>\t\t\t\t\t\t\t\t<\/div>\n\t\t\t\t<\/div>\n\t\t\t\t\t<\/div>\n\t\t<\/div>\n\t\t\t\t\t<\/div>\n\t\t<\/section>\n\t\t\t\t<section class=\"elementor-section elementor-top-section elementor-element elementor-element-6280ce2a elementor-section-boxed elementor-section-height-default elementor-section-height-default\" data-id=\"6280ce2a\" data-element_type=\"section\">\n\t\t\t\t\t\t<div class=\"elementor-container elementor-column-gap-default\">\n\t\t\t\t\t<div class=\"elementor-column elementor-col-100 elementor-top-column elementor-element elementor-element-5ec1c87b\" data-id=\"5ec1c87b\" data-element_type=\"column\">\n\t\t\t<div class=\"elementor-widget-wrap elementor-element-populated\">\n\t\t\t\t\t\t<div class=\"elementor-element elementor-element-2cfb020e elementor-widget-divider--view-line elementor-widget elementor-widget-divider\" data-id=\"2cfb020e\" data-element_type=\"widget\" data-widget_type=\"divider.default\">\n\t\t\t\t<div class=\"elementor-widget-container\">\n\t\t\t\t\t\t\t<div class=\"elementor-divider\">\n\t\t\t<span class=\"elementor-divider-separator\">\n\t\t\t\t\t\t<\/span>\n\t\t<\/div>\n\t\t\t\t\t\t<\/div>\n\t\t\t\t<\/div>\n\t\t\t\t<div class=\"elementor-element elementor-element-3e81c0f3 elementor-widget elementor-widget-spacer\" data-id=\"3e81c0f3\" data-element_type=\"widget\" data-widget_type=\"spacer.default\">\n\t\t\t\t<div class=\"elementor-widget-container\">\n\t\t\t\t\t\t\t<div class=\"elementor-spacer\">\n\t\t\t<div class=\"elementor-spacer-inner\"><\/div>\n\t\t<\/div>\n\t\t\t\t\t\t<\/div>\n\t\t\t\t<\/div>\n\t\t\t\t<div class=\"elementor-element elementor-element-7f6ae5be elementor-widget elementor-widget-heading\" data-id=\"7f6ae5be\" data-element_type=\"widget\" data-widget_type=\"heading.default\">\n\t\t\t\t<div class=\"elementor-widget-container\">\n\t\t\t\t\t<h2 class=\"elementor-heading-title elementor-size-default\">Tov\u00e1bbi k\u00e9rd\u00e9sei vannak? Forduljon hozz\u00e1nk bizalommal.<\/h2>\t\t\t\t<\/div>\n\t\t\t\t<\/div>\n\t\t\t\t<div class=\"elementor-element elementor-element-6baeaa38 elementor-widget elementor-widget-spacer\" data-id=\"6baeaa38\" data-element_type=\"widget\" data-widget_type=\"spacer.default\">\n\t\t\t\t<div class=\"elementor-widget-container\">\n\t\t\t\t\t\t\t<div class=\"elementor-spacer\">\n\t\t\t<div class=\"elementor-spacer-inner\"><\/div>\n\t\t<\/div>\n\t\t\t\t\t\t<\/div>\n\t\t\t\t<\/div>\n\t\t\t\t<div class=\"elementor-element elementor-element-459125b3 elementor-align-center elementor-widget elementor-widget-button\" data-id=\"459125b3\" data-element_type=\"widget\" data-widget_type=\"button.default\">\n\t\t\t\t<div class=\"elementor-widget-container\">\n\t\t\t\t\t\t\t\t\t<div class=\"elementor-button-wrapper\">\n\t\t\t\t\t<a class=\"elementor-button elementor-button-link elementor-size-md\" href=\"\/hu\/contact-miisoo-doll\/\">\n\t\t\t\t\t\t<span class=\"elementor-button-content-wrapper\">\n\t\t\t\t\t\t\t\t\t<span class=\"elementor-button-text\">L\u00e9pjen kapcsolatba vel\u00fcnk<\/span>\n\t\t\t\t\t<\/span>\n\t\t\t\t\t<\/a>\n\t\t\t\t<\/div>\n\t\t\t\t\t\t\t\t<\/div>\n\t\t\t\t<\/div>\n\t\t\t\t<div class=\"elementor-element elementor-element-31eaea2c elementor-widget elementor-widget-spacer\" data-id=\"31eaea2c\" data-element_type=\"widget\" data-widget_type=\"spacer.default\">\n\t\t\t\t<div class=\"elementor-widget-container\">\n\t\t\t\t\t\t\t<div class=\"elementor-spacer\">\n\t\t\t<div class=\"elementor-spacer-inner\"><\/div>\n\t\t<\/div>\n\t\t\t\t\t\t<\/div>\n\t\t\t\t<\/div>\n\t\t\t\t\t<\/div>\n\t\t<\/div>\n\t\t\t\t\t<\/div>\n\t\t<\/section>\n\t\t\t\t<\/div>","protected":false},"excerpt":{"rendered":"<p>Now we accepts the following payment methods, please let us know which one you prefer so We can offer below information: Secure When you are paying bills, sending money or purchase, it works hard to keep your financial information secure. Fast No need to enter all your financial information every time you shop. Speed through&hellip;<\/p>","protected":false},"author":455,"featured_media":0,"parent":0,"menu_order":0,"comment_status":"closed","ping_status":"closed","template":"template-full-width.php","meta":{"footnotes":""},"class_list":["post-1955","page","type-page","status-publish","hentry"],"yoast_head":"<!-- This site is optimized with the Yoast SEO Premium plugin v22.6 (Yoast SEO v22.9) - https:\/\/yoast.com\/wordpress\/plugins\/seo\/ -->\n<title>Choose Your Preferred &amp; Secure Payment Method at Miisoodoll<\/title>\n<meta name=\"description\" content=\"Shop confidently with Miisoodoll! Select from our secure payment options for a hassle-free checkout experience. Fast, safe, and convenient payment methods.\" \/>\n<meta name=\"robots\" content=\"index, follow, max-snippet:-1, max-image-preview:large, max-video-preview:-1\" \/>\n<link rel=\"canonical\" href=\"https:\/\/www.miisoo.com\/hu\/payment-methods\/\" \/>\n<meta property=\"og:locale\" content=\"hu_HU\" \/>\n<meta property=\"og:type\" content=\"article\" \/>\n<meta property=\"og:title\" content=\"Payment Methods\" \/>\n<meta property=\"og:description\" content=\"Shop confidently with Miisoodoll! Select from our secure payment options for a hassle-free checkout experience. Fast, safe, and convenient payment methods.\" \/>\n<meta property=\"og:url\" content=\"https:\/\/www.miisoo.com\/hu\/payment-methods\/\" \/>\n<meta property=\"og:site_name\" content=\"MiisooDoll\" \/>\n<meta property=\"article:publisher\" content=\"https:\/\/www.facebook.com\/miisoodoll\" \/>\n<meta property=\"article:modified_time\" content=\"2023-12-22T12:23:27+00:00\" \/>\n<meta property=\"og:image\" content=\"https:\/\/www.miisoo.com\/wp-content\/uploads\/2019\/05\/icon-box-1.png\" \/>\n<meta name=\"twitter:card\" content=\"summary_large_image\" \/>\n<meta name=\"twitter:site\" content=\"@MiisooSexDolls\" \/>\n<meta name=\"twitter:label1\" content=\"Becs\u00fclt olvas\u00e1si id\u0151\" \/>\n\t<meta name=\"twitter:data1\" content=\"3 perc\" \/>\n<!-- \/ Yoast SEO Premium plugin. -->","yoast_head_json":{"title":"Choose Your Preferred & Secure Payment Method at Miisoodoll","description":"Shop confidently with Miisoodoll! Select from our secure payment options for a hassle-free checkout experience. Fast, safe, and convenient payment methods.","robots":{"index":"index","follow":"follow","max-snippet":"max-snippet:-1","max-image-preview":"max-image-preview:large","max-video-preview":"max-video-preview:-1"},"canonical":"https:\/\/www.miisoo.com\/hu\/payment-methods\/","og_locale":"hu_HU","og_type":"article","og_title":"Payment Methods","og_description":"Shop confidently with Miisoodoll! Select from our secure payment options for a hassle-free checkout experience. Fast, safe, and convenient payment methods.","og_url":"https:\/\/www.miisoo.com\/hu\/payment-methods\/","og_site_name":"MiisooDoll","article_publisher":"https:\/\/www.facebook.com\/miisoodoll","article_modified_time":"2023-12-22T12:23:27+00:00","og_image":[{"url":"https:\/\/www.miisoo.com\/wp-content\/uploads\/2019\/05\/icon-box-1.png"}],"twitter_card":"summary_large_image","twitter_site":"@MiisooSexDolls","twitter_misc":{"Becs\u00fclt olvas\u00e1si id\u0151":"3 perc"},"schema":{"@context":"https:\/\/schema.org","@graph":[{"@type":"WebPage","@id":"https:\/\/www.miisoo.com\/payment-methods\/","url":"https:\/\/www.miisoo.com\/payment-methods\/","name":"Choose Your Preferred & Secure Payment Method at Miisoodoll","isPartOf":{"@id":"https:\/\/www.miisoo.com\/#website"},"primaryImageOfPage":{"@id":"https:\/\/www.miisoo.com\/payment-methods\/#primaryimage"},"image":{"@id":"https:\/\/www.miisoo.com\/payment-methods\/#primaryimage"},"thumbnailUrl":"https:\/\/www.miisoo.com\/wp-content\/uploads\/2019\/05\/icon-box-1.png","datePublished":"2017-12-18T10:08:41+00:00","dateModified":"2023-12-22T12:23:27+00:00","description":"Shop confidently with Miisoodoll! Select from our secure payment options for a hassle-free checkout experience. Fast, safe, and convenient payment methods.","breadcrumb":{"@id":"https:\/\/www.miisoo.com\/payment-methods\/#breadcrumb"},"inLanguage":"hu","potentialAction":[{"@type":"ReadAction","target":["https:\/\/www.miisoo.com\/payment-methods\/"]}]},{"@type":"ImageObject","inLanguage":"hu","@id":"https:\/\/www.miisoo.com\/payment-methods\/#primaryimage","url":"https:\/\/www.miisoo.com\/wp-content\/uploads\/2019\/05\/icon-box-1.png","contentUrl":"https:\/\/www.miisoo.com\/wp-content\/uploads\/2019\/05\/icon-box-1.png"},{"@type":"BreadcrumbList","@id":"https:\/\/www.miisoo.com\/payment-methods\/#breadcrumb","itemListElement":[{"@type":"ListItem","position":1,"name":"Home","item":"https:\/\/www.miisoo.com\/"},{"@type":"ListItem","position":2,"name":"Payment Methods"}]},{"@type":"WebSite","@id":"https:\/\/www.miisoo.com\/#website","url":"https:\/\/www.miisoo.com\/","name":"MiisooDoll","description":"Sexual Doll, Real Sex Dolls, Love Doll, Best Sex Dolls","publisher":{"@id":"https:\/\/www.miisoo.com\/#organization"},"potentialAction":[{"@type":"SearchAction","target":{"@type":"EntryPoint","urlTemplate":"https:\/\/www.miisoo.com\/?s={search_term_string}"},"query-input":"required name=search_term_string"}],"inLanguage":"hu"},{"@type":"Organization","@id":"https:\/\/www.miisoo.com\/#organization","name":"MiisooDoll","url":"https:\/\/www.miisoo.com\/","logo":{"@type":"ImageObject","inLanguage":"hu","@id":"https:\/\/www.miisoo.com\/#\/schema\/logo\/image\/","url":"https:\/\/www.miisoo.com\/wp-content\/uploads\/2020\/09\/logo-botton.png","contentUrl":"https:\/\/www.miisoo.com\/wp-content\/uploads\/2020\/09\/logo-botton.png","width":181,"height":42,"caption":"MiisooDoll"},"image":{"@id":"https:\/\/www.miisoo.com\/#\/schema\/logo\/image\/"},"sameAs":["https:\/\/www.facebook.com\/miisoodoll","https:\/\/x.com\/MiisooSexDolls"]}]}},"_links":{"self":[{"href":"https:\/\/www.miisoo.com\/hu\/wp-json\/wp\/v2\/pages\/1955","targetHints":{"allow":["GET"]}}],"collection":[{"href":"https:\/\/www.miisoo.com\/hu\/wp-json\/wp\/v2\/pages"}],"about":[{"href":"https:\/\/www.miisoo.com\/hu\/wp-json\/wp\/v2\/types\/page"}],"author":[{"embeddable":true,"href":"https:\/\/www.miisoo.com\/hu\/wp-json\/wp\/v2\/users\/455"}],"replies":[{"embeddable":true,"href":"https:\/\/www.miisoo.com\/hu\/wp-json\/wp\/v2\/comments?post=1955"}],"version-history":[{"count":1,"href":"https:\/\/www.miisoo.com\/hu\/wp-json\/wp\/v2\/pages\/1955\/revisions"}],"predecessor-version":[{"id":34677,"href":"https:\/\/www.miisoo.com\/hu\/wp-json\/wp\/v2\/pages\/1955\/revisions\/34677"}],"wp:attachment":[{"href":"https:\/\/www.miisoo.com\/hu\/wp-json\/wp\/v2\/media?parent=1955"}],"curies":[{"name":"wp","href":"https:\/\/api.w.org\/{rel}","templated":true}]}}