{"id":129,"date":"2017-11-28T08:26:45","date_gmt":"2017-11-28T08:26:45","guid":{"rendered":"http:\/\/demo2.drfuri.com\/martfury13\/?page_id=129"},"modified":"2023-12-22T19:57:32","modified_gmt":"2023-12-22T11:57:32","slug":"about-miisoo-sex-dolls-online","status":"publish","type":"page","link":"https:\/\/www.miisoo.com\/hu\/about-miisoo-sex-dolls-online\/","title":{"rendered":"R\u00f3lunk"},"content":{"rendered":"<div data-elementor-type=\"wp-post\" data-elementor-id=\"129\" class=\"elementor elementor-129\" data-elementor-post-type=\"page\">\n\t\t\t\t\t\t<section class=\"elementor-section elementor-top-section elementor-element elementor-element-499101e2 elementor-section-full_width elementor-section-stretched elementor-section-height-default elementor-section-height-default\" data-id=\"499101e2\" data-element_type=\"section\" data-settings=\"{&quot;stretch_section&quot;:&quot;section-stretched&quot;}\">\n\t\t\t\t\t\t<div class=\"elementor-container elementor-column-gap-no\">\n\t\t\t\t\t<div class=\"elementor-column elementor-col-100 elementor-top-column elementor-element elementor-element-3ca9cf60\" data-id=\"3ca9cf60\" data-element_type=\"column\">\n\t\t\t<div class=\"elementor-widget-wrap elementor-element-populated\">\n\t\t\t\t\t\t<div class=\"elementor-element elementor-element-54251667 elementor-widget elementor-widget-image\" data-id=\"54251667\" data-element_type=\"widget\" data-widget_type=\"image.default\">\n\t\t\t\t<div class=\"elementor-widget-container\">\n\t\t\t\t\t\t\t\t\t\t\t\t\t\t\t<img fetchpriority=\"high\" decoding=\"async\" width=\"1536\" height=\"480\" src=\"https:\/\/www.miisoo.com\/wp-content\/uploads\/2020\/12\/banner-sex-doll-1.jpg\" class=\"attachment-full size-full wp-image-7398\" alt=\"\" srcset=\"https:\/\/www.miisoo.com\/wp-content\/uploads\/2020\/12\/banner-sex-doll-1.jpg 1536w, https:\/\/www.miisoo.com\/wp-content\/uploads\/2020\/12\/banner-sex-doll-1-300x94.jpg 300w, https:\/\/www.miisoo.com\/wp-content\/uploads\/2020\/12\/banner-sex-doll-1-1024x320.jpg 1024w, https:\/\/www.miisoo.com\/wp-content\/uploads\/2020\/12\/banner-sex-doll-1-768x240.jpg 768w, https:\/\/www.miisoo.com\/wp-content\/uploads\/2020\/12\/banner-sex-doll-1-370x116.jpg 370w, https:\/\/www.miisoo.com\/wp-content\/uploads\/2020\/12\/banner-sex-doll-1-600x188.jpg 600w\" sizes=\"(max-width: 1536px) 100vw, 1536px\" \/>\t\t\t\t\t\t\t\t\t\t\t\t\t\t\t<\/div>\n\t\t\t\t<\/div>\n\t\t\t\t<div class=\"elementor-element elementor-element-a61e060 elementor-widget elementor-widget-spacer\" data-id=\"a61e060\" data-element_type=\"widget\" data-widget_type=\"spacer.default\">\n\t\t\t\t<div class=\"elementor-widget-container\">\n\t\t\t\t\t\t\t<div class=\"elementor-spacer\">\n\t\t\t<div class=\"elementor-spacer-inner\"><\/div>\n\t\t<\/div>\n\t\t\t\t\t\t<\/div>\n\t\t\t\t<\/div>\n\t\t\t\t\t<\/div>\n\t\t<\/div>\n\t\t\t\t\t<\/div>\n\t\t<\/section>\n\t\t\t\t<section class=\"elementor-section elementor-top-section elementor-element elementor-element-3ff6745a elementor-section-boxed elementor-section-height-default elementor-section-height-default\" data-id=\"3ff6745a\" data-element_type=\"section\">\n\t\t\t\t\t\t<div class=\"elementor-container elementor-column-gap-extended\">\n\t\t\t\t\t<div class=\"elementor-column elementor-col-16 elementor-top-column elementor-element elementor-element-5847672a\" data-id=\"5847672a\" data-element_type=\"column\">\n\t\t\t<div class=\"elementor-widget-wrap\">\n\t\t\t\t\t\t\t<\/div>\n\t\t<\/div>\n\t\t\t\t<div class=\"elementor-column elementor-col-66 elementor-top-column elementor-element elementor-element-31cd9c6a\" data-id=\"31cd9c6a\" data-element_type=\"column\">\n\t\t\t<div class=\"elementor-widget-wrap elementor-element-populated\">\n\t\t\t\t\t\t<div class=\"elementor-element elementor-element-4596bb93 elementor-widget elementor-widget-heading\" data-id=\"4596bb93\" data-element_type=\"widget\" data-widget_type=\"heading.default\">\n\t\t\t\t<div class=\"elementor-widget-container\">\n\t\t\t\t\t<h1 class=\"elementor-heading-title elementor-size-default\">A MiisooDollr\u00f3l<\/h1>\t\t\t\t<\/div>\n\t\t\t\t<\/div>\n\t\t\t\t<div class=\"elementor-element elementor-element-24950485 elementor-widget elementor-widget-spacer\" data-id=\"24950485\" data-element_type=\"widget\" data-widget_type=\"spacer.default\">\n\t\t\t\t<div class=\"elementor-widget-container\">\n\t\t\t\t\t\t\t<div class=\"elementor-spacer\">\n\t\t\t<div class=\"elementor-spacer-inner\"><\/div>\n\t\t<\/div>\n\t\t\t\t\t\t<\/div>\n\t\t\t\t<\/div>\n\t\t\t\t<div class=\"elementor-element elementor-element-ac8375b elementor-widget elementor-widget-heading\" data-id=\"ac8375b\" data-element_type=\"widget\" data-widget_type=\"heading.default\">\n\t\t\t\t<div class=\"elementor-widget-container\">\n\t\t\t\t\t<h2 class=\"elementor-heading-title elementor-size-default\"><a href=\"http:\/\/www.miisoo.com\/hu\/\">Szexbaba online \u00e1ruh\u00e1z, \u00fcdv\u00f6z\u00f6lj\u00fck a miisoo.com oldalon, mi vagyunk az egyik legjobb val\u00f3s\u00e1gh\u0171 szexbaba gy\u00e1rt\u00f3 \u00e9s elad\u00f3 az ipar\u00e1gban.<\/a><\/h2>\t\t\t\t<\/div>\n\t\t\t\t<\/div>\n\t\t\t\t<div class=\"elementor-element elementor-element-2362e4d6 elementor-widget elementor-widget-spacer\" data-id=\"2362e4d6\" data-element_type=\"widget\" data-widget_type=\"spacer.default\">\n\t\t\t\t<div class=\"elementor-widget-container\">\n\t\t\t\t\t\t\t<div class=\"elementor-spacer\">\n\t\t\t<div class=\"elementor-spacer-inner\"><\/div>\n\t\t<\/div>\n\t\t\t\t\t\t<\/div>\n\t\t\t\t<\/div>\n\t\t\t\t<div class=\"elementor-element elementor-element-d352fa4 elementor-widget elementor-widget-text-editor\" data-id=\"d352fa4\" data-element_type=\"widget\" data-widget_type=\"text-editor.default\">\n\t\t\t\t<div class=\"elementor-widget-container\">\n\t\t\t\t\t\t\t\t\t<p>A MIISOO-t 2016-ban alap\u00edtott\u00e1k, \u00e9s saj\u00e1t babagy\u00e1runk van. \u00cdgy val\u00f3di min\u0151s\u00e9g- \u00e9s r\u00e9szletszab\u00e1lyoz\u00e1st \u00e9rhet\u00fcnk el. Minden bab\u00e1nkat egy 20 \u00e9ves tapasztalattal rendelkez\u0151 mester k\u00e9zzel farag. A folyamat sor\u00e1n fejlett tudom\u00e1nyos kutat\u00e1si technik\u00e1kat \u00e9s t\u00f6k\u00e9letes elj\u00e1r\u00e1sokat alkalmazunk. Filoz\u00f3fi\u00e1nk a legval\u00f3s\u00e1gh\u0171bb bab\u00e1k fejleszt\u00e9se \u00e9s gy\u00e1rt\u00e1sa. Hozd a legjobb \u00e9lm\u00e9nyt az \u00fcgyfeleknek.<\/p>\t\t\t\t\t\t\t\t<\/div>\n\t\t\t\t<\/div>\n\t\t\t\t<div class=\"elementor-element elementor-element-d8451a0 elementor-widget elementor-widget-heading\" data-id=\"d8451a0\" data-element_type=\"widget\" data-widget_type=\"heading.default\">\n\t\t\t\t<div class=\"elementor-widget-container\">\n\t\t\t\t\t<h2 class=\"elementor-heading-title elementor-size-default\">Egy\u00fcttm\u0171k\u00f6d\u00e9s a h\u00edres m\u00e1rk\u00e1val<\/h2>\t\t\t\t<\/div>\n\t\t\t\t<\/div>\n\t\t\t\t<div class=\"elementor-element elementor-element-2b352d0 elementor-widget elementor-widget-spacer\" data-id=\"2b352d0\" data-element_type=\"widget\" data-widget_type=\"spacer.default\">\n\t\t\t\t<div class=\"elementor-widget-container\">\n\t\t\t\t\t\t\t<div class=\"elementor-spacer\">\n\t\t\t<div class=\"elementor-spacer-inner\"><\/div>\n\t\t<\/div>\n\t\t\t\t\t\t<\/div>\n\t\t\t\t<\/div>\n\t\t\t\t<div class=\"elementor-element elementor-element-1634f43 elementor-widget elementor-widget-text-editor\" data-id=\"1634f43\" data-element_type=\"widget\" data-widget_type=\"text-editor.default\">\n\t\t\t\t<div class=\"elementor-widget-container\">\n\t\t\t\t\t\t\t\t\t<p><span style=\"color: var( --e-global-color-text ); font-family: inherit; font-weight: var( --e-global-typography-text-font-weight );\">Ek\u00f6zben az ipar\u00e1gban j\u00f3l ismert m\u00e1rk\u00e1kkal is dolgozunk, mint p\u00e9ld\u00e1ul: WM, Dollhouse 168 \u00e9s \u00edgy tov\u00e1bb. A szakma egyhang\u00falag elismerte. Jelenleg a MIISOO szexbab\u00e1k online \u00e1ruh\u00e1za nagyj\u00e1b\u00f3l megfizethet\u0151 TPE bab\u00e1kra \u00e9s kiv\u00e1l\u00f3 min\u0151s\u00e9g\u0171 szilikon bab\u00e1kra oszlik. N\u00e9pszer\u0171 eur\u00f3pai st\u00edlus\u00fa h\u00f6lgyeket, szel\u00edd \u00e1zsiai l\u00e1nyokat, f\u00e9rfi bab\u00e1kat, anime bab\u00e1kat \u00e9s t\u00fcnd\u00e9rbab\u00e1kat tal\u00e1lhat \u00fczlet\u00fcnkben. Term\u00e9szetesen egyedi bab\u00e1kat is elfogadunk. Csak mondja el nek\u00fcnk \u00e1lmaival kapcsolatos inform\u00e1ci\u00f3kat. \u00e9s biztosan ki tudjuk el\u00e9g\u00edteni az \u00d6n ig\u00e9nyeit.<\/span><\/p><p>Jelenleg a Talking smart bab\u00e1k \u00e9s a tiszta szilikon bab\u00e1k \u00fczlet\u00fcnk speci\u00e1lis term\u00e9kei. Sok v\u00e1s\u00e1rl\u00f3 figyelm\u00e9t felkeltik, \u00e9s soha nem l\u00e1tott \u00e9lm\u00e9nyt ny\u00fajtanak sz\u00e1mukra. \u00c9rezd j\u00f3l magad.<\/p>\t\t\t\t\t\t\t\t<\/div>\n\t\t\t\t<\/div>\n\t\t\t\t<div class=\"elementor-element elementor-element-5873c051 elementor-widget elementor-widget-spacer\" data-id=\"5873c051\" data-element_type=\"widget\" data-widget_type=\"spacer.default\">\n\t\t\t\t<div class=\"elementor-widget-container\">\n\t\t\t\t\t\t\t<div class=\"elementor-spacer\">\n\t\t\t<div class=\"elementor-spacer-inner\"><\/div>\n\t\t<\/div>\n\t\t\t\t\t\t<\/div>\n\t\t\t\t<\/div>\n\t\t\t\t\t<\/div>\n\t\t<\/div>\n\t\t\t\t<div class=\"elementor-column elementor-col-16 elementor-top-column elementor-element elementor-element-5e91253d\" data-id=\"5e91253d\" data-element_type=\"column\">\n\t\t\t<div class=\"elementor-widget-wrap\">\n\t\t\t\t\t\t\t<\/div>\n\t\t<\/div>\n\t\t\t\t\t<\/div>\n\t\t<\/section>\n\t\t\t\t<section class=\"elementor-section elementor-top-section elementor-element elementor-element-524da24c elementor-section-boxed elementor-section-height-default elementor-section-height-default\" data-id=\"524da24c\" data-element_type=\"section\" data-settings=\"{&quot;background_background&quot;:&quot;classic&quot;}\">\n\t\t\t\t\t\t<div class=\"elementor-container elementor-column-gap-extended\">\n\t\t\t\t\t<div class=\"elementor-column elementor-col-100 elementor-top-column elementor-element elementor-element-3b0f7e92\" data-id=\"3b0f7e92\" data-element_type=\"column\">\n\t\t\t<div class=\"elementor-widget-wrap elementor-element-populated\">\n\t\t\t\t\t\t<section class=\"elementor-section elementor-inner-section elementor-element elementor-element-3b546ae0 elementor-section-boxed elementor-section-height-default elementor-section-height-default\" data-id=\"3b546ae0\" data-element_type=\"section\">\n\t\t\t\t\t\t<div class=\"elementor-container elementor-column-gap-extended\">\n\t\t\t\t\t<div class=\"elementor-column elementor-col-33 elementor-inner-column elementor-element elementor-element-183a324a\" data-id=\"183a324a\" data-element_type=\"column\">\n\t\t\t<div class=\"elementor-widget-wrap\">\n\t\t\t\t\t\t\t<\/div>\n\t\t<\/div>\n\t\t\t\t<div class=\"elementor-column elementor-col-33 elementor-inner-column elementor-element elementor-element-59275da8\" data-id=\"59275da8\" data-element_type=\"column\">\n\t\t\t<div class=\"elementor-widget-wrap elementor-element-populated\">\n\t\t\t\t\t\t<div class=\"elementor-element elementor-element-2080949 elementor-widget elementor-widget-spacer\" data-id=\"2080949\" data-element_type=\"widget\" data-widget_type=\"spacer.default\">\n\t\t\t\t<div class=\"elementor-widget-container\">\n\t\t\t\t\t\t\t<div class=\"elementor-spacer\">\n\t\t\t<div class=\"elementor-spacer-inner\"><\/div>\n\t\t<\/div>\n\t\t\t\t\t\t<\/div>\n\t\t\t\t<\/div>\n\t\t\t\t<div class=\"elementor-element elementor-element-2987dd14 elementor-widget elementor-widget-heading\" data-id=\"2987dd14\" data-element_type=\"widget\" data-widget_type=\"heading.default\">\n\t\t\t\t<div class=\"elementor-widget-container\">\n\t\t\t\t\t<h2 class=\"elementor-heading-title elementor-size-default\"><strong>MI\u00c9RT V\u00c1S\u00c1ROLNI VEL\u00dcNK?<\/strong><\/h2>\t\t\t\t<\/div>\n\t\t\t\t<\/div>\n\t\t\t\t<div class=\"elementor-element elementor-element-47090e99 elementor-widget elementor-widget-spacer\" data-id=\"47090e99\" data-element_type=\"widget\" data-widget_type=\"spacer.default\">\n\t\t\t\t<div class=\"elementor-widget-container\">\n\t\t\t\t\t\t\t<div class=\"elementor-spacer\">\n\t\t\t<div class=\"elementor-spacer-inner\"><\/div>\n\t\t<\/div>\n\t\t\t\t\t\t<\/div>\n\t\t\t\t<\/div>\n\t\t\t\t<div class=\"elementor-element elementor-element-7ff0e7fb elementor-widget elementor-widget-text-editor\" data-id=\"7ff0e7fb\" data-element_type=\"widget\" data-widget_type=\"text-editor.default\">\n\t\t\t\t<div class=\"elementor-widget-container\">\n\t\t\t\t\t\t\t\t\t<p>Nos, sok okb\u00f3l:<\/p><p><strong>Els\u0151<\/strong>, A MIISOO m\u00e1rka eg\u00e9sz egyszer\u0171en az egyik legjobb, amely ma a szexbab\u00e1k vil\u00e1g\u00e1ban megtal\u00e1lhat\u00f3. A szak\u00e9rtelemmel kidolgozott, a TPE luxus anyagb\u00f3l p\u00e1ratlan finom r\u00e9szletekig megform\u00e1zott \u00e9s \u00f6nt\u00f6tt Premium TPE szexbab\u00e1k jelenleg nagyon n\u00e9pszer\u0171ek azok k\u00f6r\u00e9ben, akik szeretik az igazi bab\u00e1kat.<\/p><p>Ami megk\u00fcl\u00f6nb\u00f6zteti a MIISOO DOLL m\u00e1rk\u00e1t versenyt\u00e1rsait\u00f3l, az k\u00e9ts\u00e9gtelen\u00fcl a szexu\u00e1lis ny\u00edl\u00e1sok (h\u00fcvely, v\u00e9gb\u00e9lny\u00edl\u00e1s) form\u00e1z\u00e1s\u00e1nak finom r\u00e9szletez\u00e9se. Megjelen\u00e9s\u00fck eg\u00e9sz egyszer\u0171en a val\u00f3s\u00e1g t\u00f6k\u00e9letes reprodukci\u00f3ja. \u00c9s az \u00f6r\u00f6m\u00e9rzeted csak megsokszorozhat\u00f3.<\/p><p><strong>M\u00e1sodik,\u00a0<\/strong>diszkr\u00e9ten kezelj\u00fck a sz\u00e1ll\u00edt\u00e1st \u00e9s a kezel\u00e9st. a sz\u00e1mlakivonatok is megjelennek nem kapcsolt n\u00e9vvel, hogy rajtad \u00e9s a c\u00e9gen k\u00edv\u00fcl senki ne tudja, milyen izgalmas term\u00e9keket v\u00e1s\u00e1rolt\u00e1l.<\/p><p><strong>Harmadik<\/strong>, kiv\u00e1l\u00f3 Min\u0151s\u00e9g Az alacsony \u00e1rak jelentik a MIISOO baba j\u00f6v\u0151k\u00e9p\u00e9nek, \u00fczleti \u00f6tlet\u00e9nek \u00e9s koncepci\u00f3j\u00e1nak sarokk\u00f6v\u00e9t. A MIISOO szexbab\u00e1k alapgondolata az, hogy az alacsony \u00e1rak mindenki sz\u00e1m\u00e1ra el\u00e9rhet\u0151v\u00e9 teszik a j\u00f3l megtervezett, funkcion\u00e1lis szexbab\u00e1kat. V\u00e9g\u00fcl is az a v\u00edzi\u00f3nk, hogy sok ember sz\u00e1m\u00e1ra jobb szexu\u00e1lis \u00e9letet teremts\u00fcnk.<\/p><p>Ahelyett, hogy nagykeresked\u0151kt\u0151l \u00e9s k\u00f6zvet\u00edt\u0151kt\u0151l v\u00e1s\u00e1roln\u00e1nk szexbab\u00e1kat, ezeket k\u00f6zvetlen\u00fcl a gy\u00e1runkb\u00f3l gy\u00e1rtjuk. De v\u00e9g\u00fcl is meg\u00e9ri, mert lehet\u0151v\u00e9 teszi sz\u00e1munkra, hogy a legjobb min\u0151s\u00e9g\u0171 szexbab\u00e1kat k\u00edn\u00e1ljuk \u00d6nnek a lehet\u0151 legalacsonyabb \u00e1ron.<\/p><p>Folyamatosan igyeksz\u00fcnk mindent egy kicsit jobban, kicsit egyszer\u0171bben, hat\u00e9konyabban \u00e9s mindig k\u00f6lts\u00e9ghat\u00e9konyabban csin\u00e1lni. A MIISOO \u00f6sszes dolgoz\u00f3ja fontos szerepet j\u00e1tszik alacsony \u00e1raink kialak\u00edt\u00e1s\u00e1ban, amelyeket azt\u00e1n tudunk k\u00edn\u00e1lni.<\/p><p><strong>V\u00e9g\u00fcl<\/strong>, legjobb \u00fcgyf\u00e9lszolg\u00e1lat. \u00dcgyf\u00e9lszolg\u00e1latunk arra t\u00f6rekszik, hogy a lehet\u0151 legseg\u00edt\u0151k\u00e9szebb legyen, \u00e9s szinte minden helyzetet bar\u00e1ts\u00e1gosan tudjon reag\u00e1lni \u00e9s kezelni. A h\u00e9t minden napj\u00e1n, 24 \u00f3r\u00e1ban \u00e9s az \u00e9v 365 napj\u00e1n rendelkez\u00e9sre \u00e1llnak, hogy megv\u00e1laszolj\u00e1k k\u00e9rd\u00e9seit vagy agg\u00e1lyait. Tekintse meg k\u00edn\u00e1latunkat \u00e9s v\u00e1lassza ki a megfelel\u0151 bab\u00e1t, nem fog csal\u00f3dni!\u00a0<\/p><p>Val vel <strong>t\u00f6bb mint 2000 megb\u00edzhat\u00f3 v\u00e9lem\u00e9ny<\/strong>\u00a0a bab\u00e1inkon. B\u00fcszk\u00e9k vagyunk arra, hogy \u00fcgyfeleink 100% el\u00e9gedettek term\u00e9keinkkel, mivel csak a legjobb min\u0151s\u00e9g\u0171 anyagokat, a leggyorsabb sz\u00e1ll\u00edt\u00e1st, a legkedvez\u0151bb \u00e1rakat, a pr\u00e9mium \u00fcgyf\u00e9lszolg\u00e1latot \u00e9s az \u00d6n szem\u00e9lyes adatait biztos\u00edtjuk.<\/p><p>Soha nem osztjuk meg senkivel az adataidat! Csomagja 100% diszkr\u00e9ten \u00e9s olyan csomagol\u00e1sban \u00e9rkezik, amely \u00fagy n\u00e9z ki, mint b\u00e1rmely m\u00e1s csomag, amelyet \u00e1ltal\u00e1ban kapna. Rajtunk \u00e9s rajtad k\u00edv\u00fcl senki sem fogja tudni, hogy szerelmes bab\u00e1t rendelt<\/p>\t\t\t\t\t\t\t\t<\/div>\n\t\t\t\t<\/div>\n\t\t\t\t<div class=\"elementor-element elementor-element-3590d165 elementor-widget elementor-widget-spacer\" data-id=\"3590d165\" data-element_type=\"widget\" data-widget_type=\"spacer.default\">\n\t\t\t\t<div class=\"elementor-widget-container\">\n\t\t\t\t\t\t\t<div class=\"elementor-spacer\">\n\t\t\t<div class=\"elementor-spacer-inner\"><\/div>\n\t\t<\/div>\n\t\t\t\t\t\t<\/div>\n\t\t\t\t<\/div>\n\t\t\t\t\t<\/div>\n\t\t<\/div>\n\t\t\t\t<div class=\"elementor-column elementor-col-33 elementor-inner-column elementor-element elementor-element-ffc00e2\" data-id=\"ffc00e2\" data-element_type=\"column\">\n\t\t\t<div class=\"elementor-widget-wrap\">\n\t\t\t\t\t\t\t<\/div>\n\t\t<\/div>\n\t\t\t\t\t<\/div>\n\t\t<\/section>\n\t\t\t\t<section class=\"elementor-section elementor-inner-section elementor-element elementor-element-2e8b9d4b elementor-section-boxed elementor-section-height-default elementor-section-height-default\" data-id=\"2e8b9d4b\" data-element_type=\"section\">\n\t\t\t\t\t\t<div class=\"elementor-container elementor-column-gap-extended\">\n\t\t\t\t\t<div class=\"elementor-column elementor-col-100 elementor-inner-column elementor-element elementor-element-36ed4d7e\" data-id=\"36ed4d7e\" data-element_type=\"column\">\n\t\t\t<div class=\"elementor-widget-wrap elementor-element-populated\">\n\t\t\t\t\t\t<div class=\"elementor-element elementor-element-4d3ab6d1 columns--mobile3 columns--tablet3 columns-5 elementor-widget elementor-widget-martfury-images-grid\" data-id=\"4d3ab6d1\" data-element_type=\"widget\" data-widget_type=\"martfury-images-grid.default\">\n\t\t\t\t<div class=\"elementor-widget-container\">\n\t\t\t\t\t<div class=\"mf-images-gallery mf-images-gallery--grid\"><div class=\"images-list\"><div class=\"image-item\"><div class=\"image-item__wrapper\"><a href=\"#\" target=\"_blank\" rel=\"nofollow\" class=\"img-link\"><img decoding=\"async\" width=\"140\" height=\"46\" src=\"https:\/\/www.miisoo.com\/wp-content\/uploads\/2019\/05\/partner-1.png\" class=\"attachment-full size-full wp-image-2782\" alt=\"\" \/><\/a><\/div><\/div><div class=\"image-item\"><div class=\"image-item__wrapper\"><a href=\"#\" target=\"_blank\" rel=\"nofollow\" class=\"img-link\"><img decoding=\"async\" width=\"150\" height=\"28\" src=\"https:\/\/www.miisoo.com\/wp-content\/uploads\/2020\/06\/partner-2.png\" class=\"attachment-full size-full wp-image-4100\" alt=\"\" \/><\/a><\/div><\/div><div class=\"image-item\"><div class=\"image-item__wrapper\"><a href=\"#\" target=\"_blank\" rel=\"nofollow\" class=\"img-link\"><img decoding=\"async\" src=\"https:\/\/drfuri-demo-images.s3-us-west-1.amazonaws.com\/martfury\/electronic\/images\/partner-3.png\" title=\"\" alt=\"\" loading=\"lazy\" \/><\/a><\/div><\/div><div class=\"image-item\"><div class=\"image-item__wrapper\"><a href=\"#\" target=\"_blank\" rel=\"nofollow\" class=\"img-link\"><img loading=\"lazy\" decoding=\"async\" width=\"128\" height=\"48\" src=\"https:\/\/www.miisoo.com\/wp-content\/uploads\/2020\/06\/partner-5.png\" class=\"attachment-full size-full wp-image-4103\" alt=\"\" \/><\/a><\/div><\/div><div class=\"image-item\"><div class=\"image-item__wrapper\"><a href=\"#\" target=\"_blank\" rel=\"nofollow\" class=\"img-link\"><img loading=\"lazy\" decoding=\"async\" width=\"95\" height=\"54\" src=\"https:\/\/www.miisoo.com\/wp-content\/uploads\/2020\/06\/partner-4.png\" class=\"attachment-full size-full wp-image-4102\" alt=\"\" \/><\/a><\/div><\/div><\/div><\/div>\t\t\t\t<\/div>\n\t\t\t\t<\/div>\n\t\t\t\t<div class=\"elementor-element elementor-element-2bd84a02 elementor-widget elementor-widget-spacer\" data-id=\"2bd84a02\" data-element_type=\"widget\" data-widget_type=\"spacer.default\">\n\t\t\t\t<div class=\"elementor-widget-container\">\n\t\t\t\t\t\t\t<div class=\"elementor-spacer\">\n\t\t\t<div class=\"elementor-spacer-inner\"><\/div>\n\t\t<\/div>\n\t\t\t\t\t\t<\/div>\n\t\t\t\t<\/div>\n\t\t\t\t\t<\/div>\n\t\t<\/div>\n\t\t\t\t\t<\/div>\n\t\t<\/section>\n\t\t\t\t\t<\/div>\n\t\t<\/div>\n\t\t\t\t\t<\/div>\n\t\t<\/section>\n\t\t\t\t<\/div>","protected":false},"excerpt":{"rendered":"<p>About MiisooDoll Sex Doll Online Store, Welcome to miisoo.com, we are one of the top Realistic sex dolls manufacturer and seller in the industry. MIISOO was founded in 2016 and we have our own doll manufacturing factory. So we can achieve true quality and detail control. Each of our dolls is hand-carved by a master&hellip;<\/p>","protected":false},"author":455,"featured_media":0,"parent":0,"menu_order":0,"comment_status":"closed","ping_status":"closed","template":"template-full-width.php","meta":{"footnotes":""},"class_list":["post-129","page","type-page","status-publish","hentry"],"yoast_head":"<!-- This site is optimized with the Yoast SEO Premium plugin v22.6 (Yoast SEO v22.9) - https:\/\/yoast.com\/wordpress\/plugins\/seo\/ -->\n<title>About Miisoo | Your Trusted Sex Doll Source | MiisooDoll<\/title>\n<meta name=\"description\" content=\"Discover the essence of Miisoo at the forefront of the sex doll industry. Your trusted source for lifelike companions. Explore the story behind MiisooDoll.\" \/>\n<meta name=\"robots\" content=\"index, follow, max-snippet:-1, max-image-preview:large, max-video-preview:-1\" \/>\n<link rel=\"canonical\" href=\"https:\/\/www.miisoo.com\/hu\/about-miisoo-sex-dolls-online\/\" \/>\n<meta property=\"og:locale\" content=\"hu_HU\" \/>\n<meta property=\"og:type\" content=\"article\" \/>\n<meta property=\"og:title\" content=\"About Us\" \/>\n<meta property=\"og:description\" content=\"Discover the essence of Miisoo at the forefront of the sex doll industry. Your trusted source for lifelike companions. Explore the story behind MiisooDoll.\" \/>\n<meta property=\"og:url\" content=\"https:\/\/www.miisoo.com\/hu\/about-miisoo-sex-dolls-online\/\" \/>\n<meta property=\"og:site_name\" content=\"MiisooDoll\" \/>\n<meta property=\"article:publisher\" content=\"https:\/\/www.facebook.com\/miisoodoll\" \/>\n<meta property=\"article:modified_time\" content=\"2023-12-22T11:57:32+00:00\" \/>\n<meta property=\"og:image\" content=\"https:\/\/www.miisoo.com\/wp-content\/uploads\/2020\/12\/banner-sex-doll-1.jpg\" \/>\n<meta name=\"twitter:card\" content=\"summary_large_image\" \/>\n<meta name=\"twitter:site\" content=\"@MiisooSexDolls\" \/>\n<meta name=\"twitter:label1\" content=\"Becs\u00fclt olvas\u00e1si id\u0151\" \/>\n\t<meta name=\"twitter:data1\" content=\"4 perc\" \/>\n<!-- \/ Yoast SEO Premium plugin. -->","yoast_head_json":{"title":"About Miisoo | Your Trusted Sex Doll Source | MiisooDoll","description":"Discover the essence of Miisoo at the forefront of the sex doll industry. Your trusted source for lifelike companions. Explore the story behind MiisooDoll.","robots":{"index":"index","follow":"follow","max-snippet":"max-snippet:-1","max-image-preview":"max-image-preview:large","max-video-preview":"max-video-preview:-1"},"canonical":"https:\/\/www.miisoo.com\/hu\/about-miisoo-sex-dolls-online\/","og_locale":"hu_HU","og_type":"article","og_title":"About Us","og_description":"Discover the essence of Miisoo at the forefront of the sex doll industry. Your trusted source for lifelike companions. Explore the story behind MiisooDoll.","og_url":"https:\/\/www.miisoo.com\/hu\/about-miisoo-sex-dolls-online\/","og_site_name":"MiisooDoll","article_publisher":"https:\/\/www.facebook.com\/miisoodoll","article_modified_time":"2023-12-22T11:57:32+00:00","og_image":[{"url":"https:\/\/www.miisoo.com\/wp-content\/uploads\/2020\/12\/banner-sex-doll-1.jpg"}],"twitter_card":"summary_large_image","twitter_site":"@MiisooSexDolls","twitter_misc":{"Becs\u00fclt olvas\u00e1si id\u0151":"4 perc"},"schema":{"@context":"https:\/\/schema.org","@graph":[{"@type":"WebPage","@id":"https:\/\/www.miisoo.com\/about-miisoo-sex-dolls-online\/","url":"https:\/\/www.miisoo.com\/about-miisoo-sex-dolls-online\/","name":"About Miisoo | Your Trusted Sex Doll Source | MiisooDoll","isPartOf":{"@id":"https:\/\/www.miisoo.com\/#website"},"primaryImageOfPage":{"@id":"https:\/\/www.miisoo.com\/about-miisoo-sex-dolls-online\/#primaryimage"},"image":{"@id":"https:\/\/www.miisoo.com\/about-miisoo-sex-dolls-online\/#primaryimage"},"thumbnailUrl":"https:\/\/www.miisoo.com\/wp-content\/uploads\/2020\/12\/banner-sex-doll-1.jpg","datePublished":"2017-11-28T08:26:45+00:00","dateModified":"2023-12-22T11:57:32+00:00","description":"Discover the essence of Miisoo at the forefront of the sex doll industry. Your trusted source for lifelike companions. Explore the story behind MiisooDoll.","breadcrumb":{"@id":"https:\/\/www.miisoo.com\/about-miisoo-sex-dolls-online\/#breadcrumb"},"inLanguage":"hu","potentialAction":[{"@type":"ReadAction","target":["https:\/\/www.miisoo.com\/about-miisoo-sex-dolls-online\/"]}]},{"@type":"ImageObject","inLanguage":"hu","@id":"https:\/\/www.miisoo.com\/about-miisoo-sex-dolls-online\/#primaryimage","url":"https:\/\/www.miisoo.com\/wp-content\/uploads\/2020\/12\/banner-sex-doll-1.jpg","contentUrl":"https:\/\/www.miisoo.com\/wp-content\/uploads\/2020\/12\/banner-sex-doll-1.jpg"},{"@type":"BreadcrumbList","@id":"https:\/\/www.miisoo.com\/about-miisoo-sex-dolls-online\/#breadcrumb","itemListElement":[{"@type":"ListItem","position":1,"name":"Home","item":"https:\/\/www.miisoo.com\/"},{"@type":"ListItem","position":2,"name":"About Us"}]},{"@type":"WebSite","@id":"https:\/\/www.miisoo.com\/#website","url":"https:\/\/www.miisoo.com\/","name":"MiisooDoll","description":"Sexual Doll, Real Sex Dolls, Love Doll, Best Sex Dolls","publisher":{"@id":"https:\/\/www.miisoo.com\/#organization"},"potentialAction":[{"@type":"SearchAction","target":{"@type":"EntryPoint","urlTemplate":"https:\/\/www.miisoo.com\/?s={search_term_string}"},"query-input":"required name=search_term_string"}],"inLanguage":"hu"},{"@type":"Organization","@id":"https:\/\/www.miisoo.com\/#organization","name":"MiisooDoll","url":"https:\/\/www.miisoo.com\/","logo":{"@type":"ImageObject","inLanguage":"hu","@id":"https:\/\/www.miisoo.com\/#\/schema\/logo\/image\/","url":"https:\/\/www.miisoo.com\/wp-content\/uploads\/2020\/09\/logo-botton.png","contentUrl":"https:\/\/www.miisoo.com\/wp-content\/uploads\/2020\/09\/logo-botton.png","width":181,"height":42,"caption":"MiisooDoll"},"image":{"@id":"https:\/\/www.miisoo.com\/#\/schema\/logo\/image\/"},"sameAs":["https:\/\/www.facebook.com\/miisoodoll","https:\/\/x.com\/MiisooSexDolls"]}]}},"_links":{"self":[{"href":"https:\/\/www.miisoo.com\/hu\/wp-json\/wp\/v2\/pages\/129","targetHints":{"allow":["GET"]}}],"collection":[{"href":"https:\/\/www.miisoo.com\/hu\/wp-json\/wp\/v2\/pages"}],"about":[{"href":"https:\/\/www.miisoo.com\/hu\/wp-json\/wp\/v2\/types\/page"}],"author":[{"embeddable":true,"href":"https:\/\/www.miisoo.com\/hu\/wp-json\/wp\/v2\/users\/455"}],"replies":[{"embeddable":true,"href":"https:\/\/www.miisoo.com\/hu\/wp-json\/wp\/v2\/comments?post=129"}],"version-history":[{"count":1,"href":"https:\/\/www.miisoo.com\/hu\/wp-json\/wp\/v2\/pages\/129\/revisions"}],"predecessor-version":[{"id":34666,"href":"https:\/\/www.miisoo.com\/hu\/wp-json\/wp\/v2\/pages\/129\/revisions\/34666"}],"wp:attachment":[{"href":"https:\/\/www.miisoo.com\/hu\/wp-json\/wp\/v2\/media?parent=129"}],"curies":[{"name":"wp","href":"https:\/\/api.w.org\/{rel}","templated":true}]}}