{"id":21341,"date":"2022-01-06T11:29:37","date_gmt":"2022-01-06T03:29:37","guid":{"rendered":"https:\/\/www.miisoo.com\/?post_type=product&#038;p=21341"},"modified":"2022-01-07T16:35:29","modified_gmt":"2022-01-07T08:35:29","slug":"life-size-men-sex-dolls-for-women","status":"publish","type":"product","link":"https:\/\/www.miisoo.com\/hr\/product\/life-size-men-sex-dolls-for-women\/","title":{"rendered":"Patrick \u2013 mu\u0161ke seksualne lutke za \u017eene od 170 cm u prirodnoj veli\u010dini"},"content":{"rendered":"<p>Ba\u0161 kao i mu\u0161ke seks lutke za \u017eene, ova lutka tra\u017ei <a href=\"https:\/\/www.miisoo.com\/hr\/kategorija-proizvoda\/brown-hair-dolls\/\">partner za<\/a> zauzeti njegovo vrijeme. Ova mu\u0161ka lutka u prirodnoj veli\u010dini je gay jebena lutka. On je student koji iskori\u0161tava svoj dobar izgled kako bi dobio mogu\u0107nosti koje mu poma\u017eu u suo\u010davanju sa svakodnevnim \u017eivotom. Budu\u0107i da nije mogao platiti svoje honorare, otvorio je privatni peep show profil na kojem prikazuje jednu po jednu sliku mu\u0161ke lutke.<\/p>\n<p>Mu\u0161ke seks lutke poput ove sme\u0111e mu\u0161ke ljubavne lutke vjeruju u quid pro quo. Uvijek je spreman za dobar provod i ne boji se seksualno se pokoriti, pogotovo ako time dobije ono \u0161to \u017eeli.<\/p>\n<p>Lutka visoka 170 cm voli nositi olovku za o\u010di kako bi naglasila njegove <a href=\"https:\/\/www.pinterest.co.uk\/cheekyrhi\/hot-guys-with-lazy-eyes\/\">lijene o\u010di<\/a> i sme\u0111e kose. Njegova jedva izrasla kozja bradica i malene usne neke su od karakteristika koje ga \u010dine nevjerojatnim. Tko ne bi tako pomislio s takvim licem?<\/p>\n<p><span style=\"color: #000000; font-size: 16px; font-weight: 600;\">Mu\u0161ke seks lutke za \u017eene mjere<\/span><\/p>\n<table style=\"border-collapse: collapse; width: 304.52pt;\" border=\"0\" width=\"406\" cellspacing=\"0\" cellpadding=\"0\">\n<tbody>\n<tr style=\"height: 28.00pt;\">\n<td class=\"et2\" style=\"height: 28.00pt; width: 124.50pt;\" width=\"166\" height=\"37\">Marka:<\/td>\n<td class=\"et2\" style=\"width: 180.00pt;\" width=\"240\">Lutka QITA<\/td>\n<\/tr>\n<tr style=\"height: 28.00pt;\">\n<td class=\"et2\" style=\"height: 28.00pt;\" height=\"37\">Visina:<\/td>\n<td class=\"et2\">170cm TPE mu\u0161ka seksualna lutka<\/td>\n<\/tr>\n<tr style=\"height: 28.00pt;\">\n<td class=\"et2\" style=\"height: 28.00pt;\" height=\"37\">Poprsje:<\/td>\n<td class=\"et2\">86 cm<\/td>\n<\/tr>\n<tr style=\"height: 28.00pt;\">\n<td class=\"et2\" style=\"height: 28.00pt;\" height=\"37\">Struk:<\/td>\n<td class=\"et2\">71 cm<\/td>\n<\/tr>\n<tr style=\"height: 28.00pt;\">\n<td class=\"et2\" style=\"height: 28.00pt;\" height=\"37\">Bokovi:<\/td>\n<td class=\"et2\">89 cm<\/td>\n<\/tr>\n<tr style=\"height: 28.00pt;\">\n<td class=\"et2\" style=\"height: 28.00pt;\" height=\"37\">Duljina ruke:<\/td>\n<td class=\"et2\">50 cm<\/td>\n<\/tr>\n<tr style=\"height: 28.00pt;\">\n<td class=\"et2\" style=\"height: 28.00pt;\" height=\"37\">Du\u017eina stopala:<\/td>\n<td class=\"et2\">22 cm<\/td>\n<\/tr>\n<tr style=\"height: 28.00pt;\">\n<td class=\"et2\" style=\"height: 28.00pt;\" height=\"37\">\u0160irina ramena:<\/td>\n<td class=\"et2\">44 cm<\/td>\n<\/tr>\n<tr style=\"height: 28.00pt;\">\n<td class=\"et2\" style=\"height: 28.00pt;\" height=\"37\">Te\u017eina:<\/td>\n<td class=\"et2\">53 kg<\/td>\n<\/tr>\n<tr style=\"height: 28.00pt;\">\n<td class=\"et2\" style=\"height: 28.00pt;\" height=\"37\">Du\u017eina penisa:<\/td>\n<td class=\"et2\">15 cm<\/td>\n<\/tr>\n<tr style=\"height: 28.00pt;\">\n<td class=\"et2\" style=\"height: 28.00pt;\" height=\"37\">Oralna dubina:<\/td>\n<td class=\"et2\">N\/A<\/td>\n<\/tr>\n<tr style=\"height: 28.00pt;\">\n<td class=\"et2\" style=\"height: 28.00pt;\" height=\"37\">Analna dubina:<\/td>\n<td class=\"et2\">20 cm<\/td>\n<\/tr>\n<\/tbody>\n<\/table>","protected":false},"excerpt":{"rendered":"<div data-elementor-type=\"section\" data-elementor-id=\"10450\" class=\"elementor elementor-10450\" data-elementor-post-type=\"elementor_library\">\n<section class=\"elementor-section elementor-top-section elementor-element elementor-element-1ac4967 elementor-section-boxed elementor-section-height-default elementor-section-height-default\" data-id=\"1ac4967\" data-element_type=\"section\">\n<div class=\"elementor-container elementor-column-gap-default\">\n<div class=\"elementor-column elementor-col-100 elementor-top-column elementor-element elementor-element-bfbdbdf\" data-id=\"bfbdbdf\" data-element_type=\"column\">\n<div class=\"elementor-widget-wrap elementor-element-populated\">\n<div class=\"elementor-element elementor-element-e4dbd68 elementor-widget elementor-widget-text-editor\" data-id=\"e4dbd68\" data-element_type=\"widget\" data-widget_type=\"text-editor.default\">\n<div class=\"elementor-widget-container\">\n<ul>\n<li>Besplatna dostava diljem svijeta, diskretna dostava.<\/li>\n<li>100% Identi\u010dan kao na slikama osim ako nije prilago\u0111en.<\/li>\n<li>Cijene uklju\u010duju. PDV i carinske pristojbe<\/li>\n<li>Besplatna dostava, opcije brze dostave na stranici za naplatu<\/li>\n<\/ul><\/div>\n<\/p><\/div>\n<\/p><\/div>\n<\/p><\/div>\n<\/p><\/div>\n<\/section><\/div>\n<div data-elementor-type=\"section\" data-elementor-id=\"10473\" class=\"elementor elementor-10473\" data-elementor-post-type=\"elementor_library\">\n<section class=\"elementor-section elementor-top-section elementor-element elementor-element-03d9b2a elementor-section-boxed elementor-section-height-default elementor-section-height-default\" data-id=\"03d9b2a\" data-element_type=\"section\">\n<div class=\"elementor-container elementor-column-gap-default\">\n<div class=\"elementor-column elementor-col-100 elementor-top-column elementor-element elementor-element-5081c52\" data-id=\"5081c52\" data-element_type=\"column\">\n<div class=\"elementor-widget-wrap elementor-element-populated\">\n<div class=\"elementor-element elementor-element-d2c17df elementor-widget elementor-widget-martfury-banner-small\" data-id=\"d2c17df\" data-element_type=\"widget\" data-widget_type=\"martfury-banner-small.default\">\n<div class=\"elementor-widget-container\">\n<div class=\"mf-elementor-banner-small\">\n<div class=\"banner-featured-image\"><\/div>\n<p>\t\t\t                <a class=\"link\" href=\"https:\/\/mso.aidoll-japan.com\"><\/a><\/p>\n<div class=\"banner-content\">\n<h2 class=\"banner-title\">1500 mini ljubavnih lutaka<\/p>\n<p>sexdollxxx. com<\/h2>\n<div class=\"banner-desc\">\n<p>60 cm, 80 cm, 100 cm,<\/p>\n<p>120 cm, 130 cm, 140 cm<\/p>\n<\/div>\n<div class=\"banner-price\"><span\n                                class=\"s-price\">sexdollxxx .com<\/span><\/div>\n<\/p><\/div>\n<\/p><\/div>\n<\/p><\/div>\n<\/p><\/div>\n<\/p><\/div>\n<\/p><\/div>\n<\/p><\/div>\n<\/section><\/div>","protected":false},"featured_media":21373,"comment_status":"open","ping_status":"closed","template":"","meta":[],"product_cat":[114,115,116,81],"product_tag":[],"class_list":{"0":"post-21341","1":"product","2":"type-product","3":"status-publish","4":"has-post-thumbnail","6":"product_cat-1500usd-2000usd-sex-doll","7":"product_cat-161cm-170cm-sex-dolls","8":"product_cat-male-sex-dolls","9":"product_cat-tpe-sex-dolls","10":"tm-no-options","12":"first","13":"instock","14":"sale","15":"shipping-taxable","16":"purchasable","17":"product-type-simple","18":"col-xs-6 col-sm-4","19":"col-md-3 col-lg-3","20":"un-4-cols"},"yoast_head":"<!-- This site is optimized with the Yoast SEO Premium plugin v22.6 (Yoast SEO v22.9) - https:\/\/yoast.com\/wordpress\/plugins\/seo\/ -->\n<title>Men Sex Dolls For Women - Life Size Male Love Doll - MiisooDoll<\/title>\n<meta name=\"description\" content=\"Just like men sex dolls for women, he\u00a0is looking for a partner to occupy his time.\u00a0This life size male love doll\u00a0is a gay fuck doll\" \/>\n<meta name=\"robots\" content=\"index, follow, max-snippet:-1, max-image-preview:large, max-video-preview:-1\" \/>\n<link rel=\"canonical\" href=\"https:\/\/www.miisoo.com\/hr\/proizvod\/life-size-men-sex-dolls-for-women\/\" \/>\n<meta property=\"og:locale\" content=\"hr_HR\" \/>\n<meta property=\"og:type\" content=\"article\" \/>\n<meta property=\"og:title\" content=\"Patrick - 170cm Life Size Men Sex Dolls For Women\" \/>\n<meta property=\"og:description\" content=\"Just like men sex dolls for women, he\u00a0is looking for a partner to occupy his time.\u00a0This life size male love doll\u00a0is a gay fuck doll\" \/>\n<meta property=\"og:url\" content=\"https:\/\/www.miisoo.com\/hr\/proizvod\/life-size-men-sex-dolls-for-women\/\" \/>\n<meta property=\"og:site_name\" content=\"MiisooDoll\" \/>\n<meta property=\"article:publisher\" content=\"https:\/\/www.facebook.com\/miisoodoll\" \/>\n<meta property=\"article:modified_time\" content=\"2022-01-07T08:35:29+00:00\" \/>\n<meta property=\"og:image\" content=\"https:\/\/www.miisoo.com\/wp-content\/uploads\/2022\/01\/life-size-male-doll-2430.jpg\" \/>\n\t<meta property=\"og:image:width\" content=\"600\" \/>\n\t<meta property=\"og:image:height\" content=\"900\" \/>\n\t<meta property=\"og:image:type\" content=\"image\/jpeg\" \/>\n<meta name=\"twitter:card\" content=\"summary_large_image\" \/>\n<meta name=\"twitter:site\" content=\"@MiisooSexDolls\" \/>\n<meta name=\"twitter:label1\" content=\"Procijenjeno vrijeme \u010ditanja\" \/>\n\t<meta name=\"twitter:data1\" content=\"1 minuta\" \/>\n<!-- \/ Yoast SEO Premium plugin. -->","yoast_head_json":{"title":"Men Sex Dolls For Women - Life Size Male Love Doll - MiisooDoll","description":"Just like men sex dolls for women, he\u00a0is looking for a partner to occupy his time.\u00a0This life size male love doll\u00a0is a gay fuck doll","robots":{"index":"index","follow":"follow","max-snippet":"max-snippet:-1","max-image-preview":"max-image-preview:large","max-video-preview":"max-video-preview:-1"},"canonical":"https:\/\/www.miisoo.com\/hr\/proizvod\/life-size-men-sex-dolls-for-women\/","og_locale":"hr_HR","og_type":"article","og_title":"Patrick - 170cm Life Size Men Sex Dolls For Women","og_description":"Just like men sex dolls for women, he\u00a0is looking for a partner to occupy his time.\u00a0This life size male love doll\u00a0is a gay fuck doll","og_url":"https:\/\/www.miisoo.com\/hr\/proizvod\/life-size-men-sex-dolls-for-women\/","og_site_name":"MiisooDoll","article_publisher":"https:\/\/www.facebook.com\/miisoodoll","article_modified_time":"2022-01-07T08:35:29+00:00","og_image":[{"width":600,"height":900,"url":"https:\/\/www.miisoo.com\/wp-content\/uploads\/2022\/01\/life-size-male-doll-2430.jpg","type":"image\/jpeg"}],"twitter_card":"summary_large_image","twitter_site":"@MiisooSexDolls","twitter_misc":{"Procijenjeno vrijeme \u010ditanja":"1 minuta"},"schema":{"@context":"https:\/\/schema.org","@graph":[{"@type":"WebPage","@id":"https:\/\/www.miisoo.com\/nl\/product\/life-size-men-sex-dolls-for-women\/","url":"https:\/\/www.miisoo.com\/nl\/product\/life-size-men-sex-dolls-for-women\/","name":"Men Sex Dolls For Women - Life Size Male Love Doll - MiisooDoll","isPartOf":{"@id":"https:\/\/www.miisoo.com\/#website"},"primaryImageOfPage":{"@id":"https:\/\/www.miisoo.com\/nl\/product\/life-size-men-sex-dolls-for-women\/#primaryimage"},"image":{"@id":"https:\/\/www.miisoo.com\/nl\/product\/life-size-men-sex-dolls-for-women\/#primaryimage"},"thumbnailUrl":"https:\/\/www.miisoo.com\/wp-content\/uploads\/2022\/01\/life-size-male-doll-2430.jpg","datePublished":"2022-01-06T03:29:37+00:00","dateModified":"2022-01-07T08:35:29+00:00","description":"Just like men sex dolls for women, he\u00a0is looking for a partner to occupy his time.\u00a0This life size male love doll\u00a0is a gay fuck doll","breadcrumb":{"@id":"https:\/\/www.miisoo.com\/nl\/product\/life-size-men-sex-dolls-for-women\/#breadcrumb"},"inLanguage":"hr","potentialAction":[{"@type":"ReadAction","target":["https:\/\/www.miisoo.com\/nl\/product\/life-size-men-sex-dolls-for-women\/"]}]},{"@type":"ImageObject","inLanguage":"hr","@id":"https:\/\/www.miisoo.com\/nl\/product\/life-size-men-sex-dolls-for-women\/#primaryimage","url":"https:\/\/www.miisoo.com\/wp-content\/uploads\/2022\/01\/life-size-male-doll-2430.jpg","contentUrl":"https:\/\/www.miisoo.com\/wp-content\/uploads\/2022\/01\/life-size-male-doll-2430.jpg","width":600,"height":900,"caption":"Patrick \u2013 170cm Life Size Men Sex Dolls For Women"},{"@type":"BreadcrumbList","@id":"https:\/\/www.miisoo.com\/nl\/product\/life-size-men-sex-dolls-for-women\/#breadcrumb","itemListElement":[{"@type":"ListItem","position":1,"name":"Home","item":"https:\/\/www.miisoo.com\/"},{"@type":"ListItem","position":2,"name":"Sex Doll Shop","item":"https:\/\/www.miisoo.com\/shop\/"},{"@type":"ListItem","position":3,"name":"Patrick &#8211; 170cm Life Size Men Sex Dolls For Women"}]},{"@type":"WebSite","@id":"https:\/\/www.miisoo.com\/#website","url":"https:\/\/www.miisoo.com\/","name":"MiisooDoll","description":"Sexual Doll, Real Sex Dolls, Love Doll, Best Sex Dolls","publisher":{"@id":"https:\/\/www.miisoo.com\/#organization"},"potentialAction":[{"@type":"SearchAction","target":{"@type":"EntryPoint","urlTemplate":"https:\/\/www.miisoo.com\/?s={search_term_string}"},"query-input":"required name=search_term_string"}],"inLanguage":"hr"},{"@type":"Organization","@id":"https:\/\/www.miisoo.com\/#organization","name":"MiisooDoll","url":"https:\/\/www.miisoo.com\/","logo":{"@type":"ImageObject","inLanguage":"hr","@id":"https:\/\/www.miisoo.com\/#\/schema\/logo\/image\/","url":"https:\/\/www.miisoo.com\/wp-content\/uploads\/2020\/09\/logo-botton.png","contentUrl":"https:\/\/www.miisoo.com\/wp-content\/uploads\/2020\/09\/logo-botton.png","width":181,"height":42,"caption":"MiisooDoll"},"image":{"@id":"https:\/\/www.miisoo.com\/#\/schema\/logo\/image\/"},"sameAs":["https:\/\/www.facebook.com\/miisoodoll","https:\/\/x.com\/MiisooSexDolls"]}]}},"_links":{"self":[{"href":"https:\/\/www.miisoo.com\/hr\/wp-json\/wp\/v2\/product\/21341","targetHints":{"allow":["GET"]}}],"collection":[{"href":"https:\/\/www.miisoo.com\/hr\/wp-json\/wp\/v2\/product"}],"about":[{"href":"https:\/\/www.miisoo.com\/hr\/wp-json\/wp\/v2\/types\/product"}],"replies":[{"embeddable":true,"href":"https:\/\/www.miisoo.com\/hr\/wp-json\/wp\/v2\/comments?post=21341"}],"version-history":[{"count":3,"href":"https:\/\/www.miisoo.com\/hr\/wp-json\/wp\/v2\/product\/21341\/revisions"}],"predecessor-version":[{"id":21613,"href":"https:\/\/www.miisoo.com\/hr\/wp-json\/wp\/v2\/product\/21341\/revisions\/21613"}],"wp:featuredmedia":[{"embeddable":true,"href":"https:\/\/www.miisoo.com\/hr\/wp-json\/wp\/v2\/media\/21373"}],"wp:attachment":[{"href":"https:\/\/www.miisoo.com\/hr\/wp-json\/wp\/v2\/media?parent=21341"}],"wp:term":[{"taxonomy":"product_cat","embeddable":true,"href":"https:\/\/www.miisoo.com\/hr\/wp-json\/wp\/v2\/product_cat?post=21341"},{"taxonomy":"product_tag","embeddable":true,"href":"https:\/\/www.miisoo.com\/hr\/wp-json\/wp\/v2\/product_tag?post=21341"}],"curies":[{"name":"wp","href":"https:\/\/api.w.org\/{rel}","templated":true}]}}