{"id":21213,"date":"2022-01-05T20:54:24","date_gmt":"2022-01-05T12:54:24","guid":{"rendered":"https:\/\/www.miisoo.com\/?post_type=product&#038;p=21213"},"modified":"2022-01-07T11:51:03","modified_gmt":"2022-01-07T03:51:03","slug":"realistic-male-body-sex-doll-for-sale","status":"publish","type":"product","link":"https:\/\/www.miisoo.com\/hr\/product\/realistic-male-body-sex-doll-for-sale\/","title":{"rendered":"Ethan \u2013 Realisti\u010dna seks lutka za mu\u0161ko tijelo od 170 cm na prodaju"},"content":{"rendered":"<p>Najbolji dio seks lutke za mu\u0161ko tijelo je da s njom mo\u017eete raditi \u0161to god \u017eelite. Svaka od mu\u0161kih seks lutaka za prodaju predstavlja razli\u010ditu vrstu seksualnog iskustva za svakoga. Ethan je a <a href=\"https:\/\/www.youtube.com\/watch?v=NBzg-q5nxMo\">barmen s vru\u0107im tijelom<\/a> i dje\u010da\u010dki \u0161arm. U slobodno vrijeme provodi vrijeme u ladanjskom klubu tra\u017ee\u0107i pume i nesu\u0111ene \u017eenke. Ova silikonska mu\u0161ka lutka u\u017eiva u na\u010dinu na koji mu bogate starije \u017eene padaju pred noge.<\/p>\n<p>Ethan je mu\u0161ka prava seks lutka visine 170 cm sa savr\u0161eno oblikovanim trbu\u0161nim mi\u0161i\u0107ima i tamnocrnim mramornim o\u010dima. Njegov dugi \u010dvrsti kurac ravno je iz realisti\u010dne porno fantazije mu\u0161ke lutke. Ovaj ure\u0111aj za izradu fantasti\u010dnih lutaka omogu\u0107uje vam <a href=\"https:\/\/www.miisoo.com\/hr\/proizvod\/adult-sexy-japanese-male-sex-doll\/\">glumiti<\/a> va\u0161e seksualne \u017eelje, bez obzira koliko nastrane bile.<\/p>\n<p>Ova silikonska mu\u0161ka lutka dizajnirana je da se savija u razli\u010dite polo\u017eaje i izdr\u017ei svu te\u017einu. Tvoje no\u0107i vi\u0161e ne\u0107e biti usamljene s prijateljem poput Ethana.<\/p>\n<p><strong>Mjere seks lutke za mu\u0161ko tijelo<\/strong><\/p>\n<table style=\"border-collapse: collapse; width: 304.52pt;\" border=\"0\" width=\"406\" cellspacing=\"0\" cellpadding=\"0\">\n<tbody>\n<tr style=\"height: 28.00pt;\">\n<td class=\"et2\" style=\"height: 28.00pt; width: 124.50pt;\" width=\"166\" height=\"37\">Visina:<\/td>\n<td class=\"et2\" style=\"width: 180.00pt;\" width=\"240\">170cm TPE mu\u0161ka prava lutka<\/td>\n<\/tr>\n<tr style=\"height: 28.00pt;\">\n<td class=\"et2\" style=\"height: 28.00pt;\" height=\"37\">Poprsje:<\/td>\n<td class=\"et2\">78 cm<\/td>\n<\/tr>\n<tr style=\"height: 28.00pt;\">\n<td class=\"et2\" style=\"height: 28.00pt;\" height=\"37\">Struk:<\/td>\n<td class=\"et2\">69 cm<\/td>\n<\/tr>\n<tr style=\"height: 28.00pt;\">\n<td class=\"et2\" style=\"height: 28.00pt;\" height=\"37\">Bokovi:<\/td>\n<td class=\"et2\">80 cm<\/td>\n<\/tr>\n<tr style=\"height: 28.00pt;\">\n<td class=\"et2\" style=\"height: 28.00pt;\" height=\"37\">Duljina ruke:<\/td>\n<td class=\"et2\">66 cm<\/td>\n<\/tr>\n<tr style=\"height: 28.00pt;\">\n<td class=\"et2\" style=\"height: 28.00pt;\" height=\"37\">Vrat:<\/td>\n<td class=\"et2\">29 cm<\/td>\n<\/tr>\n<tr style=\"height: 28.00pt;\">\n<td class=\"et2\" style=\"height: 28.00pt;\" height=\"37\">\u0160irina ramena:<\/td>\n<td class=\"et2\">42 cm<\/td>\n<\/tr>\n<tr style=\"height: 28.00pt;\">\n<td class=\"et2\" style=\"height: 28.00pt;\" height=\"37\">Te\u017eina:<\/td>\n<td class=\"et2\">40 kg<\/td>\n<\/tr>\n<tr style=\"height: 28.00pt;\">\n<td class=\"et2\" style=\"height: 28.00pt;\" height=\"37\">Du\u017eina penisa:<\/td>\n<td class=\"et2\">17 cm<\/td>\n<\/tr>\n<tr style=\"height: 28.00pt;\">\n<td class=\"et2\" style=\"height: 28.00pt;\" height=\"37\">Promjer penisa:<\/td>\n<td class=\"et2\">3,5 cm<\/td>\n<\/tr>\n<tr style=\"height: 28.00pt;\">\n<td class=\"et2\" style=\"height: 28.00pt;\" height=\"37\">Oralna dubina:<\/td>\n<td class=\"et2\">12 cm<\/td>\n<\/tr>\n<tr style=\"height: 28.00pt;\">\n<td class=\"et2\" style=\"height: 28.00pt;\" height=\"37\">Analna dubina:<\/td>\n<td class=\"et2\">17 cm<\/td>\n<\/tr>\n<tr style=\"height: 28.00pt;\">\n<td class=\"et2\" style=\"height: 28.00pt;\" height=\"37\">Veli\u010dina Paketa:<\/td>\n<td class=\"et2\">158X38X30 cm<\/td>\n<\/tr>\n<\/tbody>\n<\/table>","protected":false},"excerpt":{"rendered":"<div data-elementor-type=\"section\" data-elementor-id=\"10450\" class=\"elementor elementor-10450\" data-elementor-post-type=\"elementor_library\">\n<section class=\"elementor-section elementor-top-section elementor-element elementor-element-1ac4967 elementor-section-boxed elementor-section-height-default elementor-section-height-default\" data-id=\"1ac4967\" data-element_type=\"section\">\n<div class=\"elementor-container elementor-column-gap-default\">\n<div class=\"elementor-column elementor-col-100 elementor-top-column elementor-element elementor-element-bfbdbdf\" data-id=\"bfbdbdf\" data-element_type=\"column\">\n<div class=\"elementor-widget-wrap elementor-element-populated\">\n<div class=\"elementor-element elementor-element-e4dbd68 elementor-widget elementor-widget-text-editor\" data-id=\"e4dbd68\" data-element_type=\"widget\" data-widget_type=\"text-editor.default\">\n<div class=\"elementor-widget-container\">\n<ul>\n<li>Besplatna dostava diljem svijeta, diskretna dostava.<\/li>\n<li>100% Identi\u010dan kao na slikama osim ako nije prilago\u0111en.<\/li>\n<li>Cijene uklju\u010duju. PDV i carinske pristojbe<\/li>\n<li>Besplatna dostava, opcije brze dostave na stranici za naplatu<\/li>\n<\/ul><\/div>\n<\/p><\/div>\n<\/p><\/div>\n<\/p><\/div>\n<\/p><\/div>\n<\/section><\/div>\n<div data-elementor-type=\"section\" data-elementor-id=\"10473\" class=\"elementor elementor-10473\" data-elementor-post-type=\"elementor_library\">\n<section class=\"elementor-section elementor-top-section elementor-element elementor-element-03d9b2a elementor-section-boxed elementor-section-height-default elementor-section-height-default\" data-id=\"03d9b2a\" data-element_type=\"section\">\n<div class=\"elementor-container elementor-column-gap-default\">\n<div class=\"elementor-column elementor-col-100 elementor-top-column elementor-element elementor-element-5081c52\" data-id=\"5081c52\" data-element_type=\"column\">\n<div class=\"elementor-widget-wrap elementor-element-populated\">\n<div class=\"elementor-element elementor-element-d2c17df elementor-widget elementor-widget-martfury-banner-small\" data-id=\"d2c17df\" data-element_type=\"widget\" data-widget_type=\"martfury-banner-small.default\">\n<div class=\"elementor-widget-container\">\n<div class=\"mf-elementor-banner-small\">\n<div class=\"banner-featured-image\"><\/div>\n<p>\t\t\t                <a class=\"link\" href=\"https:\/\/mso.aidoll-japan.com\"><\/a><\/p>\n<div class=\"banner-content\">\n<h2 class=\"banner-title\">1500 mini ljubavnih lutaka<\/p>\n<p>sexdollxxx. com<\/h2>\n<div class=\"banner-desc\">\n<p>60 cm, 80 cm, 100 cm,<\/p>\n<p>120 cm, 130 cm, 140 cm<\/p>\n<\/div>\n<div class=\"banner-price\"><span\n                                class=\"s-price\">sexdollxxx .com<\/span><\/div>\n<\/p><\/div>\n<\/p><\/div>\n<\/p><\/div>\n<\/p><\/div>\n<\/p><\/div>\n<\/p><\/div>\n<\/p><\/div>\n<\/section><\/div>","protected":false},"featured_media":21233,"comment_status":"open","ping_status":"closed","template":"","meta":[],"product_cat":[123,115,116,81],"product_tag":[],"class_list":{"0":"post-21213","1":"product","2":"type-product","3":"status-publish","4":"has-post-thumbnail","6":"product_cat-1000usd-1500usd-sex-dolls","7":"product_cat-161cm-170cm-sex-dolls","8":"product_cat-male-sex-dolls","9":"product_cat-tpe-sex-dolls","10":"tm-no-options","12":"first","13":"instock","14":"sale","15":"shipping-taxable","16":"purchasable","17":"product-type-simple","18":"col-xs-6 col-sm-4","19":"col-md-3 col-lg-3","20":"un-4-cols"},"yoast_head":"<!-- This site is optimized with the Yoast SEO Premium plugin v22.6 (Yoast SEO v22.9) - https:\/\/yoast.com\/wordpress\/plugins\/seo\/ -->\n<title>Male Body Sex Doll - Realistic Male Real Sex Doll For Sale<\/title>\n<meta name=\"description\" content=\"The best about a male body sex doll\u00a0is that you can do whatever you want, Each of the realistic male real sex dolls for sale represent\" \/>\n<meta name=\"robots\" content=\"index, follow, max-snippet:-1, max-image-preview:large, max-video-preview:-1\" \/>\n<link rel=\"canonical\" href=\"https:\/\/www.miisoo.com\/hr\/proizvod\/realistic-male-body-sex-doll-for-sale\/\" \/>\n<meta property=\"og:locale\" content=\"hr_HR\" \/>\n<meta property=\"og:type\" content=\"article\" \/>\n<meta property=\"og:title\" content=\"Ethan - 170cm Realistic Male Body Sex Doll For Sale\" \/>\n<meta property=\"og:description\" content=\"The best about a male body sex doll\u00a0is that you can do whatever you want, Each of the realistic male real sex dolls for sale represent\" \/>\n<meta property=\"og:url\" content=\"https:\/\/www.miisoo.com\/hr\/proizvod\/realistic-male-body-sex-doll-for-sale\/\" \/>\n<meta property=\"og:site_name\" content=\"MiisooDoll\" \/>\n<meta property=\"article:publisher\" content=\"https:\/\/www.facebook.com\/miisoodoll\" \/>\n<meta property=\"article:modified_time\" content=\"2022-01-07T03:51:03+00:00\" \/>\n<meta property=\"og:image\" content=\"https:\/\/www.miisoo.com\/wp-content\/uploads\/2022\/01\/male-real-sex-dolls-221.jpg\" \/>\n\t<meta property=\"og:image:width\" content=\"601\" \/>\n\t<meta property=\"og:image:height\" content=\"900\" \/>\n\t<meta property=\"og:image:type\" content=\"image\/jpeg\" \/>\n<meta name=\"twitter:card\" content=\"summary_large_image\" \/>\n<meta name=\"twitter:site\" content=\"@MiisooSexDolls\" \/>\n<meta name=\"twitter:label1\" content=\"Procijenjeno vrijeme \u010ditanja\" \/>\n\t<meta name=\"twitter:data1\" content=\"1 minuta\" \/>\n<!-- \/ Yoast SEO Premium plugin. -->","yoast_head_json":{"title":"Male Body Sex Doll - Realistic Male Real Sex Doll For Sale","description":"The best about a male body sex doll\u00a0is that you can do whatever you want, Each of the realistic male real sex dolls for sale represent","robots":{"index":"index","follow":"follow","max-snippet":"max-snippet:-1","max-image-preview":"max-image-preview:large","max-video-preview":"max-video-preview:-1"},"canonical":"https:\/\/www.miisoo.com\/hr\/proizvod\/realistic-male-body-sex-doll-for-sale\/","og_locale":"hr_HR","og_type":"article","og_title":"Ethan - 170cm Realistic Male Body Sex Doll For Sale","og_description":"The best about a male body sex doll\u00a0is that you can do whatever you want, Each of the realistic male real sex dolls for sale represent","og_url":"https:\/\/www.miisoo.com\/hr\/proizvod\/realistic-male-body-sex-doll-for-sale\/","og_site_name":"MiisooDoll","article_publisher":"https:\/\/www.facebook.com\/miisoodoll","article_modified_time":"2022-01-07T03:51:03+00:00","og_image":[{"width":601,"height":900,"url":"https:\/\/www.miisoo.com\/wp-content\/uploads\/2022\/01\/male-real-sex-dolls-221.jpg","type":"image\/jpeg"}],"twitter_card":"summary_large_image","twitter_site":"@MiisooSexDolls","twitter_misc":{"Procijenjeno vrijeme \u010ditanja":"1 minuta"},"schema":{"@context":"https:\/\/schema.org","@graph":[{"@type":"WebPage","@id":"https:\/\/www.miisoo.com\/product\/realistic-male-body-sex-doll-for-sale\/","url":"https:\/\/www.miisoo.com\/product\/realistic-male-body-sex-doll-for-sale\/","name":"Male Body Sex Doll - Realistic Male Real Sex Doll For Sale","isPartOf":{"@id":"https:\/\/www.miisoo.com\/#website"},"primaryImageOfPage":{"@id":"https:\/\/www.miisoo.com\/product\/realistic-male-body-sex-doll-for-sale\/#primaryimage"},"image":{"@id":"https:\/\/www.miisoo.com\/product\/realistic-male-body-sex-doll-for-sale\/#primaryimage"},"thumbnailUrl":"https:\/\/www.miisoo.com\/wp-content\/uploads\/2022\/01\/male-real-sex-dolls-221.jpg","datePublished":"2022-01-05T12:54:24+00:00","dateModified":"2022-01-07T03:51:03+00:00","description":"The best about a male body sex doll\u00a0is that you can do whatever you want, Each of the realistic male real sex dolls for sale represent","breadcrumb":{"@id":"https:\/\/www.miisoo.com\/product\/realistic-male-body-sex-doll-for-sale\/#breadcrumb"},"inLanguage":"hr","potentialAction":[{"@type":"ReadAction","target":["https:\/\/www.miisoo.com\/product\/realistic-male-body-sex-doll-for-sale\/"]}]},{"@type":"ImageObject","inLanguage":"hr","@id":"https:\/\/www.miisoo.com\/product\/realistic-male-body-sex-doll-for-sale\/#primaryimage","url":"https:\/\/www.miisoo.com\/wp-content\/uploads\/2022\/01\/male-real-sex-dolls-221.jpg","contentUrl":"https:\/\/www.miisoo.com\/wp-content\/uploads\/2022\/01\/male-real-sex-dolls-221.jpg","width":601,"height":900,"caption":"Ethan \u2013 170cm Realistic Male Body Sex Doll For Sale"},{"@type":"BreadcrumbList","@id":"https:\/\/www.miisoo.com\/product\/realistic-male-body-sex-doll-for-sale\/#breadcrumb","itemListElement":[{"@type":"ListItem","position":1,"name":"Home","item":"https:\/\/www.miisoo.com\/"},{"@type":"ListItem","position":2,"name":"Sex Doll Shop","item":"https:\/\/www.miisoo.com\/shop\/"},{"@type":"ListItem","position":3,"name":"Ethan &#8211; 170cm Realistic Male Body Sex Doll For Sale"}]},{"@type":"WebSite","@id":"https:\/\/www.miisoo.com\/#website","url":"https:\/\/www.miisoo.com\/","name":"MiisooDoll","description":"Sexual Doll, Real Sex Dolls, Love Doll, Best Sex Dolls","publisher":{"@id":"https:\/\/www.miisoo.com\/#organization"},"potentialAction":[{"@type":"SearchAction","target":{"@type":"EntryPoint","urlTemplate":"https:\/\/www.miisoo.com\/?s={search_term_string}"},"query-input":"required name=search_term_string"}],"inLanguage":"hr"},{"@type":"Organization","@id":"https:\/\/www.miisoo.com\/#organization","name":"MiisooDoll","url":"https:\/\/www.miisoo.com\/","logo":{"@type":"ImageObject","inLanguage":"hr","@id":"https:\/\/www.miisoo.com\/#\/schema\/logo\/image\/","url":"https:\/\/www.miisoo.com\/wp-content\/uploads\/2020\/09\/logo-botton.png","contentUrl":"https:\/\/www.miisoo.com\/wp-content\/uploads\/2020\/09\/logo-botton.png","width":181,"height":42,"caption":"MiisooDoll"},"image":{"@id":"https:\/\/www.miisoo.com\/#\/schema\/logo\/image\/"},"sameAs":["https:\/\/www.facebook.com\/miisoodoll","https:\/\/x.com\/MiisooSexDolls"]}]}},"_links":{"self":[{"href":"https:\/\/www.miisoo.com\/hr\/wp-json\/wp\/v2\/product\/21213","targetHints":{"allow":["GET"]}}],"collection":[{"href":"https:\/\/www.miisoo.com\/hr\/wp-json\/wp\/v2\/product"}],"about":[{"href":"https:\/\/www.miisoo.com\/hr\/wp-json\/wp\/v2\/types\/product"}],"replies":[{"embeddable":true,"href":"https:\/\/www.miisoo.com\/hr\/wp-json\/wp\/v2\/comments?post=21213"}],"version-history":[{"count":3,"href":"https:\/\/www.miisoo.com\/hr\/wp-json\/wp\/v2\/product\/21213\/revisions"}],"predecessor-version":[{"id":21595,"href":"https:\/\/www.miisoo.com\/hr\/wp-json\/wp\/v2\/product\/21213\/revisions\/21595"}],"wp:featuredmedia":[{"embeddable":true,"href":"https:\/\/www.miisoo.com\/hr\/wp-json\/wp\/v2\/media\/21233"}],"wp:attachment":[{"href":"https:\/\/www.miisoo.com\/hr\/wp-json\/wp\/v2\/media?parent=21213"}],"wp:term":[{"taxonomy":"product_cat","embeddable":true,"href":"https:\/\/www.miisoo.com\/hr\/wp-json\/wp\/v2\/product_cat?post=21213"},{"taxonomy":"product_tag","embeddable":true,"href":"https:\/\/www.miisoo.com\/hr\/wp-json\/wp\/v2\/product_tag?post=21213"}],"curies":[{"name":"wp","href":"https:\/\/api.w.org\/{rel}","templated":true}]}}