{"id":4342,"date":"2020-09-14T14:56:56","date_gmt":"2020-09-14T06:56:56","guid":{"rendered":"http:\/\/miisoo.com\/?page_id=4342"},"modified":"2023-12-22T19:58:53","modified_gmt":"2023-12-22T11:58:53","slug":"sex-dolls-scam-alert","status":"publish","type":"page","link":"https:\/\/www.miisoo.com\/hr\/sex-dolls-scam-alert\/","title":{"rendered":"Upozorenje o prijevari Sex Dollsa"},"content":{"rendered":"<div data-elementor-type=\"wp-post\" data-elementor-id=\"4342\" class=\"elementor elementor-4342\" data-elementor-post-type=\"page\">\n\t\t\t\t\t\t<section class=\"elementor-section elementor-top-section elementor-element elementor-element-499101e2 elementor-section-full_width elementor-section-stretched elementor-section-height-default elementor-section-height-default\" data-id=\"499101e2\" data-element_type=\"section\" data-settings=\"{&quot;stretch_section&quot;:&quot;section-stretched&quot;}\">\n\t\t\t\t\t\t<div class=\"elementor-container elementor-column-gap-no\">\n\t\t\t\t\t<div class=\"elementor-column elementor-col-100 elementor-top-column elementor-element elementor-element-3ca9cf60\" data-id=\"3ca9cf60\" data-element_type=\"column\">\n\t\t\t<div class=\"elementor-widget-wrap elementor-element-populated\">\n\t\t\t\t\t\t<div class=\"elementor-element elementor-element-54251667 elementor-widget elementor-widget-image\" data-id=\"54251667\" data-element_type=\"widget\" data-widget_type=\"image.default\">\n\t\t\t\t<div class=\"elementor-widget-container\">\n\t\t\t\t\t\t\t\t\t\t\t\t\t\t\t<img fetchpriority=\"high\" decoding=\"async\" width=\"1536\" height=\"480\" src=\"https:\/\/www.miisoo.com\/wp-content\/uploads\/2020\/12\/banner-sex-doll-1.jpg\" class=\"attachment-full size-full wp-image-7398\" alt=\"\" srcset=\"https:\/\/www.miisoo.com\/wp-content\/uploads\/2020\/12\/banner-sex-doll-1.jpg 1536w, https:\/\/www.miisoo.com\/wp-content\/uploads\/2020\/12\/banner-sex-doll-1-300x94.jpg 300w, https:\/\/www.miisoo.com\/wp-content\/uploads\/2020\/12\/banner-sex-doll-1-1024x320.jpg 1024w, https:\/\/www.miisoo.com\/wp-content\/uploads\/2020\/12\/banner-sex-doll-1-768x240.jpg 768w, https:\/\/www.miisoo.com\/wp-content\/uploads\/2020\/12\/banner-sex-doll-1-370x116.jpg 370w, https:\/\/www.miisoo.com\/wp-content\/uploads\/2020\/12\/banner-sex-doll-1-600x188.jpg 600w\" sizes=\"(max-width: 1536px) 100vw, 1536px\" \/>\t\t\t\t\t\t\t\t\t\t\t\t\t\t\t<\/div>\n\t\t\t\t<\/div>\n\t\t\t\t<div class=\"elementor-element elementor-element-a61e060 elementor-widget elementor-widget-spacer\" data-id=\"a61e060\" data-element_type=\"widget\" data-widget_type=\"spacer.default\">\n\t\t\t\t<div class=\"elementor-widget-container\">\n\t\t\t\t\t\t\t<div class=\"elementor-spacer\">\n\t\t\t<div class=\"elementor-spacer-inner\"><\/div>\n\t\t<\/div>\n\t\t\t\t\t\t<\/div>\n\t\t\t\t<\/div>\n\t\t\t\t\t<\/div>\n\t\t<\/div>\n\t\t\t\t\t<\/div>\n\t\t<\/section>\n\t\t\t\t<section class=\"elementor-section elementor-top-section elementor-element elementor-element-3ff6745a elementor-section-boxed elementor-section-height-default elementor-section-height-default\" data-id=\"3ff6745a\" data-element_type=\"section\">\n\t\t\t\t\t\t<div class=\"elementor-container elementor-column-gap-extended\">\n\t\t\t\t\t<div class=\"elementor-column elementor-col-33 elementor-top-column elementor-element elementor-element-5847672a\" data-id=\"5847672a\" data-element_type=\"column\">\n\t\t\t<div class=\"elementor-widget-wrap\">\n\t\t\t\t\t\t\t<\/div>\n\t\t<\/div>\n\t\t\t\t<div class=\"elementor-column elementor-col-33 elementor-top-column elementor-element elementor-element-31cd9c6a\" data-id=\"31cd9c6a\" data-element_type=\"column\">\n\t\t\t<div class=\"elementor-widget-wrap elementor-element-populated\">\n\t\t\t\t\t\t<div class=\"elementor-element elementor-element-4596bb93 elementor-widget elementor-widget-heading\" data-id=\"4596bb93\" data-element_type=\"widget\" data-widget_type=\"heading.default\">\n\t\t\t\t<div class=\"elementor-widget-container\">\n\t\t\t\t\t<h1 class=\"elementor-heading-title elementor-size-default\">Upozorenje o prijevari Sex Dollsa<\/h1>\t\t\t\t<\/div>\n\t\t\t\t<\/div>\n\t\t\t\t<div class=\"elementor-element elementor-element-24950485 elementor-widget elementor-widget-spacer\" data-id=\"24950485\" data-element_type=\"widget\" data-widget_type=\"spacer.default\">\n\t\t\t\t<div class=\"elementor-widget-container\">\n\t\t\t\t\t\t\t<div class=\"elementor-spacer\">\n\t\t\t<div class=\"elementor-spacer-inner\"><\/div>\n\t\t<\/div>\n\t\t\t\t\t\t<\/div>\n\t\t\t\t<\/div>\n\t\t\t\t<div class=\"elementor-element elementor-element-ac8375b elementor-widget elementor-widget-heading\" data-id=\"ac8375b\" data-element_type=\"widget\" data-widget_type=\"heading.default\">\n\t\t\t\t<div class=\"elementor-widget-container\">\n\t\t\t\t\t<h2 class=\"elementor-heading-title elementor-size-default\">MiisooDoll jam\u010di fer konkurentnu cijenu za sve na\u0161e seks lutke. Ako negdje drugdje vidite ni\u017eu cijenu, slobodno nas pitajte mo\u017eemo li je usporediti s cijenom... Ako mo\u017eemo, ho\u0107emo. Ako ne mo\u017eemo, re\u0107i \u0107emo vam za\u0161to.<\/h2>\t\t\t\t<\/div>\n\t\t\t\t<\/div>\n\t\t\t\t<div class=\"elementor-element elementor-element-2362e4d6 elementor-widget elementor-widget-spacer\" data-id=\"2362e4d6\" data-element_type=\"widget\" data-widget_type=\"spacer.default\">\n\t\t\t\t<div class=\"elementor-widget-container\">\n\t\t\t\t\t\t\t<div class=\"elementor-spacer\">\n\t\t\t<div class=\"elementor-spacer-inner\"><\/div>\n\t\t<\/div>\n\t\t\t\t\t\t<\/div>\n\t\t\t\t<\/div>\n\t\t\t\t<div class=\"elementor-element elementor-element-d352fa4 elementor-widget elementor-widget-text-editor\" data-id=\"d352fa4\" data-element_type=\"widget\" data-widget_type=\"text-editor.default\">\n\t\t\t\t<div class=\"elementor-widget-container\">\n\t\t\t\t\t\t\t\t\t<p>Imajte na umu da je znatno ni\u017ea cijena znak da se radi o krivotvorenoj la\u017enoj kopiji autenti\u010dne ljubavne lutke. Prodava\u010di krivotvorenih lutaka ra\u0161ireni su internetom koriste\u0107i fotografije lutaka ukradene s web stranice autenti\u010dnog proizvo\u0111a\u010da. Ove krivotvorene lutke izra\u0111ene su od lo\u0161ijih materijala i metoda proizvodnje, \u0161to rezultira lutkama lo\u0161e kvalitete koje nisu lijepe i brzo \u0107e se raspasti. Jo\u0161 gore, to mo\u017ee biti mamac i zamjena za lutku na napuhavanje ili polunapuhavanje &quot;oblo\u017eenu&quot; TPE-om ili potencijalno prijevaru da vam jednostavno ukradu novac bez ikakve lutke. Ne nasjedaj na to, ne \u017eeli\u0161 biti TAJ tip (<strong>Kako izbje\u0107i prijevare s lutkama za seks<\/strong>).<\/p>\t\t\t\t\t\t\t\t<\/div>\n\t\t\t\t<\/div>\n\t\t\t\t<div class=\"elementor-element elementor-element-c9316dc elementor-widget elementor-widget-text-editor\" data-id=\"c9316dc\" data-element_type=\"widget\" data-widget_type=\"text-editor.default\">\n\t\t\t\t<div class=\"elementor-widget-container\">\n\t\t\t\t\t\t\t\t\t<p><strong>MiisooDoll je legitiman, vode ga stvarni ljudi s kojima mo\u017eete razgovarati, brinemo se, u\u017eivamo u onome \u0161to radimo i 100% smo po\u0161teni. Tamo \u017eelite potro\u0161iti svoj te\u0161ko zara\u0111eni novac.<\/strong><\/p>\t\t\t\t\t\t\t\t<\/div>\n\t\t\t\t<\/div>\n\t\t\t\t<div class=\"elementor-element elementor-element-5873c051 elementor-widget elementor-widget-spacer\" data-id=\"5873c051\" data-element_type=\"widget\" data-widget_type=\"spacer.default\">\n\t\t\t\t<div class=\"elementor-widget-container\">\n\t\t\t\t\t\t\t<div class=\"elementor-spacer\">\n\t\t\t<div class=\"elementor-spacer-inner\"><\/div>\n\t\t<\/div>\n\t\t\t\t\t\t<\/div>\n\t\t\t\t<\/div>\n\t\t\t\t\t<\/div>\n\t\t<\/div>\n\t\t\t\t<div class=\"elementor-column elementor-col-33 elementor-top-column elementor-element elementor-element-5e91253d\" data-id=\"5e91253d\" data-element_type=\"column\">\n\t\t\t<div class=\"elementor-widget-wrap\">\n\t\t\t\t\t\t\t<\/div>\n\t\t<\/div>\n\t\t\t\t\t<\/div>\n\t\t<\/section>\n\t\t\t\t<section class=\"elementor-section elementor-top-section elementor-element elementor-element-16c58fea elementor-section-boxed elementor-section-height-default elementor-section-height-default\" data-id=\"16c58fea\" data-element_type=\"section\">\n\t\t\t\t\t\t<div class=\"elementor-container elementor-column-gap-default\">\n\t\t\t\t\t<div class=\"elementor-column elementor-col-100 elementor-top-column elementor-element elementor-element-74ba8617\" data-id=\"74ba8617\" data-element_type=\"column\">\n\t\t\t<div class=\"elementor-widget-wrap elementor-element-populated\">\n\t\t\t\t\t\t<div class=\"elementor-element elementor-element-312fc24e elementor-widget elementor-widget-spacer\" data-id=\"312fc24e\" data-element_type=\"widget\" data-widget_type=\"spacer.default\">\n\t\t\t\t<div class=\"elementor-widget-container\">\n\t\t\t\t\t\t\t<div class=\"elementor-spacer\">\n\t\t\t<div class=\"elementor-spacer-inner\"><\/div>\n\t\t<\/div>\n\t\t\t\t\t\t<\/div>\n\t\t\t\t<\/div>\n\t\t\t\t\t<\/div>\n\t\t<\/div>\n\t\t\t\t\t<\/div>\n\t\t<\/section>\n\t\t\t\t<\/div>","protected":false},"excerpt":{"rendered":"<p>Sex Dolls Scam Alert MiisooDoll guarantees a fair competitive price on all of our sex dolls. If you see a cheaper price elsewhere, feel free to ask us if we can price match it\u2026 If we can, we will. If we can\u2019t, we\u2019ll tell you why. Be aware that a significantly cheaper price is a&hellip;<\/p>","protected":false},"author":455,"featured_media":0,"parent":0,"menu_order":0,"comment_status":"closed","ping_status":"closed","template":"template-full-width.php","meta":{"footnotes":""},"class_list":["post-4342","page","type-page","status-publish","hentry"],"yoast_head":"<!-- This site is optimized with the Yoast SEO Premium plugin v22.6 (Yoast SEO v22.9) - https:\/\/yoast.com\/wordpress\/plugins\/seo\/ -->\n<title>Scam Alert | MiisooDoll&#039;s Genuine Commitment | MiisooDoll<\/title>\n<meta name=\"description\" content=\"Stay informed and secure with MiisooDoll&#039;s scam alert. Our genuine commitment ensures a trustworthy experience in the world of sex dolls. Your satisfaction, our priority.\" \/>\n<meta name=\"robots\" content=\"index, follow, max-snippet:-1, max-image-preview:large, max-video-preview:-1\" \/>\n<link rel=\"canonical\" href=\"https:\/\/www.miisoo.com\/hr\/sex-dolls-scam-alert\/\" \/>\n<meta property=\"og:locale\" content=\"hr_HR\" \/>\n<meta property=\"og:type\" content=\"article\" \/>\n<meta property=\"og:title\" content=\"Sex Dolls Scam Alert\" \/>\n<meta property=\"og:description\" content=\"Stay informed and secure with MiisooDoll&#039;s scam alert. Our genuine commitment ensures a trustworthy experience in the world of sex dolls. Your satisfaction, our priority.\" \/>\n<meta property=\"og:url\" content=\"https:\/\/www.miisoo.com\/hr\/sex-dolls-scam-alert\/\" \/>\n<meta property=\"og:site_name\" content=\"MiisooDoll\" \/>\n<meta property=\"article:publisher\" content=\"https:\/\/www.facebook.com\/miisoodoll\" \/>\n<meta property=\"article:modified_time\" content=\"2023-12-22T11:58:53+00:00\" \/>\n<meta property=\"og:image\" content=\"https:\/\/www.miisoo.com\/wp-content\/uploads\/2020\/12\/banner-sex-doll-1.jpg\" \/>\n<meta name=\"twitter:card\" content=\"summary_large_image\" \/>\n<meta name=\"twitter:site\" content=\"@MiisooSexDolls\" \/>\n<meta name=\"twitter:label1\" content=\"Procijenjeno vrijeme \u010ditanja\" \/>\n\t<meta name=\"twitter:data1\" content=\"2 minute\" \/>\n<!-- \/ Yoast SEO Premium plugin. -->","yoast_head_json":{"title":"Scam Alert | MiisooDoll's Genuine Commitment | MiisooDoll","description":"Stay informed and secure with MiisooDoll's scam alert. Our genuine commitment ensures a trustworthy experience in the world of sex dolls. Your satisfaction, our priority.","robots":{"index":"index","follow":"follow","max-snippet":"max-snippet:-1","max-image-preview":"max-image-preview:large","max-video-preview":"max-video-preview:-1"},"canonical":"https:\/\/www.miisoo.com\/hr\/sex-dolls-scam-alert\/","og_locale":"hr_HR","og_type":"article","og_title":"Sex Dolls Scam Alert","og_description":"Stay informed and secure with MiisooDoll's scam alert. Our genuine commitment ensures a trustworthy experience in the world of sex dolls. Your satisfaction, our priority.","og_url":"https:\/\/www.miisoo.com\/hr\/sex-dolls-scam-alert\/","og_site_name":"MiisooDoll","article_publisher":"https:\/\/www.facebook.com\/miisoodoll","article_modified_time":"2023-12-22T11:58:53+00:00","og_image":[{"url":"https:\/\/www.miisoo.com\/wp-content\/uploads\/2020\/12\/banner-sex-doll-1.jpg"}],"twitter_card":"summary_large_image","twitter_site":"@MiisooSexDolls","twitter_misc":{"Procijenjeno vrijeme \u010ditanja":"2 minute"},"schema":{"@context":"https:\/\/schema.org","@graph":[{"@type":"WebPage","@id":"https:\/\/www.miisoo.com\/sex-dolls-scam-alert\/","url":"https:\/\/www.miisoo.com\/sex-dolls-scam-alert\/","name":"Scam Alert | MiisooDoll's Genuine Commitment | MiisooDoll","isPartOf":{"@id":"https:\/\/www.miisoo.com\/#website"},"primaryImageOfPage":{"@id":"https:\/\/www.miisoo.com\/sex-dolls-scam-alert\/#primaryimage"},"image":{"@id":"https:\/\/www.miisoo.com\/sex-dolls-scam-alert\/#primaryimage"},"thumbnailUrl":"https:\/\/www.miisoo.com\/wp-content\/uploads\/2020\/12\/banner-sex-doll-1.jpg","datePublished":"2020-09-14T06:56:56+00:00","dateModified":"2023-12-22T11:58:53+00:00","description":"Stay informed and secure with MiisooDoll's scam alert. Our genuine commitment ensures a trustworthy experience in the world of sex dolls. Your satisfaction, our priority.","breadcrumb":{"@id":"https:\/\/www.miisoo.com\/sex-dolls-scam-alert\/#breadcrumb"},"inLanguage":"hr","potentialAction":[{"@type":"ReadAction","target":["https:\/\/www.miisoo.com\/sex-dolls-scam-alert\/"]}]},{"@type":"ImageObject","inLanguage":"hr","@id":"https:\/\/www.miisoo.com\/sex-dolls-scam-alert\/#primaryimage","url":"https:\/\/www.miisoo.com\/wp-content\/uploads\/2020\/12\/banner-sex-doll-1.jpg","contentUrl":"https:\/\/www.miisoo.com\/wp-content\/uploads\/2020\/12\/banner-sex-doll-1.jpg"},{"@type":"BreadcrumbList","@id":"https:\/\/www.miisoo.com\/sex-dolls-scam-alert\/#breadcrumb","itemListElement":[{"@type":"ListItem","position":1,"name":"Home","item":"https:\/\/www.miisoo.com\/"},{"@type":"ListItem","position":2,"name":"Sex Dolls Scam Alert"}]},{"@type":"WebSite","@id":"https:\/\/www.miisoo.com\/#website","url":"https:\/\/www.miisoo.com\/","name":"MiisooDoll","description":"Sexual Doll, Real Sex Dolls, Love Doll, Best Sex Dolls","publisher":{"@id":"https:\/\/www.miisoo.com\/#organization"},"potentialAction":[{"@type":"SearchAction","target":{"@type":"EntryPoint","urlTemplate":"https:\/\/www.miisoo.com\/?s={search_term_string}"},"query-input":"required name=search_term_string"}],"inLanguage":"hr"},{"@type":"Organization","@id":"https:\/\/www.miisoo.com\/#organization","name":"MiisooDoll","url":"https:\/\/www.miisoo.com\/","logo":{"@type":"ImageObject","inLanguage":"hr","@id":"https:\/\/www.miisoo.com\/#\/schema\/logo\/image\/","url":"https:\/\/www.miisoo.com\/wp-content\/uploads\/2020\/09\/logo-botton.png","contentUrl":"https:\/\/www.miisoo.com\/wp-content\/uploads\/2020\/09\/logo-botton.png","width":181,"height":42,"caption":"MiisooDoll"},"image":{"@id":"https:\/\/www.miisoo.com\/#\/schema\/logo\/image\/"},"sameAs":["https:\/\/www.facebook.com\/miisoodoll","https:\/\/x.com\/MiisooSexDolls"]}]}},"_links":{"self":[{"href":"https:\/\/www.miisoo.com\/hr\/wp-json\/wp\/v2\/pages\/4342","targetHints":{"allow":["GET"]}}],"collection":[{"href":"https:\/\/www.miisoo.com\/hr\/wp-json\/wp\/v2\/pages"}],"about":[{"href":"https:\/\/www.miisoo.com\/hr\/wp-json\/wp\/v2\/types\/page"}],"author":[{"embeddable":true,"href":"https:\/\/www.miisoo.com\/hr\/wp-json\/wp\/v2\/users\/455"}],"replies":[{"embeddable":true,"href":"https:\/\/www.miisoo.com\/hr\/wp-json\/wp\/v2\/comments?post=4342"}],"version-history":[{"count":1,"href":"https:\/\/www.miisoo.com\/hr\/wp-json\/wp\/v2\/pages\/4342\/revisions"}],"predecessor-version":[{"id":34667,"href":"https:\/\/www.miisoo.com\/hr\/wp-json\/wp\/v2\/pages\/4342\/revisions\/34667"}],"wp:attachment":[{"href":"https:\/\/www.miisoo.com\/hr\/wp-json\/wp\/v2\/media?parent=4342"}],"curies":[{"name":"wp","href":"https:\/\/api.w.org\/{rel}","templated":true}]}}