{"id":21906,"date":"2022-01-25T17:17:49","date_gmt":"2022-01-25T09:17:49","guid":{"rendered":"https:\/\/www.miisoo.com\/?page_id=21906"},"modified":"2024-08-17T12:51:08","modified_gmt":"2024-08-17T04:51:08","slug":"more-sex-sites","status":"publish","type":"page","link":"https:\/\/www.miisoo.com\/hr\/more-sex-sites\/","title":{"rendered":"Vi\u0161e stranica za seks"},"content":{"rendered":"<div data-elementor-type=\"page\" data-elementor-id=\"21903\" class=\"elementor elementor-21903\" data-elementor-post-type=\"elementor_library\">\n\t\t\t\t\t\t<section class=\"elementor-section elementor-top-section elementor-element elementor-element-50a3008b elementor-section-boxed elementor-section-height-default elementor-section-height-default\" data-id=\"50a3008b\" data-element_type=\"section\">\n\t\t\t\t\t\t<div class=\"elementor-container elementor-column-gap-default\">\n\t\t\t\t\t<div class=\"elementor-column elementor-col-100 elementor-top-column elementor-element elementor-element-68e2b07\" data-id=\"68e2b07\" data-element_type=\"column\">\n\t\t\t<div class=\"elementor-widget-wrap elementor-element-populated\">\n\t\t\t\t\t\t<div class=\"elementor-element elementor-element-1efbc1b2 elementor-widget elementor-widget-text-editor\" data-id=\"1efbc1b2\" data-element_type=\"widget\" data-widget_type=\"text-editor.default\">\n\t\t\t\t<div class=\"elementor-widget-container\">\n\t\t\t\t\t\t\t\t\t<p>Ako vam na\u0161e lutke ne odgovaraju, mo\u017eete prona\u0107i vi\u0161e lutaka na nekim stranicama s lutkama za seks. Brojat \u0107e najpopularnije trgova\u010dke centre sa seks igra\u010dkama na Internetu i napraviti rangiranje na temelju recenzija korisnika i \u010dimbenika cijene. Ne morate tro\u0161iti vi\u0161e energije da prona\u0111ete ove stranice, nudimo sljede\u0107e stranice s lutkama za seks.<\/p>\t\t\t\t\t\t\t\t<\/div>\n\t\t\t\t<\/div>\n\t\t\t\t<div class=\"elementor-element elementor-element-40b4b24f elementor-widget elementor-widget-text-editor\" data-id=\"40b4b24f\" data-element_type=\"widget\" data-widget_type=\"text-editor.default\">\n\t\t\t\t<div class=\"elementor-widget-container\">\n\t\t\t\t\t\t\t\t\t<ul><li><span style=\"color: red;\"><a href=\"https:\/\/sexdollxxx.com\/\">Mini seks lutka<\/a>:<\/span> Seks lutka savr\u0161eno izra\u0111ena od TPE i silikonskog materijala, mi smo tvrtka za proizvodnju seks lutaka kojoj se najvi\u0161e vjeruje jer svojim kupcima nudimo mekane i sigurne ljubavne lutke visoke kvalitete i super TPE lutke za seks. Zajam\u010dena dostava i besplatna dostava!<\/li><li><a href=\"https:\/\/pornsites.xxx\/\" target=\"_blank\" rel=\"noopener\"><span style=\"color: red;\">Recenzije pornografskih stranica:<\/span><\/a> Porno stranice jednostavno su popis najboljih porno stranica i stranica sa seks igra\u010dkama. Prona\u0111ite XXX recenzije i po\u0161tenu ljestvicu najpopularnijih seks kamera, tubeova, VR-a i mno\u0161tvo besplatnih web stranica!<\/li><li><a href=\"https:\/\/utengrense.com\/\" target=\"_blank\" rel=\"noopener\"><span style=\"color: red;\">Utengrense.com:<\/span><\/a> Imamo online sex shop u Norve\u0161koj i zainteresirani smo za prodaju samo visokokvalitetnih artikala po dobroj cijeni na\u0161im kupcima kao \u0161to su sex igra\u010dke i seksi donje rublje.<\/li><li><a href=\"https:\/\/www.pincelebs.net\/\" target=\"_blank\" rel=\"noopener\"><span style=\"color: red;\">Prikva\u010di slavne osobe:<\/span><\/a> Gole, gole, u toplesu, seksi i prozirne slike slavnih glumica, pjeva\u010dica, modela i TV osoba<\/li><li><a href=\"https:\/\/www.youpornlist.com\/\" target=\"_blank\" rel=\"noopener\"><span style=\"color: red;\">Youpornlist.com: <\/span><\/a>YouPornList je izbor najboljih porno stranica po kategorijama. Svako je mjesto odabrano nakon duge i rigorozne analize na\u0161ih stru\u010dnjaka za ru\u010dni rad.<\/li><li><a href=\"https:\/\/www.porninspector.com\/\" target=\"_blank\" rel=\"noopener\"><span style=\"color: red;\">Porninspector.com:<\/span><\/a> Porn Inspector ima mnoge pornografske recenzije nekih od web stranica za odrasle koje najvi\u0161e obe\u0107avaju. Uvijek dajemo svoje najiskrenije i nepristrano mi\u0161ljenje. Svaki zapis \u0107e uklju\u010divati brojne slike i video uzorke preuzete izravno iz podru\u010dja za \u010dlanove te stranice, daju\u0107i vam priliku da vidite \u0161to se to\u010dno nudi prije nego \u0161to se odlu\u010dite na kupnju!<\/li><li><a href=\"http:\/\/hentai-gamer.com\/\" target=\"_blank\" rel=\"noopener\"><span style=\"color: red;\">Hentai igra\u010d:<\/span><\/a> Hentai-Gamer.com je najbolja web stranica za 100% besplatne Hentai igre. Zato samo naprijed i igrajte hentai flash igre sada!<\/li><li><a href=\"https:\/\/sexdollpornhd.com\/\" target=\"_blank\" rel=\"noopener\"><span style=\"color: red;\">Sex Doll Porn HD: <\/span><\/a>Provjerite porno video s lutkama za seks na SexDollPornHD.com kako biste mogli vidjeti svoju ljubavnu lutku na djelu prije nego \u0161to je kupite!<\/li><li><a href=\"https:\/\/www.thesafeporn.com\/\" target=\"_blank\" rel=\"noopener\"><span style=\"color: red;\">Sigurna pornografija: <\/span><\/a>na thesafeporn.com prona\u0107i \u0107ete tisu\u0107e pornografskih stranica, odabranih zbog njihove kvalitete i sigurnosti, za svaku stranicu pregled koji \u0107e vam pomo\u0107i u odabiru.<\/li><li><a href=\"https:\/\/allpornsites.net\/\" target=\"_blank\" rel=\"noopener\"><span style=\"color: red;\">Allpornsites.net:<\/span><\/a> Na svim porno stranicama prona\u0107i \u0107ete najve\u0107i izbor porno stranica u svemiru koje se redovito a\u017euriraju gotovo svaki dan novim porno stranicama u bilo kojoj ni\u0161i.<\/li><li><a href=\"https:\/\/www.sexdollslove.com\/\" target=\"_blank\" rel=\"noopener\"><span style=\"color: red;\">SexDollsLove.com: <\/span><\/a>Popisi najboljih seks lutaka i ljubavnih torza. Prona\u0111ite vodi\u010de i po\u0161tene ljestvice najpopularnijih ljubavnih lutaka danas!<\/li><li><a href=\"https:\/\/hotpornbible.com\/\" target=\"_blank\" rel=\"noopener\"><span style=\"color: red;\">Popis vru\u0107ih porno stranica:<\/span><\/a>Hot Porn Bible ima najljep\u0161e porno stranice na svijetu! Imamo najbolje ocijenjene besplatne i vrhunske xxx web stranice za odrasle u svakoj kategoriji.<\/li><li><a href=\"https:\/\/www.mrpinks.com\/\" target=\"_blank\" rel=\"noopener\"><span style=\"color: red;\">Recenzije pornografije:<\/span><\/a> Mr. Pink&#039;s Porn Reviews va\u0161a je pouzdana stranica za recenzije pornografije za po\u0161tene recenzije stranica za odrasle, pornografiju s popustom i najbolje pornografske stranice.<\/li><li><a href=\"https:\/\/richobo.com\/\" target=\"_blank\" rel=\"noopener\"><span style=\"color: red;\">Mali oglasi i vodi\u010d za pratnju | Richobo: <\/span><\/a>Popis vijesti o zabavi me\u0111unarodnih oglasnika za odrasle Richobo \/ pratnja \/ doga\u0111aji \/ striptizete \/ usluge za odrasle \/ xguide \/ modeli \/ masa\u017ee \/ luksuzni automobili<\/li><li><a href=\"https:\/\/uncams.com\/\" target=\"_blank\" rel=\"noopener\"><span style=\"color: red;\">UN kamere:<\/span><\/a> Gledajte kamere u\u017eivo sada! Nije potrebna registracija \u2013 100% besplatni necenzurirani razgovor za odrasle. Po\u010dnite razgovarati s amaterima, egzibicionistima, porno zvijezdama uz HD video i audio.<\/li><li><a href=\"https:\/\/jerkdude.com\"><span style=\"color: #ff0000;\">Riba pratilja <\/span><\/a>\u2013 Posjetite jerkdude i prona\u0111ite najbolje rangirane porno stranice.<\/li><\/ul>\t\t\t\t\t\t\t\t<\/div>\n\t\t\t\t<\/div>\n\t\t\t\t\t<\/div>\n\t\t<\/div>\n\t\t\t\t\t<\/div>\n\t\t<\/section>\n\t\t\t\t<section class=\"elementor-section elementor-top-section elementor-element elementor-element-9bead22 elementor-section-boxed elementor-section-height-default elementor-section-height-default\" data-id=\"9bead22\" data-element_type=\"section\">\n\t\t\t\t\t\t<div class=\"elementor-container elementor-column-gap-default\">\n\t\t\t\t\t<div class=\"elementor-column elementor-col-100 elementor-top-column elementor-element elementor-element-335e664e\" data-id=\"335e664e\" data-element_type=\"column\">\n\t\t\t<div class=\"elementor-widget-wrap elementor-element-populated\">\n\t\t\t\t\t\t<div class=\"elementor-element elementor-element-156cce51 elementor-widget elementor-widget-spacer\" data-id=\"156cce51\" data-element_type=\"widget\" data-widget_type=\"spacer.default\">\n\t\t\t\t<div class=\"elementor-widget-container\">\n\t\t\t\t\t\t\t<div class=\"elementor-spacer\">\n\t\t\t<div class=\"elementor-spacer-inner\"><\/div>\n\t\t<\/div>\n\t\t\t\t\t\t<\/div>\n\t\t\t\t<\/div>\n\t\t\t\t\t<\/div>\n\t\t<\/div>\n\t\t\t\t\t<\/div>\n\t\t<\/section>\n\t\t\t\t<\/div>","protected":false},"excerpt":{"rendered":"","protected":false},"author":455,"featured_media":0,"parent":0,"menu_order":0,"comment_status":"closed","ping_status":"closed","template":"","meta":{"footnotes":""},"class_list":["post-21906","page","type-page","status-publish","hentry"],"yoast_head":"<!-- This site is optimized with the Yoast SEO Premium plugin v22.6 (Yoast SEO v22.9) - https:\/\/yoast.com\/wordpress\/plugins\/seo\/ -->\n<title>Explore More Product | Miisoo Sex Sites | Miisoodoll<\/title>\n<meta name=\"description\" content=\"Dive into an expansive selection at Miisoo Sex Sites. Explore diverse products for a heightened intimate experience. Your satisfaction, our priority at MiisooDoll.\" \/>\n<meta name=\"robots\" content=\"index, follow, max-snippet:-1, max-image-preview:large, max-video-preview:-1\" \/>\n<link rel=\"canonical\" href=\"https:\/\/www.miisoo.com\/hr\/more-sex-sites\/\" \/>\n<meta property=\"og:locale\" content=\"hr_HR\" \/>\n<meta property=\"og:type\" content=\"article\" \/>\n<meta property=\"og:title\" content=\"More Sex Sites\" \/>\n<meta property=\"og:description\" content=\"Dive into an expansive selection at Miisoo Sex Sites. Explore diverse products for a heightened intimate experience. Your satisfaction, our priority at MiisooDoll.\" \/>\n<meta property=\"og:url\" content=\"https:\/\/www.miisoo.com\/hr\/more-sex-sites\/\" \/>\n<meta property=\"og:site_name\" content=\"MiisooDoll\" \/>\n<meta property=\"article:publisher\" content=\"https:\/\/www.facebook.com\/miisoodoll\" \/>\n<meta property=\"article:modified_time\" content=\"2024-08-17T04:51:08+00:00\" \/>\n<meta name=\"twitter:card\" content=\"summary_large_image\" \/>\n<meta name=\"twitter:site\" content=\"@MiisooSexDolls\" \/>\n<meta name=\"twitter:label1\" content=\"Procijenjeno vrijeme \u010ditanja\" \/>\n\t<meta name=\"twitter:data1\" content=\"1 minuta\" \/>\n<!-- \/ Yoast SEO Premium plugin. -->","yoast_head_json":{"title":"Explore More Product | Miisoo Sex Sites | Miisoodoll","description":"Dive into an expansive selection at Miisoo Sex Sites. Explore diverse products for a heightened intimate experience. Your satisfaction, our priority at MiisooDoll.","robots":{"index":"index","follow":"follow","max-snippet":"max-snippet:-1","max-image-preview":"max-image-preview:large","max-video-preview":"max-video-preview:-1"},"canonical":"https:\/\/www.miisoo.com\/hr\/more-sex-sites\/","og_locale":"hr_HR","og_type":"article","og_title":"More Sex Sites","og_description":"Dive into an expansive selection at Miisoo Sex Sites. Explore diverse products for a heightened intimate experience. Your satisfaction, our priority at MiisooDoll.","og_url":"https:\/\/www.miisoo.com\/hr\/more-sex-sites\/","og_site_name":"MiisooDoll","article_publisher":"https:\/\/www.facebook.com\/miisoodoll","article_modified_time":"2024-08-17T04:51:08+00:00","twitter_card":"summary_large_image","twitter_site":"@MiisooSexDolls","twitter_misc":{"Procijenjeno vrijeme \u010ditanja":"1 minuta"},"schema":{"@context":"https:\/\/schema.org","@graph":[{"@type":"WebPage","@id":"https:\/\/www.miisoo.com\/more-sex-sites\/","url":"https:\/\/www.miisoo.com\/more-sex-sites\/","name":"Explore More Product | Miisoo Sex Sites | Miisoodoll","isPartOf":{"@id":"https:\/\/www.miisoo.com\/#website"},"datePublished":"2022-01-25T09:17:49+00:00","dateModified":"2024-08-17T04:51:08+00:00","description":"Dive into an expansive selection at Miisoo Sex Sites. Explore diverse products for a heightened intimate experience. Your satisfaction, our priority at MiisooDoll.","breadcrumb":{"@id":"https:\/\/www.miisoo.com\/more-sex-sites\/#breadcrumb"},"inLanguage":"hr","potentialAction":[{"@type":"ReadAction","target":["https:\/\/www.miisoo.com\/more-sex-sites\/"]}]},{"@type":"BreadcrumbList","@id":"https:\/\/www.miisoo.com\/more-sex-sites\/#breadcrumb","itemListElement":[{"@type":"ListItem","position":1,"name":"Home","item":"https:\/\/www.miisoo.com\/"},{"@type":"ListItem","position":2,"name":"More Sex Sites"}]},{"@type":"WebSite","@id":"https:\/\/www.miisoo.com\/#website","url":"https:\/\/www.miisoo.com\/","name":"MiisooDoll","description":"Sexual Doll, Real Sex Dolls, Love Doll, Best Sex Dolls","publisher":{"@id":"https:\/\/www.miisoo.com\/#organization"},"potentialAction":[{"@type":"SearchAction","target":{"@type":"EntryPoint","urlTemplate":"https:\/\/www.miisoo.com\/?s={search_term_string}"},"query-input":"required name=search_term_string"}],"inLanguage":"hr"},{"@type":"Organization","@id":"https:\/\/www.miisoo.com\/#organization","name":"MiisooDoll","url":"https:\/\/www.miisoo.com\/","logo":{"@type":"ImageObject","inLanguage":"hr","@id":"https:\/\/www.miisoo.com\/#\/schema\/logo\/image\/","url":"https:\/\/www.miisoo.com\/wp-content\/uploads\/2020\/09\/logo-botton.png","contentUrl":"https:\/\/www.miisoo.com\/wp-content\/uploads\/2020\/09\/logo-botton.png","width":181,"height":42,"caption":"MiisooDoll"},"image":{"@id":"https:\/\/www.miisoo.com\/#\/schema\/logo\/image\/"},"sameAs":["https:\/\/www.facebook.com\/miisoodoll","https:\/\/x.com\/MiisooSexDolls"]}]}},"_links":{"self":[{"href":"https:\/\/www.miisoo.com\/hr\/wp-json\/wp\/v2\/pages\/21906","targetHints":{"allow":["GET"]}}],"collection":[{"href":"https:\/\/www.miisoo.com\/hr\/wp-json\/wp\/v2\/pages"}],"about":[{"href":"https:\/\/www.miisoo.com\/hr\/wp-json\/wp\/v2\/types\/page"}],"author":[{"embeddable":true,"href":"https:\/\/www.miisoo.com\/hr\/wp-json\/wp\/v2\/users\/455"}],"replies":[{"embeddable":true,"href":"https:\/\/www.miisoo.com\/hr\/wp-json\/wp\/v2\/comments?post=21906"}],"version-history":[{"count":1,"href":"https:\/\/www.miisoo.com\/hr\/wp-json\/wp\/v2\/pages\/21906\/revisions"}],"predecessor-version":[{"id":21908,"href":"https:\/\/www.miisoo.com\/hr\/wp-json\/wp\/v2\/pages\/21906\/revisions\/21908"}],"wp:attachment":[{"href":"https:\/\/www.miisoo.com\/hr\/wp-json\/wp\/v2\/media?parent=21906"}],"curies":[{"name":"wp","href":"https:\/\/api.w.org\/{rel}","templated":true}]}}