{"id":21124,"date":"2022-01-05T19:57:49","date_gmt":"2022-01-05T11:57:49","guid":{"rendered":"https:\/\/www.miisoo.com\/?post_type=product&#038;p=21124"},"modified":"2022-01-07T10:58:42","modified_gmt":"2022-01-07T02:58:42","slug":"realistic-male-love-doll-for-sale","status":"publish","type":"product","link":"https:\/\/www.miisoo.com\/fr\/product\/realistic-male-love-doll-for-sale\/","title":{"rendered":"John - 165cm Poup\u00e9e d&#039;amour masculine r\u00e9aliste \u00e0 vendre"},"content":{"rendered":"<p>John est une poup\u00e9e d&#039;amour masculine r\u00e9aliste qui ressemble \u00e0 un <a href=\"https:\/\/nymag.com\/strategist\/article\/best-holiday-gift-ideas-for-teenage-boys.html\">adolescent<\/a>. Con\u00e7ue pour la femme avec des fantasmes de poup\u00e9e sexuelle masculine, cette poup\u00e9e est parfaite pour les jeux de r\u00f4le. Son visage juv\u00e9nile est celui d&#039;un homme inexp\u00e9riment\u00e9, ce qui le rend tr\u00e8s populaire parmi les femmes.<\/p>\n<p>D&#039;apr\u00e8s ses photos de poup\u00e9es gonflables masculines, il est difficile d&#039;ignorer le renflement de ses tenues semi-nues. Non seulement il est beau, mais cette poup\u00e9e d&#039;amour masculine r\u00e9aliste est sexy. Lib\u00e9rez vos d\u00e9sirs en tant que femme avec une poup\u00e9e sexuelle et sortez de votre zone de confort. John n&#039;a pas peur de se d\u00e9shabiller et de montrer son corps d&#039;adolescent.<\/p>\n<p>C&#039;est un b\u00e9b\u00e9 en sucre qui cherche \u00e0 \u00eatre bien pris en charge <a href=\"https:\/\/www.miisoo.com\/fr\/produit\/fucking-life-like-male-sex-dolls\/\">et se fera un plaisir<\/a> retourner la faveur. Contrairement aux autres poup\u00e9es sexuelles masculines en silicone, il est assez jeune et impressionnable. Par cons\u00e9quent, les exp\u00e9riences que vous partagerez ensemble seront m\u00e9morables pour vous deux. Tentez votre chance avec cette poup\u00e9e sexuelle masculine \u00e0 vendre si vous les aimez jeunes et \u00e9nergiques.<\/p>\n<p><span style=\"color: #000000; font-size: 16px; font-weight: 600;\">Mesures r\u00e9alistes de la poup\u00e9e d&#039;amour masculine<\/span><\/p>\n<table style=\"border-collapse: collapse; width: 304.52pt;\" border=\"0\" width=\"406\" cellspacing=\"0\" cellpadding=\"0\">\n<tbody>\n<tr style=\"height: 28.00pt;\">\n<td class=\"et2\" style=\"height: 28.00pt; width: 124.50pt;\" width=\"166\" height=\"37\">Marque:<\/td>\n<td class=\"et2\" style=\"width: 180.00pt;\" width=\"240\">Poup\u00e9e AF<\/td>\n<\/tr>\n<tr style=\"height: 28.00pt;\">\n<td class=\"et2\" style=\"height: 28.00pt;\" height=\"37\">Hauteur:<\/td>\n<td class=\"et2\">165cm TPE Male Real Doll<\/td>\n<\/tr>\n<tr style=\"height: 28.00pt;\">\n<td class=\"et2\" style=\"height: 28.00pt;\" height=\"37\">Bousiller:<\/td>\n<td class=\"et2\">85cm<\/td>\n<\/tr>\n<tr style=\"height: 28.00pt;\">\n<td class=\"et2\" style=\"height: 28.00pt;\" height=\"37\">Taille:<\/td>\n<td class=\"et2\">70cm<\/td>\n<\/tr>\n<tr style=\"height: 28.00pt;\">\n<td class=\"et2\" style=\"height: 28.00pt;\" height=\"37\">Les hanches:<\/td>\n<td class=\"et2\">90cm<\/td>\n<\/tr>\n<tr style=\"height: 28.00pt;\">\n<td class=\"et2\" style=\"height: 28.00pt;\" height=\"37\">Cou:<\/td>\n<td class=\"et2\">26cm<\/td>\n<\/tr>\n<tr style=\"height: 28.00pt;\">\n<td class=\"et2\" style=\"height: 28.00pt;\" height=\"37\">Longueur du pied\u00a0:<\/td>\n<td class=\"et2\">23cm<\/td>\n<\/tr>\n<tr style=\"height: 28.00pt;\">\n<td class=\"et2\" style=\"height: 28.00pt;\" height=\"37\">Largeur d&#039;\u00e9paule:<\/td>\n<td class=\"et2\">42cm<\/td>\n<\/tr>\n<tr style=\"height: 28.00pt;\">\n<td class=\"et2\" style=\"height: 28.00pt;\" height=\"37\">Poids:<\/td>\n<td class=\"et2\">44 kg<\/td>\n<\/tr>\n<tr style=\"height: 28.00pt;\">\n<td class=\"et2\" style=\"height: 28.00pt;\" height=\"37\">Longueur du p\u00e9nis :<\/td>\n<td class=\"et2\">19cm<\/td>\n<\/tr>\n<tr style=\"height: 28.00pt;\">\n<td class=\"et2\" style=\"height: 28.00pt;\" height=\"37\">Circonf\u00e9rence du p\u00e9nis\u00a0:<\/td>\n<td class=\"et2\">12cm<\/td>\n<\/tr>\n<tr style=\"height: 28.00pt;\">\n<td class=\"et2\" style=\"height: 28.00pt;\" height=\"37\">Profondeur orale\u00a0:<\/td>\n<td class=\"et2\">13cm<\/td>\n<\/tr>\n<tr style=\"height: 28.00pt;\">\n<td class=\"et2\" style=\"height: 28.00pt;\" height=\"37\">Profondeur anale\u00a0:<\/td>\n<td class=\"et2\">16cm<\/td>\n<\/tr>\n<tr style=\"height: 28.00pt;\">\n<td class=\"et2\" style=\"height: 28.00pt;\" height=\"37\">Taille du paquet:<\/td>\n<td class=\"et2\">154X40X30cm<\/td>\n<\/tr>\n<\/tbody>\n<\/table>\n<p>&nbsp;<\/p>","protected":false},"excerpt":{"rendered":"<div data-elementor-type=\"section\" data-elementor-id=\"10450\" class=\"elementor elementor-10450\" data-elementor-post-type=\"elementor_library\">\n<section class=\"elementor-section elementor-top-section elementor-element elementor-element-1ac4967 elementor-section-boxed elementor-section-height-default elementor-section-height-default\" data-id=\"1ac4967\" data-element_type=\"section\">\n<div class=\"elementor-container elementor-column-gap-default\">\n<div class=\"elementor-column elementor-col-100 elementor-top-column elementor-element elementor-element-bfbdbdf\" data-id=\"bfbdbdf\" data-element_type=\"column\">\n<div class=\"elementor-widget-wrap elementor-element-populated\">\n<div class=\"elementor-element elementor-element-e4dbd68 elementor-widget elementor-widget-text-editor\" data-id=\"e4dbd68\" data-element_type=\"widget\" data-widget_type=\"text-editor.default\">\n<div class=\"elementor-widget-container\">\n<ul>\n<li>Livraison gratuite dans le monde entier, exp\u00e9dition discr\u00e8te.<\/li>\n<li>100% Identique aux images sauf sur mesure.<\/li>\n<li>Les prix comprennent. TVA et frais de douane<\/li>\n<li>Livraison gratuite, options d&#039;exp\u00e9dition rapide \u00e0 la page de paiement<\/li>\n<\/ul><\/div>\n<\/p><\/div>\n<\/p><\/div>\n<\/p><\/div>\n<\/p><\/div>\n<\/section><\/div>\n<div data-elementor-type=\"section\" data-elementor-id=\"10473\" class=\"elementor elementor-10473\" data-elementor-post-type=\"elementor_library\">\n<section class=\"elementor-section elementor-top-section elementor-element elementor-element-03d9b2a elementor-section-boxed elementor-section-height-default elementor-section-height-default\" data-id=\"03d9b2a\" data-element_type=\"section\">\n<div class=\"elementor-container elementor-column-gap-default\">\n<div class=\"elementor-column elementor-col-100 elementor-top-column elementor-element elementor-element-5081c52\" data-id=\"5081c52\" data-element_type=\"column\">\n<div class=\"elementor-widget-wrap elementor-element-populated\">\n<div class=\"elementor-element elementor-element-d2c17df elementor-widget elementor-widget-martfury-banner-small\" data-id=\"d2c17df\" data-element_type=\"widget\" data-widget_type=\"martfury-banner-small.default\">\n<div class=\"elementor-widget-container\">\n<div class=\"mf-elementor-banner-small\">\n<div class=\"banner-featured-image\"><\/div>\n<p>\t\t\t                <a class=\"link\" href=\"https:\/\/mso.aidoll-japan.com\"><\/a><\/p>\n<div class=\"banner-content\">\n<h2 class=\"banner-title\">1500 mini poup\u00e9es d&#039;amour<\/p>\n<p>poup\u00e9e sexuellexxx. com<\/h2>\n<div class=\"banner-desc\">\n<p>60 cm, 80 cm, 100 cm,<\/p>\n<p>120 cm, 130 cm, 140 cm<\/p>\n<\/div>\n<div class=\"banner-price\"><span\n                                class=\"s-price\">sexdollxxx .com<\/span><\/div>\n<\/p><\/div>\n<\/p><\/div>\n<\/p><\/div>\n<\/p><\/div>\n<\/p><\/div>\n<\/p><\/div>\n<\/p><\/div>\n<\/section><\/div>","protected":false},"featured_media":21182,"comment_status":"open","ping_status":"closed","template":"","meta":[],"product_cat":[123,115,116,81],"product_tag":[],"class_list":{"0":"post-21124","1":"product","2":"type-product","3":"status-publish","4":"has-post-thumbnail","6":"product_cat-1000usd-1500usd-sex-dolls","7":"product_cat-161cm-170cm-sex-dolls","8":"product_cat-male-sex-dolls","9":"product_cat-tpe-sex-dolls","10":"tm-no-options","12":"first","13":"instock","14":"sale","15":"shipping-taxable","16":"purchasable","17":"product-type-simple","18":"col-xs-6 col-sm-4","19":"col-md-3 col-lg-3","20":"un-4-cols"},"yoast_head":"<!-- This site is optimized with the Yoast SEO Premium plugin v22.6 (Yoast SEO v22.9) - https:\/\/yoast.com\/wordpress\/plugins\/seo\/ -->\n<title>Realistic Male Love Doll - Male Sex Doll For Sale - Male Silicone Sex Dolls<\/title>\n<meta name=\"description\" content=\"John is a realistic male love doll\u00a0who looks like a boy. for the woman with male sex doll\u00a0fantasies, this doll\u00a0is perfect for role-playing\" \/>\n<meta name=\"robots\" content=\"index, follow, max-snippet:-1, max-image-preview:large, max-video-preview:-1\" \/>\n<link rel=\"canonical\" href=\"https:\/\/www.miisoo.com\/fr\/produit\/realistic-male-love-doll-for-sale\/\" \/>\n<meta property=\"og:locale\" content=\"fr_FR\" \/>\n<meta property=\"og:type\" content=\"article\" \/>\n<meta property=\"og:title\" content=\"John - 165cm Realistic Male Love Doll For Sale\" \/>\n<meta property=\"og:description\" content=\"John is a realistic male love doll\u00a0who looks like a boy. for the woman with male sex doll\u00a0fantasies, this doll\u00a0is perfect for role-playing\" \/>\n<meta property=\"og:url\" content=\"https:\/\/www.miisoo.com\/fr\/produit\/realistic-male-love-doll-for-sale\/\" \/>\n<meta property=\"og:site_name\" content=\"MiisooDoll\" \/>\n<meta property=\"article:publisher\" content=\"https:\/\/www.facebook.com\/miisoodoll\" \/>\n<meta property=\"article:modified_time\" content=\"2022-01-07T02:58:42+00:00\" \/>\n<meta property=\"og:image\" content=\"https:\/\/www.miisoo.com\/wp-content\/uploads\/2022\/01\/male-silicone-sex-dolls-225.jpg\" \/>\n\t<meta property=\"og:image:width\" content=\"600\" \/>\n\t<meta property=\"og:image:height\" content=\"900\" \/>\n\t<meta property=\"og:image:type\" content=\"image\/jpeg\" \/>\n<meta name=\"twitter:card\" content=\"summary_large_image\" \/>\n<meta name=\"twitter:site\" content=\"@MiisooSexDolls\" \/>\n<meta name=\"twitter:label1\" content=\"Dur\u00e9e de lecture estim\u00e9e\" \/>\n\t<meta name=\"twitter:data1\" content=\"1 minute\" \/>\n<!-- \/ Yoast SEO Premium plugin. -->","yoast_head_json":{"title":"Realistic Male Love Doll - Male Sex Doll For Sale - Male Silicone Sex Dolls","description":"John is a realistic male love doll\u00a0who looks like a boy. for the woman with male sex doll\u00a0fantasies, this doll\u00a0is perfect for role-playing","robots":{"index":"index","follow":"follow","max-snippet":"max-snippet:-1","max-image-preview":"max-image-preview:large","max-video-preview":"max-video-preview:-1"},"canonical":"https:\/\/www.miisoo.com\/fr\/produit\/realistic-male-love-doll-for-sale\/","og_locale":"fr_FR","og_type":"article","og_title":"John - 165cm Realistic Male Love Doll For Sale","og_description":"John is a realistic male love doll\u00a0who looks like a boy. for the woman with male sex doll\u00a0fantasies, this doll\u00a0is perfect for role-playing","og_url":"https:\/\/www.miisoo.com\/fr\/produit\/realistic-male-love-doll-for-sale\/","og_site_name":"MiisooDoll","article_publisher":"https:\/\/www.facebook.com\/miisoodoll","article_modified_time":"2022-01-07T02:58:42+00:00","og_image":[{"width":600,"height":900,"url":"https:\/\/www.miisoo.com\/wp-content\/uploads\/2022\/01\/male-silicone-sex-dolls-225.jpg","type":"image\/jpeg"}],"twitter_card":"summary_large_image","twitter_site":"@MiisooSexDolls","twitter_misc":{"Dur\u00e9e de lecture estim\u00e9e":"1 minute"},"schema":{"@context":"https:\/\/schema.org","@graph":[{"@type":"WebPage","@id":"https:\/\/www.miisoo.com\/nl\/product\/realistic-male-love-doll-for-sale\/","url":"https:\/\/www.miisoo.com\/nl\/product\/realistic-male-love-doll-for-sale\/","name":"Realistic Male Love Doll - Male Sex Doll For Sale - Male Silicone Sex Dolls","isPartOf":{"@id":"https:\/\/www.miisoo.com\/#website"},"primaryImageOfPage":{"@id":"https:\/\/www.miisoo.com\/nl\/product\/realistic-male-love-doll-for-sale\/#primaryimage"},"image":{"@id":"https:\/\/www.miisoo.com\/nl\/product\/realistic-male-love-doll-for-sale\/#primaryimage"},"thumbnailUrl":"https:\/\/www.miisoo.com\/wp-content\/uploads\/2022\/01\/male-silicone-sex-dolls-225.jpg","datePublished":"2022-01-05T11:57:49+00:00","dateModified":"2022-01-07T02:58:42+00:00","description":"John is a realistic male love doll\u00a0who looks like a boy. for the woman with male sex doll\u00a0fantasies, this doll\u00a0is perfect for role-playing","breadcrumb":{"@id":"https:\/\/www.miisoo.com\/nl\/product\/realistic-male-love-doll-for-sale\/#breadcrumb"},"inLanguage":"fr-FR","potentialAction":[{"@type":"ReadAction","target":["https:\/\/www.miisoo.com\/nl\/product\/realistic-male-love-doll-for-sale\/"]}]},{"@type":"ImageObject","inLanguage":"fr-FR","@id":"https:\/\/www.miisoo.com\/nl\/product\/realistic-male-love-doll-for-sale\/#primaryimage","url":"https:\/\/www.miisoo.com\/wp-content\/uploads\/2022\/01\/male-silicone-sex-dolls-225.jpg","contentUrl":"https:\/\/www.miisoo.com\/wp-content\/uploads\/2022\/01\/male-silicone-sex-dolls-225.jpg","width":600,"height":900,"caption":"John \u2013 165cm Realistic Male Love Doll For Sale"},{"@type":"BreadcrumbList","@id":"https:\/\/www.miisoo.com\/nl\/product\/realistic-male-love-doll-for-sale\/#breadcrumb","itemListElement":[{"@type":"ListItem","position":1,"name":"Home","item":"https:\/\/www.miisoo.com\/"},{"@type":"ListItem","position":2,"name":"Sex Doll Shop","item":"https:\/\/www.miisoo.com\/shop\/"},{"@type":"ListItem","position":3,"name":"John &#8211; 165cm Realistic Male Love Doll For Sale"}]},{"@type":"WebSite","@id":"https:\/\/www.miisoo.com\/#website","url":"https:\/\/www.miisoo.com\/","name":"MiisooDoll","description":"Sexual Doll, Real Sex Dolls, Love Doll, Best Sex Dolls","publisher":{"@id":"https:\/\/www.miisoo.com\/#organization"},"potentialAction":[{"@type":"SearchAction","target":{"@type":"EntryPoint","urlTemplate":"https:\/\/www.miisoo.com\/?s={search_term_string}"},"query-input":"required name=search_term_string"}],"inLanguage":"fr-FR"},{"@type":"Organization","@id":"https:\/\/www.miisoo.com\/#organization","name":"MiisooDoll","url":"https:\/\/www.miisoo.com\/","logo":{"@type":"ImageObject","inLanguage":"fr-FR","@id":"https:\/\/www.miisoo.com\/#\/schema\/logo\/image\/","url":"https:\/\/www.miisoo.com\/wp-content\/uploads\/2020\/09\/logo-botton.png","contentUrl":"https:\/\/www.miisoo.com\/wp-content\/uploads\/2020\/09\/logo-botton.png","width":181,"height":42,"caption":"MiisooDoll"},"image":{"@id":"https:\/\/www.miisoo.com\/#\/schema\/logo\/image\/"},"sameAs":["https:\/\/www.facebook.com\/miisoodoll","https:\/\/x.com\/MiisooSexDolls"]}]}},"_links":{"self":[{"href":"https:\/\/www.miisoo.com\/fr\/wp-json\/wp\/v2\/product\/21124","targetHints":{"allow":["GET"]}}],"collection":[{"href":"https:\/\/www.miisoo.com\/fr\/wp-json\/wp\/v2\/product"}],"about":[{"href":"https:\/\/www.miisoo.com\/fr\/wp-json\/wp\/v2\/types\/product"}],"replies":[{"embeddable":true,"href":"https:\/\/www.miisoo.com\/fr\/wp-json\/wp\/v2\/comments?post=21124"}],"version-history":[{"count":4,"href":"https:\/\/www.miisoo.com\/fr\/wp-json\/wp\/v2\/product\/21124\/revisions"}],"predecessor-version":[{"id":21582,"href":"https:\/\/www.miisoo.com\/fr\/wp-json\/wp\/v2\/product\/21124\/revisions\/21582"}],"wp:featuredmedia":[{"embeddable":true,"href":"https:\/\/www.miisoo.com\/fr\/wp-json\/wp\/v2\/media\/21182"}],"wp:attachment":[{"href":"https:\/\/www.miisoo.com\/fr\/wp-json\/wp\/v2\/media?parent=21124"}],"wp:term":[{"taxonomy":"product_cat","embeddable":true,"href":"https:\/\/www.miisoo.com\/fr\/wp-json\/wp\/v2\/product_cat?post=21124"},{"taxonomy":"product_tag","embeddable":true,"href":"https:\/\/www.miisoo.com\/fr\/wp-json\/wp\/v2\/product_tag?post=21124"}],"curies":[{"name":"wp","href":"https:\/\/api.w.org\/{rel}","templated":true}]}}