{"id":4494,"date":"2020-09-16T14:42:35","date_gmt":"2020-09-16T06:42:35","guid":{"rendered":"http:\/\/miisoo.com\/?page_id=4494"},"modified":"2023-12-22T20:07:15","modified_gmt":"2023-12-22T12:07:15","slug":"disclaimer-18","status":"publish","type":"page","link":"https:\/\/www.miisoo.com\/fr\/disclaimer-18\/","title":{"rendered":"Avis de non-responsabilit\u00e9 18+"},"content":{"rendered":"<div data-elementor-type=\"wp-page\" data-elementor-id=\"4494\" class=\"elementor elementor-4494\" data-elementor-post-type=\"page\">\n\t\t\t\t\t\t<section class=\"elementor-section elementor-top-section elementor-element elementor-element-c76458e elementor-section-boxed elementor-section-height-default elementor-section-height-default\" data-id=\"c76458e\" data-element_type=\"section\">\n\t\t\t\t\t\t<div class=\"elementor-container elementor-column-gap-default\">\n\t\t\t\t\t<div class=\"elementor-column elementor-col-25 elementor-top-column elementor-element elementor-element-8b5e8e1\" data-id=\"8b5e8e1\" data-element_type=\"column\">\n\t\t\t<div class=\"elementor-widget-wrap\">\n\t\t\t\t\t\t\t<\/div>\n\t\t<\/div>\n\t\t\t\t<div class=\"elementor-column elementor-col-50 elementor-top-column elementor-element elementor-element-5afa608\" data-id=\"5afa608\" data-element_type=\"column\">\n\t\t\t<div class=\"elementor-widget-wrap elementor-element-populated\">\n\t\t\t\t\t\t<div class=\"elementor-element elementor-element-1111958 elementor-widget elementor-widget-text-editor\" data-id=\"1111958\" data-element_type=\"widget\" data-widget_type=\"text-editor.default\">\n\t\t\t\t<div class=\"elementor-widget-container\">\n\t\t\t\t\t\t\t\t\t<p>Derni\u00e8re mise \u00e0 jour le 25 mai 2017 \u00e0 10h23<\/p><p>AVERTISSEMENT. Ce site contient du mat\u00e9riel pour adultes \u00e0 caract\u00e8re sexuel destin\u00e9 aux personnes de 18 ans ou plus. Si vous n&#039;avez pas encore 18\u00a0ans. En consultant ce site, vous reconnaissez avoir compris les conditions ci-dessous\u00a0:<\/p><p><strong>18 ANS ET PLUS<\/strong><\/p><p>MIISOO.com ne peut interdire aux mineurs de visiter ce site. Les parents ou les tuteurs sont charg\u00e9s de surveiller les enfants et les adolescents quant au mat\u00e9riel qu&#039;il leur convient de voir. MIISOO.com exige que tous les achats soient effectu\u00e9s par des personnes de plus de 18 ans.<\/p><p><strong>DROITS D&#039;AUTEUR<\/strong><\/p><p>Sauf indication contraire, tous les \u00e9l\u00e9ments apparaissant sur ce site, y compris le texte, la conception du site, les logos, les graphiques, les ic\u00f4nes et les images, ainsi que leur s\u00e9lection, leur assemblage et leur disposition, sont la propri\u00e9t\u00e9 exclusive de MIISOO.com. Vous pouvez utiliser le contenu de ce site uniquement dans le but d&#039;effectuer des achats sur ce site ou de passer une commande sur ce site et \u00e0 aucune autre fin. Aucun mat\u00e9riel de ce site ne peut \u00eatre copi\u00e9, reproduit, modifi\u00e9, republi\u00e9, t\u00e9l\u00e9charg\u00e9, publi\u00e9, transmis ou distribu\u00e9 sous quelque forme ou par quelque moyen que ce soit sans l&#039;autorisation \u00e9crite pr\u00e9alable de MIISOO.com. Tous les droits non express\u00e9ment accord\u00e9s aux pr\u00e9sentes sont r\u00e9serv\u00e9s. Toute utilisation non autoris\u00e9e du mat\u00e9riel apparaissant sur ce site peut violer le droit d&#039;auteur, les marques de commerce et d&#039;autres lois applicables et pourrait entra\u00eener des sanctions p\u00e9nales ou civiles.<\/p><p><strong>AVERTISSEMENT<\/strong><\/p><p>Ce site Web vous est fourni &quot;tel quel&quot; sans aucune garantie d&#039;aucune sorte, expresse ou implicite. En utilisant le site Web, vous acceptez de supporter tous les risques associ\u00e9s \u00e0 l&#039;utilisation de ces sites Web et acceptez de d\u00e9gager MIISOO.com, ses dirigeants, administrateurs, employ\u00e9s et agents de toute r\u00e9clamation d\u00e9coulant de ou li\u00e9e \u00e0 votre utilisation ou incapacit\u00e9 \u00e0 utiliser, les sites Web auxquels ils sont li\u00e9s. Vous acceptez en outre que MIISOO.com ou les contributeurs d&#039;informations sur le site Web ne seront pas responsables de tout dommage ou perte caus\u00e9 ou pr\u00e9tendument caus\u00e9 par vous en vous fiant \u00e0 ces informations.<\/p><p>Tous les produits sur ce site Web sont \u00e0 usage de nouveaut\u00e9 uniquement. MIISOO.com ne donne aucune garantie d&#039;aucune sorte, expresse ou implicite, que le produit command\u00e9 sur MIISOO.com est exempt de dommages, de d\u00e9fauts de fabrication et de fausses d\u00e9clarations du fabricant. En soumettant votre commande, vous reconnaissez et acceptez express\u00e9ment ce qui suit\u00a0: MIISOO.com ne sera pas responsable envers un acheteur, ou d&#039;autres personnes, pour toute blessure, perte ou dommage, qu&#039;il soit direct, indirect, accessoire, sp\u00e9cial ou cons\u00e9cutif, ind\u00e9pendamment de la th\u00e9orie juridique affirm\u00e9e, y compris la n\u00e9gligence et \/ ou la responsabilit\u00e9 stricte.<\/p><p><strong>REMBOURSEMENT<\/strong><\/p><p>Nous enregistrons les cha\u00eenes IP sur toutes les commandes - toute commande revenant en tant que r\u00e9trofacturation en raison d&#039;activit\u00e9s frauduleuses sera poursuivie avec diligence par le biais de votre juridiction locale pour \u00eatre poursuivie dans toute la mesure permise par la loi.<\/p><p>Pour effectuer un achat sur MIISOO.com, vous acceptez de ne d\u00e9poser aucun litige\/r\u00e9clamation ou r\u00e9trofacturation aupr\u00e8s de votre soci\u00e9t\u00e9 de carte de cr\u00e9dit pour toute commande que vous avez pass\u00e9e sur MIISOO.com.<\/p><p>MIISOO.com consid\u00e8re la r\u00e9trofacturation de carte de cr\u00e9dit comme une fraude si vous n&#039;avez fait aucun effort raisonnable pour nous informer de l&#039;existence d&#039;un probl\u00e8me et nous accorder un temps consid\u00e9rable pour r\u00e9soudre ou clarifier le probl\u00e8me.<\/p><p>Nous ne tol\u00e9rons pas la fraude par carte de cr\u00e9dit. Aucune d\u00e9pense ne sera \u00e9pargn\u00e9e et toute fraude sans exception sera poursuivie avec toute la rigueur de la loi. En outre, nous poursuivrons une action en justice civile pour rechercher toute perte de revenus li\u00e9e \u00e0 la fraude, y compris les frais commerciaux, les frais juridiques, les frais de recherche, les temps d&#039;arr\u00eat des employ\u00e9s et la perte de revenus.<\/p><p>Toutes les r\u00e9trofacturations frivoles co\u00fbtent non seulement du temps \u00e0 nos employ\u00e9s loin de nos affaires habituelles et habituelles de la conduite des affaires normales, mais nous co\u00fbtent de l&#039;argent, par cons\u00e9quent\u00a0:<\/p><p>Vous acceptez que si vous choisissez d&#039;effectuer un achat sur MIISOO.com et d\u00e9posez un litige \/ r\u00e9clamation ou r\u00e9trofacturation aupr\u00e8s de votre soci\u00e9t\u00e9 de carte de cr\u00e9dit pour une situation qui contredit nos termes et conditions que vous acceptez lors de votre commande OU ne nous a pas allou\u00e9 suffisamment le temps de reconna\u00eetre, de confirmer et d&#039;\u00e9tudier la situation\u00a0; et quel que soit le r\u00e9sultat, vous ne gagnez pas l&#039;argument de remboursement ou le litige\/r\u00e9clamation.<\/p><p>Dans le cas o\u00f9 vous gagnez le remboursement aupr\u00e8s de votre soci\u00e9t\u00e9 de carte de cr\u00e9dit, MIISOO.com tentera de r\u00e9cup\u00e9rer les frais frauduleusement contest\u00e9s ainsi que les frais suppl\u00e9mentaires via une agence de recouvrement tierce. Les informations rapport\u00e9es comprendront le nom complet, l&#039;e-mail, la date de la commande, le montant de la commande, l&#039;adresse IP, l&#039;adresse compl\u00e8te et le num\u00e9ro de t\u00e9l\u00e9phone.<\/p>\t\t\t\t\t\t\t\t<\/div>\n\t\t\t\t<\/div>\n\t\t\t\t\t<\/div>\n\t\t<\/div>\n\t\t\t\t<div class=\"elementor-column elementor-col-25 elementor-top-column elementor-element elementor-element-df603f8\" data-id=\"df603f8\" data-element_type=\"column\">\n\t\t\t<div class=\"elementor-widget-wrap\">\n\t\t\t\t\t\t\t<\/div>\n\t\t<\/div>\n\t\t\t\t\t<\/div>\n\t\t<\/section>\n\t\t\t\t<\/div>","protected":false},"excerpt":{"rendered":"<p>Derni\u00e8re mise \u00e0 jour le 25 mai 2017 \u00e0 10h23 ATTENTION. Ce site contient du mat\u00e9riel pour adultes \u00e0 caract\u00e8re sexuel destin\u00e9 aux personnes de 18 ans ou plus. Si vous n&#039;avez pas encore 18\u00a0ans. En consultant ce site, vous reconnaissez avoir compris les conditions ci-dessous\u00a0: 18\u00a0ANS ET PLUS MIISOO.com ne peut pas interdire aux mineurs de visiter\u2026<\/p>","protected":false},"author":455,"featured_media":0,"parent":0,"menu_order":0,"comment_status":"closed","ping_status":"open","template":"","meta":{"footnotes":""},"class_list":["post-4494","page","type-page","status-publish","hentry"],"yoast_head":"<!-- This site is optimized with the Yoast SEO Premium plugin v22.6 (Yoast SEO v22.9) - https:\/\/yoast.com\/wordpress\/plugins\/seo\/ -->\n<title>Explore Adult Content| Age 18+ Disclaimer | MiisooDoll<\/title>\n<meta name=\"description\" content=\"Discover adult content responsibly with MiisooDoll&#039;s age 18+ disclaimer. Explore a world of intimate satisfaction while prioritizing legal and ethical guidelines.\" \/>\n<meta name=\"robots\" content=\"index, follow, max-snippet:-1, max-image-preview:large, max-video-preview:-1\" \/>\n<link rel=\"canonical\" href=\"https:\/\/www.miisoo.com\/fr\/disclaimer-18\/\" \/>\n<meta property=\"og:locale\" content=\"fr_FR\" \/>\n<meta property=\"og:type\" content=\"article\" \/>\n<meta property=\"og:title\" content=\"Disclaimer 18+\" \/>\n<meta property=\"og:description\" content=\"Discover adult content responsibly with MiisooDoll&#039;s age 18+ disclaimer. Explore a world of intimate satisfaction while prioritizing legal and ethical guidelines.\" \/>\n<meta property=\"og:url\" content=\"https:\/\/www.miisoo.com\/fr\/disclaimer-18\/\" \/>\n<meta property=\"og:site_name\" content=\"MiisooDoll\" \/>\n<meta property=\"article:publisher\" content=\"https:\/\/www.facebook.com\/miisoodoll\" \/>\n<meta property=\"article:modified_time\" content=\"2023-12-22T12:07:15+00:00\" \/>\n<meta name=\"twitter:card\" content=\"summary_large_image\" \/>\n<meta name=\"twitter:site\" content=\"@MiisooSexDolls\" \/>\n<meta name=\"twitter:label1\" content=\"Dur\u00e9e de lecture estim\u00e9e\" \/>\n\t<meta name=\"twitter:data1\" content=\"4 minutes\" \/>\n<!-- \/ Yoast SEO Premium plugin. -->","yoast_head_json":{"title":"Explore Adult Content| Age 18+ Disclaimer | MiisooDoll","description":"Discover adult content responsibly with MiisooDoll's age 18+ disclaimer. Explore a world of intimate satisfaction while prioritizing legal and ethical guidelines.","robots":{"index":"index","follow":"follow","max-snippet":"max-snippet:-1","max-image-preview":"max-image-preview:large","max-video-preview":"max-video-preview:-1"},"canonical":"https:\/\/www.miisoo.com\/fr\/disclaimer-18\/","og_locale":"fr_FR","og_type":"article","og_title":"Disclaimer 18+","og_description":"Discover adult content responsibly with MiisooDoll's age 18+ disclaimer. Explore a world of intimate satisfaction while prioritizing legal and ethical guidelines.","og_url":"https:\/\/www.miisoo.com\/fr\/disclaimer-18\/","og_site_name":"MiisooDoll","article_publisher":"https:\/\/www.facebook.com\/miisoodoll","article_modified_time":"2023-12-22T12:07:15+00:00","twitter_card":"summary_large_image","twitter_site":"@MiisooSexDolls","twitter_misc":{"Dur\u00e9e de lecture estim\u00e9e":"4 minutes"},"schema":{"@context":"https:\/\/schema.org","@graph":[{"@type":"WebPage","@id":"https:\/\/www.miisoo.com\/disclaimer-18\/","url":"https:\/\/www.miisoo.com\/disclaimer-18\/","name":"Explore Adult Content| Age 18+ Disclaimer | MiisooDoll","isPartOf":{"@id":"https:\/\/www.miisoo.com\/#website"},"datePublished":"2020-09-16T06:42:35+00:00","dateModified":"2023-12-22T12:07:15+00:00","description":"Discover adult content responsibly with MiisooDoll's age 18+ disclaimer. Explore a world of intimate satisfaction while prioritizing legal and ethical guidelines.","breadcrumb":{"@id":"https:\/\/www.miisoo.com\/disclaimer-18\/#breadcrumb"},"inLanguage":"fr-FR","potentialAction":[{"@type":"ReadAction","target":["https:\/\/www.miisoo.com\/disclaimer-18\/"]}]},{"@type":"BreadcrumbList","@id":"https:\/\/www.miisoo.com\/disclaimer-18\/#breadcrumb","itemListElement":[{"@type":"ListItem","position":1,"name":"Home","item":"https:\/\/www.miisoo.com\/"},{"@type":"ListItem","position":2,"name":"Disclaimer 18+"}]},{"@type":"WebSite","@id":"https:\/\/www.miisoo.com\/#website","url":"https:\/\/www.miisoo.com\/","name":"MiisooDoll","description":"Sexual Doll, Real Sex Dolls, Love Doll, Best Sex Dolls","publisher":{"@id":"https:\/\/www.miisoo.com\/#organization"},"potentialAction":[{"@type":"SearchAction","target":{"@type":"EntryPoint","urlTemplate":"https:\/\/www.miisoo.com\/?s={search_term_string}"},"query-input":"required name=search_term_string"}],"inLanguage":"fr-FR"},{"@type":"Organization","@id":"https:\/\/www.miisoo.com\/#organization","name":"MiisooDoll","url":"https:\/\/www.miisoo.com\/","logo":{"@type":"ImageObject","inLanguage":"fr-FR","@id":"https:\/\/www.miisoo.com\/#\/schema\/logo\/image\/","url":"https:\/\/www.miisoo.com\/wp-content\/uploads\/2020\/09\/logo-botton.png","contentUrl":"https:\/\/www.miisoo.com\/wp-content\/uploads\/2020\/09\/logo-botton.png","width":181,"height":42,"caption":"MiisooDoll"},"image":{"@id":"https:\/\/www.miisoo.com\/#\/schema\/logo\/image\/"},"sameAs":["https:\/\/www.facebook.com\/miisoodoll","https:\/\/x.com\/MiisooSexDolls"]}]}},"_links":{"self":[{"href":"https:\/\/www.miisoo.com\/fr\/wp-json\/wp\/v2\/pages\/4494","targetHints":{"allow":["GET"]}}],"collection":[{"href":"https:\/\/www.miisoo.com\/fr\/wp-json\/wp\/v2\/pages"}],"about":[{"href":"https:\/\/www.miisoo.com\/fr\/wp-json\/wp\/v2\/types\/page"}],"author":[{"embeddable":true,"href":"https:\/\/www.miisoo.com\/fr\/wp-json\/wp\/v2\/users\/455"}],"replies":[{"embeddable":true,"href":"https:\/\/www.miisoo.com\/fr\/wp-json\/wp\/v2\/comments?post=4494"}],"version-history":[{"count":1,"href":"https:\/\/www.miisoo.com\/fr\/wp-json\/wp\/v2\/pages\/4494\/revisions"}],"predecessor-version":[{"id":34670,"href":"https:\/\/www.miisoo.com\/fr\/wp-json\/wp\/v2\/pages\/4494\/revisions\/34670"}],"wp:attachment":[{"href":"https:\/\/www.miisoo.com\/fr\/wp-json\/wp\/v2\/media?parent=4494"}],"curies":[{"name":"wp","href":"https:\/\/api.w.org\/{rel}","templated":true}]}}