{"id":4354,"date":"2020-09-14T15:26:53","date_gmt":"2020-09-14T07:26:53","guid":{"rendered":"http:\/\/miisoo.com\/?page_id=4354"},"modified":"2023-12-22T20:13:49","modified_gmt":"2023-12-22T12:13:49","slug":"return-policy","status":"publish","type":"page","link":"https:\/\/www.miisoo.com\/fr\/return-policy\/","title":{"rendered":"Politique de retour"},"content":{"rendered":"<div data-elementor-type=\"wp-page\" data-elementor-id=\"4354\" class=\"elementor elementor-4354\" data-elementor-post-type=\"page\">\n\t\t\t\t\t\t<section class=\"elementor-section elementor-top-section elementor-element elementor-element-c76458e elementor-section-boxed elementor-section-height-default elementor-section-height-default\" data-id=\"c76458e\" data-element_type=\"section\">\n\t\t\t\t\t\t<div class=\"elementor-container elementor-column-gap-default\">\n\t\t\t\t\t<div class=\"elementor-column elementor-col-25 elementor-top-column elementor-element elementor-element-8b5e8e1\" data-id=\"8b5e8e1\" data-element_type=\"column\">\n\t\t\t<div class=\"elementor-widget-wrap\">\n\t\t\t\t\t\t\t<\/div>\n\t\t<\/div>\n\t\t\t\t<div class=\"elementor-column elementor-col-50 elementor-top-column elementor-element elementor-element-5afa608\" data-id=\"5afa608\" data-element_type=\"column\">\n\t\t\t<div class=\"elementor-widget-wrap elementor-element-populated\">\n\t\t\t\t\t\t<div class=\"elementor-element elementor-element-1111958 elementor-widget elementor-widget-text-editor\" data-id=\"1111958\" data-element_type=\"widget\" data-widget_type=\"text-editor.default\">\n\t\t\t\t<div class=\"elementor-widget-container\">\n\t\t\t\t\t\t\t\t\t<p><strong>Garantie de satisfaction 100%<\/strong><\/p>\n<p>Nous garantissons les meilleurs produits aux prix les plus bas. En raison de la nature de la poup\u00e9e sexuelle et des choix personnalis\u00e9s du client concernant la poup\u00e9e, MIISOO applique la politique selon laquelle aucun retour n&#039;est accept\u00e9 sauf en cas de d\u00e9faut de fabrication. Les retours ne sont accord\u00e9s que si vous avez re\u00e7u un article incorrect en raison de notre erreur, ou si vous avez re\u00e7u un article d\u00e9fectueux. (les d\u00e9lais de production et d&#039;exp\u00e9dition standard s&#039;appliquent). Les choix personnalis\u00e9s pour les cheveux, pour la couleur des yeux de la poup\u00e9e, ou pour toute autre question, veuillez nous contacter \u00e0 l&#039;adresse email service@miisoo.com.<\/p>\n<p>Votre poup\u00e9e est fabriqu\u00e9e sur mesure juste pour vous dans notre usine, avec les options de poup\u00e9e sp\u00e9cifiques que vous avez choisies. Parce que votre poup\u00e9e sexuelle est un produit personnalis\u00e9 cr\u00e9\u00e9 juste pour vous, une fois la production de votre poup\u00e9e commenc\u00e9e, votre commande ne pourra \u00eatre annul\u00e9e que pour un motif valable.<\/p>\n<p>Si pour des raisons exceptionnelles l&#039;annulation est accept\u00e9e par le Vendeur apr\u00e8s le D\u00e9lai d&#039;Annulation de 24 Heures. L&#039;annulation sera soumise \u00e0 des frais de r\u00e9approvisionnement du vendeur (\u00ab\u00a0frais de r\u00e9approvisionnement\u00a0\u00bb) de vingt pour cent (20.0%) de la valeur de la commande de produits. SRSD fournira \u00e0 l&#039;acheteur un remboursement des fonds pay\u00e9s moins les frais de r\u00e9approvisionnement selon le mode de paiement initial de l&#039;acheteur et d&#039;autres frais peuvent s&#039;appliquer, tels que les frais de traitement et de transaction.<\/p>\n<p><strong>Commandes non livrables<\/strong><\/p>\n<p>Veuillez prendre soin de fournir vos informations d&#039;exp\u00e9dition. Ce que vous fournissez correspond exactement \u00e0 la fa\u00e7on dont votre \u00e9tiquette d&#039;exp\u00e9dition sera imprim\u00e9e. Les commandes qui nous sont retourn\u00e9es car non livrables entra\u00eeneront des frais de traitement 20% et aucun remboursement d&#039;exp\u00e9dition ne sera \u00e9mis. Cliquez ici pour contacter le service client.<\/p>\n<p><strong>AVERTISSEMENT:<\/strong>&nbsp;Les lois sur les jouets sexuels stipulent que nous ne pouvons pas accepter le retour d&#039;une poup\u00e9e qui a \u00e9t\u00e9 utilis\u00e9e. Veuillez donc noter que d\u00e8s que vous avez des relations sexuelles avec la poup\u00e9e, il n&#039;est plus possible de la retourner pour quelque raison que ce soit. Une poup\u00e9e retourn\u00e9e sera soumise \u00e0 une inspection orale, vaginale et anale et \u00e0 des tests de d\u00e9tection des fluides sexuels. Si vous avez renvoy\u00e9 une poup\u00e9e dont le test de d\u00e9pistage des fluides sexuels est positif, la poup\u00e9e sera d\u00e9truite et vous ne recevrez PAS de remboursement.<\/p>\n<p>Malheureusement, les articles endommag\u00e9s par une mauvaise utilisation ne peuvent pas \u00eatre retourn\u00e9s ou rembours\u00e9s, quelle que soit la dur\u00e9e d&#039;utilisation du produit. Les poup\u00e9es sexuelles ne sont pas indestructibles. Il faut faire preuve de prudence et de bon sens lors de l&#039;utilisation et de la manipulation. Pour plus d&#039;informations sur l&#039;entretien et la maintenance des poup\u00e9es TPE, veuillez suivre ce lien.<\/p>\n<p>La satisfaction du client est tr\u00e8s important pour nous. Si vous rencontrez un probl\u00e8me avec votre commande, veuillez nous contacter et nous ferons de notre mieux pour r\u00e9soudre le probl\u00e8me imm\u00e9diatement.<\/p>\t\t\t\t\t\t\t\t<\/div>\n\t\t\t\t<\/div>\n\t\t\t\t\t<\/div>\n\t\t<\/div>\n\t\t\t\t<div class=\"elementor-column elementor-col-25 elementor-top-column elementor-element elementor-element-df603f8\" data-id=\"df603f8\" data-element_type=\"column\">\n\t\t\t<div class=\"elementor-widget-wrap\">\n\t\t\t\t\t\t\t<\/div>\n\t\t<\/div>\n\t\t\t\t\t<\/div>\n\t\t<\/section>\n\t\t\t\t<\/div>","protected":false},"excerpt":{"rendered":"<p>100% Garantie de satisfaction Nous garantissons les meilleurs produits aux prix les plus bas. En raison de la nature de la poup\u00e9e sexuelle et des choix personnalis\u00e9s du client concernant la poup\u00e9e, MIISOO applique la politique selon laquelle aucun retour n&#039;est accept\u00e9 sauf en cas de d\u00e9faut de fabrication. Les retours ne sont accord\u00e9s que si vous avez\u2026<\/p>","protected":false},"author":455,"featured_media":0,"parent":0,"menu_order":0,"comment_status":"closed","ping_status":"open","template":"","meta":{"footnotes":""},"class_list":["post-4354","page","type-page","status-publish","hentry"],"yoast_head":"<!-- This site is optimized with the Yoast SEO Premium plugin v22.6 (Yoast SEO v22.9) - https:\/\/yoast.com\/wordpress\/plugins\/seo\/ -->\n<title>Miisoo Return Policy | Miisoo Sex Dolls | MiisooDoll<\/title>\n<meta name=\"description\" content=\"Explore Miisoo&#039;s transparent return policy for sex dolls. Your satisfaction is our priority. Discover worry-free shopping with MiisooDoll. Shop confidently.\" \/>\n<meta name=\"robots\" content=\"index, follow, max-snippet:-1, max-image-preview:large, max-video-preview:-1\" \/>\n<link rel=\"canonical\" href=\"https:\/\/www.miisoo.com\/fr\/return-policy\/\" \/>\n<meta property=\"og:locale\" content=\"fr_FR\" \/>\n<meta property=\"og:type\" content=\"article\" \/>\n<meta property=\"og:title\" content=\"Return Policy\" \/>\n<meta property=\"og:description\" content=\"Explore Miisoo&#039;s transparent return policy for sex dolls. Your satisfaction is our priority. Discover worry-free shopping with MiisooDoll. Shop confidently.\" \/>\n<meta property=\"og:url\" content=\"https:\/\/www.miisoo.com\/fr\/return-policy\/\" \/>\n<meta property=\"og:site_name\" content=\"MiisooDoll\" \/>\n<meta property=\"article:publisher\" content=\"https:\/\/www.facebook.com\/miisoodoll\" \/>\n<meta property=\"article:modified_time\" content=\"2023-12-22T12:13:49+00:00\" \/>\n<meta name=\"twitter:card\" content=\"summary_large_image\" \/>\n<meta name=\"twitter:site\" content=\"@MiisooSexDolls\" \/>\n<meta name=\"twitter:label1\" content=\"Dur\u00e9e de lecture estim\u00e9e\" \/>\n\t<meta name=\"twitter:data1\" content=\"2 minutes\" \/>\n<!-- \/ Yoast SEO Premium plugin. -->","yoast_head_json":{"title":"Miisoo Return Policy | Miisoo Sex Dolls | MiisooDoll","description":"Explore Miisoo's transparent return policy for sex dolls. Your satisfaction is our priority. Discover worry-free shopping with MiisooDoll. Shop confidently.","robots":{"index":"index","follow":"follow","max-snippet":"max-snippet:-1","max-image-preview":"max-image-preview:large","max-video-preview":"max-video-preview:-1"},"canonical":"https:\/\/www.miisoo.com\/fr\/return-policy\/","og_locale":"fr_FR","og_type":"article","og_title":"Return Policy","og_description":"Explore Miisoo's transparent return policy for sex dolls. Your satisfaction is our priority. Discover worry-free shopping with MiisooDoll. Shop confidently.","og_url":"https:\/\/www.miisoo.com\/fr\/return-policy\/","og_site_name":"MiisooDoll","article_publisher":"https:\/\/www.facebook.com\/miisoodoll","article_modified_time":"2023-12-22T12:13:49+00:00","twitter_card":"summary_large_image","twitter_site":"@MiisooSexDolls","twitter_misc":{"Dur\u00e9e de lecture estim\u00e9e":"2 minutes"},"schema":{"@context":"https:\/\/schema.org","@graph":[{"@type":"WebPage","@id":"https:\/\/www.miisoo.com\/return-policy\/","url":"https:\/\/www.miisoo.com\/return-policy\/","name":"Miisoo Return Policy | Miisoo Sex Dolls | MiisooDoll","isPartOf":{"@id":"https:\/\/www.miisoo.com\/#website"},"datePublished":"2020-09-14T07:26:53+00:00","dateModified":"2023-12-22T12:13:49+00:00","description":"Explore Miisoo's transparent return policy for sex dolls. Your satisfaction is our priority. Discover worry-free shopping with MiisooDoll. Shop confidently.","breadcrumb":{"@id":"https:\/\/www.miisoo.com\/return-policy\/#breadcrumb"},"inLanguage":"fr-FR","potentialAction":[{"@type":"ReadAction","target":["https:\/\/www.miisoo.com\/return-policy\/"]}]},{"@type":"BreadcrumbList","@id":"https:\/\/www.miisoo.com\/return-policy\/#breadcrumb","itemListElement":[{"@type":"ListItem","position":1,"name":"Home","item":"https:\/\/www.miisoo.com\/"},{"@type":"ListItem","position":2,"name":"Return Policy"}]},{"@type":"WebSite","@id":"https:\/\/www.miisoo.com\/#website","url":"https:\/\/www.miisoo.com\/","name":"MiisooDoll","description":"Sexual Doll, Real Sex Dolls, Love Doll, Best Sex Dolls","publisher":{"@id":"https:\/\/www.miisoo.com\/#organization"},"potentialAction":[{"@type":"SearchAction","target":{"@type":"EntryPoint","urlTemplate":"https:\/\/www.miisoo.com\/?s={search_term_string}"},"query-input":"required name=search_term_string"}],"inLanguage":"fr-FR"},{"@type":"Organization","@id":"https:\/\/www.miisoo.com\/#organization","name":"MiisooDoll","url":"https:\/\/www.miisoo.com\/","logo":{"@type":"ImageObject","inLanguage":"fr-FR","@id":"https:\/\/www.miisoo.com\/#\/schema\/logo\/image\/","url":"https:\/\/www.miisoo.com\/wp-content\/uploads\/2020\/09\/logo-botton.png","contentUrl":"https:\/\/www.miisoo.com\/wp-content\/uploads\/2020\/09\/logo-botton.png","width":181,"height":42,"caption":"MiisooDoll"},"image":{"@id":"https:\/\/www.miisoo.com\/#\/schema\/logo\/image\/"},"sameAs":["https:\/\/www.facebook.com\/miisoodoll","https:\/\/x.com\/MiisooSexDolls"]}]}},"_links":{"self":[{"href":"https:\/\/www.miisoo.com\/fr\/wp-json\/wp\/v2\/pages\/4354","targetHints":{"allow":["GET"]}}],"collection":[{"href":"https:\/\/www.miisoo.com\/fr\/wp-json\/wp\/v2\/pages"}],"about":[{"href":"https:\/\/www.miisoo.com\/fr\/wp-json\/wp\/v2\/types\/page"}],"author":[{"embeddable":true,"href":"https:\/\/www.miisoo.com\/fr\/wp-json\/wp\/v2\/users\/455"}],"replies":[{"embeddable":true,"href":"https:\/\/www.miisoo.com\/fr\/wp-json\/wp\/v2\/comments?post=4354"}],"version-history":[{"count":1,"href":"https:\/\/www.miisoo.com\/fr\/wp-json\/wp\/v2\/pages\/4354\/revisions"}],"predecessor-version":[{"id":34672,"href":"https:\/\/www.miisoo.com\/fr\/wp-json\/wp\/v2\/pages\/4354\/revisions\/34672"}],"wp:attachment":[{"href":"https:\/\/www.miisoo.com\/fr\/wp-json\/wp\/v2\/media?parent=4354"}],"curies":[{"name":"wp","href":"https:\/\/api.w.org\/{rel}","templated":true}]}}