{"id":3,"date":"2020-09-05T13:19:56","date_gmt":"2020-09-05T13:19:56","guid":{"rendered":"http:\/\/miisoo.com\/?page_id=3"},"modified":"2023-12-22T20:16:22","modified_gmt":"2023-12-22T12:16:22","slug":"privacy-policy","status":"publish","type":"page","link":"https:\/\/www.miisoo.com\/fr\/privacy-policy\/","title":{"rendered":"Politique de confidentialit\u00e9"},"content":{"rendered":"<div data-elementor-type=\"wp-page\" data-elementor-id=\"3\" class=\"elementor elementor-3\" data-elementor-post-type=\"page\">\n\t\t\t\t\t\t<section class=\"elementor-section elementor-top-section elementor-element elementor-element-c76458e elementor-section-boxed elementor-section-height-default elementor-section-height-default\" data-id=\"c76458e\" data-element_type=\"section\">\n\t\t\t\t\t\t<div class=\"elementor-container elementor-column-gap-default\">\n\t\t\t\t\t<div class=\"elementor-column elementor-col-25 elementor-top-column elementor-element elementor-element-8b5e8e1\" data-id=\"8b5e8e1\" data-element_type=\"column\">\n\t\t\t<div class=\"elementor-widget-wrap\">\n\t\t\t\t\t\t\t<\/div>\n\t\t<\/div>\n\t\t\t\t<div class=\"elementor-column elementor-col-50 elementor-top-column elementor-element elementor-element-5afa608\" data-id=\"5afa608\" data-element_type=\"column\">\n\t\t\t<div class=\"elementor-widget-wrap elementor-element-populated\">\n\t\t\t\t\t\t<div class=\"elementor-element elementor-element-1111958 elementor-widget elementor-widget-text-editor\" data-id=\"1111958\" data-element_type=\"widget\" data-widget_type=\"text-editor.default\">\n\t\t\t\t<div class=\"elementor-widget-container\">\n\t\t\t\t\t\t\t\t\t<p>MIISOO est le seul propri\u00e9taire des informations que nous collectons sur ce site, nous ne vendons, louons ou partageons ces informations avec aucune autre soci\u00e9t\u00e9 \u00e0 des fins de marketing. Nous savons que vous vous souciez de la mani\u00e8re dont vos informations personnelles sont utilis\u00e9es et partag\u00e9es, et nous appr\u00e9cions la confiance que vous nous accordez. Nous traitons vos informations personnelles avec les normes les plus \u00e9lev\u00e9es de s\u00fbret\u00e9, de s\u00e9curit\u00e9 et de confidentialit\u00e9.<\/p>\n<p><strong>Q. Je m&#039;inqui\u00e8te pour ma vie priv\u00e9e. Comment pouvez-vous prot\u00e9ger ma confidentialit\u00e9 ?<\/strong><\/p>\n<p>R. Nous sommes tr\u00e8s pr\u00e9occup\u00e9s par la confidentialit\u00e9 \u00e9lectronique, \u00e9tant donn\u00e9 que nous sommes une entreprise bas\u00e9e sur Internet. Nous prot\u00e9geons votre vie priv\u00e9e, votre confidentialit\u00e9 et vos informations personnelles tout au long du processus de commande et d&#039;ex\u00e9cution. Nous ne stockons pas vos donn\u00e9es sur un ordinateur de notre c\u00f4t\u00e9, ce qui signifie qu&#039;il n&#039;y a aucun moyen d&#039;utiliser vos informations personnelles contre vous ou de les faire voler sur un site tiers. Nous prot\u00e9geons \u00e9galement votre vie priv\u00e9e en formant nos vendeurs \u00e0 \u00eatre serviables et surtout discrets. Notre personnel administratif ne discutera pas de vous ou de votre entreprise avec qui que ce soit. Vous pouvez \u00eatre assur\u00e9 que nous oublions rapidement tout ce que nous accumulons sur vous. Nous ne conservons pas d&#039;informations de ce type, vous n&#039;avez donc pas \u00e0 vous inqui\u00e9ter.<\/p>\n<p>Tout notre personnel de vente est s\u00e9lectionn\u00e9 et form\u00e9 \u00e0 la main pour s&#039;assurer qu&#039;il comprend comment maintenir la confidentialit\u00e9 des clients. Aucun membre du personnel qui enfreint ces r\u00e8gles de confidentialit\u00e9 n&#039;est autoris\u00e9 \u00e0 rester. Notre personnel ne discute pas non plus des clients ou de leurs achats entre eux. Nous les formons que ce type de ragots inutiles n&#039;est tout simplement pas quelque chose d&#039;utile ou d&#039;utile, donc la meilleure fa\u00e7on de le g\u00e9rer est tout simplement de ne pas le faire. Vous ne pouvez pas profiter pleinement de votre achat si vous craignez que votre entreprise personnelle ne soit expos\u00e9e.<\/p>\n<p>Votre achat de poup\u00e9e sexuelle restera compl\u00e8tement secret tant que nous aurons quelque chose \u00e0 dire \u00e0 ce sujet. Nous pr\u00e9serverons votre vie priv\u00e9e du d\u00e9but \u00e0 la fin, et nous ne renoncerons jamais sur ce point. Une fois que vous savez que votre vie priv\u00e9e est prot\u00e9g\u00e9e, vous pouvez vous asseoir, vous d\u00e9tendre et profiter de ce que vous avez achet\u00e9. Plus vous serez d\u00e9tendu, plus vous vous amuserez, et plus vous vous amuserez, mieux nous aurons fait notre travail. Nous ne nous reposerons pas tant que nous ne saurons pas que vous \u00eates satisfait. Votre satisfaction et votre exp\u00e9rience de poup\u00e9e sexuelle sont extr\u00eamement importantes pour nous.<\/p>\n<h3>Quelles informations collectons-nous?<\/h3>\n<p>Nous recueillons des informations aupr\u00e8s de vous lorsque vous vous inscrivez sur notre site, passez une commande ou vous abonnez \u00e0 notre newsletter.<\/p>\n<p>Lors de la commande ou de l&#039;inscription sur notre site, selon le cas, il peut vous \u00eatre demand\u00e9 de saisir votre : nom, adresse e-mail, adresse postale ou num\u00e9ro de t\u00e9l\u00e9phone. Vous pouvez cependant visiter notre site anonymement.<\/p>\n<h3>Pourquoi utilisons-nous vos informations\u00a0?<\/h3>\n<p>Toutes les informations que nous recueillons aupr\u00e8s de vous peuvent \u00eatre utilis\u00e9es de l&#039;une des mani\u00e8res suivantes\u00a0:<\/p>\n<p>Pour personnaliser votre exp\u00e9rience :<br>(vos informations nous aident \u00e0 mieux r\u00e9pondre \u00e0 vos besoins individuels)<\/p>\n<p>Pour traiter les transactions\u00a0:<br>Vos informations, qu&#039;elles soient publiques ou priv\u00e9es, ne seront pas vendues, \u00e9chang\u00e9es, transf\u00e9r\u00e9es ou donn\u00e9es \u00e0 une autre soci\u00e9t\u00e9 pour quelque raison que ce soit, sans votre consentement, autre que dans le but expr\u00e8s de livrer le produit achet\u00e9 ou le service demand\u00e9.<\/p>\n<p>Pour envoyer des e-mails p\u00e9riodiques\u00a0:<br>L&#039;adresse e-mail que vous fournissez pour le traitement de la commande peut \u00eatre utilis\u00e9e pour vous envoyer des informations et des mises \u00e0 jour relatives \u00e0 votre commande. En plus de recevoir des nouvelles occasionnelles de l&#039;entreprise, des mises \u00e0 jour, des informations sur les produits ou services connexes, etc.<br>Remarque\u00a0: Si, \u00e0 tout moment, vous souhaitez vous d\u00e9sabonner de la r\u00e9ception de futurs e-mails, nous incluons des instructions de d\u00e9sabonnement d\u00e9taill\u00e9es au bas de chaque e-mail.<\/p>\n<h3 class=\"m_top\">Comment prot\u00e9geons-nous vos informations?<\/h3>\n<p class=\"m_bottom\">Nous mettons en \u0153uvre une vari\u00e9t\u00e9 de mesures de s\u00e9curit\u00e9 pour maintenir la s\u00e9curit\u00e9 de vos informations personnelles lorsque vous passez une commande ou saisissez, soumettez ou acc\u00e9dez \u00e0 vos informations personnelles.<br>Nous offrons l&#039;utilisation d&#039;un serveur s\u00e9curis\u00e9. Toutes les informations sensibles \/ de cr\u00e9dit fournies sont transmises via la technologie Secure Socket Layer (SSL), puis crypt\u00e9es dans notre base de donn\u00e9es de fournisseurs de passerelles de paiement pour \u00eatre accessibles uniquement par les personnes autoris\u00e9es avec des droits d&#039;acc\u00e8s sp\u00e9ciaux \u00e0 ces syst\u00e8mes, et sont tenues de garder les informations confidentielles.<br>Apr\u00e8s une transaction, vos informations priv\u00e9es (cartes de cr\u00e9dit, num\u00e9ros de s\u00e9curit\u00e9 sociale, donn\u00e9es financi\u00e8res, etc.) ne seront pas stock\u00e9es sur nos serveurs.<\/p>\n<h3>Utilisons-nous des cookies ?<\/h3>\n<p>es. Les cookies sont de petits fichiers qu&#039;un site ou son fournisseur de services transf\u00e8re sur le disque dur de votre ordinateur via votre navigateur Web (si vous le permettez) qui permet aux sites ou aux syst\u00e8mes des fournisseurs de services de reconna\u00eetre votre navigateur et de capturer et de m\u00e9moriser certaines informations Nous utilisons des cookies pour nous aider m\u00e9moriser et traiter les articles de votre panier, comprendre et enregistrer vos pr\u00e9f\u00e9rences pour de futures visites, suivre les publicit\u00e9s et compiler des donn\u00e9es agr\u00e9g\u00e9es sur le trafic et l&#039;interaction du site afin que nous puissions offrir de meilleures exp\u00e9riences et outils sur le site \u00e0 l&#039;avenir.<\/p>\n<h3>Divulguons-nous des informations \u00e0 des tiers ?<\/h3>\n<p>Nous ne vendons, n&#039;\u00e9changeons ni ne transf\u00e9rons autrement \u00e0 des tiers vos informations personnellement identifiables. Cela n&#039;inclut pas les tiers de confiance qui nous aident \u00e0 exploiter notre site Web, \u00e0 mener nos activit\u00e9s ou \u00e0 vous servir, tant que ces parties acceptent de garder ces informations confidentielles. Nous pouvons \u00e9galement divulguer vos informations lorsque nous pensons que la divulgation est appropri\u00e9e pour se conformer \u00e0 la loi, appliquer les politiques de notre site ou prot\u00e9ger nos droits, notre propri\u00e9t\u00e9 ou notre s\u00e9curit\u00e9 ou ceux d&#039;autrui. Cependant, des informations non personnellement identifiables sur les visiteurs peuvent \u00eatre fournies \u00e0 d&#039;autres parties \u00e0 des fins de marketing, de publicit\u00e9 ou \u00e0 d&#039;autres fins.<\/p>\n<h3>Liens tiers<\/h3>\n<p>Occasionnellement, \u00e0 notre discr\u00e9tion, nous pouvons inclure ou proposer des produits ou services tiers sur notre site Web. Ces sites tiers ont des politiques de confidentialit\u00e9 distinctes et ind\u00e9pendantes. par cons\u00e9quent, nous n&#039;assumons aucune responsabilit\u00e9 quant au contenu et aux activit\u00e9s de ces sites li\u00e9s. N\u00e9anmoins, nous cherchons \u00e0 prot\u00e9ger l&#039;int\u00e9grit\u00e9 de notre site et appr\u00e9cions tout commentaire sur ces sites.<\/p>\n<p class=\"m_bottom\">\n<\/p><h3>Conformit\u00e9 \u00e0 la loi sur la protection de la vie priv\u00e9e en ligne des enfants<\/h3>\n<p>Nous sommes en conformit\u00e9 avec les exigences de la COPPA (Children&#039;s Online Privacy Protection Act). Nous ne collectons aucune information aupr\u00e8s de personnes de moins de 13 ans. Notre site Web, nos produits et nos services s&#039;adressent tous aux personnes \u00e2g\u00e9es d&#039;au moins 13 ans ou plus.<\/p>\n<h3>Politique de confidentialit\u00e9 en ligne uniquement<\/h3>\n<p>Cette politique de confidentialit\u00e9 en ligne s&#039;applique uniquement aux informations collect\u00e9es via notre site Web et non aux informations collect\u00e9es hors ligne.<\/p>\n<h3>Termes et conditions<\/h3>\n<p>Veuillez \u00e9galement consulter notre section Termes et conditions \u00e9tablissant l&#039;utilisation, les clauses de non-responsabilit\u00e9 et les limitations de responsabilit\u00e9 r\u00e9gissant l&#039;utilisation de notre site Web \u00e0 l&#039;adresse&nbsp;<a href=\"https:\/\/www.miisoo.com\/fr\/\" target=\"_blank\" style=\"font-family: inherit; font-weight: var( --e-global-typography-text-font-weight ); background-color: rgb(255, 255, 255);\">www.miisoo.com<\/a><\/p>\n<h3>Votre consentement<\/h3>\n<p>En utilisant notre site, vous consentez \u00e0 la politique de confidentialit\u00e9 de notre site Web.<\/p>\n<h3>Modifications de notre politique de confidentialit\u00e9<\/h3>\n<p>Si nous d\u00e9cidons de modifier notre politique de confidentialit\u00e9, nous mettrons \u00e0 jour la date de modification de la politique de confidentialit\u00e9 ci-dessous.<br>Cette politique a \u00e9t\u00e9 modifi\u00e9e pour la derni\u00e8re fois le 03\/06\/2018<\/p>\t\t\t\t\t\t\t\t<\/div>\n\t\t\t\t<\/div>\n\t\t\t\t\t<\/div>\n\t\t<\/div>\n\t\t\t\t<div class=\"elementor-column elementor-col-25 elementor-top-column elementor-element elementor-element-df603f8\" data-id=\"df603f8\" data-element_type=\"column\">\n\t\t\t<div class=\"elementor-widget-wrap\">\n\t\t\t\t\t\t\t<\/div>\n\t\t<\/div>\n\t\t\t\t\t<\/div>\n\t\t<\/section>\n\t\t\t\t<\/div>","protected":false},"excerpt":{"rendered":"<p>MIISOO est le seul propri\u00e9taire des informations que nous collectons sur ce site, nous ne vendons, louons ou partageons ces informations avec aucune autre soci\u00e9t\u00e9 \u00e0 des fins de marketing. Nous savons que vous vous souciez de la mani\u00e8re dont vos informations personnelles sont utilis\u00e9es et partag\u00e9es, et nous appr\u00e9cions la confiance que vous nous accordez. Nous traitons votre personnel\u2026<\/p>","protected":false},"author":455,"featured_media":0,"parent":0,"menu_order":0,"comment_status":"closed","ping_status":"open","template":"","meta":{"footnotes":""},"class_list":["post-3","page","type-page","status-publish","hentry"],"yoast_head":"<!-- This site is optimized with the Yoast SEO Premium plugin v22.6 (Yoast SEO v22.9) - https:\/\/yoast.com\/wordpress\/plugins\/seo\/ -->\n<title>Privacy Policy | Cheap Real Sex Dolls | MiisooDoll<\/title>\n<meta name=\"description\" content=\"Review MiisooDoll&#039;s privacy policy for transparent handling of data. Shop confidently for cheap real sex dolls. Your privacy, our priority at MiisooDoll.\" \/>\n<meta name=\"robots\" content=\"index, follow, max-snippet:-1, max-image-preview:large, max-video-preview:-1\" \/>\n<link rel=\"canonical\" href=\"https:\/\/www.miisoo.com\/fr\/privacy-policy\/\" \/>\n<meta property=\"og:locale\" content=\"fr_FR\" \/>\n<meta property=\"og:type\" content=\"article\" \/>\n<meta property=\"og:title\" content=\"Privacy Policy\" \/>\n<meta property=\"og:description\" content=\"Review MiisooDoll&#039;s privacy policy for transparent handling of data. Shop confidently for cheap real sex dolls. Your privacy, our priority at MiisooDoll.\" \/>\n<meta property=\"og:url\" content=\"https:\/\/www.miisoo.com\/fr\/privacy-policy\/\" \/>\n<meta property=\"og:site_name\" content=\"MiisooDoll\" \/>\n<meta property=\"article:publisher\" content=\"https:\/\/www.facebook.com\/miisoodoll\" \/>\n<meta property=\"article:modified_time\" content=\"2023-12-22T12:16:22+00:00\" \/>\n<meta name=\"twitter:card\" content=\"summary_large_image\" \/>\n<meta name=\"twitter:site\" content=\"@MiisooSexDolls\" \/>\n<meta name=\"twitter:label1\" content=\"Dur\u00e9e de lecture estim\u00e9e\" \/>\n\t<meta name=\"twitter:data1\" content=\"5 minutes\" \/>\n<!-- \/ Yoast SEO Premium plugin. -->","yoast_head_json":{"title":"Privacy Policy | Cheap Real Sex Dolls | MiisooDoll","description":"Review MiisooDoll's privacy policy for transparent handling of data. Shop confidently for cheap real sex dolls. Your privacy, our priority at MiisooDoll.","robots":{"index":"index","follow":"follow","max-snippet":"max-snippet:-1","max-image-preview":"max-image-preview:large","max-video-preview":"max-video-preview:-1"},"canonical":"https:\/\/www.miisoo.com\/fr\/privacy-policy\/","og_locale":"fr_FR","og_type":"article","og_title":"Privacy Policy","og_description":"Review MiisooDoll's privacy policy for transparent handling of data. Shop confidently for cheap real sex dolls. Your privacy, our priority at MiisooDoll.","og_url":"https:\/\/www.miisoo.com\/fr\/privacy-policy\/","og_site_name":"MiisooDoll","article_publisher":"https:\/\/www.facebook.com\/miisoodoll","article_modified_time":"2023-12-22T12:16:22+00:00","twitter_card":"summary_large_image","twitter_site":"@MiisooSexDolls","twitter_misc":{"Dur\u00e9e de lecture estim\u00e9e":"5 minutes"},"schema":{"@context":"https:\/\/schema.org","@graph":[{"@type":"WebPage","@id":"https:\/\/www.miisoo.com\/nl\/privacy-policy\/","url":"https:\/\/www.miisoo.com\/nl\/privacy-policy\/","name":"Privacy Policy | Cheap Real Sex Dolls | MiisooDoll","isPartOf":{"@id":"https:\/\/www.miisoo.com\/#website"},"datePublished":"2020-09-05T13:19:56+00:00","dateModified":"2023-12-22T12:16:22+00:00","description":"Review MiisooDoll's privacy policy for transparent handling of data. Shop confidently for cheap real sex dolls. Your privacy, our priority at MiisooDoll.","breadcrumb":{"@id":"https:\/\/www.miisoo.com\/nl\/privacy-policy\/#breadcrumb"},"inLanguage":"fr-FR","potentialAction":[{"@type":"ReadAction","target":["https:\/\/www.miisoo.com\/nl\/privacy-policy\/"]}]},{"@type":"BreadcrumbList","@id":"https:\/\/www.miisoo.com\/nl\/privacy-policy\/#breadcrumb","itemListElement":[{"@type":"ListItem","position":1,"name":"Home","item":"https:\/\/www.miisoo.com\/"},{"@type":"ListItem","position":2,"name":"Privacy Policy"}]},{"@type":"WebSite","@id":"https:\/\/www.miisoo.com\/#website","url":"https:\/\/www.miisoo.com\/","name":"MiisooDoll","description":"Sexual Doll, Real Sex Dolls, Love Doll, Best Sex Dolls","publisher":{"@id":"https:\/\/www.miisoo.com\/#organization"},"potentialAction":[{"@type":"SearchAction","target":{"@type":"EntryPoint","urlTemplate":"https:\/\/www.miisoo.com\/?s={search_term_string}"},"query-input":"required name=search_term_string"}],"inLanguage":"fr-FR"},{"@type":"Organization","@id":"https:\/\/www.miisoo.com\/#organization","name":"MiisooDoll","url":"https:\/\/www.miisoo.com\/","logo":{"@type":"ImageObject","inLanguage":"fr-FR","@id":"https:\/\/www.miisoo.com\/#\/schema\/logo\/image\/","url":"https:\/\/www.miisoo.com\/wp-content\/uploads\/2020\/09\/logo-botton.png","contentUrl":"https:\/\/www.miisoo.com\/wp-content\/uploads\/2020\/09\/logo-botton.png","width":181,"height":42,"caption":"MiisooDoll"},"image":{"@id":"https:\/\/www.miisoo.com\/#\/schema\/logo\/image\/"},"sameAs":["https:\/\/www.facebook.com\/miisoodoll","https:\/\/x.com\/MiisooSexDolls"]}]}},"_links":{"self":[{"href":"https:\/\/www.miisoo.com\/fr\/wp-json\/wp\/v2\/pages\/3","targetHints":{"allow":["GET"]}}],"collection":[{"href":"https:\/\/www.miisoo.com\/fr\/wp-json\/wp\/v2\/pages"}],"about":[{"href":"https:\/\/www.miisoo.com\/fr\/wp-json\/wp\/v2\/types\/page"}],"author":[{"embeddable":true,"href":"https:\/\/www.miisoo.com\/fr\/wp-json\/wp\/v2\/users\/455"}],"replies":[{"embeddable":true,"href":"https:\/\/www.miisoo.com\/fr\/wp-json\/wp\/v2\/comments?post=3"}],"version-history":[{"count":1,"href":"https:\/\/www.miisoo.com\/fr\/wp-json\/wp\/v2\/pages\/3\/revisions"}],"predecessor-version":[{"id":34673,"href":"https:\/\/www.miisoo.com\/fr\/wp-json\/wp\/v2\/pages\/3\/revisions\/34673"}],"wp:attachment":[{"href":"https:\/\/www.miisoo.com\/fr\/wp-json\/wp\/v2\/media?parent=3"}],"curies":[{"name":"wp","href":"https:\/\/api.w.org\/{rel}","templated":true}]}}