{"id":1955,"date":"2017-12-18T10:08:41","date_gmt":"2017-12-18T10:08:41","guid":{"rendered":"http:\/\/demo2.drfuri.com\/martfury13\/?page_id=1955"},"modified":"2023-12-22T20:23:27","modified_gmt":"2023-12-22T12:23:27","slug":"payment-methods","status":"publish","type":"page","link":"https:\/\/www.miisoo.com\/fr\/payment-methods\/","title":{"rendered":"m\u00e9thodes de payement"},"content":{"rendered":"<div data-elementor-type=\"wp-post\" data-elementor-id=\"1955\" class=\"elementor elementor-1955\" data-elementor-post-type=\"page\">\n\t\t\t\t\t\t<section class=\"elementor-section elementor-top-section elementor-element elementor-element-4e37ace4 elementor-section-boxed elementor-section-height-default elementor-section-height-default\" data-id=\"4e37ace4\" data-element_type=\"section\">\n\t\t\t\t\t\t<div class=\"elementor-container elementor-column-gap-default\">\n\t\t\t\t\t<div class=\"elementor-column elementor-col-100 elementor-top-column elementor-element elementor-element-640451c4\" data-id=\"640451c4\" data-element_type=\"column\">\n\t\t\t<div class=\"elementor-widget-wrap elementor-element-populated\">\n\t\t\t\t\t\t<div class=\"elementor-element elementor-element-18158806 elementor-widget elementor-widget-spacer\" data-id=\"18158806\" data-element_type=\"widget\" data-widget_type=\"spacer.default\">\n\t\t\t\t<div class=\"elementor-widget-container\">\n\t\t\t\t\t\t\t<div class=\"elementor-spacer\">\n\t\t\t<div class=\"elementor-spacer-inner\"><\/div>\n\t\t<\/div>\n\t\t\t\t\t\t<\/div>\n\t\t\t\t<\/div>\n\t\t\t\t<div class=\"elementor-element elementor-element-49224bca elementor-widget elementor-widget-heading\" data-id=\"49224bca\" data-element_type=\"widget\" data-widget_type=\"heading.default\">\n\t\t\t\t<div class=\"elementor-widget-container\">\n\t\t\t\t\t<h3 class=\"elementor-heading-title elementor-size-medium\">Maintenant, nous acceptons les m\u00e9thodes de paiement suivantes, veuillez nous indiquer celle que vous pr\u00e9f\u00e9rez afin que nous puissions vous proposer les informations ci-dessous\u00a0:<\/h3>\t\t\t\t<\/div>\n\t\t\t\t<\/div>\n\t\t\t\t<div class=\"elementor-element elementor-element-7c4a7baf elementor-widget elementor-widget-spacer\" data-id=\"7c4a7baf\" data-element_type=\"widget\" data-widget_type=\"spacer.default\">\n\t\t\t\t<div class=\"elementor-widget-container\">\n\t\t\t\t\t\t\t<div class=\"elementor-spacer\">\n\t\t\t<div class=\"elementor-spacer-inner\"><\/div>\n\t\t<\/div>\n\t\t\t\t\t\t<\/div>\n\t\t\t\t<\/div>\n\t\t\t\t\t<\/div>\n\t\t<\/div>\n\t\t\t\t\t<\/div>\n\t\t<\/section>\n\t\t\t\t<section class=\"elementor-section elementor-top-section elementor-element elementor-element-17b51d32 elementor-section-boxed elementor-section-height-default elementor-section-height-default\" data-id=\"17b51d32\" data-element_type=\"section\">\n\t\t\t\t\t\t<div class=\"elementor-container elementor-column-gap-default\">\n\t\t\t\t\t<div class=\"elementor-column elementor-col-33 elementor-top-column elementor-element elementor-element-7406886e\" data-id=\"7406886e\" data-element_type=\"column\">\n\t\t\t<div class=\"elementor-widget-wrap elementor-element-populated\">\n\t\t\t\t\t\t<div class=\"elementor-element elementor-element-4f2a4ffd elementor-widget elementor-widget-mf-elementor-icon-box\" data-id=\"4f2a4ffd\" data-element_type=\"widget\" data-widget_type=\"mf-elementor-icon-box.default\">\n\t\t\t\t<div class=\"elementor-widget-container\">\n\t\t\t\t\t<div class=\"mf-elementor-icon-box align-icon-center\">\r\n\t\t\t\t<div class=\"mf-icon-area box-img\"><img decoding=\"async\" width=\"142\" height=\"90\" src=\"https:\/\/www.miisoo.com\/wp-content\/uploads\/2019\/05\/icon-box-1.png\" class=\"attachment-full size-full wp-image-2791\" alt=\"\" \/><\/div>\r\n\t\t\t\t<div class=\"box-wrapper\">\r\n\t\t\t\t\t<h3 class=\"box-title\"><span class=\"\" >S\u00e9curise<\/span><\/h3>\r\n\t\t\t\t\t<div class=\"desc\">Lorsque vous payez des factures, envoyez de l&#039;argent ou achetez, il est difficile de prot\u00e9ger vos informations financi\u00e8res.<\/div>\r\n\t\t\t\t\t\r\n\t\t\t\t<\/div>\r\n\t\t\t<\/div>\t\t\t\t<\/div>\n\t\t\t\t<\/div>\n\t\t\t\t<div class=\"elementor-element elementor-element-4abcdcc3 elementor-widget elementor-widget-spacer\" data-id=\"4abcdcc3\" data-element_type=\"widget\" data-widget_type=\"spacer.default\">\n\t\t\t\t<div class=\"elementor-widget-container\">\n\t\t\t\t\t\t\t<div class=\"elementor-spacer\">\n\t\t\t<div class=\"elementor-spacer-inner\"><\/div>\n\t\t<\/div>\n\t\t\t\t\t\t<\/div>\n\t\t\t\t<\/div>\n\t\t\t\t\t<\/div>\n\t\t<\/div>\n\t\t\t\t<div class=\"elementor-column elementor-col-33 elementor-top-column elementor-element elementor-element-1732b80d\" data-id=\"1732b80d\" data-element_type=\"column\">\n\t\t\t<div class=\"elementor-widget-wrap elementor-element-populated\">\n\t\t\t\t\t\t<div class=\"elementor-element elementor-element-5e12dcb2 elementor-widget elementor-widget-mf-elementor-icon-box\" data-id=\"5e12dcb2\" data-element_type=\"widget\" data-widget_type=\"mf-elementor-icon-box.default\">\n\t\t\t\t<div class=\"elementor-widget-container\">\n\t\t\t\t\t<div class=\"mf-elementor-icon-box align-icon-center\">\r\n\t\t\t\t<div class=\"mf-icon-area box-img\"><img decoding=\"async\" width=\"142\" height=\"90\" src=\"https:\/\/www.miisoo.com\/wp-content\/uploads\/2019\/05\/icon-box-1.png\" class=\"attachment-full size-full wp-image-2791\" alt=\"\" \/><\/div>\r\n\t\t\t\t<div class=\"box-wrapper\">\r\n\t\t\t\t\t<h3 class=\"box-title\"><span class=\"\" >Rapide<\/span><\/h3>\r\n\t\t\t\t\t<div class=\"desc\">Plus besoin de saisir toutes vos informations financi\u00e8res \u00e0 chaque fois que vous magasinez. Acc\u00e9l\u00e9rez le paiement avec PayPal.<\/div>\r\n\t\t\t\t\t\r\n\t\t\t\t<\/div>\r\n\t\t\t<\/div>\t\t\t\t<\/div>\n\t\t\t\t<\/div>\n\t\t\t\t<div class=\"elementor-element elementor-element-3ecec980 elementor-widget elementor-widget-spacer\" data-id=\"3ecec980\" data-element_type=\"widget\" data-widget_type=\"spacer.default\">\n\t\t\t\t<div class=\"elementor-widget-container\">\n\t\t\t\t\t\t\t<div class=\"elementor-spacer\">\n\t\t\t<div class=\"elementor-spacer-inner\"><\/div>\n\t\t<\/div>\n\t\t\t\t\t\t<\/div>\n\t\t\t\t<\/div>\n\t\t\t\t\t<\/div>\n\t\t<\/div>\n\t\t\t\t<div class=\"elementor-column elementor-col-33 elementor-top-column elementor-element elementor-element-5d1fa7a8\" data-id=\"5d1fa7a8\" data-element_type=\"column\">\n\t\t\t<div class=\"elementor-widget-wrap elementor-element-populated\">\n\t\t\t\t\t\t<div class=\"elementor-element elementor-element-4773ce6f elementor-widget elementor-widget-mf-elementor-icon-box\" data-id=\"4773ce6f\" data-element_type=\"widget\" data-widget_type=\"mf-elementor-icon-box.default\">\n\t\t\t\t<div class=\"elementor-widget-container\">\n\t\t\t\t\t<div class=\"mf-elementor-icon-box align-icon-center\">\r\n\t\t\t\t<div class=\"mf-icon-area box-img\"><img decoding=\"async\" width=\"142\" height=\"90\" src=\"https:\/\/www.miisoo.com\/wp-content\/uploads\/2019\/05\/icon-box-1.png\" class=\"attachment-full size-full wp-image-2791\" alt=\"\" \/><\/div>\r\n\t\t\t\t<div class=\"box-wrapper\">\r\n\t\t\t\t\t<h3 class=\"box-title\"><span class=\"\" >Facile<\/span><\/h3>\r\n\t\t\t\t\t<div class=\"desc\">Inscrivez-vous gratuitement, effectuez \u00e9galement des achats et envoyez de l&#039;argent. en utilisant votre solde ou votre compte bancaire, sans frais suppl\u00e9mentaires.<\/div>\r\n\t\t\t\t\t\r\n\t\t\t\t<\/div>\r\n\t\t\t<\/div>\t\t\t\t<\/div>\n\t\t\t\t<\/div>\n\t\t\t\t<div class=\"elementor-element elementor-element-182e9ec1 elementor-widget elementor-widget-spacer\" data-id=\"182e9ec1\" data-element_type=\"widget\" data-widget_type=\"spacer.default\">\n\t\t\t\t<div class=\"elementor-widget-container\">\n\t\t\t\t\t\t\t<div class=\"elementor-spacer\">\n\t\t\t<div class=\"elementor-spacer-inner\"><\/div>\n\t\t<\/div>\n\t\t\t\t\t\t<\/div>\n\t\t\t\t<\/div>\n\t\t\t\t\t<\/div>\n\t\t<\/div>\n\t\t\t\t\t<\/div>\n\t\t<\/section>\n\t\t\t\t<section class=\"elementor-section elementor-top-section elementor-element elementor-element-350ff3f1 elementor-section-boxed elementor-section-height-default elementor-section-height-default\" data-id=\"350ff3f1\" data-element_type=\"section\">\n\t\t\t\t\t\t<div class=\"elementor-container elementor-column-gap-default\">\n\t\t\t\t\t<div class=\"elementor-column elementor-col-100 elementor-top-column elementor-element elementor-element-6c5c34ea\" data-id=\"6c5c34ea\" data-element_type=\"column\">\n\t\t\t<div class=\"elementor-widget-wrap elementor-element-populated\">\n\t\t\t\t\t\t<div class=\"elementor-element elementor-element-5506959 elementor-widget-divider--view-line elementor-widget elementor-widget-divider\" data-id=\"5506959\" data-element_type=\"widget\" data-widget_type=\"divider.default\">\n\t\t\t\t<div class=\"elementor-widget-container\">\n\t\t\t\t\t\t\t<div class=\"elementor-divider\">\n\t\t\t<span class=\"elementor-divider-separator\">\n\t\t\t\t\t\t<\/span>\n\t\t<\/div>\n\t\t\t\t\t\t<\/div>\n\t\t\t\t<\/div>\n\t\t\t\t<div class=\"elementor-element elementor-element-20909d1 elementor-widget elementor-widget-spacer\" data-id=\"20909d1\" data-element_type=\"widget\" data-widget_type=\"spacer.default\">\n\t\t\t\t<div class=\"elementor-widget-container\">\n\t\t\t\t\t\t\t<div class=\"elementor-spacer\">\n\t\t\t<div class=\"elementor-spacer-inner\"><\/div>\n\t\t<\/div>\n\t\t\t\t\t\t<\/div>\n\t\t\t\t<\/div>\n\t\t\t\t<div class=\"elementor-element elementor-element-e9263ce elementor-widget elementor-widget-text-editor\" data-id=\"e9263ce\" data-element_type=\"widget\" data-widget_type=\"text-editor.default\">\n\t\t\t\t<div class=\"elementor-widget-container\">\n\t\t\t\t\t\t\t\t\t<p><strong>M\u00e9thode I<\/strong><\/p><p><strong>Payez avec PayPal ou Visa &amp; Master ou d&#039;autres cartes de cr\u00e9dit, cartes de d\u00e9bit \u00e0 partir de la page du panier.<\/strong><\/p><p>Pas besoin d&#039;aller \u00e0 l&#039;\u00e9tape suivante &quot;Proc\u00e9der au paiement&quot;, Cliquez sur PAYPAL, ou s\u00e9lectionnez le bouton carte de cr\u00e9dit et d\u00e9bit pour terminer le processus d&#039;achat directement sur la page du panier.<\/p><p>1. Paiement PayPal : cliquez simplement sur le bouton PayPal pour payer, le bouton jaune &quot;PayPal checkout&quot;.<\/p><p>2. Paiement par carte de d\u00e9bit ou de cr\u00e9dit\u00a0: choisissez directement D\u00e9bit ou &quot;Visa\u00ae, MasterCard\u00ae, AmericanExpress\u00ae, Discover\u00ae carte de cr\u00e9dit, etc.&quot;, dont l&#039;un peut \u00eatre pay\u00e9 directement par le bouton de carte de d\u00e9bit ou de cr\u00e9dit avec un clic direct pour faire appara\u00eetre la bo\u00eete de dialogue. Les informations de facturation et les informations d&#039;exp\u00e9dition sont directement renseign\u00e9es dans la passerelle de paiement par carte de cr\u00e9dit, les informations d\u00e9taill\u00e9es de votre commande seront ensuite renvoy\u00e9es sur notre site Web. Ne vous inqui\u00e9tez pas des commandes manquantes et des probl\u00e8mes de s\u00e9curit\u00e9.<\/p><p>Caract\u00e9ristiques et avantages<\/p><p>Le traitement des paiements s&#039;effectue sur les serveurs Paypal, vous n&#039;avez donc pas \u00e0 vous soucier de la gestion des informations de paiement sensibles sur notre site.<br \/>Ce mode de paiement ignore le processus de paiement et les clients quittent votre site \u00e0 partir de la page Panier pour terminer le paiement via Paypal ou la plate-forme de carte de cr\u00e9dit.<\/p><p>M\u00e9thode II<\/p><p>Cliquez sur le bouton &quot;Proc\u00e9der au paiement&quot; pour acc\u00e9der \u00e0 la page de paiement<\/p><p>2. PayPal ou paiement par carte de cr\u00e9dit en ligne (recommand\u00e9)<\/p><p>Nous acceptons \u00e9galement les paiements par carte de cr\u00e9dit via le syst\u00e8me de paiement PayPal. Le syst\u00e8me de paiement PayPal prend en charge VISA, MasterCard, Discover, eCheck et PayPal.<\/p><p>PayPal est le moyen le plus s\u00fbr de payer en ligne, m\u00eame si vous n&#039;avez pas de compte PayPal, vous pouvez toujours payer par carte de d\u00e9bit ou de cr\u00e9dit via PayPal.<\/p><p>Choisissez un moyen de payer:<\/p><p>Avec un compte PayPal<br \/>1. Lors du paiement, choisissez PayPal<br \/>2. Connectez-vous \u00e0 votre compte PayPal<br \/>3. Terminez la transaction<br \/>4. Vous recevrez un e-mail une fois le paiement trait\u00e9 et re\u00e7u.<\/p><p>Avec carte de d\u00e9bit ou de cr\u00e9dit via PayPal<br \/>Aucun compte PayPal n\u00e9cessaire!<br \/>1. Lors du paiement, choisissez PayPal<br \/>2. Faites d\u00e9filer jusqu&#039;\u00e0 l&#039;option &quot;Payer par carte de d\u00e9bit ou de cr\u00e9dit&quot;<br \/>3. Terminez la transaction<br \/>4. Vous recevrez un e-mail une fois le paiement trait\u00e9 et re\u00e7u.<\/p><p>3. Payez par Visa, MasterCard<\/p><p>Nous acceptons Visa, MasterCard de la plupart des endroits dans le monde. Lorsque notre paiement par passerelle de carte de cr\u00e9dit indique ce qui a \u00e9chou\u00e9, il y a peut-\u00eatre un probl\u00e8me technique concernant la limite de notre passerelle de paiement par carte de cr\u00e9dit\u00a0:<br \/>1) Si la carte de cr\u00e9dit d\u00e9passe le montant maximum par la limite bancaire ou r\u00e9v\u00e8le un risque \u00e9lev\u00e9, veuillez contacter la banque pour supprimer les restrictions.<br \/>2) Veuillez essayer de payer &quot;PayPal ou paiement par carte de cr\u00e9dit en ligne (recommand\u00e9)&quot;.<br \/>3) Recommandez cette commande et payez par carte de cr\u00e9dit sur la page du panier (support : Visa\u00ae, MasterCard\u00ae, AmericanExpress\u00ae, carte de cr\u00e9dit Discover\u00ae).<br \/>Veuillez essayer de payer \u00e0 nouveau, nous l&#039;appr\u00e9cions vraiment.<\/p>\t\t\t\t\t\t\t\t<\/div>\n\t\t\t\t<\/div>\n\t\t\t\t\t<\/div>\n\t\t<\/div>\n\t\t\t\t\t<\/div>\n\t\t<\/section>\n\t\t\t\t<section class=\"elementor-section elementor-top-section elementor-element elementor-element-6280ce2a elementor-section-boxed elementor-section-height-default elementor-section-height-default\" data-id=\"6280ce2a\" data-element_type=\"section\">\n\t\t\t\t\t\t<div class=\"elementor-container elementor-column-gap-default\">\n\t\t\t\t\t<div class=\"elementor-column elementor-col-100 elementor-top-column elementor-element elementor-element-5ec1c87b\" data-id=\"5ec1c87b\" data-element_type=\"column\">\n\t\t\t<div class=\"elementor-widget-wrap elementor-element-populated\">\n\t\t\t\t\t\t<div class=\"elementor-element elementor-element-2cfb020e elementor-widget-divider--view-line elementor-widget elementor-widget-divider\" data-id=\"2cfb020e\" data-element_type=\"widget\" data-widget_type=\"divider.default\">\n\t\t\t\t<div class=\"elementor-widget-container\">\n\t\t\t\t\t\t\t<div class=\"elementor-divider\">\n\t\t\t<span class=\"elementor-divider-separator\">\n\t\t\t\t\t\t<\/span>\n\t\t<\/div>\n\t\t\t\t\t\t<\/div>\n\t\t\t\t<\/div>\n\t\t\t\t<div class=\"elementor-element elementor-element-3e81c0f3 elementor-widget elementor-widget-spacer\" data-id=\"3e81c0f3\" data-element_type=\"widget\" data-widget_type=\"spacer.default\">\n\t\t\t\t<div class=\"elementor-widget-container\">\n\t\t\t\t\t\t\t<div class=\"elementor-spacer\">\n\t\t\t<div class=\"elementor-spacer-inner\"><\/div>\n\t\t<\/div>\n\t\t\t\t\t\t<\/div>\n\t\t\t\t<\/div>\n\t\t\t\t<div class=\"elementor-element elementor-element-7f6ae5be elementor-widget elementor-widget-heading\" data-id=\"7f6ae5be\" data-element_type=\"widget\" data-widget_type=\"heading.default\">\n\t\t\t\t<div class=\"elementor-widget-container\">\n\t\t\t\t\t<h2 class=\"elementor-heading-title elementor-size-default\">Vous avez encore d&#039;autres questions\u00a0? N&#039;h\u00e9sitez pas \u00e0 nous contacter.<\/h2>\t\t\t\t<\/div>\n\t\t\t\t<\/div>\n\t\t\t\t<div class=\"elementor-element elementor-element-6baeaa38 elementor-widget elementor-widget-spacer\" data-id=\"6baeaa38\" data-element_type=\"widget\" data-widget_type=\"spacer.default\">\n\t\t\t\t<div class=\"elementor-widget-container\">\n\t\t\t\t\t\t\t<div class=\"elementor-spacer\">\n\t\t\t<div class=\"elementor-spacer-inner\"><\/div>\n\t\t<\/div>\n\t\t\t\t\t\t<\/div>\n\t\t\t\t<\/div>\n\t\t\t\t<div class=\"elementor-element elementor-element-459125b3 elementor-align-center elementor-widget elementor-widget-button\" data-id=\"459125b3\" data-element_type=\"widget\" data-widget_type=\"button.default\">\n\t\t\t\t<div class=\"elementor-widget-container\">\n\t\t\t\t\t\t\t\t\t<div class=\"elementor-button-wrapper\">\n\t\t\t\t\t<a class=\"elementor-button elementor-button-link elementor-size-md\" href=\"\/fr\/contact-miisoo-doll\/\">\n\t\t\t\t\t\t<span class=\"elementor-button-content-wrapper\">\n\t\t\t\t\t\t\t\t\t<span class=\"elementor-button-text\">Nous contacter<\/span>\n\t\t\t\t\t<\/span>\n\t\t\t\t\t<\/a>\n\t\t\t\t<\/div>\n\t\t\t\t\t\t\t\t<\/div>\n\t\t\t\t<\/div>\n\t\t\t\t<div class=\"elementor-element elementor-element-31eaea2c elementor-widget elementor-widget-spacer\" data-id=\"31eaea2c\" data-element_type=\"widget\" data-widget_type=\"spacer.default\">\n\t\t\t\t<div class=\"elementor-widget-container\">\n\t\t\t\t\t\t\t<div class=\"elementor-spacer\">\n\t\t\t<div class=\"elementor-spacer-inner\"><\/div>\n\t\t<\/div>\n\t\t\t\t\t\t<\/div>\n\t\t\t\t<\/div>\n\t\t\t\t\t<\/div>\n\t\t<\/div>\n\t\t\t\t\t<\/div>\n\t\t<\/section>\n\t\t\t\t<\/div>","protected":false},"excerpt":{"rendered":"<p>Maintenant, nous acceptons les m\u00e9thodes de paiement suivantes, veuillez nous indiquer celle que vous pr\u00e9f\u00e9rez afin que nous puissions vous proposer les informations ci-dessous : S\u00e9curis\u00e9 Lorsque vous payez des factures, envoyez de l&#039;argent ou achetez, il est difficile de prot\u00e9ger vos informations financi\u00e8res. Rapide Pas besoin de saisir toutes vos informations financi\u00e8res \u00e0 chaque fois que vous magasinez. Acc\u00e9l\u00e9rez\u2026<\/p>","protected":false},"author":455,"featured_media":0,"parent":0,"menu_order":0,"comment_status":"closed","ping_status":"closed","template":"template-full-width.php","meta":{"footnotes":""},"class_list":["post-1955","page","type-page","status-publish","hentry"],"yoast_head":"<!-- This site is optimized with the Yoast SEO Premium plugin v22.6 (Yoast SEO v22.9) - https:\/\/yoast.com\/wordpress\/plugins\/seo\/ -->\n<title>Choose Your Preferred &amp; Secure Payment Method at Miisoodoll<\/title>\n<meta name=\"description\" content=\"Shop confidently with Miisoodoll! Select from our secure payment options for a hassle-free checkout experience. Fast, safe, and convenient payment methods.\" \/>\n<meta name=\"robots\" content=\"index, follow, max-snippet:-1, max-image-preview:large, max-video-preview:-1\" \/>\n<link rel=\"canonical\" href=\"https:\/\/www.miisoo.com\/fr\/payment-methods\/\" \/>\n<meta property=\"og:locale\" content=\"fr_FR\" \/>\n<meta property=\"og:type\" content=\"article\" \/>\n<meta property=\"og:title\" content=\"Payment Methods\" \/>\n<meta property=\"og:description\" content=\"Shop confidently with Miisoodoll! Select from our secure payment options for a hassle-free checkout experience. Fast, safe, and convenient payment methods.\" \/>\n<meta property=\"og:url\" content=\"https:\/\/www.miisoo.com\/fr\/payment-methods\/\" \/>\n<meta property=\"og:site_name\" content=\"MiisooDoll\" \/>\n<meta property=\"article:publisher\" content=\"https:\/\/www.facebook.com\/miisoodoll\" \/>\n<meta property=\"article:modified_time\" content=\"2023-12-22T12:23:27+00:00\" \/>\n<meta property=\"og:image\" content=\"https:\/\/www.miisoo.com\/wp-content\/uploads\/2019\/05\/icon-box-1.png\" \/>\n<meta name=\"twitter:card\" content=\"summary_large_image\" \/>\n<meta name=\"twitter:site\" content=\"@MiisooSexDolls\" \/>\n<meta name=\"twitter:label1\" content=\"Dur\u00e9e de lecture estim\u00e9e\" \/>\n\t<meta name=\"twitter:data1\" content=\"3 minutes\" \/>\n<!-- \/ Yoast SEO Premium plugin. -->","yoast_head_json":{"title":"Choose Your Preferred & Secure Payment Method at Miisoodoll","description":"Shop confidently with Miisoodoll! Select from our secure payment options for a hassle-free checkout experience. Fast, safe, and convenient payment methods.","robots":{"index":"index","follow":"follow","max-snippet":"max-snippet:-1","max-image-preview":"max-image-preview:large","max-video-preview":"max-video-preview:-1"},"canonical":"https:\/\/www.miisoo.com\/fr\/payment-methods\/","og_locale":"fr_FR","og_type":"article","og_title":"Payment Methods","og_description":"Shop confidently with Miisoodoll! Select from our secure payment options for a hassle-free checkout experience. Fast, safe, and convenient payment methods.","og_url":"https:\/\/www.miisoo.com\/fr\/payment-methods\/","og_site_name":"MiisooDoll","article_publisher":"https:\/\/www.facebook.com\/miisoodoll","article_modified_time":"2023-12-22T12:23:27+00:00","og_image":[{"url":"https:\/\/www.miisoo.com\/wp-content\/uploads\/2019\/05\/icon-box-1.png"}],"twitter_card":"summary_large_image","twitter_site":"@MiisooSexDolls","twitter_misc":{"Dur\u00e9e de lecture estim\u00e9e":"3 minutes"},"schema":{"@context":"https:\/\/schema.org","@graph":[{"@type":"WebPage","@id":"https:\/\/www.miisoo.com\/payment-methods\/","url":"https:\/\/www.miisoo.com\/payment-methods\/","name":"Choose Your Preferred & Secure Payment Method at Miisoodoll","isPartOf":{"@id":"https:\/\/www.miisoo.com\/#website"},"primaryImageOfPage":{"@id":"https:\/\/www.miisoo.com\/payment-methods\/#primaryimage"},"image":{"@id":"https:\/\/www.miisoo.com\/payment-methods\/#primaryimage"},"thumbnailUrl":"https:\/\/www.miisoo.com\/wp-content\/uploads\/2019\/05\/icon-box-1.png","datePublished":"2017-12-18T10:08:41+00:00","dateModified":"2023-12-22T12:23:27+00:00","description":"Shop confidently with Miisoodoll! Select from our secure payment options for a hassle-free checkout experience. Fast, safe, and convenient payment methods.","breadcrumb":{"@id":"https:\/\/www.miisoo.com\/payment-methods\/#breadcrumb"},"inLanguage":"fr-FR","potentialAction":[{"@type":"ReadAction","target":["https:\/\/www.miisoo.com\/payment-methods\/"]}]},{"@type":"ImageObject","inLanguage":"fr-FR","@id":"https:\/\/www.miisoo.com\/payment-methods\/#primaryimage","url":"https:\/\/www.miisoo.com\/wp-content\/uploads\/2019\/05\/icon-box-1.png","contentUrl":"https:\/\/www.miisoo.com\/wp-content\/uploads\/2019\/05\/icon-box-1.png"},{"@type":"BreadcrumbList","@id":"https:\/\/www.miisoo.com\/payment-methods\/#breadcrumb","itemListElement":[{"@type":"ListItem","position":1,"name":"Home","item":"https:\/\/www.miisoo.com\/"},{"@type":"ListItem","position":2,"name":"Payment Methods"}]},{"@type":"WebSite","@id":"https:\/\/www.miisoo.com\/#website","url":"https:\/\/www.miisoo.com\/","name":"MiisooDoll","description":"Sexual Doll, Real Sex Dolls, Love Doll, Best Sex Dolls","publisher":{"@id":"https:\/\/www.miisoo.com\/#organization"},"potentialAction":[{"@type":"SearchAction","target":{"@type":"EntryPoint","urlTemplate":"https:\/\/www.miisoo.com\/?s={search_term_string}"},"query-input":"required name=search_term_string"}],"inLanguage":"fr-FR"},{"@type":"Organization","@id":"https:\/\/www.miisoo.com\/#organization","name":"MiisooDoll","url":"https:\/\/www.miisoo.com\/","logo":{"@type":"ImageObject","inLanguage":"fr-FR","@id":"https:\/\/www.miisoo.com\/#\/schema\/logo\/image\/","url":"https:\/\/www.miisoo.com\/wp-content\/uploads\/2020\/09\/logo-botton.png","contentUrl":"https:\/\/www.miisoo.com\/wp-content\/uploads\/2020\/09\/logo-botton.png","width":181,"height":42,"caption":"MiisooDoll"},"image":{"@id":"https:\/\/www.miisoo.com\/#\/schema\/logo\/image\/"},"sameAs":["https:\/\/www.facebook.com\/miisoodoll","https:\/\/x.com\/MiisooSexDolls"]}]}},"_links":{"self":[{"href":"https:\/\/www.miisoo.com\/fr\/wp-json\/wp\/v2\/pages\/1955","targetHints":{"allow":["GET"]}}],"collection":[{"href":"https:\/\/www.miisoo.com\/fr\/wp-json\/wp\/v2\/pages"}],"about":[{"href":"https:\/\/www.miisoo.com\/fr\/wp-json\/wp\/v2\/types\/page"}],"author":[{"embeddable":true,"href":"https:\/\/www.miisoo.com\/fr\/wp-json\/wp\/v2\/users\/455"}],"replies":[{"embeddable":true,"href":"https:\/\/www.miisoo.com\/fr\/wp-json\/wp\/v2\/comments?post=1955"}],"version-history":[{"count":1,"href":"https:\/\/www.miisoo.com\/fr\/wp-json\/wp\/v2\/pages\/1955\/revisions"}],"predecessor-version":[{"id":34677,"href":"https:\/\/www.miisoo.com\/fr\/wp-json\/wp\/v2\/pages\/1955\/revisions\/34677"}],"wp:attachment":[{"href":"https:\/\/www.miisoo.com\/fr\/wp-json\/wp\/v2\/media?parent=1955"}],"curies":[{"name":"wp","href":"https:\/\/api.w.org\/{rel}","templated":true}]}}