{"id":21342,"date":"2022-01-06T11:29:47","date_gmt":"2022-01-06T03:29:47","guid":{"rendered":"https:\/\/www.miisoo.com\/?post_type=product&#038;p=21342"},"modified":"2022-01-07T16:44:04","modified_gmt":"2022-01-07T08:44:04","slug":"man-fucking-real-gay-anal-sex-doll","status":"publish","type":"product","link":"https:\/\/www.miisoo.com\/fi\/product\/man-fucking-real-gay-anal-sex-doll\/","title":{"rendered":"Austin \u2013 170 cm mies vitun todellinen homo-anaaliseksin nukke"},"content":{"rendered":"<p>Austin on aasialainen homo-anaaliseksin nukke, joka ei ujostele ilmaisemaan tunteitaan. Oikeat naisten seksinuket pyrkiv\u00e4t aina tekem\u00e4\u00e4n vaikutuksen. Vieh\u00e4tt\u00e4vien urosnukkejen kilpaillussa maailmassa on vaikea l\u00f6yt\u00e4\u00e4 sinulle sopivaa nukkea. T\u00e4m\u00e4 urospuolinen puhallettava nukke varmistaa, ett\u00e4 pukeutuu aina a <a href=\"https:\/\/alqvimia.com\/en_es\/seductive-man.html\">viettelev\u00e4 mies<\/a>.<\/p>\n<p>H\u00e4nen suosikki lookinsa ovat ne, joita monet pit\u00e4v\u00e4t ylivoimaisena. Koska h\u00e4n rakasti rintakeh\u00e4n esittelemist\u00e4, h\u00e4n k\u00e4ytt\u00e4\u00e4 l\u00e4pin\u00e4kyvi\u00e4 liivej\u00e4 ja pysyy joskus ilman paitaa. Luotu kiinnostuneelle miehelle vitun miespuoliselle seksinukkelle, h\u00e4n ei haluaisi muuta kuin olla rakastajasi.<\/p>\n<p>H\u00e4nen urosnukkensa saa h\u00e4net n\u00e4ytt\u00e4m\u00e4\u00e4n seksikk\u00e4\u00e4mm\u00e4lt\u00e4 <a href=\"https:\/\/www.miisoo.com\/fi\/tuote\/full-size-gay-lifelike-male-real-dolls\/\">kuin koskaan ja<\/a> h\u00e4n tiet\u00e4\u00e4 sen. T\u00e4m\u00e4 monien miesten pit\u00e4m\u00e4 silikoninen urosrakkausnukke rakastaa olla jokaisen miehen likaisten toiveiden kohteena. H\u00e4nen rakkautensa oraali- ja anaaliseksi\u00e4 kohtaan tekee h\u00e4nest\u00e4 yhden parhaista ty\u00f6ss\u00e4\u00e4n.<\/p>\n<p><span style=\"color: #000000; font-size: 16px; font-weight: 600;\">Homo-anaaliseksin nukkemittaukset<\/span><\/p>\n<table style=\"border-collapse: collapse; width: 304.52pt;\" border=\"0\" width=\"406\" cellspacing=\"0\" cellpadding=\"0\">\n<tbody>\n<tr style=\"height: 28.00pt;\">\n<td class=\"et2\" style=\"height: 28.00pt; width: 124.50pt;\" width=\"166\" height=\"37\">Br\u00e4ndi:<\/td>\n<td class=\"et2\" style=\"width: 180.00pt;\" width=\"240\">QITA nukke<\/td>\n<\/tr>\n<tr style=\"height: 28.00pt;\">\n<td class=\"et2\" style=\"height: 28.00pt;\" height=\"37\">Korkeus:<\/td>\n<td class=\"et2\">170 cm pitk\u00e4 TPE-miehen seksinukke<\/td>\n<\/tr>\n<tr style=\"height: 28.00pt;\">\n<td class=\"et2\" style=\"height: 28.00pt;\" height=\"37\">Rintakuva:<\/td>\n<td class=\"et2\">86 cm<\/td>\n<\/tr>\n<tr style=\"height: 28.00pt;\">\n<td class=\"et2\" style=\"height: 28.00pt;\" height=\"37\">Vy\u00f6t\u00e4r\u00f6:<\/td>\n<td class=\"et2\">71 cm<\/td>\n<\/tr>\n<tr style=\"height: 28.00pt;\">\n<td class=\"et2\" style=\"height: 28.00pt;\" height=\"37\">Lonkat:<\/td>\n<td class=\"et2\">89 cm<\/td>\n<\/tr>\n<tr style=\"height: 28.00pt;\">\n<td class=\"et2\" style=\"height: 28.00pt;\" height=\"37\">K\u00e4den pituus:<\/td>\n<td class=\"et2\">50 cm<\/td>\n<\/tr>\n<tr style=\"height: 28.00pt;\">\n<td class=\"et2\" style=\"height: 28.00pt;\" height=\"37\">Jalan pituus:<\/td>\n<td class=\"et2\">22 cm<\/td>\n<\/tr>\n<tr style=\"height: 28.00pt;\">\n<td class=\"et2\" style=\"height: 28.00pt;\" height=\"37\">Hartianleveys:<\/td>\n<td class=\"et2\">44 cm<\/td>\n<\/tr>\n<tr style=\"height: 28.00pt;\">\n<td class=\"et2\" style=\"height: 28.00pt;\" height=\"37\">Paino:<\/td>\n<td class=\"et2\">53 kg<\/td>\n<\/tr>\n<tr style=\"height: 28.00pt;\">\n<td class=\"et2\" style=\"height: 28.00pt;\" height=\"37\">Peniksen pituus:<\/td>\n<td class=\"et2\">15 cm<\/td>\n<\/tr>\n<tr style=\"height: 28.00pt;\">\n<td class=\"et2\" style=\"height: 28.00pt;\" height=\"37\">Suun syvyys:<\/td>\n<td class=\"et2\">Ei k\u00e4yt\u00f6ss\u00e4<\/td>\n<\/tr>\n<tr style=\"height: 28.00pt;\">\n<td class=\"et2\" style=\"height: 28.00pt;\" height=\"37\">Anaali syvyys:<\/td>\n<td class=\"et2\">20 cm<\/td>\n<\/tr>\n<\/tbody>\n<\/table>","protected":false},"excerpt":{"rendered":"<div data-elementor-type=\"section\" data-elementor-id=\"10450\" class=\"elementor elementor-10450\" data-elementor-post-type=\"elementor_library\">\n<section class=\"elementor-section elementor-top-section elementor-element elementor-element-1ac4967 elementor-section-boxed elementor-section-height-default elementor-section-height-default\" data-id=\"1ac4967\" data-element_type=\"section\">\n<div class=\"elementor-container elementor-column-gap-default\">\n<div class=\"elementor-column elementor-col-100 elementor-top-column elementor-element elementor-element-bfbdbdf\" data-id=\"bfbdbdf\" data-element_type=\"column\">\n<div class=\"elementor-widget-wrap elementor-element-populated\">\n<div class=\"elementor-element elementor-element-e4dbd68 elementor-widget elementor-widget-text-editor\" data-id=\"e4dbd68\" data-element_type=\"widget\" data-widget_type=\"text-editor.default\">\n<div class=\"elementor-widget-container\">\n<ul>\n<li>Ilmainen toimitus maailmanlaajuisesti, huomaamaton toimitus.<\/li>\n<li>100% Sama kuin kuvissa, ellei r\u00e4\u00e4t\u00e4l\u00f6ity.<\/li>\n<li>Hinnat sis\u00e4lt\u00e4v\u00e4t. ALV ja tullimaksut<\/li>\n<li>Ilmainen toimitus, nopeat toimitusvaihtoehdot kassasivulla<\/li>\n<\/ul><\/div>\n<\/p><\/div>\n<\/p><\/div>\n<\/p><\/div>\n<\/p><\/div>\n<\/section><\/div>\n<div data-elementor-type=\"section\" data-elementor-id=\"10473\" class=\"elementor elementor-10473\" data-elementor-post-type=\"elementor_library\">\n<section class=\"elementor-section elementor-top-section elementor-element elementor-element-03d9b2a elementor-section-boxed elementor-section-height-default elementor-section-height-default\" data-id=\"03d9b2a\" data-element_type=\"section\">\n<div class=\"elementor-container elementor-column-gap-default\">\n<div class=\"elementor-column elementor-col-100 elementor-top-column elementor-element elementor-element-5081c52\" data-id=\"5081c52\" data-element_type=\"column\">\n<div class=\"elementor-widget-wrap elementor-element-populated\">\n<div class=\"elementor-element elementor-element-d2c17df elementor-widget elementor-widget-martfury-banner-small\" data-id=\"d2c17df\" data-element_type=\"widget\" data-widget_type=\"martfury-banner-small.default\">\n<div class=\"elementor-widget-container\">\n<div class=\"mf-elementor-banner-small\">\n<div class=\"banner-featured-image\"><\/div>\n<p>\t\t\t                <a class=\"link\" href=\"https:\/\/mso.aidoll-japan.com\"><\/a><\/p>\n<div class=\"banner-content\">\n<h2 class=\"banner-title\">1500 mini-rakkausnukkea<\/p>\n<p>sexdollxxx. com<\/h2>\n<div class=\"banner-desc\">\n<p>60 cm, 80 cm, 100 cm,<\/p>\n<p>120cm, 130cm, 140cm<\/p>\n<\/div>\n<div class=\"banner-price\"><span\n                                class=\"s-price\">sexdollxxx .com<\/span><\/div>\n<\/p><\/div>\n<\/p><\/div>\n<\/p><\/div>\n<\/p><\/div>\n<\/p><\/div>\n<\/p><\/div>\n<\/p><\/div>\n<\/section><\/div>","protected":false},"featured_media":21380,"comment_status":"open","ping_status":"closed","template":"","meta":[],"product_cat":[114,115,116,81],"product_tag":[],"class_list":{"0":"post-21342","1":"product","2":"type-product","3":"status-publish","4":"has-post-thumbnail","6":"product_cat-1500usd-2000usd-sex-doll","7":"product_cat-161cm-170cm-sex-dolls","8":"product_cat-male-sex-dolls","9":"product_cat-tpe-sex-dolls","10":"tm-no-options","12":"first","13":"instock","14":"sale","15":"shipping-taxable","16":"purchasable","17":"product-type-simple","18":"col-xs-6 col-sm-4","19":"col-md-3 col-lg-3","20":"un-4-cols"},"yoast_head":"<!-- This site is optimized with the Yoast SEO Premium plugin v22.6 (Yoast SEO v22.9) - https:\/\/yoast.com\/wordpress\/plugins\/seo\/ -->\n<title>Gay Anal Sex Doll - Man Fucking Male Sex Doll - MiisooDoll<\/title>\n<meta name=\"description\" content=\"Austin is an Asian gay anal sex doll that is not shy to express his feelings. The real sex dolls for women always strive to impress.\" \/>\n<meta name=\"robots\" content=\"index, follow, max-snippet:-1, max-image-preview:large, max-video-preview:-1\" \/>\n<link rel=\"canonical\" href=\"https:\/\/www.miisoo.com\/fi\/tuote\/man-fucking-real-gay-anal-sex-doll\/\" \/>\n<meta property=\"og:locale\" content=\"fi_FI\" \/>\n<meta property=\"og:type\" content=\"article\" \/>\n<meta property=\"og:title\" content=\"Austin - 170cm Man Fucking Real Gay Anal Sex Doll\" \/>\n<meta property=\"og:description\" content=\"Austin is an Asian gay anal sex doll that is not shy to express his feelings. The real sex dolls for women always strive to impress.\" \/>\n<meta property=\"og:url\" content=\"https:\/\/www.miisoo.com\/fi\/tuote\/man-fucking-real-gay-anal-sex-doll\/\" \/>\n<meta property=\"og:site_name\" content=\"MiisooDoll\" \/>\n<meta property=\"article:publisher\" content=\"https:\/\/www.facebook.com\/miisoodoll\" \/>\n<meta property=\"article:modified_time\" content=\"2022-01-07T08:44:04+00:00\" \/>\n<meta property=\"og:image\" content=\"https:\/\/www.miisoo.com\/wp-content\/uploads\/2022\/01\/gay-anal-sex-doll-2630.jpg\" \/>\n\t<meta property=\"og:image:width\" content=\"600\" \/>\n\t<meta property=\"og:image:height\" content=\"900\" \/>\n\t<meta property=\"og:image:type\" content=\"image\/jpeg\" \/>\n<meta name=\"twitter:card\" content=\"summary_large_image\" \/>\n<meta name=\"twitter:site\" content=\"@MiisooSexDolls\" \/>\n<meta name=\"twitter:label1\" content=\"Arvioitu lukuaika\" \/>\n\t<meta name=\"twitter:data1\" content=\"1 minuutti\" \/>\n<!-- \/ Yoast SEO Premium plugin. -->","yoast_head_json":{"title":"Gay Anal Sex Doll - Man Fucking Male Sex Doll - MiisooDoll","description":"Austin is an Asian gay anal sex doll that is not shy to express his feelings. The real sex dolls for women always strive to impress.","robots":{"index":"index","follow":"follow","max-snippet":"max-snippet:-1","max-image-preview":"max-image-preview:large","max-video-preview":"max-video-preview:-1"},"canonical":"https:\/\/www.miisoo.com\/fi\/tuote\/man-fucking-real-gay-anal-sex-doll\/","og_locale":"fi_FI","og_type":"article","og_title":"Austin - 170cm Man Fucking Real Gay Anal Sex Doll","og_description":"Austin is an Asian gay anal sex doll that is not shy to express his feelings. The real sex dolls for women always strive to impress.","og_url":"https:\/\/www.miisoo.com\/fi\/tuote\/man-fucking-real-gay-anal-sex-doll\/","og_site_name":"MiisooDoll","article_publisher":"https:\/\/www.facebook.com\/miisoodoll","article_modified_time":"2022-01-07T08:44:04+00:00","og_image":[{"width":600,"height":900,"url":"https:\/\/www.miisoo.com\/wp-content\/uploads\/2022\/01\/gay-anal-sex-doll-2630.jpg","type":"image\/jpeg"}],"twitter_card":"summary_large_image","twitter_site":"@MiisooSexDolls","twitter_misc":{"Arvioitu lukuaika":"1 minuutti"},"schema":{"@context":"https:\/\/schema.org","@graph":[{"@type":"WebPage","@id":"https:\/\/www.miisoo.com\/de\/produkt\/man-fucking-real-gay-anal-sex-doll\/","url":"https:\/\/www.miisoo.com\/de\/produkt\/man-fucking-real-gay-anal-sex-doll\/","name":"Gay Anal Sex Doll - Man Fucking Male Sex Doll - MiisooDoll","isPartOf":{"@id":"https:\/\/www.miisoo.com\/#website"},"primaryImageOfPage":{"@id":"https:\/\/www.miisoo.com\/de\/produkt\/man-fucking-real-gay-anal-sex-doll\/#primaryimage"},"image":{"@id":"https:\/\/www.miisoo.com\/de\/produkt\/man-fucking-real-gay-anal-sex-doll\/#primaryimage"},"thumbnailUrl":"https:\/\/www.miisoo.com\/wp-content\/uploads\/2022\/01\/gay-anal-sex-doll-2630.jpg","datePublished":"2022-01-06T03:29:47+00:00","dateModified":"2022-01-07T08:44:04+00:00","description":"Austin is an Asian gay anal sex doll that is not shy to express his feelings. The real sex dolls for women always strive to impress.","breadcrumb":{"@id":"https:\/\/www.miisoo.com\/de\/produkt\/man-fucking-real-gay-anal-sex-doll\/#breadcrumb"},"inLanguage":"fi","potentialAction":[{"@type":"ReadAction","target":["https:\/\/www.miisoo.com\/de\/produkt\/man-fucking-real-gay-anal-sex-doll\/"]}]},{"@type":"ImageObject","inLanguage":"fi","@id":"https:\/\/www.miisoo.com\/de\/produkt\/man-fucking-real-gay-anal-sex-doll\/#primaryimage","url":"https:\/\/www.miisoo.com\/wp-content\/uploads\/2022\/01\/gay-anal-sex-doll-2630.jpg","contentUrl":"https:\/\/www.miisoo.com\/wp-content\/uploads\/2022\/01\/gay-anal-sex-doll-2630.jpg","width":600,"height":900,"caption":"Austin \u2013 170cm Man Fucking Real Gay Anal Sex Doll"},{"@type":"BreadcrumbList","@id":"https:\/\/www.miisoo.com\/de\/produkt\/man-fucking-real-gay-anal-sex-doll\/#breadcrumb","itemListElement":[{"@type":"ListItem","position":1,"name":"Home","item":"https:\/\/www.miisoo.com\/"},{"@type":"ListItem","position":2,"name":"Sex Doll Shop","item":"https:\/\/www.miisoo.com\/shop\/"},{"@type":"ListItem","position":3,"name":"Austin &#8211; 170cm Man Fucking Real Gay Anal Sex Doll"}]},{"@type":"WebSite","@id":"https:\/\/www.miisoo.com\/#website","url":"https:\/\/www.miisoo.com\/","name":"MiisooDoll","description":"Sexual Doll, Real Sex Dolls, Love Doll, Best Sex Dolls","publisher":{"@id":"https:\/\/www.miisoo.com\/#organization"},"potentialAction":[{"@type":"SearchAction","target":{"@type":"EntryPoint","urlTemplate":"https:\/\/www.miisoo.com\/?s={search_term_string}"},"query-input":"required name=search_term_string"}],"inLanguage":"fi"},{"@type":"Organization","@id":"https:\/\/www.miisoo.com\/#organization","name":"MiisooDoll","url":"https:\/\/www.miisoo.com\/","logo":{"@type":"ImageObject","inLanguage":"fi","@id":"https:\/\/www.miisoo.com\/#\/schema\/logo\/image\/","url":"https:\/\/www.miisoo.com\/wp-content\/uploads\/2020\/09\/logo-botton.png","contentUrl":"https:\/\/www.miisoo.com\/wp-content\/uploads\/2020\/09\/logo-botton.png","width":181,"height":42,"caption":"MiisooDoll"},"image":{"@id":"https:\/\/www.miisoo.com\/#\/schema\/logo\/image\/"},"sameAs":["https:\/\/www.facebook.com\/miisoodoll","https:\/\/x.com\/MiisooSexDolls"]}]}},"_links":{"self":[{"href":"https:\/\/www.miisoo.com\/fi\/wp-json\/wp\/v2\/product\/21342","targetHints":{"allow":["GET"]}}],"collection":[{"href":"https:\/\/www.miisoo.com\/fi\/wp-json\/wp\/v2\/product"}],"about":[{"href":"https:\/\/www.miisoo.com\/fi\/wp-json\/wp\/v2\/types\/product"}],"replies":[{"embeddable":true,"href":"https:\/\/www.miisoo.com\/fi\/wp-json\/wp\/v2\/comments?post=21342"}],"version-history":[{"count":3,"href":"https:\/\/www.miisoo.com\/fi\/wp-json\/wp\/v2\/product\/21342\/revisions"}],"predecessor-version":[{"id":21614,"href":"https:\/\/www.miisoo.com\/fi\/wp-json\/wp\/v2\/product\/21342\/revisions\/21614"}],"wp:featuredmedia":[{"embeddable":true,"href":"https:\/\/www.miisoo.com\/fi\/wp-json\/wp\/v2\/media\/21380"}],"wp:attachment":[{"href":"https:\/\/www.miisoo.com\/fi\/wp-json\/wp\/v2\/media?parent=21342"}],"wp:term":[{"taxonomy":"product_cat","embeddable":true,"href":"https:\/\/www.miisoo.com\/fi\/wp-json\/wp\/v2\/product_cat?post=21342"},{"taxonomy":"product_tag","embeddable":true,"href":"https:\/\/www.miisoo.com\/fi\/wp-json\/wp\/v2\/product_tag?post=21342"}],"curies":[{"name":"wp","href":"https:\/\/api.w.org\/{rel}","templated":true}]}}