{"id":4358,"date":"2020-09-14T15:34:47","date_gmt":"2020-09-14T07:34:47","guid":{"rendered":"http:\/\/miisoo.com\/?page_id=4358"},"modified":"2023-12-22T20:17:14","modified_gmt":"2023-12-22T12:17:14","slug":"terms-conditions","status":"publish","type":"page","link":"https:\/\/www.miisoo.com\/fi\/terms-conditions\/","title":{"rendered":"K\u00e4ytt\u00f6ehdot"},"content":{"rendered":"<div data-elementor-type=\"wp-page\" data-elementor-id=\"4358\" class=\"elementor elementor-4358\" data-elementor-post-type=\"page\">\n\t\t\t\t\t\t<section class=\"elementor-section elementor-top-section elementor-element elementor-element-c76458e elementor-section-boxed elementor-section-height-default elementor-section-height-default\" data-id=\"c76458e\" data-element_type=\"section\">\n\t\t\t\t\t\t<div class=\"elementor-container elementor-column-gap-default\">\n\t\t\t\t\t<div class=\"elementor-column elementor-col-25 elementor-top-column elementor-element elementor-element-8b5e8e1\" data-id=\"8b5e8e1\" data-element_type=\"column\">\n\t\t\t<div class=\"elementor-widget-wrap\">\n\t\t\t\t\t\t\t<\/div>\n\t\t<\/div>\n\t\t\t\t<div class=\"elementor-column elementor-col-50 elementor-top-column elementor-element elementor-element-5afa608\" data-id=\"5afa608\" data-element_type=\"column\">\n\t\t\t<div class=\"elementor-widget-wrap elementor-element-populated\">\n\t\t\t\t\t\t<div class=\"elementor-element elementor-element-1111958 elementor-widget elementor-widget-text-editor\" data-id=\"1111958\" data-element_type=\"widget\" data-widget_type=\"text-editor.default\">\n\t\t\t\t<div class=\"elementor-widget-container\">\n\t\t\t\t\t\t\t\t\t<p>Sivuston k\u00e4ytt\u00e4minen, selaaminen tai muu k\u00e4ytt\u00f6 osoittaa, ett\u00e4 hyv\u00e4ksyt kaikki t\u00e4m\u00e4n sopimuksen ehdot. Lue t\u00e4m\u00e4 sopimus huolellisesti ennen kuin jatkat.<\/p><p><strong>Sivuston k\u00e4ytt\u00f6:<\/strong><\/p><p>Vakuutat ja takaat, ett\u00e4 olet v\u00e4hint\u00e4\u00e4n 18-vuotias tai vierailet Sivustolla vanhemman tai huoltajan valvonnassa. T\u00e4m\u00e4n sopimuksen ehtojen ja ehtojen mukaisesti miisoo.com my\u00f6nt\u00e4\u00e4 sinulle rajoitetun, peruutettavan, ei-siirrett\u00e4v\u00e4n ja ei-yksinomaisen lisenssin p\u00e4\u00e4st\u00e4ksesi ja k\u00e4ytt\u00e4\u00e4 Sivustoa n\u00e4ytt\u00e4m\u00e4ll\u00e4 sen Internet-selaimessasi vain henkil\u00f6kohtaisten ostosten tekemiseen. Sivustolla myyt\u00e4v\u00e4t tuotteet, ei mihink\u00e4\u00e4n kaupalliseen k\u00e4ytt\u00f6\u00f6n tai k\u00e4ytett\u00e4v\u00e4ksi mink\u00e4\u00e4n kolmannen osapuolen puolesta, paitsi jos miisoo.com on erikseen sallinut etuk\u00e4teen. T\u00e4m\u00e4n sopimuksen rikkominen johtaa t\u00e4ss\u00e4 kappaleessa my\u00f6nnetyn lisenssin v\u00e4litt\u00f6m\u00e4\u00e4n peruuttamiseen ilman erillist\u00e4 ilmoitusta.<\/p><p>Ellei yll\u00e4 olevassa kappaleessa ole sallittua, et saa j\u00e4ljent\u00e4\u00e4, levitt\u00e4\u00e4, n\u00e4ytt\u00e4\u00e4, myyd\u00e4, vuokrata, siirt\u00e4\u00e4, luoda johdannaisteoksia, k\u00e4\u00e4nt\u00e4\u00e4, muokata, k\u00e4\u00e4nnell\u00e4, purkaa, purkaa tai muuten hy\u00f6dynt\u00e4\u00e4 t\u00e4t\u00e4 Sivustoa tai sen osaa, ellei miisoo.com nimenomaisesti kirjallisesti sallinut. Et saa k\u00e4ytt\u00e4\u00e4 kaupallisesti mit\u00e4\u00e4n Sivustolla annettuja tietoja tai k\u00e4ytt\u00e4\u00e4 Sivustoa toisen yrityksen hy\u00f6dyksi, ellei miisoo.com ole erikseen antanut lupaa etuk\u00e4teen. miisoo.com pid\u00e4tt\u00e4\u00e4 oikeuden kielt\u00e4yty\u00e4 palvelusta, lopettaa tilej\u00e4 ja\/tai peruuttaa tilauksia oman harkintansa mukaan, mukaan lukien rajoituksetta, jos miisoo.com uskoo, ett\u00e4 asiakkaan toiminta rikkoo sovellettavaa lakia tai on haitallista miisoo.comin etujen kannalta.<\/p><p>Olet yksin vastuussa t\u00e4m\u00e4n sivuston kaikista p\u00e4\u00e4syst\u00e4 ja k\u00e4yt\u00f6st\u00e4 kenen tahansa, joka k\u00e4ytt\u00e4\u00e4 sinulle alun perin my\u00f6nnetty\u00e4 salasanaa ja tunnistetta, riippumatta siit\u00e4, oletko sin\u00e4 todella valtuuttanut t\u00e4llaisen p\u00e4\u00e4syn t\u00e4lle sivustolle tai et, mukaan lukien rajoituksetta kaikki viestint\u00e4 ja l\u00e4hetykset. ja kaikki velvoitteet (mukaan lukien rajoituksetta taloudelliset velvoitteet), jotka aiheutuvat t\u00e4llaisesta p\u00e4\u00e4syst\u00e4 tai k\u00e4yt\u00f6st\u00e4. Olet yksin vastuussa sinulle m\u00e4\u00e4ritetyn salasanan ja tunnisteen turvallisuuden ja luottamuksellisuuden suojaamisesta. Sinun tulee v\u00e4litt\u00f6m\u00e4sti ilmoittaa miisoo.com-sivustolle salasanasi tai henkil\u00f6llisyytesi luvattomasta k\u00e4yt\u00f6st\u00e4 tai mist\u00e4 tahansa muusta t\u00e4m\u00e4n Sivuston tietoturvaloukkauksesta tai uhkaavasta loukkauksesta.<\/p><p>Ellei muualla t\u00e4ss\u00e4 sopimuksessa tai sivustolla toisin mainita, kaikki, mit\u00e4 l\u00e4het\u00e4t tai l\u00e4het\u00e4t sivustolle ja\/tai tarjoat miisoo.com-sivustolle, mukaan lukien rajoituksetta ideat, tietotaito, tekniikat, kysymykset, arvostelut, kommentit ja ehdotuksia (yhteisesti &quot;l\u00e4hetykset&quot;) k\u00e4sitell\u00e4\u00e4n ja tullaan k\u00e4sittelem\u00e4\u00e4n ei-luottamuksellisina ja ei-omistusoikeudellisina, ja l\u00e4hett\u00e4m\u00e4ll\u00e4 tai l\u00e4hett\u00e4m\u00e4ll\u00e4 sitoudut peruuttamattomasti lisensoimaan julkaisun ja kaikki siihen liittyv\u00e4t immateriaalioikeudet (lukuun ottamatta moraalisia oikeuksia, kuten tekij\u00e4noikeus) miisoo.com veloituksetta ja miisoo.comilla on rojaltivapaa, maailmanlaajuinen, pysyv\u00e4, peruuttamaton ja siirrett\u00e4v\u00e4 oikeus k\u00e4ytt\u00e4\u00e4, kopioida, jakaa, n\u00e4ytt\u00e4\u00e4, julkaista, esitt\u00e4\u00e4, myyd\u00e4, vuokrata, v\u00e4litt\u00e4\u00e4, mukauttaa, luoda johdannaisteoksia t\u00e4llaisia L\u00e4hetyksi\u00e4 mill\u00e4 tahansa tavalla ja miss\u00e4 tahansa muodossa sek\u00e4 k\u00e4\u00e4nt\u00e4\u00e4, muokata, k\u00e4\u00e4nt\u00e4\u00e4, purkaa tai purkaa t\u00e4llaisia L\u00e4hetyksi\u00e4. Kaikista l\u00e4hetyksist\u00e4 tulee automaattisesti miisoo.comin yksinomaista omaisuutta, eik\u00e4 niit\u00e4 palauteta sinulle, ja sitoudut olemaan nostamatta kiistaa miisoo.comin merkinn\u00e4n k\u00e4yt\u00f6st\u00e4 tulevaisuudessa.<\/p><p>Takaat, ett\u00e4 l\u00e4hetyksesi ovat kokonaan tai osittain selkeit\u00e4 eiv\u00e4tk\u00e4 sis\u00e4ll\u00e4 immateriaalioikeuksien loukkauksia, riitoja tai kolmannen osapuolen vaatimuksia. miisoo.com ei ole vastuussa mist\u00e4\u00e4n tekij\u00e4noikeuksien tai muiden kolmansien osapuolten oikeuksien v\u00e4\u00e4rink\u00e4yt\u00f6st\u00e4si. Sitoudut puolustamaan ja korvaamaan Sponsorin menetyksist\u00e4, jotka aiheutuvat merkint\u00f6jen k\u00e4yt\u00f6st\u00e4 mihin tahansa tarkoitukseen.<\/p><p>L\u00e4hett\u00e4miseen sovellettavien oikeuksien lis\u00e4ksi, kun julkaiset kommentteja tai arvosteluja sivustolle, annat miisoo.com-sivustolle oikeuden k\u00e4ytt\u00e4\u00e4 l\u00e4hett\u00e4m\u00e4\u00e4si nime\u00e4 mink\u00e4 tahansa arvostelun, kommentin tai muun sis\u00e4ll\u00f6n yhteydess\u00e4, jos sellaista on. sellaisen arvostelun, kommentin tai muun sis\u00e4ll\u00f6n kanssa. Vakuutat ja takaat, ett\u00e4 omistat tai muuten hallitset kaikkia oikeuksia arvosteluihin, kommentteihin ja muuhun sis\u00e4lt\u00f6\u00f6n, jonka julkaiset t\u00e4ll\u00e4 sivustolla ja ett\u00e4 miisoo.com-sivuston arvostelujesi, kommenttisi tai muun Sis\u00e4ll\u00f6n k\u00e4ytt\u00f6 ei loukkaa tai loukkaa loukkaa mink\u00e4\u00e4n kolmannen osapuolen oikeuksia. Et saa k\u00e4ytt\u00e4\u00e4 v\u00e4\u00e4r\u00e4\u00e4 s\u00e4hk\u00f6postiosoitetta, teeskennell\u00e4 olevasi joku muu kuin itsesi tai muuten johtaa miisoo.com-sivustoa tai kolmansia osapuolia harhaan mink\u00e4\u00e4n L\u00e4hetyksen tai sis\u00e4ll\u00f6n alkuper\u00e4n suhteen. miisoo.com voi, mutta ei ole velvollinen, poistamaan tai muokkaamaan mit\u00e4\u00e4n L\u00e4hetyksi\u00e4 (mukaan lukien kommentit tai arvostelut) mist\u00e4 tahansa syyst\u00e4.<\/p><p><strong>Tekij\u00e4noikeus<\/strong><\/p><p>Kaikki teksti, grafiikka, valokuvat tai muut kuvat, painikekuvakkeet, \u00e4\u00e4nileikkeet, logot, iskulauseet, kauppanimet tai sanaohjelmistot ja muu sis\u00e4lt\u00f6 miisoo.com-sivustolla (yhteisesti &quot;Sis\u00e4lt\u00f6&quot;), kuuluu yksinomaan miisoo.com-sivustolle tai sen asianmukaiset sis\u00e4ll\u00f6ntoimittajat. Et saa k\u00e4ytt\u00e4\u00e4, j\u00e4ljent\u00e4\u00e4, kopioida, muokata, l\u00e4hett\u00e4\u00e4, n\u00e4ytt\u00e4\u00e4, julkaista, myyd\u00e4, lisensoida, julkisesti esitt\u00e4\u00e4, jakaa tai kaupallisesti hy\u00f6dynt\u00e4\u00e4 mit\u00e4\u00e4n Sis\u00e4lt\u00f6\u00e4 tai muuten h\u00e4vitt\u00e4\u00e4 mit\u00e4\u00e4n Sis\u00e4lt\u00f6\u00e4 tavalla, jota miisoo.com ei salli, ilman miisoo.comin nimenomaista kirjallista lupaa. Tiedonlouhinnan, robottien tai vastaavien tiedonkeruu- ja poimintaty\u00f6kalujen k\u00e4ytt\u00f6 miisoo.com-sivustolla sek\u00e4 miisoo.com-tavaramerkkien tai palvelumerkkien k\u00e4ytt\u00f6 sis\u00e4ll\u00f6nkuvauskentiss\u00e4 on ehdottomasti kielletty. Voit tarkastella ja k\u00e4ytt\u00e4\u00e4 Sis\u00e4lt\u00f6\u00e4 vain henkil\u00f6kohtaisiin tietoihisi sek\u00e4 sivustolla ostamiseen ja tilaamiseen, etk\u00e4 mihink\u00e4\u00e4n muuhun tarkoitukseen. Jos satut t\u00f6rm\u00e4\u00e4m\u00e4\u00e4n sis\u00e4lt\u00f6\u00f6mme, jota is\u00e4nn\u00f6id\u00e4\u00e4n kolmannen osapuolen sivustolla, \u00e4l\u00e4 ep\u00e4r\u00f6i ottaa meihin yhteytt\u00e4 osoitteessa: service@miisoo.com. Voit my\u00f6s ottaa meihin yhteytt\u00e4 puhelimitse numeroon 010-56920098 klo 7\u201316 Pekingin paikallista aikaa tai postitse osoitteeseen: Diantong Shidai Guangchang Building #2 Suite D, 7 Jiuxianqiao Beilu, Chaoyang District, Peking, Kiina. Kaiken t\u00e4m\u00e4n sivuston sis\u00e4ll\u00f6n ker\u00e4\u00e4minen, j\u00e4rjest\u00e4minen ja kokoaminen (&quot;Kokotelma&quot;) kuuluvat yksinomaan miisoo.com-sivustolle. Et saa k\u00e4ytt\u00e4\u00e4 miisoo.comin sis\u00e4lt\u00f6\u00e4 tai kokoelmaa mill\u00e4\u00e4n tavalla, joka halventaa tai huonontaa miisoo.com-sivustoa, tai mill\u00e4\u00e4n tavalla, joka saattaa aiheuttaa sekaannusta tai rikkoa sovellettavia lakeja tai m\u00e4\u00e4r\u00e4yksi\u00e4. Kaikki t\u00e4ll\u00e4 Sivustolla k\u00e4ytetyt ohjelmistot (&quot;Ohjelmisto&quot;) ovat miisoo.com:n ja\/tai sen ohjelmistotoimittajien omaisuutta. Sis\u00e4lt\u00f6, kokoelma ja ohjelmisto ovat kaikki valtion, kansallisten ja kansainv\u00e4listen tekij\u00e4noikeuslakien suojaamia. Miisoo.com pid\u00e4tt\u00e4\u00e4 kaikki oikeudet, joita ei ole nimenomaisesti my\u00f6nnetty. Rikkomukset asetetaan syytteeseen t\u00e4ysim\u00e4\u00e4r\u00e4isesti lain mukaan.<\/p><p>miisoo.com tunnustaa ja kunnioittaa kaikkia tekij\u00e4noikeuksia ja tavaramerkkej\u00e4. Sellaisenaan television, elokuvan, musiikin, elokuvafestivaalien tai muiden nimien tai nimikkeiden k\u00e4yt\u00f6ll\u00e4 ei ole mit\u00e4\u00e4n yhteytt\u00e4 miisoo.com-sivustoon, ja ne ovat tekij\u00e4noikeuksien tai tavaramerkkien haltijoiden yksinomaista omaisuutta. Mekkomme ovat saaneet inspiraationsa julkkistyylist\u00e4, ja ne ovat luomutuotteita, joita julkkikset ovat k\u00e4ytt\u00e4neet suosikkitelevisio-ohjelmissasi ja punaisella matolla, mutta ne eiv\u00e4t ole valtuutettuja, tukemia tai liity n\u00e4ihin ohjelmiin mill\u00e4\u00e4n tavalla, eik\u00e4 niit\u00e4 ole tarkoitettu loukkauksiksi. rekister\u00f6idyist\u00e4 tavaramerkeist\u00e4 tai tekij\u00e4noikeuksista.<\/p><p><strong>Immateriaalioikeuksien loukkauspolitiikka<\/strong><\/p><p>Miisoo.comin politiikkana on ryhty\u00e4 tarvittaviin toimiin noudattaakseen ja tunnustaakseen kaikkia asiaankuuluvia osavaltion, liittovaltion ja kansainv\u00e4lisi\u00e4 lakeja materiaaliin liittyen, jonka v\u00e4itet\u00e4\u00e4n loukkaavan mit\u00e4 tahansa tavaramerkki\u00e4, tekij\u00e4noikeutta, patenttia ja kaikkia tai mit\u00e4 tahansa muita immateriaalioikeuksia koskevia lakeja. . Jos olet immateriaalioikeuksien omistaja ja uskot, ett\u00e4 miisoo.com myy, tarjoaa myyntiin tai asettaa saataville tavaroita ja\/tai palveluita, jotka loukkaavat immateriaalioikeuksiasi, l\u00e4het\u00e4 seuraavat tiedot kokonaisuudessaan service@miisoo.com:lle<br \/><strong>Tietoa tarvitaan<\/strong><br \/>1. Sen henkil\u00f6n s\u00e4hk\u00f6inen tai fyysinen allekirjoitus, joka on valtuutettu toimimaan v\u00e4itetysti loukatun yksinoikeuden omistajan puolesta;<br \/>2. Kuvaus v\u00e4itetysti loukkaavasta teoksesta tai materiaalista;<br \/>3. Kuvaus siit\u00e4, miss\u00e4 v\u00e4itetysti loukkaava materiaali sijaitsee sivustolla (tuotteiden URL-osoite);<br \/>4. Tiedot, jotka ovat kohtuudella riitt\u00e4v\u00e4t, jotta voimme ottaa sinuun yhteytt\u00e4, kuten osoitteesi, puhelinnumerosi ja s\u00e4hk\u00f6postiosoitteesi;<br \/>5. Sinun lausuntosi siit\u00e4, ett\u00e4 uskot vilpitt\u00f6m\u00e4sti, ett\u00e4 materiaalin kiistanalainen k\u00e4ytt\u00f6 ei ole tekij\u00e4noikeuden tai muun omistusoikeuden haltijan, sen edustajan tai lain valtuuttamaa;<br \/>6. Tunnistus immateriaalioikeuksista, joita v\u00e4it\u00e4t verkkosivuston loukkaavan (esim. &quot;XYZ-tekij\u00e4noikeus&quot;, &quot;ABC-tavaramerkki, Reg. No. 123456, rekister\u00f6ity 1.1.2004&quot; jne.); ja<br \/>7. Sinun lausuntosi siit\u00e4, ett\u00e4 yll\u00e4 olevat tiedot ja ilmoitus ovat oikeita ja ett\u00e4 olet v\u00e4\u00e4r\u00e4st\u00e4 valasta rangaistava, ett\u00e4 olet tekij\u00e4noikeuksien omistaja tai valtuutettu toimimaan sen omistajan puolesta, jonka yksinoikeutta v\u00e4itet\u00e4\u00e4n loukatun.<\/p><p><strong>Irtisanominen ja irtisanomisen vaikutus<\/strong><\/p><p>Muiden laillisten tai oikeudenmukaisten oikeuskeinojen lis\u00e4ksi miisoo.com voi ilman ennakkoilmoitusta v\u00e4litt\u00f6m\u00e4sti irtisanoa Sopimuksen tai peruuttaa mink\u00e4 tahansa tai kaikki t\u00e4m\u00e4n Sopimuksen nojalla my\u00f6nnetyt oikeutesi. Kun t\u00e4m\u00e4 sopimus irtisanotaan, sinun tulee v\u00e4litt\u00f6m\u00e4sti lopettaa p\u00e4\u00e4sy sivustolle ja miisoo.comin tulee muiden laillisten tai oikeudenmukaisten oikeuskeinojen lis\u00e4ksi v\u00e4litt\u00f6m\u00e4sti peruuttaa kaikki sinulle ja sinulle my\u00f6nnetyt salasanat ja tilitunnisteet. kielt\u00e4\u00e4 p\u00e4\u00e4sysi t\u00e4lle Sivustolle kokonaan tai osittain. T\u00e4m\u00e4n sopimuksen irtisanominen ei vaikuta osapuolten oikeuksiin ja velvollisuuksiin (mukaan lukien rajoituksetta maksuvelvoitteet), jotka ovat syntyneet ennen irtisanomisp\u00e4iv\u00e4\u00e4.<\/p><p><strong>Vastuuvapauslauseke ja vastuunrajoitus<\/strong><\/p><p>PAITSI MUUTOIN MYYNTIEHDOT, JOTKA S\u00c4\u00c4NT\u00c4V\u00c4T JOKAISTA T\u00c4M\u00c4N SIVUSTON TUOTTEITA, T\u00c4M\u00c4N SIVUSTOA, SILL\u00c4 MYYNT\u00c4\u00c4N TARJOTUT TUOTTEET JA SEN KAUTTA TAPAHTUMAT TAPAHTUMAT &quot;TOIMITTAA&quot;iANBASIS.com . miisoo.com EI ANNA MIT\u00c4\u00c4N NIMENOMAISTA TAI OLUETTUA ESITYST\u00c4 TAI TAKUITA SIVUSTON TOIMINTA TAI T\u00c4M\u00c4N SIVUSTOON SIS\u00c4LLYTETTYJ\u00c4 TIEDOT, SIS\u00c4LT\u00d6, MATERIAALIT TAI TUOTTEET, EI T\u00c4SS\u00c4 ON MY\u00d6NNITETTY. miisoo.com KIIST\u00c4\u00c4 KAIKISTA TAKUISTA, NIMENOMAISISTA TAI OLUETTEISTA, MUKAAN MUKAAN MUKAAN MUKAAN MUKAAN RAJOITTUMAT TAKUUT MYYNTIKELPOISUUDESTA JA TIETTYYN TARKOITUKSEEN SOVELTUVUUDESTA, LOUKKAMATTOMUKSESTA, OMISTUKSISTA, HILJAISTA NAUTIMUSTA. T\u00c4M\u00c4 SIVU VOI SIS\u00c4LT\u00c4\u00c4 EP\u00c4TARKKUUKSIA, VIRHEIT\u00c4 TAI TYPOGRAFIAVIRHEIT\u00c4. miisoo.com EI TAKAA, ETT\u00c4 SIS\u00c4LT\u00d6 ON KESKEYTT\u00d6\u00d6N TAI VIRHEETT\u00d6M\u00c4N. LAIN SALLIMAA M\u00c4\u00c4R\u00c4SS\u00c4, miisoo.com EI OLE VASTUUSSA MISS\u00c4\u00c4N T\u00c4M\u00c4N SIVUSTON K\u00c4YT\u00d6ST\u00c4 JOHTUVISTA VAHINGOISTA, MUKAANLUUN MUKAAN MUKAAN MUKAAN RAJOITTAMISTA EP\u00c4SUORISTA, SATUNNAISISTA, RANGAISTUKSISTA, TAI SEURAAMUKSISTA. SOVELLETTAVAN LAIN SALLITTAMAAN SUURIMMAAN miisoo.comin KOKONAISVASTUU SINUA KOSKEVAT VAHINGOISTA (TOIMINNAN S\u00c4\u00c4TI\u00d6ST\u00c4 RIIPPUMATTA) EI OLE YLIMIT\u00c4\u00c4N YHTEENS\u00c4 B. MONIDACTUURYF. V\u00c4LITT\u00d6M\u00c4STI EDELT\u00c4V\u00c4 TOIMINTA, JOKA V\u00c4ITET\u00c4\u00c4N AIHEUTTAA miisoo.comin VASTUUN.<\/p><p><strong>Tilauksen hyv\u00e4ksyminen<\/strong><\/p><p>Huomaa, ett\u00e4 tiettyj\u00e4 tilauksia emme voi hyv\u00e4ksy\u00e4 ja ne on peruutettava. miisoo.com pid\u00e4tt\u00e4\u00e4 oikeuden oman harkintansa mukaan kielt\u00e4yty\u00e4 tai peruuttaa tilaus mist\u00e4 tahansa syyst\u00e4. Joitakin tilanteita, jotka voivat johtaa tilauksesi peruuttamiseen, ovat ostettavissa olevien m\u00e4\u00e4rien rajoitukset, tuote- tai hintatietojen ep\u00e4tarkkuudet tai virheet tai luotto- ja petostentorjuntaosastomme havaitsemat ongelmat. Saatamme my\u00f6s vaatia lis\u00e4tarkastuksia tai -tietoja ennen tilauksen hyv\u00e4ksymist\u00e4. Otamme sinuun yhteytt\u00e4, jos tilauksesi peruutetaan kokonaan tai osittain tai jos tilauksesi hyv\u00e4ksymiseen tarvitaan lis\u00e4tietoja.<\/p><p><strong>Nimikkeen siirto<\/strong><\/p><p>Omistusoikeus tilauksessasi oleviin tuotteisiin siirtyy sinulle, kun tuotteet l\u00e4htev\u00e4t varastoltamme ja ne toimitetaan rahdinkuljettajalle l\u00e4hetett\u00e4v\u00e4ksi tilauksessasi ilmoittamaasi osoitteeseen. My\u00f6s kaikki tuotteisiin liittyv\u00e4t vastuut ja riskit siirtyv\u00e4t sinulle silloin. Tekem\u00e4ll\u00e4 tilauksen t\u00e4ll\u00e4 sivustolla valtuutat MIISOO LIMITED:n k\u00e4ytt\u00e4m\u00e4\u00e4n kolmannen osapuolen toimituspalveluita puolestasi.<\/p><p><strong>Typografiset virheet<\/strong><\/p><p>Vaikka miisoo.com pyrkii tarjoamaan tarkat tuote- ja hintatiedot, hinnoittelu- tai painovirheit\u00e4 saattaa esiinty\u00e4. miisoo.com ei voi vahvistaa tuotteen hintaa ennen kuin olet tilannut. Mik\u00e4li tuote on listattu v\u00e4\u00e4r\u00e4ll\u00e4 hinnalla tai virheellisill\u00e4 tiedoilla hinnoittelu- tai tuotetietojen virheen vuoksi, miisoo.comilla on oikeus oman harkintansa mukaan kielt\u00e4yty\u00e4 tai peruuttaa kyseiselle tuotteelle tehdyt tilaukset. Jos tuote on hinnoiteltu v\u00e4\u00e4rin, miisoo.com voi harkintamme mukaan joko ottaa sinuun yhteytt\u00e4 saadaksesi ohjeita tai peruuttaa tilauksesi ja ilmoittaa sinulle t\u00e4llaisesta peruutuksesta.<\/p><p><strong>Hinnoittelu eri valuutoissa<\/strong><\/p><p>Miisoo.comin myymien tuotteiden hinnoittelu perustuu Yhdysvaltain dollareissa (US$) laskettuihin lukuihin. Muissa valuutoissa n\u00e4kyv\u00e4t hinnat on muunnettu Yhdysvaltain dollareista uusimpien vaihtokurssien mukaan. Vaihtelevien valuutta-arvojen vuoksi hinnat, jotka n\u00e4kyv\u00e4t Sivustolla muissa kuin Yhdysvaltojen valuuttam\u00e4\u00e4riss\u00e4, paitsi yksitt\u00e4isell\u00e4 tuotesivulla, eiv\u00e4t v\u00e4ltt\u00e4m\u00e4tt\u00e4 ole uusimpia. Sivuston alueita, joilla Yhdysvaltojen ulkopuoliset valuutat saattavat olla ep\u00e4tarkkoja, ovat muun muassa mainosbannerit, mainossivut ja tuoteluokkasivujen tiedot. Yksitt\u00e4isell\u00e4 tuotesivulla n\u00e4kyv\u00e4 hinta valuuttam\u00e4\u00e4r\u00e4st\u00e4 riippumatta on nykyinen hinta, jonka olet velvollinen maksamaan miisoo.com-sivustolle, mukaan lukien toimituskulut.<\/p><p>T\u00e4m\u00e4 sivusto saattaa sis\u00e4lt\u00e4\u00e4 linkkej\u00e4 muille kolmansien osapuolten omistamille ja yll\u00e4pit\u00e4mille Internet-sivustoille. Ymm\u00e4rr\u00e4t, ett\u00e4 miisoo.com ei ole vastuussa mink\u00e4\u00e4n t\u00e4llaisen sivuston toiminnasta tai sis\u00e4ll\u00f6st\u00e4, joka sijaitsee sellaisilla sivustoilla tai niiden kautta.<br \/>Korjauskeinot<\/p><p>Hyv\u00e4ksyt, ett\u00e4 miisoo.com:n lakis\u00e4\u00e4teinen oikeussuojakeino t\u00e4m\u00e4n Sopimuksen todellisen tai uhan rikkomisen varalta olisi riitt\u00e4m\u00e4t\u00f6n ja ett\u00e4 miisoo.com on oikeutettu tiettyyn suoritukseen tai kieltom\u00e4\u00e4r\u00e4yksiin tai molempiin, mink\u00e4 tahansa miisoo.com-sivuston mahdollisesti aiheuttamien vahinkojen lis\u00e4ksi. laillisesti oikeutettu perim\u00e4\u00e4n kaikenlaisen riidanratkaisun kohtuulliset kulut, mukaan lukien rajoituksetta asianajopalkkiot.<\/p><p>Mik\u00e4\u00e4n miisoo.com-sivuston oikeus tai oikeussuojakeino ei sulje pois mit\u00e4\u00e4n muuta, joko lain tai p\u00e4\u00e4oman perusteella, mukaan lukien rajoituksetta vahingonkorvauskielto, asianajajien palkkiot ja kulut.<\/p>\t\t\t\t\t\t\t\t<\/div>\n\t\t\t\t<\/div>\n\t\t\t\t\t<\/div>\n\t\t<\/div>\n\t\t\t\t<div class=\"elementor-column elementor-col-25 elementor-top-column elementor-element elementor-element-df603f8\" data-id=\"df603f8\" data-element_type=\"column\">\n\t\t\t<div class=\"elementor-widget-wrap\">\n\t\t\t\t\t\t\t<\/div>\n\t\t<\/div>\n\t\t\t\t\t<\/div>\n\t\t<\/section>\n\t\t\t\t<\/div>","protected":false},"excerpt":{"rendered":"<p>Accessing, browsing, or otherwise using the site indicates your agreement to all the terms and conditions in this agreement. Please read this agreement carefully before proceeding. Use of Site: You represent and warrant that you are at least 18 years old or visiting the Site under the supervision of a parent or guardian. Subject to&hellip;<\/p>","protected":false},"author":455,"featured_media":0,"parent":0,"menu_order":0,"comment_status":"closed","ping_status":"open","template":"","meta":{"footnotes":""},"class_list":["post-4358","page","type-page","status-publish","hentry"],"yoast_head":"<!-- This site is optimized with the Yoast SEO Premium plugin v22.6 (Yoast SEO v22.9) - https:\/\/yoast.com\/wordpress\/plugins\/seo\/ -->\n<title>Terms &amp; Conditions |Cheap Real Sex Dolls | Miisoo<\/title>\n<meta name=\"description\" content=\"Review Miisoo&#039;s Transparent Terms &amp; Conditions. Shop Confidently for Cheap Real Sex Dolls. Your Satisfaction, Our Commitment at Miisoo. Check It Online Now\" \/>\n<meta name=\"robots\" content=\"index, follow, max-snippet:-1, max-image-preview:large, max-video-preview:-1\" \/>\n<link rel=\"canonical\" href=\"https:\/\/www.miisoo.com\/fi\/terms-conditions\/\" \/>\n<meta property=\"og:locale\" content=\"fi_FI\" \/>\n<meta property=\"og:type\" content=\"article\" \/>\n<meta property=\"og:title\" content=\"Terms and Conditions\" \/>\n<meta property=\"og:description\" content=\"Review Miisoo&#039;s Transparent Terms &amp; Conditions. Shop Confidently for Cheap Real Sex Dolls. Your Satisfaction, Our Commitment at Miisoo. Check It Online Now\" \/>\n<meta property=\"og:url\" content=\"https:\/\/www.miisoo.com\/fi\/terms-conditions\/\" \/>\n<meta property=\"og:site_name\" content=\"MiisooDoll\" \/>\n<meta property=\"article:publisher\" content=\"https:\/\/www.facebook.com\/miisoodoll\" \/>\n<meta property=\"article:modified_time\" content=\"2023-12-22T12:17:14+00:00\" \/>\n<meta name=\"twitter:card\" content=\"summary_large_image\" \/>\n<meta name=\"twitter:site\" content=\"@MiisooSexDolls\" \/>\n<meta name=\"twitter:label1\" content=\"Arvioitu lukuaika\" \/>\n\t<meta name=\"twitter:data1\" content=\"10 minuuttia\" \/>\n<!-- \/ Yoast SEO Premium plugin. -->","yoast_head_json":{"title":"Terms & Conditions |Cheap Real Sex Dolls | Miisoo","description":"Review Miisoo's Transparent Terms & Conditions. Shop Confidently for Cheap Real Sex Dolls. Your Satisfaction, Our Commitment at Miisoo. Check It Online Now","robots":{"index":"index","follow":"follow","max-snippet":"max-snippet:-1","max-image-preview":"max-image-preview:large","max-video-preview":"max-video-preview:-1"},"canonical":"https:\/\/www.miisoo.com\/fi\/terms-conditions\/","og_locale":"fi_FI","og_type":"article","og_title":"Terms and Conditions","og_description":"Review Miisoo's Transparent Terms & Conditions. Shop Confidently for Cheap Real Sex Dolls. Your Satisfaction, Our Commitment at Miisoo. Check It Online Now","og_url":"https:\/\/www.miisoo.com\/fi\/terms-conditions\/","og_site_name":"MiisooDoll","article_publisher":"https:\/\/www.facebook.com\/miisoodoll","article_modified_time":"2023-12-22T12:17:14+00:00","twitter_card":"summary_large_image","twitter_site":"@MiisooSexDolls","twitter_misc":{"Arvioitu lukuaika":"10 minuuttia"},"schema":{"@context":"https:\/\/schema.org","@graph":[{"@type":"WebPage","@id":"https:\/\/www.miisoo.com\/terms-conditions\/","url":"https:\/\/www.miisoo.com\/terms-conditions\/","name":"Terms & Conditions |Cheap Real Sex Dolls | Miisoo","isPartOf":{"@id":"https:\/\/www.miisoo.com\/#website"},"datePublished":"2020-09-14T07:34:47+00:00","dateModified":"2023-12-22T12:17:14+00:00","description":"Review Miisoo's Transparent Terms & Conditions. Shop Confidently for Cheap Real Sex Dolls. Your Satisfaction, Our Commitment at Miisoo. Check It Online Now","breadcrumb":{"@id":"https:\/\/www.miisoo.com\/terms-conditions\/#breadcrumb"},"inLanguage":"fi","potentialAction":[{"@type":"ReadAction","target":["https:\/\/www.miisoo.com\/terms-conditions\/"]}]},{"@type":"BreadcrumbList","@id":"https:\/\/www.miisoo.com\/terms-conditions\/#breadcrumb","itemListElement":[{"@type":"ListItem","position":1,"name":"Home","item":"https:\/\/www.miisoo.com\/"},{"@type":"ListItem","position":2,"name":"Terms and Conditions"}]},{"@type":"WebSite","@id":"https:\/\/www.miisoo.com\/#website","url":"https:\/\/www.miisoo.com\/","name":"MiisooDoll","description":"Sexual Doll, Real Sex Dolls, Love Doll, Best Sex Dolls","publisher":{"@id":"https:\/\/www.miisoo.com\/#organization"},"potentialAction":[{"@type":"SearchAction","target":{"@type":"EntryPoint","urlTemplate":"https:\/\/www.miisoo.com\/?s={search_term_string}"},"query-input":"required name=search_term_string"}],"inLanguage":"fi"},{"@type":"Organization","@id":"https:\/\/www.miisoo.com\/#organization","name":"MiisooDoll","url":"https:\/\/www.miisoo.com\/","logo":{"@type":"ImageObject","inLanguage":"fi","@id":"https:\/\/www.miisoo.com\/#\/schema\/logo\/image\/","url":"https:\/\/www.miisoo.com\/wp-content\/uploads\/2020\/09\/logo-botton.png","contentUrl":"https:\/\/www.miisoo.com\/wp-content\/uploads\/2020\/09\/logo-botton.png","width":181,"height":42,"caption":"MiisooDoll"},"image":{"@id":"https:\/\/www.miisoo.com\/#\/schema\/logo\/image\/"},"sameAs":["https:\/\/www.facebook.com\/miisoodoll","https:\/\/x.com\/MiisooSexDolls"]}]}},"_links":{"self":[{"href":"https:\/\/www.miisoo.com\/fi\/wp-json\/wp\/v2\/pages\/4358","targetHints":{"allow":["GET"]}}],"collection":[{"href":"https:\/\/www.miisoo.com\/fi\/wp-json\/wp\/v2\/pages"}],"about":[{"href":"https:\/\/www.miisoo.com\/fi\/wp-json\/wp\/v2\/types\/page"}],"author":[{"embeddable":true,"href":"https:\/\/www.miisoo.com\/fi\/wp-json\/wp\/v2\/users\/455"}],"replies":[{"embeddable":true,"href":"https:\/\/www.miisoo.com\/fi\/wp-json\/wp\/v2\/comments?post=4358"}],"version-history":[{"count":4,"href":"https:\/\/www.miisoo.com\/fi\/wp-json\/wp\/v2\/pages\/4358\/revisions"}],"predecessor-version":[{"id":34674,"href":"https:\/\/www.miisoo.com\/fi\/wp-json\/wp\/v2\/pages\/4358\/revisions\/34674"}],"wp:attachment":[{"href":"https:\/\/www.miisoo.com\/fi\/wp-json\/wp\/v2\/media?parent=4358"}],"curies":[{"name":"wp","href":"https:\/\/api.w.org\/{rel}","templated":true}]}}