{"id":4339,"date":"2020-09-14T14:46:29","date_gmt":"2020-09-14T06:46:29","guid":{"rendered":"http:\/\/miisoo.com\/?page_id=4339"},"modified":"2023-12-22T20:20:26","modified_gmt":"2023-12-22T12:20:26","slug":"intelligent-pronunciation-heating-system","status":"publish","type":"page","link":"https:\/\/www.miisoo.com\/fi\/intelligent-pronunciation-heating-system\/","title":{"rendered":"\u00c4lyk\u00e4s \u00e4\u00e4nt\u00e4minen l\u00e4mmitysj\u00e4rjestelm\u00e4"},"content":{"rendered":"<div data-elementor-type=\"wp-post\" data-elementor-id=\"4339\" class=\"elementor elementor-4339\" data-elementor-post-type=\"page\">\n\t\t\t\t\t\t<section class=\"elementor-section elementor-top-section elementor-element elementor-element-499101e2 elementor-section-full_width elementor-section-stretched elementor-section-height-default elementor-section-height-default\" data-id=\"499101e2\" data-element_type=\"section\" data-settings=\"{&quot;stretch_section&quot;:&quot;section-stretched&quot;}\">\n\t\t\t\t\t\t<div class=\"elementor-container elementor-column-gap-no\">\n\t\t\t\t\t<div class=\"elementor-column elementor-col-100 elementor-top-column elementor-element elementor-element-3ca9cf60\" data-id=\"3ca9cf60\" data-element_type=\"column\">\n\t\t\t<div class=\"elementor-widget-wrap elementor-element-populated\">\n\t\t\t\t\t\t<div class=\"elementor-element elementor-element-54251667 elementor-widget elementor-widget-image\" data-id=\"54251667\" data-element_type=\"widget\" data-widget_type=\"image.default\">\n\t\t\t\t<div class=\"elementor-widget-container\">\n\t\t\t\t\t\t\t\t\t\t\t\t\t\t\t<img fetchpriority=\"high\" decoding=\"async\" width=\"1536\" height=\"480\" src=\"https:\/\/www.miisoo.com\/wp-content\/uploads\/2020\/12\/banner-sex-doll-1.jpg\" class=\"attachment-full size-full wp-image-7398\" alt=\"\" srcset=\"https:\/\/www.miisoo.com\/wp-content\/uploads\/2020\/12\/banner-sex-doll-1.jpg 1536w, https:\/\/www.miisoo.com\/wp-content\/uploads\/2020\/12\/banner-sex-doll-1-300x94.jpg 300w, https:\/\/www.miisoo.com\/wp-content\/uploads\/2020\/12\/banner-sex-doll-1-1024x320.jpg 1024w, https:\/\/www.miisoo.com\/wp-content\/uploads\/2020\/12\/banner-sex-doll-1-768x240.jpg 768w, https:\/\/www.miisoo.com\/wp-content\/uploads\/2020\/12\/banner-sex-doll-1-370x116.jpg 370w, https:\/\/www.miisoo.com\/wp-content\/uploads\/2020\/12\/banner-sex-doll-1-600x188.jpg 600w\" sizes=\"(max-width: 1536px) 100vw, 1536px\" \/>\t\t\t\t\t\t\t\t\t\t\t\t\t\t\t<\/div>\n\t\t\t\t<\/div>\n\t\t\t\t<div class=\"elementor-element elementor-element-a61e060 elementor-widget elementor-widget-spacer\" data-id=\"a61e060\" data-element_type=\"widget\" data-widget_type=\"spacer.default\">\n\t\t\t\t<div class=\"elementor-widget-container\">\n\t\t\t\t\t\t\t<div class=\"elementor-spacer\">\n\t\t\t<div class=\"elementor-spacer-inner\"><\/div>\n\t\t<\/div>\n\t\t\t\t\t\t<\/div>\n\t\t\t\t<\/div>\n\t\t\t\t\t<\/div>\n\t\t<\/div>\n\t\t\t\t\t<\/div>\n\t\t<\/section>\n\t\t\t\t<section class=\"elementor-section elementor-top-section elementor-element elementor-element-3ff6745a elementor-section-boxed elementor-section-height-default elementor-section-height-default\" data-id=\"3ff6745a\" data-element_type=\"section\">\n\t\t\t\t\t\t<div class=\"elementor-container elementor-column-gap-extended\">\n\t\t\t\t\t<div class=\"elementor-column elementor-col-33 elementor-top-column elementor-element elementor-element-5847672a\" data-id=\"5847672a\" data-element_type=\"column\">\n\t\t\t<div class=\"elementor-widget-wrap\">\n\t\t\t\t\t\t\t<\/div>\n\t\t<\/div>\n\t\t\t\t<div class=\"elementor-column elementor-col-33 elementor-top-column elementor-element elementor-element-31cd9c6a\" data-id=\"31cd9c6a\" data-element_type=\"column\">\n\t\t\t<div class=\"elementor-widget-wrap elementor-element-populated\">\n\t\t\t\t\t\t<div class=\"elementor-element elementor-element-4596bb93 elementor-widget elementor-widget-heading\" data-id=\"4596bb93\" data-element_type=\"widget\" data-widget_type=\"heading.default\">\n\t\t\t\t<div class=\"elementor-widget-container\">\n\t\t\t\t\t<h1 class=\"elementor-heading-title elementor-size-large\">\u00c4lyk\u00e4s \u00e4\u00e4nt\u00e4minen ja l\u00e4mmitysj\u00e4rjestelm\u00e4<\/h1>\t\t\t\t<\/div>\n\t\t\t\t<\/div>\n\t\t\t\t<div class=\"elementor-element elementor-element-24950485 elementor-widget elementor-widget-spacer\" data-id=\"24950485\" data-element_type=\"widget\" data-widget_type=\"spacer.default\">\n\t\t\t\t<div class=\"elementor-widget-container\">\n\t\t\t\t\t\t\t<div class=\"elementor-spacer\">\n\t\t\t<div class=\"elementor-spacer-inner\"><\/div>\n\t\t<\/div>\n\t\t\t\t\t\t<\/div>\n\t\t\t\t<\/div>\n\t\t\t\t<div class=\"elementor-element elementor-element-ac8375b elementor-widget elementor-widget-heading\" data-id=\"ac8375b\" data-element_type=\"widget\" data-widget_type=\"heading.default\">\n\t\t\t\t<div class=\"elementor-widget-container\">\n\t\t\t\t\t<h2 class=\"elementor-heading-title elementor-size-default\">Jos et ole aivan valmis AI Sex Doll Robotille \u2013 Smart Doll on ihanteellinen valinta. (kosketusanturit, interaktiivinen \u00e4\u00e4ni + kehon l\u00e4mp\u00f6tilan s\u00e4\u00e4t\u00f6) MIISOO Smart Doll on verrattavissa mihin tahansa korkealaatuiseen TPE-seksinukkeun (kuten WM-nukke), mutta sill\u00e4 on ominaisuuksia, joita muilla seksinukeilla ei ole samaan hintaan:<\/h2>\t\t\t\t<\/div>\n\t\t\t\t<\/div>\n\t\t\t\t<div class=\"elementor-element elementor-element-2362e4d6 elementor-widget elementor-widget-spacer\" data-id=\"2362e4d6\" data-element_type=\"widget\" data-widget_type=\"spacer.default\">\n\t\t\t\t<div class=\"elementor-widget-container\">\n\t\t\t\t\t\t\t<div class=\"elementor-spacer\">\n\t\t\t<div class=\"elementor-spacer-inner\"><\/div>\n\t\t<\/div>\n\t\t\t\t\t\t<\/div>\n\t\t\t\t<\/div>\n\t\t\t\t<div class=\"elementor-element elementor-element-d352fa4 elementor-widget elementor-widget-text-editor\" data-id=\"d352fa4\" data-element_type=\"widget\" data-widget_type=\"text-editor.default\">\n\t\t\t\t<div class=\"elementor-widget-container\">\n\t\t\t\t\t\t\t\t\t<h3><strong>Kosketusanturit seksinukkenaisten orgasmin \u00e4\u00e4neen<\/strong><\/h3><p>\u00c4lyk\u00e4s voihkaisuj\u00e4rjestelm\u00e4 kehon antureilla, mukaan lukien a\u00a0<em>em\u00e4ttimen anturi<\/em>,<em>\u00a0vasen rintatunnistin, oikea rintatunnistin<\/em>(sis\u00e4ll\u00e4 on \u00e4\u00e4nt\u00e4mismerkit),\u00a0<strong>Kuinka k\u00e4ytt\u00e4\u00e4:\u00a0<\/strong>Ole hyv\u00e4 ja k\u00e4ynnist\u00e4 \u00e4lyk\u00e4s moaning-j\u00e4rjestelm\u00e4. joka reagoi kosketukseen em\u00e4ttimen, rintojen eroottisilla seksuaalisilla voihkimisreaktioilla \u2013 tied\u00e4t milloin miellyt\u00e4t h\u00e4nt\u00e4. H\u00e4nen eritt\u00e4in seksuaalinen ja intiimi \u00e4\u00e4nivaste antaa sinun nauttia \u00e4\u00e4rimm\u00e4isest\u00e4 orgasmista. Kun et k\u00e4yt\u00e4, kytke t\u00e4m\u00e4 painike pois p\u00e4\u00e4lt\u00e4.<\/p>\t\t\t\t\t\t\t\t<\/div>\n\t\t\t\t<\/div>\n\t\t\t\t<div class=\"elementor-element elementor-element-7698c75 elementor-widget elementor-widget-text-editor\" data-id=\"7698c75\" data-element_type=\"widget\" data-widget_type=\"text-editor.default\">\n\t\t\t\t<div class=\"elementor-widget-container\">\n\t\t\t\t\t\t\t\t\t<h3><strong>Kehon l\u00e4mp\u00f6tilan s\u00e4\u00e4t\u00f6j\u00e4rjestelm\u00e4 naisten seksinukkeille<\/strong><\/h3><p>Paina kehon l\u00e4mp\u00f6tila + ohjausn\u00e4pp\u00e4int\u00e4 nostaaksesi laitteen 90 asteeseen, vastaava nuken fyysinen l\u00e4mp\u00f6tila voi olla 45,0 C (nukke on kuuma), suosittelemme nostamaan laitteen l\u00e4mp\u00f6tilan 75 asteeseen, joka vastaa fyysist\u00e4 l\u00e4mp\u00f6tilaa. nuken l\u00e4mp\u00f6tila noin 35, mik\u00e4 on l\u00e4hell\u00e4 ihmiskehon normaalia l\u00e4mp\u00f6tilaa. Kuumenna nuken fyysinen l\u00e4mp\u00f6tila normaaliin kehon l\u00e4mp\u00f6tilaan 36,0-40 C (laitteen l\u00e4mp\u00f6tila n\u00e4ytt\u00e4\u00e4: 75,0-90,0 astetta). L\u00e4heisyys l\u00e4mpim\u00e4n kehon kanssa tuo kokemuksen uudelle realistisuuden ja mukavuuden tasolle \u2013 aivan kuin olisin oikean tyt\u00f6n vieress\u00e4.<\/p>\t\t\t\t\t\t\t\t<\/div>\n\t\t\t\t<\/div>\n\t\t\t\t<div class=\"elementor-element elementor-element-4c51eb7 elementor-widget elementor-widget-text-editor\" data-id=\"4c51eb7\" data-element_type=\"widget\" data-widget_type=\"text-editor.default\">\n\t\t\t\t<div class=\"elementor-widget-container\">\n\t\t\t\t\t\t\t\t\t<p>Yleisin toteutus on niskan takaa tai k\u00e4sivarren alta ulottuva s\u00e4hk\u00f6pistoke. Ennen k\u00e4ytt\u00f6\u00e4 k\u00e4ytt\u00e4j\u00e4 vain kytkee seksinukkensa pistorasiaan MAX 25 minuutiksi, jotta seksinukke l\u00e4mpenee.<\/p>\n<p>Testaamme t\u00e4t\u00e4 ominaisuutta useita kertoja ennen paketin l\u00e4hett\u00e4mist\u00e4. Tarkista sen sis\u00e4inen l\u00e4mp\u00f6tila ennen tunkeutumista \u00e4l\u00e4k\u00e4 j\u00e4t\u00e4 nukkeasi kiinni sein\u00e4\u00e4n pidemp\u00e4\u00e4n kuin suositeltu 25 minuuttia. Nukkeinsin\u00f6\u00f6rimme on suunnitellut ylilataustoiminnon, se katkaisee s\u00e4hk\u00f6n kun se saavuttaa tietyn l\u00e4mp\u00f6tilan.<\/p>\t\t\t\t\t\t\t\t<\/div>\n\t\t\t\t<\/div>\n\t\t\t\t<div class=\"elementor-element elementor-element-147a326 elementor-widget elementor-widget-text-editor\" data-id=\"147a326\" data-element_type=\"widget\" data-widget_type=\"text-editor.default\">\n\t\t\t\t<div class=\"elementor-widget-container\">\n\t\t\t\t\t\t\t\t\t<p><strong>HUOMAUTUS:<\/strong>\u00a0Vaikka l\u00e4mmitysj\u00e4rjestelm\u00e4ss\u00e4mme on ylilataustoiminto, muista sammuttaa koko kehon l\u00e4mmitys nuken k\u00e4yt\u00f6n j\u00e4lkeen. Jos j\u00e4t\u00e4t sen p\u00e4\u00e4lle liian pitk\u00e4ksi aikaa, nukkesi voi vahingoittua. L\u00e4mmitys on kytkett\u00e4v\u00e4 pois p\u00e4\u00e4lt\u00e4 manuaalisesti.<\/p>\t\t\t\t\t\t\t\t<\/div>\n\t\t\t\t<\/div>\n\t\t\t\t<div class=\"elementor-element elementor-element-5873c051 elementor-widget elementor-widget-spacer\" data-id=\"5873c051\" data-element_type=\"widget\" data-widget_type=\"spacer.default\">\n\t\t\t\t<div class=\"elementor-widget-container\">\n\t\t\t\t\t\t\t<div class=\"elementor-spacer\">\n\t\t\t<div class=\"elementor-spacer-inner\"><\/div>\n\t\t<\/div>\n\t\t\t\t\t\t<\/div>\n\t\t\t\t<\/div>\n\t\t\t\t\t<\/div>\n\t\t<\/div>\n\t\t\t\t<div class=\"elementor-column elementor-col-33 elementor-top-column elementor-element elementor-element-5e91253d\" data-id=\"5e91253d\" data-element_type=\"column\">\n\t\t\t<div class=\"elementor-widget-wrap\">\n\t\t\t\t\t\t\t<\/div>\n\t\t<\/div>\n\t\t\t\t\t<\/div>\n\t\t<\/section>\n\t\t\t\t<section class=\"elementor-section elementor-top-section elementor-element elementor-element-16c58fea elementor-section-boxed elementor-section-height-default elementor-section-height-default\" data-id=\"16c58fea\" data-element_type=\"section\">\n\t\t\t\t\t\t<div class=\"elementor-container elementor-column-gap-default\">\n\t\t\t\t\t<div class=\"elementor-column elementor-col-100 elementor-top-column elementor-element elementor-element-74ba8617\" data-id=\"74ba8617\" data-element_type=\"column\">\n\t\t\t<div class=\"elementor-widget-wrap elementor-element-populated\">\n\t\t\t\t\t\t<div class=\"elementor-element elementor-element-312fc24e elementor-widget elementor-widget-spacer\" data-id=\"312fc24e\" data-element_type=\"widget\" data-widget_type=\"spacer.default\">\n\t\t\t\t<div class=\"elementor-widget-container\">\n\t\t\t\t\t\t\t<div class=\"elementor-spacer\">\n\t\t\t<div class=\"elementor-spacer-inner\"><\/div>\n\t\t<\/div>\n\t\t\t\t\t\t<\/div>\n\t\t\t\t<\/div>\n\t\t\t\t\t<\/div>\n\t\t<\/div>\n\t\t\t\t\t<\/div>\n\t\t<\/section>\n\t\t\t\t<\/div>","protected":false},"excerpt":{"rendered":"<p>Intelligent Pronunciation &amp; Heating System If Not quite ready for an AI Sex Doll Robot \u2013 the Smart Doll is an ideal choice. (Touch sensors Interactive Voice + Body Temperature Control ) MIISOO Smart Doll is comparable to any high-quality TPE Sex Doll (like a WM Doll) but with features that other sex dolls do&hellip;<\/p>","protected":false},"author":455,"featured_media":0,"parent":0,"menu_order":0,"comment_status":"closed","ping_status":"closed","template":"template-full-width.php","meta":{"footnotes":""},"class_list":["post-4339","page","type-page","status-publish","hentry"],"yoast_head":"<!-- This site is optimized with the Yoast SEO Premium plugin v22.6 (Yoast SEO v22.9) - https:\/\/yoast.com\/wordpress\/plugins\/seo\/ -->\n<title>Intelligent Pronunciation Heating System - MiisooDoll<\/title>\n<meta name=\"description\" content=\"Achieve linguistic excellence with MiisooDoll&#039;s Pronunciation Heating System. Precision in every spoken word. Clear, concise, confident speech with MiisooDoll&#039;s\" \/>\n<meta name=\"robots\" content=\"index, follow, max-snippet:-1, max-image-preview:large, max-video-preview:-1\" \/>\n<link rel=\"canonical\" href=\"https:\/\/www.miisoo.com\/fi\/intelligent-pronunciation-heating-system\/\" \/>\n<meta property=\"og:locale\" content=\"fi_FI\" \/>\n<meta property=\"og:type\" content=\"article\" \/>\n<meta property=\"og:title\" content=\"Intelligent Pronunciation Heating System\" \/>\n<meta property=\"og:description\" content=\"Achieve linguistic excellence with MiisooDoll&#039;s Pronunciation Heating System. Precision in every spoken word. Clear, concise, confident speech with MiisooDoll&#039;s\" \/>\n<meta property=\"og:url\" content=\"https:\/\/www.miisoo.com\/fi\/intelligent-pronunciation-heating-system\/\" \/>\n<meta property=\"og:site_name\" content=\"MiisooDoll\" \/>\n<meta property=\"article:publisher\" content=\"https:\/\/www.facebook.com\/miisoodoll\" \/>\n<meta property=\"article:modified_time\" content=\"2023-12-22T12:20:26+00:00\" \/>\n<meta property=\"og:image\" content=\"https:\/\/www.miisoo.com\/wp-content\/uploads\/2020\/12\/banner-sex-doll-1.jpg\" \/>\n<meta name=\"twitter:card\" content=\"summary_large_image\" \/>\n<meta name=\"twitter:site\" content=\"@MiisooSexDolls\" \/>\n<meta name=\"twitter:label1\" content=\"Arvioitu lukuaika\" \/>\n\t<meta name=\"twitter:data1\" content=\"2 minuuttia\" \/>\n<!-- \/ Yoast SEO Premium plugin. -->","yoast_head_json":{"title":"Intelligent Pronunciation Heating System - MiisooDoll","description":"Achieve linguistic excellence with MiisooDoll's Pronunciation Heating System. Precision in every spoken word. Clear, concise, confident speech with MiisooDoll's","robots":{"index":"index","follow":"follow","max-snippet":"max-snippet:-1","max-image-preview":"max-image-preview:large","max-video-preview":"max-video-preview:-1"},"canonical":"https:\/\/www.miisoo.com\/fi\/intelligent-pronunciation-heating-system\/","og_locale":"fi_FI","og_type":"article","og_title":"Intelligent Pronunciation Heating System","og_description":"Achieve linguistic excellence with MiisooDoll's Pronunciation Heating System. Precision in every spoken word. Clear, concise, confident speech with MiisooDoll's","og_url":"https:\/\/www.miisoo.com\/fi\/intelligent-pronunciation-heating-system\/","og_site_name":"MiisooDoll","article_publisher":"https:\/\/www.facebook.com\/miisoodoll","article_modified_time":"2023-12-22T12:20:26+00:00","og_image":[{"url":"https:\/\/www.miisoo.com\/wp-content\/uploads\/2020\/12\/banner-sex-doll-1.jpg"}],"twitter_card":"summary_large_image","twitter_site":"@MiisooSexDolls","twitter_misc":{"Arvioitu lukuaika":"2 minuuttia"},"schema":{"@context":"https:\/\/schema.org","@graph":[{"@type":"WebPage","@id":"https:\/\/www.miisoo.com\/intelligent-pronunciation-heating-system\/","url":"https:\/\/www.miisoo.com\/intelligent-pronunciation-heating-system\/","name":"Intelligent Pronunciation Heating System - MiisooDoll","isPartOf":{"@id":"https:\/\/www.miisoo.com\/#website"},"primaryImageOfPage":{"@id":"https:\/\/www.miisoo.com\/intelligent-pronunciation-heating-system\/#primaryimage"},"image":{"@id":"https:\/\/www.miisoo.com\/intelligent-pronunciation-heating-system\/#primaryimage"},"thumbnailUrl":"https:\/\/www.miisoo.com\/wp-content\/uploads\/2020\/12\/banner-sex-doll-1.jpg","datePublished":"2020-09-14T06:46:29+00:00","dateModified":"2023-12-22T12:20:26+00:00","description":"Achieve linguistic excellence with MiisooDoll's Pronunciation Heating System. Precision in every spoken word. Clear, concise, confident speech with MiisooDoll's","breadcrumb":{"@id":"https:\/\/www.miisoo.com\/intelligent-pronunciation-heating-system\/#breadcrumb"},"inLanguage":"fi","potentialAction":[{"@type":"ReadAction","target":["https:\/\/www.miisoo.com\/intelligent-pronunciation-heating-system\/"]}]},{"@type":"ImageObject","inLanguage":"fi","@id":"https:\/\/www.miisoo.com\/intelligent-pronunciation-heating-system\/#primaryimage","url":"https:\/\/www.miisoo.com\/wp-content\/uploads\/2020\/12\/banner-sex-doll-1.jpg","contentUrl":"https:\/\/www.miisoo.com\/wp-content\/uploads\/2020\/12\/banner-sex-doll-1.jpg"},{"@type":"BreadcrumbList","@id":"https:\/\/www.miisoo.com\/intelligent-pronunciation-heating-system\/#breadcrumb","itemListElement":[{"@type":"ListItem","position":1,"name":"Home","item":"https:\/\/www.miisoo.com\/"},{"@type":"ListItem","position":2,"name":"Intelligent Pronunciation Heating System"}]},{"@type":"WebSite","@id":"https:\/\/www.miisoo.com\/#website","url":"https:\/\/www.miisoo.com\/","name":"MiisooDoll","description":"Sexual Doll, Real Sex Dolls, Love Doll, Best Sex Dolls","publisher":{"@id":"https:\/\/www.miisoo.com\/#organization"},"potentialAction":[{"@type":"SearchAction","target":{"@type":"EntryPoint","urlTemplate":"https:\/\/www.miisoo.com\/?s={search_term_string}"},"query-input":"required name=search_term_string"}],"inLanguage":"fi"},{"@type":"Organization","@id":"https:\/\/www.miisoo.com\/#organization","name":"MiisooDoll","url":"https:\/\/www.miisoo.com\/","logo":{"@type":"ImageObject","inLanguage":"fi","@id":"https:\/\/www.miisoo.com\/#\/schema\/logo\/image\/","url":"https:\/\/www.miisoo.com\/wp-content\/uploads\/2020\/09\/logo-botton.png","contentUrl":"https:\/\/www.miisoo.com\/wp-content\/uploads\/2020\/09\/logo-botton.png","width":181,"height":42,"caption":"MiisooDoll"},"image":{"@id":"https:\/\/www.miisoo.com\/#\/schema\/logo\/image\/"},"sameAs":["https:\/\/www.facebook.com\/miisoodoll","https:\/\/x.com\/MiisooSexDolls"]}]}},"_links":{"self":[{"href":"https:\/\/www.miisoo.com\/fi\/wp-json\/wp\/v2\/pages\/4339","targetHints":{"allow":["GET"]}}],"collection":[{"href":"https:\/\/www.miisoo.com\/fi\/wp-json\/wp\/v2\/pages"}],"about":[{"href":"https:\/\/www.miisoo.com\/fi\/wp-json\/wp\/v2\/types\/page"}],"author":[{"embeddable":true,"href":"https:\/\/www.miisoo.com\/fi\/wp-json\/wp\/v2\/users\/455"}],"replies":[{"embeddable":true,"href":"https:\/\/www.miisoo.com\/fi\/wp-json\/wp\/v2\/comments?post=4339"}],"version-history":[{"count":1,"href":"https:\/\/www.miisoo.com\/fi\/wp-json\/wp\/v2\/pages\/4339\/revisions"}],"predecessor-version":[{"id":34676,"href":"https:\/\/www.miisoo.com\/fi\/wp-json\/wp\/v2\/pages\/4339\/revisions\/34676"}],"wp:attachment":[{"href":"https:\/\/www.miisoo.com\/fi\/wp-json\/wp\/v2\/media?parent=4339"}],"curies":[{"name":"wp","href":"https:\/\/api.w.org\/{rel}","templated":true}]}}