{"id":3,"date":"2020-09-05T13:19:56","date_gmt":"2020-09-05T13:19:56","guid":{"rendered":"http:\/\/miisoo.com\/?page_id=3"},"modified":"2023-12-22T20:16:22","modified_gmt":"2023-12-22T12:16:22","slug":"privacy-policy","status":"publish","type":"page","link":"https:\/\/www.miisoo.com\/fi\/privacy-policy\/","title":{"rendered":"Tietosuojak\u00e4yt\u00e4nt\u00f6"},"content":{"rendered":"<div data-elementor-type=\"wp-page\" data-elementor-id=\"3\" class=\"elementor elementor-3\" data-elementor-post-type=\"page\">\n\t\t\t\t\t\t<section class=\"elementor-section elementor-top-section elementor-element elementor-element-c76458e elementor-section-boxed elementor-section-height-default elementor-section-height-default\" data-id=\"c76458e\" data-element_type=\"section\">\n\t\t\t\t\t\t<div class=\"elementor-container elementor-column-gap-default\">\n\t\t\t\t\t<div class=\"elementor-column elementor-col-25 elementor-top-column elementor-element elementor-element-8b5e8e1\" data-id=\"8b5e8e1\" data-element_type=\"column\">\n\t\t\t<div class=\"elementor-widget-wrap\">\n\t\t\t\t\t\t\t<\/div>\n\t\t<\/div>\n\t\t\t\t<div class=\"elementor-column elementor-col-50 elementor-top-column elementor-element elementor-element-5afa608\" data-id=\"5afa608\" data-element_type=\"column\">\n\t\t\t<div class=\"elementor-widget-wrap elementor-element-populated\">\n\t\t\t\t\t\t<div class=\"elementor-element elementor-element-1111958 elementor-widget elementor-widget-text-editor\" data-id=\"1111958\" data-element_type=\"widget\" data-widget_type=\"text-editor.default\">\n\t\t\t\t<div class=\"elementor-widget-container\">\n\t\t\t\t\t\t\t\t\t<p>MIISOO on t\u00e4ll\u00e4 sivustolla ker\u00e4\u00e4miemme tietojen ainoa omistaja, emme myy, vuokraa tai jaa n\u00e4it\u00e4 tietoja mink\u00e4\u00e4n muun yrityksen kanssa markkinointitarkoituksiin. Tied\u00e4mme, ett\u00e4 v\u00e4lit\u00e4t siit\u00e4, miten henkil\u00f6tietojasi k\u00e4ytet\u00e4\u00e4n ja jaetaan, ja arvostamme luottamustasi meihin. K\u00e4sittelemme henkil\u00f6tietojasi korkeimpien turvallisuus- ja luottamuksellisuusstandardien mukaisesti.<\/p>\n<p><strong>K. Olen huolissani yksityisyydest\u00e4ni. Kuinka voit suojata luottamuksellisuuttani?<\/strong><\/p>\n<p>V. Olemme eritt\u00e4in huolissamme s\u00e4hk\u00f6isest\u00e4 yksityisyydest\u00e4, koska olemme Internet-pohjainen yritys. Suojaamme yksityisyytt\u00e4si, luottamuksellisuuttasi ja henkil\u00f6tietojasi tilaus- ja toimitusprosessin kautta. Emme tallenna tietojasi tietokoneellemme, joten se tarkoittaa, ett\u00e4 henkil\u00f6kohtaisia tietojasi ei voida k\u00e4ytt\u00e4\u00e4 sinua vastaan tai varastaa niit\u00e4 kolmannen osapuolen sivustolta. Suojaamme my\u00f6s yksityisyytt\u00e4si kouluttamalla myyntihenkil\u00f6st\u00f6mme avuliaita ja ennen kaikkea huomaamattomia. Hallintohenkil\u00f6kuntamme ei keskustele sinusta tai yrityksest\u00e4si kenenk\u00e4\u00e4n kanssa. Voit olla varma, ett\u00e4 unohdamme v\u00e4litt\u00f6m\u00e4sti kaiken, mit\u00e4 ker\u00e4\u00e4mme sinuun. Emme s\u00e4ilyt\u00e4 t\u00e4llaista tietoa, joten sinun ei tarvitse huolehtia.<\/p>\n<p>Kaikki myyntihenkil\u00f6st\u00f6mme on k\u00e4sin valittu ja k\u00e4sin koulutettu varmistaakseen, ett\u00e4 he ymm\u00e4rt\u00e4v\u00e4t, kuinka asiakkaiden luottamuksellisuutta s\u00e4ilytet\u00e4\u00e4n. Henkil\u00f6kunnan j\u00e4sen, joka rikkoo n\u00e4it\u00e4 salassapitos\u00e4\u00e4nt\u00f6j\u00e4, ei saa j\u00e4\u00e4d\u00e4 t\u00e4nne. Henkil\u00f6kuntamme ei my\u00f6sk\u00e4\u00e4n keskustele asiakkaista tai heid\u00e4n ostoistaan kesken\u00e4\u00e4n. Koulutamme heid\u00e4t siihen, ett\u00e4 t\u00e4m\u00e4n tyyppiset turhat juorut eiv\u00e4t yksinkertaisesti ole hy\u00f6dyllisi\u00e4 tai hy\u00f6dyllisi\u00e4, joten paras tapa k\u00e4sitell\u00e4 sit\u00e4 on olla tekem\u00e4tt\u00e4 sit\u00e4. Et voi nauttia ostoksestasi t\u00e4ysin, jos olet huolissasi henkil\u00f6kohtaisen yrityksesi paljastamisesta.<\/p>\n<p>Seksinukkeostoksesi pysyy t\u00e4ysin salassa niin kauan kuin meill\u00e4 on siit\u00e4 jotain sanottavaa. S\u00e4ilyt\u00e4mme yksityisyytesi alusta loppuun, emmek\u00e4 koskaan luovu t\u00e4ss\u00e4 asiassa. Kun tied\u00e4t, ett\u00e4 yksityisyytesi on suojattu, voit lev\u00e4t\u00e4, rentoutua ja nauttia ostamastasi. Mit\u00e4 rennompi olet, sit\u00e4 hauskempaa sinulla on, ja mit\u00e4 hauskempaa sinulla on, sit\u00e4 paremmin olemme tehneet ty\u00f6mme. Emme lep\u00e4\u00e4 ennen kuin tied\u00e4mme, ett\u00e4 olet tyytyv\u00e4inen. Tyytyv\u00e4isyytesi ja seksinukkekokemuksesi ovat meille \u00e4\u00e4rett\u00f6m\u00e4n t\u00e4rkeit\u00e4.<\/p>\n<h3>Mit\u00e4 tietoja ker\u00e4\u00e4mme?<\/h3>\n<p>Ker\u00e4\u00e4mme sinulta tietoja, kun rekister\u00f6idyt sivustollemme, teet tilauksen tai tilaat uutiskirjeemme.<\/p>\n<p>Kun tilaat tai rekister\u00f6idyt sivustollamme, sinua voidaan pyyt\u00e4\u00e4 antamaan nimesi, s\u00e4hk\u00f6postiosoitteesi, postiosoitteesi tai puhelinnumerosi. Voit kuitenkin vierailla sivustollamme nimett\u00f6m\u00e4n\u00e4.<\/p>\n<h3>Mihin k\u00e4yt\u00e4mme tietojasi?<\/h3>\n<p>Kaikkia sinulta ker\u00e4\u00e4mi\u00e4mme tietoja voidaan k\u00e4ytt\u00e4\u00e4 jollakin seuraavista tavoista:<\/p>\n<p>Voit mukauttaa kokemustasi seuraavasti:<br>(tietosi auttavat meit\u00e4 vastaamaan paremmin yksil\u00f6llisiin tarpeisiisi)<\/p>\n<p>Tapahtumien k\u00e4sittely:<br>Tietojasi, olivatpa ne julkisia tai yksityisi\u00e4, ei myyd\u00e4, vaihdeta, siirret\u00e4 tai anneta millek\u00e4\u00e4n muulle yritykselle mist\u00e4\u00e4n syyst\u00e4 ilman suostumustasi, paitsi nimenomaisessa tarkoituksessa pyydetyn tuotteen tai palvelun toimittaminen.<\/p>\n<p>S\u00e4\u00e4nn\u00f6llisten s\u00e4hk\u00f6postien l\u00e4hett\u00e4minen:<br>Tilauksen k\u00e4sittely\u00e4 varten antamaasi s\u00e4hk\u00f6postiosoitetta voidaan k\u00e4ytt\u00e4\u00e4 tilaustasi koskevien tietojen ja p\u00e4ivitysten l\u00e4hett\u00e4miseen. Sen lis\u00e4ksi, ett\u00e4 saat satunnaisia yritysuutisia, p\u00e4ivityksi\u00e4, liittyvi\u00e4 tuote- tai palvelutietoja jne.<br>Huomautus: Jos haluat milloin tahansa lopettaa tulevien s\u00e4hk\u00f6postien vastaanottamisen, sis\u00e4llyt\u00e4mme jokaisen s\u00e4hk\u00f6postin alareunaan yksityiskohtaiset tilauksen peruutusohjeet.<\/p>\n<h3 class=\"m_top\">Kuinka suojaamme tietosi?<\/h3>\n<p class=\"m_bottom\">Toteutamme erilaisia turvatoimenpiteit\u00e4 henkil\u00f6tietojesi turvallisuuden yll\u00e4pit\u00e4miseksi, kun teet tilauksen tai sy\u00f6t\u00e4t, l\u00e4het\u00e4t tai k\u00e4yt\u00e4t henkil\u00f6tietojasi.<br>Tarjoamme suojatun palvelimen k\u00e4ytt\u00f6\u00e4. Kaikki toimitetut arkaluontoiset\/luottotiedot v\u00e4litet\u00e4\u00e4n Secure Socket Layer (SSL) -tekniikan kautta ja salataan sitten maksuyhdysk\u00e4yt\u00e4v\u00e4n tarjoajien tietokantaan, jotta ne p\u00e4\u00e4sev\u00e4t k\u00e4siksi vain henkil\u00f6ille, joilla on erityiset k\u00e4ytt\u00f6oikeudet t\u00e4llaisiin j\u00e4rjestelmiin, ja heid\u00e4n on pidett\u00e4v\u00e4 tiedot luottamuksellisina.<br>Tapahtuman j\u00e4lkeen henkil\u00f6kohtaisia tietojasi (luottokortit, sosiaaliturvatunnukset, taloustiedot jne.) ei tallenneta palvelimillemme.<\/p>\n<h3>K\u00e4yt\u00e4mmek\u00f6 ev\u00e4steit\u00e4?<\/h3>\n<p>es. Ev\u00e4steet ovat pieni\u00e4 tiedostoja, jotka sivusto tai sen palveluntarjoaja siirt\u00e4\u00e4 tietokoneesi kiintolevylle verkkoselaimesi kautta (jos sallit), joiden avulla sivustot tai palveluntarjoajan j\u00e4rjestelm\u00e4t voivat tunnistaa selaimesi ja tallentaa ja muistaa tietyt tiedot. K\u00e4yt\u00e4mme ev\u00e4steit\u00e4 auttaaksemme meit\u00e4. muistaa ja k\u00e4sitell\u00e4 ostoskorissasi olevat tuotteet, ymm\u00e4rt\u00e4\u00e4 ja tallentaa asetuksesi tulevia k\u00e4yntej\u00e4 varten, seurata mainoksia ja koota yhteensopivia tietoja sivuston liikenteest\u00e4 ja sivuston vuorovaikutuksesta, jotta voimme tarjota parempia sivustokokemuksia ja ty\u00f6kaluja tulevaisuudessa.<\/p>\n<h3>Annammeko tietoja ulkopuolisille osapuolille?<\/h3>\n<p>Emme myy, vaihda tai muutoin siirr\u00e4 ulkopuolisille henkil\u00f6kohtaisia tunnistetietojasi. T\u00e4m\u00e4 ei sis\u00e4ll\u00e4 luotettuja kolmansia osapuolia, jotka auttavat meit\u00e4 toimimaan verkkosivustollamme, harjoittamaan liiketoimintaamme tai palvelemaan sinua, kunhan n\u00e4m\u00e4 osapuolet suostuvat pit\u00e4m\u00e4\u00e4n n\u00e4m\u00e4 tiedot luottamuksellisina. Saatamme my\u00f6s luovuttaa tietosi, kun uskomme, ett\u00e4 julkaiseminen on asianmukaista noudattaa lakia, valvoa sivustomme k\u00e4yt\u00e4nt\u00f6j\u00e4 tai suojella omia tai muiden oikeuksia, omaisuutta tai turvallisuutta. Ei-henkil\u00f6kohtaisia vierailijatietoja voidaan kuitenkin luovuttaa muille osapuolille markkinointia, mainontaa tai muuta k\u00e4ytt\u00f6\u00e4 varten.<\/p>\n<h3>Kolmannen osapuolen linkit<\/h3>\n<p>Joskus harkintamme mukaan voimme sis\u00e4llytt\u00e4\u00e4 tai tarjota kolmannen osapuolen tuotteita tai palveluita verkkosivustollemme. N\u00e4ill\u00e4 kolmansien osapuolien sivustoilla on erilliset ja riippumattomat tietosuojak\u00e4yt\u00e4nn\u00f6t. Siksi meill\u00e4 ei ole mit\u00e4\u00e4n vastuuta n\u00e4iden linkitettyjen sivustojen sis\u00e4ll\u00f6st\u00e4 ja toiminnasta. Pyrimme kuitenkin suojelemaan sivustomme eheytt\u00e4 ja otamme mielell\u00e4mme vastaan palautetta n\u00e4ist\u00e4 sivustoista.<\/p>\n<p class=\"m_bottom\">\n<\/p><h3>Children&#039;s Online Privacy Protection Act -lain noudattaminen<\/h3>\n<p>Noudatamme COPPA:n (Children&#039;s Online Privacy Protection Act) vaatimuksia. Emme ker\u00e4\u00e4 tietoja kenelt\u00e4k\u00e4\u00e4n alle 13-vuotiaalta. Verkkosivustomme, tuotteemme ja palvelumme on suunnattu v\u00e4hint\u00e4\u00e4n 13-vuotiaille henkil\u00f6ille.<\/p>\n<h3>Vain online-tietosuojak\u00e4yt\u00e4nt\u00f6<\/h3>\n<p>T\u00e4m\u00e4 online-tietosuojak\u00e4yt\u00e4nt\u00f6 koskee vain verkkosivustomme kautta ker\u00e4tty\u00e4 tietoa, ei offline-tilassa ker\u00e4tty\u00e4 tietoa.<\/p>\n<h3>K\u00e4ytt\u00f6ehdot<\/h3>\n<p>K\u00e4y my\u00f6s k\u00e4ytt\u00f6ehdoissamme, jossa m\u00e4\u00e4ritell\u00e4\u00e4n verkkosivustomme k\u00e4ytt\u00f6, vastuuvapauslausekkeet ja vastuurajoitukset osoitteessa&nbsp;<a href=\"https:\/\/www.miisoo.com\/fi\/\" target=\"_blank\" style=\"font-family: inherit; font-weight: var( --e-global-typography-text-font-weight ); background-color: rgb(255, 255, 255);\">www.miisoo.com<\/a><\/p>\n<h3>Sinun suostumuksesi<\/h3>\n<p>K\u00e4ytt\u00e4m\u00e4ll\u00e4 sivustoamme hyv\u00e4ksyt verkkosivustomme tietosuojak\u00e4yt\u00e4nn\u00f6n.<\/p>\n<h3>Muutokset tietosuojak\u00e4yt\u00e4nt\u00f6\u00f6mme<\/h3>\n<p>Jos p\u00e4\u00e4t\u00e4mme muuttaa tietosuojak\u00e4yt\u00e4nt\u00f6\u00e4mme, p\u00e4ivit\u00e4mme tietosuojak\u00e4yt\u00e4nn\u00f6n muutosp\u00e4iv\u00e4m\u00e4\u00e4r\u00e4n alla.<br>T\u00e4t\u00e4 k\u00e4yt\u00e4nt\u00f6\u00e4 on viimeksi muutettu 3.6.2018<\/p>\t\t\t\t\t\t\t\t<\/div>\n\t\t\t\t<\/div>\n\t\t\t\t\t<\/div>\n\t\t<\/div>\n\t\t\t\t<div class=\"elementor-column elementor-col-25 elementor-top-column elementor-element elementor-element-df603f8\" data-id=\"df603f8\" data-element_type=\"column\">\n\t\t\t<div class=\"elementor-widget-wrap\">\n\t\t\t\t\t\t\t<\/div>\n\t\t<\/div>\n\t\t\t\t\t<\/div>\n\t\t<\/section>\n\t\t\t\t<\/div>","protected":false},"excerpt":{"rendered":"<p>MIISOO is the sole owner of the information we collect at this site, we do not sell, rent or share this information with any other company for the purpose of marketing. We know that you care how your personal information is used and shared, and we appreciate your trust in us. We treat your personal&hellip;<\/p>","protected":false},"author":455,"featured_media":0,"parent":0,"menu_order":0,"comment_status":"closed","ping_status":"open","template":"","meta":{"footnotes":""},"class_list":["post-3","page","type-page","status-publish","hentry"],"yoast_head":"<!-- This site is optimized with the Yoast SEO Premium plugin v22.6 (Yoast SEO v22.9) - https:\/\/yoast.com\/wordpress\/plugins\/seo\/ -->\n<title>Privacy Policy | Cheap Real Sex Dolls | MiisooDoll<\/title>\n<meta name=\"description\" content=\"Review MiisooDoll&#039;s privacy policy for transparent handling of data. Shop confidently for cheap real sex dolls. Your privacy, our priority at MiisooDoll.\" \/>\n<meta name=\"robots\" content=\"index, follow, max-snippet:-1, max-image-preview:large, max-video-preview:-1\" \/>\n<link rel=\"canonical\" href=\"https:\/\/www.miisoo.com\/fi\/privacy-policy\/\" \/>\n<meta property=\"og:locale\" content=\"fi_FI\" \/>\n<meta property=\"og:type\" content=\"article\" \/>\n<meta property=\"og:title\" content=\"Privacy Policy\" \/>\n<meta property=\"og:description\" content=\"Review MiisooDoll&#039;s privacy policy for transparent handling of data. Shop confidently for cheap real sex dolls. Your privacy, our priority at MiisooDoll.\" \/>\n<meta property=\"og:url\" content=\"https:\/\/www.miisoo.com\/fi\/privacy-policy\/\" \/>\n<meta property=\"og:site_name\" content=\"MiisooDoll\" \/>\n<meta property=\"article:publisher\" content=\"https:\/\/www.facebook.com\/miisoodoll\" \/>\n<meta property=\"article:modified_time\" content=\"2023-12-22T12:16:22+00:00\" \/>\n<meta name=\"twitter:card\" content=\"summary_large_image\" \/>\n<meta name=\"twitter:site\" content=\"@MiisooSexDolls\" \/>\n<meta name=\"twitter:label1\" content=\"Arvioitu lukuaika\" \/>\n\t<meta name=\"twitter:data1\" content=\"5 minuuttia\" \/>\n<!-- \/ Yoast SEO Premium plugin. -->","yoast_head_json":{"title":"Privacy Policy | Cheap Real Sex Dolls | MiisooDoll","description":"Review MiisooDoll's privacy policy for transparent handling of data. Shop confidently for cheap real sex dolls. Your privacy, our priority at MiisooDoll.","robots":{"index":"index","follow":"follow","max-snippet":"max-snippet:-1","max-image-preview":"max-image-preview:large","max-video-preview":"max-video-preview:-1"},"canonical":"https:\/\/www.miisoo.com\/fi\/privacy-policy\/","og_locale":"fi_FI","og_type":"article","og_title":"Privacy Policy","og_description":"Review MiisooDoll's privacy policy for transparent handling of data. Shop confidently for cheap real sex dolls. Your privacy, our priority at MiisooDoll.","og_url":"https:\/\/www.miisoo.com\/fi\/privacy-policy\/","og_site_name":"MiisooDoll","article_publisher":"https:\/\/www.facebook.com\/miisoodoll","article_modified_time":"2023-12-22T12:16:22+00:00","twitter_card":"summary_large_image","twitter_site":"@MiisooSexDolls","twitter_misc":{"Arvioitu lukuaika":"5 minuuttia"},"schema":{"@context":"https:\/\/schema.org","@graph":[{"@type":"WebPage","@id":"https:\/\/www.miisoo.com\/nl\/privacy-policy\/","url":"https:\/\/www.miisoo.com\/nl\/privacy-policy\/","name":"Privacy Policy | Cheap Real Sex Dolls | MiisooDoll","isPartOf":{"@id":"https:\/\/www.miisoo.com\/#website"},"datePublished":"2020-09-05T13:19:56+00:00","dateModified":"2023-12-22T12:16:22+00:00","description":"Review MiisooDoll's privacy policy for transparent handling of data. Shop confidently for cheap real sex dolls. Your privacy, our priority at MiisooDoll.","breadcrumb":{"@id":"https:\/\/www.miisoo.com\/nl\/privacy-policy\/#breadcrumb"},"inLanguage":"fi","potentialAction":[{"@type":"ReadAction","target":["https:\/\/www.miisoo.com\/nl\/privacy-policy\/"]}]},{"@type":"BreadcrumbList","@id":"https:\/\/www.miisoo.com\/nl\/privacy-policy\/#breadcrumb","itemListElement":[{"@type":"ListItem","position":1,"name":"Home","item":"https:\/\/www.miisoo.com\/"},{"@type":"ListItem","position":2,"name":"Privacy Policy"}]},{"@type":"WebSite","@id":"https:\/\/www.miisoo.com\/#website","url":"https:\/\/www.miisoo.com\/","name":"MiisooDoll","description":"Sexual Doll, Real Sex Dolls, Love Doll, Best Sex Dolls","publisher":{"@id":"https:\/\/www.miisoo.com\/#organization"},"potentialAction":[{"@type":"SearchAction","target":{"@type":"EntryPoint","urlTemplate":"https:\/\/www.miisoo.com\/?s={search_term_string}"},"query-input":"required name=search_term_string"}],"inLanguage":"fi"},{"@type":"Organization","@id":"https:\/\/www.miisoo.com\/#organization","name":"MiisooDoll","url":"https:\/\/www.miisoo.com\/","logo":{"@type":"ImageObject","inLanguage":"fi","@id":"https:\/\/www.miisoo.com\/#\/schema\/logo\/image\/","url":"https:\/\/www.miisoo.com\/wp-content\/uploads\/2020\/09\/logo-botton.png","contentUrl":"https:\/\/www.miisoo.com\/wp-content\/uploads\/2020\/09\/logo-botton.png","width":181,"height":42,"caption":"MiisooDoll"},"image":{"@id":"https:\/\/www.miisoo.com\/#\/schema\/logo\/image\/"},"sameAs":["https:\/\/www.facebook.com\/miisoodoll","https:\/\/x.com\/MiisooSexDolls"]}]}},"_links":{"self":[{"href":"https:\/\/www.miisoo.com\/fi\/wp-json\/wp\/v2\/pages\/3","targetHints":{"allow":["GET"]}}],"collection":[{"href":"https:\/\/www.miisoo.com\/fi\/wp-json\/wp\/v2\/pages"}],"about":[{"href":"https:\/\/www.miisoo.com\/fi\/wp-json\/wp\/v2\/types\/page"}],"author":[{"embeddable":true,"href":"https:\/\/www.miisoo.com\/fi\/wp-json\/wp\/v2\/users\/455"}],"replies":[{"embeddable":true,"href":"https:\/\/www.miisoo.com\/fi\/wp-json\/wp\/v2\/comments?post=3"}],"version-history":[{"count":1,"href":"https:\/\/www.miisoo.com\/fi\/wp-json\/wp\/v2\/pages\/3\/revisions"}],"predecessor-version":[{"id":34673,"href":"https:\/\/www.miisoo.com\/fi\/wp-json\/wp\/v2\/pages\/3\/revisions\/34673"}],"wp:attachment":[{"href":"https:\/\/www.miisoo.com\/fi\/wp-json\/wp\/v2\/media?parent=3"}],"curies":[{"name":"wp","href":"https:\/\/api.w.org\/{rel}","templated":true}]}}