{"id":1955,"date":"2017-12-18T10:08:41","date_gmt":"2017-12-18T10:08:41","guid":{"rendered":"http:\/\/demo2.drfuri.com\/martfury13\/?page_id=1955"},"modified":"2023-12-22T20:23:27","modified_gmt":"2023-12-22T12:23:27","slug":"payment-methods","status":"publish","type":"page","link":"https:\/\/www.miisoo.com\/fi\/payment-methods\/","title":{"rendered":"maksutavat"},"content":{"rendered":"<div data-elementor-type=\"wp-post\" data-elementor-id=\"1955\" class=\"elementor elementor-1955\" data-elementor-post-type=\"page\">\n\t\t\t\t\t\t<section class=\"elementor-section elementor-top-section elementor-element elementor-element-4e37ace4 elementor-section-boxed elementor-section-height-default elementor-section-height-default\" data-id=\"4e37ace4\" data-element_type=\"section\">\n\t\t\t\t\t\t<div class=\"elementor-container elementor-column-gap-default\">\n\t\t\t\t\t<div class=\"elementor-column elementor-col-100 elementor-top-column elementor-element elementor-element-640451c4\" data-id=\"640451c4\" data-element_type=\"column\">\n\t\t\t<div class=\"elementor-widget-wrap elementor-element-populated\">\n\t\t\t\t\t\t<div class=\"elementor-element elementor-element-18158806 elementor-widget elementor-widget-spacer\" data-id=\"18158806\" data-element_type=\"widget\" data-widget_type=\"spacer.default\">\n\t\t\t\t<div class=\"elementor-widget-container\">\n\t\t\t\t\t\t\t<div class=\"elementor-spacer\">\n\t\t\t<div class=\"elementor-spacer-inner\"><\/div>\n\t\t<\/div>\n\t\t\t\t\t\t<\/div>\n\t\t\t\t<\/div>\n\t\t\t\t<div class=\"elementor-element elementor-element-49224bca elementor-widget elementor-widget-heading\" data-id=\"49224bca\" data-element_type=\"widget\" data-widget_type=\"heading.default\">\n\t\t\t\t<div class=\"elementor-widget-container\">\n\t\t\t\t\t<h3 class=\"elementor-heading-title elementor-size-medium\">Hyv\u00e4ksymme nyt seuraavat maksutavat, ilmoita meille kumman haluat, jotta voimme tarjota alla olevat tiedot:<\/h3>\t\t\t\t<\/div>\n\t\t\t\t<\/div>\n\t\t\t\t<div class=\"elementor-element elementor-element-7c4a7baf elementor-widget elementor-widget-spacer\" data-id=\"7c4a7baf\" data-element_type=\"widget\" data-widget_type=\"spacer.default\">\n\t\t\t\t<div class=\"elementor-widget-container\">\n\t\t\t\t\t\t\t<div class=\"elementor-spacer\">\n\t\t\t<div class=\"elementor-spacer-inner\"><\/div>\n\t\t<\/div>\n\t\t\t\t\t\t<\/div>\n\t\t\t\t<\/div>\n\t\t\t\t\t<\/div>\n\t\t<\/div>\n\t\t\t\t\t<\/div>\n\t\t<\/section>\n\t\t\t\t<section class=\"elementor-section elementor-top-section elementor-element elementor-element-17b51d32 elementor-section-boxed elementor-section-height-default elementor-section-height-default\" data-id=\"17b51d32\" data-element_type=\"section\">\n\t\t\t\t\t\t<div class=\"elementor-container elementor-column-gap-default\">\n\t\t\t\t\t<div class=\"elementor-column elementor-col-33 elementor-top-column elementor-element elementor-element-7406886e\" data-id=\"7406886e\" data-element_type=\"column\">\n\t\t\t<div class=\"elementor-widget-wrap elementor-element-populated\">\n\t\t\t\t\t\t<div class=\"elementor-element elementor-element-4f2a4ffd elementor-widget elementor-widget-mf-elementor-icon-box\" data-id=\"4f2a4ffd\" data-element_type=\"widget\" data-widget_type=\"mf-elementor-icon-box.default\">\n\t\t\t\t<div class=\"elementor-widget-container\">\n\t\t\t\t\t<div class=\"mf-elementor-icon-box align-icon-center\">\r\n\t\t\t\t<div class=\"mf-icon-area box-img\"><img decoding=\"async\" width=\"142\" height=\"90\" src=\"https:\/\/www.miisoo.com\/wp-content\/uploads\/2019\/05\/icon-box-1.png\" class=\"attachment-full size-full wp-image-2791\" alt=\"\" \/><\/div>\r\n\t\t\t\t<div class=\"box-wrapper\">\r\n\t\t\t\t\t<h3 class=\"box-title\"><span class=\"\" >Turvallinen<\/span><\/h3>\r\n\t\t\t\t\t<div class=\"desc\">Kun maksat laskuja, l\u00e4het\u00e4t rahaa tai ostat, se tekee kovasti t\u00f6it\u00e4 pit\u00e4\u00e4kseen taloudelliset tietosi turvassa.<\/div>\r\n\t\t\t\t\t\r\n\t\t\t\t<\/div>\r\n\t\t\t<\/div>\t\t\t\t<\/div>\n\t\t\t\t<\/div>\n\t\t\t\t<div class=\"elementor-element elementor-element-4abcdcc3 elementor-widget elementor-widget-spacer\" data-id=\"4abcdcc3\" data-element_type=\"widget\" data-widget_type=\"spacer.default\">\n\t\t\t\t<div class=\"elementor-widget-container\">\n\t\t\t\t\t\t\t<div class=\"elementor-spacer\">\n\t\t\t<div class=\"elementor-spacer-inner\"><\/div>\n\t\t<\/div>\n\t\t\t\t\t\t<\/div>\n\t\t\t\t<\/div>\n\t\t\t\t\t<\/div>\n\t\t<\/div>\n\t\t\t\t<div class=\"elementor-column elementor-col-33 elementor-top-column elementor-element elementor-element-1732b80d\" data-id=\"1732b80d\" data-element_type=\"column\">\n\t\t\t<div class=\"elementor-widget-wrap elementor-element-populated\">\n\t\t\t\t\t\t<div class=\"elementor-element elementor-element-5e12dcb2 elementor-widget elementor-widget-mf-elementor-icon-box\" data-id=\"5e12dcb2\" data-element_type=\"widget\" data-widget_type=\"mf-elementor-icon-box.default\">\n\t\t\t\t<div class=\"elementor-widget-container\">\n\t\t\t\t\t<div class=\"mf-elementor-icon-box align-icon-center\">\r\n\t\t\t\t<div class=\"mf-icon-area box-img\"><img decoding=\"async\" width=\"142\" height=\"90\" src=\"https:\/\/www.miisoo.com\/wp-content\/uploads\/2019\/05\/icon-box-1.png\" class=\"attachment-full size-full wp-image-2791\" alt=\"\" \/><\/div>\r\n\t\t\t\t<div class=\"box-wrapper\">\r\n\t\t\t\t\t<h3 class=\"box-title\"><span class=\"\" >Nopeasti<\/span><\/h3>\r\n\t\t\t\t\t<div class=\"desc\">Sinun ei tarvitse sy\u00f6tt\u00e4\u00e4 kaikkia taloustietojasi joka kerta kun teet ostoksia. Nopeuta kassalla PayPalin kautta.<\/div>\r\n\t\t\t\t\t\r\n\t\t\t\t<\/div>\r\n\t\t\t<\/div>\t\t\t\t<\/div>\n\t\t\t\t<\/div>\n\t\t\t\t<div class=\"elementor-element elementor-element-3ecec980 elementor-widget elementor-widget-spacer\" data-id=\"3ecec980\" data-element_type=\"widget\" data-widget_type=\"spacer.default\">\n\t\t\t\t<div class=\"elementor-widget-container\">\n\t\t\t\t\t\t\t<div class=\"elementor-spacer\">\n\t\t\t<div class=\"elementor-spacer-inner\"><\/div>\n\t\t<\/div>\n\t\t\t\t\t\t<\/div>\n\t\t\t\t<\/div>\n\t\t\t\t\t<\/div>\n\t\t<\/div>\n\t\t\t\t<div class=\"elementor-column elementor-col-33 elementor-top-column elementor-element elementor-element-5d1fa7a8\" data-id=\"5d1fa7a8\" data-element_type=\"column\">\n\t\t\t<div class=\"elementor-widget-wrap elementor-element-populated\">\n\t\t\t\t\t\t<div class=\"elementor-element elementor-element-4773ce6f elementor-widget elementor-widget-mf-elementor-icon-box\" data-id=\"4773ce6f\" data-element_type=\"widget\" data-widget_type=\"mf-elementor-icon-box.default\">\n\t\t\t\t<div class=\"elementor-widget-container\">\n\t\t\t\t\t<div class=\"mf-elementor-icon-box align-icon-center\">\r\n\t\t\t\t<div class=\"mf-icon-area box-img\"><img decoding=\"async\" width=\"142\" height=\"90\" src=\"https:\/\/www.miisoo.com\/wp-content\/uploads\/2019\/05\/icon-box-1.png\" class=\"attachment-full size-full wp-image-2791\" alt=\"\" \/><\/div>\r\n\t\t\t\t<div class=\"box-wrapper\">\r\n\t\t\t\t\t<h3 class=\"box-title\"><span class=\"\" >Helppo<\/span><\/h3>\r\n\t\t\t\t\t<div class=\"desc\">Rekister\u00f6idy ilmaiseksi, tee my\u00f6s ostoksia ja l\u00e4het\u00e4 rahaa. k\u00e4ytt\u00e4m\u00e4ll\u00e4 saldoasi tai pankkitili\u00e4si ilman lis\u00e4kustannuksia.<\/div>\r\n\t\t\t\t\t\r\n\t\t\t\t<\/div>\r\n\t\t\t<\/div>\t\t\t\t<\/div>\n\t\t\t\t<\/div>\n\t\t\t\t<div class=\"elementor-element elementor-element-182e9ec1 elementor-widget elementor-widget-spacer\" data-id=\"182e9ec1\" data-element_type=\"widget\" data-widget_type=\"spacer.default\">\n\t\t\t\t<div class=\"elementor-widget-container\">\n\t\t\t\t\t\t\t<div class=\"elementor-spacer\">\n\t\t\t<div class=\"elementor-spacer-inner\"><\/div>\n\t\t<\/div>\n\t\t\t\t\t\t<\/div>\n\t\t\t\t<\/div>\n\t\t\t\t\t<\/div>\n\t\t<\/div>\n\t\t\t\t\t<\/div>\n\t\t<\/section>\n\t\t\t\t<section class=\"elementor-section elementor-top-section elementor-element elementor-element-350ff3f1 elementor-section-boxed elementor-section-height-default elementor-section-height-default\" data-id=\"350ff3f1\" data-element_type=\"section\">\n\t\t\t\t\t\t<div class=\"elementor-container elementor-column-gap-default\">\n\t\t\t\t\t<div class=\"elementor-column elementor-col-100 elementor-top-column elementor-element elementor-element-6c5c34ea\" data-id=\"6c5c34ea\" data-element_type=\"column\">\n\t\t\t<div class=\"elementor-widget-wrap elementor-element-populated\">\n\t\t\t\t\t\t<div class=\"elementor-element elementor-element-5506959 elementor-widget-divider--view-line elementor-widget elementor-widget-divider\" data-id=\"5506959\" data-element_type=\"widget\" data-widget_type=\"divider.default\">\n\t\t\t\t<div class=\"elementor-widget-container\">\n\t\t\t\t\t\t\t<div class=\"elementor-divider\">\n\t\t\t<span class=\"elementor-divider-separator\">\n\t\t\t\t\t\t<\/span>\n\t\t<\/div>\n\t\t\t\t\t\t<\/div>\n\t\t\t\t<\/div>\n\t\t\t\t<div class=\"elementor-element elementor-element-20909d1 elementor-widget elementor-widget-spacer\" data-id=\"20909d1\" data-element_type=\"widget\" data-widget_type=\"spacer.default\">\n\t\t\t\t<div class=\"elementor-widget-container\">\n\t\t\t\t\t\t\t<div class=\"elementor-spacer\">\n\t\t\t<div class=\"elementor-spacer-inner\"><\/div>\n\t\t<\/div>\n\t\t\t\t\t\t<\/div>\n\t\t\t\t<\/div>\n\t\t\t\t<div class=\"elementor-element elementor-element-e9263ce elementor-widget elementor-widget-text-editor\" data-id=\"e9263ce\" data-element_type=\"widget\" data-widget_type=\"text-editor.default\">\n\t\t\t\t<div class=\"elementor-widget-container\">\n\t\t\t\t\t\t\t\t\t<p><strong>Menetelm\u00e4 I<\/strong><\/p><p><strong>Maksa PayPalilla tai Visa &amp; Masterilla tai muilla luottokorteilla, debit-korteilla ostoskorisivulta.<\/strong><\/p><p>Sinun ei tarvitse siirty\u00e4 seuraavaan vaiheeseen &quot;Siirry kassalle&quot;, napsauttamalla PAYPAL-painiketta tai valitsemalla luottokortti- ja veloitus-painike suorittaaksesi ostoprosessin suoraan ostoskorisivulla.<\/p><p>1. PayPal-maksu: napsauta vain PayPal-painiketta maksaaksesi, &quot;PayPal checkout&quot; -keltainen painike.<\/p><p>2. Pankki- tai luottokorttimaksu: Valitse suoraan Debit tai &quot;Visa\u00ae, MasterCard\u00ae, AmericanExpress\u00ae, Discover\u00ae-luottokortti jne.&quot;, joista yksi voidaan maksaa suoraan Debit- tai luottokorttipainikkeella napsautuksella. valintaikkunassa. Laskutus- ja toimitustiedot t\u00e4ytet\u00e4\u00e4n suoraan luottokorttimaksuyhdysk\u00e4yt\u00e4v\u00e4ss\u00e4, tilaustietosi palautetaan sitten verkkosivustollemme, \u00e4l\u00e4 huoli puuttuvista tilauksista ja turvallisuusongelmista.<\/p><p>Ominaisuudet ja hy\u00f6dyt<\/p><p>Maksujen k\u00e4sittely tapahtuu Paypal-palvelimilla, joten sinun ei tarvitse huolehtia arkaluonteisten maksutietojen k\u00e4sittelyst\u00e4 sivustollamme.<br \/>T\u00e4m\u00e4 maksutapa ohittaa siirtymisen kassaprosessiin, ja asiakkaat poistuvat sivustostasi Ostoskori-sivulta suorittaakseen kassan Paypalin tai luottokorttialustan kautta.<\/p><p>Menetelm\u00e4 II<\/p><p>Napsauta &quot;Jatka kassalle&quot; -painiketta ja siirry kassasivulle<\/p><p>2. PayPal- tai luottokorttimaksu verkossa (suositus)<\/p><p>Hyv\u00e4ksymme my\u00f6s luottokorttimaksut PayPal-maksuj\u00e4rjestelm\u00e4n kautta. PayPal-maksuj\u00e4rjestelm\u00e4 tukee VISA-, MasterCard-, Discover-, eCheck- ja PayPal-kortteja.<\/p><p>PayPal on turvallisin tapa maksaa verkossa, vaikka sinulla ei olisi PayPal-tili\u00e4, voit silti maksaa pankki- tai luottokortilla PayPalin kautta.<\/p><p>Valitse maksutapa:<\/p><p>PayPal-tilill\u00e4<br \/>1. Valitse kassalla PayPal<br \/>2. Kirjaudu sis\u00e4\u00e4n PayPal-tilillesi<br \/>3. Suorita tapahtuma loppuun<br \/>4. Saat s\u00e4hk\u00f6postin, kun maksu on k\u00e4sitelty ja vastaanotettu.<\/p><p>Pankki- tai luottokortilla PayPalin kautta<br \/>PayPal-tili\u00e4 ei tarvita!<br \/>1. Valitse kassalla PayPal<br \/>2. Vierit\u00e4 alas kohtaan &quot;Maksa pankki- tai luottokortilla&quot;<br \/>3. Suorita tapahtuma loppuun<br \/>4. Saat s\u00e4hk\u00f6postin, kun maksu on k\u00e4sitelty ja vastaanotettu.<\/p><p>3. Maksa Visa, MasterCard<\/p><p>Hyv\u00e4ksymme Visa- ja MasterCard-kortit useimmista paikoista ymp\u00e4ri maailmaa. Kun luottokorttiyhdysk\u00e4yt\u00e4v\u00e4maksumme osoittaa, mik\u00e4 ep\u00e4onnistui, luottokorttimaksuyhdysk\u00e4yt\u00e4v\u00e4mme rajassa saattaa olla tekninen ongelma:<br \/>1) Ylitt\u00e4\u00e4k\u00f6 luottokortti enimm\u00e4issumman pankkirajalla vai paljastaako riski korkean, ota yhteytt\u00e4 pankkiin rajoitusten poistamiseksi.<br \/>2) Yrit\u00e4 maksaa &quot;PayPal- tai luottokorttimaksu verkossa (suositus)&quot;.<br \/>3) Tilaa t\u00e4m\u00e4 tilaus uudelleen ja maksa luottokortilla ostoskorisivulla (tuki: Visa\u00ae, MasterCard\u00ae, AmericanExpress\u00ae, Discover\u00ae-luottokortti).<br \/>Yrit\u00e4 maksaa uudelleen. Arvostamme sit\u00e4 todella.<\/p>\t\t\t\t\t\t\t\t<\/div>\n\t\t\t\t<\/div>\n\t\t\t\t\t<\/div>\n\t\t<\/div>\n\t\t\t\t\t<\/div>\n\t\t<\/section>\n\t\t\t\t<section class=\"elementor-section elementor-top-section elementor-element elementor-element-6280ce2a elementor-section-boxed elementor-section-height-default elementor-section-height-default\" data-id=\"6280ce2a\" data-element_type=\"section\">\n\t\t\t\t\t\t<div class=\"elementor-container elementor-column-gap-default\">\n\t\t\t\t\t<div class=\"elementor-column elementor-col-100 elementor-top-column elementor-element elementor-element-5ec1c87b\" data-id=\"5ec1c87b\" data-element_type=\"column\">\n\t\t\t<div class=\"elementor-widget-wrap elementor-element-populated\">\n\t\t\t\t\t\t<div class=\"elementor-element elementor-element-2cfb020e elementor-widget-divider--view-line elementor-widget elementor-widget-divider\" data-id=\"2cfb020e\" data-element_type=\"widget\" data-widget_type=\"divider.default\">\n\t\t\t\t<div class=\"elementor-widget-container\">\n\t\t\t\t\t\t\t<div class=\"elementor-divider\">\n\t\t\t<span class=\"elementor-divider-separator\">\n\t\t\t\t\t\t<\/span>\n\t\t<\/div>\n\t\t\t\t\t\t<\/div>\n\t\t\t\t<\/div>\n\t\t\t\t<div class=\"elementor-element elementor-element-3e81c0f3 elementor-widget elementor-widget-spacer\" data-id=\"3e81c0f3\" data-element_type=\"widget\" data-widget_type=\"spacer.default\">\n\t\t\t\t<div class=\"elementor-widget-container\">\n\t\t\t\t\t\t\t<div class=\"elementor-spacer\">\n\t\t\t<div class=\"elementor-spacer-inner\"><\/div>\n\t\t<\/div>\n\t\t\t\t\t\t<\/div>\n\t\t\t\t<\/div>\n\t\t\t\t<div class=\"elementor-element elementor-element-7f6ae5be elementor-widget elementor-widget-heading\" data-id=\"7f6ae5be\" data-element_type=\"widget\" data-widget_type=\"heading.default\">\n\t\t\t\t<div class=\"elementor-widget-container\">\n\t\t\t\t\t<h2 class=\"elementor-heading-title elementor-size-default\">Onko sinulla viel\u00e4 lis\u00e4\u00e4 kysymyksi\u00e4? Ota rohkeasti yhteytt\u00e4.<\/h2>\t\t\t\t<\/div>\n\t\t\t\t<\/div>\n\t\t\t\t<div class=\"elementor-element elementor-element-6baeaa38 elementor-widget elementor-widget-spacer\" data-id=\"6baeaa38\" data-element_type=\"widget\" data-widget_type=\"spacer.default\">\n\t\t\t\t<div class=\"elementor-widget-container\">\n\t\t\t\t\t\t\t<div class=\"elementor-spacer\">\n\t\t\t<div class=\"elementor-spacer-inner\"><\/div>\n\t\t<\/div>\n\t\t\t\t\t\t<\/div>\n\t\t\t\t<\/div>\n\t\t\t\t<div class=\"elementor-element elementor-element-459125b3 elementor-align-center elementor-widget elementor-widget-button\" data-id=\"459125b3\" data-element_type=\"widget\" data-widget_type=\"button.default\">\n\t\t\t\t<div class=\"elementor-widget-container\">\n\t\t\t\t\t\t\t\t\t<div class=\"elementor-button-wrapper\">\n\t\t\t\t\t<a class=\"elementor-button elementor-button-link elementor-size-md\" href=\"\/fi\/contact-miisoo-doll\/\">\n\t\t\t\t\t\t<span class=\"elementor-button-content-wrapper\">\n\t\t\t\t\t\t\t\t\t<span class=\"elementor-button-text\">Ota meihin yhteytt\u00e4<\/span>\n\t\t\t\t\t<\/span>\n\t\t\t\t\t<\/a>\n\t\t\t\t<\/div>\n\t\t\t\t\t\t\t\t<\/div>\n\t\t\t\t<\/div>\n\t\t\t\t<div class=\"elementor-element elementor-element-31eaea2c elementor-widget elementor-widget-spacer\" data-id=\"31eaea2c\" data-element_type=\"widget\" data-widget_type=\"spacer.default\">\n\t\t\t\t<div class=\"elementor-widget-container\">\n\t\t\t\t\t\t\t<div class=\"elementor-spacer\">\n\t\t\t<div class=\"elementor-spacer-inner\"><\/div>\n\t\t<\/div>\n\t\t\t\t\t\t<\/div>\n\t\t\t\t<\/div>\n\t\t\t\t\t<\/div>\n\t\t<\/div>\n\t\t\t\t\t<\/div>\n\t\t<\/section>\n\t\t\t\t<\/div>","protected":false},"excerpt":{"rendered":"<p>Now we accepts the following payment methods, please let us know which one you prefer so We can offer below information: Secure When you are paying bills, sending money or purchase, it works hard to keep your financial information secure. Fast No need to enter all your financial information every time you shop. Speed through&hellip;<\/p>","protected":false},"author":455,"featured_media":0,"parent":0,"menu_order":0,"comment_status":"closed","ping_status":"closed","template":"template-full-width.php","meta":{"footnotes":""},"class_list":["post-1955","page","type-page","status-publish","hentry"],"yoast_head":"<!-- This site is optimized with the Yoast SEO Premium plugin v22.6 (Yoast SEO v22.9) - https:\/\/yoast.com\/wordpress\/plugins\/seo\/ -->\n<title>Choose Your Preferred &amp; Secure Payment Method at Miisoodoll<\/title>\n<meta name=\"description\" content=\"Shop confidently with Miisoodoll! Select from our secure payment options for a hassle-free checkout experience. Fast, safe, and convenient payment methods.\" \/>\n<meta name=\"robots\" content=\"index, follow, max-snippet:-1, max-image-preview:large, max-video-preview:-1\" \/>\n<link rel=\"canonical\" href=\"https:\/\/www.miisoo.com\/fi\/payment-methods\/\" \/>\n<meta property=\"og:locale\" content=\"fi_FI\" \/>\n<meta property=\"og:type\" content=\"article\" \/>\n<meta property=\"og:title\" content=\"Payment Methods\" \/>\n<meta property=\"og:description\" content=\"Shop confidently with Miisoodoll! Select from our secure payment options for a hassle-free checkout experience. Fast, safe, and convenient payment methods.\" \/>\n<meta property=\"og:url\" content=\"https:\/\/www.miisoo.com\/fi\/payment-methods\/\" \/>\n<meta property=\"og:site_name\" content=\"MiisooDoll\" \/>\n<meta property=\"article:publisher\" content=\"https:\/\/www.facebook.com\/miisoodoll\" \/>\n<meta property=\"article:modified_time\" content=\"2023-12-22T12:23:27+00:00\" \/>\n<meta property=\"og:image\" content=\"https:\/\/www.miisoo.com\/wp-content\/uploads\/2019\/05\/icon-box-1.png\" \/>\n<meta name=\"twitter:card\" content=\"summary_large_image\" \/>\n<meta name=\"twitter:site\" content=\"@MiisooSexDolls\" \/>\n<meta name=\"twitter:label1\" content=\"Arvioitu lukuaika\" \/>\n\t<meta name=\"twitter:data1\" content=\"3 minuuttia\" \/>\n<!-- \/ Yoast SEO Premium plugin. -->","yoast_head_json":{"title":"Choose Your Preferred & Secure Payment Method at Miisoodoll","description":"Shop confidently with Miisoodoll! Select from our secure payment options for a hassle-free checkout experience. Fast, safe, and convenient payment methods.","robots":{"index":"index","follow":"follow","max-snippet":"max-snippet:-1","max-image-preview":"max-image-preview:large","max-video-preview":"max-video-preview:-1"},"canonical":"https:\/\/www.miisoo.com\/fi\/payment-methods\/","og_locale":"fi_FI","og_type":"article","og_title":"Payment Methods","og_description":"Shop confidently with Miisoodoll! Select from our secure payment options for a hassle-free checkout experience. Fast, safe, and convenient payment methods.","og_url":"https:\/\/www.miisoo.com\/fi\/payment-methods\/","og_site_name":"MiisooDoll","article_publisher":"https:\/\/www.facebook.com\/miisoodoll","article_modified_time":"2023-12-22T12:23:27+00:00","og_image":[{"url":"https:\/\/www.miisoo.com\/wp-content\/uploads\/2019\/05\/icon-box-1.png"}],"twitter_card":"summary_large_image","twitter_site":"@MiisooSexDolls","twitter_misc":{"Arvioitu lukuaika":"3 minuuttia"},"schema":{"@context":"https:\/\/schema.org","@graph":[{"@type":"WebPage","@id":"https:\/\/www.miisoo.com\/payment-methods\/","url":"https:\/\/www.miisoo.com\/payment-methods\/","name":"Choose Your Preferred & Secure Payment Method at Miisoodoll","isPartOf":{"@id":"https:\/\/www.miisoo.com\/#website"},"primaryImageOfPage":{"@id":"https:\/\/www.miisoo.com\/payment-methods\/#primaryimage"},"image":{"@id":"https:\/\/www.miisoo.com\/payment-methods\/#primaryimage"},"thumbnailUrl":"https:\/\/www.miisoo.com\/wp-content\/uploads\/2019\/05\/icon-box-1.png","datePublished":"2017-12-18T10:08:41+00:00","dateModified":"2023-12-22T12:23:27+00:00","description":"Shop confidently with Miisoodoll! Select from our secure payment options for a hassle-free checkout experience. Fast, safe, and convenient payment methods.","breadcrumb":{"@id":"https:\/\/www.miisoo.com\/payment-methods\/#breadcrumb"},"inLanguage":"fi","potentialAction":[{"@type":"ReadAction","target":["https:\/\/www.miisoo.com\/payment-methods\/"]}]},{"@type":"ImageObject","inLanguage":"fi","@id":"https:\/\/www.miisoo.com\/payment-methods\/#primaryimage","url":"https:\/\/www.miisoo.com\/wp-content\/uploads\/2019\/05\/icon-box-1.png","contentUrl":"https:\/\/www.miisoo.com\/wp-content\/uploads\/2019\/05\/icon-box-1.png"},{"@type":"BreadcrumbList","@id":"https:\/\/www.miisoo.com\/payment-methods\/#breadcrumb","itemListElement":[{"@type":"ListItem","position":1,"name":"Home","item":"https:\/\/www.miisoo.com\/"},{"@type":"ListItem","position":2,"name":"Payment Methods"}]},{"@type":"WebSite","@id":"https:\/\/www.miisoo.com\/#website","url":"https:\/\/www.miisoo.com\/","name":"MiisooDoll","description":"Sexual Doll, Real Sex Dolls, Love Doll, Best Sex Dolls","publisher":{"@id":"https:\/\/www.miisoo.com\/#organization"},"potentialAction":[{"@type":"SearchAction","target":{"@type":"EntryPoint","urlTemplate":"https:\/\/www.miisoo.com\/?s={search_term_string}"},"query-input":"required name=search_term_string"}],"inLanguage":"fi"},{"@type":"Organization","@id":"https:\/\/www.miisoo.com\/#organization","name":"MiisooDoll","url":"https:\/\/www.miisoo.com\/","logo":{"@type":"ImageObject","inLanguage":"fi","@id":"https:\/\/www.miisoo.com\/#\/schema\/logo\/image\/","url":"https:\/\/www.miisoo.com\/wp-content\/uploads\/2020\/09\/logo-botton.png","contentUrl":"https:\/\/www.miisoo.com\/wp-content\/uploads\/2020\/09\/logo-botton.png","width":181,"height":42,"caption":"MiisooDoll"},"image":{"@id":"https:\/\/www.miisoo.com\/#\/schema\/logo\/image\/"},"sameAs":["https:\/\/www.facebook.com\/miisoodoll","https:\/\/x.com\/MiisooSexDolls"]}]}},"_links":{"self":[{"href":"https:\/\/www.miisoo.com\/fi\/wp-json\/wp\/v2\/pages\/1955","targetHints":{"allow":["GET"]}}],"collection":[{"href":"https:\/\/www.miisoo.com\/fi\/wp-json\/wp\/v2\/pages"}],"about":[{"href":"https:\/\/www.miisoo.com\/fi\/wp-json\/wp\/v2\/types\/page"}],"author":[{"embeddable":true,"href":"https:\/\/www.miisoo.com\/fi\/wp-json\/wp\/v2\/users\/455"}],"replies":[{"embeddable":true,"href":"https:\/\/www.miisoo.com\/fi\/wp-json\/wp\/v2\/comments?post=1955"}],"version-history":[{"count":1,"href":"https:\/\/www.miisoo.com\/fi\/wp-json\/wp\/v2\/pages\/1955\/revisions"}],"predecessor-version":[{"id":34677,"href":"https:\/\/www.miisoo.com\/fi\/wp-json\/wp\/v2\/pages\/1955\/revisions\/34677"}],"wp:attachment":[{"href":"https:\/\/www.miisoo.com\/fi\/wp-json\/wp\/v2\/media?parent=1955"}],"curies":[{"name":"wp","href":"https:\/\/api.w.org\/{rel}","templated":true}]}}