{"id":129,"date":"2017-11-28T08:26:45","date_gmt":"2017-11-28T08:26:45","guid":{"rendered":"http:\/\/demo2.drfuri.com\/martfury13\/?page_id=129"},"modified":"2023-12-22T19:57:32","modified_gmt":"2023-12-22T11:57:32","slug":"about-miisoo-sex-dolls-online","status":"publish","type":"page","link":"https:\/\/www.miisoo.com\/fi\/about-miisoo-sex-dolls-online\/","title":{"rendered":"Meist\u00e4"},"content":{"rendered":"<div data-elementor-type=\"wp-post\" data-elementor-id=\"129\" class=\"elementor elementor-129\" data-elementor-post-type=\"page\">\n\t\t\t\t\t\t<section class=\"elementor-section elementor-top-section elementor-element elementor-element-499101e2 elementor-section-full_width elementor-section-stretched elementor-section-height-default elementor-section-height-default\" data-id=\"499101e2\" data-element_type=\"section\" data-settings=\"{&quot;stretch_section&quot;:&quot;section-stretched&quot;}\">\n\t\t\t\t\t\t<div class=\"elementor-container elementor-column-gap-no\">\n\t\t\t\t\t<div class=\"elementor-column elementor-col-100 elementor-top-column elementor-element elementor-element-3ca9cf60\" data-id=\"3ca9cf60\" data-element_type=\"column\">\n\t\t\t<div class=\"elementor-widget-wrap elementor-element-populated\">\n\t\t\t\t\t\t<div class=\"elementor-element elementor-element-54251667 elementor-widget elementor-widget-image\" data-id=\"54251667\" data-element_type=\"widget\" data-widget_type=\"image.default\">\n\t\t\t\t<div class=\"elementor-widget-container\">\n\t\t\t\t\t\t\t\t\t\t\t\t\t\t\t<img fetchpriority=\"high\" decoding=\"async\" width=\"1536\" height=\"480\" src=\"https:\/\/www.miisoo.com\/wp-content\/uploads\/2020\/12\/banner-sex-doll-1.jpg\" class=\"attachment-full size-full wp-image-7398\" alt=\"\" srcset=\"https:\/\/www.miisoo.com\/wp-content\/uploads\/2020\/12\/banner-sex-doll-1.jpg 1536w, https:\/\/www.miisoo.com\/wp-content\/uploads\/2020\/12\/banner-sex-doll-1-300x94.jpg 300w, https:\/\/www.miisoo.com\/wp-content\/uploads\/2020\/12\/banner-sex-doll-1-1024x320.jpg 1024w, https:\/\/www.miisoo.com\/wp-content\/uploads\/2020\/12\/banner-sex-doll-1-768x240.jpg 768w, https:\/\/www.miisoo.com\/wp-content\/uploads\/2020\/12\/banner-sex-doll-1-370x116.jpg 370w, https:\/\/www.miisoo.com\/wp-content\/uploads\/2020\/12\/banner-sex-doll-1-600x188.jpg 600w\" sizes=\"(max-width: 1536px) 100vw, 1536px\" \/>\t\t\t\t\t\t\t\t\t\t\t\t\t\t\t<\/div>\n\t\t\t\t<\/div>\n\t\t\t\t<div class=\"elementor-element elementor-element-a61e060 elementor-widget elementor-widget-spacer\" data-id=\"a61e060\" data-element_type=\"widget\" data-widget_type=\"spacer.default\">\n\t\t\t\t<div class=\"elementor-widget-container\">\n\t\t\t\t\t\t\t<div class=\"elementor-spacer\">\n\t\t\t<div class=\"elementor-spacer-inner\"><\/div>\n\t\t<\/div>\n\t\t\t\t\t\t<\/div>\n\t\t\t\t<\/div>\n\t\t\t\t\t<\/div>\n\t\t<\/div>\n\t\t\t\t\t<\/div>\n\t\t<\/section>\n\t\t\t\t<section class=\"elementor-section elementor-top-section elementor-element elementor-element-3ff6745a elementor-section-boxed elementor-section-height-default elementor-section-height-default\" data-id=\"3ff6745a\" data-element_type=\"section\">\n\t\t\t\t\t\t<div class=\"elementor-container elementor-column-gap-extended\">\n\t\t\t\t\t<div class=\"elementor-column elementor-col-16 elementor-top-column elementor-element elementor-element-5847672a\" data-id=\"5847672a\" data-element_type=\"column\">\n\t\t\t<div class=\"elementor-widget-wrap\">\n\t\t\t\t\t\t\t<\/div>\n\t\t<\/div>\n\t\t\t\t<div class=\"elementor-column elementor-col-66 elementor-top-column elementor-element elementor-element-31cd9c6a\" data-id=\"31cd9c6a\" data-element_type=\"column\">\n\t\t\t<div class=\"elementor-widget-wrap elementor-element-populated\">\n\t\t\t\t\t\t<div class=\"elementor-element elementor-element-4596bb93 elementor-widget elementor-widget-heading\" data-id=\"4596bb93\" data-element_type=\"widget\" data-widget_type=\"heading.default\">\n\t\t\t\t<div class=\"elementor-widget-container\">\n\t\t\t\t\t<h1 class=\"elementor-heading-title elementor-size-default\">Tietoja Miisoodollista<\/h1>\t\t\t\t<\/div>\n\t\t\t\t<\/div>\n\t\t\t\t<div class=\"elementor-element elementor-element-24950485 elementor-widget elementor-widget-spacer\" data-id=\"24950485\" data-element_type=\"widget\" data-widget_type=\"spacer.default\">\n\t\t\t\t<div class=\"elementor-widget-container\">\n\t\t\t\t\t\t\t<div class=\"elementor-spacer\">\n\t\t\t<div class=\"elementor-spacer-inner\"><\/div>\n\t\t<\/div>\n\t\t\t\t\t\t<\/div>\n\t\t\t\t<\/div>\n\t\t\t\t<div class=\"elementor-element elementor-element-ac8375b elementor-widget elementor-widget-heading\" data-id=\"ac8375b\" data-element_type=\"widget\" data-widget_type=\"heading.default\">\n\t\t\t\t<div class=\"elementor-widget-container\">\n\t\t\t\t\t<h2 class=\"elementor-heading-title elementor-size-default\"><a href=\"http:\/\/www.miisoo.com\/fi\/\">Sex Doll -verkkokauppa, Tervetuloa miisoo.com-sivustolle, olemme yksi alan parhaista Realististen seksinukkejen valmistajista ja myyjist\u00e4.<\/a><\/h2>\t\t\t\t<\/div>\n\t\t\t\t<\/div>\n\t\t\t\t<div class=\"elementor-element elementor-element-2362e4d6 elementor-widget elementor-widget-spacer\" data-id=\"2362e4d6\" data-element_type=\"widget\" data-widget_type=\"spacer.default\">\n\t\t\t\t<div class=\"elementor-widget-container\">\n\t\t\t\t\t\t\t<div class=\"elementor-spacer\">\n\t\t\t<div class=\"elementor-spacer-inner\"><\/div>\n\t\t<\/div>\n\t\t\t\t\t\t<\/div>\n\t\t\t\t<\/div>\n\t\t\t\t<div class=\"elementor-element elementor-element-d352fa4 elementor-widget elementor-widget-text-editor\" data-id=\"d352fa4\" data-element_type=\"widget\" data-widget_type=\"text-editor.default\">\n\t\t\t\t<div class=\"elementor-widget-container\">\n\t\t\t\t\t\t\t\t\t<p>MIISOO on perustettu vuonna 2016 ja meill\u00e4 on oma nukketehdas. N\u00e4in voimme saavuttaa todellisen laadun ja yksityiskohtien hallinnan. Jokainen nukkemme on k\u00e4sin veistetty mestarin toimesta, jolla on 20 vuoden kokemus. Prosessissa k\u00e4yt\u00e4mme edistyneit\u00e4 tieteellisi\u00e4 tutkimustekniikoita ja t\u00e4ydellisi\u00e4 prosesseja. Filosofiamme on kehitt\u00e4\u00e4 ja valmistaa kaikkein realistisimpia nukkeja. Tuo paras kokemus asiakkaille.<\/p>\t\t\t\t\t\t\t\t<\/div>\n\t\t\t\t<\/div>\n\t\t\t\t<div class=\"elementor-element elementor-element-d8451a0 elementor-widget elementor-widget-heading\" data-id=\"d8451a0\" data-element_type=\"widget\" data-widget_type=\"heading.default\">\n\t\t\t\t<div class=\"elementor-widget-container\">\n\t\t\t\t\t<h2 class=\"elementor-heading-title elementor-size-default\">Ty\u00f6skentely Famous Brandin kanssa<\/h2>\t\t\t\t<\/div>\n\t\t\t\t<\/div>\n\t\t\t\t<div class=\"elementor-element elementor-element-2b352d0 elementor-widget elementor-widget-spacer\" data-id=\"2b352d0\" data-element_type=\"widget\" data-widget_type=\"spacer.default\">\n\t\t\t\t<div class=\"elementor-widget-container\">\n\t\t\t\t\t\t\t<div class=\"elementor-spacer\">\n\t\t\t<div class=\"elementor-spacer-inner\"><\/div>\n\t\t<\/div>\n\t\t\t\t\t\t<\/div>\n\t\t\t\t<\/div>\n\t\t\t\t<div class=\"elementor-element elementor-element-1634f43 elementor-widget elementor-widget-text-editor\" data-id=\"1634f43\" data-element_type=\"widget\" data-widget_type=\"text-editor.default\">\n\t\t\t\t<div class=\"elementor-widget-container\">\n\t\t\t\t\t\t\t\t\t<p><span style=\"color: var( --e-global-color-text ); font-family: inherit; font-weight: var( --e-global-typography-text-font-weight );\">Samaan aikaan teemme yhteisty\u00f6t\u00e4 my\u00f6s alan tunnettujen tuotemerkkien kanssa, kuten: WM, Dollhouse 168 ja niin edelleen. Teollisuus on tunnustanut sen yksimielisesti. T\u00e4ll\u00e4 hetkell\u00e4 MIISOO seksinukkeverkkokauppa jakautuu karkeasti edullisiin TPE-nukkeihin ja laadukkaisiin silikoninukkeihin. L\u00f6yd\u00e4t myym\u00e4l\u00e4st\u00e4mme suosittuja eurooppalaisia naisia, lempeit\u00e4 aasialaisia tytt\u00f6j\u00e4, urosnukkeja, anime- ja keijunukkeja. Tietenkin otamme vastaan my\u00f6s r\u00e4\u00e4t\u00e4l\u00f6ityj\u00e4 nukkeja. Kerro meille vain tiedot unelmistasi. ja voimme varmasti vastata tarpeisiisi.<\/span><\/p><p>T\u00e4ll\u00e4 hetkell\u00e4 Talking smart-nuket ja puhtaat silikoni-nuket ovat myym\u00e4l\u00e4mme erikoistuotteita. Ne her\u00e4tt\u00e4v\u00e4t monien asiakkaiden huomion ja tuovat heille ennenn\u00e4kem\u00e4tt\u00f6m\u00e4n kokemuksen. Pid\u00e4 hauskaa.<\/p>\t\t\t\t\t\t\t\t<\/div>\n\t\t\t\t<\/div>\n\t\t\t\t<div class=\"elementor-element elementor-element-5873c051 elementor-widget elementor-widget-spacer\" data-id=\"5873c051\" data-element_type=\"widget\" data-widget_type=\"spacer.default\">\n\t\t\t\t<div class=\"elementor-widget-container\">\n\t\t\t\t\t\t\t<div class=\"elementor-spacer\">\n\t\t\t<div class=\"elementor-spacer-inner\"><\/div>\n\t\t<\/div>\n\t\t\t\t\t\t<\/div>\n\t\t\t\t<\/div>\n\t\t\t\t\t<\/div>\n\t\t<\/div>\n\t\t\t\t<div class=\"elementor-column elementor-col-16 elementor-top-column elementor-element elementor-element-5e91253d\" data-id=\"5e91253d\" data-element_type=\"column\">\n\t\t\t<div class=\"elementor-widget-wrap\">\n\t\t\t\t\t\t\t<\/div>\n\t\t<\/div>\n\t\t\t\t\t<\/div>\n\t\t<\/section>\n\t\t\t\t<section class=\"elementor-section elementor-top-section elementor-element elementor-element-524da24c elementor-section-boxed elementor-section-height-default elementor-section-height-default\" data-id=\"524da24c\" data-element_type=\"section\" data-settings=\"{&quot;background_background&quot;:&quot;classic&quot;}\">\n\t\t\t\t\t\t<div class=\"elementor-container elementor-column-gap-extended\">\n\t\t\t\t\t<div class=\"elementor-column elementor-col-100 elementor-top-column elementor-element elementor-element-3b0f7e92\" data-id=\"3b0f7e92\" data-element_type=\"column\">\n\t\t\t<div class=\"elementor-widget-wrap elementor-element-populated\">\n\t\t\t\t\t\t<section class=\"elementor-section elementor-inner-section elementor-element elementor-element-3b546ae0 elementor-section-boxed elementor-section-height-default elementor-section-height-default\" data-id=\"3b546ae0\" data-element_type=\"section\">\n\t\t\t\t\t\t<div class=\"elementor-container elementor-column-gap-extended\">\n\t\t\t\t\t<div class=\"elementor-column elementor-col-33 elementor-inner-column elementor-element elementor-element-183a324a\" data-id=\"183a324a\" data-element_type=\"column\">\n\t\t\t<div class=\"elementor-widget-wrap\">\n\t\t\t\t\t\t\t<\/div>\n\t\t<\/div>\n\t\t\t\t<div class=\"elementor-column elementor-col-33 elementor-inner-column elementor-element elementor-element-59275da8\" data-id=\"59275da8\" data-element_type=\"column\">\n\t\t\t<div class=\"elementor-widget-wrap elementor-element-populated\">\n\t\t\t\t\t\t<div class=\"elementor-element elementor-element-2080949 elementor-widget elementor-widget-spacer\" data-id=\"2080949\" data-element_type=\"widget\" data-widget_type=\"spacer.default\">\n\t\t\t\t<div class=\"elementor-widget-container\">\n\t\t\t\t\t\t\t<div class=\"elementor-spacer\">\n\t\t\t<div class=\"elementor-spacer-inner\"><\/div>\n\t\t<\/div>\n\t\t\t\t\t\t<\/div>\n\t\t\t\t<\/div>\n\t\t\t\t<div class=\"elementor-element elementor-element-2987dd14 elementor-widget elementor-widget-heading\" data-id=\"2987dd14\" data-element_type=\"widget\" data-widget_type=\"heading.default\">\n\t\t\t\t<div class=\"elementor-widget-container\">\n\t\t\t\t\t<h2 class=\"elementor-heading-title elementor-size-default\"><strong>MIKSI OSTA MEILT\u00c4?<\/strong><\/h2>\t\t\t\t<\/div>\n\t\t\t\t<\/div>\n\t\t\t\t<div class=\"elementor-element elementor-element-47090e99 elementor-widget elementor-widget-spacer\" data-id=\"47090e99\" data-element_type=\"widget\" data-widget_type=\"spacer.default\">\n\t\t\t\t<div class=\"elementor-widget-container\">\n\t\t\t\t\t\t\t<div class=\"elementor-spacer\">\n\t\t\t<div class=\"elementor-spacer-inner\"><\/div>\n\t\t<\/div>\n\t\t\t\t\t\t<\/div>\n\t\t\t\t<\/div>\n\t\t\t\t<div class=\"elementor-element elementor-element-7ff0e7fb elementor-widget elementor-widget-text-editor\" data-id=\"7ff0e7fb\" data-element_type=\"widget\" data-widget_type=\"text-editor.default\">\n\t\t\t\t<div class=\"elementor-widget-container\">\n\t\t\t\t\t\t\t\t\t<p>No monesta syyst\u00e4:<\/p><p><strong>Ensimm\u00e4inen<\/strong>, MIISOO tuotemerkki on yksinkertaisesti yksi parhaista seksinukkemaailmasta nyky\u00e4\u00e4n. Premium TPE -seksinuket on t\u00e4ll\u00e4 hetkell\u00e4 eritt\u00e4in suosittuja niiden keskuudessa, jotka rakastavat todellisia nukkeja.<\/p><p>Se, mik\u00e4 erottaa MIISOO DOLL -br\u00e4ndin kilpailijoistaan, on ep\u00e4ilem\u00e4tt\u00e4 sukupuoliaukkojen (em\u00e4ttimen, per\u00e4aukon) muovauksen hienojen yksityiskohtien taso. Niiden ulkon\u00e4k\u00f6 on yksinkertaisesti t\u00e4ydellinen kopio todellisuutta. Ja mielihyv\u00e4n tunteesi voivat vain moninkertaistua.<\/p><p><strong>Toinen,\u00a0<\/strong>suhtaudumme hillitysti toimitukseen ja k\u00e4sittelyyn. laskutusotteet n\u00e4kyv\u00e4t my\u00f6s erillisell\u00e4 nimell\u00e4, jotta kukaan muu kuin sin\u00e4 ja yritys eiv\u00e4t tied\u00e4, mit\u00e4 mielenkiintoisia tuotteita ostit.<\/p><p><strong>Kolmas<\/strong>, korkea laatu Alhaiset hinnat ovat MIISOO-nuken vision, liikeidean ja konseptin kulmakivi. Kaikkien MIISOO seksinukkejen perusajatuksena on, ett\u00e4 halvat hinnat tarjoavat hyvin suunniteltuja, toimivia seksinukkeja kaikkien saataville. Loppujen lopuksi visiomme on luoda parempi seksiel\u00e4m\u00e4 monille ihmisille.<\/p><p>Sen sijaan, ett\u00e4 ostaisimme seksinukkeja tukkukauppiailta ja v\u00e4litt\u00e4jilt\u00e4, valmistamme n\u00e4m\u00e4 seksinuket suoraan tehtaaltamme. Mutta loppujen lopuksi se on sen arvoista, koska sen avulla voimme tarjota sinulle korkealaatuisimpia seksinukkeja alhaisin mahdollisin hinnoin.<\/p><p>Pyrimme jatkuvasti tekem\u00e4\u00e4n kaiken hieman paremmin, v\u00e4h\u00e4n yksinkertaisemmin, tehokkaammin ja aina kustannustehokkaammin. Kaikilla MIISOO:n ty\u00f6ntekij\u00f6ill\u00e4 on t\u00e4rke\u00e4 rooli alhaisten hintojen luomisessa, joita voimme sitten tarjota.<\/p><p><strong>Lopulta<\/strong>, paras asiakaspalvelu. Asiakaspalvelumme pyrkii olemaan mahdollisimman avulias pystyen reagoimaan ja selviytym\u00e4\u00e4n l\u00e4hes kaikissa tilanteissa yst\u00e4v\u00e4llisesti. He ovat k\u00e4ytett\u00e4viss\u00e4 24\/7 ja 365 p\u00e4iv\u00e4\u00e4 vuodessa auttaakseen vastaamaan kaikkiin kysymyksiisi tai huolenaiheisiisi. Tutustu valikoimaamme ja valitse itsellesi sopiva nukke, et tule pettym\u00e4\u00e4n!\u00a0<\/p><p>Kanssa <strong>yli 2000 luotettavaa arvostelua<\/strong>\u00a0nukeissamme. Olemme ylpeit\u00e4 voidessamme varmistaa, ett\u00e4 asiakkaamme ovat 100% tyytyv\u00e4isi\u00e4 tuotteisiimme varmistamalla vain parhaat materiaalit, nopeimmat toimitukset, edullisimmat hinnat, ensiluokkainen asiakaspalvelu ja varmistamalla yksityisyytesi.<\/p><p>Emme koskaan jaa tietojasi kenenk\u00e4\u00e4n kanssa! Pakettisi saapuu 100% huomaamattomasti ja pakkauksessa, joka n\u00e4ytt\u00e4\u00e4 samalta kuin mik\u00e4 tahansa muu paketti, jonka tavallisesti saisit. Kukaan muu kuin sin\u00e4 ja me tied\u00e4mme, ett\u00e4 tilasit rakkausnuken<\/p>\t\t\t\t\t\t\t\t<\/div>\n\t\t\t\t<\/div>\n\t\t\t\t<div class=\"elementor-element elementor-element-3590d165 elementor-widget elementor-widget-spacer\" data-id=\"3590d165\" data-element_type=\"widget\" data-widget_type=\"spacer.default\">\n\t\t\t\t<div class=\"elementor-widget-container\">\n\t\t\t\t\t\t\t<div class=\"elementor-spacer\">\n\t\t\t<div class=\"elementor-spacer-inner\"><\/div>\n\t\t<\/div>\n\t\t\t\t\t\t<\/div>\n\t\t\t\t<\/div>\n\t\t\t\t\t<\/div>\n\t\t<\/div>\n\t\t\t\t<div class=\"elementor-column elementor-col-33 elementor-inner-column elementor-element elementor-element-ffc00e2\" data-id=\"ffc00e2\" data-element_type=\"column\">\n\t\t\t<div class=\"elementor-widget-wrap\">\n\t\t\t\t\t\t\t<\/div>\n\t\t<\/div>\n\t\t\t\t\t<\/div>\n\t\t<\/section>\n\t\t\t\t<section class=\"elementor-section elementor-inner-section elementor-element elementor-element-2e8b9d4b elementor-section-boxed elementor-section-height-default elementor-section-height-default\" data-id=\"2e8b9d4b\" data-element_type=\"section\">\n\t\t\t\t\t\t<div class=\"elementor-container elementor-column-gap-extended\">\n\t\t\t\t\t<div class=\"elementor-column elementor-col-100 elementor-inner-column elementor-element elementor-element-36ed4d7e\" data-id=\"36ed4d7e\" data-element_type=\"column\">\n\t\t\t<div class=\"elementor-widget-wrap elementor-element-populated\">\n\t\t\t\t\t\t<div class=\"elementor-element elementor-element-4d3ab6d1 columns--mobile3 columns--tablet3 columns-5 elementor-widget elementor-widget-martfury-images-grid\" data-id=\"4d3ab6d1\" data-element_type=\"widget\" data-widget_type=\"martfury-images-grid.default\">\n\t\t\t\t<div class=\"elementor-widget-container\">\n\t\t\t\t\t<div class=\"mf-images-gallery mf-images-gallery--grid\"><div class=\"images-list\"><div class=\"image-item\"><div class=\"image-item__wrapper\"><a href=\"#\" target=\"_blank\" rel=\"nofollow\" class=\"img-link\"><img decoding=\"async\" width=\"140\" height=\"46\" src=\"https:\/\/www.miisoo.com\/wp-content\/uploads\/2019\/05\/partner-1.png\" class=\"attachment-full size-full wp-image-2782\" alt=\"\" \/><\/a><\/div><\/div><div class=\"image-item\"><div class=\"image-item__wrapper\"><a href=\"#\" target=\"_blank\" rel=\"nofollow\" class=\"img-link\"><img decoding=\"async\" width=\"150\" height=\"28\" src=\"https:\/\/www.miisoo.com\/wp-content\/uploads\/2020\/06\/partner-2.png\" class=\"attachment-full size-full wp-image-4100\" alt=\"\" \/><\/a><\/div><\/div><div class=\"image-item\"><div class=\"image-item__wrapper\"><a href=\"#\" target=\"_blank\" rel=\"nofollow\" class=\"img-link\"><img decoding=\"async\" src=\"https:\/\/drfuri-demo-images.s3-us-west-1.amazonaws.com\/martfury\/electronic\/images\/partner-3.png\" title=\"\" alt=\"\" loading=\"lazy\" \/><\/a><\/div><\/div><div class=\"image-item\"><div class=\"image-item__wrapper\"><a href=\"#\" target=\"_blank\" rel=\"nofollow\" class=\"img-link\"><img loading=\"lazy\" decoding=\"async\" width=\"128\" height=\"48\" src=\"https:\/\/www.miisoo.com\/wp-content\/uploads\/2020\/06\/partner-5.png\" class=\"attachment-full size-full wp-image-4103\" alt=\"\" \/><\/a><\/div><\/div><div class=\"image-item\"><div class=\"image-item__wrapper\"><a href=\"#\" target=\"_blank\" rel=\"nofollow\" class=\"img-link\"><img loading=\"lazy\" decoding=\"async\" width=\"95\" height=\"54\" src=\"https:\/\/www.miisoo.com\/wp-content\/uploads\/2020\/06\/partner-4.png\" class=\"attachment-full size-full wp-image-4102\" alt=\"\" \/><\/a><\/div><\/div><\/div><\/div>\t\t\t\t<\/div>\n\t\t\t\t<\/div>\n\t\t\t\t<div class=\"elementor-element elementor-element-2bd84a02 elementor-widget elementor-widget-spacer\" data-id=\"2bd84a02\" data-element_type=\"widget\" data-widget_type=\"spacer.default\">\n\t\t\t\t<div class=\"elementor-widget-container\">\n\t\t\t\t\t\t\t<div class=\"elementor-spacer\">\n\t\t\t<div class=\"elementor-spacer-inner\"><\/div>\n\t\t<\/div>\n\t\t\t\t\t\t<\/div>\n\t\t\t\t<\/div>\n\t\t\t\t\t<\/div>\n\t\t<\/div>\n\t\t\t\t\t<\/div>\n\t\t<\/section>\n\t\t\t\t\t<\/div>\n\t\t<\/div>\n\t\t\t\t\t<\/div>\n\t\t<\/section>\n\t\t\t\t<\/div>","protected":false},"excerpt":{"rendered":"<p>Tietoja MiisooDoll-seksinukkeverkkokaupasta, tervetuloa miisoo.com-sivustolle, olemme yksi alan johtavista realististen seksinukkien valmistajista ja myyjist\u00e4. MIISOO perustettiin vuonna 2016, ja meill\u00e4 on oma nukketehdas. Joten voimme saavuttaa todellisen laadun ja yksityiskohtien hallinnan. Jokainen nukkemme on mestarin k\u00e4sin veist\u00e4m\u00e4\u2026<\/p>","protected":false},"author":455,"featured_media":0,"parent":0,"menu_order":0,"comment_status":"closed","ping_status":"closed","template":"template-full-width.php","meta":{"footnotes":""},"class_list":["post-129","page","type-page","status-publish","hentry"],"yoast_head":"<!-- This site is optimized with the Yoast SEO Premium plugin v22.6 (Yoast SEO v22.9) - https:\/\/yoast.com\/wordpress\/plugins\/seo\/ -->\n<title>About Miisoo | Your Trusted Sex Doll Source | MiisooDoll<\/title>\n<meta name=\"description\" content=\"Discover the essence of Miisoo at the forefront of the sex doll industry. Your trusted source for lifelike companions. Explore the story behind MiisooDoll.\" \/>\n<meta name=\"robots\" content=\"index, follow, max-snippet:-1, max-image-preview:large, max-video-preview:-1\" \/>\n<link rel=\"canonical\" href=\"https:\/\/www.miisoo.com\/fi\/about-miisoo-sex-dolls-online\/\" \/>\n<meta property=\"og:locale\" content=\"fi_FI\" \/>\n<meta property=\"og:type\" content=\"article\" \/>\n<meta property=\"og:title\" content=\"About Us\" \/>\n<meta property=\"og:description\" content=\"Discover the essence of Miisoo at the forefront of the sex doll industry. Your trusted source for lifelike companions. Explore the story behind MiisooDoll.\" \/>\n<meta property=\"og:url\" content=\"https:\/\/www.miisoo.com\/fi\/about-miisoo-sex-dolls-online\/\" \/>\n<meta property=\"og:site_name\" content=\"MiisooDoll\" \/>\n<meta property=\"article:publisher\" content=\"https:\/\/www.facebook.com\/miisoodoll\" \/>\n<meta property=\"article:modified_time\" content=\"2023-12-22T11:57:32+00:00\" \/>\n<meta property=\"og:image\" content=\"https:\/\/www.miisoo.com\/wp-content\/uploads\/2020\/12\/banner-sex-doll-1.jpg\" \/>\n<meta name=\"twitter:card\" content=\"summary_large_image\" \/>\n<meta name=\"twitter:site\" content=\"@MiisooSexDolls\" \/>\n<meta name=\"twitter:label1\" content=\"Arvioitu lukuaika\" \/>\n\t<meta name=\"twitter:data1\" content=\"4 minuuttia\" \/>\n<!-- \/ Yoast SEO Premium plugin. -->","yoast_head_json":{"title":"About Miisoo | Your Trusted Sex Doll Source | MiisooDoll","description":"Discover the essence of Miisoo at the forefront of the sex doll industry. Your trusted source for lifelike companions. Explore the story behind MiisooDoll.","robots":{"index":"index","follow":"follow","max-snippet":"max-snippet:-1","max-image-preview":"max-image-preview:large","max-video-preview":"max-video-preview:-1"},"canonical":"https:\/\/www.miisoo.com\/fi\/about-miisoo-sex-dolls-online\/","og_locale":"fi_FI","og_type":"article","og_title":"About Us","og_description":"Discover the essence of Miisoo at the forefront of the sex doll industry. Your trusted source for lifelike companions. Explore the story behind MiisooDoll.","og_url":"https:\/\/www.miisoo.com\/fi\/about-miisoo-sex-dolls-online\/","og_site_name":"MiisooDoll","article_publisher":"https:\/\/www.facebook.com\/miisoodoll","article_modified_time":"2023-12-22T11:57:32+00:00","og_image":[{"url":"https:\/\/www.miisoo.com\/wp-content\/uploads\/2020\/12\/banner-sex-doll-1.jpg"}],"twitter_card":"summary_large_image","twitter_site":"@MiisooSexDolls","twitter_misc":{"Arvioitu lukuaika":"4 minuuttia"},"schema":{"@context":"https:\/\/schema.org","@graph":[{"@type":"WebPage","@id":"https:\/\/www.miisoo.com\/about-miisoo-sex-dolls-online\/","url":"https:\/\/www.miisoo.com\/about-miisoo-sex-dolls-online\/","name":"About Miisoo | Your Trusted Sex Doll Source | MiisooDoll","isPartOf":{"@id":"https:\/\/www.miisoo.com\/#website"},"primaryImageOfPage":{"@id":"https:\/\/www.miisoo.com\/about-miisoo-sex-dolls-online\/#primaryimage"},"image":{"@id":"https:\/\/www.miisoo.com\/about-miisoo-sex-dolls-online\/#primaryimage"},"thumbnailUrl":"https:\/\/www.miisoo.com\/wp-content\/uploads\/2020\/12\/banner-sex-doll-1.jpg","datePublished":"2017-11-28T08:26:45+00:00","dateModified":"2023-12-22T11:57:32+00:00","description":"Discover the essence of Miisoo at the forefront of the sex doll industry. Your trusted source for lifelike companions. Explore the story behind MiisooDoll.","breadcrumb":{"@id":"https:\/\/www.miisoo.com\/about-miisoo-sex-dolls-online\/#breadcrumb"},"inLanguage":"fi","potentialAction":[{"@type":"ReadAction","target":["https:\/\/www.miisoo.com\/about-miisoo-sex-dolls-online\/"]}]},{"@type":"ImageObject","inLanguage":"fi","@id":"https:\/\/www.miisoo.com\/about-miisoo-sex-dolls-online\/#primaryimage","url":"https:\/\/www.miisoo.com\/wp-content\/uploads\/2020\/12\/banner-sex-doll-1.jpg","contentUrl":"https:\/\/www.miisoo.com\/wp-content\/uploads\/2020\/12\/banner-sex-doll-1.jpg"},{"@type":"BreadcrumbList","@id":"https:\/\/www.miisoo.com\/about-miisoo-sex-dolls-online\/#breadcrumb","itemListElement":[{"@type":"ListItem","position":1,"name":"Home","item":"https:\/\/www.miisoo.com\/"},{"@type":"ListItem","position":2,"name":"About Us"}]},{"@type":"WebSite","@id":"https:\/\/www.miisoo.com\/#website","url":"https:\/\/www.miisoo.com\/","name":"MiisooDoll","description":"Sexual Doll, Real Sex Dolls, Love Doll, Best Sex Dolls","publisher":{"@id":"https:\/\/www.miisoo.com\/#organization"},"potentialAction":[{"@type":"SearchAction","target":{"@type":"EntryPoint","urlTemplate":"https:\/\/www.miisoo.com\/?s={search_term_string}"},"query-input":"required name=search_term_string"}],"inLanguage":"fi"},{"@type":"Organization","@id":"https:\/\/www.miisoo.com\/#organization","name":"MiisooDoll","url":"https:\/\/www.miisoo.com\/","logo":{"@type":"ImageObject","inLanguage":"fi","@id":"https:\/\/www.miisoo.com\/#\/schema\/logo\/image\/","url":"https:\/\/www.miisoo.com\/wp-content\/uploads\/2020\/09\/logo-botton.png","contentUrl":"https:\/\/www.miisoo.com\/wp-content\/uploads\/2020\/09\/logo-botton.png","width":181,"height":42,"caption":"MiisooDoll"},"image":{"@id":"https:\/\/www.miisoo.com\/#\/schema\/logo\/image\/"},"sameAs":["https:\/\/www.facebook.com\/miisoodoll","https:\/\/x.com\/MiisooSexDolls"]}]}},"_links":{"self":[{"href":"https:\/\/www.miisoo.com\/fi\/wp-json\/wp\/v2\/pages\/129","targetHints":{"allow":["GET"]}}],"collection":[{"href":"https:\/\/www.miisoo.com\/fi\/wp-json\/wp\/v2\/pages"}],"about":[{"href":"https:\/\/www.miisoo.com\/fi\/wp-json\/wp\/v2\/types\/page"}],"author":[{"embeddable":true,"href":"https:\/\/www.miisoo.com\/fi\/wp-json\/wp\/v2\/users\/455"}],"replies":[{"embeddable":true,"href":"https:\/\/www.miisoo.com\/fi\/wp-json\/wp\/v2\/comments?post=129"}],"version-history":[{"count":1,"href":"https:\/\/www.miisoo.com\/fi\/wp-json\/wp\/v2\/pages\/129\/revisions"}],"predecessor-version":[{"id":34666,"href":"https:\/\/www.miisoo.com\/fi\/wp-json\/wp\/v2\/pages\/129\/revisions\/34666"}],"wp:attachment":[{"href":"https:\/\/www.miisoo.com\/fi\/wp-json\/wp\/v2\/media?parent=129"}],"curies":[{"name":"wp","href":"https:\/\/api.w.org\/{rel}","templated":true}]}}