{"id":4494,"date":"2020-09-16T14:42:35","date_gmt":"2020-09-16T06:42:35","guid":{"rendered":"http:\/\/miisoo.com\/?page_id=4494"},"modified":"2023-12-22T20:07:15","modified_gmt":"2023-12-22T12:07:15","slug":"disclaimer-18","status":"publish","type":"page","link":"https:\/\/www.miisoo.com\/et\/disclaimer-18\/","title":{"rendered":"Kohustustest loobumine 18+"},"content":{"rendered":"<div data-elementor-type=\"wp-page\" data-elementor-id=\"4494\" class=\"elementor elementor-4494\" data-elementor-post-type=\"page\">\n\t\t\t\t\t\t<section class=\"elementor-section elementor-top-section elementor-element elementor-element-c76458e elementor-section-boxed elementor-section-height-default elementor-section-height-default\" data-id=\"c76458e\" data-element_type=\"section\">\n\t\t\t\t\t\t<div class=\"elementor-container elementor-column-gap-default\">\n\t\t\t\t\t<div class=\"elementor-column elementor-col-25 elementor-top-column elementor-element elementor-element-8b5e8e1\" data-id=\"8b5e8e1\" data-element_type=\"column\">\n\t\t\t<div class=\"elementor-widget-wrap\">\n\t\t\t\t\t\t\t<\/div>\n\t\t<\/div>\n\t\t\t\t<div class=\"elementor-column elementor-col-50 elementor-top-column elementor-element elementor-element-5afa608\" data-id=\"5afa608\" data-element_type=\"column\">\n\t\t\t<div class=\"elementor-widget-wrap elementor-element-populated\">\n\t\t\t\t\t\t<div class=\"elementor-element elementor-element-1111958 elementor-widget elementor-widget-text-editor\" data-id=\"1111958\" data-element_type=\"widget\" data-widget_type=\"text-editor.default\">\n\t\t\t\t<div class=\"elementor-widget-container\">\n\t\t\t\t\t\t\t\t\t<p>Viimati uuendatud 25. mail 2017 kell 10:23<\/p><p>HOIATUS. See sait sisaldab seksuaalse suunitlusega t\u00e4iskasvanutele m\u00f5eldud materjali, mis on m\u00f5eldud 18-aastastele v\u00f5i vanematele isikutele. Kui te ei ole veel 18. Seda saiti vaadates n\u00f5ustute, et m\u00f5istate j\u00e4rgmisi tingimusi:<\/p><p><strong>18-AASTASED JA VANEMAD<\/strong><\/p><p>MIISOO.com ei saa keelata alaealistel selle saidi k\u00fclastamist. Vanemad v\u00f5i eestkostjad vastutavad laste ja noorukite j\u00e4relevalve eest, milliseid materjale nad saavad vaadata. MIISOO.com n\u00f5uab, et k\u00f5ik ostud sooritaksid \u00fcle 18-aastased isikud.<\/p><p><strong>AUTORI\u00d5IGUS<\/strong><\/p><p>Kui pole teisiti m\u00e4rgitud, on k\u00f5ik sellel saidil ilmuvad materjalid, sealhulgas tekst, saidi kujundus, logod, graafika, ikoonid ja pildid, samuti nende valik, kokkupanek ja paigutus, MIISOO.com ainuomand. V\u00f5ite kasutada selle saidi sisu ainult sellel saidil ostmiseks v\u00f5i sellel saidil tellimuse esitamiseks ja mitte mingil muul eesm\u00e4rgil. Selle saidi materjale ei tohi kopeerida, reprodutseerida, muuta, uuesti avaldada, \u00fcles laadida, postitada, edastada ega levitada \u00fchelgi kujul ega mistahes vahenditega ilma MIISOO.com eelneva kirjaliku loata. K\u00f5ik \u00f5igused, mida siin pole selges\u00f5naliselt antud, on reserveeritud. Sellel saidil olevate materjalide volitamata kasutamine v\u00f5ib rikkuda autori\u00f5igusi, kaubam\u00e4rke ja muid kohaldatavaid seadusi ning kaasa tuua kriminaal- v\u00f5i tsiviilkaristused.<\/p><p><strong>LAHTI\u00dcTLEMINE<\/strong><\/p><p>See veebisait on teile antud &quot;nagu on&quot; ilma mis tahes otsese v\u00f5i kaudse garantiita. Veebisaiti kasutades n\u00f5ustute kandma k\u00f5iki nende veebisaitide kasutamisega seotud riske ja n\u00f5ustute kaitsma MIISOO.com-i, selle ametnikke, direktoreid, t\u00f6\u00f6tajaid ja agente k\u00f5igist n\u00f5uetest, mis tulenevad teie kasutusest v\u00f5i suutmatusest v\u00f5i on sellega seotud. kasutada veebisaite, millega need on lingitud. Lisaks n\u00f5ustute sellega, et MIISOO.com ega veebisaidi teabe edastajad ei vastuta kahjude v\u00f5i kaotuste eest, mille olete p\u00f5hjustanud v\u00f5i v\u00e4idetavalt p\u00f5hjustanud teie sellisele teabele tuginedes.<\/p><p>K\u00f5ik sellel veebisaidil olevad tooted on m\u00f5eldud ainult uudseks kasutamiseks. MIISOO.com ei anna mingeid otseseid ega kaudseid garantiisid saidilt MIISOO.com tellitud tootele, mis ei sisalda kahjustusi, tootja defekte ega tootja valeandmete esitamist. Tellimuse esitamisega tunnistate ja n\u00f5ustute s\u00f5naselgelt j\u00e4rgmisega: MIISOO.com ei vastuta \u00fchegi ostja ega teiste inimeste ees mis tahes otseste, kaudsete, juhuslike, eriliste v\u00f5i tagaj\u00e4rgede vigastuste, kaotuste v\u00f5i kahjustuste eest, olenemata v\u00e4idetav \u00f5igusteooria, sealhulgas hooletus ja\/v\u00f5i range vastutus.<\/p><p><strong>TASUTASU<\/strong><\/p><p>Logime k\u00f5ikide tellimuste puhul sisse IP-stringid \u2013 k\u00f5iki petturliku tegevuse t\u00f5ttu tagasimaksena tagastatavaid tellimusi menetletakse teie kohaliku jurisdiktsiooni kaudu usinalt, et v\u00f5tta vastutusele seaduse t\u00e4ies ulatuses.<\/p><p>Saidil MIISOO.com ostmiseks n\u00f5ustute, et te ei esita oma krediitkaardiettev\u00f5ttele vaidlusi\/n\u00f5uet ega tagasimakseid \u00fchegi saidil MIISOO.com tehtud tellimuse kohta.<\/p><p>MIISOO.com peab krediitkaardi tagasimakset pettuseks, kui te ei teinud m\u00f5istlikke j\u00f5upingutusi, et teavitada meid probleemi olemasolust ja anda meile palju aega probleemi lahendamiseks v\u00f5i selgitamiseks.<\/p><p>Me ei salli krediitkaardipettusi. Kulusid ei s\u00e4\u00e4steta ja k\u00f5iki pettusi ilma eranditeta menetletakse kogu seaduse ulatuses. Lisaks algatame tsiviil\u00f5iguslikke hagisid, et saada pettusega seotud saamata j\u00e4\u00e4nud tulu, sealhulgas \u00e4ri-, \u00f5igustasud, uurimiskulud, t\u00f6\u00f6tajate seisakud ja saamata j\u00e4\u00e4nud tulu.<\/p><p>K\u00f5ik kergemeelsed tagasimaksed ei kulu mitte ainult meie t\u00f6\u00f6tajatele tavap\u00e4rastest ja tavap\u00e4rasest \u00e4ritegevusest eemaloleku aega, vaid kulutavad meile raha, mist\u00f5ttu:<\/p><p>N\u00f5ustute, et kui otsustate teha ostu saidilt MIISOO.com ja esitada oma krediitkaardiettev\u00f5ttele vaidluse\/n\u00f5ude v\u00f5i tagasimakse olukorra t\u00f5ttu, mis on vastuolus meie tingimustega, millega n\u00f5ustute oma tellimuse esitamisel V\u00d5I ei ole meile piisavalt eraldanud. aega olukorra tunnistamiseks, kinnitamiseks ja uurimiseks; ja sellest tulenevalt ei v\u00f5ida te tagasimaksete argumenti ega vaidlust\/n\u00f5uet.<\/p><p>Juhul, kui v\u00f5idate oma krediitkaardiettev\u00f5ttelt makse tagasi, p\u00fc\u00fcab MIISOO.com kolmandast osapoolest inkassofirma kaudu tagasi n\u00f5uda pettuse teel vaidlustatud tasud ja lisakulud. Esitatud teave sisaldab t\u00e4isnime, e-posti aadressi, tellimuse kuup\u00e4eva, tellimuse summat, IP-aadressi, t\u00e4ielikku aadressi ja telefoninumbrit.<\/p>\t\t\t\t\t\t\t\t<\/div>\n\t\t\t\t<\/div>\n\t\t\t\t\t<\/div>\n\t\t<\/div>\n\t\t\t\t<div class=\"elementor-column elementor-col-25 elementor-top-column elementor-element elementor-element-df603f8\" data-id=\"df603f8\" data-element_type=\"column\">\n\t\t\t<div class=\"elementor-widget-wrap\">\n\t\t\t\t\t\t\t<\/div>\n\t\t<\/div>\n\t\t\t\t\t<\/div>\n\t\t<\/section>\n\t\t\t\t<\/div>","protected":false},"excerpt":{"rendered":"<p>Last updated on May 25th, 2017 at 10:23 am WARNING. This site contains sexually oriented adult material intended for individuals 18 years of age or older. If you are not yet 18. By viewing this site you agree that you understand and the below terms: 18 YEARS AND OLDER MIISOO.com cannot prohibit minors from visiting&hellip;<\/p>","protected":false},"author":455,"featured_media":0,"parent":0,"menu_order":0,"comment_status":"closed","ping_status":"open","template":"","meta":{"footnotes":""},"class_list":["post-4494","page","type-page","status-publish","hentry"],"yoast_head":"<!-- This site is optimized with the Yoast SEO Premium plugin v22.6 (Yoast SEO v22.9) - https:\/\/yoast.com\/wordpress\/plugins\/seo\/ -->\n<title>Explore Adult Content| Age 18+ Disclaimer | MiisooDoll<\/title>\n<meta name=\"description\" content=\"Discover adult content responsibly with MiisooDoll&#039;s age 18+ disclaimer. Explore a world of intimate satisfaction while prioritizing legal and ethical guidelines.\" \/>\n<meta name=\"robots\" content=\"index, follow, max-snippet:-1, max-image-preview:large, max-video-preview:-1\" \/>\n<link rel=\"canonical\" href=\"https:\/\/www.miisoo.com\/et\/disclaimer-18\/\" \/>\n<meta property=\"og:locale\" content=\"et_EE\" \/>\n<meta property=\"og:type\" content=\"article\" \/>\n<meta property=\"og:title\" content=\"Disclaimer 18+\" \/>\n<meta property=\"og:description\" content=\"Discover adult content responsibly with MiisooDoll&#039;s age 18+ disclaimer. Explore a world of intimate satisfaction while prioritizing legal and ethical guidelines.\" \/>\n<meta property=\"og:url\" content=\"https:\/\/www.miisoo.com\/et\/disclaimer-18\/\" \/>\n<meta property=\"og:site_name\" content=\"MiisooDoll\" \/>\n<meta property=\"article:publisher\" content=\"https:\/\/www.facebook.com\/miisoodoll\" \/>\n<meta property=\"article:modified_time\" content=\"2023-12-22T12:07:15+00:00\" \/>\n<meta name=\"twitter:card\" content=\"summary_large_image\" \/>\n<meta name=\"twitter:site\" content=\"@MiisooSexDolls\" \/>\n<meta name=\"twitter:label1\" content=\"Est. reading time\" \/>\n\t<meta name=\"twitter:data1\" content=\"4 minutit\" \/>\n<!-- \/ Yoast SEO Premium plugin. -->","yoast_head_json":{"title":"Explore Adult Content| Age 18+ Disclaimer | MiisooDoll","description":"Discover adult content responsibly with MiisooDoll's age 18+ disclaimer. Explore a world of intimate satisfaction while prioritizing legal and ethical guidelines.","robots":{"index":"index","follow":"follow","max-snippet":"max-snippet:-1","max-image-preview":"max-image-preview:large","max-video-preview":"max-video-preview:-1"},"canonical":"https:\/\/www.miisoo.com\/et\/disclaimer-18\/","og_locale":"et_EE","og_type":"article","og_title":"Disclaimer 18+","og_description":"Discover adult content responsibly with MiisooDoll's age 18+ disclaimer. Explore a world of intimate satisfaction while prioritizing legal and ethical guidelines.","og_url":"https:\/\/www.miisoo.com\/et\/disclaimer-18\/","og_site_name":"MiisooDoll","article_publisher":"https:\/\/www.facebook.com\/miisoodoll","article_modified_time":"2023-12-22T12:07:15+00:00","twitter_card":"summary_large_image","twitter_site":"@MiisooSexDolls","twitter_misc":{"Est. reading time":"4 minutit"},"schema":{"@context":"https:\/\/schema.org","@graph":[{"@type":"WebPage","@id":"https:\/\/www.miisoo.com\/disclaimer-18\/","url":"https:\/\/www.miisoo.com\/disclaimer-18\/","name":"Explore Adult Content| Age 18+ Disclaimer | MiisooDoll","isPartOf":{"@id":"https:\/\/www.miisoo.com\/#website"},"datePublished":"2020-09-16T06:42:35+00:00","dateModified":"2023-12-22T12:07:15+00:00","description":"Discover adult content responsibly with MiisooDoll's age 18+ disclaimer. Explore a world of intimate satisfaction while prioritizing legal and ethical guidelines.","breadcrumb":{"@id":"https:\/\/www.miisoo.com\/disclaimer-18\/#breadcrumb"},"inLanguage":"et","potentialAction":[{"@type":"ReadAction","target":["https:\/\/www.miisoo.com\/disclaimer-18\/"]}]},{"@type":"BreadcrumbList","@id":"https:\/\/www.miisoo.com\/disclaimer-18\/#breadcrumb","itemListElement":[{"@type":"ListItem","position":1,"name":"Home","item":"https:\/\/www.miisoo.com\/"},{"@type":"ListItem","position":2,"name":"Disclaimer 18+"}]},{"@type":"WebSite","@id":"https:\/\/www.miisoo.com\/#website","url":"https:\/\/www.miisoo.com\/","name":"MiisooDoll","description":"Sexual Doll, Real Sex Dolls, Love Doll, Best Sex Dolls","publisher":{"@id":"https:\/\/www.miisoo.com\/#organization"},"potentialAction":[{"@type":"SearchAction","target":{"@type":"EntryPoint","urlTemplate":"https:\/\/www.miisoo.com\/?s={search_term_string}"},"query-input":"required name=search_term_string"}],"inLanguage":"et"},{"@type":"Organization","@id":"https:\/\/www.miisoo.com\/#organization","name":"MiisooDoll","url":"https:\/\/www.miisoo.com\/","logo":{"@type":"ImageObject","inLanguage":"et","@id":"https:\/\/www.miisoo.com\/#\/schema\/logo\/image\/","url":"https:\/\/www.miisoo.com\/wp-content\/uploads\/2020\/09\/logo-botton.png","contentUrl":"https:\/\/www.miisoo.com\/wp-content\/uploads\/2020\/09\/logo-botton.png","width":181,"height":42,"caption":"MiisooDoll"},"image":{"@id":"https:\/\/www.miisoo.com\/#\/schema\/logo\/image\/"},"sameAs":["https:\/\/www.facebook.com\/miisoodoll","https:\/\/x.com\/MiisooSexDolls"]}]}},"_links":{"self":[{"href":"https:\/\/www.miisoo.com\/et\/wp-json\/wp\/v2\/pages\/4494","targetHints":{"allow":["GET"]}}],"collection":[{"href":"https:\/\/www.miisoo.com\/et\/wp-json\/wp\/v2\/pages"}],"about":[{"href":"https:\/\/www.miisoo.com\/et\/wp-json\/wp\/v2\/types\/page"}],"author":[{"embeddable":true,"href":"https:\/\/www.miisoo.com\/et\/wp-json\/wp\/v2\/users\/455"}],"replies":[{"embeddable":true,"href":"https:\/\/www.miisoo.com\/et\/wp-json\/wp\/v2\/comments?post=4494"}],"version-history":[{"count":1,"href":"https:\/\/www.miisoo.com\/et\/wp-json\/wp\/v2\/pages\/4494\/revisions"}],"predecessor-version":[{"id":34670,"href":"https:\/\/www.miisoo.com\/et\/wp-json\/wp\/v2\/pages\/4494\/revisions\/34670"}],"wp:attachment":[{"href":"https:\/\/www.miisoo.com\/et\/wp-json\/wp\/v2\/media?parent=4494"}],"curies":[{"name":"wp","href":"https:\/\/api.w.org\/{rel}","templated":true}]}}