{"id":4358,"date":"2020-09-14T15:34:47","date_gmt":"2020-09-14T07:34:47","guid":{"rendered":"http:\/\/miisoo.com\/?page_id=4358"},"modified":"2023-12-22T20:17:14","modified_gmt":"2023-12-22T12:17:14","slug":"terms-conditions","status":"publish","type":"page","link":"https:\/\/www.miisoo.com\/et\/terms-conditions\/","title":{"rendered":"Tingimused"},"content":{"rendered":"<div data-elementor-type=\"wp-page\" data-elementor-id=\"4358\" class=\"elementor elementor-4358\" data-elementor-post-type=\"page\">\n\t\t\t\t\t\t<section class=\"elementor-section elementor-top-section elementor-element elementor-element-c76458e elementor-section-boxed elementor-section-height-default elementor-section-height-default\" data-id=\"c76458e\" data-element_type=\"section\">\n\t\t\t\t\t\t<div class=\"elementor-container elementor-column-gap-default\">\n\t\t\t\t\t<div class=\"elementor-column elementor-col-25 elementor-top-column elementor-element elementor-element-8b5e8e1\" data-id=\"8b5e8e1\" data-element_type=\"column\">\n\t\t\t<div class=\"elementor-widget-wrap\">\n\t\t\t\t\t\t\t<\/div>\n\t\t<\/div>\n\t\t\t\t<div class=\"elementor-column elementor-col-50 elementor-top-column elementor-element elementor-element-5afa608\" data-id=\"5afa608\" data-element_type=\"column\">\n\t\t\t<div class=\"elementor-widget-wrap elementor-element-populated\">\n\t\t\t\t\t\t<div class=\"elementor-element elementor-element-1111958 elementor-widget elementor-widget-text-editor\" data-id=\"1111958\" data-element_type=\"widget\" data-widget_type=\"text-editor.default\">\n\t\t\t\t<div class=\"elementor-widget-container\">\n\t\t\t\t\t\t\t\t\t<p>Sellele saidile juurdep\u00e4\u00e4s, selle sirvimine v\u00f5i muul viisil kasutamine n\u00e4itab, et n\u00f5ustute k\u00f5igi selle lepingu tingimustega. Enne j\u00e4tkamist lugege see leping hoolikalt l\u00e4bi.<\/p><p><strong>Saidi kasutamine:<\/strong><\/p><p>Kinnitate ja garanteerite, et olete v\u00e4hemalt 18-aastane v\u00f5i k\u00fclastate saiti vanema v\u00f5i eestkostja j\u00e4relevalve all. Vastavalt k\u00e4esoleva lepingu tingimustele annab miisoo.com teile k\u00e4esolevaga piiratud, t\u00fchistatava, mitte\u00fclekantava ja mitteainu\u00f5igusliku litsentsi saidile juurdep\u00e4\u00e4suks ja selle kasutamiseks, kuvades selle teie Interneti-brauseris ainult isikliku ostmise eesm\u00e4rgil. saidil m\u00fc\u00fcdud esemed ja mitte mis tahes \u00e4riliseks kasutamiseks v\u00f5i kolmanda osapoole nimel kasutamiseks, v\u00e4lja arvatud juhul, kui miisoo.com on eelnevalt selges\u00f5naliselt lubanud. Mis tahes k\u00e4esoleva lepingu rikkumine toob kaasa selles l\u00f5ikes antud litsentsi viivitamatu t\u00fchistamise ilma teid teavitamata.<\/p><p>V\u00e4lja arvatud \u00fclaltoodud l\u00f5igus lubatud juhtudel, ei tohi te seda saiti v\u00f5i selle mis tahes osa reprodutseerida, levitada, kuvada, m\u00fc\u00fca, rentida, edastada, sellest tuletatud teoseid luua, t\u00f5lkida, muuta, p\u00f6\u00f6rdprojekteerida, lahti v\u00f5tta, dekompileerida ega muul viisil kasutada miisoo.com poolt kirjalikult selges\u00f5naliselt lubatud. Te ei tohi saidil pakutavat teavet \u00e4rilistel eesm\u00e4rkidel kasutada ega kasutada saiti m\u00f5ne muu ettev\u00f5tte huvides, v\u00e4lja arvatud juhul, kui miisoo.com on seda eelnevalt selges\u00f5naliselt lubanud. miisoo.com j\u00e4tab endale \u00f5iguse keelduda teenuse osutamisest, l\u00f5petada kontod ja\/v\u00f5i t\u00fchistada tellimusi oma \u00e4ran\u00e4gemise j\u00e4rgi, sealhulgas, ilma piiranguteta, kui miisoo.com usub, et kliendi k\u00e4itumine rikub kehtivaid seadusi v\u00f5i kahjustab miisoo.com huve.<\/p><p>Vastutate ainuisikuliselt sellele saidile juurdep\u00e4\u00e4su ja selle kasutamise eest, kui k\u00f5ik, kes kasutavad teile algselt m\u00e4\u00e4ratud parooli ja identifitseerimistunnust, olenemata sellest, kas selline juurdep\u00e4\u00e4s sellele saidile ja selle kasutamine on teie poolt tegelikult lubatud, sealhulgas, kuid mitte ainult, kogu suhtluse ja edastuste eest. ja k\u00f5ik sellise juurdep\u00e4\u00e4su v\u00f5i kasutamisega tekkinud kohustused (sealhulgas, kuid mitte ainult, rahalised kohustused). Teie vastutate ainuisikuliselt teile m\u00e4\u00e4ratud parooli ja identifitseerimise turvalisuse ja konfidentsiaalsuse kaitsmise eest. Te peate viivitamatult teavitama miisoo.com-i oma parooli v\u00f5i identifitseerimise volitamata kasutamisest v\u00f5i mis tahes muust selle saidi turvalisuse rikkumisest v\u00f5i rikkumisest.<\/p><p>Kui mujal selles lepingus v\u00f5i saidil ei ole s\u00e4testatud teisiti, siis k\u00f5ik, mida te saadate v\u00f5i postitate saidile ja\/v\u00f5i pakute miisoo.com-i, sealhulgas (piiranguteta) ideed, oskusteave, tehnikad, k\u00fcsimused, \u00fclevaated, kommentaarid ja ettepanekuid (koos \u201eEsitlused\u201c) k\u00e4sitletakse ja k\u00e4sitletakse mittekonfidentsiaalsete ja mittevaralistena ning esitamise v\u00f5i postitamisega n\u00f5ustute p\u00f6\u00f6rdumatult litsentsima kirje ja k\u00f5ik sellega seotud intellektuaalomandi \u00f5igused (v\u00e4lja arvatud moraalsed \u00f5igused, nagu autori\u00f5igus) miisoo.com-il tasuta ja miisoo.com-il on kasutustasuta, \u00fclemaailmne, alaline, t\u00fchistamatu ja \u00fcleantav \u00f5igus kasutada, kopeerida, levitada, kuvada, avaldada, esitada, m\u00fc\u00fca, rentida, edastada, kohandada, luua tuletatud teoseid selliseid esildisi mis tahes vahenditega ja mis tahes kujul ning selliste esitiste t\u00f5lkimiseks, muutmiseks, p\u00f6\u00f6rdprojekteerimiseks, lahti v\u00f5tmiseks v\u00f5i dekompileerimiseks. K\u00f5ik esildised muutuvad automaatselt miisoo.com ainueks ja eksklusiivseks omandiks ning neid ei tagastata teile ning n\u00f5ustute mitte esitama vaidlusi seoses kirje kasutamisega miisoo.com poolt tulevikus.<\/p><p>Garanteerite, et teie esildised on t\u00e4ielikult v\u00f5i osaliselt selged ega sisalda intellektuaalomandi \u00f5iguste rikkumisi, vaidlusi ega kolmandate isikute n\u00f5udeid. miisoo.com ei vastuta autori\u00f5iguste v\u00f5i muude kolmandate isikute \u00f5iguste v\u00e4\u00e4rkasutamise eest teie poolt. Kohustute kaitsma ja h\u00fcvitama sponsorit mis tahes kahjude eest, mis on p\u00f5hjustatud kirjete mis tahes eesm\u00e4rkidel kasutamisest.<\/p><p>Lisaks mis tahes esildisega seotud \u00f5igustele annate saidile kommentaare v\u00f5i arvustusi postitades ka miisoo.com-ile \u00f5iguse kasutada teie esitatud nime mis tahes arvustuse, kommentaari v\u00f5i muu sisu puhul, kui see on olemas. sellise arvustuse, kommentaari v\u00f5i muu sisuga. Kinnitate ja garanteerite, et omate v\u00f5i kontrollite muul viisil sellele saidile postitatavate arvustuste, kommentaaride ja muu sisu \u00f5igusi ning et teie arvustuste, kommentaaride v\u00f5i muu sisu kasutamine miisoo.com-i poolt ei riku mis tahes kolmanda isiku \u00f5igusi rikkuda. Te ei tohi kasutada vale e-posti aadressi, esineda kellegi teisena peale iseenda ega muul viisil eksitada miisoo.com-i ega kolmandaid osapooli esitiste v\u00f5i sisu p\u00e4ritolu osas. miisoo.com v\u00f5ib, kuid ei ole kohustatud mis tahes esitlust (sealhulgas kommentaare v\u00f5i arvustusi) mis tahes p\u00f5hjusel eemaldama v\u00f5i redigeerima.<\/p><p><strong>Autori\u00f5igus<\/strong><\/p><p>Kogu miisoo.com veebisaidil olev tekst, graafika, fotod v\u00f5i muud pildid, nupuikoonid, heliklipid, logod, loosungid, kaubanimed v\u00f5i s\u00f5natarkvara ja muu sisu (koos \u201eSisu\u201c) kuulub eranditult miisoo.com-le v\u00f5i selle asjakohased sisutarnijad. Te ei tohi sisu kasutada, reprodutseerida, kopeerida, muuta, edastada, kuvada, avaldada, m\u00fc\u00fca, litsentsida, avalikult esitada, levitada ega \u00e4riliselt kasutada ega muul viisil k\u00e4sutada sisu viisil, mida miisoo.com ei luba, ilma miisoo.com eelneva kirjaliku n\u00f5usolekuta. Andmekaeve, robotite v\u00f5i sarnaste andmete kogumise ja eraldamise t\u00f6\u00f6riistade kasutamine saidil miisoo.com, samuti miisoo.com kaubam\u00e4rkide v\u00f5i teenusem\u00e4rkide kasutamine metasiltides on rangelt keelatud. Saate sisu vaadata ja kasutada ainult oma isikuandmete jaoks ning saidil ostmiseks ja tellimiseks ning mitte mingil muul eesm\u00e4rgil. Kui juhtute kohtama meie sisu, mis on hostitud kolmanda osapoole saidil, v\u00f5tke meiega \u00fchendust aadressil: service@miisoo.com. V\u00f5ite meiega \u00fchendust v\u00f5tta ka telefoni teel 010-56920098 7.00\u201316.00 Pekingi kohaliku aja j\u00e4rgi v\u00f5i posti teel: Diantong Shidai Guangchang Building #2 Suite D, 7 Jiuxianqiao Beilu, Chaoyangi piirkond, Peking, Hiina. Kogu sellel saidil oleva sisu kogumine, korrastamine ja kokkupanek (\u201cKogumik\u201d) kuulub eranditult miisoo.com-ile. Te ei tohi kasutada miisoo.com-i sisu v\u00f5i kogumit viisil, mis halvustab v\u00f5i diskrediteerib veebilehte miisoo.com, ega mingil viisil, mis v\u00f5ib p\u00f5hjustada segadust v\u00f5i mis tahes kohaldatavate seaduste v\u00f5i m\u00e4\u00e4ruste rikkumist. Kogu sellel saidil kasutatav tarkvara (edaspidi &quot;tarkvara&quot;) on miisoo.com ja\/v\u00f5i selle tarkvara tarnijate omand. Sisu, kompilatsioon ja tarkvara on kaitstud riiklike, riiklike ja rahvusvaheliste autori\u00f5iguse seadustega. K\u00f5ik \u00f5igused, mida pole selges\u00f5naliselt antud, reserveerib miisoo.com. Rikkujad v\u00f5etakse vastutusele kogu seaduse ulatuses.<\/p><p>miisoo.com tunnustab ja austab k\u00f5iki autori\u00f5igusi ja kaubam\u00e4rke. Sellisena ei ole televisiooni, filmi, muusika, filmifestivali v\u00f5i muude nimede v\u00f5i pealkirjade kasutamine miisoo.com-iga seotud ning on autori\u00f5iguse v\u00f5i kaubam\u00e4rgiomanike ainuomand. Meie kleidid on inspireeritud kuulsuste stiilist ja kujutavad endast esemeid, mida kuulsused on kandnud teie lemmiktelesaadetes ja punasel vaibal, kuid need ei ole nende saadete poolt volitatud, heaks kiidetud ega nendega mingil viisil seotud ega ole m\u00f5eldud rikkumistena. registreeritud kaubam\u00e4rgid v\u00f5i autori\u00f5igused.<\/p><p><strong>Intellektuaalomandi rikkumise poliitika<\/strong><\/p><p>Miisoo.com-i poliitika on v\u00f5tta vajaduse korral asjakohaseid meetmeid, et j\u00e4rgida ja tunnustada k\u00f5iki asjakohaseid osariigi, f\u00f6deraal- ja rahvusvahelisi seadusi seoses materjaliga, mis v\u00e4idetavalt rikub kaubam\u00e4rke, autori\u00f5igusi, patente ja k\u00f5iki v\u00f5i muid intellektuaalomandi seadusi. . Kui olete intellektuaalomandi \u00f5iguste omanik ja arvate, et miisoo.com m\u00fc\u00fcb, pakub m\u00fc\u00fcgiks v\u00f5i teeb k\u00e4ttesaadavaks teie intellektuaalomandi \u00f5igusi rikkuvaid kaupu ja\/v\u00f5i teenuseid, siis saatke allj\u00e4rgnev teave tervikuna aadressile service@miisoo.com<br \/><strong>Vajalik teave<\/strong><br \/>1. v\u00e4idetavalt rikutud ainu\u00f5iguse omaniku nimel tegutsema volitatud isiku elektrooniline v\u00f5i f\u00fc\u00fcsiline allkiri;<br \/>2. v\u00e4idetavalt \u00f5igusi rikkuva teose v\u00f5i materjali kirjeldus;<br \/>3. Kirjeldus selle kohta, kus v\u00e4idetavalt rikkuv materjal saidil asub (toote(te) URL);<br \/>4. Teave, mis on m\u00f5istlikult piisav, et saaksime teiega \u00fchendust v\u00f5tta, n\u00e4iteks teie aadress, telefoninumber ja e-posti aadress;<br \/>5. Teie kinnitus selle kohta, et usute heauskselt, et materjali vaidlusalune kasutamine ei ole autori\u00f5iguse v\u00f5i muu omandi\u00f5iguse omaniku, tema esindaja v\u00f5i seaduse poolt volitatud;<br \/>6. Nende intellektuaalomandi \u00f5iguste identifitseerimine, mida veebisait teie v\u00e4itel rikub (nt \u201eXYZ autori\u00f5igus\u201d, \u201eABC kaubam\u00e4rk, reg. nr 123456, registreeritud 01.01.04\u201d jne); ja<br \/>7. Teie kinnitus selle kohta, et \u00fclaltoodud teave ja teatis on \u00f5iged ja valevande andmise eest karistatakse, et olete autori\u00f5iguse omanik v\u00f5i olete volitatud tegutsema omaniku nimel, kelle ainu\u00f5igust v\u00e4idetavalt rikutakse.<\/p><p><strong>L\u00f5petamine ja l\u00f5petamise m\u00f5ju<\/strong><\/p><p>Lisaks muudele seaduslikele v\u00f5i \u00f5iglastele abin\u00f5udele v\u00f5ib miisoo.com teid ette teatamata koheselt l\u00f5petada lepingu v\u00f5i t\u00fchistada k\u00f5ik v\u00f5i k\u00f5ik teie k\u00e4esoleva lepingu alusel antud \u00f5igused. Selle lepingu l\u00f5petamisel l\u00f5petate viivitamatult saidile juurdep\u00e4\u00e4su ja selle kasutamise ning miisoo.com t\u00fchistab lisaks muudele \u00f5iguslikele v\u00f5i \u00f5iglastele abin\u00f5udele viivitamatult k\u00f5ik teile v\u00e4ljastatud paroolid ja konto identifikaatorid. keelata teie juurdep\u00e4\u00e4s sellele saidile ja selle kasutamine t\u00e4ielikult v\u00f5i osaliselt. Lepingu l\u00f5petamine ei m\u00f5juta poolte vastavaid \u00f5igusi ja kohustusi (sealhulgas, kuid mitte ainult, maksekohustusi), mis on tekkinud enne lepingu l\u00f5petamise kuup\u00e4eva.<\/p><p><strong>Lahti\u00fctlus ja vastutuse piirang<\/strong><\/p><p>V\u00c4LJA ARVATUD MUUL S\u00c4TESTATUD STANDARDM\u00dc\u00dcGI TINGIMUSES, MIS KEHTIB SAMA SAIDI IGA TOODE, SEE SAIDI, SELLEL M\u00dc\u00dcGIKS PAKUTUD TOOTED JA SELLE L\u00c4BI TEHTUD TEHINGUD \u201ePAKUTAB \u201emi\u201diANBASIS.com . miisoo.com EI TEHA SAIDI TOIMIMISE V\u00d5I SELLEL SAIDIL KAASATUD TEABE, SISU, MATERJALIDE V\u00d5I TOODETE KOHTA MINGI SELGITUSED EGA KAUDSEID ESITUSI EGA GARANTIID, V\u00c4LJA arvatud SIIN ESITATUD T\u00c4ITMISED. miisoo.com LAHTUB K\u00d5IGISTEST OTSESELT V\u00d5I KAUDSETEST GARANTIIDEST, KAASA arvatud, KUID MITTE PIIRATUD, KAUDSED GARANTIID KAUBANDUSLIKU V\u00d5IME JA KONKREETSE EESM\u00c4RGIKS SOBIVUSE, MITTERIKKUMISE, OMISTUSE, VAIKSE N\u00d5UDMISEKS. SEE Sait V\u00d5IB SISALDADA EBAT\u00c4PSUSI, VIGU V\u00d5I T\u00dcPOGRAAFIAVIGAID. miisoo.com EI GARANTEERI, ET SISU OLEKS KATKESTAMATA V\u00d5I VEATETA. SEADUSEGA LUBATUD MAKSIMAALSES M\u00c4\u00c4RAS EI VASTUTA miisoo.com SELLE SAIDI KASUTAMIST TULENEVATE \u00dcHGIGI KAHJUDE EEST, SEALHULGAS, KUID MITTE PIIRATUD, KAUDSED JUHUSLIKUD, KARISTUSLIKUD V\u00d5I EKSIKIRJUTUSED. KOHALDATAVA SEADUSEGA LUBATUD MAKSIMAALSES M\u00c4\u00c4RAS EI OLE MIisoo.com KOGU VASTUTUS TEIE EEST M\u00d5ISTE KAHJUDE EEST (SOLEMAMATU TEGEVUSI ALUSTEST) MITTE \u00dcLETADA B. MONIDACTUURYFEDE KOGUDE SUMMA. KOHE EELMINE TEGULE, MIS V\u00c4IDETATAS TEKITAS miisoo.com VASTUTUSE.<\/p><p><strong>Tellimuse vastuv\u00f5tmine<\/strong><\/p><p>Pange t\u00e4hele, et teatud tellimusi ei saa me vastu v\u00f5tta ja need tuleb t\u00fchistada. miisoo.com j\u00e4tab endale \u00f5iguse oma \u00e4ran\u00e4gemise j\u00e4rgi keelduda mis tahes tellimusest v\u00f5i see t\u00fchistada mis tahes p\u00f5hjusel. M\u00f5ned olukorrad, mis v\u00f5ivad kaasa tuua teie tellimuse t\u00fchistamise, h\u00f5lmavad ostmiseks saadaolevate koguste piiranguid, toote- v\u00f5i hinnateabe ebat\u00e4psusi v\u00f5i vigu v\u00f5i meie krediidi- ja pettuste v\u00e4ltimise osakonna tuvastatud probleeme. Samuti v\u00f5ime enne tellimuse vastuv\u00f5tmist n\u00f5uda t\u00e4iendavaid kinnitusi v\u00f5i teavet. V\u00f5tame teiega \u00fchendust, kui kogu teie tellimus v\u00f5i osa sellest t\u00fchistatakse v\u00f5i kui teie tellimuse vastuv\u00f5tmiseks on vaja lisateavet.<\/p><p><strong>Pealkirja \u00fcleandmine<\/strong><\/p><p>Tellimuses olevate toodete omandi\u00f5igus l\u00e4heb teile \u00fcle, kui tooted lahkuvad meie laost ja toimetatakse vedajale saatmiseks teie poolt tellimuses m\u00e4rgitud aadressile. Ka k\u00f5ik toodetega seotud kohustused ja riskid l\u00e4hevad sel ajal teile \u00fcle. Sellel saidil tellimuse esitamisega annate ettev\u00f5ttele MIISOO LIMITED volituse teie nimel kolmandate osapoolte saatmisteenuste osutamiseks.<\/p><p><strong>Tr\u00fckivead<\/strong><\/p><p>Kuigi miisoo.com p\u00fc\u00fcab pakkuda t\u00e4pset toote- ja hinnateavet, v\u00f5ib esineda hinnakujundus- v\u00f5i tr\u00fckivigu. miisoo.com ei saa kauba hinda kinnitada enne, kui olete tellinud. Juhul, kui kaup on m\u00e4rgitud vale hinnaga v\u00f5i eba\u00f5igete andmetega hinna- v\u00f5i tooteinfo vea t\u00f5ttu, on miisoo.com-il \u00f5igus oma \u00e4ran\u00e4gemisel keelduda v\u00f5i t\u00fchistada selle kauba tellimused. Juhul, kui kauba hind on vale, v\u00f5ib miisoo.com meie \u00e4ran\u00e4gemisel teiega \u00fchendust v\u00f5tta juhiste saamiseks v\u00f5i t\u00fchistada teie tellimuse ja teavitada teid sellisest t\u00fchistamisest.<\/p><p><strong>Hinnakujundus erinevates valuutades<\/strong><\/p><p>Miisoo.com m\u00fc\u00fcdavate toodete hinnakujundus p\u00f5hineb USA dollarites (US$) arvutatud arvudel. Teistes valuutades kuvatavad hinnad on konverteeritud USA dollaritest k\u00f5ige ajakohasemate konverteerimiskursside j\u00e4rgi. Valuuta v\u00e4\u00e4rtuste k\u00f5ikumise t\u00f5ttu ei pruugi saidil, v\u00e4lja arvatud konkreetse toote lehel, kuvatud hinnad USA-v\u00e4listes valuutades olla k\u00f5ige v\u00e4rskemad. Saidi valdkonnad, kus USA-v\u00e4lised valuutade nimiv\u00e4\u00e4rtused v\u00f5ivad olla ebat\u00e4psed, h\u00f5lmavad muuhulgas reklaamb\u00e4nnereid, reklaamlehti ja teavet tootekategooria lehtedel. \u00dcksiku toote lehel kuvatav hind, olenemata valuuta nimiv\u00e4\u00e4rtusest, on praegune hind, mille olete kohustatud saidile miisoo.com maksma, sealhulgas saatmiskulud.<\/p><p>See sait v\u00f5ib sisaldada linke teistele Interneti-saitidele, mis kuuluvad kolmandatele isikutele ja mida haldavad need. Teate, et miisoo.com ei vastuta sellistel saitidel v\u00f5i nende kaudu asuvate toimingute ega sisu eest.<br \/>Abin\u00f5ud<\/p><p>N\u00f5ustute, et miisoo.com-i seadusest tulenev \u00f5iguskaitsevahend k\u00e4esoleva lepingu tegeliku v\u00f5i \u00e4hvardava rikkumise korral oleks ebapiisav ja et miisoo.com-il on lisaks kahjudele, mida miisoo.com v\u00f5ib tekitada, \u00f5igus saada konkreetset tegevust v\u00f5i ettekirjutust v\u00f5i m\u00f5lemat. seaduslikult \u00f5igus n\u00f5uda tagasi mis tahes vormis vaidluste lahendamisega seotud m\u00f5istlike kuludega, sealhulgas, kuid mitte ainult, advokaaditasud.<\/p><p>\u00dckski miisoo.com-i \u00f5igus ega \u00f5iguskaitsevahend ei v\u00e4lista \u00fchtki muud, olgu siis seadusest v\u00f5i omakapitalist tulenevat, sealhulgas, kuid mitte ainult, ettekirjutuse h\u00fcvitamist kahju h\u00fcvitamiseks, advokaaditasusid ja -kulusid.<\/p>\t\t\t\t\t\t\t\t<\/div>\n\t\t\t\t<\/div>\n\t\t\t\t\t<\/div>\n\t\t<\/div>\n\t\t\t\t<div class=\"elementor-column elementor-col-25 elementor-top-column elementor-element elementor-element-df603f8\" data-id=\"df603f8\" data-element_type=\"column\">\n\t\t\t<div class=\"elementor-widget-wrap\">\n\t\t\t\t\t\t\t<\/div>\n\t\t<\/div>\n\t\t\t\t\t<\/div>\n\t\t<\/section>\n\t\t\t\t<\/div>","protected":false},"excerpt":{"rendered":"<p>Sellele saidile juurdep\u00e4\u00e4s, selle sirvimine v\u00f5i muul viisil kasutamine n\u00e4itab, et n\u00f5ustute k\u00f5igi selle lepingu tingimustega. Enne j\u00e4tkamist lugege see leping hoolikalt l\u00e4bi. Saidi kasutamine: kinnitate ja garanteerite, et olete v\u00e4hemalt 18-aastane v\u00f5i k\u00fclastate saiti vanema v\u00f5i eestkostja j\u00e4relevalve all. Vastavalt\u2026<\/p>","protected":false},"author":455,"featured_media":0,"parent":0,"menu_order":0,"comment_status":"closed","ping_status":"open","template":"","meta":{"footnotes":""},"class_list":["post-4358","page","type-page","status-publish","hentry"],"yoast_head":"<!-- This site is optimized with the Yoast SEO Premium plugin v22.6 (Yoast SEO v22.9) - https:\/\/yoast.com\/wordpress\/plugins\/seo\/ -->\n<title>Terms &amp; Conditions |Cheap Real Sex Dolls | Miisoo<\/title>\n<meta name=\"description\" content=\"Review Miisoo&#039;s Transparent Terms &amp; Conditions. Shop Confidently for Cheap Real Sex Dolls. Your Satisfaction, Our Commitment at Miisoo. Check It Online Now\" \/>\n<meta name=\"robots\" content=\"index, follow, max-snippet:-1, max-image-preview:large, max-video-preview:-1\" \/>\n<link rel=\"canonical\" href=\"https:\/\/www.miisoo.com\/et\/terms-conditions\/\" \/>\n<meta property=\"og:locale\" content=\"et_EE\" \/>\n<meta property=\"og:type\" content=\"article\" \/>\n<meta property=\"og:title\" content=\"Terms and Conditions\" \/>\n<meta property=\"og:description\" content=\"Review Miisoo&#039;s Transparent Terms &amp; Conditions. Shop Confidently for Cheap Real Sex Dolls. Your Satisfaction, Our Commitment at Miisoo. Check It Online Now\" \/>\n<meta property=\"og:url\" content=\"https:\/\/www.miisoo.com\/et\/terms-conditions\/\" \/>\n<meta property=\"og:site_name\" content=\"MiisooDoll\" \/>\n<meta property=\"article:publisher\" content=\"https:\/\/www.facebook.com\/miisoodoll\" \/>\n<meta property=\"article:modified_time\" content=\"2023-12-22T12:17:14+00:00\" \/>\n<meta name=\"twitter:card\" content=\"summary_large_image\" \/>\n<meta name=\"twitter:site\" content=\"@MiisooSexDolls\" \/>\n<meta name=\"twitter:label1\" content=\"Est. reading time\" \/>\n\t<meta name=\"twitter:data1\" content=\"10 minutit\" \/>\n<!-- \/ Yoast SEO Premium plugin. -->","yoast_head_json":{"title":"Terms & Conditions |Cheap Real Sex Dolls | Miisoo","description":"Review Miisoo's Transparent Terms & Conditions. Shop Confidently for Cheap Real Sex Dolls. Your Satisfaction, Our Commitment at Miisoo. Check It Online Now","robots":{"index":"index","follow":"follow","max-snippet":"max-snippet:-1","max-image-preview":"max-image-preview:large","max-video-preview":"max-video-preview:-1"},"canonical":"https:\/\/www.miisoo.com\/et\/terms-conditions\/","og_locale":"et_EE","og_type":"article","og_title":"Terms and Conditions","og_description":"Review Miisoo's Transparent Terms & Conditions. Shop Confidently for Cheap Real Sex Dolls. Your Satisfaction, Our Commitment at Miisoo. Check It Online Now","og_url":"https:\/\/www.miisoo.com\/et\/terms-conditions\/","og_site_name":"MiisooDoll","article_publisher":"https:\/\/www.facebook.com\/miisoodoll","article_modified_time":"2023-12-22T12:17:14+00:00","twitter_card":"summary_large_image","twitter_site":"@MiisooSexDolls","twitter_misc":{"Est. reading time":"10 minutit"},"schema":{"@context":"https:\/\/schema.org","@graph":[{"@type":"WebPage","@id":"https:\/\/www.miisoo.com\/terms-conditions\/","url":"https:\/\/www.miisoo.com\/terms-conditions\/","name":"Terms & Conditions |Cheap Real Sex Dolls | Miisoo","isPartOf":{"@id":"https:\/\/www.miisoo.com\/#website"},"datePublished":"2020-09-14T07:34:47+00:00","dateModified":"2023-12-22T12:17:14+00:00","description":"Review Miisoo's Transparent Terms & Conditions. Shop Confidently for Cheap Real Sex Dolls. Your Satisfaction, Our Commitment at Miisoo. Check It Online Now","breadcrumb":{"@id":"https:\/\/www.miisoo.com\/terms-conditions\/#breadcrumb"},"inLanguage":"et","potentialAction":[{"@type":"ReadAction","target":["https:\/\/www.miisoo.com\/terms-conditions\/"]}]},{"@type":"BreadcrumbList","@id":"https:\/\/www.miisoo.com\/terms-conditions\/#breadcrumb","itemListElement":[{"@type":"ListItem","position":1,"name":"Home","item":"https:\/\/www.miisoo.com\/"},{"@type":"ListItem","position":2,"name":"Terms and Conditions"}]},{"@type":"WebSite","@id":"https:\/\/www.miisoo.com\/#website","url":"https:\/\/www.miisoo.com\/","name":"MiisooDoll","description":"Sexual Doll, Real Sex Dolls, Love Doll, Best Sex Dolls","publisher":{"@id":"https:\/\/www.miisoo.com\/#organization"},"potentialAction":[{"@type":"SearchAction","target":{"@type":"EntryPoint","urlTemplate":"https:\/\/www.miisoo.com\/?s={search_term_string}"},"query-input":"required name=search_term_string"}],"inLanguage":"et"},{"@type":"Organization","@id":"https:\/\/www.miisoo.com\/#organization","name":"MiisooDoll","url":"https:\/\/www.miisoo.com\/","logo":{"@type":"ImageObject","inLanguage":"et","@id":"https:\/\/www.miisoo.com\/#\/schema\/logo\/image\/","url":"https:\/\/www.miisoo.com\/wp-content\/uploads\/2020\/09\/logo-botton.png","contentUrl":"https:\/\/www.miisoo.com\/wp-content\/uploads\/2020\/09\/logo-botton.png","width":181,"height":42,"caption":"MiisooDoll"},"image":{"@id":"https:\/\/www.miisoo.com\/#\/schema\/logo\/image\/"},"sameAs":["https:\/\/www.facebook.com\/miisoodoll","https:\/\/x.com\/MiisooSexDolls"]}]}},"_links":{"self":[{"href":"https:\/\/www.miisoo.com\/et\/wp-json\/wp\/v2\/pages\/4358","targetHints":{"allow":["GET"]}}],"collection":[{"href":"https:\/\/www.miisoo.com\/et\/wp-json\/wp\/v2\/pages"}],"about":[{"href":"https:\/\/www.miisoo.com\/et\/wp-json\/wp\/v2\/types\/page"}],"author":[{"embeddable":true,"href":"https:\/\/www.miisoo.com\/et\/wp-json\/wp\/v2\/users\/455"}],"replies":[{"embeddable":true,"href":"https:\/\/www.miisoo.com\/et\/wp-json\/wp\/v2\/comments?post=4358"}],"version-history":[{"count":4,"href":"https:\/\/www.miisoo.com\/et\/wp-json\/wp\/v2\/pages\/4358\/revisions"}],"predecessor-version":[{"id":34674,"href":"https:\/\/www.miisoo.com\/et\/wp-json\/wp\/v2\/pages\/4358\/revisions\/34674"}],"wp:attachment":[{"href":"https:\/\/www.miisoo.com\/et\/wp-json\/wp\/v2\/media?parent=4358"}],"curies":[{"name":"wp","href":"https:\/\/api.w.org\/{rel}","templated":true}]}}