{"id":4354,"date":"2020-09-14T15:26:53","date_gmt":"2020-09-14T07:26:53","guid":{"rendered":"http:\/\/miisoo.com\/?page_id=4354"},"modified":"2023-12-22T20:13:49","modified_gmt":"2023-12-22T12:13:49","slug":"return-policy","status":"publish","type":"page","link":"https:\/\/www.miisoo.com\/et\/return-policy\/","title":{"rendered":"Tagastamisreeglid"},"content":{"rendered":"<div data-elementor-type=\"wp-page\" data-elementor-id=\"4354\" class=\"elementor elementor-4354\" data-elementor-post-type=\"page\">\n\t\t\t\t\t\t<section class=\"elementor-section elementor-top-section elementor-element elementor-element-c76458e elementor-section-boxed elementor-section-height-default elementor-section-height-default\" data-id=\"c76458e\" data-element_type=\"section\">\n\t\t\t\t\t\t<div class=\"elementor-container elementor-column-gap-default\">\n\t\t\t\t\t<div class=\"elementor-column elementor-col-25 elementor-top-column elementor-element elementor-element-8b5e8e1\" data-id=\"8b5e8e1\" data-element_type=\"column\">\n\t\t\t<div class=\"elementor-widget-wrap\">\n\t\t\t\t\t\t\t<\/div>\n\t\t<\/div>\n\t\t\t\t<div class=\"elementor-column elementor-col-50 elementor-top-column elementor-element elementor-element-5afa608\" data-id=\"5afa608\" data-element_type=\"column\">\n\t\t\t<div class=\"elementor-widget-wrap elementor-element-populated\">\n\t\t\t\t\t\t<div class=\"elementor-element elementor-element-1111958 elementor-widget elementor-widget-text-editor\" data-id=\"1111958\" data-element_type=\"widget\" data-widget_type=\"text-editor.default\">\n\t\t\t\t<div class=\"elementor-widget-container\">\n\t\t\t\t\t\t\t\t\t<p><strong>100% Rahulolugarantii<\/strong><\/p>\n<p>Garanteerime parimad tooted madalaimate hindadega. Seksnuku olemuse ja kliendi isikup\u00e4rastatud valikute t\u00f5ttu nuku osas j\u00e4rgib MIISOO poliitikat, et tagastamist ei aktsepteerita, v\u00e4lja arvatud juhul, kui tegemist on tehase defektiga. Tagastamine toimub ainult siis, kui olete saanud meie vea t\u00f5ttu vale kauba v\u00f5i kui olete saanud defektse kauba. (kehtivad standardsed tootmis- ja tarneajad). Isikup\u00e4rastatud valikud juuste, nuku silmade v\u00e4rvi v\u00f5i muude k\u00fcsimuste osas v\u00f5tke meiega \u00fchendust e-posti aadressil service@miisoo.com.<\/p>\n<p>Teie nukk valmistatakse meie tehases teie jaoks spetsiaalselt teie valitud nukuvalikutega. Kuna teie seksnukk on spetsiaalselt teie jaoks loodud toode, ei saa teie tellimust t\u00fchistada, kui teie nuku tootmine on alanud, v\u00e4lja arvatud juhul, kui see on v\u00e4\u00e4rtuslik p\u00f5hjus.<\/p>\n<p>Kui m\u00fc\u00fcja n\u00f5ustub erandlikel p\u00f5hjustel t\u00fchistamisega p\u00e4rast 24-tunnist t\u00fchistamisperioodi. T\u00fchistamise korral tuleb tasuda m\u00fc\u00fcja laoseisu t\u00e4iendamise tasu (\u201cLaovarude taastamise tasu\u201d), mis on kaksk\u00fcmmend protsenti (20.0%) Toote tellimuse v\u00e4\u00e4rtusest. SRSD tagastab ostjale makstud rahalised vahendid, millest on maha arvatud ostja algse makseviisi alusel varude taastamise tasu, ning rakenduda v\u00f5ivad muud tasud, nagu t\u00f6\u00f6tlemis- ja tehingutasud.<\/p>\n<p><strong>K\u00e4ttetoimetamatud tellimused<\/strong><\/p>\n<p>Palun olge oma saatmisteabe esitamisel ettevaatlik. Teie edastate t\u00e4pselt selle, kuidas teie saateetikett tr\u00fckitakse. Tellimuste puhul, mis tagastatakse meile kohaletoimetamatutena, tuleb tasuda 20% t\u00f6\u00f6tlemistasu ja saatmisraha ei tagastata. Klienditeenindusega \u00fchenduse v\u00f5tmiseks kl\u00f5psake siin.<\/p>\n<p><strong>HOIATUS:<\/strong>&nbsp;Seksleluseadused n\u00e4evad ette, et me ei saa aktsepteerida kasutatud nuku tagastamist. Seega pange t\u00e4hele, et niipea, kui olete nukuga seksinud, ei ole teda mingil p\u00f5hjusel enam v\u00f5imalik tagastada. Tagastatud nukk l\u00e4bib suu-, tupe- ja p\u00e4rakukontrolli ning seksuaalvedelike testimise. Kui olete tagastanud nuku, mille seksuaalvedelike test on positiivne, siis nukk h\u00e4vitatakse ja te EI saa raha tagasi.<\/p>\n<p>Kahjuks ei kuulu esemed, mis on kahjustatud eba\u00f5ige kasutamise t\u00f5ttu, tagastamisele ega raha tagastamisele, olenemata toote kasutamise ajast. Seksnukud ei ole h\u00e4vimatud. Kasutamisel ja k\u00e4sitsemisel tuleb olla ettevaatlik ja terve m\u00f5istus. Lisateabe saamiseks TPE nukkude hooldamise ja hooldamise kohta j\u00e4rgige seda linki.<\/p>\n<p>Kliendi rahulolu on meie jaoks v\u00e4ga oluline. Kui teil on tellimusega probleeme, v\u00f5tke meiega \u00fchendust ja me anname endast parima, et probleem viivitamatult lahendada.<\/p>\t\t\t\t\t\t\t\t<\/div>\n\t\t\t\t<\/div>\n\t\t\t\t\t<\/div>\n\t\t<\/div>\n\t\t\t\t<div class=\"elementor-column elementor-col-25 elementor-top-column elementor-element elementor-element-df603f8\" data-id=\"df603f8\" data-element_type=\"column\">\n\t\t\t<div class=\"elementor-widget-wrap\">\n\t\t\t\t\t\t\t<\/div>\n\t\t<\/div>\n\t\t\t\t\t<\/div>\n\t\t<\/section>\n\t\t\t\t<\/div>","protected":false},"excerpt":{"rendered":"<p>100% Satisfaction Guarantee We guarantee the best products at the lowest prices. Because of the nature of the sex doll and because of the personalized choices of the client regarding the doll, MIISOO runs the policy that there is no return accepted unless there is a factory defect. Returns are granted only if you have&hellip;<\/p>","protected":false},"author":455,"featured_media":0,"parent":0,"menu_order":0,"comment_status":"closed","ping_status":"open","template":"","meta":{"footnotes":""},"class_list":["post-4354","page","type-page","status-publish","hentry"],"yoast_head":"<!-- This site is optimized with the Yoast SEO Premium plugin v22.6 (Yoast SEO v22.9) - https:\/\/yoast.com\/wordpress\/plugins\/seo\/ -->\n<title>Miisoo Return Policy | Miisoo Sex Dolls | MiisooDoll<\/title>\n<meta name=\"description\" content=\"Explore Miisoo&#039;s transparent return policy for sex dolls. Your satisfaction is our priority. Discover worry-free shopping with MiisooDoll. Shop confidently.\" \/>\n<meta name=\"robots\" content=\"index, follow, max-snippet:-1, max-image-preview:large, max-video-preview:-1\" \/>\n<link rel=\"canonical\" href=\"https:\/\/www.miisoo.com\/et\/return-policy\/\" \/>\n<meta property=\"og:locale\" content=\"et_EE\" \/>\n<meta property=\"og:type\" content=\"article\" \/>\n<meta property=\"og:title\" content=\"Return Policy\" \/>\n<meta property=\"og:description\" content=\"Explore Miisoo&#039;s transparent return policy for sex dolls. Your satisfaction is our priority. Discover worry-free shopping with MiisooDoll. Shop confidently.\" \/>\n<meta property=\"og:url\" content=\"https:\/\/www.miisoo.com\/et\/return-policy\/\" \/>\n<meta property=\"og:site_name\" content=\"MiisooDoll\" \/>\n<meta property=\"article:publisher\" content=\"https:\/\/www.facebook.com\/miisoodoll\" \/>\n<meta property=\"article:modified_time\" content=\"2023-12-22T12:13:49+00:00\" \/>\n<meta name=\"twitter:card\" content=\"summary_large_image\" \/>\n<meta name=\"twitter:site\" content=\"@MiisooSexDolls\" \/>\n<meta name=\"twitter:label1\" content=\"Est. reading time\" \/>\n\t<meta name=\"twitter:data1\" content=\"2 minutit\" \/>\n<!-- \/ Yoast SEO Premium plugin. -->","yoast_head_json":{"title":"Miisoo Return Policy | Miisoo Sex Dolls | MiisooDoll","description":"Explore Miisoo's transparent return policy for sex dolls. Your satisfaction is our priority. Discover worry-free shopping with MiisooDoll. Shop confidently.","robots":{"index":"index","follow":"follow","max-snippet":"max-snippet:-1","max-image-preview":"max-image-preview:large","max-video-preview":"max-video-preview:-1"},"canonical":"https:\/\/www.miisoo.com\/et\/return-policy\/","og_locale":"et_EE","og_type":"article","og_title":"Return Policy","og_description":"Explore Miisoo's transparent return policy for sex dolls. Your satisfaction is our priority. Discover worry-free shopping with MiisooDoll. Shop confidently.","og_url":"https:\/\/www.miisoo.com\/et\/return-policy\/","og_site_name":"MiisooDoll","article_publisher":"https:\/\/www.facebook.com\/miisoodoll","article_modified_time":"2023-12-22T12:13:49+00:00","twitter_card":"summary_large_image","twitter_site":"@MiisooSexDolls","twitter_misc":{"Est. reading time":"2 minutit"},"schema":{"@context":"https:\/\/schema.org","@graph":[{"@type":"WebPage","@id":"https:\/\/www.miisoo.com\/return-policy\/","url":"https:\/\/www.miisoo.com\/return-policy\/","name":"Miisoo Return Policy | Miisoo Sex Dolls | MiisooDoll","isPartOf":{"@id":"https:\/\/www.miisoo.com\/#website"},"datePublished":"2020-09-14T07:26:53+00:00","dateModified":"2023-12-22T12:13:49+00:00","description":"Explore Miisoo's transparent return policy for sex dolls. Your satisfaction is our priority. Discover worry-free shopping with MiisooDoll. Shop confidently.","breadcrumb":{"@id":"https:\/\/www.miisoo.com\/return-policy\/#breadcrumb"},"inLanguage":"et","potentialAction":[{"@type":"ReadAction","target":["https:\/\/www.miisoo.com\/return-policy\/"]}]},{"@type":"BreadcrumbList","@id":"https:\/\/www.miisoo.com\/return-policy\/#breadcrumb","itemListElement":[{"@type":"ListItem","position":1,"name":"Home","item":"https:\/\/www.miisoo.com\/"},{"@type":"ListItem","position":2,"name":"Return Policy"}]},{"@type":"WebSite","@id":"https:\/\/www.miisoo.com\/#website","url":"https:\/\/www.miisoo.com\/","name":"MiisooDoll","description":"Sexual Doll, Real Sex Dolls, Love Doll, Best Sex Dolls","publisher":{"@id":"https:\/\/www.miisoo.com\/#organization"},"potentialAction":[{"@type":"SearchAction","target":{"@type":"EntryPoint","urlTemplate":"https:\/\/www.miisoo.com\/?s={search_term_string}"},"query-input":"required name=search_term_string"}],"inLanguage":"et"},{"@type":"Organization","@id":"https:\/\/www.miisoo.com\/#organization","name":"MiisooDoll","url":"https:\/\/www.miisoo.com\/","logo":{"@type":"ImageObject","inLanguage":"et","@id":"https:\/\/www.miisoo.com\/#\/schema\/logo\/image\/","url":"https:\/\/www.miisoo.com\/wp-content\/uploads\/2020\/09\/logo-botton.png","contentUrl":"https:\/\/www.miisoo.com\/wp-content\/uploads\/2020\/09\/logo-botton.png","width":181,"height":42,"caption":"MiisooDoll"},"image":{"@id":"https:\/\/www.miisoo.com\/#\/schema\/logo\/image\/"},"sameAs":["https:\/\/www.facebook.com\/miisoodoll","https:\/\/x.com\/MiisooSexDolls"]}]}},"_links":{"self":[{"href":"https:\/\/www.miisoo.com\/et\/wp-json\/wp\/v2\/pages\/4354","targetHints":{"allow":["GET"]}}],"collection":[{"href":"https:\/\/www.miisoo.com\/et\/wp-json\/wp\/v2\/pages"}],"about":[{"href":"https:\/\/www.miisoo.com\/et\/wp-json\/wp\/v2\/types\/page"}],"author":[{"embeddable":true,"href":"https:\/\/www.miisoo.com\/et\/wp-json\/wp\/v2\/users\/455"}],"replies":[{"embeddable":true,"href":"https:\/\/www.miisoo.com\/et\/wp-json\/wp\/v2\/comments?post=4354"}],"version-history":[{"count":1,"href":"https:\/\/www.miisoo.com\/et\/wp-json\/wp\/v2\/pages\/4354\/revisions"}],"predecessor-version":[{"id":34672,"href":"https:\/\/www.miisoo.com\/et\/wp-json\/wp\/v2\/pages\/4354\/revisions\/34672"}],"wp:attachment":[{"href":"https:\/\/www.miisoo.com\/et\/wp-json\/wp\/v2\/media?parent=4354"}],"curies":[{"name":"wp","href":"https:\/\/api.w.org\/{rel}","templated":true}]}}