{"id":4349,"date":"2020-09-14T15:08:14","date_gmt":"2020-09-14T07:08:14","guid":{"rendered":"http:\/\/miisoo.com\/?page_id=4349"},"modified":"2023-12-22T20:05:14","modified_gmt":"2023-12-22T12:05:14","slug":"shipping-guide","status":"publish","type":"page","link":"https:\/\/www.miisoo.com\/et\/shipping-guide\/","title":{"rendered":"Saatmisjuhend"},"content":{"rendered":"<div data-elementor-type=\"wp-post\" data-elementor-id=\"4349\" class=\"elementor elementor-4349\" data-elementor-post-type=\"page\">\n\t\t\t\t\t\t<section class=\"elementor-section elementor-top-section elementor-element elementor-element-499101e2 elementor-section-full_width elementor-section-stretched elementor-section-height-default elementor-section-height-default\" data-id=\"499101e2\" data-element_type=\"section\" data-settings=\"{&quot;stretch_section&quot;:&quot;section-stretched&quot;}\">\n\t\t\t\t\t\t<div class=\"elementor-container elementor-column-gap-no\">\n\t\t\t\t\t<div class=\"elementor-column elementor-col-100 elementor-top-column elementor-element elementor-element-3ca9cf60\" data-id=\"3ca9cf60\" data-element_type=\"column\">\n\t\t\t<div class=\"elementor-widget-wrap elementor-element-populated\">\n\t\t\t\t\t\t<div class=\"elementor-element elementor-element-54251667 elementor-widget elementor-widget-image\" data-id=\"54251667\" data-element_type=\"widget\" data-widget_type=\"image.default\">\n\t\t\t\t<div class=\"elementor-widget-container\">\n\t\t\t\t\t\t\t\t\t\t\t\t\t\t\t<img fetchpriority=\"high\" decoding=\"async\" width=\"1536\" height=\"480\" src=\"https:\/\/www.miisoo.com\/wp-content\/uploads\/2020\/12\/banner-sex-doll-1.jpg\" class=\"attachment-full size-full wp-image-7398\" alt=\"\" srcset=\"https:\/\/www.miisoo.com\/wp-content\/uploads\/2020\/12\/banner-sex-doll-1.jpg 1536w, https:\/\/www.miisoo.com\/wp-content\/uploads\/2020\/12\/banner-sex-doll-1-300x94.jpg 300w, https:\/\/www.miisoo.com\/wp-content\/uploads\/2020\/12\/banner-sex-doll-1-1024x320.jpg 1024w, https:\/\/www.miisoo.com\/wp-content\/uploads\/2020\/12\/banner-sex-doll-1-768x240.jpg 768w, https:\/\/www.miisoo.com\/wp-content\/uploads\/2020\/12\/banner-sex-doll-1-370x116.jpg 370w, https:\/\/www.miisoo.com\/wp-content\/uploads\/2020\/12\/banner-sex-doll-1-600x188.jpg 600w\" sizes=\"(max-width: 1536px) 100vw, 1536px\" \/>\t\t\t\t\t\t\t\t\t\t\t\t\t\t\t<\/div>\n\t\t\t\t<\/div>\n\t\t\t\t<div class=\"elementor-element elementor-element-a61e060 elementor-widget elementor-widget-spacer\" data-id=\"a61e060\" data-element_type=\"widget\" data-widget_type=\"spacer.default\">\n\t\t\t\t<div class=\"elementor-widget-container\">\n\t\t\t\t\t\t\t<div class=\"elementor-spacer\">\n\t\t\t<div class=\"elementor-spacer-inner\"><\/div>\n\t\t<\/div>\n\t\t\t\t\t\t<\/div>\n\t\t\t\t<\/div>\n\t\t\t\t\t<\/div>\n\t\t<\/div>\n\t\t\t\t\t<\/div>\n\t\t<\/section>\n\t\t\t\t<section class=\"elementor-section elementor-top-section elementor-element elementor-element-3ff6745a elementor-section-boxed elementor-section-height-default elementor-section-height-default\" data-id=\"3ff6745a\" data-element_type=\"section\">\n\t\t\t\t\t\t<div class=\"elementor-container elementor-column-gap-extended\">\n\t\t\t\t\t<div class=\"elementor-column elementor-col-33 elementor-top-column elementor-element elementor-element-5847672a\" data-id=\"5847672a\" data-element_type=\"column\">\n\t\t\t<div class=\"elementor-widget-wrap\">\n\t\t\t\t\t\t\t<\/div>\n\t\t<\/div>\n\t\t\t\t<div class=\"elementor-column elementor-col-33 elementor-top-column elementor-element elementor-element-31cd9c6a\" data-id=\"31cd9c6a\" data-element_type=\"column\">\n\t\t\t<div class=\"elementor-widget-wrap elementor-element-populated\">\n\t\t\t\t\t\t<div class=\"elementor-element elementor-element-4596bb93 elementor-widget elementor-widget-heading\" data-id=\"4596bb93\" data-element_type=\"widget\" data-widget_type=\"heading.default\">\n\t\t\t\t<div class=\"elementor-widget-container\">\n\t\t\t\t\t<h1 class=\"elementor-heading-title elementor-size-default\">Saatmisjuhend<\/h1>\t\t\t\t<\/div>\n\t\t\t\t<\/div>\n\t\t\t\t<div class=\"elementor-element elementor-element-24950485 elementor-widget elementor-widget-spacer\" data-id=\"24950485\" data-element_type=\"widget\" data-widget_type=\"spacer.default\">\n\t\t\t\t<div class=\"elementor-widget-container\">\n\t\t\t\t\t\t\t<div class=\"elementor-spacer\">\n\t\t\t<div class=\"elementor-spacer-inner\"><\/div>\n\t\t<\/div>\n\t\t\t\t\t\t<\/div>\n\t\t\t\t<\/div>\n\t\t\t\t<div class=\"elementor-element elementor-element-d352fa4 elementor-widget elementor-widget-text-editor\" data-id=\"d352fa4\" data-element_type=\"widget\" data-widget_type=\"text-editor.default\">\n\t\t\t\t<div class=\"elementor-widget-container\">\n\t\t\t\t\t\t\t\t\t<p><strong>Tarneaeg<\/strong><\/p>\n<p>Toome teie nuku teie ukse taha 5-12 t\u00f6\u00f6p\u00e4eva jooksul:<\/p>\n<p>\u2013 Tootmine v\u00f5tab aega 1-3 t\u00f6\u00f6p\u00e4eva<\/p>\n<p>- Kohaletoimetamine v\u00f5tab aega 5-12 p\u00e4eva (olenevalt teie asukohast)<\/p>\n<p>M\u00e4rkus. M\u00f5ne nuku puhul v\u00f5ib kuluda kuni 3 n\u00e4dalat (2 n\u00e4dalat tootmisaeg ja 5\u201312 p\u00e4eva tarnimiseks). Lisateabe saamiseks v\u00f5tke meiega \u00fchendust e-posti aadressil service@miisoo.com<\/p>\n<p>Kui kaup on saatmiseks valmis, edastatakse j\u00e4lgimisnumber. Transiidi ajal saate oma toodet igal etapil j\u00e4lgida.<\/p>\t\t\t\t\t\t\t\t<\/div>\n\t\t\t\t<\/div>\n\t\t\t\t<div class=\"elementor-element elementor-element-70a5110 elementor-widget elementor-widget-text-editor\" data-id=\"70a5110\" data-element_type=\"widget\" data-widget_type=\"text-editor.default\">\n\t\t\t\t<div class=\"elementor-widget-container\">\n\t\t\t\t\t\t\t\t\t<p><strong>Saatmisviis<\/strong><\/p><p>Saadame teile j\u00e4lgimisnumbri teie e-posti kasti, kui teie nukk on tarnitud, ning tarnimise kiirendamiseks ja ohutu kohaletoimetamise tagamiseks kasutame FedEx\/UPSi ja DHL-i. Karbil ei ole silte, mis v\u00f5iksid sisu paljastada, ja soovi korral saame saata teie aadressi asemel FedExi\/UPS-i poodi, et saaksite oma armunuku endale sobival ajal k\u00e4tte v\u00f5tta.<\/p>\t\t\t\t\t\t\t\t<\/div>\n\t\t\t\t<\/div>\n\t\t\t\t<div class=\"elementor-element elementor-element-7539c4d elementor-widget elementor-widget-text-editor\" data-id=\"7539c4d\" data-element_type=\"widget\" data-widget_type=\"text-editor.default\">\n\t\t\t\t<div class=\"elementor-widget-container\">\n\t\t\t\t\t\t\t\t\t<p>Kuna seksnukutooted on erilised ja h\u00f5lmavad keerulisi t\u00f6\u00f6protseduure ning nuku valmistamise l\u00f5puleviimiseks kulub 2-3 t\u00f6\u00f6p\u00e4eva. Teile teatatakse, kui teie pakk teele saadetakse.<\/p><p>Seksnukud saadetakse diskreetses ja terves pakendis (puuduvad sildid, m\u00e4rgised ega logod) ning toote kvaliteet on garanteeritud, \u00e4rge muretsege.<\/p>\t\t\t\t\t\t\t\t<\/div>\n\t\t\t\t<\/div>\n\t\t\t\t<div class=\"elementor-element elementor-element-0708a5d elementor-widget elementor-widget-text-editor\" data-id=\"0708a5d\" data-element_type=\"widget\" data-widget_type=\"text-editor.default\">\n\t\t\t\t<div class=\"elementor-widget-container\">\n\t\t\t\t\t\t\t\t\t<p><strong>Kuhu miisoo.com saadab<\/strong><\/p><p><strong>K\u00f5ik seksnukud on FedExi\/UPSi\/DHL-i poolt TASUTA kohaletoimetamine. Tasuta kohaletoimetamine kogu maailmas!<\/strong><\/p>\t\t\t\t\t\t\t\t<\/div>\n\t\t\t\t<\/div>\n\t\t\t\t<div class=\"elementor-element elementor-element-ae7dca5 elementor-widget elementor-widget-text-editor\" data-id=\"ae7dca5\" data-element_type=\"widget\" data-widget_type=\"text-editor.default\">\n\t\t\t\t<div class=\"elementor-widget-container\">\n\t\t\t\t\t\t\t\t\t<p><strong>Tollimaksud ja maksud<\/strong><\/p><p>M\u00f5nes riigis, eriti USA-s ja Euroopas, pakume k\u00e4ibemaksu ja impordimaksude ettemaksu teenust, nii et te ei pea tolliga tegelema. Sellised riigid nagu Kanada, Jaapan v\u00f5i Austraalia v\u00f5i Uus-Meremaa impordimaksud v\u00f5idakse n\u00f5uda tarnimisel ja tavaliselt tuleb esitada makset\u00f5end v\u00f5i arve. V\u00f5ite esitada kinnitusmeili v\u00f5i Paypali arve v\u00f5i v\u00f5tta meiega \u00fchendust ja me aitame teid selles.<\/p>\t\t\t\t\t\t\t\t<\/div>\n\t\t\t\t<\/div>\n\t\t\t\t<div class=\"elementor-element elementor-element-763e8ff elementor-widget elementor-widget-text-editor\" data-id=\"763e8ff\" data-element_type=\"widget\" data-widget_type=\"text-editor.default\">\n\t\t\t\t<div class=\"elementor-widget-container\">\n\t\t\t\t\t\t\t\t\t<p><strong>Mis siis, kui olete tellimuse saabudes v\u00e4ljas?<\/strong><\/p><p>Kui olete paki kohaletoimetamise ajal v\u00e4ljas, j\u00e4tab teie postiisik v\u00f5i kuller kaardi, mis m\u00e4\u00e4rab uue tarnekatse v\u00f5i teatab teile, kust saate oma diskreetselt pakitud tellimusele j\u00e4rele tulla.<\/p><p>Kui teie pakk viiakse l\u00e4himasse kullerteenust osutavasse kohta, saate sellele j\u00e4rele tulla v\u00f5i korraldada selle uuesti kohaletoimetamise.<\/p>\t\t\t\t\t\t\t\t<\/div>\n\t\t\t\t<\/div>\n\t\t\t\t<div class=\"elementor-element elementor-element-0950927 elementor-widget elementor-widget-text-editor\" data-id=\"0950927\" data-element_type=\"widget\" data-widget_type=\"text-editor.default\">\n\t\t\t\t<div class=\"elementor-widget-container\">\n\t\t\t\t\t\t\t\t\t<p><strong>Mis siis, kui teie tellimus ei j\u00f5ua oodatult kohale?<\/strong><\/p><p>Vastavalt meie mitmeaastasele m\u00fc\u00fcgikogemusele, kui pakk on ebatavaliselt \u00fcle kantud ja tarneaeg \u00fcletab 12 t\u00f6\u00f6p\u00e4eva (v.a tollivormistuse aeg), v\u00f5tke meiega \u00fchendust, et olukorda selgitada<\/p>\t\t\t\t\t\t\t\t<\/div>\n\t\t\t\t<\/div>\n\t\t\t\t<div class=\"elementor-element elementor-element-2abe7c0 elementor-widget elementor-widget-text-editor\" data-id=\"2abe7c0\" data-element_type=\"widget\" data-widget_type=\"text-editor.default\">\n\t\t\t\t<div class=\"elementor-widget-container\">\n\t\t\t\t\t\t\t\t\t<p><strong>J\u00e4lgige oma tellimust j\u00e4rgmiselt:<\/strong><\/p><p>FedEx: <a href=\"https:\/\/www.fedex.com\/\" target=\"_blank\" rel=\"nofollow noopener\">http:\/\/www.fedex.com<\/a><\/p><p>UPS: <a href=\"http:\/\/www.ups.com\/\" target=\"_blank\" rel=\"nofollow noopener\">http:\/\/www.ups.com<\/a><\/p><p>DHL: <a href=\"http:\/\/www.dhl.com\/\" target=\"_blank\" rel=\"nofollow noopener\">http:\/\/www.dhl.com<\/a><\/p><p>Kuna meie eesm\u00e4rk on pakkuda k\u00f5ige t\u00f5husamat lahendust, siis kui teil on probleeme, saatke meile e-kiri aadressil service@miisoo.com<\/p>\t\t\t\t\t\t\t\t<\/div>\n\t\t\t\t<\/div>\n\t\t\t\t<div class=\"elementor-element elementor-element-5873c051 elementor-widget elementor-widget-spacer\" data-id=\"5873c051\" data-element_type=\"widget\" data-widget_type=\"spacer.default\">\n\t\t\t\t<div class=\"elementor-widget-container\">\n\t\t\t\t\t\t\t<div class=\"elementor-spacer\">\n\t\t\t<div class=\"elementor-spacer-inner\"><\/div>\n\t\t<\/div>\n\t\t\t\t\t\t<\/div>\n\t\t\t\t<\/div>\n\t\t\t\t\t<\/div>\n\t\t<\/div>\n\t\t\t\t<div class=\"elementor-column elementor-col-33 elementor-top-column elementor-element elementor-element-5e91253d\" data-id=\"5e91253d\" data-element_type=\"column\">\n\t\t\t<div class=\"elementor-widget-wrap\">\n\t\t\t\t\t\t\t<\/div>\n\t\t<\/div>\n\t\t\t\t\t<\/div>\n\t\t<\/section>\n\t\t\t\t<section class=\"elementor-section elementor-top-section elementor-element elementor-element-16c58fea elementor-section-boxed elementor-section-height-default elementor-section-height-default\" data-id=\"16c58fea\" data-element_type=\"section\">\n\t\t\t\t\t\t<div class=\"elementor-container elementor-column-gap-default\">\n\t\t\t\t\t<div class=\"elementor-column elementor-col-100 elementor-top-column elementor-element elementor-element-74ba8617\" data-id=\"74ba8617\" data-element_type=\"column\">\n\t\t\t<div class=\"elementor-widget-wrap elementor-element-populated\">\n\t\t\t\t\t\t<div class=\"elementor-element elementor-element-312fc24e elementor-widget elementor-widget-spacer\" data-id=\"312fc24e\" data-element_type=\"widget\" data-widget_type=\"spacer.default\">\n\t\t\t\t<div class=\"elementor-widget-container\">\n\t\t\t\t\t\t\t<div class=\"elementor-spacer\">\n\t\t\t<div class=\"elementor-spacer-inner\"><\/div>\n\t\t<\/div>\n\t\t\t\t\t\t<\/div>\n\t\t\t\t<\/div>\n\t\t\t\t\t<\/div>\n\t\t<\/div>\n\t\t\t\t\t<\/div>\n\t\t<\/section>\n\t\t\t\t<\/div>","protected":false},"excerpt":{"rendered":"<p>Shipping Guide Shipping Time Frame We will deliver your doll to your doorstep within 5-12 business days: &#8211;&nbsp; &nbsp;Manufacturing will take 1~3 business days &#8211;&nbsp; &nbsp;Shipping will take 5-12 days (depending on your location) Note: Some dolls may take up to 3 weeks (2 weeks manufacturing time and 5-12 days for shipping). For more information,&hellip;<\/p>","protected":false},"author":455,"featured_media":0,"parent":0,"menu_order":0,"comment_status":"closed","ping_status":"closed","template":"template-full-width.php","meta":{"footnotes":""},"class_list":["post-4349","page","type-page","status-publish","hentry"],"yoast_head":"<!-- This site is optimized with the Yoast SEO Premium plugin v22.6 (Yoast SEO v22.9) - https:\/\/yoast.com\/wordpress\/plugins\/seo\/ -->\n<title>MiisooDoll Shipping Guide | Seamless Delivery | MiisooDoll<\/title>\n<meta name=\"description\" content=\"Navigate hassle-free with MiisooDoll&#039;s Shipping Guide. Enjoy seamless delivery, ensuring your satisfaction. Shop confidently with MiisooDoll today!\" \/>\n<meta name=\"robots\" content=\"index, follow, max-snippet:-1, max-image-preview:large, max-video-preview:-1\" \/>\n<link rel=\"canonical\" href=\"https:\/\/www.miisoo.com\/et\/shipping-guide\/\" \/>\n<meta property=\"og:locale\" content=\"et_EE\" \/>\n<meta property=\"og:type\" content=\"article\" \/>\n<meta property=\"og:title\" content=\"Shipping Guide\" \/>\n<meta property=\"og:description\" content=\"Navigate hassle-free with MiisooDoll&#039;s Shipping Guide. Enjoy seamless delivery, ensuring your satisfaction. Shop confidently with MiisooDoll today!\" \/>\n<meta property=\"og:url\" content=\"https:\/\/www.miisoo.com\/et\/shipping-guide\/\" \/>\n<meta property=\"og:site_name\" content=\"MiisooDoll\" \/>\n<meta property=\"article:publisher\" content=\"https:\/\/www.facebook.com\/miisoodoll\" \/>\n<meta property=\"article:modified_time\" content=\"2023-12-22T12:05:14+00:00\" \/>\n<meta property=\"og:image\" content=\"https:\/\/www.miisoo.com\/wp-content\/uploads\/2020\/12\/banner-sex-doll-1.jpg\" \/>\n<meta name=\"twitter:card\" content=\"summary_large_image\" \/>\n<meta name=\"twitter:site\" content=\"@MiisooSexDolls\" \/>\n<meta name=\"twitter:label1\" content=\"Est. reading time\" \/>\n\t<meta name=\"twitter:data1\" content=\"3 minutit\" \/>\n<!-- \/ Yoast SEO Premium plugin. -->","yoast_head_json":{"title":"MiisooDoll Shipping Guide | Seamless Delivery | MiisooDoll","description":"Navigate hassle-free with MiisooDoll's Shipping Guide. Enjoy seamless delivery, ensuring your satisfaction. Shop confidently with MiisooDoll today!","robots":{"index":"index","follow":"follow","max-snippet":"max-snippet:-1","max-image-preview":"max-image-preview:large","max-video-preview":"max-video-preview:-1"},"canonical":"https:\/\/www.miisoo.com\/et\/shipping-guide\/","og_locale":"et_EE","og_type":"article","og_title":"Shipping Guide","og_description":"Navigate hassle-free with MiisooDoll's Shipping Guide. Enjoy seamless delivery, ensuring your satisfaction. Shop confidently with MiisooDoll today!","og_url":"https:\/\/www.miisoo.com\/et\/shipping-guide\/","og_site_name":"MiisooDoll","article_publisher":"https:\/\/www.facebook.com\/miisoodoll","article_modified_time":"2023-12-22T12:05:14+00:00","og_image":[{"url":"https:\/\/www.miisoo.com\/wp-content\/uploads\/2020\/12\/banner-sex-doll-1.jpg"}],"twitter_card":"summary_large_image","twitter_site":"@MiisooSexDolls","twitter_misc":{"Est. reading time":"3 minutit"},"schema":{"@context":"https:\/\/schema.org","@graph":[{"@type":"WebPage","@id":"https:\/\/www.miisoo.com\/shipping-guide\/","url":"https:\/\/www.miisoo.com\/shipping-guide\/","name":"MiisooDoll Shipping Guide | Seamless Delivery | MiisooDoll","isPartOf":{"@id":"https:\/\/www.miisoo.com\/#website"},"primaryImageOfPage":{"@id":"https:\/\/www.miisoo.com\/shipping-guide\/#primaryimage"},"image":{"@id":"https:\/\/www.miisoo.com\/shipping-guide\/#primaryimage"},"thumbnailUrl":"https:\/\/www.miisoo.com\/wp-content\/uploads\/2020\/12\/banner-sex-doll-1.jpg","datePublished":"2020-09-14T07:08:14+00:00","dateModified":"2023-12-22T12:05:14+00:00","description":"Navigate hassle-free with MiisooDoll's Shipping Guide. Enjoy seamless delivery, ensuring your satisfaction. Shop confidently with MiisooDoll today!","breadcrumb":{"@id":"https:\/\/www.miisoo.com\/shipping-guide\/#breadcrumb"},"inLanguage":"et","potentialAction":[{"@type":"ReadAction","target":["https:\/\/www.miisoo.com\/shipping-guide\/"]}]},{"@type":"ImageObject","inLanguage":"et","@id":"https:\/\/www.miisoo.com\/shipping-guide\/#primaryimage","url":"https:\/\/www.miisoo.com\/wp-content\/uploads\/2020\/12\/banner-sex-doll-1.jpg","contentUrl":"https:\/\/www.miisoo.com\/wp-content\/uploads\/2020\/12\/banner-sex-doll-1.jpg"},{"@type":"BreadcrumbList","@id":"https:\/\/www.miisoo.com\/shipping-guide\/#breadcrumb","itemListElement":[{"@type":"ListItem","position":1,"name":"Home","item":"https:\/\/www.miisoo.com\/"},{"@type":"ListItem","position":2,"name":"Shipping Guide"}]},{"@type":"WebSite","@id":"https:\/\/www.miisoo.com\/#website","url":"https:\/\/www.miisoo.com\/","name":"MiisooDoll","description":"Sexual Doll, Real Sex Dolls, Love Doll, Best Sex Dolls","publisher":{"@id":"https:\/\/www.miisoo.com\/#organization"},"potentialAction":[{"@type":"SearchAction","target":{"@type":"EntryPoint","urlTemplate":"https:\/\/www.miisoo.com\/?s={search_term_string}"},"query-input":"required name=search_term_string"}],"inLanguage":"et"},{"@type":"Organization","@id":"https:\/\/www.miisoo.com\/#organization","name":"MiisooDoll","url":"https:\/\/www.miisoo.com\/","logo":{"@type":"ImageObject","inLanguage":"et","@id":"https:\/\/www.miisoo.com\/#\/schema\/logo\/image\/","url":"https:\/\/www.miisoo.com\/wp-content\/uploads\/2020\/09\/logo-botton.png","contentUrl":"https:\/\/www.miisoo.com\/wp-content\/uploads\/2020\/09\/logo-botton.png","width":181,"height":42,"caption":"MiisooDoll"},"image":{"@id":"https:\/\/www.miisoo.com\/#\/schema\/logo\/image\/"},"sameAs":["https:\/\/www.facebook.com\/miisoodoll","https:\/\/x.com\/MiisooSexDolls"]}]}},"_links":{"self":[{"href":"https:\/\/www.miisoo.com\/et\/wp-json\/wp\/v2\/pages\/4349","targetHints":{"allow":["GET"]}}],"collection":[{"href":"https:\/\/www.miisoo.com\/et\/wp-json\/wp\/v2\/pages"}],"about":[{"href":"https:\/\/www.miisoo.com\/et\/wp-json\/wp\/v2\/types\/page"}],"author":[{"embeddable":true,"href":"https:\/\/www.miisoo.com\/et\/wp-json\/wp\/v2\/users\/455"}],"replies":[{"embeddable":true,"href":"https:\/\/www.miisoo.com\/et\/wp-json\/wp\/v2\/comments?post=4349"}],"version-history":[{"count":1,"href":"https:\/\/www.miisoo.com\/et\/wp-json\/wp\/v2\/pages\/4349\/revisions"}],"predecessor-version":[{"id":34669,"href":"https:\/\/www.miisoo.com\/et\/wp-json\/wp\/v2\/pages\/4349\/revisions\/34669"}],"wp:attachment":[{"href":"https:\/\/www.miisoo.com\/et\/wp-json\/wp\/v2\/media?parent=4349"}],"curies":[{"name":"wp","href":"https:\/\/api.w.org\/{rel}","templated":true}]}}