{"id":3,"date":"2020-09-05T13:19:56","date_gmt":"2020-09-05T13:19:56","guid":{"rendered":"http:\/\/miisoo.com\/?page_id=3"},"modified":"2023-12-22T20:16:22","modified_gmt":"2023-12-22T12:16:22","slug":"privacy-policy","status":"publish","type":"page","link":"https:\/\/www.miisoo.com\/et\/privacy-policy\/","title":{"rendered":"Privaatsuspoliitika"},"content":{"rendered":"<div data-elementor-type=\"wp-page\" data-elementor-id=\"3\" class=\"elementor elementor-3\" data-elementor-post-type=\"page\">\n\t\t\t\t\t\t<section class=\"elementor-section elementor-top-section elementor-element elementor-element-c76458e elementor-section-boxed elementor-section-height-default elementor-section-height-default\" data-id=\"c76458e\" data-element_type=\"section\">\n\t\t\t\t\t\t<div class=\"elementor-container elementor-column-gap-default\">\n\t\t\t\t\t<div class=\"elementor-column elementor-col-25 elementor-top-column elementor-element elementor-element-8b5e8e1\" data-id=\"8b5e8e1\" data-element_type=\"column\">\n\t\t\t<div class=\"elementor-widget-wrap\">\n\t\t\t\t\t\t\t<\/div>\n\t\t<\/div>\n\t\t\t\t<div class=\"elementor-column elementor-col-50 elementor-top-column elementor-element elementor-element-5afa608\" data-id=\"5afa608\" data-element_type=\"column\">\n\t\t\t<div class=\"elementor-widget-wrap elementor-element-populated\">\n\t\t\t\t\t\t<div class=\"elementor-element elementor-element-1111958 elementor-widget elementor-widget-text-editor\" data-id=\"1111958\" data-element_type=\"widget\" data-widget_type=\"text-editor.default\">\n\t\t\t\t<div class=\"elementor-widget-container\">\n\t\t\t\t\t\t\t\t\t<p>MIISOO on sellel saidil kogutava teabe ainuomanik, me ei m\u00fc\u00fc, rendi ega jaga seda teavet \u00fchegi teise ettev\u00f5ttega turunduse eesm\u00e4rgil. Teame, et hoolite sellest, kuidas teie isikuandmeid kasutatakse ja jagatakse, ning hindame teie usaldust meie vastu. K\u00e4sitleme teie isikuandmeid k\u00f5rgeimate ohutuse, turvalisuse ja konfidentsiaalsuse standardite kohaselt.<\/p>\n<p><strong>K. Olen mures oma privaatsuse p\u00e4rast. Kuidas saate kaitsta minu konfidentsiaalsust?<\/strong><\/p>\n<p>V. Oleme v\u00e4ga mures elektroonilise privaatsuse p\u00e4rast, kuna oleme Interneti-p\u00f5hine ettev\u00f5te. Kaitseme teie privaatsust, konfidentsiaalsust ja isikuandmeid tellimis- ja t\u00e4itmisprotsessi kaudu. Me ei salvesta teie andmeid omal j\u00f5ul arvutisse, seega ei saa teie isikuandmeid teie vastu kasutada ega lasta neid varastada kolmanda osapoole saidil. Samuti kaitseme teie privaatsust, koolitades oma m\u00fc\u00fcgipersonali abivalmidusele ja ennek\u00f5ike diskreetsusele. Meie administratiivt\u00f6\u00f6tajad ei aruta teid ega teie \u00e4ri kellegagi. V\u00f5ite olla kindel, et unustame kohe k\u00f5ik, mis teile kogunenud oleme. Me ei s\u00e4ilita sellist teavet, nii et te ei pea muretsema.<\/p>\n<p>K\u00f5ik meie m\u00fc\u00fcgit\u00f6\u00f6tajad on k\u00e4sitsi valitud ja k\u00e4sitsi koolitatud, et nad m\u00f5istaksid, kuidas s\u00e4ilitada klientide konfidentsiaalsust. \u00dckski t\u00f6\u00f6taja, kes neid konfidentsiaalsusreegleid rikub, ei tohi siia j\u00e4\u00e4da. Samuti ei aruta meie t\u00f6\u00f6tajad omavahel kliente ega nende oste. Me \u00f5petame neid, et seda t\u00fc\u00fcpi t\u00fchised kuulujutud pole lihtsalt kasulikud ega kasulikud, seega on parim viis sellega toime tulla. Te ei saa ostmist t\u00e4ielikult nautida, kui olete mures oma isikliku \u00e4ri avalikustamise p\u00e4rast.<\/p>\n<p>Teie seksnuku ost j\u00e4\u00e4b t\u00e4iesti saladuseks seni, kuni meil on selle kohta midagi \u00f6elda. S\u00e4ilitame teie privaatsuse algusest l\u00f5puni ja me ei loobu sellest kunagi. Kui teate, et teie privaatsus on kaitstud, saate rahulikult istuda, l\u00f5\u00f5gastuda ja ostetut nautida. Mida l\u00f5dvestunud olete, seda l\u00f5busam teil on ja mida l\u00f5busam teil on, seda paremini oleme oma t\u00f6\u00f6d teinud. Me ei puhka enne, kui teame, et olete rahul. Teie rahulolu ja seksnukukogemus on meile tohutult olulised.<\/p>\n<h3>Millist teavet me kogume?<\/h3>\n<p>Kogume teilt teavet, kui registreerute meie saidil, esitate tellimuse v\u00f5i tellite meie uudiskirja.<\/p>\n<p>Meie saidil tellides v\u00f5i registreerudes v\u00f5idakse teil paluda sisestada oma nimi, e-posti aadress, postiaadress v\u00f5i telefoninumber. Siiski v\u00f5ite meie saiti k\u00fclastada anon\u00fc\u00fcmselt.<\/p>\n<h3>Milleks me teie teavet kasutame?<\/h3>\n<p>Mis tahes teavet, mida me teilt kogume, v\u00f5idakse kasutada \u00fchel j\u00e4rgmistest viisidest:<\/p>\n<p>Oma kogemuse isikup\u00e4rastamiseks tehke j\u00e4rgmist.<br>(teie teave aitab meil teie individuaalsetele vajadustele paremini vastata)<\/p>\n<p>Tehingute t\u00f6\u00f6tlemiseks:<br>Teie teavet, olgu see siis avalik v\u00f5i privaatne, ei m\u00fc\u00fcda, vahetata, edastata ega anta \u00fchelegi teisele ettev\u00f5ttele \u00fchelgi p\u00f5hjusel ilma teie n\u00f5usolekuta, v\u00e4lja arvatud selge eesm\u00e4rgiga tarnida soovitud toode v\u00f5i teenus.<\/p>\n<p>Perioodiliste meilide saatmiseks toimige j\u00e4rgmiselt.<br>Tellimuse t\u00f6\u00f6tlemiseks antud e-posti aadressi v\u00f5idakse kasutada teile tellimusega seotud teabe ja uuenduste saatmiseks. Lisaks aeg-ajalt ettev\u00f5tte uudiste, uuenduste, seotud toote- v\u00f5i teenuseteabe jms saamisele.<br>M\u00e4rkus. Kui soovite mis tahes ajal edaspidiste meilide tellimusest loobuda, lisame iga meili l\u00f5ppu \u00fcksikasjalikud tellimusest loobumise juhised.<\/p>\n<h3 class=\"m_top\">Kuidas me teie teavet kaitseme?<\/h3>\n<p class=\"m_bottom\">Rakendame mitmesuguseid turvameetmeid, et s\u00e4ilitada teie isikuandmete turvalisus, kui esitate tellimuse v\u00f5i sisestate, esitate v\u00f5i p\u00e4\u00e4sete juurde oma isikuandmetele.<br>Pakume turvalise serveri kasutamist. Kogu tarnitud tundlik\/krediiditeave edastatakse Secure Socket Layer (SSL) tehnoloogia kaudu ja seej\u00e4rel kr\u00fcpteeritakse meie maksel\u00fc\u00fcsi pakkujate andmebaasi, et sellele p\u00e4\u00e4seksid juurde ainult need, kellel on sellistele s\u00fcsteemidele erijuurdep\u00e4\u00e4su\u00f5igused, ning nad on kohustatud hoidma teavet konfidentsiaalsena.<br>P\u00e4rast tehingu sooritamist teie privaatset teavet (krediitkaardid, sotsiaalkindlustuse numbrid, finantsandmed jne) meie serveritesse ei salvestata.<\/p>\n<h3>Kas me kasutame k\u00fcpsiseid?<\/h3>\n<p>es. K\u00fcpsised on v\u00e4ikesed failid, mille sait v\u00f5i selle teenusepakkuja edastab teie veebibrauseri kaudu teie arvuti k\u00f5vakettale (kui lubate), mis v\u00f5imaldavad saitidel v\u00f5i teenusepakkuja s\u00fcsteemidel teie brauserit \u00e4ra tunda ning teatud teavet j\u00e4\u00e4dvustada ja meeles pidada. Kasutame k\u00fcpsiseid, et meid aidata. m\u00e4leta ja t\u00f6\u00f6tle oma ostukorvis olevaid \u00fcksusi, m\u00f5ista ja salvesta oma eelistusi tulevaste k\u00fclastuste jaoks, j\u00e4lgi reklaame ning koosta koondandmeid saidi liikluse ja saidi interaktsiooni kohta, et saaksime tulevikus pakkuda paremaid saidi kasutuskogemusi ja t\u00f6\u00f6riistu.<\/p>\n<h3>Kas me avaldame mingit teavet v\u00e4listele osapooltele?<\/h3>\n<p>Me ei m\u00fc\u00fc, ei vaheta ega edasta muul viisil v\u00e4listele isikutele teie isikuandmeid. See ei h\u00f5lma usaldusv\u00e4\u00e4rseid kolmandaid isikuid, kes aitavad meil meie veebisaiti hallata, \u00e4ri ajada v\u00f5i teid teenindada, kui need osapooled n\u00f5ustuvad hoidma seda teavet konfidentsiaalsena. V\u00f5ime teie teavet avaldada ka siis, kui usume, et avaldamine on asjakohane, et j\u00e4rgida seadusi, j\u00f5ustada meie saidi eeskirju v\u00f5i kaitsta meie v\u00f5i teiste \u00f5igusi, vara v\u00f5i turvalisust. Isiklikult tuvastamatut k\u00fclastajateavet v\u00f5idakse aga edastada teistele osapooltele turunduse, reklaamimise v\u00f5i muul otstarbel.<\/p>\n<h3>Kolmandate osapoolte lingid<\/h3>\n<p>Aeg-ajalt v\u00f5ime oma \u00e4ran\u00e4gemisel lisada v\u00f5i pakkuda oma veebisaidile kolmandate osapoolte tooteid v\u00f5i teenuseid. Nendel kolmandate osapoolte saitidel on eraldi ja s\u00f5ltumatud privaatsuspoliitikad. seet\u00f5ttu ei vastuta me nende lingitud saitide sisu ja tegevuste eest. Sellegipoolest p\u00fc\u00fcame kaitsta oma saidi terviklikkust ja ootame nende saitide kohta tagasisidet.<\/p>\n<p class=\"m_bottom\">\n<\/p><h3>Laste v\u00f5rguprivaatsuskaitseseaduse j\u00e4rgimine<\/h3>\n<p>Oleme vastavuses COPPA (laste internetiprivaatsuse kaitse seaduse) n\u00f5uetega. Me ei kogu teavet alla 13-aastastelt isikutelt. Meie veebisait, tooted ja teenused on k\u00f5ik suunatud inimestele, kes on v\u00e4hemalt 13-aastased v\u00f5i vanemad.<\/p>\n<h3>Ainult veebip\u00f5hised privaatsuspoliitikad<\/h3>\n<p>See veebip\u00f5hine privaatsuspoliitika kehtib ainult meie veebisaidi kaudu kogutud teabele, mitte v\u00f5rgu\u00fchenduseta kogutud teabele.<\/p>\n<h3>Tingimused<\/h3>\n<p>K\u00fclastage ka meie Tingimuste jaotist, mis kirjeldab meie veebisaidi kasutamist, lahti\u00fctlusi ja vastutuse piiranguid aadressil&nbsp;<a href=\"https:\/\/www.miisoo.com\/et\/\" target=\"_blank\" style=\"font-family: inherit; font-weight: var( --e-global-typography-text-font-weight ); background-color: rgb(255, 255, 255);\">www.miisoo.com<\/a><\/p>\n<h3>Teie n\u00f5usolek<\/h3>\n<p>Meie saiti kasutades n\u00f5ustute meie veebisaidi privaatsuspoliitikaga.<\/p>\n<h3>Muudatused meie privaatsuspoliitikas<\/h3>\n<p>Kui otsustame oma privaatsuspoliitikat muuta, v\u00e4rskendame allpool toodud privaatsuspoliitika muutmise kuup\u00e4eva.<br>Seda poliitikat muudeti viimati 03.06.2018<\/p>\t\t\t\t\t\t\t\t<\/div>\n\t\t\t\t<\/div>\n\t\t\t\t\t<\/div>\n\t\t<\/div>\n\t\t\t\t<div class=\"elementor-column elementor-col-25 elementor-top-column elementor-element elementor-element-df603f8\" data-id=\"df603f8\" data-element_type=\"column\">\n\t\t\t<div class=\"elementor-widget-wrap\">\n\t\t\t\t\t\t\t<\/div>\n\t\t<\/div>\n\t\t\t\t\t<\/div>\n\t\t<\/section>\n\t\t\t\t<\/div>","protected":false},"excerpt":{"rendered":"<p>MIISOO is the sole owner of the information we collect at this site, we do not sell, rent or share this information with any other company for the purpose of marketing. We know that you care how your personal information is used and shared, and we appreciate your trust in us. We treat your personal&hellip;<\/p>","protected":false},"author":455,"featured_media":0,"parent":0,"menu_order":0,"comment_status":"closed","ping_status":"open","template":"","meta":{"footnotes":""},"class_list":["post-3","page","type-page","status-publish","hentry"],"yoast_head":"<!-- This site is optimized with the Yoast SEO Premium plugin v22.6 (Yoast SEO v22.9) - https:\/\/yoast.com\/wordpress\/plugins\/seo\/ -->\n<title>Privacy Policy | Cheap Real Sex Dolls | MiisooDoll<\/title>\n<meta name=\"description\" content=\"Review MiisooDoll&#039;s privacy policy for transparent handling of data. Shop confidently for cheap real sex dolls. Your privacy, our priority at MiisooDoll.\" \/>\n<meta name=\"robots\" content=\"index, follow, max-snippet:-1, max-image-preview:large, max-video-preview:-1\" \/>\n<link rel=\"canonical\" href=\"https:\/\/www.miisoo.com\/et\/privacy-policy\/\" \/>\n<meta property=\"og:locale\" content=\"et_EE\" \/>\n<meta property=\"og:type\" content=\"article\" \/>\n<meta property=\"og:title\" content=\"Privacy Policy\" \/>\n<meta property=\"og:description\" content=\"Review MiisooDoll&#039;s privacy policy for transparent handling of data. Shop confidently for cheap real sex dolls. Your privacy, our priority at MiisooDoll.\" \/>\n<meta property=\"og:url\" content=\"https:\/\/www.miisoo.com\/et\/privacy-policy\/\" \/>\n<meta property=\"og:site_name\" content=\"MiisooDoll\" \/>\n<meta property=\"article:publisher\" content=\"https:\/\/www.facebook.com\/miisoodoll\" \/>\n<meta property=\"article:modified_time\" content=\"2023-12-22T12:16:22+00:00\" \/>\n<meta name=\"twitter:card\" content=\"summary_large_image\" \/>\n<meta name=\"twitter:site\" content=\"@MiisooSexDolls\" \/>\n<meta name=\"twitter:label1\" content=\"Est. reading time\" \/>\n\t<meta name=\"twitter:data1\" content=\"5 minutit\" \/>\n<!-- \/ Yoast SEO Premium plugin. -->","yoast_head_json":{"title":"Privacy Policy | Cheap Real Sex Dolls | MiisooDoll","description":"Review MiisooDoll's privacy policy for transparent handling of data. Shop confidently for cheap real sex dolls. Your privacy, our priority at MiisooDoll.","robots":{"index":"index","follow":"follow","max-snippet":"max-snippet:-1","max-image-preview":"max-image-preview:large","max-video-preview":"max-video-preview:-1"},"canonical":"https:\/\/www.miisoo.com\/et\/privacy-policy\/","og_locale":"et_EE","og_type":"article","og_title":"Privacy Policy","og_description":"Review MiisooDoll's privacy policy for transparent handling of data. Shop confidently for cheap real sex dolls. Your privacy, our priority at MiisooDoll.","og_url":"https:\/\/www.miisoo.com\/et\/privacy-policy\/","og_site_name":"MiisooDoll","article_publisher":"https:\/\/www.facebook.com\/miisoodoll","article_modified_time":"2023-12-22T12:16:22+00:00","twitter_card":"summary_large_image","twitter_site":"@MiisooSexDolls","twitter_misc":{"Est. reading time":"5 minutit"},"schema":{"@context":"https:\/\/schema.org","@graph":[{"@type":"WebPage","@id":"https:\/\/www.miisoo.com\/nl\/privacy-policy\/","url":"https:\/\/www.miisoo.com\/nl\/privacy-policy\/","name":"Privacy Policy | Cheap Real Sex Dolls | MiisooDoll","isPartOf":{"@id":"https:\/\/www.miisoo.com\/#website"},"datePublished":"2020-09-05T13:19:56+00:00","dateModified":"2023-12-22T12:16:22+00:00","description":"Review MiisooDoll's privacy policy for transparent handling of data. Shop confidently for cheap real sex dolls. Your privacy, our priority at MiisooDoll.","breadcrumb":{"@id":"https:\/\/www.miisoo.com\/nl\/privacy-policy\/#breadcrumb"},"inLanguage":"et","potentialAction":[{"@type":"ReadAction","target":["https:\/\/www.miisoo.com\/nl\/privacy-policy\/"]}]},{"@type":"BreadcrumbList","@id":"https:\/\/www.miisoo.com\/nl\/privacy-policy\/#breadcrumb","itemListElement":[{"@type":"ListItem","position":1,"name":"Home","item":"https:\/\/www.miisoo.com\/"},{"@type":"ListItem","position":2,"name":"Privacy Policy"}]},{"@type":"WebSite","@id":"https:\/\/www.miisoo.com\/#website","url":"https:\/\/www.miisoo.com\/","name":"MiisooDoll","description":"Sexual Doll, Real Sex Dolls, Love Doll, Best Sex Dolls","publisher":{"@id":"https:\/\/www.miisoo.com\/#organization"},"potentialAction":[{"@type":"SearchAction","target":{"@type":"EntryPoint","urlTemplate":"https:\/\/www.miisoo.com\/?s={search_term_string}"},"query-input":"required name=search_term_string"}],"inLanguage":"et"},{"@type":"Organization","@id":"https:\/\/www.miisoo.com\/#organization","name":"MiisooDoll","url":"https:\/\/www.miisoo.com\/","logo":{"@type":"ImageObject","inLanguage":"et","@id":"https:\/\/www.miisoo.com\/#\/schema\/logo\/image\/","url":"https:\/\/www.miisoo.com\/wp-content\/uploads\/2020\/09\/logo-botton.png","contentUrl":"https:\/\/www.miisoo.com\/wp-content\/uploads\/2020\/09\/logo-botton.png","width":181,"height":42,"caption":"MiisooDoll"},"image":{"@id":"https:\/\/www.miisoo.com\/#\/schema\/logo\/image\/"},"sameAs":["https:\/\/www.facebook.com\/miisoodoll","https:\/\/x.com\/MiisooSexDolls"]}]}},"_links":{"self":[{"href":"https:\/\/www.miisoo.com\/et\/wp-json\/wp\/v2\/pages\/3","targetHints":{"allow":["GET"]}}],"collection":[{"href":"https:\/\/www.miisoo.com\/et\/wp-json\/wp\/v2\/pages"}],"about":[{"href":"https:\/\/www.miisoo.com\/et\/wp-json\/wp\/v2\/types\/page"}],"author":[{"embeddable":true,"href":"https:\/\/www.miisoo.com\/et\/wp-json\/wp\/v2\/users\/455"}],"replies":[{"embeddable":true,"href":"https:\/\/www.miisoo.com\/et\/wp-json\/wp\/v2\/comments?post=3"}],"version-history":[{"count":1,"href":"https:\/\/www.miisoo.com\/et\/wp-json\/wp\/v2\/pages\/3\/revisions"}],"predecessor-version":[{"id":34673,"href":"https:\/\/www.miisoo.com\/et\/wp-json\/wp\/v2\/pages\/3\/revisions\/34673"}],"wp:attachment":[{"href":"https:\/\/www.miisoo.com\/et\/wp-json\/wp\/v2\/media?parent=3"}],"curies":[{"name":"wp","href":"https:\/\/api.w.org\/{rel}","templated":true}]}}