{"id":129,"date":"2017-11-28T08:26:45","date_gmt":"2017-11-28T08:26:45","guid":{"rendered":"http:\/\/demo2.drfuri.com\/martfury13\/?page_id=129"},"modified":"2023-12-22T19:57:32","modified_gmt":"2023-12-22T11:57:32","slug":"about-miisoo-sex-dolls-online","status":"publish","type":"page","link":"https:\/\/www.miisoo.com\/et\/about-miisoo-sex-dolls-online\/","title":{"rendered":"Meist"},"content":{"rendered":"<div data-elementor-type=\"wp-post\" data-elementor-id=\"129\" class=\"elementor elementor-129\" data-elementor-post-type=\"page\">\n\t\t\t\t\t\t<section class=\"elementor-section elementor-top-section elementor-element elementor-element-499101e2 elementor-section-full_width elementor-section-stretched elementor-section-height-default elementor-section-height-default\" data-id=\"499101e2\" data-element_type=\"section\" data-settings=\"{&quot;stretch_section&quot;:&quot;section-stretched&quot;}\">\n\t\t\t\t\t\t<div class=\"elementor-container elementor-column-gap-no\">\n\t\t\t\t\t<div class=\"elementor-column elementor-col-100 elementor-top-column elementor-element elementor-element-3ca9cf60\" data-id=\"3ca9cf60\" data-element_type=\"column\">\n\t\t\t<div class=\"elementor-widget-wrap elementor-element-populated\">\n\t\t\t\t\t\t<div class=\"elementor-element elementor-element-54251667 elementor-widget elementor-widget-image\" data-id=\"54251667\" data-element_type=\"widget\" data-widget_type=\"image.default\">\n\t\t\t\t<div class=\"elementor-widget-container\">\n\t\t\t\t\t\t\t\t\t\t\t\t\t\t\t<img fetchpriority=\"high\" decoding=\"async\" width=\"1536\" height=\"480\" src=\"https:\/\/www.miisoo.com\/wp-content\/uploads\/2020\/12\/banner-sex-doll-1.jpg\" class=\"attachment-full size-full wp-image-7398\" alt=\"\" srcset=\"https:\/\/www.miisoo.com\/wp-content\/uploads\/2020\/12\/banner-sex-doll-1.jpg 1536w, https:\/\/www.miisoo.com\/wp-content\/uploads\/2020\/12\/banner-sex-doll-1-300x94.jpg 300w, https:\/\/www.miisoo.com\/wp-content\/uploads\/2020\/12\/banner-sex-doll-1-1024x320.jpg 1024w, https:\/\/www.miisoo.com\/wp-content\/uploads\/2020\/12\/banner-sex-doll-1-768x240.jpg 768w, https:\/\/www.miisoo.com\/wp-content\/uploads\/2020\/12\/banner-sex-doll-1-370x116.jpg 370w, https:\/\/www.miisoo.com\/wp-content\/uploads\/2020\/12\/banner-sex-doll-1-600x188.jpg 600w\" sizes=\"(max-width: 1536px) 100vw, 1536px\" \/>\t\t\t\t\t\t\t\t\t\t\t\t\t\t\t<\/div>\n\t\t\t\t<\/div>\n\t\t\t\t<div class=\"elementor-element elementor-element-a61e060 elementor-widget elementor-widget-spacer\" data-id=\"a61e060\" data-element_type=\"widget\" data-widget_type=\"spacer.default\">\n\t\t\t\t<div class=\"elementor-widget-container\">\n\t\t\t\t\t\t\t<div class=\"elementor-spacer\">\n\t\t\t<div class=\"elementor-spacer-inner\"><\/div>\n\t\t<\/div>\n\t\t\t\t\t\t<\/div>\n\t\t\t\t<\/div>\n\t\t\t\t\t<\/div>\n\t\t<\/div>\n\t\t\t\t\t<\/div>\n\t\t<\/section>\n\t\t\t\t<section class=\"elementor-section elementor-top-section elementor-element elementor-element-3ff6745a elementor-section-boxed elementor-section-height-default elementor-section-height-default\" data-id=\"3ff6745a\" data-element_type=\"section\">\n\t\t\t\t\t\t<div class=\"elementor-container elementor-column-gap-extended\">\n\t\t\t\t\t<div class=\"elementor-column elementor-col-16 elementor-top-column elementor-element elementor-element-5847672a\" data-id=\"5847672a\" data-element_type=\"column\">\n\t\t\t<div class=\"elementor-widget-wrap\">\n\t\t\t\t\t\t\t<\/div>\n\t\t<\/div>\n\t\t\t\t<div class=\"elementor-column elementor-col-66 elementor-top-column elementor-element elementor-element-31cd9c6a\" data-id=\"31cd9c6a\" data-element_type=\"column\">\n\t\t\t<div class=\"elementor-widget-wrap elementor-element-populated\">\n\t\t\t\t\t\t<div class=\"elementor-element elementor-element-4596bb93 elementor-widget elementor-widget-heading\" data-id=\"4596bb93\" data-element_type=\"widget\" data-widget_type=\"heading.default\">\n\t\t\t\t<div class=\"elementor-widget-container\">\n\t\t\t\t\t<h1 class=\"elementor-heading-title elementor-size-default\">MiisooDollist<\/h1>\t\t\t\t<\/div>\n\t\t\t\t<\/div>\n\t\t\t\t<div class=\"elementor-element elementor-element-24950485 elementor-widget elementor-widget-spacer\" data-id=\"24950485\" data-element_type=\"widget\" data-widget_type=\"spacer.default\">\n\t\t\t\t<div class=\"elementor-widget-container\">\n\t\t\t\t\t\t\t<div class=\"elementor-spacer\">\n\t\t\t<div class=\"elementor-spacer-inner\"><\/div>\n\t\t<\/div>\n\t\t\t\t\t\t<\/div>\n\t\t\t\t<\/div>\n\t\t\t\t<div class=\"elementor-element elementor-element-ac8375b elementor-widget elementor-widget-heading\" data-id=\"ac8375b\" data-element_type=\"widget\" data-widget_type=\"heading.default\">\n\t\t\t\t<div class=\"elementor-widget-container\">\n\t\t\t\t\t<h2 class=\"elementor-heading-title elementor-size-default\"><a href=\"http:\/\/www.miisoo.com\/et\/\">Sex Doll Online Store, Tere tulemast saidile miisoo.com, oleme \u00fcks parimaid realistlike seksinukkude tootjaid ja m\u00fc\u00fcjaid selles valdkonnas.<\/a><\/h2>\t\t\t\t<\/div>\n\t\t\t\t<\/div>\n\t\t\t\t<div class=\"elementor-element elementor-element-2362e4d6 elementor-widget elementor-widget-spacer\" data-id=\"2362e4d6\" data-element_type=\"widget\" data-widget_type=\"spacer.default\">\n\t\t\t\t<div class=\"elementor-widget-container\">\n\t\t\t\t\t\t\t<div class=\"elementor-spacer\">\n\t\t\t<div class=\"elementor-spacer-inner\"><\/div>\n\t\t<\/div>\n\t\t\t\t\t\t<\/div>\n\t\t\t\t<\/div>\n\t\t\t\t<div class=\"elementor-element elementor-element-d352fa4 elementor-widget elementor-widget-text-editor\" data-id=\"d352fa4\" data-element_type=\"widget\" data-widget_type=\"text-editor.default\">\n\t\t\t\t<div class=\"elementor-widget-container\">\n\t\t\t\t\t\t\t\t\t<p>MIISOO asutati 2016. aastal ja meil on oma nukkude valmistamise tehas. Nii saame saavutada t\u00f5elise kvaliteedi ja detailide kontrolli. Iga meie nukk on k\u00e4sitsi nikerdatud 20-aastase kogemusega meistri poolt. Protsessi k\u00e4igus kasutame t\u00e4iustatud teadusliku uurimist\u00f6\u00f6 tehnikaid ja t\u00e4iuslikke protsesse. Meie filosoofia on arendada ja toota k\u00f5ige realistlikumaid nukke. Tooge klientidele parim kogemus.<\/p>\t\t\t\t\t\t\t\t<\/div>\n\t\t\t\t<\/div>\n\t\t\t\t<div class=\"elementor-element elementor-element-d8451a0 elementor-widget elementor-widget-heading\" data-id=\"d8451a0\" data-element_type=\"widget\" data-widget_type=\"heading.default\">\n\t\t\t\t<div class=\"elementor-widget-container\">\n\t\t\t\t\t<h2 class=\"elementor-heading-title elementor-size-default\">Koost\u00f6\u00f6 kuulsa kaubam\u00e4rgiga<\/h2>\t\t\t\t<\/div>\n\t\t\t\t<\/div>\n\t\t\t\t<div class=\"elementor-element elementor-element-2b352d0 elementor-widget elementor-widget-spacer\" data-id=\"2b352d0\" data-element_type=\"widget\" data-widget_type=\"spacer.default\">\n\t\t\t\t<div class=\"elementor-widget-container\">\n\t\t\t\t\t\t\t<div class=\"elementor-spacer\">\n\t\t\t<div class=\"elementor-spacer-inner\"><\/div>\n\t\t<\/div>\n\t\t\t\t\t\t<\/div>\n\t\t\t\t<\/div>\n\t\t\t\t<div class=\"elementor-element elementor-element-1634f43 elementor-widget elementor-widget-text-editor\" data-id=\"1634f43\" data-element_type=\"widget\" data-widget_type=\"text-editor.default\">\n\t\t\t\t<div class=\"elementor-widget-container\">\n\t\t\t\t\t\t\t\t\t<p><span style=\"color: var( --e-global-color-text ); font-family: inherit; font-weight: var( --e-global-typography-text-font-weight );\">Samal ajal teeme koost\u00f6\u00f6d ka t\u00f6\u00f6stuses tuntud kaubam\u00e4rkidega, nagu WM, Dollhouse 168 ja nii edasi. T\u00f6\u00f6stusharu on seda \u00fcksmeelselt tunnustanud. Praegu jaguneb MIISOO seksnukkude veebipood laias laastus soodsateks TPE nukkudeks ja kvaliteetseteks silikoonnukkudeks. Meie poest leiate populaarsed Euroopa stiilis daamid, \u00f5rnad Aasia t\u00fcdrukud, isasnukud, anime- ja haldjasnukud. Loomulikult v\u00f5tame vastu ka kohandatud nukke. Lihtsalt \u00f6elge meile teavet oma unistuste kohta. ja me suudame kindlasti teie vajadused rahuldada.<\/span><\/p><p>Praegu on meie poe eritooted Talking nutikad nukud ja puhtast silikoonist nukud. Need t\u00f5mbavad paljude klientide t\u00e4helepanu ja toovad neile enneolematu kogemuse. L\u00f5butse h\u00e4sti.<\/p>\t\t\t\t\t\t\t\t<\/div>\n\t\t\t\t<\/div>\n\t\t\t\t<div class=\"elementor-element elementor-element-5873c051 elementor-widget elementor-widget-spacer\" data-id=\"5873c051\" data-element_type=\"widget\" data-widget_type=\"spacer.default\">\n\t\t\t\t<div class=\"elementor-widget-container\">\n\t\t\t\t\t\t\t<div class=\"elementor-spacer\">\n\t\t\t<div class=\"elementor-spacer-inner\"><\/div>\n\t\t<\/div>\n\t\t\t\t\t\t<\/div>\n\t\t\t\t<\/div>\n\t\t\t\t\t<\/div>\n\t\t<\/div>\n\t\t\t\t<div class=\"elementor-column elementor-col-16 elementor-top-column elementor-element elementor-element-5e91253d\" data-id=\"5e91253d\" data-element_type=\"column\">\n\t\t\t<div class=\"elementor-widget-wrap\">\n\t\t\t\t\t\t\t<\/div>\n\t\t<\/div>\n\t\t\t\t\t<\/div>\n\t\t<\/section>\n\t\t\t\t<section class=\"elementor-section elementor-top-section elementor-element elementor-element-524da24c elementor-section-boxed elementor-section-height-default elementor-section-height-default\" data-id=\"524da24c\" data-element_type=\"section\" data-settings=\"{&quot;background_background&quot;:&quot;classic&quot;}\">\n\t\t\t\t\t\t<div class=\"elementor-container elementor-column-gap-extended\">\n\t\t\t\t\t<div class=\"elementor-column elementor-col-100 elementor-top-column elementor-element elementor-element-3b0f7e92\" data-id=\"3b0f7e92\" data-element_type=\"column\">\n\t\t\t<div class=\"elementor-widget-wrap elementor-element-populated\">\n\t\t\t\t\t\t<section class=\"elementor-section elementor-inner-section elementor-element elementor-element-3b546ae0 elementor-section-boxed elementor-section-height-default elementor-section-height-default\" data-id=\"3b546ae0\" data-element_type=\"section\">\n\t\t\t\t\t\t<div class=\"elementor-container elementor-column-gap-extended\">\n\t\t\t\t\t<div class=\"elementor-column elementor-col-33 elementor-inner-column elementor-element elementor-element-183a324a\" data-id=\"183a324a\" data-element_type=\"column\">\n\t\t\t<div class=\"elementor-widget-wrap\">\n\t\t\t\t\t\t\t<\/div>\n\t\t<\/div>\n\t\t\t\t<div class=\"elementor-column elementor-col-33 elementor-inner-column elementor-element elementor-element-59275da8\" data-id=\"59275da8\" data-element_type=\"column\">\n\t\t\t<div class=\"elementor-widget-wrap elementor-element-populated\">\n\t\t\t\t\t\t<div class=\"elementor-element elementor-element-2080949 elementor-widget elementor-widget-spacer\" data-id=\"2080949\" data-element_type=\"widget\" data-widget_type=\"spacer.default\">\n\t\t\t\t<div class=\"elementor-widget-container\">\n\t\t\t\t\t\t\t<div class=\"elementor-spacer\">\n\t\t\t<div class=\"elementor-spacer-inner\"><\/div>\n\t\t<\/div>\n\t\t\t\t\t\t<\/div>\n\t\t\t\t<\/div>\n\t\t\t\t<div class=\"elementor-element elementor-element-2987dd14 elementor-widget elementor-widget-heading\" data-id=\"2987dd14\" data-element_type=\"widget\" data-widget_type=\"heading.default\">\n\t\t\t\t<div class=\"elementor-widget-container\">\n\t\t\t\t\t<h2 class=\"elementor-heading-title elementor-size-default\"><strong>MIKS MEIEGA OSTMA?<\/strong><\/h2>\t\t\t\t<\/div>\n\t\t\t\t<\/div>\n\t\t\t\t<div class=\"elementor-element elementor-element-47090e99 elementor-widget elementor-widget-spacer\" data-id=\"47090e99\" data-element_type=\"widget\" data-widget_type=\"spacer.default\">\n\t\t\t\t<div class=\"elementor-widget-container\">\n\t\t\t\t\t\t\t<div class=\"elementor-spacer\">\n\t\t\t<div class=\"elementor-spacer-inner\"><\/div>\n\t\t<\/div>\n\t\t\t\t\t\t<\/div>\n\t\t\t\t<\/div>\n\t\t\t\t<div class=\"elementor-element elementor-element-7ff0e7fb elementor-widget elementor-widget-text-editor\" data-id=\"7ff0e7fb\" data-element_type=\"widget\" data-widget_type=\"text-editor.default\">\n\t\t\t\t<div class=\"elementor-widget-container\">\n\t\t\t\t\t\t\t\t\t<p>No mitmel p\u00f5hjusel:<\/p><p><strong>Esiteks<\/strong>, MIISOO br\u00e4nd on lihtsalt \u00fcks parimaid, mida t\u00e4nap\u00e4eval seksinukkude maailmast leida on. Eriteadmiste abil v\u00e4lja t\u00f6\u00f6tatud, luksuslikust materjalist TPE-st v\u00f5rratu peendetailideni kujundatud ja vormitud Premium TPE seksnukud on praegu v\u00e4ga populaarsed nende seas, kes armastavad t\u00f5elisi nukke.<\/p><p>MIISOO DOLL kaubam\u00e4rki eristab konkurentidest kahtlemata seksuaalavade (vagiina, p\u00e4raku) vormimise peen detailsus. Nende v\u00e4limus on lihtsalt t\u00e4iuslik reproduktsioon. Ja teie naudingutunnet saab ainult mitmekordistada.<\/p><p><strong>Teiseks\u00a0<\/strong>oleme saatmise ja k\u00e4itlemise osas diskreetsed. arveldusv\u00e4ljav\u00f5tted ilmuvad ka mitteseotud nimega, et keegi peale teie ja ettev\u00f5tte ei teaks, milliseid p\u00f5nevaid tooteid te ostsite.<\/p><p><strong>Kolmandaks<\/strong>, k\u00f5rge kvaliteet Madalad hinnad on MIISOO nuku visiooni, \u00e4riidee ja kontseptsiooni nurgakivi. K\u00f5igi MIISOO seksnukkude p\u00f5him\u00f5te on see, et madalad hinnad muudavad h\u00e4sti disainitud ja funktsionaalsed seksinukud k\u00f5igile k\u00e4ttesaadavaks. L\u00f5ppude l\u00f5puks on meie visioon luua paljudele inimestele parem seksuaalelu.<\/p><p>Selle asemel, et osta seksnukke hulgim\u00fc\u00fcjatelt ja vahendajatelt, toodame neid seksnukke otse oma tehasest. Kuid l\u00f5ppude l\u00f5puks on see seda v\u00e4\u00e4rt, sest see v\u00f5imaldab meil pakkuda teile k\u00f5rgeima kvaliteediga seksnukke v\u00f5imalikult madalate hindadega.<\/p><p>P\u00fc\u00fcame pidevalt teha k\u00f5ike natuke paremini, veidi lihtsamalt, t\u00f5husamalt ja alati kuluefektiivsemalt. K\u00f5ik MIISOO t\u00f6\u00f6tajad m\u00e4ngivad olulist rolli meie madalate hindade loomisel, mida me siis suudame pakkuda.<\/p><p><strong>L\u00f5puks<\/strong>, parim klienditeenindus. Meie klienditeenindus p\u00fc\u00fcab olla v\u00f5imalikult abivalmis, suutes reageerida ja lahendada peaaegu igas olukorras s\u00f5bralikult. Need on saadaval 24\/7 ja 365 p\u00e4eva aastas, et aidata vastata teie k\u00fcsimustele v\u00f5i muredele. Tutvu meie valikuga ja vali endale sobiv nukk, sa ei pea pettuma!\u00a0<\/p><p>Koos <strong>\u00fcle 2000 usaldusv\u00e4\u00e4rse arvustuse<\/strong>\u00a0meie nukkudel. Oleme uhked selle \u00fcle, et meie kliendid on 100% meie toodetega rahul, tagades ainult parima kvaliteediga materjalid, kiireima kohaletoimetamise, soodsaimad hinnad, esmaklassilise klienditeeninduse ja teie privaatsuse.<\/p><p>Me ei jaga teie teavet kunagi kellegagi! Teie pakk saabub 100% diskreetselt ja pakendis, mis n\u00e4eb v\u00e4lja nagu mis tahes muu pakend, mille te tavaliselt saaksite. Keegi peale teie ja meie ei tea, et tellisite armastusnuku<\/p>\t\t\t\t\t\t\t\t<\/div>\n\t\t\t\t<\/div>\n\t\t\t\t<div class=\"elementor-element elementor-element-3590d165 elementor-widget elementor-widget-spacer\" data-id=\"3590d165\" data-element_type=\"widget\" data-widget_type=\"spacer.default\">\n\t\t\t\t<div class=\"elementor-widget-container\">\n\t\t\t\t\t\t\t<div class=\"elementor-spacer\">\n\t\t\t<div class=\"elementor-spacer-inner\"><\/div>\n\t\t<\/div>\n\t\t\t\t\t\t<\/div>\n\t\t\t\t<\/div>\n\t\t\t\t\t<\/div>\n\t\t<\/div>\n\t\t\t\t<div class=\"elementor-column elementor-col-33 elementor-inner-column elementor-element elementor-element-ffc00e2\" data-id=\"ffc00e2\" data-element_type=\"column\">\n\t\t\t<div class=\"elementor-widget-wrap\">\n\t\t\t\t\t\t\t<\/div>\n\t\t<\/div>\n\t\t\t\t\t<\/div>\n\t\t<\/section>\n\t\t\t\t<section class=\"elementor-section elementor-inner-section elementor-element elementor-element-2e8b9d4b elementor-section-boxed elementor-section-height-default elementor-section-height-default\" data-id=\"2e8b9d4b\" data-element_type=\"section\">\n\t\t\t\t\t\t<div class=\"elementor-container elementor-column-gap-extended\">\n\t\t\t\t\t<div class=\"elementor-column elementor-col-100 elementor-inner-column elementor-element elementor-element-36ed4d7e\" data-id=\"36ed4d7e\" data-element_type=\"column\">\n\t\t\t<div class=\"elementor-widget-wrap elementor-element-populated\">\n\t\t\t\t\t\t<div class=\"elementor-element elementor-element-4d3ab6d1 columns--mobile3 columns--tablet3 columns-5 elementor-widget elementor-widget-martfury-images-grid\" data-id=\"4d3ab6d1\" data-element_type=\"widget\" data-widget_type=\"martfury-images-grid.default\">\n\t\t\t\t<div class=\"elementor-widget-container\">\n\t\t\t\t\t<div class=\"mf-images-gallery mf-images-gallery--grid\"><div class=\"images-list\"><div class=\"image-item\"><div class=\"image-item__wrapper\"><a href=\"#\" target=\"_blank\" rel=\"nofollow\" class=\"img-link\"><img decoding=\"async\" width=\"140\" height=\"46\" src=\"https:\/\/www.miisoo.com\/wp-content\/uploads\/2019\/05\/partner-1.png\" class=\"attachment-full size-full wp-image-2782\" alt=\"\" \/><\/a><\/div><\/div><div class=\"image-item\"><div class=\"image-item__wrapper\"><a href=\"#\" target=\"_blank\" rel=\"nofollow\" class=\"img-link\"><img decoding=\"async\" width=\"150\" height=\"28\" src=\"https:\/\/www.miisoo.com\/wp-content\/uploads\/2020\/06\/partner-2.png\" class=\"attachment-full size-full wp-image-4100\" alt=\"\" \/><\/a><\/div><\/div><div class=\"image-item\"><div class=\"image-item__wrapper\"><a href=\"#\" target=\"_blank\" rel=\"nofollow\" class=\"img-link\"><img decoding=\"async\" src=\"https:\/\/drfuri-demo-images.s3-us-west-1.amazonaws.com\/martfury\/electronic\/images\/partner-3.png\" title=\"\" alt=\"\" loading=\"lazy\" \/><\/a><\/div><\/div><div class=\"image-item\"><div class=\"image-item__wrapper\"><a href=\"#\" target=\"_blank\" rel=\"nofollow\" class=\"img-link\"><img loading=\"lazy\" decoding=\"async\" width=\"128\" height=\"48\" src=\"https:\/\/www.miisoo.com\/wp-content\/uploads\/2020\/06\/partner-5.png\" class=\"attachment-full size-full wp-image-4103\" alt=\"\" \/><\/a><\/div><\/div><div class=\"image-item\"><div class=\"image-item__wrapper\"><a href=\"#\" target=\"_blank\" rel=\"nofollow\" class=\"img-link\"><img loading=\"lazy\" decoding=\"async\" width=\"95\" height=\"54\" src=\"https:\/\/www.miisoo.com\/wp-content\/uploads\/2020\/06\/partner-4.png\" class=\"attachment-full size-full wp-image-4102\" alt=\"\" \/><\/a><\/div><\/div><\/div><\/div>\t\t\t\t<\/div>\n\t\t\t\t<\/div>\n\t\t\t\t<div class=\"elementor-element elementor-element-2bd84a02 elementor-widget elementor-widget-spacer\" data-id=\"2bd84a02\" data-element_type=\"widget\" data-widget_type=\"spacer.default\">\n\t\t\t\t<div class=\"elementor-widget-container\">\n\t\t\t\t\t\t\t<div class=\"elementor-spacer\">\n\t\t\t<div class=\"elementor-spacer-inner\"><\/div>\n\t\t<\/div>\n\t\t\t\t\t\t<\/div>\n\t\t\t\t<\/div>\n\t\t\t\t\t<\/div>\n\t\t<\/div>\n\t\t\t\t\t<\/div>\n\t\t<\/section>\n\t\t\t\t\t<\/div>\n\t\t<\/div>\n\t\t\t\t\t<\/div>\n\t\t<\/section>\n\t\t\t\t<\/div>","protected":false},"excerpt":{"rendered":"<p>About MiisooDoll Sex Doll Online Store, Welcome to miisoo.com, we are one of the top Realistic sex dolls manufacturer and seller in the industry. MIISOO was founded in 2016 and we have our own doll manufacturing factory. So we can achieve true quality and detail control. Each of our dolls is hand-carved by a master&hellip;<\/p>","protected":false},"author":455,"featured_media":0,"parent":0,"menu_order":0,"comment_status":"closed","ping_status":"closed","template":"template-full-width.php","meta":{"footnotes":""},"class_list":["post-129","page","type-page","status-publish","hentry"],"yoast_head":"<!-- This site is optimized with the Yoast SEO Premium plugin v22.6 (Yoast SEO v22.9) - https:\/\/yoast.com\/wordpress\/plugins\/seo\/ -->\n<title>About Miisoo | Your Trusted Sex Doll Source | MiisooDoll<\/title>\n<meta name=\"description\" content=\"Discover the essence of Miisoo at the forefront of the sex doll industry. Your trusted source for lifelike companions. Explore the story behind MiisooDoll.\" \/>\n<meta name=\"robots\" content=\"index, follow, max-snippet:-1, max-image-preview:large, max-video-preview:-1\" \/>\n<link rel=\"canonical\" href=\"https:\/\/www.miisoo.com\/et\/about-miisoo-sex-dolls-online\/\" \/>\n<meta property=\"og:locale\" content=\"et_EE\" \/>\n<meta property=\"og:type\" content=\"article\" \/>\n<meta property=\"og:title\" content=\"About Us\" \/>\n<meta property=\"og:description\" content=\"Discover the essence of Miisoo at the forefront of the sex doll industry. Your trusted source for lifelike companions. Explore the story behind MiisooDoll.\" \/>\n<meta property=\"og:url\" content=\"https:\/\/www.miisoo.com\/et\/about-miisoo-sex-dolls-online\/\" \/>\n<meta property=\"og:site_name\" content=\"MiisooDoll\" \/>\n<meta property=\"article:publisher\" content=\"https:\/\/www.facebook.com\/miisoodoll\" \/>\n<meta property=\"article:modified_time\" content=\"2023-12-22T11:57:32+00:00\" \/>\n<meta property=\"og:image\" content=\"https:\/\/www.miisoo.com\/wp-content\/uploads\/2020\/12\/banner-sex-doll-1.jpg\" \/>\n<meta name=\"twitter:card\" content=\"summary_large_image\" \/>\n<meta name=\"twitter:site\" content=\"@MiisooSexDolls\" \/>\n<meta name=\"twitter:label1\" content=\"Est. reading time\" \/>\n\t<meta name=\"twitter:data1\" content=\"4 minutit\" \/>\n<!-- \/ Yoast SEO Premium plugin. -->","yoast_head_json":{"title":"About Miisoo | Your Trusted Sex Doll Source | MiisooDoll","description":"Discover the essence of Miisoo at the forefront of the sex doll industry. Your trusted source for lifelike companions. Explore the story behind MiisooDoll.","robots":{"index":"index","follow":"follow","max-snippet":"max-snippet:-1","max-image-preview":"max-image-preview:large","max-video-preview":"max-video-preview:-1"},"canonical":"https:\/\/www.miisoo.com\/et\/about-miisoo-sex-dolls-online\/","og_locale":"et_EE","og_type":"article","og_title":"About Us","og_description":"Discover the essence of Miisoo at the forefront of the sex doll industry. Your trusted source for lifelike companions. Explore the story behind MiisooDoll.","og_url":"https:\/\/www.miisoo.com\/et\/about-miisoo-sex-dolls-online\/","og_site_name":"MiisooDoll","article_publisher":"https:\/\/www.facebook.com\/miisoodoll","article_modified_time":"2023-12-22T11:57:32+00:00","og_image":[{"url":"https:\/\/www.miisoo.com\/wp-content\/uploads\/2020\/12\/banner-sex-doll-1.jpg"}],"twitter_card":"summary_large_image","twitter_site":"@MiisooSexDolls","twitter_misc":{"Est. reading time":"4 minutit"},"schema":{"@context":"https:\/\/schema.org","@graph":[{"@type":"WebPage","@id":"https:\/\/www.miisoo.com\/about-miisoo-sex-dolls-online\/","url":"https:\/\/www.miisoo.com\/about-miisoo-sex-dolls-online\/","name":"About Miisoo | Your Trusted Sex Doll Source | MiisooDoll","isPartOf":{"@id":"https:\/\/www.miisoo.com\/#website"},"primaryImageOfPage":{"@id":"https:\/\/www.miisoo.com\/about-miisoo-sex-dolls-online\/#primaryimage"},"image":{"@id":"https:\/\/www.miisoo.com\/about-miisoo-sex-dolls-online\/#primaryimage"},"thumbnailUrl":"https:\/\/www.miisoo.com\/wp-content\/uploads\/2020\/12\/banner-sex-doll-1.jpg","datePublished":"2017-11-28T08:26:45+00:00","dateModified":"2023-12-22T11:57:32+00:00","description":"Discover the essence of Miisoo at the forefront of the sex doll industry. Your trusted source for lifelike companions. Explore the story behind MiisooDoll.","breadcrumb":{"@id":"https:\/\/www.miisoo.com\/about-miisoo-sex-dolls-online\/#breadcrumb"},"inLanguage":"et","potentialAction":[{"@type":"ReadAction","target":["https:\/\/www.miisoo.com\/about-miisoo-sex-dolls-online\/"]}]},{"@type":"ImageObject","inLanguage":"et","@id":"https:\/\/www.miisoo.com\/about-miisoo-sex-dolls-online\/#primaryimage","url":"https:\/\/www.miisoo.com\/wp-content\/uploads\/2020\/12\/banner-sex-doll-1.jpg","contentUrl":"https:\/\/www.miisoo.com\/wp-content\/uploads\/2020\/12\/banner-sex-doll-1.jpg"},{"@type":"BreadcrumbList","@id":"https:\/\/www.miisoo.com\/about-miisoo-sex-dolls-online\/#breadcrumb","itemListElement":[{"@type":"ListItem","position":1,"name":"Home","item":"https:\/\/www.miisoo.com\/"},{"@type":"ListItem","position":2,"name":"About Us"}]},{"@type":"WebSite","@id":"https:\/\/www.miisoo.com\/#website","url":"https:\/\/www.miisoo.com\/","name":"MiisooDoll","description":"Sexual Doll, Real Sex Dolls, Love Doll, Best Sex Dolls","publisher":{"@id":"https:\/\/www.miisoo.com\/#organization"},"potentialAction":[{"@type":"SearchAction","target":{"@type":"EntryPoint","urlTemplate":"https:\/\/www.miisoo.com\/?s={search_term_string}"},"query-input":"required name=search_term_string"}],"inLanguage":"et"},{"@type":"Organization","@id":"https:\/\/www.miisoo.com\/#organization","name":"MiisooDoll","url":"https:\/\/www.miisoo.com\/","logo":{"@type":"ImageObject","inLanguage":"et","@id":"https:\/\/www.miisoo.com\/#\/schema\/logo\/image\/","url":"https:\/\/www.miisoo.com\/wp-content\/uploads\/2020\/09\/logo-botton.png","contentUrl":"https:\/\/www.miisoo.com\/wp-content\/uploads\/2020\/09\/logo-botton.png","width":181,"height":42,"caption":"MiisooDoll"},"image":{"@id":"https:\/\/www.miisoo.com\/#\/schema\/logo\/image\/"},"sameAs":["https:\/\/www.facebook.com\/miisoodoll","https:\/\/x.com\/MiisooSexDolls"]}]}},"_links":{"self":[{"href":"https:\/\/www.miisoo.com\/et\/wp-json\/wp\/v2\/pages\/129","targetHints":{"allow":["GET"]}}],"collection":[{"href":"https:\/\/www.miisoo.com\/et\/wp-json\/wp\/v2\/pages"}],"about":[{"href":"https:\/\/www.miisoo.com\/et\/wp-json\/wp\/v2\/types\/page"}],"author":[{"embeddable":true,"href":"https:\/\/www.miisoo.com\/et\/wp-json\/wp\/v2\/users\/455"}],"replies":[{"embeddable":true,"href":"https:\/\/www.miisoo.com\/et\/wp-json\/wp\/v2\/comments?post=129"}],"version-history":[{"count":1,"href":"https:\/\/www.miisoo.com\/et\/wp-json\/wp\/v2\/pages\/129\/revisions"}],"predecessor-version":[{"id":34666,"href":"https:\/\/www.miisoo.com\/et\/wp-json\/wp\/v2\/pages\/129\/revisions\/34666"}],"wp:attachment":[{"href":"https:\/\/www.miisoo.com\/et\/wp-json\/wp\/v2\/media?parent=129"}],"curies":[{"name":"wp","href":"https:\/\/api.w.org\/{rel}","templated":true}]}}