{"id":21073,"date":"2022-01-05T19:24:00","date_gmt":"2022-01-05T11:24:00","guid":{"rendered":"https:\/\/www.miisoo.com\/?post_type=product&#038;p=21073"},"modified":"2022-11-18T11:45:03","modified_gmt":"2022-11-18T03:45:03","slug":"full-body-gay-male-sex-dolls-for-women","status":"publish","type":"product","link":"https:\/\/www.miisoo.com\/es\/product\/full-body-gay-male-sex-dolls-for-women\/","title":{"rendered":"Wesley - Mu\u00f1ecas sexuales masculinas gay de cuerpo completo de 173 cm para mujeres"},"content":{"rendered":"<p>Cuando se trata de mu\u00f1ecas sexuales masculinas homosexuales, es dif\u00edcil ignorar las caras suaves y hermosas que poseen estas mu\u00f1ecas realistas. Este realdoll masculino de 170 cm tiene una erecci\u00f3n constante para ti y no se detendr\u00e1 hasta que la cures. Esta mu\u00f1eca realista tiene un <a href=\"https:\/\/www.quora.com\/How-thick-is-a-thick-penis\">polla gruesa<\/a> eso pasa a ser un favorito de los fans. Esta pelirroja es una nadadora profesional a la que constantemente se le acercan hombres que act\u00faan de manera inapropiada en el trabajo.<\/p>\n<p>A pesar de los intentos, le gusta mantener la profesionalidad. Sin embargo, mientras nadie est\u00e9 mirando, deja que el chico folle <a href=\"https:\/\/www.miisoo.com\/es\/categoria-producto\/male-sex-dolls\/\">mu\u00f1eca sexual masculina<\/a>. A diferencia de un mu\u00f1eco de amor masculino para mujeres, tiene una personalidad exagerada que te encantar\u00e1. \u00c9l ilumina tu d\u00eda; \u00bfQu\u00e9 no se podr\u00eda amar?<\/p>\n<p>Ya no es necesario fantasear con los videos de pornhub de mu\u00f1ecas sexuales masculinas. Aqu\u00ed est\u00e1 tu estrella porno en persona. Si\u00e9ntate en el eje duro de esta mu\u00f1eca y recibe un masaje de cuerpo completo de mu\u00f1eca sexual masculina.<\/p>\n<p><span style=\"color: #000000; font-size: 16px; font-weight: 600;\">Medidas de mu\u00f1ecas sexuales masculinas gay<\/span><\/p>\n<table style=\"border-collapse: collapse; width: 304.52pt;\" border=\"0\" width=\"406\" cellspacing=\"0\" cellpadding=\"0\">\n<tbody>\n<tr style=\"height: 28.00pt;\">\n<td class=\"et2\" style=\"height: 28.00pt; width: 124.50pt;\" width=\"166\" height=\"37\">Marca:<\/td>\n<td class=\"et2\" style=\"width: 180.00pt;\" width=\"240\">6YE mu\u00f1eca<\/td>\n<\/tr>\n<tr style=\"height: 28.00pt;\">\n<td class=\"et2\" style=\"height: 28.00pt;\" height=\"37\">Altura:<\/td>\n<td class=\"et2\">Cuerpo de TPE de 173 cm + cabeza de silicona<\/td>\n<\/tr>\n<tr style=\"height: 28.00pt;\">\n<td class=\"et2\" style=\"height: 28.00pt;\" height=\"37\">Busto:<\/td>\n<td class=\"et2\">76cm<\/td>\n<\/tr>\n<tr style=\"height: 28.00pt;\">\n<td class=\"et2\" style=\"height: 28.00pt;\" height=\"37\">Cintura:<\/td>\n<td class=\"et2\">64cm<\/td>\n<\/tr>\n<tr style=\"height: 28.00pt;\">\n<td class=\"et2\" style=\"height: 28.00pt;\" height=\"37\">Caderas:<\/td>\n<td class=\"et2\">87cm<\/td>\n<\/tr>\n<tr style=\"height: 28.00pt;\">\n<td class=\"et2\" style=\"height: 28.00pt;\" height=\"37\">Largo del brazo:<\/td>\n<td class=\"et2\">63cm<\/td>\n<\/tr>\n<tr style=\"height: 28.00pt;\">\n<td class=\"et2\" style=\"height: 28.00pt;\" height=\"37\">Ancho de hombro:<\/td>\n<td class=\"et2\">41cm<\/td>\n<\/tr>\n<tr style=\"height: 28.00pt;\">\n<td class=\"et2\" style=\"height: 28.00pt;\" height=\"37\">Peso:<\/td>\n<td class=\"et2\">46kg<\/td>\n<\/tr>\n<tr style=\"height: 28.00pt;\">\n<td class=\"et2\" style=\"height: 28.00pt;\" height=\"37\">Longitud del pene:<\/td>\n<td class=\"et2\">22cm<\/td>\n<\/tr>\n<tr style=\"height: 28.00pt;\">\n<td class=\"et2\" style=\"height: 28.00pt;\" height=\"37\">Profundidad bucal:<\/td>\n<td class=\"et2\">N \/ A<\/td>\n<\/tr>\n<tr style=\"height: 28.00pt;\">\n<td class=\"et2\" style=\"height: 28.00pt;\" height=\"37\">Profundidad anal:<\/td>\n<td class=\"et2\">16cm<\/td>\n<\/tr>\n<tr style=\"height: 28.00pt;\">\n<td class=\"et2\" style=\"height: 28.00pt;\" height=\"37\">Tama\u00f1o del paquete:<\/td>\n<td class=\"et2\">160X45X30cm<\/td>\n<\/tr>\n<\/tbody>\n<\/table>\n<p>&nbsp;<\/p>\n<p><img fetchpriority=\"high\" decoding=\"async\" class=\"alignnone wp-image-21114 size-full\" src=\"https:\/\/www.miisoo.com\/wp-content\/uploads\/2022\/01\/male-sex-doll-pornhub-2218.jpg\" alt=\"Mu\u00f1ecas sexuales masculinas gays\" width=\"600\" height=\"900\" srcset=\"https:\/\/www.miisoo.com\/wp-content\/uploads\/2022\/01\/male-sex-doll-pornhub-2218.jpg 600w, https:\/\/www.miisoo.com\/wp-content\/uploads\/2022\/01\/male-sex-doll-pornhub-2218-200x300.jpg 200w, https:\/\/www.miisoo.com\/wp-content\/uploads\/2022\/01\/male-sex-doll-pornhub-2218-370x555.jpg 370w, https:\/\/www.miisoo.com\/wp-content\/uploads\/2022\/01\/male-sex-doll-pornhub-2218-300x450.jpg 300w\" sizes=\"(max-width: 600px) 100vw, 600px\" \/><\/p>","protected":false},"excerpt":{"rendered":"<div data-elementor-type=\"section\" data-elementor-id=\"10450\" class=\"elementor elementor-10450\" data-elementor-post-type=\"elementor_library\">\n<section class=\"elementor-section elementor-top-section elementor-element elementor-element-1ac4967 elementor-section-boxed elementor-section-height-default elementor-section-height-default\" data-id=\"1ac4967\" data-element_type=\"section\">\n<div class=\"elementor-container elementor-column-gap-default\">\n<div class=\"elementor-column elementor-col-100 elementor-top-column elementor-element elementor-element-bfbdbdf\" data-id=\"bfbdbdf\" data-element_type=\"column\">\n<div class=\"elementor-widget-wrap elementor-element-populated\">\n<div class=\"elementor-element elementor-element-e4dbd68 elementor-widget elementor-widget-text-editor\" data-id=\"e4dbd68\" data-element_type=\"widget\" data-widget_type=\"text-editor.default\">\n<div class=\"elementor-widget-container\">\n<ul>\n<li>Env\u00edo gratuito a todo el mundo, env\u00edo discreto.<\/li>\n<li>100% Id\u00e9ntico a las im\u00e1genes a menos que se personalice.<\/li>\n<li>Los precios incluyen. IVA y tasas de aduana<\/li>\n<li>Env\u00edo gratis, opciones de env\u00edo r\u00e1pido en la p\u00e1gina de pago<\/li>\n<\/ul><\/div>\n<\/p><\/div>\n<\/p><\/div>\n<\/p><\/div>\n<\/p><\/div>\n<\/section><\/div>\n<div data-elementor-type=\"section\" data-elementor-id=\"10473\" class=\"elementor elementor-10473\" data-elementor-post-type=\"elementor_library\">\n<section class=\"elementor-section elementor-top-section elementor-element elementor-element-03d9b2a elementor-section-boxed elementor-section-height-default elementor-section-height-default\" data-id=\"03d9b2a\" data-element_type=\"section\">\n<div class=\"elementor-container elementor-column-gap-default\">\n<div class=\"elementor-column elementor-col-100 elementor-top-column elementor-element elementor-element-5081c52\" data-id=\"5081c52\" data-element_type=\"column\">\n<div class=\"elementor-widget-wrap elementor-element-populated\">\n<div class=\"elementor-element elementor-element-d2c17df elementor-widget elementor-widget-martfury-banner-small\" data-id=\"d2c17df\" data-element_type=\"widget\" data-widget_type=\"martfury-banner-small.default\">\n<div class=\"elementor-widget-container\">\n<div class=\"mf-elementor-banner-small\">\n<div class=\"banner-featured-image\"><\/div>\n<p>\t\t\t                <a class=\"link\" href=\"https:\/\/mso.aidoll-japan.com\"><\/a><\/p>\n<div class=\"banner-content\">\n<h2 class=\"banner-title\">1500 mini mu\u00f1ecas de amor<\/p>\n<p>mu\u00f1eca sexualxxx. com<\/h2>\n<div class=\"banner-desc\">\n<p>60 cm, 80 cm, 100 cm,<\/p>\n<p>120cm, 130cm, 140cm<\/p>\n<\/div>\n<div class=\"banner-price\"><span\n                                class=\"s-price\">sexdollxxx.com<\/span><\/div>\n<\/p><\/div>\n<\/p><\/div>\n<\/p><\/div>\n<\/p><\/div>\n<\/p><\/div>\n<\/p><\/div>\n<\/p><\/div>\n<\/section><\/div>","protected":false},"featured_media":21115,"comment_status":"open","ping_status":"closed","template":"","meta":[],"product_cat":[114,115,116,117],"product_tag":[],"class_list":{"0":"post-21073","1":"product","2":"type-product","3":"status-publish","4":"has-post-thumbnail","6":"product_cat-1500usd-2000usd-sex-doll","7":"product_cat-161cm-170cm-sex-dolls","8":"product_cat-male-sex-dolls","9":"product_cat-silicone-head-tpe-body","10":"tm-has-options","12":"first","13":"instock","14":"sale","15":"shipping-taxable","16":"purchasable","17":"product-type-simple","18":"col-xs-6 col-sm-4","19":"col-md-3 col-lg-3","20":"un-4-cols"},"yoast_head":"<!-- This site is optimized with the Yoast SEO Premium plugin v22.6 (Yoast SEO v22.9) - https:\/\/yoast.com\/wordpress\/plugins\/seo\/ -->\n<title>Gay Male Sex Dolls - Full Body Gay Male Sex Doll For Women<\/title>\n<meta name=\"description\" content=\"When it comes to gay male sex dolls, it is hard to ignore the soft and handsome faces, buy full body gay male sex doll for women\" \/>\n<meta name=\"robots\" content=\"index, follow, max-snippet:-1, max-image-preview:large, max-video-preview:-1\" \/>\n<link rel=\"canonical\" href=\"https:\/\/www.miisoo.com\/es\/producto\/full-body-gay-male-sex-dolls-for-women\/\" \/>\n<meta property=\"og:locale\" content=\"es_ES\" \/>\n<meta property=\"og:type\" content=\"article\" \/>\n<meta property=\"og:title\" content=\"Wesley - 173cm Full Body Gay Male Sex Dolls For Women\" \/>\n<meta property=\"og:description\" content=\"When it comes to gay male sex dolls, it is hard to ignore the soft and handsome faces, buy full body gay male sex doll for women\" \/>\n<meta property=\"og:url\" content=\"https:\/\/www.miisoo.com\/es\/producto\/full-body-gay-male-sex-dolls-for-women\/\" \/>\n<meta property=\"og:site_name\" content=\"MiisooDoll\" \/>\n<meta property=\"article:publisher\" content=\"https:\/\/www.facebook.com\/miisoodoll\" \/>\n<meta property=\"article:modified_time\" content=\"2022-11-18T03:45:03+00:00\" \/>\n<meta property=\"og:image\" content=\"https:\/\/www.miisoo.com\/wp-content\/uploads\/2022\/01\/male-sex-doll-pornhub-2219.jpg\" \/>\n\t<meta property=\"og:image:width\" content=\"600\" \/>\n\t<meta property=\"og:image:height\" content=\"900\" \/>\n\t<meta property=\"og:image:type\" content=\"image\/jpeg\" \/>\n<meta name=\"twitter:card\" content=\"summary_large_image\" \/>\n<meta name=\"twitter:site\" content=\"@MiisooSexDolls\" \/>\n<meta name=\"twitter:label1\" content=\"Tiempo de lectura\" \/>\n\t<meta name=\"twitter:data1\" content=\"2 minutos\" \/>\n<!-- \/ Yoast SEO Premium plugin. -->","yoast_head_json":{"title":"Gay Male Sex Dolls - Full Body Gay Male Sex Doll For Women","description":"When it comes to gay male sex dolls, it is hard to ignore the soft and handsome faces, buy full body gay male sex doll for women","robots":{"index":"index","follow":"follow","max-snippet":"max-snippet:-1","max-image-preview":"max-image-preview:large","max-video-preview":"max-video-preview:-1"},"canonical":"https:\/\/www.miisoo.com\/es\/producto\/full-body-gay-male-sex-dolls-for-women\/","og_locale":"es_ES","og_type":"article","og_title":"Wesley - 173cm Full Body Gay Male Sex Dolls For Women","og_description":"When it comes to gay male sex dolls, it is hard to ignore the soft and handsome faces, buy full body gay male sex doll for women","og_url":"https:\/\/www.miisoo.com\/es\/producto\/full-body-gay-male-sex-dolls-for-women\/","og_site_name":"MiisooDoll","article_publisher":"https:\/\/www.facebook.com\/miisoodoll","article_modified_time":"2022-11-18T03:45:03+00:00","og_image":[{"width":600,"height":900,"url":"https:\/\/www.miisoo.com\/wp-content\/uploads\/2022\/01\/male-sex-doll-pornhub-2219.jpg","type":"image\/jpeg"}],"twitter_card":"summary_large_image","twitter_site":"@MiisooSexDolls","twitter_misc":{"Tiempo de lectura":"2 minutos"},"schema":{"@context":"https:\/\/schema.org","@graph":[{"@type":"WebPage","@id":"https:\/\/www.miisoo.com\/product\/full-body-gay-male-sex-dolls-for-women\/","url":"https:\/\/www.miisoo.com\/product\/full-body-gay-male-sex-dolls-for-women\/","name":"Gay Male Sex Dolls - Full Body Gay Male Sex Doll For Women","isPartOf":{"@id":"https:\/\/www.miisoo.com\/#website"},"primaryImageOfPage":{"@id":"https:\/\/www.miisoo.com\/product\/full-body-gay-male-sex-dolls-for-women\/#primaryimage"},"image":{"@id":"https:\/\/www.miisoo.com\/product\/full-body-gay-male-sex-dolls-for-women\/#primaryimage"},"thumbnailUrl":"https:\/\/www.miisoo.com\/wp-content\/uploads\/2022\/01\/male-sex-doll-pornhub-2219.jpg","datePublished":"2022-01-05T11:24:00+00:00","dateModified":"2022-11-18T03:45:03+00:00","description":"When it comes to gay male sex dolls, it is hard to ignore the soft and handsome faces, buy full body gay male sex doll for women","breadcrumb":{"@id":"https:\/\/www.miisoo.com\/product\/full-body-gay-male-sex-dolls-for-women\/#breadcrumb"},"inLanguage":"es","potentialAction":[{"@type":"ReadAction","target":["https:\/\/www.miisoo.com\/product\/full-body-gay-male-sex-dolls-for-women\/"]}]},{"@type":"ImageObject","inLanguage":"es","@id":"https:\/\/www.miisoo.com\/product\/full-body-gay-male-sex-dolls-for-women\/#primaryimage","url":"https:\/\/www.miisoo.com\/wp-content\/uploads\/2022\/01\/male-sex-doll-pornhub-2219.jpg","contentUrl":"https:\/\/www.miisoo.com\/wp-content\/uploads\/2022\/01\/male-sex-doll-pornhub-2219.jpg","width":600,"height":900,"caption":"Wesley \u2013 173cm Full Body Gay Male Sex Dolls For Women"},{"@type":"BreadcrumbList","@id":"https:\/\/www.miisoo.com\/product\/full-body-gay-male-sex-dolls-for-women\/#breadcrumb","itemListElement":[{"@type":"ListItem","position":1,"name":"Home","item":"https:\/\/www.miisoo.com\/"},{"@type":"ListItem","position":2,"name":"Sex Doll Shop","item":"https:\/\/www.miisoo.com\/shop\/"},{"@type":"ListItem","position":3,"name":"Wesley &#8211; 173cm Full Body Gay Male Sex Dolls For Women"}]},{"@type":"WebSite","@id":"https:\/\/www.miisoo.com\/#website","url":"https:\/\/www.miisoo.com\/","name":"MiisooDoll","description":"Sexual Doll, Real Sex Dolls, Love Doll, Best Sex Dolls","publisher":{"@id":"https:\/\/www.miisoo.com\/#organization"},"potentialAction":[{"@type":"SearchAction","target":{"@type":"EntryPoint","urlTemplate":"https:\/\/www.miisoo.com\/?s={search_term_string}"},"query-input":"required name=search_term_string"}],"inLanguage":"es"},{"@type":"Organization","@id":"https:\/\/www.miisoo.com\/#organization","name":"MiisooDoll","url":"https:\/\/www.miisoo.com\/","logo":{"@type":"ImageObject","inLanguage":"es","@id":"https:\/\/www.miisoo.com\/#\/schema\/logo\/image\/","url":"https:\/\/www.miisoo.com\/wp-content\/uploads\/2020\/09\/logo-botton.png","contentUrl":"https:\/\/www.miisoo.com\/wp-content\/uploads\/2020\/09\/logo-botton.png","width":181,"height":42,"caption":"MiisooDoll"},"image":{"@id":"https:\/\/www.miisoo.com\/#\/schema\/logo\/image\/"},"sameAs":["https:\/\/www.facebook.com\/miisoodoll","https:\/\/x.com\/MiisooSexDolls"]}]}},"_links":{"self":[{"href":"https:\/\/www.miisoo.com\/es\/wp-json\/wp\/v2\/product\/21073","targetHints":{"allow":["GET"]}}],"collection":[{"href":"https:\/\/www.miisoo.com\/es\/wp-json\/wp\/v2\/product"}],"about":[{"href":"https:\/\/www.miisoo.com\/es\/wp-json\/wp\/v2\/types\/product"}],"replies":[{"embeddable":true,"href":"https:\/\/www.miisoo.com\/es\/wp-json\/wp\/v2\/comments?post=21073"}],"version-history":[{"count":6,"href":"https:\/\/www.miisoo.com\/es\/wp-json\/wp\/v2\/product\/21073\/revisions"}],"predecessor-version":[{"id":21576,"href":"https:\/\/www.miisoo.com\/es\/wp-json\/wp\/v2\/product\/21073\/revisions\/21576"}],"wp:featuredmedia":[{"embeddable":true,"href":"https:\/\/www.miisoo.com\/es\/wp-json\/wp\/v2\/media\/21115"}],"wp:attachment":[{"href":"https:\/\/www.miisoo.com\/es\/wp-json\/wp\/v2\/media?parent=21073"}],"wp:term":[{"taxonomy":"product_cat","embeddable":true,"href":"https:\/\/www.miisoo.com\/es\/wp-json\/wp\/v2\/product_cat?post=21073"},{"taxonomy":"product_tag","embeddable":true,"href":"https:\/\/www.miisoo.com\/es\/wp-json\/wp\/v2\/product_tag?post=21073"}],"curies":[{"name":"wp","href":"https:\/\/api.w.org\/{rel}","templated":true}]}}