{"id":11286,"date":"2021-03-31T16:29:45","date_gmt":"2021-03-31T08:29:45","guid":{"rendered":"https:\/\/www.miisoo.com\/?post_type=product&#038;p=11286"},"modified":"2022-01-10T19:25:34","modified_gmt":"2022-01-10T11:25:34","slug":"japanese-real-life-teen-silicone-doll","status":"publish","type":"product","link":"https:\/\/www.miisoo.com\/es\/product\/japanese-real-life-teen-silicone-doll\/","title":{"rendered":"Ellison - Mu\u00f1eca de Silicona Adolescente Japonesa de la Vida Real de 165cm"},"content":{"rendered":"<p>Si te gustan las mu\u00f1ecas japonesas de silicona para adolescentes, no puedes buscar m\u00e1s all\u00e1 de Ellison. Con una estatura de 165 cm, Ellison es una azafata con clase y estilo. A la mu\u00f1eca sexual de 165 cm le gustan los hombres afeitados, sexys y guapos.<\/p>\n<p>Esta mu\u00f1eca adolescente de silicona tiene un cuerpo sensual, unos ojos so\u00f1adores y una mirada oscura y tirante. Ella es una mu\u00f1eca sexual de la vida real que tiene una piel extra sedosa y suave sin bultos en absoluto. Su cuerpo est\u00e1 fabricado con pol\u00edmeros de silicona que proporcionan una textura suave realista y una gran durabilidad.<\/p>\n<p>Est\u00e1 dotada de unos pechos peque\u00f1os y firmes que quiere presumir ante su hombre por toda la casa. Sus pezones tienen pezones rosados reales y ternura. Tiene una vagina de dise\u00f1o realista que es hermosa de ver y natural al tacto. el tama\u00f1o de la mu\u00f1eca sexual te satisfar\u00e1<\/p>\n<p>Penny es una de las mejores mu\u00f1ecas sexuales de silicona para adolescentes en Miisoo que est\u00e1 disponible para ti las 24 horas del d\u00eda, los 7 d\u00edas de la semana. Es atenta y dulcemente obediente.<\/p>\n<p><span style=\"color: #000000; font-size: 16px; font-weight: 600;\">Medidas de la mu\u00f1eca de silicona adolescente<\/span><\/p>\n<table width=\"352\">\n<tbody>\n<tr>\n<td width=\"133\">Altura<\/td>\n<td width=\"219\">165cm<\/td>\n<\/tr>\n<tr>\n<td width=\"133\">Peso<\/td>\n<td width=\"219\">30kg<\/td>\n<\/tr>\n<tr>\n<td width=\"133\">Busto<\/td>\n<td width=\"219\">75cm<\/td>\n<\/tr>\n<tr>\n<td width=\"133\">Cintura<\/td>\n<td width=\"219\">50cm<\/td>\n<\/tr>\n<tr>\n<td width=\"133\">Cadera<\/td>\n<td width=\"219\">80cm<\/td>\n<\/tr>\n<tr>\n<td width=\"133\">Profundidad de la boca<\/td>\n<td width=\"219\">13cm<\/td>\n<\/tr>\n<tr>\n<td width=\"133\">Profundidad de la vagina<\/td>\n<td width=\"219\">18 cm<\/td>\n<\/tr>\n<tr>\n<td width=\"133\">Profundidad del ano<\/td>\n<td width=\"219\">15cm<\/td>\n<\/tr>\n<tr>\n<td width=\"133\">Tama\u00f1o de embalaje<\/td>\n<td width=\"219\">150cm x 43cm x 26cm<\/td>\n<\/tr>\n<\/tbody>\n<\/table>\n\t\t<div data-elementor-type=\"section\" data-elementor-id=\"11437\" class=\"elementor elementor-11437\" data-elementor-post-type=\"elementor_library\">\n\t\t\t\t\t<section class=\"elementor-section elementor-top-section elementor-element elementor-element-615204c elementor-section-boxed elementor-section-height-default elementor-section-height-default\" data-id=\"615204c\" data-element_type=\"section\">\n\t\t\t\t\t\t<div class=\"elementor-container elementor-column-gap-default\">\n\t\t\t\t\t<div class=\"elementor-column elementor-col-100 elementor-top-column elementor-element elementor-element-1471705\" data-id=\"1471705\" data-element_type=\"column\">\n\t\t\t<div class=\"elementor-widget-wrap elementor-element-populated\">\n\t\t\t\t\t\t<div class=\"elementor-element elementor-element-3cf8ca9 elementor-widget elementor-widget-text-editor\" data-id=\"3cf8ca9\" data-element_type=\"widget\" data-widget_type=\"text-editor.default\">\n\t\t\t\t<div class=\"elementor-widget-container\">\n\t\t\t\t\t\t\t\t\t<h4><strong>Dise\u00f1os avanzados predeterminados:<\/strong><\/h4><p>La mu\u00f1eca se producir\u00e1 exactamente como se muestra en las fotos con todos los dise\u00f1os avanzados predeterminados:<br \/>&#8211; <span style=\"color: #ff9900;\"><strong>Cabeza y cuerpo ambos con material de silicona.<\/strong><\/span><br \/>\u2013 Vagina fija con orificio interior ultra suave<br \/>\u2013 Piel texturizada de sensaci\u00f3n humana realista.<br \/>\u2013 Look de piel realista con venas.<br \/>\u2013 Pechos suaves y realistas.<br \/>\u2013 Exquisito maquillaje facial.<br \/>\u2013 Ojos mec\u00e1nicamente m\u00f3viles.<br \/>\u2013 Esqueleto mejorado flexible, cuello, manos y pies con bisagras.<br \/>\u2013 Conector de cabezal r\u00e1pido.<br \/>\u2013 Encogi\u00e9ndose de hombros.<br \/>\u2013 Cejas implantadas.<br \/>\u2013 Pesta\u00f1as inferiores implantadas.<\/p><p><img fetchpriority=\"high\" decoding=\"async\" class=\"alignnone wp-image-11463 size-full\" src=\"https:\/\/www.miisoo.com\/wp-content\/uploads\/2021\/04\/sex-doll-posture-1.jpg\" alt=\"\" width=\"1000\" height=\"752\" srcset=\"https:\/\/www.miisoo.com\/wp-content\/uploads\/2021\/04\/sex-doll-posture-1.jpg 1000w, https:\/\/www.miisoo.com\/wp-content\/uploads\/2021\/04\/sex-doll-posture-1-300x226.jpg 300w, https:\/\/www.miisoo.com\/wp-content\/uploads\/2021\/04\/sex-doll-posture-1-768x578.jpg 768w, https:\/\/www.miisoo.com\/wp-content\/uploads\/2021\/04\/sex-doll-posture-1-370x278.jpg 370w, https:\/\/www.miisoo.com\/wp-content\/uploads\/2021\/04\/sex-doll-posture-1-600x451.jpg 600w\" sizes=\"(max-width: 1000px) 100vw, 1000px\" \/><\/p><h4><strong>Caracter\u00edsticas:<\/strong><\/h4><p>\u2013 Esqueleto de acero duradero con articulaciones m\u00f3viles para muchas posiciones sexuales incre\u00edbles<br \/>\u2013 Capacidades vaginales y anales<br \/>\u2013 Env\u00edo internacional gratuito y embalaje discreto<br \/>\u2013 Una mu\u00f1eca sexual requiere de 1 a 3 d\u00edas para la fabricaci\u00f3n + 5 a 12 d\u00edas para el env\u00edo<\/p><h4><span style=\"color: #000000; font-size: 18px; font-weight: bold;\">Regalos gratis<\/span><\/h4><p>Regalos gratis: ropa interior sexy x 1, guantes x 1, peine x 1, calentador vaginal x 1, irrigador vaginal x 1, manta x 1.<br \/><img decoding=\"async\" class=\"wp-image-4748 size-large alignnone\" src=\"https:\/\/miisoo.com\/wp-content\/uploads\/2013\/06\/Accessory-1024x155.jpg\" sizes=\"(max-width: 840px) 100vw, 840px\" srcset=\"https:\/\/cdn.miisoo.com\/wp-content\/uploads\/2013\/06\/Accessory-1024x155.jpg 1024w, https:\/\/cdn.miisoo.com\/wp-content\/uploads\/2013\/06\/Accessory-600x91.jpg 600w, https:\/\/cdn.miisoo.com\/wp-content\/uploads\/2013\/06\/Accessory-300x45.jpg 300w, https:\/\/cdn.miisoo.com\/wp-content\/uploads\/2013\/06\/Accessory-768x116.jpg 768w, https:\/\/cdn.miisoo.com\/wp-content\/uploads\/2013\/06\/Accessory-1536x232.jpg 1536w, https:\/\/cdn.miisoo.com\/wp-content\/uploads\/2013\/06\/Accessory-370x56.jpg 370w, https:\/\/cdn.miisoo.com\/wp-content\/uploads\/2013\/06\/Accessory.jpg 1616w\" alt=\"Renee \u2013 157cm Delgada Delgada Encantadora Mu\u00f1eca Sexual Adolescente-MiisooDoll\" width=\"840\" height=\"127\" \/><\/p><p><strong>Garant\u00eda: obtendr\u00e1 100% como mu\u00f1ecas de im\u00e1genes.<\/strong><\/p>\t\t\t\t\t\t\t\t<\/div>\n\t\t\t\t<\/div>\n\t\t\t\t\t<\/div>\n\t\t<\/div>\n\t\t\t\t\t<\/div>\n\t\t<\/section>\n\t\t\t\t<\/div>","protected":false},"excerpt":{"rendered":"<div data-elementor-type=\"section\" data-elementor-id=\"11441\" class=\"elementor elementor-11441\" data-elementor-post-type=\"elementor_library\">\n<section class=\"elementor-section elementor-top-section elementor-element elementor-element-46aa207 elementor-section-boxed elementor-section-height-default elementor-section-height-default\" data-id=\"46aa207\" data-element_type=\"section\">\n<div class=\"elementor-container elementor-column-gap-default\">\n<div class=\"elementor-column elementor-col-100 elementor-top-column elementor-element elementor-element-ff0e20b\" data-id=\"ff0e20b\" data-element_type=\"column\">\n<div class=\"elementor-widget-wrap elementor-element-populated\">\n<div class=\"elementor-element elementor-element-573963d elementor-widget elementor-widget-text-editor\" data-id=\"573963d\" data-element_type=\"widget\" data-widget_type=\"text-editor.default\">\n<div class=\"elementor-widget-container\">\n<ul>\n<li><span style=\"color: #ff9900;\"><strong>Cabeza y cuerpo ambos con material de silicona.<\/strong><\/span><\/li>\n<li>Env\u00edo gratuito a todo el mundo, env\u00edo discreto.<\/li>\n<li>100% Id\u00e9ntico a las im\u00e1genes a menos que se personalice.<\/li>\n<li>Los precios incluyen. IVA y tasas de aduana<\/li>\n<li>\u00a1Entrega a tu puerta en 7-15 d\u00edas h\u00e1biles!<\/li>\n<\/ul><\/div>\n<\/p><\/div>\n<\/p><\/div>\n<\/p><\/div>\n<\/p><\/div>\n<\/section><\/div>\n<div data-elementor-type=\"section\" data-elementor-id=\"10473\" class=\"elementor elementor-10473\" data-elementor-post-type=\"elementor_library\">\n<section class=\"elementor-section elementor-top-section elementor-element elementor-element-03d9b2a elementor-section-boxed elementor-section-height-default elementor-section-height-default\" data-id=\"03d9b2a\" data-element_type=\"section\">\n<div class=\"elementor-container elementor-column-gap-default\">\n<div class=\"elementor-column elementor-col-100 elementor-top-column elementor-element elementor-element-5081c52\" data-id=\"5081c52\" data-element_type=\"column\">\n<div class=\"elementor-widget-wrap elementor-element-populated\">\n<div class=\"elementor-element elementor-element-d2c17df elementor-widget elementor-widget-martfury-banner-small\" data-id=\"d2c17df\" data-element_type=\"widget\" data-widget_type=\"martfury-banner-small.default\">\n<div class=\"elementor-widget-container\">\n<div class=\"mf-elementor-banner-small\">\n<div class=\"banner-featured-image\"><\/div>\n<p>\t\t\t                <a class=\"link\" href=\"https:\/\/mso.aidoll-japan.com\"><\/a><\/p>\n<div class=\"banner-content\">\n<h2 class=\"banner-title\">1500 mini mu\u00f1ecas de amor<\/p>\n<p>mu\u00f1eca sexualxxx. com<\/h2>\n<div class=\"banner-desc\">\n<p>60 cm, 80 cm, 100 cm,<\/p>\n<p>120cm, 130cm, 140cm<\/p>\n<\/div>\n<div class=\"banner-price\"><span\n                                class=\"s-price\">sexdollxxx.com<\/span><\/div>\n<\/p><\/div>\n<\/p><\/div>\n<\/p><\/div>\n<\/p><\/div>\n<\/p><\/div>\n<\/p><\/div>\n<\/p><\/div>\n<\/section><\/div>","protected":false},"featured_media":11309,"comment_status":"open","ping_status":"closed","template":"","meta":[],"product_cat":[114,115,69,838,910,832,834,110,127],"product_tag":[313],"class_list":{"0":"post-11286","1":"product","2":"type-product","3":"status-publish","4":"has-post-thumbnail","6":"product_cat-1500usd-2000usd-sex-doll","7":"product_cat-161cm-170cm-sex-dolls","8":"product_cat-asian-sex-dolls","9":"product_cat-d-cup-sex-doll","10":"product_cat-fat-sex-doll","11":"product_cat-japanese-sex-doll","12":"product_cat-medium-breast-sex-doll","13":"product_cat-silicone-sex-dolls","14":"product_cat-teen-sex-doll","15":"product_tag-silicone-love-doll","16":"tm-has-options","18":"first","19":"instock","20":"sale","21":"shipping-taxable","22":"purchasable","23":"product-type-simple","24":"col-xs-6 col-sm-4","25":"col-md-3 col-lg-3","26":"un-4-cols"},"yoast_head":"<!-- This site is optimized with the Yoast SEO Premium plugin v22.6 (Yoast SEO v22.9) - https:\/\/yoast.com\/wordpress\/plugins\/seo\/ -->\n<title>Japanese Real Life Teen Silicone Doll - Miisoo Doll<\/title>\n<meta name=\"description\" content=\"Buy 165cm Japanese Real Life Teen Silicone Doll online at Miisoo. MiisooDoll is a premium online store for exotic BBW love silicone sex dolls. Shop today!\" \/>\n<meta name=\"robots\" content=\"index, follow, max-snippet:-1, max-image-preview:large, max-video-preview:-1\" \/>\n<link rel=\"canonical\" href=\"https:\/\/www.miisoo.com\/es\/producto\/japanese-real-life-teen-silicone-doll\/\" \/>\n<meta property=\"og:locale\" content=\"es_ES\" \/>\n<meta property=\"og:type\" content=\"article\" \/>\n<meta property=\"og:title\" content=\"Ellison - 165cm Japanese Real Life Teen Silicone Doll\" \/>\n<meta property=\"og:description\" content=\"Buy 165cm Japanese Real Life Teen Silicone Doll online at Miisoo. MiisooDoll is a premium online store for exotic BBW love silicone sex dolls. Shop today!\" \/>\n<meta property=\"og:url\" content=\"https:\/\/www.miisoo.com\/es\/producto\/japanese-real-life-teen-silicone-doll\/\" \/>\n<meta property=\"og:site_name\" content=\"MiisooDoll\" \/>\n<meta property=\"article:publisher\" content=\"https:\/\/www.facebook.com\/miisoodoll\" \/>\n<meta property=\"article:modified_time\" content=\"2022-01-10T11:25:34+00:00\" \/>\n<meta property=\"og:image\" content=\"https:\/\/www.miisoo.com\/wp-content\/uploads\/2021\/03\/Japanese-Teen-Silicone-Sex-Doll-26.jpg\" \/>\n\t<meta property=\"og:image:width\" content=\"800\" \/>\n\t<meta property=\"og:image:height\" content=\"1200\" \/>\n\t<meta property=\"og:image:type\" content=\"image\/jpeg\" \/>\n<meta name=\"twitter:card\" content=\"summary_large_image\" \/>\n<meta name=\"twitter:site\" content=\"@MiisooSexDolls\" \/>\n<meta name=\"twitter:label1\" content=\"Tiempo de lectura\" \/>\n\t<meta name=\"twitter:data1\" content=\"1 minuto\" \/>\n<!-- \/ Yoast SEO Premium plugin. -->","yoast_head_json":{"title":"Japanese Real Life Teen Silicone Doll - Miisoo Doll","description":"Buy 165cm Japanese Real Life Teen Silicone Doll online at Miisoo. MiisooDoll is a premium online store for exotic BBW love silicone sex dolls. Shop today!","robots":{"index":"index","follow":"follow","max-snippet":"max-snippet:-1","max-image-preview":"max-image-preview:large","max-video-preview":"max-video-preview:-1"},"canonical":"https:\/\/www.miisoo.com\/es\/producto\/japanese-real-life-teen-silicone-doll\/","og_locale":"es_ES","og_type":"article","og_title":"Ellison - 165cm Japanese Real Life Teen Silicone Doll","og_description":"Buy 165cm Japanese Real Life Teen Silicone Doll online at Miisoo. MiisooDoll is a premium online store for exotic BBW love silicone sex dolls. Shop today!","og_url":"https:\/\/www.miisoo.com\/es\/producto\/japanese-real-life-teen-silicone-doll\/","og_site_name":"MiisooDoll","article_publisher":"https:\/\/www.facebook.com\/miisoodoll","article_modified_time":"2022-01-10T11:25:34+00:00","og_image":[{"width":800,"height":1200,"url":"https:\/\/www.miisoo.com\/wp-content\/uploads\/2021\/03\/Japanese-Teen-Silicone-Sex-Doll-26.jpg","type":"image\/jpeg"}],"twitter_card":"summary_large_image","twitter_site":"@MiisooSexDolls","twitter_misc":{"Tiempo de lectura":"1 minuto"},"schema":{"@context":"https:\/\/schema.org","@graph":[{"@type":"WebPage","@id":"https:\/\/www.miisoo.com\/product\/japanese-real-life-teen-silicone-doll\/","url":"https:\/\/www.miisoo.com\/product\/japanese-real-life-teen-silicone-doll\/","name":"Japanese Real Life Teen Silicone Doll - Miisoo Doll","isPartOf":{"@id":"https:\/\/www.miisoo.com\/#website"},"primaryImageOfPage":{"@id":"https:\/\/www.miisoo.com\/product\/japanese-real-life-teen-silicone-doll\/#primaryimage"},"image":{"@id":"https:\/\/www.miisoo.com\/product\/japanese-real-life-teen-silicone-doll\/#primaryimage"},"thumbnailUrl":"https:\/\/www.miisoo.com\/wp-content\/uploads\/2021\/03\/Japanese-Teen-Silicone-Sex-Doll-26.jpg","datePublished":"2021-03-31T08:29:45+00:00","dateModified":"2022-01-10T11:25:34+00:00","description":"Buy 165cm Japanese Real Life Teen Silicone Doll online at Miisoo. MiisooDoll is a premium online store for exotic BBW love silicone sex dolls. Shop today!","breadcrumb":{"@id":"https:\/\/www.miisoo.com\/product\/japanese-real-life-teen-silicone-doll\/#breadcrumb"},"inLanguage":"es","potentialAction":[{"@type":"ReadAction","target":["https:\/\/www.miisoo.com\/product\/japanese-real-life-teen-silicone-doll\/"]}]},{"@type":"ImageObject","inLanguage":"es","@id":"https:\/\/www.miisoo.com\/product\/japanese-real-life-teen-silicone-doll\/#primaryimage","url":"https:\/\/www.miisoo.com\/wp-content\/uploads\/2021\/03\/Japanese-Teen-Silicone-Sex-Doll-26.jpg","contentUrl":"https:\/\/www.miisoo.com\/wp-content\/uploads\/2021\/03\/Japanese-Teen-Silicone-Sex-Doll-26.jpg","width":800,"height":1200},{"@type":"BreadcrumbList","@id":"https:\/\/www.miisoo.com\/product\/japanese-real-life-teen-silicone-doll\/#breadcrumb","itemListElement":[{"@type":"ListItem","position":1,"name":"Home","item":"https:\/\/www.miisoo.com\/"},{"@type":"ListItem","position":2,"name":"Sex Doll Shop","item":"https:\/\/www.miisoo.com\/shop\/"},{"@type":"ListItem","position":3,"name":"Ellison &#8211; 165cm Japanese Real Life Teen Silicone Doll"}]},{"@type":"WebSite","@id":"https:\/\/www.miisoo.com\/#website","url":"https:\/\/www.miisoo.com\/","name":"MiisooDoll","description":"Sexual Doll, Real Sex Dolls, Love Doll, Best Sex Dolls","publisher":{"@id":"https:\/\/www.miisoo.com\/#organization"},"potentialAction":[{"@type":"SearchAction","target":{"@type":"EntryPoint","urlTemplate":"https:\/\/www.miisoo.com\/?s={search_term_string}"},"query-input":"required name=search_term_string"}],"inLanguage":"es"},{"@type":"Organization","@id":"https:\/\/www.miisoo.com\/#organization","name":"MiisooDoll","url":"https:\/\/www.miisoo.com\/","logo":{"@type":"ImageObject","inLanguage":"es","@id":"https:\/\/www.miisoo.com\/#\/schema\/logo\/image\/","url":"https:\/\/www.miisoo.com\/wp-content\/uploads\/2020\/09\/logo-botton.png","contentUrl":"https:\/\/www.miisoo.com\/wp-content\/uploads\/2020\/09\/logo-botton.png","width":181,"height":42,"caption":"MiisooDoll"},"image":{"@id":"https:\/\/www.miisoo.com\/#\/schema\/logo\/image\/"},"sameAs":["https:\/\/www.facebook.com\/miisoodoll","https:\/\/x.com\/MiisooSexDolls"]}]}},"_links":{"self":[{"href":"https:\/\/www.miisoo.com\/es\/wp-json\/wp\/v2\/product\/11286","targetHints":{"allow":["GET"]}}],"collection":[{"href":"https:\/\/www.miisoo.com\/es\/wp-json\/wp\/v2\/product"}],"about":[{"href":"https:\/\/www.miisoo.com\/es\/wp-json\/wp\/v2\/types\/product"}],"replies":[{"embeddable":true,"href":"https:\/\/www.miisoo.com\/es\/wp-json\/wp\/v2\/comments?post=11286"}],"version-history":[{"count":3,"href":"https:\/\/www.miisoo.com\/es\/wp-json\/wp\/v2\/product\/11286\/revisions"}],"predecessor-version":[{"id":19314,"href":"https:\/\/www.miisoo.com\/es\/wp-json\/wp\/v2\/product\/11286\/revisions\/19314"}],"wp:featuredmedia":[{"embeddable":true,"href":"https:\/\/www.miisoo.com\/es\/wp-json\/wp\/v2\/media\/11309"}],"wp:attachment":[{"href":"https:\/\/www.miisoo.com\/es\/wp-json\/wp\/v2\/media?parent=11286"}],"wp:term":[{"taxonomy":"product_cat","embeddable":true,"href":"https:\/\/www.miisoo.com\/es\/wp-json\/wp\/v2\/product_cat?post=11286"},{"taxonomy":"product_tag","embeddable":true,"href":"https:\/\/www.miisoo.com\/es\/wp-json\/wp\/v2\/product_tag?post=11286"}],"curies":[{"name":"wp","href":"https:\/\/api.w.org\/{rel}","templated":true}]}}