{"id":4358,"date":"2020-09-14T15:34:47","date_gmt":"2020-09-14T07:34:47","guid":{"rendered":"http:\/\/miisoo.com\/?page_id=4358"},"modified":"2023-12-22T20:17:14","modified_gmt":"2023-12-22T12:17:14","slug":"terms-conditions","status":"publish","type":"page","link":"https:\/\/www.miisoo.com\/es\/terms-conditions\/","title":{"rendered":"T\u00e9rminos y condiciones"},"content":{"rendered":"<div data-elementor-type=\"wp-page\" data-elementor-id=\"4358\" class=\"elementor elementor-4358\" data-elementor-post-type=\"page\">\n\t\t\t\t\t\t<section class=\"elementor-section elementor-top-section elementor-element elementor-element-c76458e elementor-section-boxed elementor-section-height-default elementor-section-height-default\" data-id=\"c76458e\" data-element_type=\"section\">\n\t\t\t\t\t\t<div class=\"elementor-container elementor-column-gap-default\">\n\t\t\t\t\t<div class=\"elementor-column elementor-col-25 elementor-top-column elementor-element elementor-element-8b5e8e1\" data-id=\"8b5e8e1\" data-element_type=\"column\">\n\t\t\t<div class=\"elementor-widget-wrap\">\n\t\t\t\t\t\t\t<\/div>\n\t\t<\/div>\n\t\t\t\t<div class=\"elementor-column elementor-col-50 elementor-top-column elementor-element elementor-element-5afa608\" data-id=\"5afa608\" data-element_type=\"column\">\n\t\t\t<div class=\"elementor-widget-wrap elementor-element-populated\">\n\t\t\t\t\t\t<div class=\"elementor-element elementor-element-1111958 elementor-widget elementor-widget-text-editor\" data-id=\"1111958\" data-element_type=\"widget\" data-widget_type=\"text-editor.default\">\n\t\t\t\t<div class=\"elementor-widget-container\">\n\t\t\t\t\t\t\t\t\t<p>Acceder, navegar o usar el sitio de otra manera indica su aceptaci\u00f3n de todos los t\u00e9rminos y condiciones de este acuerdo. Lea atentamente este acuerdo antes de continuar.<\/p><p><strong>Uso del sitio:<\/strong><\/p><p>Usted declara y garantiza que tiene al menos 18 a\u00f1os o que visita el Sitio bajo la supervisi\u00f3n de un padre o tutor. Sujeto a los t\u00e9rminos y condiciones de este Acuerdo, miisoo.com le otorga una licencia limitada, revocable, intransferible y no exclusiva para acceder y utilizar el Sitio mostr\u00e1ndolo en su navegador de Internet solo con el prop\u00f3sito de comprar para uso personal. art\u00edculos vendidos en el Sitio y no para ning\u00fan uso comercial o uso en nombre de un tercero, excepto que miisoo.com lo permita expl\u00edcitamente por adelantado. Cualquier incumplimiento de este Acuerdo dar\u00e1 lugar a la revocaci\u00f3n inmediata de la licencia otorgada en este p\u00e1rrafo sin previo aviso.<\/p><p>Salvo lo permitido en el p\u00e1rrafo anterior, no puede reproducir, distribuir, exhibir, vender, arrendar, transmitir, crear trabajos derivados, traducir, modificar, aplicar ingenier\u00eda inversa, desensamblar, descompilar o explotar de otro modo este Sitio o cualquier parte del mismo, a menos que permitido expresamente por miisoo.com por escrito. No puede hacer ning\u00fan uso comercial de la informaci\u00f3n proporcionada en el Sitio ni hacer ning\u00fan uso del Sitio para el beneficio de otro negocio a menos que miisoo.com lo permita expl\u00edcitamente por adelantado. miisoo.com se reserva el derecho de rechazar el servicio, cancelar cuentas y\/o cancelar pedidos a su discreci\u00f3n, incluso, entre otros, si miisoo.com cree que la conducta del cliente viola la ley aplicable o es perjudicial para los intereses de miisoo.com.<\/p><p>Usted ser\u00e1 el \u00fanico responsable de todo acceso y uso de este sitio por parte de cualquier persona que utilice la contrase\u00f1a y la identificaci\u00f3n que se le asign\u00f3 originalmente, ya sea que usted haya autorizado o no dicho acceso y uso de este sitio, incluidas, entre otras, todas las comunicaciones y transmisiones. y todas las obligaciones (incluidas, entre otras, las obligaciones financieras) contra\u00eddas a trav\u00e9s de dicho acceso o uso. Usted es el \u00fanico responsable de proteger la seguridad y confidencialidad de la contrase\u00f1a y la identificaci\u00f3n que se le asignen. Deber\u00e1 notificar inmediatamente a miisoo.com sobre cualquier uso no autorizado de su contrase\u00f1a o identificaci\u00f3n o cualquier otra violaci\u00f3n o amenaza de violaci\u00f3n de la seguridad de este Sitio.<\/p><p>Excepto que se indique lo contrario en este Acuerdo o en el sitio, todo lo que env\u00ede o publique en el sitio y\/o proporcione a miisoo.com, incluidos, entre otros, ideas, conocimientos, t\u00e9cnicas, preguntas, rese\u00f1as, comentarios y sugerencias (colectivamente, &quot;Env\u00edos&quot;) es y ser\u00e1 tratado como no confidencial y no patentado, y al enviar o publicar, usted acepta licenciar irrevocablemente la entrada y todos los derechos de propiedad intelectual relacionados con la misma (excluyendo los derechos morales como el derecho de autor) para miisoo.com sin cargo y miisoo.com tendr\u00e1 el derecho libre de regal\u00edas, mundial, perpetuo, irrevocable y transferible de usar, copiar, distribuir, exhibir, publicar, realizar, vender, arrendar, transmitir, adaptar, crear trabajos derivados de tales Env\u00edos por cualquier medio y en cualquier forma, y para traducir, modificar, aplicar ingenier\u00eda inversa, desensamblar o descompilar dichos Env\u00edos. Todas las Presentaciones se convertir\u00e1n autom\u00e1ticamente en propiedad \u00fanica y exclusiva de miisoo.com y no se le devolver\u00e1n y usted acepta no plantear ninguna disputa en relaci\u00f3n con el uso de la entrada por parte de miisoo.com en el futuro.<\/p><p>Usted garantiza que sus Env\u00edos, en su totalidad o en parte, son claros y libres de cualquier infracci\u00f3n de derechos de propiedad intelectual, disputas o reclamos de terceros. miisoo.com no asume ninguna responsabilidad por el uso indebido de los derechos de autor o cualquier otro derecho de terceros por su parte. Usted se compromete a defender e indemnizar al Patrocinador contra cualquier p\u00e9rdida causada por el uso de las entradas para cualquier prop\u00f3sito.<\/p><p>Adem\u00e1s de los derechos aplicables a cualquier Env\u00edo, cuando publica comentarios o rese\u00f1as en el sitio, tambi\u00e9n otorga a miisoo.com el derecho de usar el nombre que env\u00eda con cualquier rese\u00f1a, comentario u otro Contenido, si lo hubiere, en relaci\u00f3n con con dicha revisi\u00f3n, comentario u otro contenido. Usted declara y garantiza que posee o controla todos los derechos de las rese\u00f1as, comentarios y otro Contenido que publique en este sitio y que el uso de sus rese\u00f1as, comentarios u otro Contenido por parte de miisoo.com no infringir\u00e1 ni violar los derechos de cualquier tercero. No deber\u00e1 utilizar una direcci\u00f3n de correo electr\u00f3nico falsa, pretender ser otra persona que no sea usted mismo o enga\u00f1ar a miisoo.com o a terceros en cuanto al origen de cualquier Env\u00edo o Contenido. miisoo.com puede, pero no estar\u00e1 obligado a eliminar o editar cualquier Env\u00edo (incluidos comentarios o rese\u00f1as) por cualquier motivo.<\/p><p><strong>Derechos de autor<\/strong><\/p><p>Todos los textos, gr\u00e1ficos, fotograf\u00edas u otras im\u00e1genes, \u00edconos de botones, clips de audio, logotipos, esl\u00f3ganes, nombres comerciales o software de Word y otros contenidos en el sitio web de miisoo.com (colectivamente, &quot;Contenido&quot;), pertenecen exclusivamente a miisoo.com o sus proveedores de contenido adecuados. No puede usar, reproducir, copiar, modificar, transmitir, exhibir, publicar, vender, otorgar licencias, realizar p\u00fablicamente, distribuir o explotar comercialmente el Contenido ni disponer de ning\u00fan otro modo del Contenido de una manera no permitida por miisoo.com, sin el expreso consentimiento previo por escrito de miisoo.com. El uso de miner\u00eda de datos, robots o herramientas similares de recopilaci\u00f3n y extracci\u00f3n de datos en miisoo.com, as\u00ed como el uso de marcas comerciales o marcas de servicio de miisoo.com en metaetiquetas, est\u00e1 estrictamente prohibido. Puede ver y usar el Contenido solo para su informaci\u00f3n personal y para comprar y ordenar en el sitio y para ning\u00fan otro prop\u00f3sito. Si encuentra alguno de nuestros contenidos alojados en un sitio de terceros, no dude en ponerse en contacto con nosotros en: service@miisoo.com. Tambi\u00e9n puede comunicarse con nosotros por tel\u00e9fono al 010-56920098 de 7 a. La recopilaci\u00f3n, disposici\u00f3n y montaje de todo el contenido de este sitio (la &quot;Compilaci\u00f3n&quot;) pertenecen exclusivamente a miisoo.com. No puede usar el Contenido o la Compilaci\u00f3n de miisoo.com de ninguna manera que menosprecie o desacredite a miisoo.com o de ninguna manera que pueda causar confusi\u00f3n o violaci\u00f3n de las leyes o regulaciones aplicables. Todo el software utilizado en este Sitio (el &quot;Software&quot;) es propiedad de miisoo.com y\/o sus proveedores de Software. El Contenido, la Compilaci\u00f3n y el Software est\u00e1n todos protegidos por las leyes de derechos de autor estatales, nacionales e internacionales. Todos los derechos no otorgados expresamente est\u00e1n reservados por miisoo.com. Los infractores ser\u00e1n procesados con todo el rigor de la ley.<\/p><p>miisoo.com reconoce y respeta todos los derechos de autor y marcas registradas. Como tal, cualquier uso de la televisi\u00f3n, el cine, la m\u00fasica, el festival de cine u otros nombres o t\u00edtulos no tienen conexi\u00f3n con miisoo.com y son propiedad exclusiva de los titulares de los derechos de autor o de la marca registrada. Nuestros vestidos est\u00e1n inspirados en el estilo de las celebridades y son nuestras recreaciones de los art\u00edculos usados por las celebridades en sus programas de televisi\u00f3n favoritos y en la alfombra roja, sin embargo, no est\u00e1n autorizados, respaldados o conectados con estos programas de ninguna manera y no se consideran infracciones. de cualquier marca registrada o derechos de autor.<\/p><p><strong>Pol\u00edtica de infracci\u00f3n de propiedad intelectual<\/strong><\/p><p>Es pol\u00edtica de miisoo.com tomar las medidas apropiadas cuando sea necesario para defender y reconocer todas las leyes estatales, federales e internacionales pertinentes en relaci\u00f3n con el material que se afirma que infringe cualquier marca comercial, derecho de autor, patente y todas o cualquier otra ley de propiedad intelectual. . Si es propietario de derechos de propiedad intelectual y cree que miisoo.com vende, ofrece a la venta o pone a disposici\u00f3n bienes y\/o servicios que infringen sus derechos de propiedad intelectual, env\u00ede la siguiente informaci\u00f3n en su totalidad a service@miisoo.com<br \/><strong>Informacion requerida<\/strong><br \/>1. Una firma electr\u00f3nica o f\u00edsica de la persona autorizada para actuar en nombre del propietario de una exclusiva supuestamente infringida;<br \/>2. Una descripci\u00f3n del trabajo o material presuntamente infractor;<br \/>3. Una descripci\u00f3n de d\u00f3nde se encuentra el material presuntamente infractor en el sitio (URL del producto);<br \/>4. Informaci\u00f3n razonablemente suficiente para permitirnos comunicarnos con usted, como su direcci\u00f3n, n\u00famero de tel\u00e9fono y direcci\u00f3n de correo electr\u00f3nico;<br \/>5. Una declaraci\u00f3n suya de que cree de buena fe que el uso en disputa del material no est\u00e1 autorizado por el propietario de los derechos de autor u otros derechos de propiedad, su agente o la ley;<br \/>6. Identificaci\u00f3n de los derechos de propiedad intelectual que afirma que el sitio web infringe (p. ej., &quot;derechos de autor de XYZ&quot;, &quot;marca registrada de ABC, n\u00famero de registro 123456, registrado el 1\/1\/04&quot;, etc.); y<br \/>7. Una declaraci\u00f3n suya de que la informaci\u00f3n y la notificaci\u00f3n anteriores son precisas y, bajo pena de perjurio, que usted es el propietario de los derechos de autor o est\u00e1 autorizado para actuar en nombre del propietario cuyo derecho exclusivo supuestamente se ha infringido.<\/p><p><strong>Terminaci\u00f3n y efecto de la terminaci\u00f3n<\/strong><\/p><p>Adem\u00e1s de cualquier otro recurso legal o equitativo, miisoo.com puede, sin previo aviso, rescindir inmediatamente el Acuerdo o revocar cualquiera o todos sus derechos otorgados en virtud de este Acuerdo. Tras la rescisi\u00f3n de este Acuerdo, cesar\u00e1 de inmediato todo acceso y uso del sitio y miisoo.com, adem\u00e1s de cualquier otro recurso legal o equitativo, revocar\u00e1 de inmediato todas las contrase\u00f1as y la identificaci\u00f3n de cuenta que se le hayan emitido y denegar su acceso y uso de este Sitio en su totalidad o en parte. Cualquier rescisi\u00f3n de este Acuerdo no afectar\u00e1 los respectivos derechos y obligaciones (incluidas, entre otras, las obligaciones de pago) de las partes que surjan antes de la fecha de rescisi\u00f3n.<\/p><p><strong>Descargo de responsabilidad y limitaci\u00f3n de responsabilidad<\/strong><\/p><p>SALVO QUE SE ESPECIFIQUE LO CONTRARIO EN LOS T\u00c9RMINOS DE VENTA EST\u00c1NDAR QUE RIGEN A CADA PRODUCTO EN ESTE SITIO, ESTE SITIO, LOS PRODUCTOS OFRECIDOS A LA VENTA Y LAS TRANSACCIONES REALIZADAS A TRAV\u00c9S DE \u00c9L SON PROPORCIONADOS POR miisoo.com &quot;TAL CUAL&quot; . miisoo.com NO OFRECE PRESENTACIONES NI GARANT\u00cdAS DE NING\u00daN TIPO, EXPL\u00cdCITAS O IMPL\u00cdCITAS, EN CUANTO AL FUNCIONAMIENTO DEL SITIO O LA INFORMACI\u00d3N, CONTENIDO, MATERIALES O PRODUCTOS INCLUIDOS EN ESTE SITIO, EXCEPTO LO ESTABLECIDO AQU\u00cd EN LA MEDIDA COMPLETA PERMITIDA POR LA LEY APLICABLE, miisoo.com RENUNCIA A TODAS LAS GARANT\u00cdAS, EXPRESAS O IMPL\u00cdCITAS, INCLUIDAS, ENTRE OTRAS, GARANT\u00cdAS IMPL\u00cdCITAS DE COMERCIABILIDAD E IDONEIDAD PARA UN PROP\u00d3SITO EN PARTICULAR, NO VIOLACI\u00d3N, T\u00cdTULO, DISFRUTE TRANQUILO, PRECISI\u00d3N DE LOS DATOS E INTEGRACI\u00d3N DEL SISTEMA. ESTE SITIO PUEDE CONTENER IMPRECISIONES, ERRORES O ERRORES TIPOGR\u00c1FICOS. miisoo.com NO GARANTIZA QUE EL CONTENIDO SEA INCORRECTO O LIBRE DE ERRORES. EN LA MEDIDA M\u00c1XIMA PERMITIDA POR LA LEY, miisoo.com NO SER\u00c1 RESPONSABLE DE NING\u00daN DA\u00d1O DE NING\u00daN TIPO QUE SURJA DEL USO DE ESTE SITIO, INCLUYENDO, ENTRE OTROS, DA\u00d1OS INDIRECTOS INCIDENTALES, PUNITIVOS, EJEMPLARES, ESPECIALES O CONSECUENTES. EN LA MEDIDA M\u00c1XIMA PERMITIDA POR LA LEY APLICABLE, LA RESPONSABILIDAD TOTAL DE miisoo.com HACIA USTED POR CUALQUIER DA\u00d1O (INDEPENDIENTEMENTE DEL FUNDAMENTO DE LA ACCI\u00d3N) NO EXCEDER\u00c1 EN TOTAL LA CANTIDAD DE LAS TARIFAS REALMENTE PAGADAS POR USTED A miisoo.com DURANTE EL MES INMEDIATAMENTE PRECEDENTE DEL ACTO QUE SUPUESTAMENTE DIO LUGAR A LA RESPONSABILIDAD DE miisoo.com.<\/p><p><strong>Aceptaci\u00f3n de pedidos<\/strong><\/p><p>Tenga en cuenta que puede haber ciertos pedidos que no podamos aceptar y debamos cancelar. miisoo.com se reserva el derecho, a su entera discreci\u00f3n, de rechazar o cancelar cualquier pedido por cualquier motivo. Algunas situaciones que pueden resultar en la cancelaci\u00f3n de su pedido incluyen limitaciones en las cantidades disponibles para la compra, inexactitudes o errores en la informaci\u00f3n de productos o precios, o problemas identificados por nuestro departamento de prevenci\u00f3n de fraude y cr\u00e9dito. Tambi\u00e9n podemos solicitar verificaciones o informaci\u00f3n adicional antes de aceptar cualquier pedido. Nos comunicaremos con usted si se cancela todo o parte de su pedido o si se requiere informaci\u00f3n adicional para aceptar su pedido.<\/p><p><strong>Transferencia de t\u00edtulo<\/strong><\/p><p>La titularidad de los productos de su pedido se le transferir\u00e1 cuando los productos salgan de nuestro almac\u00e9n y se entreguen al transportista para su env\u00edo a una direcci\u00f3n designada por usted en el pedido. Todas las responsabilidades y riesgos de los productos tambi\u00e9n le ser\u00e1n transferidos en ese momento. Al realizar un pedido en este Sitio, autoriza a MIISOO LIMITED a contratar servicios de env\u00edo de terceros en su nombre.<\/p><p><strong>Errores tipogr\u00e1ficos<\/strong><\/p><p>Si bien miisoo.com se esfuerza por proporcionar informaci\u00f3n precisa sobre productos y precios, pueden ocurrir errores tipogr\u00e1ficos o de precios. miisoo.com no puede confirmar el precio de un art\u00edculo hasta despu\u00e9s de realizar el pedido. En caso de que un art\u00edculo se publique con un precio incorrecto o con informaci\u00f3n incorrecta debido a un error en el precio o en la informaci\u00f3n del producto, miisoo.com tendr\u00e1 derecho, a nuestro exclusivo criterio, a rechazar o cancelar cualquier pedido realizado para ese art\u00edculo. En el caso de que un art\u00edculo tenga un precio incorrecto, miisoo.com puede, a nuestra discreci\u00f3n, contactarlo para recibir instrucciones o cancelar su pedido y notificarle dicha cancelaci\u00f3n.<\/p><p><strong>Precios en diferentes monedas<\/strong><\/p><p>El precio de los productos vendidos por miisoo.com se basa en cifras calculadas en d\u00f3lares estadounidenses (US$). Los precios que se muestran en otras monedas se convierten de d\u00f3lares estadounidenses de acuerdo con las tasas de conversi\u00f3n m\u00e1s actualizadas. Debido a la fluctuaci\u00f3n de los valores de la moneda, los precios que se muestran en denominaciones de moneda no estadounidenses en el Sitio, excepto en la p\u00e1gina del producto individual, pueden no ser los m\u00e1s actualizados. Las \u00e1reas del Sitio donde las denominaciones de moneda fuera de los EE. UU. pueden ser inexactas incluyen, entre otras, pancartas promocionales, p\u00e1ginas promocionales e informaci\u00f3n en p\u00e1ginas de categor\u00edas de productos. El precio que se muestra en la p\u00e1gina de un producto individual, independientemente de la denominaci\u00f3n de la moneda, es el precio actual que debe pagar a miisoo.com, incluido el env\u00edo.<\/p><p>Este sitio puede contener enlaces a otros sitios en Internet que son propiedad y est\u00e1n operados por terceros. Usted reconoce que miisoo.com no es responsable de la operaci\u00f3n o el contenido ubicado en o a trav\u00e9s de dicho sitio.<br \/>Remedios<\/p><p>Usted acepta que el recurso legal de miisoo.com por cualquier incumplimiento real o amenazado de este Acuerdo ser\u00eda inadecuado y que miisoo.com tendr\u00e1 derecho a una ejecuci\u00f3n espec\u00edfica o medidas cautelares, o ambas, adem\u00e1s de cualquier da\u00f1o que miisoo.com pueda sufrir. tiene derecho legal a recuperar, junto con los gastos razonables de cualquier forma de resoluci\u00f3n de disputas, incluidos, entre otros, los honorarios de los abogados.<\/p><p>Ning\u00fan derecho o recurso de miisoo.com ser\u00e1 exclusivo de cualquier otro, ya sea por ley o en equidad, incluidos, entre otros, medidas cautelares por da\u00f1os, honorarios y gastos de abogados.<\/p>\t\t\t\t\t\t\t\t<\/div>\n\t\t\t\t<\/div>\n\t\t\t\t\t<\/div>\n\t\t<\/div>\n\t\t\t\t<div class=\"elementor-column elementor-col-25 elementor-top-column elementor-element elementor-element-df603f8\" data-id=\"df603f8\" data-element_type=\"column\">\n\t\t\t<div class=\"elementor-widget-wrap\">\n\t\t\t\t\t\t\t<\/div>\n\t\t<\/div>\n\t\t\t\t\t<\/div>\n\t\t<\/section>\n\t\t\t\t<\/div>","protected":false},"excerpt":{"rendered":"<p>Acceder, navegar o usar el sitio de otra manera indica su aceptaci\u00f3n de todos los t\u00e9rminos y condiciones de este acuerdo. Lea atentamente este acuerdo antes de continuar. Uso del Sitio: Usted declara y garantiza que tiene al menos 18 a\u00f1os o que visita el Sitio bajo la supervisi\u00f3n de un padre o tutor. Sujeto a\u2026<\/p>","protected":false},"author":455,"featured_media":0,"parent":0,"menu_order":0,"comment_status":"closed","ping_status":"open","template":"","meta":{"footnotes":""},"class_list":["post-4358","page","type-page","status-publish","hentry"],"yoast_head":"<!-- This site is optimized with the Yoast SEO Premium plugin v22.6 (Yoast SEO v22.9) - https:\/\/yoast.com\/wordpress\/plugins\/seo\/ -->\n<title>Terms &amp; Conditions |Cheap Real Sex Dolls | Miisoo<\/title>\n<meta name=\"description\" content=\"Review Miisoo&#039;s Transparent Terms &amp; Conditions. Shop Confidently for Cheap Real Sex Dolls. Your Satisfaction, Our Commitment at Miisoo. Check It Online Now\" \/>\n<meta name=\"robots\" content=\"index, follow, max-snippet:-1, max-image-preview:large, max-video-preview:-1\" \/>\n<link rel=\"canonical\" href=\"https:\/\/www.miisoo.com\/es\/terms-conditions\/\" \/>\n<meta property=\"og:locale\" content=\"es_ES\" \/>\n<meta property=\"og:type\" content=\"article\" \/>\n<meta property=\"og:title\" content=\"Terms and Conditions\" \/>\n<meta property=\"og:description\" content=\"Review Miisoo&#039;s Transparent Terms &amp; Conditions. Shop Confidently for Cheap Real Sex Dolls. Your Satisfaction, Our Commitment at Miisoo. Check It Online Now\" \/>\n<meta property=\"og:url\" content=\"https:\/\/www.miisoo.com\/es\/terms-conditions\/\" \/>\n<meta property=\"og:site_name\" content=\"MiisooDoll\" \/>\n<meta property=\"article:publisher\" content=\"https:\/\/www.facebook.com\/miisoodoll\" \/>\n<meta property=\"article:modified_time\" content=\"2023-12-22T12:17:14+00:00\" \/>\n<meta name=\"twitter:card\" content=\"summary_large_image\" \/>\n<meta name=\"twitter:site\" content=\"@MiisooSexDolls\" \/>\n<meta name=\"twitter:label1\" content=\"Tiempo de lectura\" \/>\n\t<meta name=\"twitter:data1\" content=\"10 minutos\" \/>\n<!-- \/ Yoast SEO Premium plugin. -->","yoast_head_json":{"title":"Terms & Conditions |Cheap Real Sex Dolls | Miisoo","description":"Review Miisoo's Transparent Terms & Conditions. Shop Confidently for Cheap Real Sex Dolls. Your Satisfaction, Our Commitment at Miisoo. Check It Online Now","robots":{"index":"index","follow":"follow","max-snippet":"max-snippet:-1","max-image-preview":"max-image-preview:large","max-video-preview":"max-video-preview:-1"},"canonical":"https:\/\/www.miisoo.com\/es\/terms-conditions\/","og_locale":"es_ES","og_type":"article","og_title":"Terms and Conditions","og_description":"Review Miisoo's Transparent Terms & Conditions. Shop Confidently for Cheap Real Sex Dolls. Your Satisfaction, Our Commitment at Miisoo. Check It Online Now","og_url":"https:\/\/www.miisoo.com\/es\/terms-conditions\/","og_site_name":"MiisooDoll","article_publisher":"https:\/\/www.facebook.com\/miisoodoll","article_modified_time":"2023-12-22T12:17:14+00:00","twitter_card":"summary_large_image","twitter_site":"@MiisooSexDolls","twitter_misc":{"Tiempo de lectura":"10 minutos"},"schema":{"@context":"https:\/\/schema.org","@graph":[{"@type":"WebPage","@id":"https:\/\/www.miisoo.com\/terms-conditions\/","url":"https:\/\/www.miisoo.com\/terms-conditions\/","name":"Terms & Conditions |Cheap Real Sex Dolls | Miisoo","isPartOf":{"@id":"https:\/\/www.miisoo.com\/#website"},"datePublished":"2020-09-14T07:34:47+00:00","dateModified":"2023-12-22T12:17:14+00:00","description":"Review Miisoo's Transparent Terms & Conditions. Shop Confidently for Cheap Real Sex Dolls. Your Satisfaction, Our Commitment at Miisoo. Check It Online Now","breadcrumb":{"@id":"https:\/\/www.miisoo.com\/terms-conditions\/#breadcrumb"},"inLanguage":"es","potentialAction":[{"@type":"ReadAction","target":["https:\/\/www.miisoo.com\/terms-conditions\/"]}]},{"@type":"BreadcrumbList","@id":"https:\/\/www.miisoo.com\/terms-conditions\/#breadcrumb","itemListElement":[{"@type":"ListItem","position":1,"name":"Home","item":"https:\/\/www.miisoo.com\/"},{"@type":"ListItem","position":2,"name":"Terms and Conditions"}]},{"@type":"WebSite","@id":"https:\/\/www.miisoo.com\/#website","url":"https:\/\/www.miisoo.com\/","name":"MiisooDoll","description":"Sexual Doll, Real Sex Dolls, Love Doll, Best Sex Dolls","publisher":{"@id":"https:\/\/www.miisoo.com\/#organization"},"potentialAction":[{"@type":"SearchAction","target":{"@type":"EntryPoint","urlTemplate":"https:\/\/www.miisoo.com\/?s={search_term_string}"},"query-input":"required name=search_term_string"}],"inLanguage":"es"},{"@type":"Organization","@id":"https:\/\/www.miisoo.com\/#organization","name":"MiisooDoll","url":"https:\/\/www.miisoo.com\/","logo":{"@type":"ImageObject","inLanguage":"es","@id":"https:\/\/www.miisoo.com\/#\/schema\/logo\/image\/","url":"https:\/\/www.miisoo.com\/wp-content\/uploads\/2020\/09\/logo-botton.png","contentUrl":"https:\/\/www.miisoo.com\/wp-content\/uploads\/2020\/09\/logo-botton.png","width":181,"height":42,"caption":"MiisooDoll"},"image":{"@id":"https:\/\/www.miisoo.com\/#\/schema\/logo\/image\/"},"sameAs":["https:\/\/www.facebook.com\/miisoodoll","https:\/\/x.com\/MiisooSexDolls"]}]}},"_links":{"self":[{"href":"https:\/\/www.miisoo.com\/es\/wp-json\/wp\/v2\/pages\/4358","targetHints":{"allow":["GET"]}}],"collection":[{"href":"https:\/\/www.miisoo.com\/es\/wp-json\/wp\/v2\/pages"}],"about":[{"href":"https:\/\/www.miisoo.com\/es\/wp-json\/wp\/v2\/types\/page"}],"author":[{"embeddable":true,"href":"https:\/\/www.miisoo.com\/es\/wp-json\/wp\/v2\/users\/455"}],"replies":[{"embeddable":true,"href":"https:\/\/www.miisoo.com\/es\/wp-json\/wp\/v2\/comments?post=4358"}],"version-history":[{"count":4,"href":"https:\/\/www.miisoo.com\/es\/wp-json\/wp\/v2\/pages\/4358\/revisions"}],"predecessor-version":[{"id":34674,"href":"https:\/\/www.miisoo.com\/es\/wp-json\/wp\/v2\/pages\/4358\/revisions\/34674"}],"wp:attachment":[{"href":"https:\/\/www.miisoo.com\/es\/wp-json\/wp\/v2\/media?parent=4358"}],"curies":[{"name":"wp","href":"https:\/\/api.w.org\/{rel}","templated":true}]}}