{"id":4349,"date":"2020-09-14T15:08:14","date_gmt":"2020-09-14T07:08:14","guid":{"rendered":"http:\/\/miisoo.com\/?page_id=4349"},"modified":"2023-12-22T20:05:14","modified_gmt":"2023-12-22T12:05:14","slug":"shipping-guide","status":"publish","type":"page","link":"https:\/\/www.miisoo.com\/es\/shipping-guide\/","title":{"rendered":"Gu\u00eda de env\u00edo"},"content":{"rendered":"<div data-elementor-type=\"wp-post\" data-elementor-id=\"4349\" class=\"elementor elementor-4349\" data-elementor-post-type=\"page\">\n\t\t\t\t\t\t<section class=\"elementor-section elementor-top-section elementor-element elementor-element-499101e2 elementor-section-full_width elementor-section-stretched elementor-section-height-default elementor-section-height-default\" data-id=\"499101e2\" data-element_type=\"section\" data-settings=\"{&quot;stretch_section&quot;:&quot;section-stretched&quot;}\">\n\t\t\t\t\t\t<div class=\"elementor-container elementor-column-gap-no\">\n\t\t\t\t\t<div class=\"elementor-column elementor-col-100 elementor-top-column elementor-element elementor-element-3ca9cf60\" data-id=\"3ca9cf60\" data-element_type=\"column\">\n\t\t\t<div class=\"elementor-widget-wrap elementor-element-populated\">\n\t\t\t\t\t\t<div class=\"elementor-element elementor-element-54251667 elementor-widget elementor-widget-image\" data-id=\"54251667\" data-element_type=\"widget\" data-widget_type=\"image.default\">\n\t\t\t\t<div class=\"elementor-widget-container\">\n\t\t\t\t\t\t\t\t\t\t\t\t\t\t\t<img fetchpriority=\"high\" decoding=\"async\" width=\"1536\" height=\"480\" src=\"https:\/\/www.miisoo.com\/wp-content\/uploads\/2020\/12\/banner-sex-doll-1.jpg\" class=\"attachment-full size-full wp-image-7398\" alt=\"\" srcset=\"https:\/\/www.miisoo.com\/wp-content\/uploads\/2020\/12\/banner-sex-doll-1.jpg 1536w, https:\/\/www.miisoo.com\/wp-content\/uploads\/2020\/12\/banner-sex-doll-1-300x94.jpg 300w, https:\/\/www.miisoo.com\/wp-content\/uploads\/2020\/12\/banner-sex-doll-1-1024x320.jpg 1024w, https:\/\/www.miisoo.com\/wp-content\/uploads\/2020\/12\/banner-sex-doll-1-768x240.jpg 768w, https:\/\/www.miisoo.com\/wp-content\/uploads\/2020\/12\/banner-sex-doll-1-370x116.jpg 370w, https:\/\/www.miisoo.com\/wp-content\/uploads\/2020\/12\/banner-sex-doll-1-600x188.jpg 600w\" sizes=\"(max-width: 1536px) 100vw, 1536px\" \/>\t\t\t\t\t\t\t\t\t\t\t\t\t\t\t<\/div>\n\t\t\t\t<\/div>\n\t\t\t\t<div class=\"elementor-element elementor-element-a61e060 elementor-widget elementor-widget-spacer\" data-id=\"a61e060\" data-element_type=\"widget\" data-widget_type=\"spacer.default\">\n\t\t\t\t<div class=\"elementor-widget-container\">\n\t\t\t\t\t\t\t<div class=\"elementor-spacer\">\n\t\t\t<div class=\"elementor-spacer-inner\"><\/div>\n\t\t<\/div>\n\t\t\t\t\t\t<\/div>\n\t\t\t\t<\/div>\n\t\t\t\t\t<\/div>\n\t\t<\/div>\n\t\t\t\t\t<\/div>\n\t\t<\/section>\n\t\t\t\t<section class=\"elementor-section elementor-top-section elementor-element elementor-element-3ff6745a elementor-section-boxed elementor-section-height-default elementor-section-height-default\" data-id=\"3ff6745a\" data-element_type=\"section\">\n\t\t\t\t\t\t<div class=\"elementor-container elementor-column-gap-extended\">\n\t\t\t\t\t<div class=\"elementor-column elementor-col-33 elementor-top-column elementor-element elementor-element-5847672a\" data-id=\"5847672a\" data-element_type=\"column\">\n\t\t\t<div class=\"elementor-widget-wrap\">\n\t\t\t\t\t\t\t<\/div>\n\t\t<\/div>\n\t\t\t\t<div class=\"elementor-column elementor-col-33 elementor-top-column elementor-element elementor-element-31cd9c6a\" data-id=\"31cd9c6a\" data-element_type=\"column\">\n\t\t\t<div class=\"elementor-widget-wrap elementor-element-populated\">\n\t\t\t\t\t\t<div class=\"elementor-element elementor-element-4596bb93 elementor-widget elementor-widget-heading\" data-id=\"4596bb93\" data-element_type=\"widget\" data-widget_type=\"heading.default\">\n\t\t\t\t<div class=\"elementor-widget-container\">\n\t\t\t\t\t<h1 class=\"elementor-heading-title elementor-size-default\">Gu\u00eda de env\u00edo<\/h1>\t\t\t\t<\/div>\n\t\t\t\t<\/div>\n\t\t\t\t<div class=\"elementor-element elementor-element-24950485 elementor-widget elementor-widget-spacer\" data-id=\"24950485\" data-element_type=\"widget\" data-widget_type=\"spacer.default\">\n\t\t\t\t<div class=\"elementor-widget-container\">\n\t\t\t\t\t\t\t<div class=\"elementor-spacer\">\n\t\t\t<div class=\"elementor-spacer-inner\"><\/div>\n\t\t<\/div>\n\t\t\t\t\t\t<\/div>\n\t\t\t\t<\/div>\n\t\t\t\t<div class=\"elementor-element elementor-element-d352fa4 elementor-widget elementor-widget-text-editor\" data-id=\"d352fa4\" data-element_type=\"widget\" data-widget_type=\"text-editor.default\">\n\t\t\t\t<div class=\"elementor-widget-container\">\n\t\t\t\t\t\t\t\t\t<p><strong>Marco de tiempo de env\u00edo<\/strong><\/p>\n<p>Te entregaremos tu mu\u00f1eca en la puerta de tu casa en un plazo de 5 a 12 d\u00edas laborables:<\/p>\n<p>\u2013 La fabricaci\u00f3n tomar\u00e1 de 1 a 3 d\u00edas h\u00e1biles<\/p>\n<p>\u2013 El env\u00edo tardar\u00e1 de 5 a 12 d\u00edas (dependiendo de su ubicaci\u00f3n)<\/p>\n<p>Nota: Algunas mu\u00f1ecas pueden demorar hasta 3 semanas (2 semanas de tiempo de fabricaci\u00f3n y 5 a 12 d\u00edas para el env\u00edo). Para obtener m\u00e1s informaci\u00f3n, cont\u00e1ctenos por correo electr\u00f3nico a service@miisoo.com<\/p>\n<p>Se proporcionar\u00e1 un n\u00famero de seguimiento una vez que el art\u00edculo est\u00e9 listo para enviarse. Podr\u00e1 rastrear su producto en cada paso durante el tr\u00e1nsito.<\/p>\t\t\t\t\t\t\t\t<\/div>\n\t\t\t\t<\/div>\n\t\t\t\t<div class=\"elementor-element elementor-element-70a5110 elementor-widget elementor-widget-text-editor\" data-id=\"70a5110\" data-element_type=\"widget\" data-widget_type=\"text-editor.default\">\n\t\t\t\t<div class=\"elementor-widget-container\">\n\t\t\t\t\t\t\t\t\t<p><strong>M\u00e9todo de env\u00edo<\/strong><\/p><p>Le enviaremos un n\u00famero de seguimiento a su casilla de correo electr\u00f3nico una vez que se env\u00ede su mu\u00f1eca, y utilizamos FedEx\/UPS y DHL para acelerar el env\u00edo y garantizar una entrega segura. No hay ninguna etiqueta en la caja que pueda revelar el contenido y, si lo prefiere, podemos realizar el env\u00edo a una tienda de FedEx\/UPS en lugar de a su direcci\u00f3n, para que pueda recoger su mu\u00f1eco de amor cuando le resulte conveniente.<\/p>\t\t\t\t\t\t\t\t<\/div>\n\t\t\t\t<\/div>\n\t\t\t\t<div class=\"elementor-element elementor-element-7539c4d elementor-widget elementor-widget-text-editor\" data-id=\"7539c4d\" data-element_type=\"widget\" data-widget_type=\"text-editor.default\">\n\t\t\t\t<div class=\"elementor-widget-container\">\n\t\t\t\t\t\t\t\t\t<p>Como los productos de mu\u00f1ecas sexuales son especiales e implican procedimientos de trabajo complejos, se tarda de 2 a 3 d\u00edas h\u00e1biles en completar la fabricaci\u00f3n de una mu\u00f1eca. Se le informar\u00e1 cu\u00e1ndo se enviar\u00e1 su paquete.<\/p><p>Las mu\u00f1ecas sexuales se enviar\u00e1n en un paquete discreto e intacto (no hay etiquetas, marcas ni logotipos) y calidad del producto garantizada, no se preocupe.<\/p>\t\t\t\t\t\t\t\t<\/div>\n\t\t\t\t<\/div>\n\t\t\t\t<div class=\"elementor-element elementor-element-0708a5d elementor-widget elementor-widget-text-editor\" data-id=\"0708a5d\" data-element_type=\"widget\" data-widget_type=\"text-editor.default\">\n\t\t\t\t<div class=\"elementor-widget-container\">\n\t\t\t\t\t\t\t\t\t<p><strong>A d\u00f3nde env\u00eda miisoo.com<\/strong><\/p><p><strong>Todas las mu\u00f1ecas sexuales tienen env\u00edo GRATIS por FedEx\/UPS\/DHL. \u00a1Env\u00edo gratis a todo el mundo!<\/strong><\/p>\t\t\t\t\t\t\t\t<\/div>\n\t\t\t\t<\/div>\n\t\t\t\t<div class=\"elementor-element elementor-element-ae7dca5 elementor-widget elementor-widget-text-editor\" data-id=\"ae7dca5\" data-element_type=\"widget\" data-widget_type=\"text-editor.default\">\n\t\t\t\t<div class=\"elementor-widget-container\">\n\t\t\t\t\t\t\t\t\t<p><strong>Derechos de aduanas, aranceles e impuestos<\/strong><\/p><p>Para algunos pa\u00edses, especialmente en los EE. UU., Europa, ofrecemos un servicio de prepago de IVA e impuestos de importaci\u00f3n, por lo que no necesita lidiar con la aduana. En pa\u00edses como Canad\u00e1, Jap\u00f3n o Australia, es posible que se requieran impuestos de importaci\u00f3n de Nueva Zelanda en el momento de la entrega y, por lo general, requieren la presentaci\u00f3n de un comprobante de pago o una factura. Puede proporcionar el correo electr\u00f3nico de confirmaci\u00f3n, la factura de Paypal o comunicarse con nosotros y lo ayudaremos con eso.<\/p>\t\t\t\t\t\t\t\t<\/div>\n\t\t\t\t<\/div>\n\t\t\t\t<div class=\"elementor-element elementor-element-763e8ff elementor-widget elementor-widget-text-editor\" data-id=\"763e8ff\" data-element_type=\"widget\" data-widget_type=\"text-editor.default\">\n\t\t\t\t<div class=\"elementor-widget-container\">\n\t\t\t\t\t\t\t\t\t<p><strong>\u00bfQu\u00e9 pasa si est\u00e1s fuera cuando llega tu pedido?<\/strong><\/p><p>Si est\u00e1 fuera cuando se entrega su paquete, su cartero o mensajero dejar\u00e1 una tarjeta programando otro intento de entrega o dici\u00e9ndole d\u00f3nde recoger su pedido discretamente empaquetado<\/p><p>Si su paquete se lleva al lugar de servicio de mensajer\u00eda m\u00e1s cercano, puede recogerlo o hacer arreglos para que se vuelva a entregar.<\/p>\t\t\t\t\t\t\t\t<\/div>\n\t\t\t\t<\/div>\n\t\t\t\t<div class=\"elementor-element elementor-element-0950927 elementor-widget elementor-widget-text-editor\" data-id=\"0950927\" data-element_type=\"widget\" data-widget_type=\"text-editor.default\">\n\t\t\t\t<div class=\"elementor-widget-container\">\n\t\t\t\t\t\t\t\t\t<p><strong>\u00bfQu\u00e9 pasa si tu pedido no llega cuando esperas?<\/strong><\/p><p>De acuerdo con nuestros muchos a\u00f1os de experiencia en ventas, si el paquete se transfiere de manera anormal y el tiempo de entrega supera los 12 d\u00edas h\u00e1biles (excepto el tiempo de despacho de aduana), cont\u00e1ctenos para conocer la situaci\u00f3n.<\/p>\t\t\t\t\t\t\t\t<\/div>\n\t\t\t\t<\/div>\n\t\t\t\t<div class=\"elementor-element elementor-element-2abe7c0 elementor-widget elementor-widget-text-editor\" data-id=\"2abe7c0\" data-element_type=\"widget\" data-widget_type=\"text-editor.default\">\n\t\t\t\t<div class=\"elementor-widget-container\">\n\t\t\t\t\t\t\t\t\t<p><strong>Seguimiento de su pedido de la siguiente manera:<\/strong><\/p><p>FedEx: <a href=\"https:\/\/www.fedex.com\/\" target=\"_blank\" rel=\"nofollow noopener\">http:\/\/www.fedex.com<\/a><\/p><p>UPS: <a href=\"http:\/\/www.ups.com\/\" target=\"_blank\" rel=\"nofollow noopener\">http:\/\/www.ups.com<\/a><\/p><p>DHL: <a href=\"http:\/\/www.dhl.com\/\" target=\"_blank\" rel=\"nofollow noopener\">http:\/\/www.dhl.com<\/a><\/p><p>Nuestro objetivo es proporcionar la soluci\u00f3n m\u00e1s efectiva, si tiene alg\u00fan problema, env\u00edenos un correo electr\u00f3nico a service@miisoo.com<\/p>\t\t\t\t\t\t\t\t<\/div>\n\t\t\t\t<\/div>\n\t\t\t\t<div class=\"elementor-element elementor-element-5873c051 elementor-widget elementor-widget-spacer\" data-id=\"5873c051\" data-element_type=\"widget\" data-widget_type=\"spacer.default\">\n\t\t\t\t<div class=\"elementor-widget-container\">\n\t\t\t\t\t\t\t<div class=\"elementor-spacer\">\n\t\t\t<div class=\"elementor-spacer-inner\"><\/div>\n\t\t<\/div>\n\t\t\t\t\t\t<\/div>\n\t\t\t\t<\/div>\n\t\t\t\t\t<\/div>\n\t\t<\/div>\n\t\t\t\t<div class=\"elementor-column elementor-col-33 elementor-top-column elementor-element elementor-element-5e91253d\" data-id=\"5e91253d\" data-element_type=\"column\">\n\t\t\t<div class=\"elementor-widget-wrap\">\n\t\t\t\t\t\t\t<\/div>\n\t\t<\/div>\n\t\t\t\t\t<\/div>\n\t\t<\/section>\n\t\t\t\t<section class=\"elementor-section elementor-top-section elementor-element elementor-element-16c58fea elementor-section-boxed elementor-section-height-default elementor-section-height-default\" data-id=\"16c58fea\" data-element_type=\"section\">\n\t\t\t\t\t\t<div class=\"elementor-container elementor-column-gap-default\">\n\t\t\t\t\t<div class=\"elementor-column elementor-col-100 elementor-top-column elementor-element elementor-element-74ba8617\" data-id=\"74ba8617\" data-element_type=\"column\">\n\t\t\t<div class=\"elementor-widget-wrap elementor-element-populated\">\n\t\t\t\t\t\t<div class=\"elementor-element elementor-element-312fc24e elementor-widget elementor-widget-spacer\" data-id=\"312fc24e\" data-element_type=\"widget\" data-widget_type=\"spacer.default\">\n\t\t\t\t<div class=\"elementor-widget-container\">\n\t\t\t\t\t\t\t<div class=\"elementor-spacer\">\n\t\t\t<div class=\"elementor-spacer-inner\"><\/div>\n\t\t<\/div>\n\t\t\t\t\t\t<\/div>\n\t\t\t\t<\/div>\n\t\t\t\t\t<\/div>\n\t\t<\/div>\n\t\t\t\t\t<\/div>\n\t\t<\/section>\n\t\t\t\t<\/div>","protected":false},"excerpt":{"rendered":"<p>Gu\u00eda de env\u00edo Marco de tiempo de env\u00edo Entregaremos su mu\u00f1eca en su puerta dentro de 5 a 12 d\u00edas h\u00e1biles: \u2013 La fabricaci\u00f3n demorar\u00e1 de 1 a 3 d\u00edas h\u00e1biles \u2013 El env\u00edo demorar\u00e1 de 5 a 12 d\u00edas (dependiendo de su ubicaci\u00f3n) Nota: algunas mu\u00f1ecas pueden demorar a 3 semanas (2 semanas de tiempo de fabricaci\u00f3n y 5-12 d\u00edas de env\u00edo). Para m\u00e1s informaci\u00f3n,\u2026<\/p>","protected":false},"author":455,"featured_media":0,"parent":0,"menu_order":0,"comment_status":"closed","ping_status":"closed","template":"template-full-width.php","meta":{"footnotes":""},"class_list":["post-4349","page","type-page","status-publish","hentry"],"yoast_head":"<!-- This site is optimized with the Yoast SEO Premium plugin v22.6 (Yoast SEO v22.9) - https:\/\/yoast.com\/wordpress\/plugins\/seo\/ -->\n<title>MiisooDoll Shipping Guide | Seamless Delivery | MiisooDoll<\/title>\n<meta name=\"description\" content=\"Navigate hassle-free with MiisooDoll&#039;s Shipping Guide. Enjoy seamless delivery, ensuring your satisfaction. Shop confidently with MiisooDoll today!\" \/>\n<meta name=\"robots\" content=\"index, follow, max-snippet:-1, max-image-preview:large, max-video-preview:-1\" \/>\n<link rel=\"canonical\" href=\"https:\/\/www.miisoo.com\/es\/shipping-guide\/\" \/>\n<meta property=\"og:locale\" content=\"es_ES\" \/>\n<meta property=\"og:type\" content=\"article\" \/>\n<meta property=\"og:title\" content=\"Shipping Guide\" \/>\n<meta property=\"og:description\" content=\"Navigate hassle-free with MiisooDoll&#039;s Shipping Guide. Enjoy seamless delivery, ensuring your satisfaction. Shop confidently with MiisooDoll today!\" \/>\n<meta property=\"og:url\" content=\"https:\/\/www.miisoo.com\/es\/shipping-guide\/\" \/>\n<meta property=\"og:site_name\" content=\"MiisooDoll\" \/>\n<meta property=\"article:publisher\" content=\"https:\/\/www.facebook.com\/miisoodoll\" \/>\n<meta property=\"article:modified_time\" content=\"2023-12-22T12:05:14+00:00\" \/>\n<meta property=\"og:image\" content=\"https:\/\/www.miisoo.com\/wp-content\/uploads\/2020\/12\/banner-sex-doll-1.jpg\" \/>\n<meta name=\"twitter:card\" content=\"summary_large_image\" \/>\n<meta name=\"twitter:site\" content=\"@MiisooSexDolls\" \/>\n<meta name=\"twitter:label1\" content=\"Tiempo de lectura\" \/>\n\t<meta name=\"twitter:data1\" content=\"3 minutos\" \/>\n<!-- \/ Yoast SEO Premium plugin. -->","yoast_head_json":{"title":"MiisooDoll Shipping Guide | Seamless Delivery | MiisooDoll","description":"Navigate hassle-free with MiisooDoll's Shipping Guide. Enjoy seamless delivery, ensuring your satisfaction. Shop confidently with MiisooDoll today!","robots":{"index":"index","follow":"follow","max-snippet":"max-snippet:-1","max-image-preview":"max-image-preview:large","max-video-preview":"max-video-preview:-1"},"canonical":"https:\/\/www.miisoo.com\/es\/shipping-guide\/","og_locale":"es_ES","og_type":"article","og_title":"Shipping Guide","og_description":"Navigate hassle-free with MiisooDoll's Shipping Guide. Enjoy seamless delivery, ensuring your satisfaction. Shop confidently with MiisooDoll today!","og_url":"https:\/\/www.miisoo.com\/es\/shipping-guide\/","og_site_name":"MiisooDoll","article_publisher":"https:\/\/www.facebook.com\/miisoodoll","article_modified_time":"2023-12-22T12:05:14+00:00","og_image":[{"url":"https:\/\/www.miisoo.com\/wp-content\/uploads\/2020\/12\/banner-sex-doll-1.jpg"}],"twitter_card":"summary_large_image","twitter_site":"@MiisooSexDolls","twitter_misc":{"Tiempo de lectura":"3 minutos"},"schema":{"@context":"https:\/\/schema.org","@graph":[{"@type":"WebPage","@id":"https:\/\/www.miisoo.com\/shipping-guide\/","url":"https:\/\/www.miisoo.com\/shipping-guide\/","name":"MiisooDoll Shipping Guide | Seamless Delivery | MiisooDoll","isPartOf":{"@id":"https:\/\/www.miisoo.com\/#website"},"primaryImageOfPage":{"@id":"https:\/\/www.miisoo.com\/shipping-guide\/#primaryimage"},"image":{"@id":"https:\/\/www.miisoo.com\/shipping-guide\/#primaryimage"},"thumbnailUrl":"https:\/\/www.miisoo.com\/wp-content\/uploads\/2020\/12\/banner-sex-doll-1.jpg","datePublished":"2020-09-14T07:08:14+00:00","dateModified":"2023-12-22T12:05:14+00:00","description":"Navigate hassle-free with MiisooDoll's Shipping Guide. Enjoy seamless delivery, ensuring your satisfaction. Shop confidently with MiisooDoll today!","breadcrumb":{"@id":"https:\/\/www.miisoo.com\/shipping-guide\/#breadcrumb"},"inLanguage":"es","potentialAction":[{"@type":"ReadAction","target":["https:\/\/www.miisoo.com\/shipping-guide\/"]}]},{"@type":"ImageObject","inLanguage":"es","@id":"https:\/\/www.miisoo.com\/shipping-guide\/#primaryimage","url":"https:\/\/www.miisoo.com\/wp-content\/uploads\/2020\/12\/banner-sex-doll-1.jpg","contentUrl":"https:\/\/www.miisoo.com\/wp-content\/uploads\/2020\/12\/banner-sex-doll-1.jpg"},{"@type":"BreadcrumbList","@id":"https:\/\/www.miisoo.com\/shipping-guide\/#breadcrumb","itemListElement":[{"@type":"ListItem","position":1,"name":"Home","item":"https:\/\/www.miisoo.com\/"},{"@type":"ListItem","position":2,"name":"Shipping Guide"}]},{"@type":"WebSite","@id":"https:\/\/www.miisoo.com\/#website","url":"https:\/\/www.miisoo.com\/","name":"MiisooDoll","description":"Sexual Doll, Real Sex Dolls, Love Doll, Best Sex Dolls","publisher":{"@id":"https:\/\/www.miisoo.com\/#organization"},"potentialAction":[{"@type":"SearchAction","target":{"@type":"EntryPoint","urlTemplate":"https:\/\/www.miisoo.com\/?s={search_term_string}"},"query-input":"required name=search_term_string"}],"inLanguage":"es"},{"@type":"Organization","@id":"https:\/\/www.miisoo.com\/#organization","name":"MiisooDoll","url":"https:\/\/www.miisoo.com\/","logo":{"@type":"ImageObject","inLanguage":"es","@id":"https:\/\/www.miisoo.com\/#\/schema\/logo\/image\/","url":"https:\/\/www.miisoo.com\/wp-content\/uploads\/2020\/09\/logo-botton.png","contentUrl":"https:\/\/www.miisoo.com\/wp-content\/uploads\/2020\/09\/logo-botton.png","width":181,"height":42,"caption":"MiisooDoll"},"image":{"@id":"https:\/\/www.miisoo.com\/#\/schema\/logo\/image\/"},"sameAs":["https:\/\/www.facebook.com\/miisoodoll","https:\/\/x.com\/MiisooSexDolls"]}]}},"_links":{"self":[{"href":"https:\/\/www.miisoo.com\/es\/wp-json\/wp\/v2\/pages\/4349","targetHints":{"allow":["GET"]}}],"collection":[{"href":"https:\/\/www.miisoo.com\/es\/wp-json\/wp\/v2\/pages"}],"about":[{"href":"https:\/\/www.miisoo.com\/es\/wp-json\/wp\/v2\/types\/page"}],"author":[{"embeddable":true,"href":"https:\/\/www.miisoo.com\/es\/wp-json\/wp\/v2\/users\/455"}],"replies":[{"embeddable":true,"href":"https:\/\/www.miisoo.com\/es\/wp-json\/wp\/v2\/comments?post=4349"}],"version-history":[{"count":1,"href":"https:\/\/www.miisoo.com\/es\/wp-json\/wp\/v2\/pages\/4349\/revisions"}],"predecessor-version":[{"id":34669,"href":"https:\/\/www.miisoo.com\/es\/wp-json\/wp\/v2\/pages\/4349\/revisions\/34669"}],"wp:attachment":[{"href":"https:\/\/www.miisoo.com\/es\/wp-json\/wp\/v2\/media?parent=4349"}],"curies":[{"name":"wp","href":"https:\/\/api.w.org\/{rel}","templated":true}]}}