{"id":21906,"date":"2022-01-25T17:17:49","date_gmt":"2022-01-25T09:17:49","guid":{"rendered":"https:\/\/www.miisoo.com\/?page_id=21906"},"modified":"2024-08-17T12:51:08","modified_gmt":"2024-08-17T04:51:08","slug":"more-sex-sites","status":"publish","type":"page","link":"https:\/\/www.miisoo.com\/es\/more-sex-sites\/","title":{"rendered":"M\u00e1s sitios de sexo"},"content":{"rendered":"<div data-elementor-type=\"page\" data-elementor-id=\"21903\" class=\"elementor elementor-21903\" data-elementor-post-type=\"elementor_library\">\n\t\t\t\t\t\t<section class=\"elementor-section elementor-top-section elementor-element elementor-element-50a3008b elementor-section-boxed elementor-section-height-default elementor-section-height-default\" data-id=\"50a3008b\" data-element_type=\"section\">\n\t\t\t\t\t\t<div class=\"elementor-container elementor-column-gap-default\">\n\t\t\t\t\t<div class=\"elementor-column elementor-col-100 elementor-top-column elementor-element elementor-element-68e2b07\" data-id=\"68e2b07\" data-element_type=\"column\">\n\t\t\t<div class=\"elementor-widget-wrap elementor-element-populated\">\n\t\t\t\t\t\t<div class=\"elementor-element elementor-element-1efbc1b2 elementor-widget elementor-widget-text-editor\" data-id=\"1efbc1b2\" data-element_type=\"widget\" data-widget_type=\"text-editor.default\">\n\t\t\t\t<div class=\"elementor-widget-container\">\n\t\t\t\t\t\t\t\t\t<p>Si nuestras mu\u00f1ecas no son adecuadas para ti, puedes encontrar m\u00e1s mu\u00f1ecas a trav\u00e9s de algunos sitios de mu\u00f1ecas sexuales. Contar\u00e1n los centros comerciales de juguetes sexuales m\u00e1s populares en Internet y realizar\u00e1n clasificaciones basadas en las opiniones de los usuarios y los factores de precio. No tiene que gastar m\u00e1s energ\u00eda para encontrar estos sitios, proporcionamos los siguientes sitios de mu\u00f1ecas sexuales.<\/p>\t\t\t\t\t\t\t\t<\/div>\n\t\t\t\t<\/div>\n\t\t\t\t<div class=\"elementor-element elementor-element-40b4b24f elementor-widget elementor-widget-text-editor\" data-id=\"40b4b24f\" data-element_type=\"widget\" data-widget_type=\"text-editor.default\">\n\t\t\t\t<div class=\"elementor-widget-container\">\n\t\t\t\t\t\t\t\t\t<ul><li><span style=\"color: red;\"><a href=\"https:\/\/sexdollxxx.com\/\">Mini mu\u00f1eca sexual<\/a>:<\/span> Mu\u00f1eca sexual perfectamente hecha de TPE y material de silicona. Somos la compa\u00f1\u00eda de mu\u00f1ecas sexuales m\u00e1s confiable porque ofrecemos mu\u00f1ecas de amor suaves y seguras de alta calidad y mu\u00f1ecas sexuales s\u00faper TPE a nuestros clientes. \u00a1Entrega garantizada y env\u00edo gratis!<\/li><li><a href=\"https:\/\/pornsites.xxx\/\" target=\"_blank\" rel=\"noopener\"><span style=\"color: red;\">Rese\u00f1as de sitios pornogr\u00e1ficos:<\/span><\/a> Sitios pornogr\u00e1ficos es simplemente la lista de los mejores sitios pornogr\u00e1ficos y sitios de juguetes sexuales. \u00a1Encuentre rese\u00f1as XXX y clasificaciones honestas de las sexcams, tubes, VR y toneladas de sitios gratuitos m\u00e1s populares!<\/li><li><a href=\"https:\/\/utengrense.com\/\" target=\"_blank\" rel=\"noopener\"><span style=\"color: red;\">Utengrense.com:<\/span><\/a> Tenemos nuestro sex shop en l\u00ednea en Noruega y estamos interesados en vender art\u00edculos de alta calidad a buen precio a nuestros clientes, como juguetes sexuales y lencer\u00eda sexy.<\/li><li><a href=\"https:\/\/www.pincelebs.net\/\" target=\"_blank\" rel=\"noopener\"><span style=\"color: red;\">Pin celebridades:<\/span><\/a> Im\u00e1genes desnudas, desnudas, en topless, sexys y transparentes de actrices, cantantes, modelos y personalidades de la televisi\u00f3n famosas.<\/li><li><a href=\"https:\/\/www.youpornlist.com\/\" target=\"_blank\" rel=\"noopener\"><span style=\"color: red;\">Youpornlist.com: <\/span><\/a>YouPornList es una selecci\u00f3n de los mejores sitios pornogr\u00e1ficos por categor\u00edas. Cada sitio ha sido seleccionado despu\u00e9s de un largo y riguroso an\u00e1lisis de nuestros expertos en trabajos manuales.<\/li><li><a href=\"https:\/\/www.porninspector.com\/\" target=\"_blank\" rel=\"noopener\"><span style=\"color: red;\">Porninspector.com:<\/span><\/a> Porn Inspector tiene muchas rese\u00f1as porno de algunos de los sitios web para adultos m\u00e1s prometedores. Siempre damos nuestra opini\u00f3n m\u00e1s honesta e imparcial. Cada art\u00edculo incluir\u00e1 numerosas im\u00e1genes y muestras de video tomadas directamente del \u00e1rea de miembros de ese sitio, lo que le dar\u00e1 la oportunidad de ver exactamente lo que se ofrece antes de decidirse a comprar.<\/li><li><a href=\"http:\/\/hentai-gamer.com\/\" target=\"_blank\" rel=\"noopener\"><span style=\"color: red;\">hentai-jugador:<\/span><\/a> Hentai-Gamer.com es el mejor sitio web para juegos Hentai gratuitos 100%. \u00a1As\u00ed que adelante y juega juegos flash hentai ahora!<\/li><li><a href=\"https:\/\/sexdollpornhd.com\/\" target=\"_blank\" rel=\"noopener\"><span style=\"color: red;\">sexo mu\u00f1eca porno hd: <\/span><\/a>\u00a1Mira los videos porno de mu\u00f1ecas sexuales en SexDollPornHD.com para que puedas ver a tu mu\u00f1eca de amor en acci\u00f3n antes de comprarla!<\/li><li><a href=\"https:\/\/www.thesafeporn.com\/\" target=\"_blank\" rel=\"noopener\"><span style=\"color: red;\">Porno seguro: <\/span><\/a>en thesafeporn.com encontrar\u00e1 miles de sitios pornogr\u00e1ficos, seleccionados por su calidad y seguridad, para cada sitio una revisi\u00f3n que lo ayudar\u00e1 en su elecci\u00f3n.<\/li><li><a href=\"https:\/\/allpornsites.net\/\" target=\"_blank\" rel=\"noopener\"><span style=\"color: red;\">Allpornsites.net:<\/span><\/a> En todos los sitios pornogr\u00e1ficos, encontrar\u00e1 la selecci\u00f3n m\u00e1s grande de sitios pornogr\u00e1ficos en el universo que se actualiza regularmente casi todos los d\u00edas con nuevos sitios pornogr\u00e1ficos de cualquier nicho.<\/li><li><a href=\"https:\/\/www.sexdollslove.com\/\" target=\"_blank\" rel=\"noopener\"><span style=\"color: red;\">SexDollsLove.com: <\/span><\/a>Listas de las mejores mu\u00f1ecas sexuales y torsos de amor. \u00a1Encuentra las gu\u00edas y clasificaciones honestas de las mu\u00f1ecas de amor m\u00e1s populares hoy!<\/li><li><a href=\"https:\/\/hotpornbible.com\/\" target=\"_blank\" rel=\"noopener\"><span style=\"color: red;\">Lista de sitios porno calientes:<\/span><\/a>\u00a1Hot Porn Bible tiene los sitios porno m\u00e1s atractivos del mundo! Tenemos los sitios web xxx para adultos gratuitos y premium mejor calificados en cada categor\u00eda.<\/li><li><a href=\"https:\/\/www.mrpinks.com\/\" target=\"_blank\" rel=\"noopener\"><span style=\"color: red;\">Rese\u00f1as porno:<\/span><\/a> Mr. Pink&#039;s Porn Reviews es su sitio confiable de revisi\u00f3n de pornograf\u00eda para revisiones honestas de sitios para adultos, pornograf\u00eda con descuento y los mejores sitios de pornograf\u00eda.<\/li><li><a href=\"https:\/\/richobo.com\/\" target=\"_blank\" rel=\"noopener\"><span style=\"color: red;\">Anuncios Clasificados y Gu\u00eda de Escorts | ricobo: <\/span><\/a>Lista de noticias de entretenimiento de clasificados adultos internacionales Richobo \/ escorts \/ eventos \/ strippers \/ servicios para adultos \/ xguide \/ modelos \/ masajes \/ autos de lujo<\/li><li><a href=\"https:\/\/uncams.com\/\" target=\"_blank\" rel=\"noopener\"><span style=\"color: red;\">C\u00e1maras de la ONU:<\/span><\/a> \u00a1Mira c\u00e1maras en vivo ahora! No es necesario registrarse: 100% Chat gratuito para adultos sin censura. Comience a chatear con aficionados, exhibicionistas, estrellas porno con video y audio HD.<\/li><li><a href=\"https:\/\/jerkdude.com\"><span style=\"color: #ff0000;\">pez escolta <\/span><\/a>- Visite jerkdude y encuentre los sitios pornogr\u00e1ficos mejor clasificados.<\/li><\/ul>\t\t\t\t\t\t\t\t<\/div>\n\t\t\t\t<\/div>\n\t\t\t\t\t<\/div>\n\t\t<\/div>\n\t\t\t\t\t<\/div>\n\t\t<\/section>\n\t\t\t\t<section class=\"elementor-section elementor-top-section elementor-element elementor-element-9bead22 elementor-section-boxed elementor-section-height-default elementor-section-height-default\" data-id=\"9bead22\" data-element_type=\"section\">\n\t\t\t\t\t\t<div class=\"elementor-container elementor-column-gap-default\">\n\t\t\t\t\t<div class=\"elementor-column elementor-col-100 elementor-top-column elementor-element elementor-element-335e664e\" data-id=\"335e664e\" data-element_type=\"column\">\n\t\t\t<div class=\"elementor-widget-wrap elementor-element-populated\">\n\t\t\t\t\t\t<div class=\"elementor-element elementor-element-156cce51 elementor-widget elementor-widget-spacer\" data-id=\"156cce51\" data-element_type=\"widget\" data-widget_type=\"spacer.default\">\n\t\t\t\t<div class=\"elementor-widget-container\">\n\t\t\t\t\t\t\t<div class=\"elementor-spacer\">\n\t\t\t<div class=\"elementor-spacer-inner\"><\/div>\n\t\t<\/div>\n\t\t\t\t\t\t<\/div>\n\t\t\t\t<\/div>\n\t\t\t\t\t<\/div>\n\t\t<\/div>\n\t\t\t\t\t<\/div>\n\t\t<\/section>\n\t\t\t\t<\/div>","protected":false},"excerpt":{"rendered":"","protected":false},"author":455,"featured_media":0,"parent":0,"menu_order":0,"comment_status":"closed","ping_status":"closed","template":"","meta":{"footnotes":""},"class_list":["post-21906","page","type-page","status-publish","hentry"],"yoast_head":"<!-- This site is optimized with the Yoast SEO Premium plugin v22.6 (Yoast SEO v22.9) - https:\/\/yoast.com\/wordpress\/plugins\/seo\/ -->\n<title>Explore More Product | Miisoo Sex Sites | Miisoodoll<\/title>\n<meta name=\"description\" content=\"Dive into an expansive selection at Miisoo Sex Sites. Explore diverse products for a heightened intimate experience. Your satisfaction, our priority at MiisooDoll.\" \/>\n<meta name=\"robots\" content=\"index, follow, max-snippet:-1, max-image-preview:large, max-video-preview:-1\" \/>\n<link rel=\"canonical\" href=\"https:\/\/www.miisoo.com\/es\/more-sex-sites\/\" \/>\n<meta property=\"og:locale\" content=\"es_ES\" \/>\n<meta property=\"og:type\" content=\"article\" \/>\n<meta property=\"og:title\" content=\"More Sex Sites\" \/>\n<meta property=\"og:description\" content=\"Dive into an expansive selection at Miisoo Sex Sites. Explore diverse products for a heightened intimate experience. Your satisfaction, our priority at MiisooDoll.\" \/>\n<meta property=\"og:url\" content=\"https:\/\/www.miisoo.com\/es\/more-sex-sites\/\" \/>\n<meta property=\"og:site_name\" content=\"MiisooDoll\" \/>\n<meta property=\"article:publisher\" content=\"https:\/\/www.facebook.com\/miisoodoll\" \/>\n<meta property=\"article:modified_time\" content=\"2024-08-17T04:51:08+00:00\" \/>\n<meta name=\"twitter:card\" content=\"summary_large_image\" \/>\n<meta name=\"twitter:site\" content=\"@MiisooSexDolls\" \/>\n<meta name=\"twitter:label1\" content=\"Tiempo de lectura\" \/>\n\t<meta name=\"twitter:data1\" content=\"1 minuto\" \/>\n<!-- \/ Yoast SEO Premium plugin. -->","yoast_head_json":{"title":"Explore More Product | Miisoo Sex Sites | Miisoodoll","description":"Dive into an expansive selection at Miisoo Sex Sites. Explore diverse products for a heightened intimate experience. Your satisfaction, our priority at MiisooDoll.","robots":{"index":"index","follow":"follow","max-snippet":"max-snippet:-1","max-image-preview":"max-image-preview:large","max-video-preview":"max-video-preview:-1"},"canonical":"https:\/\/www.miisoo.com\/es\/more-sex-sites\/","og_locale":"es_ES","og_type":"article","og_title":"More Sex Sites","og_description":"Dive into an expansive selection at Miisoo Sex Sites. Explore diverse products for a heightened intimate experience. Your satisfaction, our priority at MiisooDoll.","og_url":"https:\/\/www.miisoo.com\/es\/more-sex-sites\/","og_site_name":"MiisooDoll","article_publisher":"https:\/\/www.facebook.com\/miisoodoll","article_modified_time":"2024-08-17T04:51:08+00:00","twitter_card":"summary_large_image","twitter_site":"@MiisooSexDolls","twitter_misc":{"Tiempo de lectura":"1 minuto"},"schema":{"@context":"https:\/\/schema.org","@graph":[{"@type":"WebPage","@id":"https:\/\/www.miisoo.com\/more-sex-sites\/","url":"https:\/\/www.miisoo.com\/more-sex-sites\/","name":"Explore More Product | Miisoo Sex Sites | Miisoodoll","isPartOf":{"@id":"https:\/\/www.miisoo.com\/#website"},"datePublished":"2022-01-25T09:17:49+00:00","dateModified":"2024-08-17T04:51:08+00:00","description":"Dive into an expansive selection at Miisoo Sex Sites. Explore diverse products for a heightened intimate experience. Your satisfaction, our priority at MiisooDoll.","breadcrumb":{"@id":"https:\/\/www.miisoo.com\/more-sex-sites\/#breadcrumb"},"inLanguage":"es","potentialAction":[{"@type":"ReadAction","target":["https:\/\/www.miisoo.com\/more-sex-sites\/"]}]},{"@type":"BreadcrumbList","@id":"https:\/\/www.miisoo.com\/more-sex-sites\/#breadcrumb","itemListElement":[{"@type":"ListItem","position":1,"name":"Home","item":"https:\/\/www.miisoo.com\/"},{"@type":"ListItem","position":2,"name":"More Sex Sites"}]},{"@type":"WebSite","@id":"https:\/\/www.miisoo.com\/#website","url":"https:\/\/www.miisoo.com\/","name":"MiisooDoll","description":"Sexual Doll, Real Sex Dolls, Love Doll, Best Sex Dolls","publisher":{"@id":"https:\/\/www.miisoo.com\/#organization"},"potentialAction":[{"@type":"SearchAction","target":{"@type":"EntryPoint","urlTemplate":"https:\/\/www.miisoo.com\/?s={search_term_string}"},"query-input":"required name=search_term_string"}],"inLanguage":"es"},{"@type":"Organization","@id":"https:\/\/www.miisoo.com\/#organization","name":"MiisooDoll","url":"https:\/\/www.miisoo.com\/","logo":{"@type":"ImageObject","inLanguage":"es","@id":"https:\/\/www.miisoo.com\/#\/schema\/logo\/image\/","url":"https:\/\/www.miisoo.com\/wp-content\/uploads\/2020\/09\/logo-botton.png","contentUrl":"https:\/\/www.miisoo.com\/wp-content\/uploads\/2020\/09\/logo-botton.png","width":181,"height":42,"caption":"MiisooDoll"},"image":{"@id":"https:\/\/www.miisoo.com\/#\/schema\/logo\/image\/"},"sameAs":["https:\/\/www.facebook.com\/miisoodoll","https:\/\/x.com\/MiisooSexDolls"]}]}},"_links":{"self":[{"href":"https:\/\/www.miisoo.com\/es\/wp-json\/wp\/v2\/pages\/21906","targetHints":{"allow":["GET"]}}],"collection":[{"href":"https:\/\/www.miisoo.com\/es\/wp-json\/wp\/v2\/pages"}],"about":[{"href":"https:\/\/www.miisoo.com\/es\/wp-json\/wp\/v2\/types\/page"}],"author":[{"embeddable":true,"href":"https:\/\/www.miisoo.com\/es\/wp-json\/wp\/v2\/users\/455"}],"replies":[{"embeddable":true,"href":"https:\/\/www.miisoo.com\/es\/wp-json\/wp\/v2\/comments?post=21906"}],"version-history":[{"count":1,"href":"https:\/\/www.miisoo.com\/es\/wp-json\/wp\/v2\/pages\/21906\/revisions"}],"predecessor-version":[{"id":21908,"href":"https:\/\/www.miisoo.com\/es\/wp-json\/wp\/v2\/pages\/21906\/revisions\/21908"}],"wp:attachment":[{"href":"https:\/\/www.miisoo.com\/es\/wp-json\/wp\/v2\/media?parent=21906"}],"curies":[{"name":"wp","href":"https:\/\/api.w.org\/{rel}","templated":true}]}}