{"id":21341,"date":"2022-01-06T11:29:37","date_gmt":"2022-01-06T03:29:37","guid":{"rendered":"https:\/\/www.miisoo.com\/?post_type=product&#038;p=21341"},"modified":"2022-01-07T16:35:29","modified_gmt":"2022-01-07T08:35:29","slug":"life-size-men-sex-dolls-for-women","status":"publish","type":"product","link":"https:\/\/www.miisoo.com\/de\/product\/life-size-men-sex-dolls-for-women\/","title":{"rendered":"Patrick \u2013 170 cm lebensgro\u00dfe M\u00e4nner-Sexpuppen f\u00fcr Frauen"},"content":{"rendered":"<p>Genau wie M\u00e4nner-Sexpuppen f\u00fcr Frauen sucht diese Puppe nach einem <a href=\"https:\/\/www.miisoo.com\/de\/produkt-kategorie\/brown-hair-dolls\/\">Partner zu<\/a> seine Zeit beanspruchen. Diese lebensgro\u00dfe m\u00e4nnliche Puppe ist ein schwules Fickpuppen-Zuckerbaby. Er ist ein Student, der sein gutes Aussehen nutzt, um M\u00f6glichkeiten zu finden, die ihm helfen, den Alltag zu meistern. Da er seine Geb\u00fchren nicht bezahlen konnte, startete er ein privates Peep-Show-Profil, in dem er jeweils ein Mannpuppenbild zeigt.<\/p>\n<p>Sexpuppen f\u00fcr M\u00e4nner wie diese braune m\u00e4nnliche Liebespuppe glauben an Gegenleistung. Er ist immer bereit f\u00fcr eine gute Zeit und hat keine Angst, sich sexuell zu unterwerfen, besonders wenn er bekommt, was er will.<\/p>\n<p>Die 170 cm gro\u00dfe Puppe liebt es, Eyeliner zu tragen, um ihn zu betonen <a href=\"https:\/\/www.pinterest.co.uk\/cheekyrhi\/hot-guys-with-lazy-eyes\/\">tr\u00e4ge Augen<\/a> und braune Haare. Sein kaum gewachsener Spitzbart und seine winzigen Lippen sind einige der Merkmale, die ihn zu einem Hingucker machen. Wer w\u00fcrde das bei so einem Gesicht nicht denken?<\/p>\n<p><span style=\"color: #000000; font-size: 16px; font-weight: 600;\">M\u00e4nner Sexpuppen f\u00fcr Frauen Messungen<\/span><\/p>\n<table style=\"border-collapse: collapse; width: 304.52pt;\" border=\"0\" width=\"406\" cellspacing=\"0\" cellpadding=\"0\">\n<tbody>\n<tr style=\"height: 28.00pt;\">\n<td class=\"et2\" style=\"height: 28.00pt; width: 124.50pt;\" width=\"166\" height=\"37\">Marke:<\/td>\n<td class=\"et2\" style=\"width: 180.00pt;\" width=\"240\">QITA-Puppe<\/td>\n<\/tr>\n<tr style=\"height: 28.00pt;\">\n<td class=\"et2\" style=\"height: 28.00pt;\" height=\"37\">H\u00f6he:<\/td>\n<td class=\"et2\">170cm m\u00e4nnliche TPE-Sexpuppe<\/td>\n<\/tr>\n<tr style=\"height: 28.00pt;\">\n<td class=\"et2\" style=\"height: 28.00pt;\" height=\"37\">B\u00fcste:<\/td>\n<td class=\"et2\">86cm<\/td>\n<\/tr>\n<tr style=\"height: 28.00pt;\">\n<td class=\"et2\" style=\"height: 28.00pt;\" height=\"37\">Taille:<\/td>\n<td class=\"et2\">71cm<\/td>\n<\/tr>\n<tr style=\"height: 28.00pt;\">\n<td class=\"et2\" style=\"height: 28.00pt;\" height=\"37\">H\u00fcften:<\/td>\n<td class=\"et2\">89cm<\/td>\n<\/tr>\n<tr style=\"height: 28.00pt;\">\n<td class=\"et2\" style=\"height: 28.00pt;\" height=\"37\">Arml\u00e4nge:<\/td>\n<td class=\"et2\">50cm<\/td>\n<\/tr>\n<tr style=\"height: 28.00pt;\">\n<td class=\"et2\" style=\"height: 28.00pt;\" height=\"37\">Fu\u00dfl\u00e4nge:<\/td>\n<td class=\"et2\">22cm<\/td>\n<\/tr>\n<tr style=\"height: 28.00pt;\">\n<td class=\"et2\" style=\"height: 28.00pt;\" height=\"37\">Schulterbreite:<\/td>\n<td class=\"et2\">44cm<\/td>\n<\/tr>\n<tr style=\"height: 28.00pt;\">\n<td class=\"et2\" style=\"height: 28.00pt;\" height=\"37\">Gewicht:<\/td>\n<td class=\"et2\">53kg<\/td>\n<\/tr>\n<tr style=\"height: 28.00pt;\">\n<td class=\"et2\" style=\"height: 28.00pt;\" height=\"37\">Penisl\u00e4nge:<\/td>\n<td class=\"et2\">15cm<\/td>\n<\/tr>\n<tr style=\"height: 28.00pt;\">\n<td class=\"et2\" style=\"height: 28.00pt;\" height=\"37\">Orale Tiefe:<\/td>\n<td class=\"et2\">N \/ A<\/td>\n<\/tr>\n<tr style=\"height: 28.00pt;\">\n<td class=\"et2\" style=\"height: 28.00pt;\" height=\"37\">Anale Tiefe:<\/td>\n<td class=\"et2\">20 cm<\/td>\n<\/tr>\n<\/tbody>\n<\/table>","protected":false},"excerpt":{"rendered":"<div data-elementor-type=\"section\" data-elementor-id=\"10450\" class=\"elementor elementor-10450\" data-elementor-post-type=\"elementor_library\">\n<section class=\"elementor-section elementor-top-section elementor-element elementor-element-1ac4967 elementor-section-boxed elementor-section-height-default elementor-section-height-default\" data-id=\"1ac4967\" data-element_type=\"section\">\n<div class=\"elementor-container elementor-column-gap-default\">\n<div class=\"elementor-column elementor-col-100 elementor-top-column elementor-element elementor-element-bfbdbdf\" data-id=\"bfbdbdf\" data-element_type=\"column\">\n<div class=\"elementor-widget-wrap elementor-element-populated\">\n<div class=\"elementor-element elementor-element-e4dbd68 elementor-widget elementor-widget-text-editor\" data-id=\"e4dbd68\" data-element_type=\"widget\" data-widget_type=\"text-editor.default\">\n<div class=\"elementor-widget-container\">\n<ul>\n<li>Kostenloser Versand weltweit, diskreter Versand.<\/li>\n<li>100% Identisch mit den Bildern, sofern nicht angepasst.<\/li>\n<li>Die Preise beinhalten. MwSt. &amp; Zollgeb\u00fchren<\/li>\n<li>Kostenloser Versand, schnelle Versandoptionen auf der Checkout-Seite<\/li>\n<\/ul><\/div>\n<\/p><\/div>\n<\/p><\/div>\n<\/p><\/div>\n<\/p><\/div>\n<\/section><\/div>\n<div data-elementor-type=\"section\" data-elementor-id=\"10473\" class=\"elementor elementor-10473\" data-elementor-post-type=\"elementor_library\">\n<section class=\"elementor-section elementor-top-section elementor-element elementor-element-03d9b2a elementor-section-boxed elementor-section-height-default elementor-section-height-default\" data-id=\"03d9b2a\" data-element_type=\"section\">\n<div class=\"elementor-container elementor-column-gap-default\">\n<div class=\"elementor-column elementor-col-100 elementor-top-column elementor-element elementor-element-5081c52\" data-id=\"5081c52\" data-element_type=\"column\">\n<div class=\"elementor-widget-wrap elementor-element-populated\">\n<div class=\"elementor-element elementor-element-d2c17df elementor-widget elementor-widget-martfury-banner-small\" data-id=\"d2c17df\" data-element_type=\"widget\" data-widget_type=\"martfury-banner-small.default\">\n<div class=\"elementor-widget-container\">\n<div class=\"mf-elementor-banner-small\">\n<div class=\"banner-featured-image\"><\/div>\n<p>\t\t\t                <a class=\"link\" href=\"https:\/\/mso.aidoll-japan.com\"><\/a><\/p>\n<div class=\"banner-content\">\n<h2 class=\"banner-title\">1500 Mini-Liebespuppen<\/p>\n<p>sexdollxxx. com<\/h2>\n<div class=\"banner-desc\">\n<p>60cm, 80cm, 100cm,<\/p>\n<p>120 cm, 130 cm, 140 cm<\/p>\n<\/div>\n<div class=\"banner-price\"><span\n                                class=\"s-price\">sexdollxxx .com<\/span><\/div>\n<\/p><\/div>\n<\/p><\/div>\n<\/p><\/div>\n<\/p><\/div>\n<\/p><\/div>\n<\/p><\/div>\n<\/p><\/div>\n<\/section><\/div>","protected":false},"featured_media":21373,"comment_status":"open","ping_status":"closed","template":"","meta":[],"product_cat":[114,115,116,81],"product_tag":[],"class_list":{"0":"post-21341","1":"product","2":"type-product","3":"status-publish","4":"has-post-thumbnail","6":"product_cat-1500usd-2000usd-sex-doll","7":"product_cat-161cm-170cm-sex-dolls","8":"product_cat-male-sex-dolls","9":"product_cat-tpe-sex-dolls","10":"tm-no-options","12":"first","13":"instock","14":"sale","15":"shipping-taxable","16":"purchasable","17":"product-type-simple","18":"col-xs-6 col-sm-4","19":"col-md-3 col-lg-3","20":"un-4-cols"},"yoast_head":"<!-- This site is optimized with the Yoast SEO Premium plugin v22.6 (Yoast SEO v22.9) - https:\/\/yoast.com\/wordpress\/plugins\/seo\/ -->\n<title>Men Sex Dolls For Women - Life Size Male Love Doll - MiisooDoll<\/title>\n<meta name=\"description\" content=\"Just like men sex dolls for women, he\u00a0is looking for a partner to occupy his time.\u00a0This life size male love doll\u00a0is a gay fuck doll\" \/>\n<meta name=\"robots\" content=\"index, follow, max-snippet:-1, max-image-preview:large, max-video-preview:-1\" \/>\n<link rel=\"canonical\" href=\"https:\/\/www.miisoo.com\/de\/produkt\/life-size-men-sex-dolls-for-women\/\" \/>\n<meta property=\"og:locale\" content=\"de_DE\" \/>\n<meta property=\"og:type\" content=\"article\" \/>\n<meta property=\"og:title\" content=\"Patrick - 170cm Life Size Men Sex Dolls For Women\" \/>\n<meta property=\"og:description\" content=\"Just like men sex dolls for women, he\u00a0is looking for a partner to occupy his time.\u00a0This life size male love doll\u00a0is a gay fuck doll\" \/>\n<meta property=\"og:url\" content=\"https:\/\/www.miisoo.com\/de\/produkt\/life-size-men-sex-dolls-for-women\/\" \/>\n<meta property=\"og:site_name\" content=\"MiisooDoll\" \/>\n<meta property=\"article:publisher\" content=\"https:\/\/www.facebook.com\/miisoodoll\" \/>\n<meta property=\"article:modified_time\" content=\"2022-01-07T08:35:29+00:00\" \/>\n<meta property=\"og:image\" content=\"https:\/\/www.miisoo.com\/wp-content\/uploads\/2022\/01\/life-size-male-doll-2430.jpg\" \/>\n\t<meta property=\"og:image:width\" content=\"600\" \/>\n\t<meta property=\"og:image:height\" content=\"900\" \/>\n\t<meta property=\"og:image:type\" content=\"image\/jpeg\" \/>\n<meta name=\"twitter:card\" content=\"summary_large_image\" \/>\n<meta name=\"twitter:site\" content=\"@MiisooSexDolls\" \/>\n<meta name=\"twitter:label1\" content=\"Gesch\u00e4tzte Lesezeit\" \/>\n\t<meta name=\"twitter:data1\" content=\"1\u00a0Minute\" \/>\n<!-- \/ Yoast SEO Premium plugin. -->","yoast_head_json":{"title":"Men Sex Dolls For Women - Life Size Male Love Doll - MiisooDoll","description":"Just like men sex dolls for women, he\u00a0is looking for a partner to occupy his time.\u00a0This life size male love doll\u00a0is a gay fuck doll","robots":{"index":"index","follow":"follow","max-snippet":"max-snippet:-1","max-image-preview":"max-image-preview:large","max-video-preview":"max-video-preview:-1"},"canonical":"https:\/\/www.miisoo.com\/de\/produkt\/life-size-men-sex-dolls-for-women\/","og_locale":"de_DE","og_type":"article","og_title":"Patrick - 170cm Life Size Men Sex Dolls For Women","og_description":"Just like men sex dolls for women, he\u00a0is looking for a partner to occupy his time.\u00a0This life size male love doll\u00a0is a gay fuck doll","og_url":"https:\/\/www.miisoo.com\/de\/produkt\/life-size-men-sex-dolls-for-women\/","og_site_name":"MiisooDoll","article_publisher":"https:\/\/www.facebook.com\/miisoodoll","article_modified_time":"2022-01-07T08:35:29+00:00","og_image":[{"width":600,"height":900,"url":"https:\/\/www.miisoo.com\/wp-content\/uploads\/2022\/01\/life-size-male-doll-2430.jpg","type":"image\/jpeg"}],"twitter_card":"summary_large_image","twitter_site":"@MiisooSexDolls","twitter_misc":{"Gesch\u00e4tzte Lesezeit":"1\u00a0Minute"},"schema":{"@context":"https:\/\/schema.org","@graph":[{"@type":"WebPage","@id":"https:\/\/www.miisoo.com\/nl\/product\/life-size-men-sex-dolls-for-women\/","url":"https:\/\/www.miisoo.com\/nl\/product\/life-size-men-sex-dolls-for-women\/","name":"Men Sex Dolls For Women - Life Size Male Love Doll - MiisooDoll","isPartOf":{"@id":"https:\/\/www.miisoo.com\/#website"},"primaryImageOfPage":{"@id":"https:\/\/www.miisoo.com\/nl\/product\/life-size-men-sex-dolls-for-women\/#primaryimage"},"image":{"@id":"https:\/\/www.miisoo.com\/nl\/product\/life-size-men-sex-dolls-for-women\/#primaryimage"},"thumbnailUrl":"https:\/\/www.miisoo.com\/wp-content\/uploads\/2022\/01\/life-size-male-doll-2430.jpg","datePublished":"2022-01-06T03:29:37+00:00","dateModified":"2022-01-07T08:35:29+00:00","description":"Just like men sex dolls for women, he\u00a0is looking for a partner to occupy his time.\u00a0This life size male love doll\u00a0is a gay fuck doll","breadcrumb":{"@id":"https:\/\/www.miisoo.com\/nl\/product\/life-size-men-sex-dolls-for-women\/#breadcrumb"},"inLanguage":"de","potentialAction":[{"@type":"ReadAction","target":["https:\/\/www.miisoo.com\/nl\/product\/life-size-men-sex-dolls-for-women\/"]}]},{"@type":"ImageObject","inLanguage":"de","@id":"https:\/\/www.miisoo.com\/nl\/product\/life-size-men-sex-dolls-for-women\/#primaryimage","url":"https:\/\/www.miisoo.com\/wp-content\/uploads\/2022\/01\/life-size-male-doll-2430.jpg","contentUrl":"https:\/\/www.miisoo.com\/wp-content\/uploads\/2022\/01\/life-size-male-doll-2430.jpg","width":600,"height":900,"caption":"Patrick \u2013 170cm Life Size Men Sex Dolls For Women"},{"@type":"BreadcrumbList","@id":"https:\/\/www.miisoo.com\/nl\/product\/life-size-men-sex-dolls-for-women\/#breadcrumb","itemListElement":[{"@type":"ListItem","position":1,"name":"Home","item":"https:\/\/www.miisoo.com\/"},{"@type":"ListItem","position":2,"name":"Sex Doll Shop","item":"https:\/\/www.miisoo.com\/shop\/"},{"@type":"ListItem","position":3,"name":"Patrick &#8211; 170cm Life Size Men Sex Dolls For Women"}]},{"@type":"WebSite","@id":"https:\/\/www.miisoo.com\/#website","url":"https:\/\/www.miisoo.com\/","name":"MiisooDoll","description":"Sexual Doll, Real Sex Dolls, Love Doll, Best Sex Dolls","publisher":{"@id":"https:\/\/www.miisoo.com\/#organization"},"potentialAction":[{"@type":"SearchAction","target":{"@type":"EntryPoint","urlTemplate":"https:\/\/www.miisoo.com\/?s={search_term_string}"},"query-input":"required name=search_term_string"}],"inLanguage":"de"},{"@type":"Organization","@id":"https:\/\/www.miisoo.com\/#organization","name":"MiisooDoll","url":"https:\/\/www.miisoo.com\/","logo":{"@type":"ImageObject","inLanguage":"de","@id":"https:\/\/www.miisoo.com\/#\/schema\/logo\/image\/","url":"https:\/\/www.miisoo.com\/wp-content\/uploads\/2020\/09\/logo-botton.png","contentUrl":"https:\/\/www.miisoo.com\/wp-content\/uploads\/2020\/09\/logo-botton.png","width":181,"height":42,"caption":"MiisooDoll"},"image":{"@id":"https:\/\/www.miisoo.com\/#\/schema\/logo\/image\/"},"sameAs":["https:\/\/www.facebook.com\/miisoodoll","https:\/\/x.com\/MiisooSexDolls"]}]}},"_links":{"self":[{"href":"https:\/\/www.miisoo.com\/de\/wp-json\/wp\/v2\/product\/21341","targetHints":{"allow":["GET"]}}],"collection":[{"href":"https:\/\/www.miisoo.com\/de\/wp-json\/wp\/v2\/product"}],"about":[{"href":"https:\/\/www.miisoo.com\/de\/wp-json\/wp\/v2\/types\/product"}],"replies":[{"embeddable":true,"href":"https:\/\/www.miisoo.com\/de\/wp-json\/wp\/v2\/comments?post=21341"}],"version-history":[{"count":3,"href":"https:\/\/www.miisoo.com\/de\/wp-json\/wp\/v2\/product\/21341\/revisions"}],"predecessor-version":[{"id":21613,"href":"https:\/\/www.miisoo.com\/de\/wp-json\/wp\/v2\/product\/21341\/revisions\/21613"}],"wp:featuredmedia":[{"embeddable":true,"href":"https:\/\/www.miisoo.com\/de\/wp-json\/wp\/v2\/media\/21373"}],"wp:attachment":[{"href":"https:\/\/www.miisoo.com\/de\/wp-json\/wp\/v2\/media?parent=21341"}],"wp:term":[{"taxonomy":"product_cat","embeddable":true,"href":"https:\/\/www.miisoo.com\/de\/wp-json\/wp\/v2\/product_cat?post=21341"},{"taxonomy":"product_tag","embeddable":true,"href":"https:\/\/www.miisoo.com\/de\/wp-json\/wp\/v2\/product_tag?post=21341"}],"curies":[{"name":"wp","href":"https:\/\/api.w.org\/{rel}","templated":true}]}}